{"id":162,"date":"2021-05-20T14:49:07","date_gmt":"2021-05-20T12:49:07","guid":{"rendered":"https:\/\/www.e-powersport.eu\/?page_id=162"},"modified":"2022-10-28T16:49:33","modified_gmt":"2022-10-28T14:49:33","slug":"algemene-voorwaarden","status":"publish","type":"page","link":"https:\/\/www.torq.nl\/de\/home\/algemene-voorwaarden\/","title":{"rendered":"Gesch\u00e4ftsbedingungen"},"content":{"rendered":"<h1>Gesch\u00e4ftsbedingungen<\/h1>\n<p>Biene <strong>TORQ Benelux<\/strong> und <strong>TORQ Europa<\/strong> Wir sind Ihrer vollsten Zufriedenheit verpflichtet. Wenn Sie Anregungen oder Kommentare haben, z\u00f6gern Sie bitte nicht, uns zu kontaktieren. Am schnellsten erreichen Sie uns \u00fcber info@e-powersport.eu.<\/p>\n<h2>Lieferzeit<\/h2>\n<p>Wir sind bestrebt, alle heute aufgegebenen Bestellungen am n\u00e4chsten Tag zu versenden, vorbehaltlich der Verf\u00fcgbarkeit. Bitte beachten Sie, dass alle Bestellungen, die an einem Wochenende oder Feiertag aufgegeben werden, am n\u00e4chsten verf\u00fcgbaren Werktag bearbeitet und versendet werden. W\u00e4hrend Sto\u00dfzeiten\/Perioden k\u00f6nnen die Lieferzeiten l\u00e4nger dauern.<\/p>\n<h2>MwSt<\/h2>\n<p>9% oder 21% Mehrwertsteuer wurde allen Produkten hinzugef\u00fcgt, wo zutreffend.<\/p>\n<h2>Garantie<\/h2>\n<p>Ihre Zufriedenheit mit unseren Produkten ist uns wichtig. Alle unsere Produkte werden mit einer 30-t\u00e4gigen Garantie geliefert (weitere Informationen finden Sie in unserer \u201eR\u00fcckgaberichtlinie\u201c). Wenn Sie aus irgendeinem Grund mit Ihrem Kauf nicht zufrieden sind, senden Sie Ihr(e) Produkt(e) bitte im Originalzustand zur\u00fcck und Sie erhalten eine R\u00fcckerstattung.<\/p>\n<h2>Zug\u00e4nglich<\/h2>\n<p>Wenn Sie uns erreichen m\u00f6chten, senden Sie uns bitte eine E-Mail an info@e-powersport.eu. Sie k\u00f6nnen auch +31(0)6 15890250 anrufen.<\/p>\n<h2>Datenschutz-Bestimmungen<\/h2>\n<p>TORQ gibt K\u00e4uferinformationen nicht an Dritte weiter. Auf dieser Einkaufsseite werden Cookies verwendet, um den Inhalt Ihres Einkaufswagens nachzuverfolgen, nachdem Sie einen Artikel ausgew\u00e4hlt haben, um Lieferadressen zu speichern, wenn das Adressbuch verwendet wird, und um Ihre Informationen zu speichern, wenn Sie die Option \u201eMerken\u201c ausw\u00e4hlen.<\/p>\n<h2>R\u00fccknahmegarantie<\/h2>\n<p>Die Garantie von TORQ bedeutet, dass Sie, wenn Sie aus irgendeinem Grund mit Ihrem Kauf nicht zufrieden sind, ihn innerhalb von 30 Tagen nach Erhalt des Artikels im Originalzustand an uns zur\u00fccksenden k\u00f6nnen. Senden Sie die Artikel unge\u00f6ffnet (mit intakten Siegeln und Schrumpffolie) und wir erstatten Ihnen den Preis, den Sie f\u00fcr die Artikel bezahlt haben, vollst\u00e4ndig zur\u00fcck. Bitte beachten Sie, dass wir Ihnen nur unge\u00f6ffnete und unbenutzte Artikel zur\u00fcckerstatten k\u00f6nnen. Fehlende oder gebrauchte Artikel werden weiterhin in Rechnung gestellt.<\/p>\n<p>Wir \u00fcbernehmen auch keine Verantwortung f\u00fcr die Kosten Ihrer R\u00fccksendung, es sei denn, die Artikel sind fehlerhaft und eindeutig nicht \u201ewie beschrieben\u201c oder \u201ef\u00fcr den Zweck geeignet\u201c. Wir empfehlen Ihnen, defekte \/ unerw\u00fcnschte Artikel per garantiertem Einschreiben zur\u00fcckzusenden. Wir k\u00f6nnen keine Verantwortung f\u00fcr zur\u00fcckgegebene Artikel \u00fcbernehmen, die auf dem Postweg verloren gehen.<\/p>\n<h2>Versenden<\/h2>\n<p>Wir bieten KOSTENLOSEN Versand f\u00fcr Bestellungen ab 100 \u20ac exkl. MwSt. und Rabatten.<\/p>\n<h2>Anwendbares Recht<\/h2>\n<p>Auf die von uns abgegebenen Angebote und alle von uns geschlossenen Vertr\u00e4ge findet ausschlie\u00dflich niederl\u00e4ndisches Recht Anwendung.<\/p>","protected":false},"excerpt":{"rendered":"<p>Algemene voorwaarden Bij TORQ Benelux en TORQ Europe zijn we toegewijd aan uw totale tevredenheid. Als u suggesties of opmerkingen heeft, aarzel dan niet om contact met ons op te nemen. De snelste manier om in contact te komen is via info@e-powersport.eu. Leveringstermijn Wij streven ernaar om alle bestellingen die vandaag worden geplaatst, de volgende [&hellip;]<\/p>\n","protected":false},"author":1,"featured_media":0,"parent":25,"menu_order":5,"comment_status":"closed","ping_status":"closed","template":"","meta":{"_monsterinsights_skip_tracking":false,"_monsterinsights_sitenote_active":false,"_monsterinsights_sitenote_note":"","_monsterinsights_sitenote_category":0,"footnotes":""},"class_list":["post-162","page","type-page","status-publish","hentry"],"yoast_head":"<!-- This site is optimized with the Yoast SEO plugin v27.3 - https:\/\/yoast.com\/product\/yoast-seo-wordpress\/ -->\n<title>Algemene voorwaarden - E-Power<\/title>\n<meta name=\"description\" content=\"Bij TORQ Benelux en TORQ Europe zijn we toegewijd aan uw totale tevredenheid. Als u suggesties of opmerkingen heeft, aarzel dan niet om contact met ons op te nemen. De snelste manier om in contact te komen is via info@e-powersport.eu.\" \/>\n<meta name=\"robots\" content=\"index, follow, max-snippet:-1, max-image-preview:large, max-video-preview:-1\" \/>\n<link rel=\"canonical\" href=\"https:\/\/www.torq.nl\/de\/home\/algemene-voorwaarden\/\" \/>\n<meta property=\"og:locale\" content=\"de_DE\" \/>\n<meta property=\"og:type\" content=\"article\" \/>\n<meta property=\"og:title\" content=\"Algemene voorwaarden - E-Power\" \/>\n<meta property=\"og:description\" content=\"Bij TORQ Benelux en TORQ Europe zijn we toegewijd aan uw totale tevredenheid. Als u suggesties of opmerkingen heeft, aarzel dan niet om contact met ons op te nemen. De snelste manier om in contact te komen is via info@e-powersport.eu.\" \/>\n<meta property=\"og:url\" content=\"https:\/\/www.torq.nl\/de\/home\/algemene-voorwaarden\/\" \/>\n<meta property=\"og:site_name\" content=\"E-Power\" \/>\n<meta property=\"article:publisher\" content=\"https:\/\/www.facebook.com\/epowersport\/\" \/>\n<meta property=\"article:modified_time\" content=\"2022-10-28T14:49:33+00:00\" \/>\n<meta name=\"twitter:card\" content=\"summary_large_image\" \/>\n<meta name=\"twitter:site\" content=\"@foodgroupbv\" \/>\n<meta name=\"twitter:label1\" content=\"Gesch\u00e4tzte Lesezeit\" \/>\n\t<meta name=\"twitter:data1\" content=\"3\u00a0Minuten\" \/>\n<script type=\"application\/ld+json\" class=\"yoast-schema-graph\">{\"@context\":\"https:\\\/\\\/schema.org\",\"@graph\":[{\"@type\":\"WebPage\",\"@id\":\"https:\\\/\\\/www.torq.nl\\\/home\\\/algemene-voorwaarden\\\/\",\"url\":\"https:\\\/\\\/www.torq.nl\\\/home\\\/algemene-voorwaarden\\\/\",\"name\":\"Algemene voorwaarden - E-Power\",\"isPartOf\":{\"@id\":\"https:\\\/\\\/www.torq.nl\\\/#website\"},\"datePublished\":\"2021-05-20T12:49:07+00:00\",\"dateModified\":\"2022-10-28T14:49:33+00:00\",\"description\":\"Bij TORQ Benelux en TORQ Europe zijn we toegewijd aan uw totale tevredenheid. Als u suggesties of opmerkingen heeft, aarzel dan niet om contact met ons op te nemen. De snelste manier om in contact te komen is via info@e-powersport.eu.\",\"breadcrumb\":{\"@id\":\"https:\\\/\\\/www.torq.nl\\\/home\\\/algemene-voorwaarden\\\/#breadcrumb\"},\"inLanguage\":\"de\",\"potentialAction\":[{\"@type\":\"ReadAction\",\"target\":[\"https:\\\/\\\/www.torq.nl\\\/home\\\/algemene-voorwaarden\\\/\"]}]},{\"@type\":\"BreadcrumbList\",\"@id\":\"https:\\\/\\\/www.torq.nl\\\/home\\\/algemene-voorwaarden\\\/#breadcrumb\",\"itemListElement\":[{\"@type\":\"ListItem\",\"position\":1,\"name\":\"Home\",\"item\":\"https:\\\/\\\/www.torq.nl\\\/home\\\/\"},{\"@type\":\"ListItem\",\"position\":2,\"name\":\"Home\",\"item\":\"https:\\\/\\\/www.torq.nl\\\/home\\\/\"},{\"@type\":\"ListItem\",\"position\":3,\"name\":\"Algemene voorwaarden\"}]},{\"@type\":\"WebSite\",\"@id\":\"https:\\\/\\\/www.torq.nl\\\/#website\",\"url\":\"https:\\\/\\\/www.torq.nl\\\/\",\"name\":\"E-Power\",\"description\":\"Officieel Torq dealer Benelux\",\"publisher\":{\"@id\":\"https:\\\/\\\/www.torq.nl\\\/#organization\"},\"potentialAction\":[{\"@type\":\"SearchAction\",\"target\":{\"@type\":\"EntryPoint\",\"urlTemplate\":\"https:\\\/\\\/www.torq.nl\\\/?s={search_term_string}\"},\"query-input\":{\"@type\":\"PropertyValueSpecification\",\"valueRequired\":true,\"valueName\":\"search_term_string\"}}],\"inLanguage\":\"de\"},{\"@type\":\"Organization\",\"@id\":\"https:\\\/\\\/www.torq.nl\\\/#organization\",\"name\":\"E-Power\",\"url\":\"https:\\\/\\\/www.torq.nl\\\/\",\"logo\":{\"@type\":\"ImageObject\",\"inLanguage\":\"de\",\"@id\":\"https:\\\/\\\/www.torq.nl\\\/#\\\/schema\\\/logo\\\/image\\\/\",\"url\":\"https:\\\/\\\/www.torq.nl\\\/wp-content\\\/uploads\\\/2021\\\/04\\\/Logo-epower.png\",\"contentUrl\":\"https:\\\/\\\/www.torq.nl\\\/wp-content\\\/uploads\\\/2021\\\/04\\\/Logo-epower.png\",\"width\":506,\"height\":200,\"caption\":\"E-Power\"},\"image\":{\"@id\":\"https:\\\/\\\/www.torq.nl\\\/#\\\/schema\\\/logo\\\/image\\\/\"},\"sameAs\":[\"https:\\\/\\\/www.facebook.com\\\/epowersport\\\/\",\"https:\\\/\\\/x.com\\\/foodgroupbv\"]}]}<\/script>\n<!-- \/ Yoast SEO plugin. -->","yoast_head_json":{"title":"Algemene voorwaarden - E-Power","description":"Bij TORQ Benelux en TORQ Europe zijn we toegewijd aan uw totale tevredenheid. Als u suggesties of opmerkingen heeft, aarzel dan niet om contact met ons op te nemen. De snelste manier om in contact te komen is via info@e-powersport.eu.","robots":{"index":"index","follow":"follow","max-snippet":"max-snippet:-1","max-image-preview":"max-image-preview:large","max-video-preview":"max-video-preview:-1"},"canonical":"https:\/\/www.torq.nl\/de\/home\/algemene-voorwaarden\/","og_locale":"de_DE","og_type":"article","og_title":"Algemene voorwaarden - E-Power","og_description":"Bij TORQ Benelux en TORQ Europe zijn we toegewijd aan uw totale tevredenheid. Als u suggesties of opmerkingen heeft, aarzel dan niet om contact met ons op te nemen. De snelste manier om in contact te komen is via info@e-powersport.eu.","og_url":"https:\/\/www.torq.nl\/de\/home\/algemene-voorwaarden\/","og_site_name":"E-Power","article_publisher":"https:\/\/www.facebook.com\/epowersport\/","article_modified_time":"2022-10-28T14:49:33+00:00","twitter_card":"summary_large_image","twitter_site":"@foodgroupbv","twitter_misc":{"Gesch\u00e4tzte Lesezeit":"3\u00a0Minuten"},"schema":{"@context":"https:\/\/schema.org","@graph":[{"@type":"WebPage","@id":"https:\/\/www.torq.nl\/home\/algemene-voorwaarden\/","url":"https:\/\/www.torq.nl\/home\/algemene-voorwaarden\/","name":"Algemene voorwaarden - E-Power","isPartOf":{"@id":"https:\/\/www.torq.nl\/#website"},"datePublished":"2021-05-20T12:49:07+00:00","dateModified":"2022-10-28T14:49:33+00:00","description":"Bij TORQ Benelux en TORQ Europe zijn we toegewijd aan uw totale tevredenheid. Als u suggesties of opmerkingen heeft, aarzel dan niet om contact met ons op te nemen. De snelste manier om in contact te komen is via info@e-powersport.eu.","breadcrumb":{"@id":"https:\/\/www.torq.nl\/home\/algemene-voorwaarden\/#breadcrumb"},"inLanguage":"de","potentialAction":[{"@type":"ReadAction","target":["https:\/\/www.torq.nl\/home\/algemene-voorwaarden\/"]}]},{"@type":"BreadcrumbList","@id":"https:\/\/www.torq.nl\/home\/algemene-voorwaarden\/#breadcrumb","itemListElement":[{"@type":"ListItem","position":1,"name":"Home","item":"https:\/\/www.torq.nl\/home\/"},{"@type":"ListItem","position":2,"name":"Home","item":"https:\/\/www.torq.nl\/home\/"},{"@type":"ListItem","position":3,"name":"Algemene voorwaarden"}]},{"@type":"WebSite","@id":"https:\/\/www.torq.nl\/#website","url":"https:\/\/www.torq.nl\/","name":"E-Power","description":"Offizieller Torq-H\u00e4ndler Benelux","publisher":{"@id":"https:\/\/www.torq.nl\/#organization"},"potentialAction":[{"@type":"SearchAction","target":{"@type":"EntryPoint","urlTemplate":"https:\/\/www.torq.nl\/?s={search_term_string}"},"query-input":{"@type":"PropertyValueSpecification","valueRequired":true,"valueName":"search_term_string"}}],"inLanguage":"de"},{"@type":"Organization","@id":"https:\/\/www.torq.nl\/#organization","name":"E-Power","url":"https:\/\/www.torq.nl\/","logo":{"@type":"ImageObject","inLanguage":"de","@id":"https:\/\/www.torq.nl\/#\/schema\/logo\/image\/","url":"https:\/\/www.torq.nl\/wp-content\/uploads\/2021\/04\/Logo-epower.png","contentUrl":"https:\/\/www.torq.nl\/wp-content\/uploads\/2021\/04\/Logo-epower.png","width":506,"height":200,"caption":"E-Power"},"image":{"@id":"https:\/\/www.torq.nl\/#\/schema\/logo\/image\/"},"sameAs":["https:\/\/www.facebook.com\/epowersport\/","https:\/\/x.com\/foodgroupbv"]}]}},"_links":{"self":[{"href":"https:\/\/www.torq.nl\/de\/wp-json\/wp\/v2\/pages\/162","targetHints":{"allow":["GET"]}}],"collection":[{"href":"https:\/\/www.torq.nl\/de\/wp-json\/wp\/v2\/pages"}],"about":[{"href":"https:\/\/www.torq.nl\/de\/wp-json\/wp\/v2\/types\/page"}],"author":[{"embeddable":true,"href":"https:\/\/www.torq.nl\/de\/wp-json\/wp\/v2\/users\/1"}],"replies":[{"embeddable":true,"href":"https:\/\/www.torq.nl\/de\/wp-json\/wp\/v2\/comments?post=162"}],"version-history":[{"count":2,"href":"https:\/\/www.torq.nl\/de\/wp-json\/wp\/v2\/pages\/162\/revisions"}],"predecessor-version":[{"id":2616,"href":"https:\/\/www.torq.nl\/de\/wp-json\/wp\/v2\/pages\/162\/revisions\/2616"}],"up":[{"embeddable":true,"href":"https:\/\/www.torq.nl\/de\/wp-json\/wp\/v2\/pages\/25"}],"wp:attachment":[{"href":"https:\/\/www.torq.nl\/de\/wp-json\/wp\/v2\/media?parent=162"}],"curies":[{"name":"wp","href":"https:\/\/api.w.org\/{rel}","templated":true}]}}