{"id":3,"date":"2021-03-31T09:24:31","date_gmt":"2021-03-31T07:24:31","guid":{"rendered":"https:\/\/www.e-powersport.eu\/?page_id=3"},"modified":"2023-03-13T12:40:43","modified_gmt":"2023-03-13T11:40:43","slug":"privacybeleid","status":"publish","type":"page","link":"https:\/\/www.torq.nl\/de\/home\/privacybeleid\/","title":{"rendered":"Datenschutz-Bestimmungen"},"content":{"rendered":"<h1>Datenschutz-Bestimmungen<\/h1>\n<p>TORQ Benelux \/ TORQ Europe mit Sitz in Ketelaarsweg 4, 6035 AC Ospel, ist f\u00fcr die Verarbeitung personenbezogener Daten gem\u00e4\u00df dieser Datenschutzerkl\u00e4rung verantwortlich.<\/p>\n<p>Kontaktdetails:<\/p>\n<p>Ketelaarsweg 4, 6035 AC Ospel<\/p>\n<p>+31(0)6 15890250<\/p>\n<p>Eric Jacobs ist der Datenschutzbeauftragte von TORQ Benelux \/ TORQ Europe. Er ist unter eric@e-powersport.eu erreichbar<\/p>\n<h2><strong>Personenbezogene Daten, die wir verarbeiten<\/strong><\/h2>\n<p>TORQ Benelux \/ TORQ Europe verarbeitet Ihre personenbezogenen Daten, weil Sie unsere Dienste nutzen und\/oder weil Sie uns diese selbst zur Verf\u00fcgung stellen. Nachfolgend finden Sie eine \u00dcbersicht \u00fcber die von uns verarbeiteten personenbezogenen Daten:<br \/>\n- Vor-und Nachname<br \/>\n- Adressdaten<br \/>\n- Telefonnummer<br \/>\n- E-Mail-Addresse<\/p>\n<h2><strong>Besondere und\/oder sensible personenbezogene Daten, die wir verarbeiten<\/strong><\/h2>\n<p>Unsere Website und\/oder unser Dienst beabsichtigen nicht, Daten \u00fcber Website-Besucher zu sammeln, die j\u00fcnger als 16 Jahre sind. Es sei denn, sie haben die Erlaubnis der Eltern oder Erziehungsberechtigten. Wir k\u00f6nnen jedoch nicht \u00fcberpr\u00fcfen, ob ein Besucher \u00e4lter als 16 Jahre ist. Wir raten Eltern daher, sich an den Online-Aktivit\u00e4ten ihrer Kinder zu beteiligen, um zu verhindern, dass Daten \u00fcber Kinder ohne elterliche Zustimmung gesammelt werden. Wenn Sie davon \u00fcberzeugt sind, dass wir ohne diese Erlaubnis personenbezogene Daten \u00fcber einen Minderj\u00e4hrigen gesammelt haben, kontaktieren Sie uns bitte unter info@e-powersport.eu und wir werden diese Informationen l\u00f6schen.<\/p>\n<h2><strong>Zu welchem Zweck und auf welcher Grundlage verarbeiten wir personenbezogene Daten<\/strong><\/h2>\n<p>TORQ Benelux \/ TORQ Europe verarbeitet Ihre personenbezogenen Daten f\u00fcr die folgenden Zwecke:<br \/>\n\u2013 Bearbeitung Ihrer Zahlung<br \/>\n\u2013 Zusendung unseres Newsletters und\/oder unserer Werbebrosch\u00fcre<br \/>\n\u2013 Um Sie anrufen oder per E-Mail kontaktieren zu k\u00f6nnen, wenn dies f\u00fcr die Erbringung unserer Dienstleistungen erforderlich ist<br \/>\n\u2013 Um Sie \u00fcber \u00c4nderungen an unseren Dienstleistungen und Produkten zu informieren<br \/>\n\u2013 Ihnen die M\u00f6glichkeit bieten, ein Konto zu erstellen<br \/>\n\u2013 Um Waren und Dienstleistungen an Sie zu liefern<br \/>\n\u2013 TORQ Benelux \/ TORQ Europe analysiert Ihr Verhalten auf der Website, um die Website zu verbessern und das Produkt- und Dienstleistungsangebot an Ihre Vorlieben anzupassen.<br \/>\n\u2013 TORQ Benelux \/ TORQ Europe verarbeitet personenbezogene Daten auch dann, wenn wir gesetzlich dazu verpflichtet sind, wie z. B. Daten, die wir f\u00fcr unsere Steuererkl\u00e4rung ben\u00f6tigen.<\/p>\n<h2><strong>Wie lange wir personenbezogene Daten aufbewahren<\/strong><\/h2>\n<p>TORQ Benelux \/ TORQ Europe speichert Ihre personenbezogenen Daten nicht l\u00e4nger als unbedingt erforderlich, um die Zwecke zu erf\u00fcllen, f\u00fcr die Ihre Daten erhoben werden.<\/p>\n<h2><strong>Weitergabe personenbezogener Daten an Dritte <\/strong><\/h2>\n<p>TORQ Benelux \/ TORQ Europe liefert nur an Dritte und nur dann, wenn dies f\u00fcr die Ausf\u00fchrung unserer Vereinbarung mit Ihnen oder zur Erf\u00fcllung einer gesetzlichen Verpflichtung erforderlich ist.<\/p>\n<h2><strong>Cookies oder \u00e4hnliche Techniken, die wir verwenden<\/strong><\/h2>\n<p>TORQ Benelux \/ TORQ Europe verwendet funktionale, analytische und Tracking-Cookies. Ein Cookie ist eine kleine Textdatei, die beim ersten Besuch dieser Website im Browser Ihres Computers, Tablets oder Smartphones gespeichert wird. TORQ Benelux \/ TORQ Europe verwendet Cookies mit rein technischer Funktionalit\u00e4t. Diese stellen sicher, dass die Website ordnungsgem\u00e4\u00df funktioniert und dass beispielsweise Ihre bevorzugten Einstellungen gespeichert werden. Diese Cookies werden auch verwendet, um die Website richtig funktionieren zu lassen und optimieren zu k\u00f6nnen. Dar\u00fcber hinaus platzieren wir Cookies, die Ihr Surfverhalten verfolgen, damit wir ma\u00dfgeschneiderte Inhalte und Werbung anbieten k\u00f6nnen. Bei Ihrem ersten Besuch auf unserer Website haben wir Sie bereits \u00fcber diese Cookies informiert und um Erlaubnis gebeten, sie zu platzieren. Sie k\u00f6nnen Cookies ablehnen, indem Sie Ihren Internetbrowser so einstellen, dass er keine Cookies mehr speichert. Dar\u00fcber hinaus k\u00f6nnen Sie auch alle zuvor gespeicherten Informationen \u00fcber die Einstellungen Ihres Browsers l\u00f6schen. Eine Erkl\u00e4rung finden Sie unter: https:\/\/veiliginternetten.nl\/themes\/gedrag\/cookies-wat-zijn-het-en-wat-doe-ik-ermee\/<\/p>\n<h2><strong>Daten anzeigen, \u00e4ndern oder l\u00f6schen<\/strong><\/h2>\n<p>Sie haben das Recht, Ihre personenbezogenen Daten einzusehen, zu korrigieren oder zu l\u00f6schen. Dar\u00fcber hinaus haben Sie das Recht, Ihre Einwilligung zur Datenverarbeitung zu widerrufen oder der Verarbeitung Ihrer personenbezogenen Daten durch TORQ Benelux \/ TORQ Europe zu widersprechen, und Sie haben das Recht<br \/>\nzum Thema Daten\u00fcbertragbarkeit. Das bedeutet, dass Sie uns bitten k\u00f6nnen, die personenbezogenen Daten, die wir \u00fcber Sie haben, in einer Computerdatei an Sie oder eine andere von Ihnen genannte Organisation zu senden. Sie k\u00f6nnen einen Antrag auf Auskunft, Berichtigung, L\u00f6schung, Daten\u00fcbertragung Ihrer personenbezogenen Daten oder einen Antrag auf Widerruf Ihrer Einwilligung oder Widerspruch gegen die Verarbeitung Ihrer personenbezogenen Daten an info@e-powersport.eu senden. Um sicherzustellen, dass der Zugangsantrag von Ihnen gestellt wurde, bitten wir Sie, dem Antrag eine Kopie Ihres Identit\u00e4tsnachweises beizuf\u00fcgen. Machen Sie in dieser Kopie Ihr Passfoto, MRZ (maschinenlesbare Zone, der Nummernstreifen am unteren Rand des Passes), Passnummer und B\u00fcrgerservicenummer (BSN) schwarz. Dies dient dem Schutz Ihrer Privatsph\u00e4re. Wir werden Ihre Anfrage so schnell wie m\u00f6glich beantworten, jedoch innerhalb von vier Wochen. TORQ Benelux \/ TORQ Europe weist au\u00dferdem darauf hin, dass Sie die M\u00f6glichkeit haben, eine Beschwerde bei der nationalen Aufsichtsbeh\u00f6rde, der niederl\u00e4ndischen Datenschutzbeh\u00f6rde, einzureichen. Sie k\u00f6nnen dies \u00fcber den folgenden Link tun: https:\/\/autoriteitpersoonsgegevens.nl\/nl\/contact-met-de-autoriteit-persoonsgegevens\/tip-ons<\/p>\n<h2><strong>Wie wir personenbezogene Daten sch\u00fctzen<\/strong><\/h2>\n<p>TORQ Benelux \/ TORQ Europe nimmt den Schutz Ihrer Daten ernst und ergreift geeignete Ma\u00dfnahmen, um Missbrauch, Verlust, unbefugten Zugriff, unerw\u00fcnschte Offenlegung und unbefugte \u00c4nderung zu verhindern. Wenn Sie den Eindruck haben, dass Ihre Daten nicht ausreichend gesichert sind oder Hinweise auf Missbrauch vorliegen, wenden Sie sich bitte an unseren Kundenservice oder \u00fcber info@e-powersport.eu.<\/p>","protected":false},"excerpt":{"rendered":"<p>Privacy beleid TORQ Benelux \/ TORQ Europe, gevestigd aan Ketelaarsweg 4, 6035 AC Ospel, is verantwoordelijk voor de verwerking van persoonsgegevens zoals weergegeven in deze privacyverklaring. Contactgegevens: Ketelaarsweg 4, 6035 AC Ospel +31(0)6 15890250 Eric Jacobs is de Functionaris Gegevensbescherming van TORQ Benelux \/ TORQ Europe. Hij is te bereiken via eric@e-powersport.eu Persoonsgegevens die wij [&hellip;]<\/p>\n","protected":false},"author":1,"featured_media":0,"parent":25,"menu_order":6,"comment_status":"closed","ping_status":"closed","template":"","meta":{"_monsterinsights_skip_tracking":false,"_monsterinsights_sitenote_active":false,"_monsterinsights_sitenote_note":"","_monsterinsights_sitenote_category":0,"footnotes":""},"class_list":["post-3","page","type-page","status-publish","hentry"],"yoast_head":"<!-- This site is optimized with the Yoast SEO plugin v27.3 - https:\/\/yoast.com\/product\/yoast-seo-wordpress\/ -->\n<title>Privacybeleid - E-Power<\/title>\n<meta name=\"description\" content=\"Privacy beleidTORQ Benelux \/ TORQ Europe, gevestigd aan Ketelaarsweg 4, 6035 AC Ospel, is verantwoordelijk voor de verwerking van persoonsgegevens zoals weergegeven in deze privacyverklaring.\" \/>\n<meta name=\"robots\" content=\"index, follow, max-snippet:-1, max-image-preview:large, max-video-preview:-1\" \/>\n<link rel=\"canonical\" href=\"https:\/\/www.torq.nl\/de\/home\/privacybeleid\/\" \/>\n<meta property=\"og:locale\" content=\"de_DE\" \/>\n<meta property=\"og:type\" content=\"article\" \/>\n<meta property=\"og:title\" content=\"Privacybeleid - E-Power\" \/>\n<meta property=\"og:description\" content=\"Privacy beleidTORQ Benelux \/ TORQ Europe, gevestigd aan Ketelaarsweg 4, 6035 AC Ospel, is verantwoordelijk voor de verwerking van persoonsgegevens zoals weergegeven in deze privacyverklaring.\" \/>\n<meta property=\"og:url\" content=\"https:\/\/www.torq.nl\/de\/home\/privacybeleid\/\" \/>\n<meta property=\"og:site_name\" content=\"E-Power\" \/>\n<meta property=\"article:publisher\" content=\"https:\/\/www.facebook.com\/epowersport\/\" \/>\n<meta property=\"article:modified_time\" content=\"2023-03-13T11:40:43+00:00\" \/>\n<meta name=\"twitter:card\" content=\"summary_large_image\" \/>\n<meta name=\"twitter:site\" content=\"@foodgroupbv\" \/>\n<meta name=\"twitter:label1\" content=\"Gesch\u00e4tzte Lesezeit\" \/>\n\t<meta name=\"twitter:data1\" content=\"5\u00a0Minuten\" \/>\n<script type=\"application\/ld+json\" class=\"yoast-schema-graph\">{\"@context\":\"https:\\\/\\\/schema.org\",\"@graph\":[{\"@type\":\"WebPage\",\"@id\":\"https:\\\/\\\/www.torq.nl\\\/home\\\/privacybeleid\\\/\",\"url\":\"https:\\\/\\\/www.torq.nl\\\/home\\\/privacybeleid\\\/\",\"name\":\"Privacybeleid - E-Power\",\"isPartOf\":{\"@id\":\"https:\\\/\\\/www.torq.nl\\\/#website\"},\"datePublished\":\"2021-03-31T07:24:31+00:00\",\"dateModified\":\"2023-03-13T11:40:43+00:00\",\"description\":\"Privacy beleidTORQ Benelux \\\/ TORQ Europe, gevestigd aan Ketelaarsweg 4, 6035 AC Ospel, is verantwoordelijk voor de verwerking van persoonsgegevens zoals weergegeven in deze privacyverklaring.\",\"breadcrumb\":{\"@id\":\"https:\\\/\\\/www.torq.nl\\\/home\\\/privacybeleid\\\/#breadcrumb\"},\"inLanguage\":\"de\",\"potentialAction\":[{\"@type\":\"ReadAction\",\"target\":[\"https:\\\/\\\/www.torq.nl\\\/home\\\/privacybeleid\\\/\"]}]},{\"@type\":\"BreadcrumbList\",\"@id\":\"https:\\\/\\\/www.torq.nl\\\/home\\\/privacybeleid\\\/#breadcrumb\",\"itemListElement\":[{\"@type\":\"ListItem\",\"position\":1,\"name\":\"Home\",\"item\":\"https:\\\/\\\/www.torq.nl\\\/home\\\/\"},{\"@type\":\"ListItem\",\"position\":2,\"name\":\"Home\",\"item\":\"https:\\\/\\\/www.torq.nl\\\/home\\\/\"},{\"@type\":\"ListItem\",\"position\":3,\"name\":\"Privacybeleid\"}]},{\"@type\":\"WebSite\",\"@id\":\"https:\\\/\\\/www.torq.nl\\\/#website\",\"url\":\"https:\\\/\\\/www.torq.nl\\\/\",\"name\":\"E-Power\",\"description\":\"Officieel Torq dealer Benelux\",\"publisher\":{\"@id\":\"https:\\\/\\\/www.torq.nl\\\/#organization\"},\"potentialAction\":[{\"@type\":\"SearchAction\",\"target\":{\"@type\":\"EntryPoint\",\"urlTemplate\":\"https:\\\/\\\/www.torq.nl\\\/?s={search_term_string}\"},\"query-input\":{\"@type\":\"PropertyValueSpecification\",\"valueRequired\":true,\"valueName\":\"search_term_string\"}}],\"inLanguage\":\"de\"},{\"@type\":\"Organization\",\"@id\":\"https:\\\/\\\/www.torq.nl\\\/#organization\",\"name\":\"E-Power\",\"url\":\"https:\\\/\\\/www.torq.nl\\\/\",\"logo\":{\"@type\":\"ImageObject\",\"inLanguage\":\"de\",\"@id\":\"https:\\\/\\\/www.torq.nl\\\/#\\\/schema\\\/logo\\\/image\\\/\",\"url\":\"https:\\\/\\\/www.torq.nl\\\/wp-content\\\/uploads\\\/2021\\\/04\\\/Logo-epower.png\",\"contentUrl\":\"https:\\\/\\\/www.torq.nl\\\/wp-content\\\/uploads\\\/2021\\\/04\\\/Logo-epower.png\",\"width\":506,\"height\":200,\"caption\":\"E-Power\"},\"image\":{\"@id\":\"https:\\\/\\\/www.torq.nl\\\/#\\\/schema\\\/logo\\\/image\\\/\"},\"sameAs\":[\"https:\\\/\\\/www.facebook.com\\\/epowersport\\\/\",\"https:\\\/\\\/x.com\\\/foodgroupbv\"]}]}<\/script>\n<!-- \/ Yoast SEO plugin. -->","yoast_head_json":{"title":"Datenschutzerkl\u00e4rung - E-Power","description":"DatenschutzrichtlinieTORQ Benelux \/ TORQ Europe mit Sitz in Ketelaarsweg 4, 6035 AC Ospel, ist f\u00fcr die Verarbeitung personenbezogener Daten gem\u00e4\u00df dieser Datenschutzerkl\u00e4rung verantwortlich.","robots":{"index":"index","follow":"follow","max-snippet":"max-snippet:-1","max-image-preview":"max-image-preview:large","max-video-preview":"max-video-preview:-1"},"canonical":"https:\/\/www.torq.nl\/de\/home\/privacybeleid\/","og_locale":"de_DE","og_type":"article","og_title":"Privacybeleid - E-Power","og_description":"Privacy beleidTORQ Benelux \/ TORQ Europe, gevestigd aan Ketelaarsweg 4, 6035 AC Ospel, is verantwoordelijk voor de verwerking van persoonsgegevens zoals weergegeven in deze privacyverklaring.","og_url":"https:\/\/www.torq.nl\/de\/home\/privacybeleid\/","og_site_name":"E-Power","article_publisher":"https:\/\/www.facebook.com\/epowersport\/","article_modified_time":"2023-03-13T11:40:43+00:00","twitter_card":"summary_large_image","twitter_site":"@foodgroupbv","twitter_misc":{"Gesch\u00e4tzte Lesezeit":"5\u00a0Minuten"},"schema":{"@context":"https:\/\/schema.org","@graph":[{"@type":"WebPage","@id":"https:\/\/www.torq.nl\/home\/privacybeleid\/","url":"https:\/\/www.torq.nl\/home\/privacybeleid\/","name":"Datenschutzerkl\u00e4rung - E-Power","isPartOf":{"@id":"https:\/\/www.torq.nl\/#website"},"datePublished":"2021-03-31T07:24:31+00:00","dateModified":"2023-03-13T11:40:43+00:00","description":"DatenschutzrichtlinieTORQ Benelux \/ TORQ Europe mit Sitz in Ketelaarsweg 4, 6035 AC Ospel, ist f\u00fcr die Verarbeitung personenbezogener Daten gem\u00e4\u00df dieser Datenschutzerkl\u00e4rung verantwortlich.","breadcrumb":{"@id":"https:\/\/www.torq.nl\/home\/privacybeleid\/#breadcrumb"},"inLanguage":"de","potentialAction":[{"@type":"ReadAction","target":["https:\/\/www.torq.nl\/home\/privacybeleid\/"]}]},{"@type":"BreadcrumbList","@id":"https:\/\/www.torq.nl\/home\/privacybeleid\/#breadcrumb","itemListElement":[{"@type":"ListItem","position":1,"name":"Home","item":"https:\/\/www.torq.nl\/home\/"},{"@type":"ListItem","position":2,"name":"Home","item":"https:\/\/www.torq.nl\/home\/"},{"@type":"ListItem","position":3,"name":"Privacybeleid"}]},{"@type":"WebSite","@id":"https:\/\/www.torq.nl\/#website","url":"https:\/\/www.torq.nl\/","name":"E-Power","description":"Offizieller Torq-H\u00e4ndler Benelux","publisher":{"@id":"https:\/\/www.torq.nl\/#organization"},"potentialAction":[{"@type":"SearchAction","target":{"@type":"EntryPoint","urlTemplate":"https:\/\/www.torq.nl\/?s={search_term_string}"},"query-input":{"@type":"PropertyValueSpecification","valueRequired":true,"valueName":"search_term_string"}}],"inLanguage":"de"},{"@type":"Organization","@id":"https:\/\/www.torq.nl\/#organization","name":"E-Power","url":"https:\/\/www.torq.nl\/","logo":{"@type":"ImageObject","inLanguage":"de","@id":"https:\/\/www.torq.nl\/#\/schema\/logo\/image\/","url":"https:\/\/www.torq.nl\/wp-content\/uploads\/2021\/04\/Logo-epower.png","contentUrl":"https:\/\/www.torq.nl\/wp-content\/uploads\/2021\/04\/Logo-epower.png","width":506,"height":200,"caption":"E-Power"},"image":{"@id":"https:\/\/www.torq.nl\/#\/schema\/logo\/image\/"},"sameAs":["https:\/\/www.facebook.com\/epowersport\/","https:\/\/x.com\/foodgroupbv"]}]}},"_links":{"self":[{"href":"https:\/\/www.torq.nl\/de\/wp-json\/wp\/v2\/pages\/3","targetHints":{"allow":["GET"]}}],"collection":[{"href":"https:\/\/www.torq.nl\/de\/wp-json\/wp\/v2\/pages"}],"about":[{"href":"https:\/\/www.torq.nl\/de\/wp-json\/wp\/v2\/types\/page"}],"author":[{"embeddable":true,"href":"https:\/\/www.torq.nl\/de\/wp-json\/wp\/v2\/users\/1"}],"replies":[{"embeddable":true,"href":"https:\/\/www.torq.nl\/de\/wp-json\/wp\/v2\/comments?post=3"}],"version-history":[{"count":5,"href":"https:\/\/www.torq.nl\/de\/wp-json\/wp\/v2\/pages\/3\/revisions"}],"predecessor-version":[{"id":9408,"href":"https:\/\/www.torq.nl\/de\/wp-json\/wp\/v2\/pages\/3\/revisions\/9408"}],"up":[{"embeddable":true,"href":"https:\/\/www.torq.nl\/de\/wp-json\/wp\/v2\/pages\/25"}],"wp:attachment":[{"href":"https:\/\/www.torq.nl\/de\/wp-json\/wp\/v2\/media?parent=3"}],"curies":[{"name":"wp","href":"https:\/\/api.w.org\/{rel}","templated":true}]}}