{"id":1194,"date":"2021-09-22T12:37:37","date_gmt":"2021-09-22T10:37:37","guid":{"rendered":"https:\/\/www.e-powersport.eu\/?post_type=product&#038;p=1194"},"modified":"2025-10-15T11:58:50","modified_gmt":"2025-10-15T09:58:50","slug":"whey-protein-powder-1-kg","status":"publish","type":"product","link":"https:\/\/www.torq.nl\/de\/produkt\/whey-protein-powder-1-kg\/","title":{"rendered":"BULQ Molkenprotein-Konzentrat-Pulver 1 kg"},"content":{"rendered":"<p>TORQ Whey Protein Concentrate ist reich an Aminos\u00e4uren, die f\u00fcr die Hochregulierung der Muskelproteinsynthese nach dem Training verantwortlich sind. Da Molkenproteinkonzentrat eine nat\u00fcrlich reichhaltige Quelle der essentiellen Aminos\u00e4ure Leucin enth\u00e4lt, stimuliert TORQ Molkenproteinkonzentrat die Proteinsynthese st\u00e4rker als andere Nicht-Molkenproteinquellen.<\/p>\n<p>Muskelproteinsynthese bedeutet einfach den Aufbau neuer Muskeln und Energie erzeugender Ger\u00e4te in den arbeitenden Muskeln. TORQ Whey Protein Concentrate unterst\u00fctzt nicht nur die Muskelregeneration und -anpassung, sondern f\u00fcllt bei Einnahme mit einer reichhaltigen Kohlenhydratquelle auch den Muskelglykogenspiegel schneller auf, als dies mit Kohlenhydraten allein m\u00f6glich w\u00e4re.<\/p>\n<h3>Verwendung des Produkts<\/h3>\n<p>1 gestrichener Messl\u00f6ffel ergibt 15 g TORQ Whey Protein Concentrate Pulver, das 12 g hochwertiges Molkenprotein liefert.<\/p>\n<p>Als Sportler\/k\u00f6rperlich aktive Person sollten Sie darauf abzielen, alle 3\u20134 Stunden (5\u20136 Mal pro Tag) 20\u201325 Gramm Protein zu sich zu nehmen.<\/p>\n<p>30 g (2 gestrichene Messl\u00f6ffel) Molkenproteinkonzentrat liefern 24 g Protein und k\u00f6nnen jedem Essen oder Getr\u00e4nk hinzugef\u00fcgt werden, um Ihnen dabei zu helfen, dieses Ziel zu erreichen. Durch diese regelm\u00e4\u00dfigen F\u00fctterungsintervalle k\u00f6nnen Sie Ihren Proteinbedarf von 1,4 \u2013 2 g pro kg K\u00f6rpergewicht und Tag decken und so die physiologische Anpassung optimieren und die Muskelmasse erhalten.<\/p>\n<p>Unmittelbar nach anstrengendem Training empfehlen wir den Verzehr von TORQ Recovery Drink, aber wenn das Training eher auf Kraft basiert, wie z. B. Kraft-\/Widerstandstraining oder kurze 15-Sekunden-Intervalle, ist TORQ Whey Protein Concentrate aufgrund seines minimalen Kohlenhydratgehalts perfekt.<\/p>\n<p>*RABATTCODES GELTEN NICHT F\u00dcR DIESES PRODUKT<\/p>","protected":false},"excerpt":{"rendered":"<p>Produkt H\u00f6hepunkte:<\/p>\n<ul>\n<li>77%-Proteingehalt<\/li>\n<li>Reduziert Muskelschmerzen<\/li>\n<li>Hilft bei der Erholung nach dem Training<\/li>\n<li>F\u00f6rdert die Muskelanpassung<\/li>\n<li>F\u00f6rdert die Wiederauff\u00fcllung von Glykogen<\/li>\n<li>F\u00f6rdert eine positive NET-Proteinbilanz<\/li>\n<\/ul>","protected":false},"featured_media":40141,"template":"","meta":{"_monsterinsights_skip_tracking":false,"_monsterinsights_sitenote_active":false,"_monsterinsights_sitenote_note":"","_monsterinsights_sitenote_category":0},"product_brand":[],"product_cat":[66,64,65,15,67],"product_tag":[],"class_list":{"0":"post-1194","1":"product","2":"type-product","3":"status-publish","4":"has-post-thumbnail","6":"product_cat-bulq-torq-sportvoeding","7":"product_cat-bulq","8":"product_cat-whey-protein-powder-concentrate","9":"product_cat-torq-sportvoeding","10":"product_cat-whey-protein-powder-concentrate-bulq-torq-sportvoeding","12":"first","13":"outofstock","14":"taxable","15":"shipping-taxable","16":"purchasable","17":"product-type-simple"},"yoast_head":"<!-- This site is optimized with the Yoast SEO plugin v27.3 - https:\/\/yoast.com\/product\/yoast-seo-wordpress\/ -->\n<title>BULQ Whey Protein Concentrate Powder 1 kg - E-Power<\/title>\n<meta name=\"description\" content=\"TORQ Whey Protein Concentrate is rijk aan aminozuren, die verantwoordelijk zijn voor de opwaartse regulatie van de spiereiwitsynthese na inspanning\" \/>\n<meta name=\"robots\" content=\"index, follow, max-snippet:-1, max-image-preview:large, max-video-preview:-1\" \/>\n<link rel=\"canonical\" href=\"https:\/\/www.torq.nl\/de\/produkt\/whey-protein-powder-1-kg\/\" \/>\n<meta property=\"og:locale\" content=\"de_DE\" \/>\n<meta property=\"og:type\" content=\"article\" \/>\n<meta property=\"og:title\" content=\"BULQ Whey Protein Concentrate Powder 1 kg - E-Power\" \/>\n<meta property=\"og:description\" content=\"TORQ Whey Protein Concentrate is rijk aan aminozuren, die verantwoordelijk zijn voor de opwaartse regulatie van de spiereiwitsynthese na inspanning\" \/>\n<meta property=\"og:url\" content=\"https:\/\/www.torq.nl\/de\/produkt\/whey-protein-powder-1-kg\/\" \/>\n<meta property=\"og:site_name\" content=\"E-Power\" \/>\n<meta property=\"article:publisher\" content=\"https:\/\/www.facebook.com\/epowersport\/\" \/>\n<meta property=\"article:modified_time\" content=\"2025-10-15T09:58:50+00:00\" \/>\n<meta property=\"og:image\" content=\"https:\/\/www.torq.nl\/wp-content\/uploads\/2021\/09\/TORQ-Bulq-Whey-Protein-Powder_Sold-Out-2.png\" \/>\n\t<meta property=\"og:image:width\" content=\"1080\" \/>\n\t<meta property=\"og:image:height\" content=\"1080\" \/>\n\t<meta property=\"og:image:type\" content=\"image\/png\" \/>\n<meta name=\"twitter:card\" content=\"summary_large_image\" \/>\n<meta name=\"twitter:site\" content=\"@foodgroupbv\" \/>\n<meta name=\"twitter:label1\" content=\"Gesch\u00e4tzte Lesezeit\" \/>\n\t<meta name=\"twitter:data1\" content=\"2\u00a0Minuten\" \/>\n<script type=\"application\/ld+json\" class=\"yoast-schema-graph\">{\"@context\":\"https:\\\/\\\/schema.org\",\"@graph\":[{\"@type\":\"WebPage\",\"@id\":\"https:\\\/\\\/www.torq.nl\\\/product\\\/whey-protein-powder-1-kg\\\/\",\"url\":\"https:\\\/\\\/www.torq.nl\\\/product\\\/whey-protein-powder-1-kg\\\/\",\"name\":\"BULQ Whey Protein Concentrate Powder 1 kg - E-Power\",\"isPartOf\":{\"@id\":\"https:\\\/\\\/www.torq.nl\\\/#website\"},\"primaryImageOfPage\":{\"@id\":\"https:\\\/\\\/www.torq.nl\\\/product\\\/whey-protein-powder-1-kg\\\/#primaryimage\"},\"image\":{\"@id\":\"https:\\\/\\\/www.torq.nl\\\/product\\\/whey-protein-powder-1-kg\\\/#primaryimage\"},\"thumbnailUrl\":\"https:\\\/\\\/www.torq.nl\\\/wp-content\\\/uploads\\\/2021\\\/09\\\/TORQ-Bulq-Whey-Protein-Powder_Sold-Out-2.png\",\"datePublished\":\"2021-09-22T10:37:37+00:00\",\"dateModified\":\"2025-10-15T09:58:50+00:00\",\"description\":\"TORQ Whey Protein Concentrate is rijk aan aminozuren, die verantwoordelijk zijn voor de opwaartse regulatie van de spiereiwitsynthese na inspanning\",\"breadcrumb\":{\"@id\":\"https:\\\/\\\/www.torq.nl\\\/product\\\/whey-protein-powder-1-kg\\\/#breadcrumb\"},\"inLanguage\":\"de\",\"potentialAction\":[{\"@type\":\"ReadAction\",\"target\":[\"https:\\\/\\\/www.torq.nl\\\/product\\\/whey-protein-powder-1-kg\\\/\"]}]},{\"@type\":\"ImageObject\",\"inLanguage\":\"de\",\"@id\":\"https:\\\/\\\/www.torq.nl\\\/product\\\/whey-protein-powder-1-kg\\\/#primaryimage\",\"url\":\"https:\\\/\\\/www.torq.nl\\\/wp-content\\\/uploads\\\/2021\\\/09\\\/TORQ-Bulq-Whey-Protein-Powder_Sold-Out-2.png\",\"contentUrl\":\"https:\\\/\\\/www.torq.nl\\\/wp-content\\\/uploads\\\/2021\\\/09\\\/TORQ-Bulq-Whey-Protein-Powder_Sold-Out-2.png\",\"width\":1080,\"height\":1080},{\"@type\":\"BreadcrumbList\",\"@id\":\"https:\\\/\\\/www.torq.nl\\\/product\\\/whey-protein-powder-1-kg\\\/#breadcrumb\",\"itemListElement\":[{\"@type\":\"ListItem\",\"position\":1,\"name\":\"Home\",\"item\":\"https:\\\/\\\/www.torq.nl\\\/home\\\/\"},{\"@type\":\"ListItem\",\"position\":2,\"name\":\"Winkel\",\"item\":\"https:\\\/\\\/www.torq.nl\\\/it\\\/winkel\\\/\"},{\"@type\":\"ListItem\",\"position\":3,\"name\":\"BULQ Whey Protein Concentrate Powder 1 kg\"}]},{\"@type\":\"WebSite\",\"@id\":\"https:\\\/\\\/www.torq.nl\\\/#website\",\"url\":\"https:\\\/\\\/www.torq.nl\\\/\",\"name\":\"E-Power\",\"description\":\"Officieel Torq dealer Benelux\",\"publisher\":{\"@id\":\"https:\\\/\\\/www.torq.nl\\\/#organization\"},\"potentialAction\":[{\"@type\":\"SearchAction\",\"target\":{\"@type\":\"EntryPoint\",\"urlTemplate\":\"https:\\\/\\\/www.torq.nl\\\/?s={search_term_string}\"},\"query-input\":{\"@type\":\"PropertyValueSpecification\",\"valueRequired\":true,\"valueName\":\"search_term_string\"}}],\"inLanguage\":\"de\"},{\"@type\":\"Organization\",\"@id\":\"https:\\\/\\\/www.torq.nl\\\/#organization\",\"name\":\"E-Power\",\"url\":\"https:\\\/\\\/www.torq.nl\\\/\",\"logo\":{\"@type\":\"ImageObject\",\"inLanguage\":\"de\",\"@id\":\"https:\\\/\\\/www.torq.nl\\\/#\\\/schema\\\/logo\\\/image\\\/\",\"url\":\"https:\\\/\\\/www.torq.nl\\\/wp-content\\\/uploads\\\/2021\\\/04\\\/Logo-epower.png\",\"contentUrl\":\"https:\\\/\\\/www.torq.nl\\\/wp-content\\\/uploads\\\/2021\\\/04\\\/Logo-epower.png\",\"width\":506,\"height\":200,\"caption\":\"E-Power\"},\"image\":{\"@id\":\"https:\\\/\\\/www.torq.nl\\\/#\\\/schema\\\/logo\\\/image\\\/\"},\"sameAs\":[\"https:\\\/\\\/www.facebook.com\\\/epowersport\\\/\",\"https:\\\/\\\/x.com\\\/foodgroupbv\"]}]}<\/script>\n<!-- \/ Yoast SEO plugin. -->","yoast_head_json":{"title":"BULQ Molkenproteinkonzentratpulver 1 kg - E-Power","description":"TORQ Molkenproteinkonzentrat ist reich an Aminos\u00e4uren, die f\u00fcr die Steigerung der Muskelproteinsynthese nach dem Training verantwortlich sind.","robots":{"index":"index","follow":"follow","max-snippet":"max-snippet:-1","max-image-preview":"max-image-preview:large","max-video-preview":"max-video-preview:-1"},"canonical":"https:\/\/www.torq.nl\/de\/produkt\/whey-protein-powder-1-kg\/","og_locale":"de_DE","og_type":"article","og_title":"BULQ Whey Protein Concentrate Powder 1 kg - E-Power","og_description":"TORQ Whey Protein Concentrate is rijk aan aminozuren, die verantwoordelijk zijn voor de opwaartse regulatie van de spiereiwitsynthese na inspanning","og_url":"https:\/\/www.torq.nl\/de\/produkt\/whey-protein-powder-1-kg\/","og_site_name":"E-Power","article_publisher":"https:\/\/www.facebook.com\/epowersport\/","article_modified_time":"2025-10-15T09:58:50+00:00","og_image":[{"width":1080,"height":1080,"url":"https:\/\/www.torq.nl\/wp-content\/uploads\/2021\/09\/TORQ-Bulq-Whey-Protein-Powder_Sold-Out-2.png","type":"image\/png"}],"twitter_card":"summary_large_image","twitter_site":"@foodgroupbv","twitter_misc":{"Gesch\u00e4tzte Lesezeit":"2\u00a0Minuten"},"schema":{"@context":"https:\/\/schema.org","@graph":[{"@type":"WebPage","@id":"https:\/\/www.torq.nl\/product\/whey-protein-powder-1-kg\/","url":"https:\/\/www.torq.nl\/product\/whey-protein-powder-1-kg\/","name":"BULQ Molkenproteinkonzentratpulver 1 kg - E-Power","isPartOf":{"@id":"https:\/\/www.torq.nl\/#website"},"primaryImageOfPage":{"@id":"https:\/\/www.torq.nl\/product\/whey-protein-powder-1-kg\/#primaryimage"},"image":{"@id":"https:\/\/www.torq.nl\/product\/whey-protein-powder-1-kg\/#primaryimage"},"thumbnailUrl":"https:\/\/www.torq.nl\/wp-content\/uploads\/2021\/09\/TORQ-Bulq-Whey-Protein-Powder_Sold-Out-2.png","datePublished":"2021-09-22T10:37:37+00:00","dateModified":"2025-10-15T09:58:50+00:00","description":"TORQ Molkenproteinkonzentrat ist reich an Aminos\u00e4uren, die f\u00fcr die Steigerung der Muskelproteinsynthese nach dem Training verantwortlich sind.","breadcrumb":{"@id":"https:\/\/www.torq.nl\/product\/whey-protein-powder-1-kg\/#breadcrumb"},"inLanguage":"de","potentialAction":[{"@type":"ReadAction","target":["https:\/\/www.torq.nl\/product\/whey-protein-powder-1-kg\/"]}]},{"@type":"ImageObject","inLanguage":"de","@id":"https:\/\/www.torq.nl\/product\/whey-protein-powder-1-kg\/#primaryimage","url":"https:\/\/www.torq.nl\/wp-content\/uploads\/2021\/09\/TORQ-Bulq-Whey-Protein-Powder_Sold-Out-2.png","contentUrl":"https:\/\/www.torq.nl\/wp-content\/uploads\/2021\/09\/TORQ-Bulq-Whey-Protein-Powder_Sold-Out-2.png","width":1080,"height":1080},{"@type":"BreadcrumbList","@id":"https:\/\/www.torq.nl\/product\/whey-protein-powder-1-kg\/#breadcrumb","itemListElement":[{"@type":"ListItem","position":1,"name":"Home","item":"https:\/\/www.torq.nl\/home\/"},{"@type":"ListItem","position":2,"name":"Winkel","item":"https:\/\/www.torq.nl\/it\/winkel\/"},{"@type":"ListItem","position":3,"name":"BULQ Whey Protein Concentrate Powder 1 kg"}]},{"@type":"WebSite","@id":"https:\/\/www.torq.nl\/#website","url":"https:\/\/www.torq.nl\/","name":"E-Power","description":"Offizieller Torq-H\u00e4ndler Benelux","publisher":{"@id":"https:\/\/www.torq.nl\/#organization"},"potentialAction":[{"@type":"SearchAction","target":{"@type":"EntryPoint","urlTemplate":"https:\/\/www.torq.nl\/?s={search_term_string}"},"query-input":{"@type":"PropertyValueSpecification","valueRequired":true,"valueName":"search_term_string"}}],"inLanguage":"de"},{"@type":"Organization","@id":"https:\/\/www.torq.nl\/#organization","name":"E-Power","url":"https:\/\/www.torq.nl\/","logo":{"@type":"ImageObject","inLanguage":"de","@id":"https:\/\/www.torq.nl\/#\/schema\/logo\/image\/","url":"https:\/\/www.torq.nl\/wp-content\/uploads\/2021\/04\/Logo-epower.png","contentUrl":"https:\/\/www.torq.nl\/wp-content\/uploads\/2021\/04\/Logo-epower.png","width":506,"height":200,"caption":"E-Power"},"image":{"@id":"https:\/\/www.torq.nl\/#\/schema\/logo\/image\/"},"sameAs":["https:\/\/www.facebook.com\/epowersport\/","https:\/\/x.com\/foodgroupbv"]}]}},"_links":{"self":[{"href":"https:\/\/www.torq.nl\/de\/wp-json\/wp\/v2\/product\/1194","targetHints":{"allow":["GET"]}}],"collection":[{"href":"https:\/\/www.torq.nl\/de\/wp-json\/wp\/v2\/product"}],"about":[{"href":"https:\/\/www.torq.nl\/de\/wp-json\/wp\/v2\/types\/product"}],"wp:featuredmedia":[{"embeddable":true,"href":"https:\/\/www.torq.nl\/de\/wp-json\/wp\/v2\/media\/40141"}],"wp:attachment":[{"href":"https:\/\/www.torq.nl\/de\/wp-json\/wp\/v2\/media?parent=1194"}],"wp:term":[{"taxonomy":"product_brand","embeddable":true,"href":"https:\/\/www.torq.nl\/de\/wp-json\/wp\/v2\/product_brand?post=1194"},{"taxonomy":"product_cat","embeddable":true,"href":"https:\/\/www.torq.nl\/de\/wp-json\/wp\/v2\/product_cat?post=1194"},{"taxonomy":"product_tag","embeddable":true,"href":"https:\/\/www.torq.nl\/de\/wp-json\/wp\/v2\/product_tag?post=1194"}],"curies":[{"name":"wp","href":"https:\/\/api.w.org\/{rel}","templated":true}]}}