{"id":1242,"date":"2021-09-25T11:49:24","date_gmt":"2021-09-25T09:49:24","guid":{"rendered":"https:\/\/www.e-powersport.eu\/?post_type=product&#038;p=1242"},"modified":"2025-10-01T09:54:04","modified_gmt":"2025-10-01T07:54:04","slug":"energy-drink-mixbox-15-x-30","status":"publish","type":"product","link":"https:\/\/www.torq.nl\/de\/produkt\/energy-drink-mixbox-15-x-30\/","title":{"rendered":"Energy Drink Mixbox (15 x 30 gr)"},"content":{"rendered":"<p>500 ml TORQ Energy Drink liefern 30 Gramm mehrfach transportierbare Kohlenhydrate (1 TORQ-Einheit). Dieses Produkt stellt nicht nur eine optimale Energiequelle dar, sondern liefert auch Fl\u00fcssigkeit und Elektrolyte, um den Fl\u00fcssigkeitsbedarf des K\u00f6rpers und das hom\u00f6ostatische Gleichgewicht aufrechtzuerhalten. F\u00fcr eine optimale Leistung empfiehlt unser TORQ-Kraftstoffsystem den Verbrauch von 2\u20133 TORQ-Einheiten pro Stunde, was durch den Verbrauch verschiedener Kraftstoffprodukte erreicht werden kann.<\/p>\n<h3>Inhalt Energy Drink Mixbox<\/h3>\n<p>Orange (2x), Limette und Zitrone (2x), Pink Grapefruit (2x), Vanilleschote (2x), Schwarze Johannisbeere (2x), Zitrone (2x), Cola-Koffein (3x).<\/p>\n<h3>Verwendung des Produkts<\/h3>\n<p>Jeder TORQ Energy-Beutel l\u00e4sst sich mit 500 ml Wasser mischen.<\/p>\n<p>TORQ Energy Drink ist f\u00fcr den Einsatz bei allen Trainingsintensit\u00e4ten geeignet und bildet die Grundlage des TORQ Fuel Systems, da es das einzige Produkt ist, das neben Kohlenhydrat-Kraftstoff auch erhebliche Mengen an Fl\u00fcssigkeit und Elektrolyten liefert. Aus leistungstechnischer Sicht ist eine ausreichende Fl\u00fcssigkeitszufuhr nat\u00fcrlich von grundlegender Bedeutung.<\/p>\n<p>*TORQ Energy Drinks sind VEGAN<\/p>","protected":false},"excerpt":{"rendered":"<p>TORQ Energy ist einer <em><span style=\"color: #ff6600;\">nat\u00fcrlich aromatisiertes, leichtes und erfrischendes isotonisches Energy-Drink<\/span><\/em> formuliert mit schneller Lieferung <em><span style=\"color: #ff6600;\">2:1 Maltodextrin:Fruktose<\/span> <\/em>und <em><span style=\"color: #ff6600;\">5 wichtige Elektrolyte<\/span><\/em>.<\/p>\n<p>*TORQ Energy Drink ist Teil des TORQ Fueling Systems und kann daher zusammen mit den Energy Gels, Riegeln und Kausnacks von TORQ verwendet werden, um optimale Leistung zu erzielen.<\/p>","protected":false},"featured_media":4283,"template":"","meta":{"_monsterinsights_skip_tracking":false,"_monsterinsights_sitenote_active":false,"_monsterinsights_sitenote_note":"","_monsterinsights_sitenote_category":0},"product_brand":[],"product_cat":[30,36,41,15],"product_tag":[],"class_list":{"0":"post-1242","1":"product","2":"type-product","3":"status-publish","4":"has-post-thumbnail","6":"product_cat-fuelling-system","7":"product_cat-torq-energy-drink","8":"product_cat-torq-energy-drink-hydration","9":"product_cat-torq-sportvoeding","11":"first","12":"instock","13":"taxable","14":"shipping-taxable","15":"purchasable","16":"product-type-simple"},"yoast_head":"<!-- This site is optimized with the Yoast SEO plugin v27.5 - https:\/\/yoast.com\/product\/yoast-seo-wordpress\/ -->\n<title>Energy Drink Mixbox (15 x 30 gr) - E-Power<\/title>\n<meta name=\"description\" content=\"Mixbox Energy Drink Sachets 15 x 30, bestaande uit de smaken:Natural OrangeNatural Lime &amp; LemonNatural Pink GrapefruitNatural Vanilla Pod...\" \/>\n<meta name=\"robots\" content=\"index, follow, max-snippet:-1, max-image-preview:large, max-video-preview:-1\" \/>\n<link rel=\"canonical\" href=\"https:\/\/www.torq.nl\/de\/produkt\/energy-drink-mixbox-15-x-30\/\" \/>\n<meta property=\"og:locale\" content=\"de_DE\" \/>\n<meta property=\"og:type\" content=\"article\" \/>\n<meta property=\"og:title\" content=\"Energy Drink Mixbox (15 x 30 gr) - E-Power\" \/>\n<meta property=\"og:description\" content=\"Mixbox Energy Drink Sachets 15 x 30, bestaande uit de smaken:Natural OrangeNatural Lime &amp; LemonNatural Pink GrapefruitNatural Vanilla Pod...\" \/>\n<meta property=\"og:url\" content=\"https:\/\/www.torq.nl\/de\/produkt\/energy-drink-mixbox-15-x-30\/\" \/>\n<meta property=\"og:site_name\" content=\"E-Power\" \/>\n<meta property=\"article:publisher\" content=\"https:\/\/www.facebook.com\/epowersport\/\" \/>\n<meta property=\"article:modified_time\" content=\"2025-10-01T07:54:04+00:00\" \/>\n<meta property=\"og:image\" content=\"https:\/\/www.torq.nl\/wp-content\/uploads\/2021\/09\/mixed-box-energy-2-1030x1030.png\" \/>\n\t<meta property=\"og:image:width\" content=\"1030\" \/>\n\t<meta property=\"og:image:height\" content=\"1030\" \/>\n\t<meta property=\"og:image:type\" content=\"image\/png\" \/>\n<meta name=\"twitter:card\" content=\"summary_large_image\" \/>\n<meta name=\"twitter:site\" content=\"@foodgroupbv\" \/>\n<meta name=\"twitter:label1\" content=\"Gesch\u00e4tzte Lesezeit\" \/>\n\t<meta name=\"twitter:data1\" content=\"1\u00a0Minute\" \/>\n<script type=\"application\/ld+json\" class=\"yoast-schema-graph\">{\"@context\":\"https:\\\/\\\/schema.org\",\"@graph\":[{\"@type\":\"WebPage\",\"@id\":\"https:\\\/\\\/www.torq.nl\\\/product\\\/energy-drink-mixbox-15-x-30\\\/\",\"url\":\"https:\\\/\\\/www.torq.nl\\\/product\\\/energy-drink-mixbox-15-x-30\\\/\",\"name\":\"Energy Drink Mixbox (15 x 30 gr) - E-Power\",\"isPartOf\":{\"@id\":\"https:\\\/\\\/www.torq.nl\\\/#website\"},\"primaryImageOfPage\":{\"@id\":\"https:\\\/\\\/www.torq.nl\\\/product\\\/energy-drink-mixbox-15-x-30\\\/#primaryimage\"},\"image\":{\"@id\":\"https:\\\/\\\/www.torq.nl\\\/product\\\/energy-drink-mixbox-15-x-30\\\/#primaryimage\"},\"thumbnailUrl\":\"https:\\\/\\\/www.torq.nl\\\/wp-content\\\/uploads\\\/2021\\\/09\\\/mixed-box-energy-2.png\",\"datePublished\":\"2021-09-25T09:49:24+00:00\",\"dateModified\":\"2025-10-01T07:54:04+00:00\",\"description\":\"Mixbox Energy Drink Sachets 15 x 30, bestaande uit de smaken:Natural OrangeNatural Lime & LemonNatural Pink GrapefruitNatural Vanilla Pod...\",\"breadcrumb\":{\"@id\":\"https:\\\/\\\/www.torq.nl\\\/product\\\/energy-drink-mixbox-15-x-30\\\/#breadcrumb\"},\"inLanguage\":\"de\",\"potentialAction\":[{\"@type\":\"ReadAction\",\"target\":[\"https:\\\/\\\/www.torq.nl\\\/product\\\/energy-drink-mixbox-15-x-30\\\/\"]}]},{\"@type\":\"ImageObject\",\"inLanguage\":\"de\",\"@id\":\"https:\\\/\\\/www.torq.nl\\\/product\\\/energy-drink-mixbox-15-x-30\\\/#primaryimage\",\"url\":\"https:\\\/\\\/www.torq.nl\\\/wp-content\\\/uploads\\\/2021\\\/09\\\/mixed-box-energy-2.png\",\"contentUrl\":\"https:\\\/\\\/www.torq.nl\\\/wp-content\\\/uploads\\\/2021\\\/09\\\/mixed-box-energy-2.png\",\"width\":2560,\"height\":2560,\"caption\":\"Energy Drink Mixbox 15 x 30 gram\"},{\"@type\":\"BreadcrumbList\",\"@id\":\"https:\\\/\\\/www.torq.nl\\\/product\\\/energy-drink-mixbox-15-x-30\\\/#breadcrumb\",\"itemListElement\":[{\"@type\":\"ListItem\",\"position\":1,\"name\":\"Home\",\"item\":\"https:\\\/\\\/www.torq.nl\\\/home\\\/\"},{\"@type\":\"ListItem\",\"position\":2,\"name\":\"Winkel\",\"item\":\"https:\\\/\\\/www.torq.nl\\\/it\\\/winkel\\\/\"},{\"@type\":\"ListItem\",\"position\":3,\"name\":\"Energy Drink Mixbox (15 x 30 gr)\"}]},{\"@type\":\"WebSite\",\"@id\":\"https:\\\/\\\/www.torq.nl\\\/#website\",\"url\":\"https:\\\/\\\/www.torq.nl\\\/\",\"name\":\"E-Power\",\"description\":\"Officieel Torq dealer Benelux\",\"publisher\":{\"@id\":\"https:\\\/\\\/www.torq.nl\\\/#organization\"},\"potentialAction\":[{\"@type\":\"SearchAction\",\"target\":{\"@type\":\"EntryPoint\",\"urlTemplate\":\"https:\\\/\\\/www.torq.nl\\\/?s={search_term_string}\"},\"query-input\":{\"@type\":\"PropertyValueSpecification\",\"valueRequired\":true,\"valueName\":\"search_term_string\"}}],\"inLanguage\":\"de\"},{\"@type\":\"Organization\",\"@id\":\"https:\\\/\\\/www.torq.nl\\\/#organization\",\"name\":\"E-Power\",\"url\":\"https:\\\/\\\/www.torq.nl\\\/\",\"logo\":{\"@type\":\"ImageObject\",\"inLanguage\":\"de\",\"@id\":\"https:\\\/\\\/www.torq.nl\\\/#\\\/schema\\\/logo\\\/image\\\/\",\"url\":\"https:\\\/\\\/www.torq.nl\\\/wp-content\\\/uploads\\\/2021\\\/04\\\/Logo-epower.png\",\"contentUrl\":\"https:\\\/\\\/www.torq.nl\\\/wp-content\\\/uploads\\\/2021\\\/04\\\/Logo-epower.png\",\"width\":506,\"height\":200,\"caption\":\"E-Power\"},\"image\":{\"@id\":\"https:\\\/\\\/www.torq.nl\\\/#\\\/schema\\\/logo\\\/image\\\/\"},\"sameAs\":[\"https:\\\/\\\/www.facebook.com\\\/epowersport\\\/\",\"https:\\\/\\\/x.com\\\/foodgroupbv\"]}]}<\/script>\n<!-- \/ Yoast SEO plugin. -->","yoast_head_json":{"title":"Energy Drink Mixbox (15 x 30 gr) - E-Power","description":"Mixbox Energy Drink Sachets 15 x 30, bestaande uit de smaken:Natural OrangeNatural Lime & LemonNatural Pink GrapefruitNatural Vanilla Pod...","robots":{"index":"index","follow":"follow","max-snippet":"max-snippet:-1","max-image-preview":"max-image-preview:large","max-video-preview":"max-video-preview:-1"},"canonical":"https:\/\/www.torq.nl\/de\/produkt\/energy-drink-mixbox-15-x-30\/","og_locale":"de_DE","og_type":"article","og_title":"Energy Drink Mixbox (15 x 30 gr) - E-Power","og_description":"Mixbox Energy Drink Sachets 15 x 30, bestaande uit de smaken:Natural OrangeNatural Lime & LemonNatural Pink GrapefruitNatural Vanilla Pod...","og_url":"https:\/\/www.torq.nl\/de\/produkt\/energy-drink-mixbox-15-x-30\/","og_site_name":"E-Power","article_publisher":"https:\/\/www.facebook.com\/epowersport\/","article_modified_time":"2025-10-01T07:54:04+00:00","og_image":[{"width":1030,"height":1030,"url":"https:\/\/www.torq.nl\/wp-content\/uploads\/2021\/09\/mixed-box-energy-2-1030x1030.png","type":"image\/png"}],"twitter_card":"summary_large_image","twitter_site":"@foodgroupbv","twitter_misc":{"Gesch\u00e4tzte Lesezeit":"1\u00a0Minute"},"schema":{"@context":"https:\/\/schema.org","@graph":[{"@type":"WebPage","@id":"https:\/\/www.torq.nl\/product\/energy-drink-mixbox-15-x-30\/","url":"https:\/\/www.torq.nl\/product\/energy-drink-mixbox-15-x-30\/","name":"Energy Drink Mixbox (15 x 30 gr) - E-Power","isPartOf":{"@id":"https:\/\/www.torq.nl\/#website"},"primaryImageOfPage":{"@id":"https:\/\/www.torq.nl\/product\/energy-drink-mixbox-15-x-30\/#primaryimage"},"image":{"@id":"https:\/\/www.torq.nl\/product\/energy-drink-mixbox-15-x-30\/#primaryimage"},"thumbnailUrl":"https:\/\/www.torq.nl\/wp-content\/uploads\/2021\/09\/mixed-box-energy-2.png","datePublished":"2021-09-25T09:49:24+00:00","dateModified":"2025-10-01T07:54:04+00:00","description":"Mixbox Energy Drink Sachets 15 x 30, bestaande uit de smaken:Natural OrangeNatural Lime & LemonNatural Pink GrapefruitNatural Vanilla Pod...","breadcrumb":{"@id":"https:\/\/www.torq.nl\/product\/energy-drink-mixbox-15-x-30\/#breadcrumb"},"inLanguage":"de","potentialAction":[{"@type":"ReadAction","target":["https:\/\/www.torq.nl\/product\/energy-drink-mixbox-15-x-30\/"]}]},{"@type":"ImageObject","inLanguage":"de","@id":"https:\/\/www.torq.nl\/product\/energy-drink-mixbox-15-x-30\/#primaryimage","url":"https:\/\/www.torq.nl\/wp-content\/uploads\/2021\/09\/mixed-box-energy-2.png","contentUrl":"https:\/\/www.torq.nl\/wp-content\/uploads\/2021\/09\/mixed-box-energy-2.png","width":2560,"height":2560,"caption":"Energy Drink Mixbox 15 x 30 gram"},{"@type":"BreadcrumbList","@id":"https:\/\/www.torq.nl\/product\/energy-drink-mixbox-15-x-30\/#breadcrumb","itemListElement":[{"@type":"ListItem","position":1,"name":"Home","item":"https:\/\/www.torq.nl\/home\/"},{"@type":"ListItem","position":2,"name":"Winkel","item":"https:\/\/www.torq.nl\/it\/winkel\/"},{"@type":"ListItem","position":3,"name":"Energy Drink Mixbox (15 x 30 gr)"}]},{"@type":"WebSite","@id":"https:\/\/www.torq.nl\/#website","url":"https:\/\/www.torq.nl\/","name":"E-Power","description":"Offizieller Torq-H\u00e4ndler Benelux","publisher":{"@id":"https:\/\/www.torq.nl\/#organization"},"potentialAction":[{"@type":"SearchAction","target":{"@type":"EntryPoint","urlTemplate":"https:\/\/www.torq.nl\/?s={search_term_string}"},"query-input":{"@type":"PropertyValueSpecification","valueRequired":true,"valueName":"search_term_string"}}],"inLanguage":"de"},{"@type":"Organization","@id":"https:\/\/www.torq.nl\/#organization","name":"E-Power","url":"https:\/\/www.torq.nl\/","logo":{"@type":"ImageObject","inLanguage":"de","@id":"https:\/\/www.torq.nl\/#\/schema\/logo\/image\/","url":"https:\/\/www.torq.nl\/wp-content\/uploads\/2021\/04\/Logo-epower.png","contentUrl":"https:\/\/www.torq.nl\/wp-content\/uploads\/2021\/04\/Logo-epower.png","width":506,"height":200,"caption":"E-Power"},"image":{"@id":"https:\/\/www.torq.nl\/#\/schema\/logo\/image\/"},"sameAs":["https:\/\/www.facebook.com\/epowersport\/","https:\/\/x.com\/foodgroupbv"]}]}},"_links":{"self":[{"href":"https:\/\/www.torq.nl\/de\/wp-json\/wp\/v2\/product\/1242","targetHints":{"allow":["GET"]}}],"collection":[{"href":"https:\/\/www.torq.nl\/de\/wp-json\/wp\/v2\/product"}],"about":[{"href":"https:\/\/www.torq.nl\/de\/wp-json\/wp\/v2\/types\/product"}],"wp:featuredmedia":[{"embeddable":true,"href":"https:\/\/www.torq.nl\/de\/wp-json\/wp\/v2\/media\/4283"}],"wp:attachment":[{"href":"https:\/\/www.torq.nl\/de\/wp-json\/wp\/v2\/media?parent=1242"}],"wp:term":[{"taxonomy":"product_brand","embeddable":true,"href":"https:\/\/www.torq.nl\/de\/wp-json\/wp\/v2\/product_brand?post=1242"},{"taxonomy":"product_cat","embeddable":true,"href":"https:\/\/www.torq.nl\/de\/wp-json\/wp\/v2\/product_cat?post=1242"},{"taxonomy":"product_tag","embeddable":true,"href":"https:\/\/www.torq.nl\/de\/wp-json\/wp\/v2\/product_tag?post=1242"}],"curies":[{"name":"wp","href":"https:\/\/api.w.org\/{rel}","templated":true}]}}