{"id":1653,"date":"2021-12-31T09:29:19","date_gmt":"2021-12-31T08:29:19","guid":{"rendered":"https:\/\/www.e-powersport.eu\/?post_type=product&#038;p=1653"},"modified":"2026-05-06T09:34:28","modified_gmt":"2026-05-06T07:34:28","slug":"recovery-mixbox-10-x-50-gr","status":"publish","type":"product","link":"https:\/\/www.torq.nl\/de\/produkt\/recovery-mixbox-10-x-50-gr\/","title":{"rendered":"Recovery Mixbox 10 x 50 gr"},"content":{"rendered":"<p>Diese Mixbox enth\u00e4lt 10 Beutel \u00e0 50 Gramm mit folgenden Geschmacksrichtungen: Banana &amp; Mango, Strawberries &amp; Cream, Cookies &amp; Cream, Chocolate Mint<\/p>\n<p>TORQ Recovery Drink wurde entwickelt, um als Teil des sehr umfassenden und gr\u00fcndlichen TORQ Recovery Systems zu wirken. Dieses System ber\u00fccksichtigt Ihr Aktivit\u00e4tsniveau und empfiehlt kumulativ Konzepte und Produkte aus dem TORQ-Sortiment, die zu Ihrer k\u00f6rperlichen Belastung passen.<\/p>\n<p>TORQ Recovery repr\u00e4sentiert diese 3:1-Mischung aus mehreren transportablen Kohlenhydraten und hochwertigem Molkenprotein. Forschungsergebnisse deuten darauf hin, dass der gemeinsame Verzehr von polytransportierbaren Kohlenhydraten und Molkenprotein in einem Verh\u00e4ltnis von 3:1 unmittelbar nach dem Training die Glykogensynthese beschleunigt. Mit anderen Worten, der mehrfache Konsum von Molkenprotein, Glukosederivaten und Fruktosederivaten hilft Ihnen dabei, Kohlenhydrate effektiver zu speichern als jede andere Methode. Die Forschung hat auch gezeigt, dass Whey Protein schneller wirkt, l\u00f6slicher ist und leichter absorbiert\/synthetisiert wird als jede andere Art von Protein, wodurch die f\u00fcr die Muskelregeneration ben\u00f6tigten Aminos\u00e4uren mit geringer Verz\u00f6gerung bereitgestellt werden.<\/p>\n<p>&nbsp;<\/p>","protected":false},"excerpt":{"rendered":"<p>TORQ Recovery Drink ist ein hochentwickeltes Ern\u00e4hrungsgetr\u00e4nk nach dem Training, das entwickelt wurde, um Ihre m\u00fcde Physiologie nach anstrengendem Training zu rehydrieren, aufzutanken, zu reparieren und wieder aufzuladen<\/p>","protected":false},"featured_media":4259,"template":"","meta":{"_monsterinsights_skip_tracking":false,"_monsterinsights_sitenote_active":false,"_monsterinsights_sitenote_note":"","_monsterinsights_sitenote_category":0},"product_brand":[],"product_cat":[31,45,15],"product_tag":[],"class_list":{"0":"post-1653","1":"product","2":"type-product","3":"status-publish","4":"has-post-thumbnail","6":"product_cat-recovery-system","7":"product_cat-torq-recovery-drink","8":"product_cat-torq-sportvoeding","10":"first","11":"outofstock","12":"taxable","13":"shipping-taxable","14":"purchasable","15":"product-type-simple"},"yoast_head":"<!-- This site is optimized with the Yoast SEO plugin v27.5 - https:\/\/yoast.com\/product\/yoast-seo-wordpress\/ -->\n<title>Recovery Mixbox 10 x 50 gr - E-Power<\/title>\n<meta name=\"description\" content=\"In deze Mixbox zitten 10 sachets van 50 gram met de volgende smaken : Banana &amp; Mango , Strawberries &amp; Cream , Cookies &amp; Cream , Chocolate Mint\" \/>\n<meta name=\"robots\" content=\"index, follow, max-snippet:-1, max-image-preview:large, max-video-preview:-1\" \/>\n<link rel=\"canonical\" href=\"https:\/\/www.torq.nl\/de\/produkt\/recovery-mixbox-10-x-50-gr\/\" \/>\n<meta property=\"og:locale\" content=\"de_DE\" \/>\n<meta property=\"og:type\" content=\"article\" \/>\n<meta property=\"og:title\" content=\"Recovery Mixbox 10 x 50 gr - E-Power\" \/>\n<meta property=\"og:description\" content=\"In deze Mixbox zitten 10 sachets van 50 gram met de volgende smaken : Banana &amp; Mango , Strawberries &amp; Cream , Cookies &amp; Cream , Chocolate Mint\" \/>\n<meta property=\"og:url\" content=\"https:\/\/www.torq.nl\/de\/produkt\/recovery-mixbox-10-x-50-gr\/\" \/>\n<meta property=\"og:site_name\" content=\"E-Power\" \/>\n<meta property=\"article:publisher\" content=\"https:\/\/www.facebook.com\/epowersport\/\" \/>\n<meta property=\"article:modified_time\" content=\"2026-05-06T07:34:28+00:00\" \/>\n<meta property=\"og:image\" content=\"https:\/\/www.torq.nl\/wp-content\/uploads\/2021\/12\/mixed-box-recovery-1-1030x1030.png\" \/>\n\t<meta property=\"og:image:width\" content=\"1030\" \/>\n\t<meta property=\"og:image:height\" content=\"1030\" \/>\n\t<meta property=\"og:image:type\" content=\"image\/png\" \/>\n<meta name=\"twitter:card\" content=\"summary_large_image\" \/>\n<meta name=\"twitter:site\" content=\"@foodgroupbv\" \/>\n<meta name=\"twitter:label1\" content=\"Gesch\u00e4tzte Lesezeit\" \/>\n\t<meta name=\"twitter:data1\" content=\"1\u00a0Minute\" \/>\n<script type=\"application\/ld+json\" class=\"yoast-schema-graph\">{\"@context\":\"https:\\\/\\\/schema.org\",\"@graph\":[{\"@type\":\"WebPage\",\"@id\":\"https:\\\/\\\/www.torq.nl\\\/product\\\/recovery-mixbox-10-x-50-gr\\\/\",\"url\":\"https:\\\/\\\/www.torq.nl\\\/product\\\/recovery-mixbox-10-x-50-gr\\\/\",\"name\":\"Recovery Mixbox 10 x 50 gr - E-Power\",\"isPartOf\":{\"@id\":\"https:\\\/\\\/www.torq.nl\\\/#website\"},\"primaryImageOfPage\":{\"@id\":\"https:\\\/\\\/www.torq.nl\\\/product\\\/recovery-mixbox-10-x-50-gr\\\/#primaryimage\"},\"image\":{\"@id\":\"https:\\\/\\\/www.torq.nl\\\/product\\\/recovery-mixbox-10-x-50-gr\\\/#primaryimage\"},\"thumbnailUrl\":\"https:\\\/\\\/www.torq.nl\\\/wp-content\\\/uploads\\\/2021\\\/12\\\/mixed-box-recovery-1.png\",\"datePublished\":\"2021-12-31T08:29:19+00:00\",\"dateModified\":\"2026-05-06T07:34:28+00:00\",\"description\":\"In deze Mixbox zitten 10 sachets van 50 gram met de volgende smaken : Banana & Mango , Strawberries & Cream , Cookies & Cream , Chocolate Mint\",\"breadcrumb\":{\"@id\":\"https:\\\/\\\/www.torq.nl\\\/product\\\/recovery-mixbox-10-x-50-gr\\\/#breadcrumb\"},\"inLanguage\":\"de\",\"potentialAction\":[{\"@type\":\"ReadAction\",\"target\":[\"https:\\\/\\\/www.torq.nl\\\/product\\\/recovery-mixbox-10-x-50-gr\\\/\"]}]},{\"@type\":\"ImageObject\",\"inLanguage\":\"de\",\"@id\":\"https:\\\/\\\/www.torq.nl\\\/product\\\/recovery-mixbox-10-x-50-gr\\\/#primaryimage\",\"url\":\"https:\\\/\\\/www.torq.nl\\\/wp-content\\\/uploads\\\/2021\\\/12\\\/mixed-box-recovery-1.png\",\"contentUrl\":\"https:\\\/\\\/www.torq.nl\\\/wp-content\\\/uploads\\\/2021\\\/12\\\/mixed-box-recovery-1.png\",\"width\":2560,\"height\":2560,\"caption\":\"Torq Recovery Mixbox\"},{\"@type\":\"BreadcrumbList\",\"@id\":\"https:\\\/\\\/www.torq.nl\\\/product\\\/recovery-mixbox-10-x-50-gr\\\/#breadcrumb\",\"itemListElement\":[{\"@type\":\"ListItem\",\"position\":1,\"name\":\"Home\",\"item\":\"https:\\\/\\\/www.torq.nl\\\/home\\\/\"},{\"@type\":\"ListItem\",\"position\":2,\"name\":\"Winkel\",\"item\":\"https:\\\/\\\/www.torq.nl\\\/it\\\/winkel\\\/\"},{\"@type\":\"ListItem\",\"position\":3,\"name\":\"Recovery Mixbox 10 x 50 gr\"}]},{\"@type\":\"WebSite\",\"@id\":\"https:\\\/\\\/www.torq.nl\\\/#website\",\"url\":\"https:\\\/\\\/www.torq.nl\\\/\",\"name\":\"E-Power\",\"description\":\"Officieel Torq dealer Benelux\",\"publisher\":{\"@id\":\"https:\\\/\\\/www.torq.nl\\\/#organization\"},\"potentialAction\":[{\"@type\":\"SearchAction\",\"target\":{\"@type\":\"EntryPoint\",\"urlTemplate\":\"https:\\\/\\\/www.torq.nl\\\/?s={search_term_string}\"},\"query-input\":{\"@type\":\"PropertyValueSpecification\",\"valueRequired\":true,\"valueName\":\"search_term_string\"}}],\"inLanguage\":\"de\"},{\"@type\":\"Organization\",\"@id\":\"https:\\\/\\\/www.torq.nl\\\/#organization\",\"name\":\"E-Power\",\"url\":\"https:\\\/\\\/www.torq.nl\\\/\",\"logo\":{\"@type\":\"ImageObject\",\"inLanguage\":\"de\",\"@id\":\"https:\\\/\\\/www.torq.nl\\\/#\\\/schema\\\/logo\\\/image\\\/\",\"url\":\"https:\\\/\\\/www.torq.nl\\\/wp-content\\\/uploads\\\/2021\\\/04\\\/Logo-epower.png\",\"contentUrl\":\"https:\\\/\\\/www.torq.nl\\\/wp-content\\\/uploads\\\/2021\\\/04\\\/Logo-epower.png\",\"width\":506,\"height\":200,\"caption\":\"E-Power\"},\"image\":{\"@id\":\"https:\\\/\\\/www.torq.nl\\\/#\\\/schema\\\/logo\\\/image\\\/\"},\"sameAs\":[\"https:\\\/\\\/www.facebook.com\\\/epowersport\\\/\",\"https:\\\/\\\/x.com\\\/foodgroupbv\"]}]}<\/script>\n<!-- \/ Yoast SEO plugin. -->","yoast_head_json":{"title":"Recovery Mixbox 10 x 50 gr - E-Power","description":"In deze Mixbox zitten 10 sachets van 50 gram met de volgende smaken : Banana & Mango , Strawberries & Cream , Cookies & Cream , Chocolate Mint","robots":{"index":"index","follow":"follow","max-snippet":"max-snippet:-1","max-image-preview":"max-image-preview:large","max-video-preview":"max-video-preview:-1"},"canonical":"https:\/\/www.torq.nl\/de\/produkt\/recovery-mixbox-10-x-50-gr\/","og_locale":"de_DE","og_type":"article","og_title":"Recovery Mixbox 10 x 50 gr - E-Power","og_description":"In deze Mixbox zitten 10 sachets van 50 gram met de volgende smaken : Banana & Mango , Strawberries & Cream , Cookies & Cream , Chocolate Mint","og_url":"https:\/\/www.torq.nl\/de\/produkt\/recovery-mixbox-10-x-50-gr\/","og_site_name":"E-Power","article_publisher":"https:\/\/www.facebook.com\/epowersport\/","article_modified_time":"2026-05-06T07:34:28+00:00","og_image":[{"width":1030,"height":1030,"url":"https:\/\/www.torq.nl\/wp-content\/uploads\/2021\/12\/mixed-box-recovery-1-1030x1030.png","type":"image\/png"}],"twitter_card":"summary_large_image","twitter_site":"@foodgroupbv","twitter_misc":{"Gesch\u00e4tzte Lesezeit":"1\u00a0Minute"},"schema":{"@context":"https:\/\/schema.org","@graph":[{"@type":"WebPage","@id":"https:\/\/www.torq.nl\/product\/recovery-mixbox-10-x-50-gr\/","url":"https:\/\/www.torq.nl\/product\/recovery-mixbox-10-x-50-gr\/","name":"Recovery Mixbox 10 x 50 gr - E-Power","isPartOf":{"@id":"https:\/\/www.torq.nl\/#website"},"primaryImageOfPage":{"@id":"https:\/\/www.torq.nl\/product\/recovery-mixbox-10-x-50-gr\/#primaryimage"},"image":{"@id":"https:\/\/www.torq.nl\/product\/recovery-mixbox-10-x-50-gr\/#primaryimage"},"thumbnailUrl":"https:\/\/www.torq.nl\/wp-content\/uploads\/2021\/12\/mixed-box-recovery-1.png","datePublished":"2021-12-31T08:29:19+00:00","dateModified":"2026-05-06T07:34:28+00:00","description":"In deze Mixbox zitten 10 sachets van 50 gram met de volgende smaken : Banana & Mango , Strawberries & Cream , Cookies & Cream , Chocolate Mint","breadcrumb":{"@id":"https:\/\/www.torq.nl\/product\/recovery-mixbox-10-x-50-gr\/#breadcrumb"},"inLanguage":"de","potentialAction":[{"@type":"ReadAction","target":["https:\/\/www.torq.nl\/product\/recovery-mixbox-10-x-50-gr\/"]}]},{"@type":"ImageObject","inLanguage":"de","@id":"https:\/\/www.torq.nl\/product\/recovery-mixbox-10-x-50-gr\/#primaryimage","url":"https:\/\/www.torq.nl\/wp-content\/uploads\/2021\/12\/mixed-box-recovery-1.png","contentUrl":"https:\/\/www.torq.nl\/wp-content\/uploads\/2021\/12\/mixed-box-recovery-1.png","width":2560,"height":2560,"caption":"Torq Recovery Mixbox"},{"@type":"BreadcrumbList","@id":"https:\/\/www.torq.nl\/product\/recovery-mixbox-10-x-50-gr\/#breadcrumb","itemListElement":[{"@type":"ListItem","position":1,"name":"Home","item":"https:\/\/www.torq.nl\/home\/"},{"@type":"ListItem","position":2,"name":"Winkel","item":"https:\/\/www.torq.nl\/it\/winkel\/"},{"@type":"ListItem","position":3,"name":"Recovery Mixbox 10 x 50 gr"}]},{"@type":"WebSite","@id":"https:\/\/www.torq.nl\/#website","url":"https:\/\/www.torq.nl\/","name":"E-Power","description":"Offizieller Torq-H\u00e4ndler Benelux","publisher":{"@id":"https:\/\/www.torq.nl\/#organization"},"potentialAction":[{"@type":"SearchAction","target":{"@type":"EntryPoint","urlTemplate":"https:\/\/www.torq.nl\/?s={search_term_string}"},"query-input":{"@type":"PropertyValueSpecification","valueRequired":true,"valueName":"search_term_string"}}],"inLanguage":"de"},{"@type":"Organization","@id":"https:\/\/www.torq.nl\/#organization","name":"E-Power","url":"https:\/\/www.torq.nl\/","logo":{"@type":"ImageObject","inLanguage":"de","@id":"https:\/\/www.torq.nl\/#\/schema\/logo\/image\/","url":"https:\/\/www.torq.nl\/wp-content\/uploads\/2021\/04\/Logo-epower.png","contentUrl":"https:\/\/www.torq.nl\/wp-content\/uploads\/2021\/04\/Logo-epower.png","width":506,"height":200,"caption":"E-Power"},"image":{"@id":"https:\/\/www.torq.nl\/#\/schema\/logo\/image\/"},"sameAs":["https:\/\/www.facebook.com\/epowersport\/","https:\/\/x.com\/foodgroupbv"]}]}},"_links":{"self":[{"href":"https:\/\/www.torq.nl\/de\/wp-json\/wp\/v2\/product\/1653","targetHints":{"allow":["GET"]}}],"collection":[{"href":"https:\/\/www.torq.nl\/de\/wp-json\/wp\/v2\/product"}],"about":[{"href":"https:\/\/www.torq.nl\/de\/wp-json\/wp\/v2\/types\/product"}],"wp:featuredmedia":[{"embeddable":true,"href":"https:\/\/www.torq.nl\/de\/wp-json\/wp\/v2\/media\/4259"}],"wp:attachment":[{"href":"https:\/\/www.torq.nl\/de\/wp-json\/wp\/v2\/media?parent=1653"}],"wp:term":[{"taxonomy":"product_brand","embeddable":true,"href":"https:\/\/www.torq.nl\/de\/wp-json\/wp\/v2\/product_brand?post=1653"},{"taxonomy":"product_cat","embeddable":true,"href":"https:\/\/www.torq.nl\/de\/wp-json\/wp\/v2\/product_cat?post=1653"},{"taxonomy":"product_tag","embeddable":true,"href":"https:\/\/www.torq.nl\/de\/wp-json\/wp\/v2\/product_tag?post=1653"}],"curies":[{"name":"wp","href":"https:\/\/api.w.org\/{rel}","templated":true}]}}