{"id":18348,"date":"2023-07-04T13:06:01","date_gmt":"2023-07-04T11:06:01","guid":{"rendered":"https:\/\/www.torq.nl\/?post_type=product&#038;p=18348"},"modified":"2026-05-06T09:34:28","modified_gmt":"2026-05-06T07:34:28","slug":"naked-flavourless-energy-gel","status":"publish","type":"product","link":"https:\/\/www.torq.nl\/de\/produkt\/naked-flavourless-energy-gel\/","title":{"rendered":"Nacktes geschmacksneutrales Energiegel"},"content":{"rendered":"<ul>\n<li>2:1 Maltodextrin:Fruktose<\/li>\n<li>Mehrere transportierbare Kohlenhydrate<\/li>\n<li>Seidig glatte Textur<\/li>\n<li>Teil des TORQ-Kraftstoffsystems<\/li>\n<\/ul>\n<p>Dieses Produkt wurde sorgf\u00e4ltig formuliert, um die einzigartige Mischung aus mehrfach transportierbaren Kohlenhydraten und Elektrolyten von TORQ mithilfe der forschungserprobten 2:1-Maltodextrin:Fruktose-Technologie extrem schnell und effizient an die arbeitenden Muskeln zu liefern. <em><strong>ACHTUNG! Im Gegensatz zu all unseren anderen Energy-Gel-Geschmacksrichtungen enth\u00e4lt das Naked Flavorless Energy Gel aufgrund der Geschmacksneutralit\u00e4t keine Elektrolyte.<\/strong><\/em><\/p>\n<p>TORQ Gel ist Teil des TORQ Fuel Systems und kann daher zusammen mit den Energy Drinks, Riegeln und Kausnacks von TORQ verwendet werden, um optimale Leistung zu erzielen.<\/p>\n<p>Jedes TORQ-Gel enth\u00e4lt 30 Gramm mehrfach transportierbare Kohlenhydrate (1 TORQ-Einheit), was eine deutlich h\u00f6here Konzentration darstellt als viele heute auf dem Markt erh\u00e4ltliche Marken in gr\u00f6\u00dferen, schwereren Packungen. F\u00fcr eine optimale Leistung empfiehlt unser TORQ-Kraftstoffsystem den Verbrauch von 2\u20133 TORQ-Einheiten pro Stunde, was durch den Verbrauch verschiedener Kraftstoffprodukte erreicht werden kann, wie in der folgenden Tabelle dargestellt. Die Einnahme eines TORQ-Gels ist lediglich eine Methode zur Einnahme einer TORQ-Einheit.<\/p>","protected":false},"excerpt":{"rendered":"<p>erg\u00e4nzt das bestehende Geschmackssortiment, indem es Ihnen erm\u00f6glicht, ein neutrales Geschmacksprofil in Ihre Aromatisierungsstrategie zu integrieren, sodass Sie die Palette reinigen k\u00f6nnen, ohne Ihre Energieversorgung negativ zu beeinflussen und die Leistung zu maximieren.<\/p>\n<p><em><strong>ACHTUNG! Im Gegensatz zu all unseren anderen Energy-Gel-Geschmacksrichtungen enth\u00e4lt das Naked Flavorless Energy Gel aufgrund der Geschmacksneutralit\u00e4t keine Elektrolyte.<\/strong><\/em><\/p>","protected":false},"featured_media":18330,"template":"","meta":{"_monsterinsights_skip_tracking":false,"_monsterinsights_sitenote_active":false,"_monsterinsights_sitenote_note":"","_monsterinsights_sitenote_category":0},"product_brand":[],"product_cat":[30,37,15],"product_tag":[],"class_list":{"0":"post-18348","1":"product","2":"type-product","3":"status-publish","4":"has-post-thumbnail","6":"product_cat-fuelling-system","7":"product_cat-torq-energy-gel","8":"product_cat-torq-sportvoeding","10":"first","11":"instock","12":"taxable","13":"shipping-taxable","14":"purchasable","15":"product-type-simple"},"yoast_head":"<!-- This site is optimized with the Yoast SEO plugin v27.5 - https:\/\/yoast.com\/product\/yoast-seo-wordpress\/ -->\n<title>Naked Flavourless Energy Gel - E-Power<\/title>\n<meta name=\"robots\" content=\"index, follow, max-snippet:-1, max-image-preview:large, max-video-preview:-1\" \/>\n<link rel=\"canonical\" href=\"https:\/\/www.torq.nl\/de\/produkt\/naked-flavourless-energy-gel\/\" \/>\n<meta property=\"og:locale\" content=\"de_DE\" \/>\n<meta property=\"og:type\" content=\"article\" \/>\n<meta property=\"og:title\" content=\"Naked Flavourless Energy Gel - E-Power\" \/>\n<meta property=\"og:description\" content=\"complimenteert het bestaande smaakassortiment door u in staat te stellen een neutraal smaakprofiel in uw smaakstofstrategie te structureren, waardoor u de pallet kunt reinigen zonder uw energielevering negatief te be\u00efnvloeden en de prestaties te maximaliseren.  Let op! In tegenstelling tot al onze andere Energy Gels smaken, bevat de Naked Flavourless Energy Gel g\u00e9\u00e9n elektrolyten vanwege smaakneutraliteit.\" \/>\n<meta property=\"og:url\" content=\"https:\/\/www.torq.nl\/de\/produkt\/naked-flavourless-energy-gel\/\" \/>\n<meta property=\"og:site_name\" content=\"E-Power\" \/>\n<meta property=\"article:publisher\" content=\"https:\/\/www.facebook.com\/epowersport\/\" \/>\n<meta property=\"article:modified_time\" content=\"2026-05-06T07:34:28+00:00\" \/>\n<meta property=\"og:image\" content=\"https:\/\/www.torq.nl\/wp-content\/uploads\/2023\/07\/TORQ-Gel-Naked-angle-6.png\" \/>\n\t<meta property=\"og:image:width\" content=\"1200\" \/>\n\t<meta property=\"og:image:height\" content=\"1200\" \/>\n\t<meta property=\"og:image:type\" content=\"image\/png\" \/>\n<meta name=\"twitter:card\" content=\"summary_large_image\" \/>\n<meta name=\"twitter:site\" content=\"@foodgroupbv\" \/>\n<meta name=\"twitter:label1\" content=\"Gesch\u00e4tzte Lesezeit\" \/>\n\t<meta name=\"twitter:data1\" content=\"1\u00a0Minute\" \/>\n<script type=\"application\/ld+json\" class=\"yoast-schema-graph\">{\"@context\":\"https:\\\/\\\/schema.org\",\"@graph\":[{\"@type\":\"WebPage\",\"@id\":\"https:\\\/\\\/www.torq.nl\\\/product\\\/naked-flavourless-energy-gel\\\/\",\"url\":\"https:\\\/\\\/www.torq.nl\\\/product\\\/naked-flavourless-energy-gel\\\/\",\"name\":\"Naked Flavourless Energy Gel - E-Power\",\"isPartOf\":{\"@id\":\"https:\\\/\\\/www.torq.nl\\\/#website\"},\"primaryImageOfPage\":{\"@id\":\"https:\\\/\\\/www.torq.nl\\\/product\\\/naked-flavourless-energy-gel\\\/#primaryimage\"},\"image\":{\"@id\":\"https:\\\/\\\/www.torq.nl\\\/product\\\/naked-flavourless-energy-gel\\\/#primaryimage\"},\"thumbnailUrl\":\"https:\\\/\\\/www.torq.nl\\\/wp-content\\\/uploads\\\/2023\\\/07\\\/TORQ-Gel-Naked-angle-6.png\",\"datePublished\":\"2023-07-04T11:06:01+00:00\",\"dateModified\":\"2026-05-06T07:34:28+00:00\",\"breadcrumb\":{\"@id\":\"https:\\\/\\\/www.torq.nl\\\/product\\\/naked-flavourless-energy-gel\\\/#breadcrumb\"},\"inLanguage\":\"de\",\"potentialAction\":[{\"@type\":\"ReadAction\",\"target\":[\"https:\\\/\\\/www.torq.nl\\\/product\\\/naked-flavourless-energy-gel\\\/\"]}]},{\"@type\":\"ImageObject\",\"inLanguage\":\"de\",\"@id\":\"https:\\\/\\\/www.torq.nl\\\/product\\\/naked-flavourless-energy-gel\\\/#primaryimage\",\"url\":\"https:\\\/\\\/www.torq.nl\\\/wp-content\\\/uploads\\\/2023\\\/07\\\/TORQ-Gel-Naked-angle-6.png\",\"contentUrl\":\"https:\\\/\\\/www.torq.nl\\\/wp-content\\\/uploads\\\/2023\\\/07\\\/TORQ-Gel-Naked-angle-6.png\",\"width\":1200,\"height\":1200},{\"@type\":\"BreadcrumbList\",\"@id\":\"https:\\\/\\\/www.torq.nl\\\/product\\\/naked-flavourless-energy-gel\\\/#breadcrumb\",\"itemListElement\":[{\"@type\":\"ListItem\",\"position\":1,\"name\":\"Home\",\"item\":\"https:\\\/\\\/www.torq.nl\\\/home\\\/\"},{\"@type\":\"ListItem\",\"position\":2,\"name\":\"Winkel\",\"item\":\"https:\\\/\\\/www.torq.nl\\\/it\\\/winkel\\\/\"},{\"@type\":\"ListItem\",\"position\":3,\"name\":\"Naked Flavourless Energy Gel\"}]},{\"@type\":\"WebSite\",\"@id\":\"https:\\\/\\\/www.torq.nl\\\/#website\",\"url\":\"https:\\\/\\\/www.torq.nl\\\/\",\"name\":\"E-Power\",\"description\":\"Officieel Torq dealer Benelux\",\"publisher\":{\"@id\":\"https:\\\/\\\/www.torq.nl\\\/#organization\"},\"potentialAction\":[{\"@type\":\"SearchAction\",\"target\":{\"@type\":\"EntryPoint\",\"urlTemplate\":\"https:\\\/\\\/www.torq.nl\\\/?s={search_term_string}\"},\"query-input\":{\"@type\":\"PropertyValueSpecification\",\"valueRequired\":true,\"valueName\":\"search_term_string\"}}],\"inLanguage\":\"de\"},{\"@type\":\"Organization\",\"@id\":\"https:\\\/\\\/www.torq.nl\\\/#organization\",\"name\":\"E-Power\",\"url\":\"https:\\\/\\\/www.torq.nl\\\/\",\"logo\":{\"@type\":\"ImageObject\",\"inLanguage\":\"de\",\"@id\":\"https:\\\/\\\/www.torq.nl\\\/#\\\/schema\\\/logo\\\/image\\\/\",\"url\":\"https:\\\/\\\/www.torq.nl\\\/wp-content\\\/uploads\\\/2021\\\/04\\\/Logo-epower.png\",\"contentUrl\":\"https:\\\/\\\/www.torq.nl\\\/wp-content\\\/uploads\\\/2021\\\/04\\\/Logo-epower.png\",\"width\":506,\"height\":200,\"caption\":\"E-Power\"},\"image\":{\"@id\":\"https:\\\/\\\/www.torq.nl\\\/#\\\/schema\\\/logo\\\/image\\\/\"},\"sameAs\":[\"https:\\\/\\\/www.facebook.com\\\/epowersport\\\/\",\"https:\\\/\\\/x.com\\\/foodgroupbv\"]}]}<\/script>\n<!-- \/ Yoast SEO plugin. -->","yoast_head_json":{"title":"Naked Flavourless Energy Gel - E-Power","robots":{"index":"index","follow":"follow","max-snippet":"max-snippet:-1","max-image-preview":"max-image-preview:large","max-video-preview":"max-video-preview:-1"},"canonical":"https:\/\/www.torq.nl\/de\/produkt\/naked-flavourless-energy-gel\/","og_locale":"de_DE","og_type":"article","og_title":"Naked Flavourless Energy Gel - E-Power","og_description":"complimenteert het bestaande smaakassortiment door u in staat te stellen een neutraal smaakprofiel in uw smaakstofstrategie te structureren, waardoor u de pallet kunt reinigen zonder uw energielevering negatief te be\u00efnvloeden en de prestaties te maximaliseren.  Let op! In tegenstelling tot al onze andere Energy Gels smaken, bevat de Naked Flavourless Energy Gel g\u00e9\u00e9n elektrolyten vanwege smaakneutraliteit.","og_url":"https:\/\/www.torq.nl\/de\/produkt\/naked-flavourless-energy-gel\/","og_site_name":"E-Power","article_publisher":"https:\/\/www.facebook.com\/epowersport\/","article_modified_time":"2026-05-06T07:34:28+00:00","og_image":[{"width":1200,"height":1200,"url":"https:\/\/www.torq.nl\/wp-content\/uploads\/2023\/07\/TORQ-Gel-Naked-angle-6.png","type":"image\/png"}],"twitter_card":"summary_large_image","twitter_site":"@foodgroupbv","twitter_misc":{"Gesch\u00e4tzte Lesezeit":"1\u00a0Minute"},"schema":{"@context":"https:\/\/schema.org","@graph":[{"@type":"WebPage","@id":"https:\/\/www.torq.nl\/product\/naked-flavourless-energy-gel\/","url":"https:\/\/www.torq.nl\/product\/naked-flavourless-energy-gel\/","name":"Naked Flavourless Energy Gel - E-Power","isPartOf":{"@id":"https:\/\/www.torq.nl\/#website"},"primaryImageOfPage":{"@id":"https:\/\/www.torq.nl\/product\/naked-flavourless-energy-gel\/#primaryimage"},"image":{"@id":"https:\/\/www.torq.nl\/product\/naked-flavourless-energy-gel\/#primaryimage"},"thumbnailUrl":"https:\/\/www.torq.nl\/wp-content\/uploads\/2023\/07\/TORQ-Gel-Naked-angle-6.png","datePublished":"2023-07-04T11:06:01+00:00","dateModified":"2026-05-06T07:34:28+00:00","breadcrumb":{"@id":"https:\/\/www.torq.nl\/product\/naked-flavourless-energy-gel\/#breadcrumb"},"inLanguage":"de","potentialAction":[{"@type":"ReadAction","target":["https:\/\/www.torq.nl\/product\/naked-flavourless-energy-gel\/"]}]},{"@type":"ImageObject","inLanguage":"de","@id":"https:\/\/www.torq.nl\/product\/naked-flavourless-energy-gel\/#primaryimage","url":"https:\/\/www.torq.nl\/wp-content\/uploads\/2023\/07\/TORQ-Gel-Naked-angle-6.png","contentUrl":"https:\/\/www.torq.nl\/wp-content\/uploads\/2023\/07\/TORQ-Gel-Naked-angle-6.png","width":1200,"height":1200},{"@type":"BreadcrumbList","@id":"https:\/\/www.torq.nl\/product\/naked-flavourless-energy-gel\/#breadcrumb","itemListElement":[{"@type":"ListItem","position":1,"name":"Home","item":"https:\/\/www.torq.nl\/home\/"},{"@type":"ListItem","position":2,"name":"Winkel","item":"https:\/\/www.torq.nl\/it\/winkel\/"},{"@type":"ListItem","position":3,"name":"Naked Flavourless Energy Gel"}]},{"@type":"WebSite","@id":"https:\/\/www.torq.nl\/#website","url":"https:\/\/www.torq.nl\/","name":"E-Power","description":"Offizieller Torq-H\u00e4ndler Benelux","publisher":{"@id":"https:\/\/www.torq.nl\/#organization"},"potentialAction":[{"@type":"SearchAction","target":{"@type":"EntryPoint","urlTemplate":"https:\/\/www.torq.nl\/?s={search_term_string}"},"query-input":{"@type":"PropertyValueSpecification","valueRequired":true,"valueName":"search_term_string"}}],"inLanguage":"de"},{"@type":"Organization","@id":"https:\/\/www.torq.nl\/#organization","name":"E-Power","url":"https:\/\/www.torq.nl\/","logo":{"@type":"ImageObject","inLanguage":"de","@id":"https:\/\/www.torq.nl\/#\/schema\/logo\/image\/","url":"https:\/\/www.torq.nl\/wp-content\/uploads\/2021\/04\/Logo-epower.png","contentUrl":"https:\/\/www.torq.nl\/wp-content\/uploads\/2021\/04\/Logo-epower.png","width":506,"height":200,"caption":"E-Power"},"image":{"@id":"https:\/\/www.torq.nl\/#\/schema\/logo\/image\/"},"sameAs":["https:\/\/www.facebook.com\/epowersport\/","https:\/\/x.com\/foodgroupbv"]}]}},"_links":{"self":[{"href":"https:\/\/www.torq.nl\/de\/wp-json\/wp\/v2\/product\/18348","targetHints":{"allow":["GET"]}}],"collection":[{"href":"https:\/\/www.torq.nl\/de\/wp-json\/wp\/v2\/product"}],"about":[{"href":"https:\/\/www.torq.nl\/de\/wp-json\/wp\/v2\/types\/product"}],"wp:featuredmedia":[{"embeddable":true,"href":"https:\/\/www.torq.nl\/de\/wp-json\/wp\/v2\/media\/18330"}],"wp:attachment":[{"href":"https:\/\/www.torq.nl\/de\/wp-json\/wp\/v2\/media?parent=18348"}],"wp:term":[{"taxonomy":"product_brand","embeddable":true,"href":"https:\/\/www.torq.nl\/de\/wp-json\/wp\/v2\/product_brand?post=18348"},{"taxonomy":"product_cat","embeddable":true,"href":"https:\/\/www.torq.nl\/de\/wp-json\/wp\/v2\/product_cat?post=18348"},{"taxonomy":"product_tag","embeddable":true,"href":"https:\/\/www.torq.nl\/de\/wp-json\/wp\/v2\/product_tag?post=18348"}],"curies":[{"name":"wp","href":"https:\/\/api.w.org\/{rel}","templated":true}]}}