{"id":18405,"date":"2023-07-05T10:43:08","date_gmt":"2023-07-05T08:43:08","guid":{"rendered":"https:\/\/www.torq.nl\/?post_type=product&#038;p=18405"},"modified":"2025-07-01T16:45:34","modified_gmt":"2025-07-01T14:45:34","slug":"banoffee-energy-gel-with-guarana","status":"publish","type":"product","link":"https:\/\/www.torq.nl\/de\/produkt\/banoffee-energy-gel-with-guarana\/","title":{"rendered":"Banoffee Energy Gel (mit Guarana)"},"content":{"rendered":"<p>Jedes TORQ-Gel enth\u00e4lt 30 Gramm mehrfach transportierbare Kohlenhydrate (1 TORQ-Einheit), was eine deutlich h\u00f6here Konzentration darstellt als viele heute auf dem Markt erh\u00e4ltliche Marken, die in gr\u00f6\u00dferen, schwereren Packungen angeboten werden. F\u00fcr eine optimale Leistung empfiehlt unser TORQ-Kraftstoffsystem den Verbrauch von 2-3 TORQ-Einheiten pro Stunde, was durch den Verbrauch verschiedener Kraftstoffprodukte erreicht werden kann.<\/p>\n<h3>Verwendung des Produkts<\/h3>\n<p>TORQ Gel stellt die schnellstm\u00f6gliche Methode zum Verzehr von 30 Gramm Kohlenhydraten (1 TORQ-Einheit) dar und eignet sich daher f\u00fcr die Verwendung bei allen Trainingsintensit\u00e4ten. Besonders beliebt ist es bei Rennen oder Trainings mit hoher Intensit\u00e4t, wenn schweres Atmen den Verzehr eines TORQ Riegels oder TORQ Chew erfordert schwieriger.<\/p>\n<p>Aus diesen Gr\u00fcnden empfehlen wir, bei intensiverem Training TORQ Energy Drink mit TORQ Energy Gels zu kombinieren und bei l\u00e4ngeren Distanzen, bei denen die Trainingsintensit\u00e4t aus Gr\u00fcnden der Abwechslung geringer ist, TORQ Bars und TORQ Chews in Betracht zu ziehen. Das Sch\u00f6ne am TORQ-Kraftstoffsystem ist nat\u00fcrlich, dass Sie die Wahl haben und wir akzeptieren, dass jeder andere Vorlieben hat.<\/p>\n<p>* TORQ Energy Gels sind VEGAN<\/p>","protected":false},"excerpt":{"rendered":"<p>Dieses Produkt wurde sorgf\u00e4ltig zusammengestellt, um die einzigartige Mischung aus mehrfach transportierbaren Kohlenhydraten und Elektrolyten von TORQ den arbeitenden Muskeln extrem schnell und effizient mithilfe wissenschaftlich erwiesener Erkenntnisse zuzuf\u00fchren <span style=\"color: #ff6600;\"><em><strong>2:1 Maltodextrin:Fruktose-Technologie<\/strong><\/em><\/span> und alles <span style=\"color: #ff6600;\"><em><strong>5 wichtige Elektrolyte<\/strong><\/em><\/span>.<\/p>\n<p>*TORQ Gel ist Teil des TORQ Fueling Systems und kann daher zusammen mit den Energy Drinks, Riegeln und Kausnacks von TORQ verwendet werden, um optimale Leistung zu erzielen.<\/p>","protected":false},"featured_media":4711,"template":"","meta":{"_monsterinsights_skip_tracking":false,"_monsterinsights_sitenote_active":false,"_monsterinsights_sitenote_note":"","_monsterinsights_sitenote_category":0},"product_brand":[],"product_cat":[30,37,15],"product_tag":[],"class_list":{"0":"post-18405","1":"product","2":"type-product","3":"status-publish","4":"has-post-thumbnail","6":"product_cat-fuelling-system","7":"product_cat-torq-energy-gel","8":"product_cat-torq-sportvoeding","10":"first","11":"instock","12":"taxable","13":"shipping-taxable","14":"purchasable","15":"product-type-simple"},"yoast_head":"<!-- This site is optimized with the Yoast SEO plugin v27.2 - https:\/\/yoast.com\/product\/yoast-seo-wordpress\/ -->\n<title>Banoffee Energy Gel (with Guarana) - E-Power<\/title>\n<meta name=\"description\" content=\"Torq Gels zijn zorgvuldig samengesteld om TORQ&#039;s unieke mix van meervoudig transporteerbare koolhydraten en elektrolyten extreem snel en effici\u00ebnt\" \/>\n<meta name=\"robots\" content=\"index, follow, max-snippet:-1, max-image-preview:large, max-video-preview:-1\" \/>\n<link rel=\"canonical\" href=\"https:\/\/www.torq.nl\/de\/produkt\/banoffee-energy-gel-with-guarana\/\" \/>\n<meta property=\"og:locale\" content=\"de_DE\" \/>\n<meta property=\"og:type\" content=\"article\" \/>\n<meta property=\"og:title\" content=\"Banoffee Energy Gel (with Guarana) - E-Power\" \/>\n<meta property=\"og:description\" content=\"Torq Gels zijn zorgvuldig samengesteld om TORQ&#039;s unieke mix van meervoudig transporteerbare koolhydraten en elektrolyten extreem snel en effici\u00ebnt\" \/>\n<meta property=\"og:url\" content=\"https:\/\/www.torq.nl\/de\/produkt\/banoffee-energy-gel-with-guarana\/\" \/>\n<meta property=\"og:site_name\" content=\"E-Power\" \/>\n<meta property=\"article:publisher\" content=\"https:\/\/www.facebook.com\/epowersport\/\" \/>\n<meta property=\"article:modified_time\" content=\"2025-07-01T14:45:34+00:00\" \/>\n<meta property=\"og:image\" content=\"https:\/\/www.torq.nl\/wp-content\/uploads\/2021\/07\/banoffee-tip-1030x1030.png\" \/>\n\t<meta property=\"og:image:width\" content=\"1030\" \/>\n\t<meta property=\"og:image:height\" content=\"1030\" \/>\n\t<meta property=\"og:image:type\" content=\"image\/png\" \/>\n<meta name=\"twitter:card\" content=\"summary_large_image\" \/>\n<meta name=\"twitter:site\" content=\"@foodgroupbv\" \/>\n<meta name=\"twitter:label1\" content=\"Gesch\u00e4tzte Lesezeit\" \/>\n\t<meta name=\"twitter:data1\" content=\"1\u00a0Minute\" \/>\n<script type=\"application\/ld+json\" class=\"yoast-schema-graph\">{\"@context\":\"https:\/\/schema.org\",\"@graph\":[{\"@type\":\"WebPage\",\"@id\":\"https:\/\/www.torq.nl\/product\/banoffee-energy-gel-with-guarana\/\",\"url\":\"https:\/\/www.torq.nl\/product\/banoffee-energy-gel-with-guarana\/\",\"name\":\"Banoffee Energy Gel (with Guarana) - E-Power\",\"isPartOf\":{\"@id\":\"https:\/\/www.torq.nl\/#website\"},\"primaryImageOfPage\":{\"@id\":\"https:\/\/www.torq.nl\/product\/banoffee-energy-gel-with-guarana\/#primaryimage\"},\"image\":{\"@id\":\"https:\/\/www.torq.nl\/product\/banoffee-energy-gel-with-guarana\/#primaryimage\"},\"thumbnailUrl\":\"https:\/\/www.torq.nl\/wp-content\/uploads\/2021\/07\/banoffee-tip.png\",\"datePublished\":\"2023-07-05T08:43:08+00:00\",\"dateModified\":\"2025-07-01T14:45:34+00:00\",\"description\":\"Torq Gels zijn zorgvuldig samengesteld om TORQ's unieke mix van meervoudig transporteerbare koolhydraten en elektrolyten extreem snel en effici\u00ebnt\",\"breadcrumb\":{\"@id\":\"https:\/\/www.torq.nl\/product\/banoffee-energy-gel-with-guarana\/#breadcrumb\"},\"inLanguage\":\"de\",\"potentialAction\":[{\"@type\":\"ReadAction\",\"target\":[\"https:\/\/www.torq.nl\/product\/banoffee-energy-gel-with-guarana\/\"]}]},{\"@type\":\"ImageObject\",\"inLanguage\":\"de\",\"@id\":\"https:\/\/www.torq.nl\/product\/banoffee-energy-gel-with-guarana\/#primaryimage\",\"url\":\"https:\/\/www.torq.nl\/wp-content\/uploads\/2021\/07\/banoffee-tip.png\",\"contentUrl\":\"https:\/\/www.torq.nl\/wp-content\/uploads\/2021\/07\/banoffee-tip.png\",\"width\":2560,\"height\":2560,\"caption\":\"Banoffee Energy Gel\"},{\"@type\":\"BreadcrumbList\",\"@id\":\"https:\/\/www.torq.nl\/product\/banoffee-energy-gel-with-guarana\/#breadcrumb\",\"itemListElement\":[{\"@type\":\"ListItem\",\"position\":1,\"name\":\"Home\",\"item\":\"https:\/\/www.torq.nl\/home\/\"},{\"@type\":\"ListItem\",\"position\":2,\"name\":\"Winkel\",\"item\":\"https:\/\/www.torq.nl\/it\/winkel\/\"},{\"@type\":\"ListItem\",\"position\":3,\"name\":\"Banoffee Energy Gel (with Guarana)\"}]},{\"@type\":\"WebSite\",\"@id\":\"https:\/\/www.torq.nl\/#website\",\"url\":\"https:\/\/www.torq.nl\/\",\"name\":\"E-Power\",\"description\":\"Officieel Torq dealer Benelux\",\"publisher\":{\"@id\":\"https:\/\/www.torq.nl\/#organization\"},\"potentialAction\":[{\"@type\":\"SearchAction\",\"target\":{\"@type\":\"EntryPoint\",\"urlTemplate\":\"https:\/\/www.torq.nl\/?s={search_term_string}\"},\"query-input\":{\"@type\":\"PropertyValueSpecification\",\"valueRequired\":true,\"valueName\":\"search_term_string\"}}],\"inLanguage\":\"de\"},{\"@type\":\"Organization\",\"@id\":\"https:\/\/www.torq.nl\/#organization\",\"name\":\"E-Power\",\"url\":\"https:\/\/www.torq.nl\/\",\"logo\":{\"@type\":\"ImageObject\",\"inLanguage\":\"de\",\"@id\":\"https:\/\/www.torq.nl\/#\/schema\/logo\/image\/\",\"url\":\"https:\/\/www.torq.nl\/wp-content\/uploads\/2021\/04\/Logo-epower.png\",\"contentUrl\":\"https:\/\/www.torq.nl\/wp-content\/uploads\/2021\/04\/Logo-epower.png\",\"width\":506,\"height\":200,\"caption\":\"E-Power\"},\"image\":{\"@id\":\"https:\/\/www.torq.nl\/#\/schema\/logo\/image\/\"},\"sameAs\":[\"https:\/\/www.facebook.com\/epowersport\/\",\"https:\/\/x.com\/foodgroupbv\"]}]}<\/script>\n<!-- \/ Yoast SEO plugin. -->","yoast_head_json":{"title":"Banoffee Energy Gel (with Guarana) - E-Power","description":"Torq Gels werden sorgf\u00e4ltig formuliert, um die einzigartige Mischung aus leicht transportierbaren Kohlenhydraten und Elektrolyten von TORQ extrem schnell und effizient zu liefern.","robots":{"index":"index","follow":"follow","max-snippet":"max-snippet:-1","max-image-preview":"max-image-preview:large","max-video-preview":"max-video-preview:-1"},"canonical":"https:\/\/www.torq.nl\/de\/produkt\/banoffee-energy-gel-with-guarana\/","og_locale":"de_DE","og_type":"article","og_title":"Banoffee Energy Gel (with Guarana) - E-Power","og_description":"Torq Gels zijn zorgvuldig samengesteld om TORQ's unieke mix van meervoudig transporteerbare koolhydraten en elektrolyten extreem snel en effici\u00ebnt","og_url":"https:\/\/www.torq.nl\/de\/produkt\/banoffee-energy-gel-with-guarana\/","og_site_name":"E-Power","article_publisher":"https:\/\/www.facebook.com\/epowersport\/","article_modified_time":"2025-07-01T14:45:34+00:00","og_image":[{"width":1030,"height":1030,"url":"https:\/\/www.torq.nl\/wp-content\/uploads\/2021\/07\/banoffee-tip-1030x1030.png","type":"image\/png"}],"twitter_card":"summary_large_image","twitter_site":"@foodgroupbv","twitter_misc":{"Gesch\u00e4tzte Lesezeit":"1\u00a0Minute"},"schema":{"@context":"https:\/\/schema.org","@graph":[{"@type":"WebPage","@id":"https:\/\/www.torq.nl\/product\/banoffee-energy-gel-with-guarana\/","url":"https:\/\/www.torq.nl\/product\/banoffee-energy-gel-with-guarana\/","name":"Banoffee Energy Gel (with Guarana) - E-Power","isPartOf":{"@id":"https:\/\/www.torq.nl\/#website"},"primaryImageOfPage":{"@id":"https:\/\/www.torq.nl\/product\/banoffee-energy-gel-with-guarana\/#primaryimage"},"image":{"@id":"https:\/\/www.torq.nl\/product\/banoffee-energy-gel-with-guarana\/#primaryimage"},"thumbnailUrl":"https:\/\/www.torq.nl\/wp-content\/uploads\/2021\/07\/banoffee-tip.png","datePublished":"2023-07-05T08:43:08+00:00","dateModified":"2025-07-01T14:45:34+00:00","description":"Torq Gels werden sorgf\u00e4ltig formuliert, um die einzigartige Mischung aus leicht transportierbaren Kohlenhydraten und Elektrolyten von TORQ extrem schnell und effizient zu liefern.","breadcrumb":{"@id":"https:\/\/www.torq.nl\/product\/banoffee-energy-gel-with-guarana\/#breadcrumb"},"inLanguage":"de","potentialAction":[{"@type":"ReadAction","target":["https:\/\/www.torq.nl\/product\/banoffee-energy-gel-with-guarana\/"]}]},{"@type":"ImageObject","inLanguage":"de","@id":"https:\/\/www.torq.nl\/product\/banoffee-energy-gel-with-guarana\/#primaryimage","url":"https:\/\/www.torq.nl\/wp-content\/uploads\/2021\/07\/banoffee-tip.png","contentUrl":"https:\/\/www.torq.nl\/wp-content\/uploads\/2021\/07\/banoffee-tip.png","width":2560,"height":2560,"caption":"Banoffee Energy Gel"},{"@type":"BreadcrumbList","@id":"https:\/\/www.torq.nl\/product\/banoffee-energy-gel-with-guarana\/#breadcrumb","itemListElement":[{"@type":"ListItem","position":1,"name":"Home","item":"https:\/\/www.torq.nl\/home\/"},{"@type":"ListItem","position":2,"name":"Winkel","item":"https:\/\/www.torq.nl\/it\/winkel\/"},{"@type":"ListItem","position":3,"name":"Banoffee Energy Gel (with Guarana)"}]},{"@type":"WebSite","@id":"https:\/\/www.torq.nl\/#website","url":"https:\/\/www.torq.nl\/","name":"E-Power","description":"Offizieller Torq-H\u00e4ndler Benelux","publisher":{"@id":"https:\/\/www.torq.nl\/#organization"},"potentialAction":[{"@type":"SearchAction","target":{"@type":"EntryPoint","urlTemplate":"https:\/\/www.torq.nl\/?s={search_term_string}"},"query-input":{"@type":"PropertyValueSpecification","valueRequired":true,"valueName":"search_term_string"}}],"inLanguage":"de"},{"@type":"Organization","@id":"https:\/\/www.torq.nl\/#organization","name":"E-Power","url":"https:\/\/www.torq.nl\/","logo":{"@type":"ImageObject","inLanguage":"de","@id":"https:\/\/www.torq.nl\/#\/schema\/logo\/image\/","url":"https:\/\/www.torq.nl\/wp-content\/uploads\/2021\/04\/Logo-epower.png","contentUrl":"https:\/\/www.torq.nl\/wp-content\/uploads\/2021\/04\/Logo-epower.png","width":506,"height":200,"caption":"E-Power"},"image":{"@id":"https:\/\/www.torq.nl\/#\/schema\/logo\/image\/"},"sameAs":["https:\/\/www.facebook.com\/epowersport\/","https:\/\/x.com\/foodgroupbv"]}]}},"_links":{"self":[{"href":"https:\/\/www.torq.nl\/de\/wp-json\/wp\/v2\/product\/18405","targetHints":{"allow":["GET"]}}],"collection":[{"href":"https:\/\/www.torq.nl\/de\/wp-json\/wp\/v2\/product"}],"about":[{"href":"https:\/\/www.torq.nl\/de\/wp-json\/wp\/v2\/types\/product"}],"wp:featuredmedia":[{"embeddable":true,"href":"https:\/\/www.torq.nl\/de\/wp-json\/wp\/v2\/media\/4711"}],"wp:attachment":[{"href":"https:\/\/www.torq.nl\/de\/wp-json\/wp\/v2\/media?parent=18405"}],"wp:term":[{"taxonomy":"product_brand","embeddable":true,"href":"https:\/\/www.torq.nl\/de\/wp-json\/wp\/v2\/product_brand?post=18405"},{"taxonomy":"product_cat","embeddable":true,"href":"https:\/\/www.torq.nl\/de\/wp-json\/wp\/v2\/product_cat?post=18405"},{"taxonomy":"product_tag","embeddable":true,"href":"https:\/\/www.torq.nl\/de\/wp-json\/wp\/v2\/product_tag?post=18405"}],"curies":[{"name":"wp","href":"https:\/\/api.w.org\/{rel}","templated":true}]}}