{"id":18438,"date":"2023-07-05T20:02:57","date_gmt":"2023-07-05T18:02:57","guid":{"rendered":"https:\/\/www.torq.nl\/?post_type=product&#038;p=18438"},"modified":"2026-03-26T19:22:52","modified_gmt":"2026-03-26T18:22:52","slug":"organic-sundried-banana-energy-bar","status":"publish","type":"product","link":"https:\/\/www.torq.nl\/de\/produkt\/organic-sundried-banana-energy-bar\/","title":{"rendered":"Bio-Energieriegel mit sonnengetrockneten Bananen"},"content":{"rendered":"<p>Jeder TORQ-Riegel enth\u00e4lt 30 Gramm mehrfach transportierbare Kohlenhydrate (1 TORQ-Einheit). F\u00fcr eine optimale Leistung empfiehlt unser TORQ-Kraftstoffsystem den Verbrauch von 2\u20133 TORQ-Einheiten pro Stunde, was durch den Verbrauch verschiedener Kraftstoffprodukte erreicht werden kann.<\/p>\n<h3>Verwendung des Produkts<\/h3>\n<p>Wir glauben, dass der TORQ Bar der weichste und am einfachsten zu verzehrende Energieriegel auf dem Markt ist, sodass er w\u00e4hrend des Trainings ganz einfach verzehrt werden kann. Wir raten von der Verwendung von TORQ Bar oder TORQ Chew bei hochintensiven Rennen oder Trainingseinheiten ab, wenn schweres Atmen den Verzehr erschwert.<\/p>\n<p>Aus diesen Gr\u00fcnden empfehlen wir, bei intensiverem Training TORQ Energy Drink mit TORQ Energy Gels zu kombinieren und bei l\u00e4ngeren Distanzen, bei denen die Trainingsintensit\u00e4t aus Gr\u00fcnden der Abwechslung geringer ist, TORQ Bars und TORQ Chews in Betracht zu ziehen. Das Sch\u00f6ne am TORQ-Kraftstoffsystem ist nat\u00fcrlich, dass Sie die Wahl haben und wir akzeptieren, dass jeder andere Vorlieben hat.<\/p>\n<p>*TORQ Energieriegel sind VEGAN<\/p>","protected":false},"excerpt":{"rendered":"<p>TORQ Bar ist eine davon <em><span style=\"color: #ff6600;\">Bio-Energieriegel mit extrem niedrigem Fettgehalt, feucht und z\u00e4h<\/span><\/em>, formuliert nach TORQs einzigartiger Mischung aus <em><span style=\"color: #ff6600;\">mehrfach transportierbare Kohlenhydrate<\/span><\/em> schnell und effizient zu den arbeitenden Muskeln. TORQ-St\u00e4be sind <em><span style=\"color: #ff6600;\">Bio-zertifiziert<\/span><\/em> von der Soil Association. Alle TORQ-Riegel, au\u00dfer dem Riegel mit Orangengeschmack, verwenden ebenfalls <em><span style=\"color: #ff6600;\">Obst aus fairem Handel<\/span><\/em>.<\/p>\n<p>*TORQ Bar ist Teil des TORQ Fueling Systems und kann daher zusammen mit den Energy Drinks, Gels und Chews von TORQ verwendet werden, um optimale Leistung zu erzielen.<\/p>","protected":false},"featured_media":4658,"template":"","meta":{"_monsterinsights_skip_tracking":false,"_monsterinsights_sitenote_active":false,"_monsterinsights_sitenote_note":"","_monsterinsights_sitenote_category":0},"product_brand":[],"product_cat":[30,38,15],"product_tag":[],"class_list":{"0":"post-18438","1":"product","2":"type-product","3":"status-publish","4":"has-post-thumbnail","6":"product_cat-fuelling-system","7":"product_cat-torq-energy-bar","8":"product_cat-torq-sportvoeding","10":"first","11":"instock","12":"taxable","13":"shipping-taxable","14":"purchasable","15":"product-type-simple"},"yoast_head":"<!-- This site is optimized with the Yoast SEO plugin v27.2 - https:\/\/yoast.com\/product\/yoast-seo-wordpress\/ -->\n<title>Organic Sundried Banana Energy Bar - E-Power<\/title>\n<meta name=\"description\" content=\"De TORQ Fueling System-pagina van deze website legt duidelijk uit hoe TORQ Bar werkt naast de andere tankproducten van TORQ (TORQ Energy Drink, TORQ Gel\" \/>\n<meta name=\"robots\" content=\"index, follow, max-snippet:-1, max-image-preview:large, max-video-preview:-1\" \/>\n<link rel=\"canonical\" href=\"https:\/\/www.torq.nl\/de\/produkt\/organic-sundried-banana-energy-bar\/\" \/>\n<meta property=\"og:locale\" content=\"de_DE\" \/>\n<meta property=\"og:type\" content=\"article\" \/>\n<meta property=\"og:title\" content=\"Organic Sundried Banana Energy Bar - E-Power\" \/>\n<meta property=\"og:description\" content=\"De TORQ Fueling System-pagina van deze website legt duidelijk uit hoe TORQ Bar werkt naast de andere tankproducten van TORQ (TORQ Energy Drink, TORQ Gel\" \/>\n<meta property=\"og:url\" content=\"https:\/\/www.torq.nl\/de\/produkt\/organic-sundried-banana-energy-bar\/\" \/>\n<meta property=\"og:site_name\" content=\"E-Power\" \/>\n<meta property=\"article:publisher\" content=\"https:\/\/www.facebook.com\/epowersport\/\" \/>\n<meta property=\"article:modified_time\" content=\"2026-03-26T18:22:52+00:00\" \/>\n<meta property=\"og:image\" content=\"https:\/\/www.torq.nl\/wp-content\/uploads\/2021\/07\/banana-top-1030x1030.png\" \/>\n\t<meta property=\"og:image:width\" content=\"1030\" \/>\n\t<meta property=\"og:image:height\" content=\"1030\" \/>\n\t<meta property=\"og:image:type\" content=\"image\/png\" \/>\n<meta name=\"twitter:card\" content=\"summary_large_image\" \/>\n<meta name=\"twitter:site\" content=\"@foodgroupbv\" \/>\n<meta name=\"twitter:label1\" content=\"Gesch\u00e4tzte Lesezeit\" \/>\n\t<meta name=\"twitter:data1\" content=\"1\u00a0Minute\" \/>\n<script type=\"application\/ld+json\" class=\"yoast-schema-graph\">{\"@context\":\"https:\/\/schema.org\",\"@graph\":[{\"@type\":\"WebPage\",\"@id\":\"https:\/\/www.torq.nl\/product\/organic-sundried-banana-energy-bar\/\",\"url\":\"https:\/\/www.torq.nl\/product\/organic-sundried-banana-energy-bar\/\",\"name\":\"Organic Sundried Banana Energy Bar - E-Power\",\"isPartOf\":{\"@id\":\"https:\/\/www.torq.nl\/#website\"},\"primaryImageOfPage\":{\"@id\":\"https:\/\/www.torq.nl\/product\/organic-sundried-banana-energy-bar\/#primaryimage\"},\"image\":{\"@id\":\"https:\/\/www.torq.nl\/product\/organic-sundried-banana-energy-bar\/#primaryimage\"},\"thumbnailUrl\":\"https:\/\/www.torq.nl\/wp-content\/uploads\/2021\/07\/banana-top.png\",\"datePublished\":\"2023-07-05T18:02:57+00:00\",\"dateModified\":\"2026-03-26T18:22:52+00:00\",\"description\":\"De TORQ Fueling System-pagina van deze website legt duidelijk uit hoe TORQ Bar werkt naast de andere tankproducten van TORQ (TORQ Energy Drink, TORQ Gel\",\"breadcrumb\":{\"@id\":\"https:\/\/www.torq.nl\/product\/organic-sundried-banana-energy-bar\/#breadcrumb\"},\"inLanguage\":\"de\",\"potentialAction\":[{\"@type\":\"ReadAction\",\"target\":[\"https:\/\/www.torq.nl\/product\/organic-sundried-banana-energy-bar\/\"]}]},{\"@type\":\"ImageObject\",\"inLanguage\":\"de\",\"@id\":\"https:\/\/www.torq.nl\/product\/organic-sundried-banana-energy-bar\/#primaryimage\",\"url\":\"https:\/\/www.torq.nl\/wp-content\/uploads\/2021\/07\/banana-top.png\",\"contentUrl\":\"https:\/\/www.torq.nl\/wp-content\/uploads\/2021\/07\/banana-top.png\",\"width\":2560,\"height\":2560,\"caption\":\"Organic Sundried Banana Bar\"},{\"@type\":\"BreadcrumbList\",\"@id\":\"https:\/\/www.torq.nl\/product\/organic-sundried-banana-energy-bar\/#breadcrumb\",\"itemListElement\":[{\"@type\":\"ListItem\",\"position\":1,\"name\":\"Home\",\"item\":\"https:\/\/www.torq.nl\/home\/\"},{\"@type\":\"ListItem\",\"position\":2,\"name\":\"Winkel\",\"item\":\"https:\/\/www.torq.nl\/it\/winkel\/\"},{\"@type\":\"ListItem\",\"position\":3,\"name\":\"Organic Sundried Banana Energy Bar\"}]},{\"@type\":\"WebSite\",\"@id\":\"https:\/\/www.torq.nl\/#website\",\"url\":\"https:\/\/www.torq.nl\/\",\"name\":\"E-Power\",\"description\":\"Officieel Torq dealer Benelux\",\"publisher\":{\"@id\":\"https:\/\/www.torq.nl\/#organization\"},\"potentialAction\":[{\"@type\":\"SearchAction\",\"target\":{\"@type\":\"EntryPoint\",\"urlTemplate\":\"https:\/\/www.torq.nl\/?s={search_term_string}\"},\"query-input\":{\"@type\":\"PropertyValueSpecification\",\"valueRequired\":true,\"valueName\":\"search_term_string\"}}],\"inLanguage\":\"de\"},{\"@type\":\"Organization\",\"@id\":\"https:\/\/www.torq.nl\/#organization\",\"name\":\"E-Power\",\"url\":\"https:\/\/www.torq.nl\/\",\"logo\":{\"@type\":\"ImageObject\",\"inLanguage\":\"de\",\"@id\":\"https:\/\/www.torq.nl\/#\/schema\/logo\/image\/\",\"url\":\"https:\/\/www.torq.nl\/wp-content\/uploads\/2021\/04\/Logo-epower.png\",\"contentUrl\":\"https:\/\/www.torq.nl\/wp-content\/uploads\/2021\/04\/Logo-epower.png\",\"width\":506,\"height\":200,\"caption\":\"E-Power\"},\"image\":{\"@id\":\"https:\/\/www.torq.nl\/#\/schema\/logo\/image\/\"},\"sameAs\":[\"https:\/\/www.facebook.com\/epowersport\/\",\"https:\/\/x.com\/foodgroupbv\"]}]}<\/script>\n<!-- \/ Yoast SEO plugin. -->","yoast_head_json":{"title":"Organic Sundried Banana Energy Bar - E-Power","description":"De TORQ Fueling System-pagina van deze website legt duidelijk uit hoe TORQ Bar werkt naast de andere tankproducten van TORQ (TORQ Energy Drink, TORQ Gel","robots":{"index":"index","follow":"follow","max-snippet":"max-snippet:-1","max-image-preview":"max-image-preview:large","max-video-preview":"max-video-preview:-1"},"canonical":"https:\/\/www.torq.nl\/de\/produkt\/organic-sundried-banana-energy-bar\/","og_locale":"de_DE","og_type":"article","og_title":"Organic Sundried Banana Energy Bar - E-Power","og_description":"De TORQ Fueling System-pagina van deze website legt duidelijk uit hoe TORQ Bar werkt naast de andere tankproducten van TORQ (TORQ Energy Drink, TORQ Gel","og_url":"https:\/\/www.torq.nl\/de\/produkt\/organic-sundried-banana-energy-bar\/","og_site_name":"E-Power","article_publisher":"https:\/\/www.facebook.com\/epowersport\/","article_modified_time":"2026-03-26T18:22:52+00:00","og_image":[{"width":1030,"height":1030,"url":"https:\/\/www.torq.nl\/wp-content\/uploads\/2021\/07\/banana-top-1030x1030.png","type":"image\/png"}],"twitter_card":"summary_large_image","twitter_site":"@foodgroupbv","twitter_misc":{"Gesch\u00e4tzte Lesezeit":"1\u00a0Minute"},"schema":{"@context":"https:\/\/schema.org","@graph":[{"@type":"WebPage","@id":"https:\/\/www.torq.nl\/product\/organic-sundried-banana-energy-bar\/","url":"https:\/\/www.torq.nl\/product\/organic-sundried-banana-energy-bar\/","name":"Organic Sundried Banana Energy Bar - E-Power","isPartOf":{"@id":"https:\/\/www.torq.nl\/#website"},"primaryImageOfPage":{"@id":"https:\/\/www.torq.nl\/product\/organic-sundried-banana-energy-bar\/#primaryimage"},"image":{"@id":"https:\/\/www.torq.nl\/product\/organic-sundried-banana-energy-bar\/#primaryimage"},"thumbnailUrl":"https:\/\/www.torq.nl\/wp-content\/uploads\/2021\/07\/banana-top.png","datePublished":"2023-07-05T18:02:57+00:00","dateModified":"2026-03-26T18:22:52+00:00","description":"De TORQ Fueling System-pagina van deze website legt duidelijk uit hoe TORQ Bar werkt naast de andere tankproducten van TORQ (TORQ Energy Drink, TORQ Gel","breadcrumb":{"@id":"https:\/\/www.torq.nl\/product\/organic-sundried-banana-energy-bar\/#breadcrumb"},"inLanguage":"de","potentialAction":[{"@type":"ReadAction","target":["https:\/\/www.torq.nl\/product\/organic-sundried-banana-energy-bar\/"]}]},{"@type":"ImageObject","inLanguage":"de","@id":"https:\/\/www.torq.nl\/product\/organic-sundried-banana-energy-bar\/#primaryimage","url":"https:\/\/www.torq.nl\/wp-content\/uploads\/2021\/07\/banana-top.png","contentUrl":"https:\/\/www.torq.nl\/wp-content\/uploads\/2021\/07\/banana-top.png","width":2560,"height":2560,"caption":"Organic Sundried Banana Bar"},{"@type":"BreadcrumbList","@id":"https:\/\/www.torq.nl\/product\/organic-sundried-banana-energy-bar\/#breadcrumb","itemListElement":[{"@type":"ListItem","position":1,"name":"Home","item":"https:\/\/www.torq.nl\/home\/"},{"@type":"ListItem","position":2,"name":"Winkel","item":"https:\/\/www.torq.nl\/it\/winkel\/"},{"@type":"ListItem","position":3,"name":"Organic Sundried Banana Energy Bar"}]},{"@type":"WebSite","@id":"https:\/\/www.torq.nl\/#website","url":"https:\/\/www.torq.nl\/","name":"E-Power","description":"Offizieller Torq-H\u00e4ndler Benelux","publisher":{"@id":"https:\/\/www.torq.nl\/#organization"},"potentialAction":[{"@type":"SearchAction","target":{"@type":"EntryPoint","urlTemplate":"https:\/\/www.torq.nl\/?s={search_term_string}"},"query-input":{"@type":"PropertyValueSpecification","valueRequired":true,"valueName":"search_term_string"}}],"inLanguage":"de"},{"@type":"Organization","@id":"https:\/\/www.torq.nl\/#organization","name":"E-Power","url":"https:\/\/www.torq.nl\/","logo":{"@type":"ImageObject","inLanguage":"de","@id":"https:\/\/www.torq.nl\/#\/schema\/logo\/image\/","url":"https:\/\/www.torq.nl\/wp-content\/uploads\/2021\/04\/Logo-epower.png","contentUrl":"https:\/\/www.torq.nl\/wp-content\/uploads\/2021\/04\/Logo-epower.png","width":506,"height":200,"caption":"E-Power"},"image":{"@id":"https:\/\/www.torq.nl\/#\/schema\/logo\/image\/"},"sameAs":["https:\/\/www.facebook.com\/epowersport\/","https:\/\/x.com\/foodgroupbv"]}]}},"_links":{"self":[{"href":"https:\/\/www.torq.nl\/de\/wp-json\/wp\/v2\/product\/18438","targetHints":{"allow":["GET"]}}],"collection":[{"href":"https:\/\/www.torq.nl\/de\/wp-json\/wp\/v2\/product"}],"about":[{"href":"https:\/\/www.torq.nl\/de\/wp-json\/wp\/v2\/types\/product"}],"wp:featuredmedia":[{"embeddable":true,"href":"https:\/\/www.torq.nl\/de\/wp-json\/wp\/v2\/media\/4658"}],"wp:attachment":[{"href":"https:\/\/www.torq.nl\/de\/wp-json\/wp\/v2\/media?parent=18438"}],"wp:term":[{"taxonomy":"product_brand","embeddable":true,"href":"https:\/\/www.torq.nl\/de\/wp-json\/wp\/v2\/product_brand?post=18438"},{"taxonomy":"product_cat","embeddable":true,"href":"https:\/\/www.torq.nl\/de\/wp-json\/wp\/v2\/product_cat?post=18438"},{"taxonomy":"product_tag","embeddable":true,"href":"https:\/\/www.torq.nl\/de\/wp-json\/wp\/v2\/product_tag?post=18438"}],"curies":[{"name":"wp","href":"https:\/\/api.w.org\/{rel}","templated":true}]}}