{"id":19093,"date":"2023-07-10T12:42:31","date_gmt":"2023-07-10T10:42:31","guid":{"rendered":"https:\/\/www.torq.nl\/?post_type=product&#038;p=19093"},"modified":"2025-11-10T01:16:45","modified_gmt":"2025-11-10T00:16:45","slug":"cola-caffeine-energy-drink-500-gr","status":"publish","type":"product","link":"https:\/\/www.torq.nl\/de\/produkt\/cola-caffeine-energy-drink-500-gr\/","title":{"rendered":"Cola Koffein Energy Drink 500 gr"},"content":{"rendered":"<p>500 ml TORQ Energy Drink liefern 30 Gramm mehrfach transportierbare Kohlenhydrate (1 TORQ-Einheit). Dieses Produkt stellt nicht nur eine optimale Energiequelle dar, sondern liefert auch Fl\u00fcssigkeit und Elektrolyte, um den Fl\u00fcssigkeitsbedarf des K\u00f6rpers und das hom\u00f6ostatische Gleichgewicht aufrechtzuerhalten. F\u00fcr eine optimale Leistung empfiehlt unser TORQ-Kraftstoffsystem den Verbrauch von 2\u20133 TORQ-Einheiten pro Stunde, was durch den Verbrauch verschiedener Kraftstoffprodukte erreicht werden kann.<\/p>\n<p><em><span style=\"color: #ff6600;\">BITTE BEACHTEN: Bitte beachten Sie, dass jede 500-ml-Portion TORQ Cola Caffeine Energy Drink 100 mg Koffein enth\u00e4lt. Menschen haben unterschiedliche Toleranzniveaus gegen\u00fcber Koffein und Sie sollten eine Strategie zur Koffeinaufnahme basierend auf Ihren individuellen Umst\u00e4nden ausarbeiten. Dies bedeutet, dass dieses Produkt mit anderen nicht koffeinhaltigen Fueling System-Produkten der TORQ-Reihe kombiniert wird.<\/span><\/em><\/p>\n<h3>Verwendung des Produkts<\/h3>\n<p>*Alle Beutel werden mit einem L\u00f6ffel geliefert.<\/p>\n<p>Verwenden Sie 1 gestrichenen Messl\u00f6ffel TORQ Energy-Pulver pro 250 ml Wasser (2 Messl\u00f6ffel f\u00fcr 500 ml, 3 Messl\u00f6ffel f\u00fcr 750 ml und 4 Messl\u00f6ffel f\u00fcr 1 Liter). Um das Mischen zu erleichtern, geben Sie immer Pulver zu Wasser und nicht Wasser zu Pulver.<\/p>\n<p>F\u00fcllen Sie die Trinkflasche zur H\u00e4lfte mit Wasser, geben Sie gestrichene L\u00f6ffel Pulver hinzu, setzen Sie den Deckel auf die Trinkflasche und sch\u00fctteln Sie kr\u00e4ftig. F\u00fcllen Sie die Flasche mit Wasser, sch\u00fctteln Sie sie erneut und schon ist Ihr TORQ Energy trinkfertig.<\/p>\n<p>TORQ Energy Drink ist f\u00fcr den Einsatz bei allen Trainingsintensit\u00e4ten geeignet und bildet die Grundlage des TORQ Fuel Systems, da es das einzige Produkt ist, das neben Kohlenhydrat-Kraftstoff auch erhebliche Mengen an Fl\u00fcssigkeit und Elektrolyten liefert. Aus leistungstechnischer Sicht ist eine ausreichende Fl\u00fcssigkeitszufuhr nat\u00fcrlich von grundlegender Bedeutung.<\/p>\n<p>*TORQ Energy Drinks sind VEGAN<\/p>","protected":false},"excerpt":{"rendered":"<p>TORQ Energy ist einer <em><span style=\"color: #ff6600;\">nat\u00fcrlich aromatisiertes, leichtes und erfrischendes isotonisches Energy-Drink<\/span><\/em> formuliert mit schneller Lieferung <em><span style=\"color: #ff6600;\">2:1 Maltodextrin:Fruktose<\/span> <\/em>und <em><span style=\"color: #ff6600;\">5 wichtige Elektrolyte<\/span><\/em>. TORQ Cola Caffeine Energy Drink enth\u00e4lt au\u00dferdem <em><span style=\"color: #ff6600;\">100 mg nat\u00fcrliches Koffein pro 500 ml \u00fcber Guarana-Extrakt<\/span><\/em>. Es wurde festgestellt, dass Koffein unter anderem die Aufmerksamkeit, die geistige Beweglichkeit und die Muskelfunktion steigert und die Fettverbrennung unterst\u00fctzt.<\/p>\n<p>TORQ Energy Drink ist Teil des TORQ Fuelling System und kann daher zusammen mit den Energiegels, -riegeln und -kauartikeln von TORQ verwendet werden, um eine optimale Leistung aufrechtzuerhalten.<\/p>","protected":false},"featured_media":4243,"template":"","meta":{"_monsterinsights_skip_tracking":false,"_monsterinsights_sitenote_active":false,"_monsterinsights_sitenote_note":"","_monsterinsights_sitenote_category":0},"product_brand":[],"product_cat":[30,32,36,41,15],"product_tag":[],"class_list":{"0":"post-19093","1":"product","2":"type-product","3":"status-publish","4":"has-post-thumbnail","6":"product_cat-fuelling-system","7":"product_cat-hydration","8":"product_cat-torq-energy-drink","9":"product_cat-torq-energy-drink-hydration","10":"product_cat-torq-sportvoeding","12":"first","13":"instock","14":"taxable","15":"shipping-taxable","16":"purchasable","17":"product-type-simple"},"yoast_head":"<!-- This site is optimized with the Yoast SEO plugin v27.5 - https:\/\/yoast.com\/product\/yoast-seo-wordpress\/ -->\n<title>Cola Caffeine Energy Drink 500 gr - E-Power<\/title>\n<meta name=\"description\" content=\"Dit product is zorgvuldig samengesteld om TORQ&#039;s unieke mix van meervoudig transporteerbare koolhydraten, vocht en elektrolyten extreem snel\" \/>\n<meta name=\"robots\" content=\"index, follow, max-snippet:-1, max-image-preview:large, max-video-preview:-1\" \/>\n<link rel=\"canonical\" href=\"https:\/\/www.torq.nl\/de\/produkt\/cola-caffeine-energy-drink-500-gr\/\" \/>\n<meta property=\"og:locale\" content=\"de_DE\" \/>\n<meta property=\"og:type\" content=\"article\" \/>\n<meta property=\"og:title\" content=\"Cola Caffeine Energy Drink 500 gr - E-Power\" \/>\n<meta property=\"og:description\" content=\"Dit product is zorgvuldig samengesteld om TORQ&#039;s unieke mix van meervoudig transporteerbare koolhydraten, vocht en elektrolyten extreem snel\" \/>\n<meta property=\"og:url\" content=\"https:\/\/www.torq.nl\/de\/produkt\/cola-caffeine-energy-drink-500-gr\/\" \/>\n<meta property=\"og:site_name\" content=\"E-Power\" \/>\n<meta property=\"article:publisher\" content=\"https:\/\/www.facebook.com\/epowersport\/\" \/>\n<meta property=\"article:modified_time\" content=\"2025-11-10T00:16:45+00:00\" \/>\n<meta property=\"og:image\" content=\"https:\/\/www.torq.nl\/wp-content\/uploads\/2022\/01\/torq-energy-cola-caffeine-straight-1030x1030.png\" \/>\n\t<meta property=\"og:image:width\" content=\"1030\" \/>\n\t<meta property=\"og:image:height\" content=\"1030\" \/>\n\t<meta property=\"og:image:type\" content=\"image\/png\" \/>\n<meta name=\"twitter:card\" content=\"summary_large_image\" \/>\n<meta name=\"twitter:site\" content=\"@foodgroupbv\" \/>\n<meta name=\"twitter:label1\" content=\"Gesch\u00e4tzte Lesezeit\" \/>\n\t<meta name=\"twitter:data1\" content=\"2\u00a0Minuten\" \/>\n<script type=\"application\/ld+json\" class=\"yoast-schema-graph\">{\"@context\":\"https:\\\/\\\/schema.org\",\"@graph\":[{\"@type\":\"WebPage\",\"@id\":\"https:\\\/\\\/www.torq.nl\\\/product\\\/cola-caffeine-energy-drink-500-gr\\\/\",\"url\":\"https:\\\/\\\/www.torq.nl\\\/product\\\/cola-caffeine-energy-drink-500-gr\\\/\",\"name\":\"Cola Caffeine Energy Drink 500 gr - E-Power\",\"isPartOf\":{\"@id\":\"https:\\\/\\\/www.torq.nl\\\/#website\"},\"primaryImageOfPage\":{\"@id\":\"https:\\\/\\\/www.torq.nl\\\/product\\\/cola-caffeine-energy-drink-500-gr\\\/#primaryimage\"},\"image\":{\"@id\":\"https:\\\/\\\/www.torq.nl\\\/product\\\/cola-caffeine-energy-drink-500-gr\\\/#primaryimage\"},\"thumbnailUrl\":\"https:\\\/\\\/www.torq.nl\\\/wp-content\\\/uploads\\\/2022\\\/01\\\/torq-energy-cola-caffeine-straight.png\",\"datePublished\":\"2023-07-10T10:42:31+00:00\",\"dateModified\":\"2025-11-10T00:16:45+00:00\",\"description\":\"Dit product is zorgvuldig samengesteld om TORQ's unieke mix van meervoudig transporteerbare koolhydraten, vocht en elektrolyten extreem snel\",\"breadcrumb\":{\"@id\":\"https:\\\/\\\/www.torq.nl\\\/product\\\/cola-caffeine-energy-drink-500-gr\\\/#breadcrumb\"},\"inLanguage\":\"de\",\"potentialAction\":[{\"@type\":\"ReadAction\",\"target\":[\"https:\\\/\\\/www.torq.nl\\\/product\\\/cola-caffeine-energy-drink-500-gr\\\/\"]}]},{\"@type\":\"ImageObject\",\"inLanguage\":\"de\",\"@id\":\"https:\\\/\\\/www.torq.nl\\\/product\\\/cola-caffeine-energy-drink-500-gr\\\/#primaryimage\",\"url\":\"https:\\\/\\\/www.torq.nl\\\/wp-content\\\/uploads\\\/2022\\\/01\\\/torq-energy-cola-caffeine-straight.png\",\"contentUrl\":\"https:\\\/\\\/www.torq.nl\\\/wp-content\\\/uploads\\\/2022\\\/01\\\/torq-energy-cola-caffeine-straight.png\",\"width\":2560,\"height\":2560,\"caption\":\"Energy Drink Cola Caffeine 500 gram\"},{\"@type\":\"BreadcrumbList\",\"@id\":\"https:\\\/\\\/www.torq.nl\\\/product\\\/cola-caffeine-energy-drink-500-gr\\\/#breadcrumb\",\"itemListElement\":[{\"@type\":\"ListItem\",\"position\":1,\"name\":\"Home\",\"item\":\"https:\\\/\\\/www.torq.nl\\\/home\\\/\"},{\"@type\":\"ListItem\",\"position\":2,\"name\":\"Winkel\",\"item\":\"https:\\\/\\\/www.torq.nl\\\/it\\\/winkel\\\/\"},{\"@type\":\"ListItem\",\"position\":3,\"name\":\"Cola Caffeine Energy Drink 500 gr\"}]},{\"@type\":\"WebSite\",\"@id\":\"https:\\\/\\\/www.torq.nl\\\/#website\",\"url\":\"https:\\\/\\\/www.torq.nl\\\/\",\"name\":\"E-Power\",\"description\":\"Officieel Torq dealer Benelux\",\"publisher\":{\"@id\":\"https:\\\/\\\/www.torq.nl\\\/#organization\"},\"potentialAction\":[{\"@type\":\"SearchAction\",\"target\":{\"@type\":\"EntryPoint\",\"urlTemplate\":\"https:\\\/\\\/www.torq.nl\\\/?s={search_term_string}\"},\"query-input\":{\"@type\":\"PropertyValueSpecification\",\"valueRequired\":true,\"valueName\":\"search_term_string\"}}],\"inLanguage\":\"de\"},{\"@type\":\"Organization\",\"@id\":\"https:\\\/\\\/www.torq.nl\\\/#organization\",\"name\":\"E-Power\",\"url\":\"https:\\\/\\\/www.torq.nl\\\/\",\"logo\":{\"@type\":\"ImageObject\",\"inLanguage\":\"de\",\"@id\":\"https:\\\/\\\/www.torq.nl\\\/#\\\/schema\\\/logo\\\/image\\\/\",\"url\":\"https:\\\/\\\/www.torq.nl\\\/wp-content\\\/uploads\\\/2021\\\/04\\\/Logo-epower.png\",\"contentUrl\":\"https:\\\/\\\/www.torq.nl\\\/wp-content\\\/uploads\\\/2021\\\/04\\\/Logo-epower.png\",\"width\":506,\"height\":200,\"caption\":\"E-Power\"},\"image\":{\"@id\":\"https:\\\/\\\/www.torq.nl\\\/#\\\/schema\\\/logo\\\/image\\\/\"},\"sameAs\":[\"https:\\\/\\\/www.facebook.com\\\/epowersport\\\/\",\"https:\\\/\\\/x.com\\\/foodgroupbv\"]}]}<\/script>\n<!-- \/ Yoast SEO plugin. -->","yoast_head_json":{"title":"Cola Caffeine Energy Drink 500 gr - E-Power","description":"Dieses Produkt wurde sorgf\u00e4ltig entwickelt, um die einzigartige Mischung aus leicht transportierbaren Kohlenhydraten, Fl\u00fcssigkeiten und Elektrolyten von TORQ extrem schnell bereitzustellen.","robots":{"index":"index","follow":"follow","max-snippet":"max-snippet:-1","max-image-preview":"max-image-preview:large","max-video-preview":"max-video-preview:-1"},"canonical":"https:\/\/www.torq.nl\/de\/produkt\/cola-caffeine-energy-drink-500-gr\/","og_locale":"de_DE","og_type":"article","og_title":"Cola Caffeine Energy Drink 500 gr - E-Power","og_description":"Dit product is zorgvuldig samengesteld om TORQ's unieke mix van meervoudig transporteerbare koolhydraten, vocht en elektrolyten extreem snel","og_url":"https:\/\/www.torq.nl\/de\/produkt\/cola-caffeine-energy-drink-500-gr\/","og_site_name":"E-Power","article_publisher":"https:\/\/www.facebook.com\/epowersport\/","article_modified_time":"2025-11-10T00:16:45+00:00","og_image":[{"width":1030,"height":1030,"url":"https:\/\/www.torq.nl\/wp-content\/uploads\/2022\/01\/torq-energy-cola-caffeine-straight-1030x1030.png","type":"image\/png"}],"twitter_card":"summary_large_image","twitter_site":"@foodgroupbv","twitter_misc":{"Gesch\u00e4tzte Lesezeit":"2\u00a0Minuten"},"schema":{"@context":"https:\/\/schema.org","@graph":[{"@type":"WebPage","@id":"https:\/\/www.torq.nl\/product\/cola-caffeine-energy-drink-500-gr\/","url":"https:\/\/www.torq.nl\/product\/cola-caffeine-energy-drink-500-gr\/","name":"Cola Caffeine Energy Drink 500 gr - E-Power","isPartOf":{"@id":"https:\/\/www.torq.nl\/#website"},"primaryImageOfPage":{"@id":"https:\/\/www.torq.nl\/product\/cola-caffeine-energy-drink-500-gr\/#primaryimage"},"image":{"@id":"https:\/\/www.torq.nl\/product\/cola-caffeine-energy-drink-500-gr\/#primaryimage"},"thumbnailUrl":"https:\/\/www.torq.nl\/wp-content\/uploads\/2022\/01\/torq-energy-cola-caffeine-straight.png","datePublished":"2023-07-10T10:42:31+00:00","dateModified":"2025-11-10T00:16:45+00:00","description":"Dieses Produkt wurde sorgf\u00e4ltig entwickelt, um die einzigartige Mischung aus leicht transportierbaren Kohlenhydraten, Fl\u00fcssigkeiten und Elektrolyten von TORQ extrem schnell bereitzustellen.","breadcrumb":{"@id":"https:\/\/www.torq.nl\/product\/cola-caffeine-energy-drink-500-gr\/#breadcrumb"},"inLanguage":"de","potentialAction":[{"@type":"ReadAction","target":["https:\/\/www.torq.nl\/product\/cola-caffeine-energy-drink-500-gr\/"]}]},{"@type":"ImageObject","inLanguage":"de","@id":"https:\/\/www.torq.nl\/product\/cola-caffeine-energy-drink-500-gr\/#primaryimage","url":"https:\/\/www.torq.nl\/wp-content\/uploads\/2022\/01\/torq-energy-cola-caffeine-straight.png","contentUrl":"https:\/\/www.torq.nl\/wp-content\/uploads\/2022\/01\/torq-energy-cola-caffeine-straight.png","width":2560,"height":2560,"caption":"Energy Drink Cola Caffeine 500 gram"},{"@type":"BreadcrumbList","@id":"https:\/\/www.torq.nl\/product\/cola-caffeine-energy-drink-500-gr\/#breadcrumb","itemListElement":[{"@type":"ListItem","position":1,"name":"Home","item":"https:\/\/www.torq.nl\/home\/"},{"@type":"ListItem","position":2,"name":"Winkel","item":"https:\/\/www.torq.nl\/it\/winkel\/"},{"@type":"ListItem","position":3,"name":"Cola Caffeine Energy Drink 500 gr"}]},{"@type":"WebSite","@id":"https:\/\/www.torq.nl\/#website","url":"https:\/\/www.torq.nl\/","name":"E-Power","description":"Offizieller Torq-H\u00e4ndler Benelux","publisher":{"@id":"https:\/\/www.torq.nl\/#organization"},"potentialAction":[{"@type":"SearchAction","target":{"@type":"EntryPoint","urlTemplate":"https:\/\/www.torq.nl\/?s={search_term_string}"},"query-input":{"@type":"PropertyValueSpecification","valueRequired":true,"valueName":"search_term_string"}}],"inLanguage":"de"},{"@type":"Organization","@id":"https:\/\/www.torq.nl\/#organization","name":"E-Power","url":"https:\/\/www.torq.nl\/","logo":{"@type":"ImageObject","inLanguage":"de","@id":"https:\/\/www.torq.nl\/#\/schema\/logo\/image\/","url":"https:\/\/www.torq.nl\/wp-content\/uploads\/2021\/04\/Logo-epower.png","contentUrl":"https:\/\/www.torq.nl\/wp-content\/uploads\/2021\/04\/Logo-epower.png","width":506,"height":200,"caption":"E-Power"},"image":{"@id":"https:\/\/www.torq.nl\/#\/schema\/logo\/image\/"},"sameAs":["https:\/\/www.facebook.com\/epowersport\/","https:\/\/x.com\/foodgroupbv"]}]}},"_links":{"self":[{"href":"https:\/\/www.torq.nl\/de\/wp-json\/wp\/v2\/product\/19093","targetHints":{"allow":["GET"]}}],"collection":[{"href":"https:\/\/www.torq.nl\/de\/wp-json\/wp\/v2\/product"}],"about":[{"href":"https:\/\/www.torq.nl\/de\/wp-json\/wp\/v2\/types\/product"}],"wp:featuredmedia":[{"embeddable":true,"href":"https:\/\/www.torq.nl\/de\/wp-json\/wp\/v2\/media\/4243"}],"wp:attachment":[{"href":"https:\/\/www.torq.nl\/de\/wp-json\/wp\/v2\/media?parent=19093"}],"wp:term":[{"taxonomy":"product_brand","embeddable":true,"href":"https:\/\/www.torq.nl\/de\/wp-json\/wp\/v2\/product_brand?post=19093"},{"taxonomy":"product_cat","embeddable":true,"href":"https:\/\/www.torq.nl\/de\/wp-json\/wp\/v2\/product_cat?post=19093"},{"taxonomy":"product_tag","embeddable":true,"href":"https:\/\/www.torq.nl\/de\/wp-json\/wp\/v2\/product_tag?post=19093"}],"curies":[{"name":"wp","href":"https:\/\/api.w.org\/{rel}","templated":true}]}}