{"id":19096,"date":"2023-07-10T12:49:35","date_gmt":"2023-07-10T10:49:35","guid":{"rendered":"https:\/\/www.torq.nl\/?post_type=product&#038;p=19096"},"modified":"2024-05-01T14:48:55","modified_gmt":"2024-05-01T12:48:55","slug":"cola-caffeine-energy-drink-15-30-gr","status":"publish","type":"product","link":"https:\/\/www.torq.nl\/de\/produkt\/cola-caffeine-energy-drink-15-30-gr\/","title":{"rendered":"Cola Koffein Energy Drink 15 x 30 gr"},"content":{"rendered":"<p>500 ml TORQ Energy Drink liefern 30 Gramm mehrfach transportierbare Kohlenhydrate (1 TORQ-Einheit). Dieses Produkt stellt nicht nur eine optimale Energiequelle dar, sondern liefert auch Fl\u00fcssigkeit und Elektrolyte, um den Fl\u00fcssigkeitsbedarf des K\u00f6rpers und das hom\u00f6ostatische Gleichgewicht aufrechtzuerhalten. F\u00fcr eine optimale Leistung empfiehlt unser TORQ-Kraftstoffsystem den Verbrauch von 2\u20133 TORQ-Einheiten pro Stunde, was durch den Verbrauch verschiedener Kraftstoffprodukte erreicht werden kann.<\/p>\n<p><em><span style=\"color: #ff6600;\">BITTE BEACHTEN: Bitte beachten Sie, dass jede 500-ml-Portion TORQ Cola Caffeine Energy Drink 100 mg Koffein enth\u00e4lt. Menschen haben unterschiedliche Toleranzniveaus gegen\u00fcber Koffein und Sie sollten eine Strategie zur Koffeinaufnahme basierend auf Ihren individuellen Umst\u00e4nden ausarbeiten. Dies bedeutet, dass dieses Produkt mit anderen nicht koffeinhaltigen Fueling System-Produkten der TORQ-Reihe kombiniert wird.<\/span><\/em><\/p>\n<h3>Verwendung des Produkts<\/h3>\n<p>Jeder TORQ Energy-Beutel l\u00e4sst sich mit 500 ml Wasser mischen.<\/p>\n<p>TORQ Energy Drink ist f\u00fcr den Einsatz bei allen Trainingsintensit\u00e4ten geeignet und bildet die Grundlage des TORQ Fuel Systems, da es das einzige Produkt ist, das neben Kohlenhydrat-Kraftstoff auch erhebliche Mengen an Fl\u00fcssigkeit und Elektrolyten liefert. Aus leistungstechnischer Sicht ist eine ausreichende Fl\u00fcssigkeitszufuhr nat\u00fcrlich von grundlegender Bedeutung.<\/p>\n<p>*TORQ Energy Drinks sind VEGAN<\/p>","protected":false},"excerpt":{"rendered":"<p>TORQ Energy ist einer <em><span style=\"color: #ff6600;\">nat\u00fcrlich aromatisiertes, leichtes und erfrischendes isotonisches Energy-Drink<\/span><\/em> formuliert mit schneller Lieferung <em><span style=\"color: #ff6600;\">2:1 Maltodextrin:Fruktose<\/span> <\/em>und <em><span style=\"color: #ff6600;\">5 wichtige Elektrolyte<\/span><\/em>.<\/p>\n<p>TORQ Cola Caffeine Energy Drink enth\u00e4lt auch <em><span style=\"color: #ff6600;\">100 mg nat\u00fcrliches Koffein pro 500 ml \u00fcber Guarana-Extrakt<\/span><\/em>. Es wurde festgestellt, dass Koffein unter anderem die Aufmerksamkeit, die geistige Beweglichkeit und die Muskelfunktion steigert und die Fettverbrennung unterst\u00fctzt.<\/p>\n<p>*TORQ Energy Drink ist Teil des TORQ Fueling Systems und kann daher zusammen mit den Energy Gels, Riegeln und Kausnacks von TORQ verwendet werden, um optimale Leistung zu erzielen.<\/p>","protected":false},"featured_media":34943,"template":"","meta":{"_monsterinsights_skip_tracking":false,"_monsterinsights_sitenote_active":false,"_monsterinsights_sitenote_note":"","_monsterinsights_sitenote_category":0},"product_brand":[],"product_cat":[30,32,41,36,15],"product_tag":[],"class_list":{"0":"post-19096","1":"product","2":"type-product","3":"status-publish","4":"has-post-thumbnail","6":"product_cat-fuelling-system","7":"product_cat-hydration","8":"product_cat-torq-energy-drink-hydration","9":"product_cat-torq-energy-drink","10":"product_cat-torq-sportvoeding","12":"first","13":"instock","14":"taxable","15":"shipping-taxable","16":"purchasable","17":"product-type-simple"},"yoast_head":"<!-- This site is optimized with the Yoast SEO plugin v27.5 - https:\/\/yoast.com\/product\/yoast-seo-wordpress\/ -->\n<title>Cola Caffeine Energy Drink 15 x 30 gr - E-Power<\/title>\n<meta name=\"description\" content=\"Dit product is zorgvuldig samengesteld om TORQ&#039;s unieke mix van meervoudig transporteerbare koolhydraten, vocht en elektrolyten extreem snel\" \/>\n<meta name=\"robots\" content=\"index, follow, max-snippet:-1, max-image-preview:large, max-video-preview:-1\" \/>\n<link rel=\"canonical\" href=\"https:\/\/www.torq.nl\/de\/produkt\/cola-caffeine-energy-drink-15-30-gr\/\" \/>\n<meta property=\"og:locale\" content=\"de_DE\" \/>\n<meta property=\"og:type\" content=\"article\" \/>\n<meta property=\"og:title\" content=\"Cola Caffeine Energy Drink 15 x 30 gr - E-Power\" \/>\n<meta property=\"og:description\" content=\"Dit product is zorgvuldig samengesteld om TORQ&#039;s unieke mix van meervoudig transporteerbare koolhydraten, vocht en elektrolyten extreem snel\" \/>\n<meta property=\"og:url\" content=\"https:\/\/www.torq.nl\/de\/produkt\/cola-caffeine-energy-drink-15-30-gr\/\" \/>\n<meta property=\"og:site_name\" content=\"E-Power\" \/>\n<meta property=\"article:publisher\" content=\"https:\/\/www.facebook.com\/epowersport\/\" \/>\n<meta property=\"article:modified_time\" content=\"2024-05-01T12:48:55+00:00\" \/>\n<meta property=\"og:image\" content=\"https:\/\/www.torq.nl\/wp-content\/uploads\/2023\/07\/cola-caffeine_v2-min.png\" \/>\n\t<meta property=\"og:image:width\" content=\"3840\" \/>\n\t<meta property=\"og:image:height\" content=\"3840\" \/>\n\t<meta property=\"og:image:type\" content=\"image\/png\" \/>\n<meta name=\"twitter:card\" content=\"summary_large_image\" \/>\n<meta name=\"twitter:site\" content=\"@foodgroupbv\" \/>\n<meta name=\"twitter:label1\" content=\"Gesch\u00e4tzte Lesezeit\" \/>\n\t<meta name=\"twitter:data1\" content=\"1\u00a0Minute\" \/>\n<script type=\"application\/ld+json\" class=\"yoast-schema-graph\">{\"@context\":\"https:\\\/\\\/schema.org\",\"@graph\":[{\"@type\":\"WebPage\",\"@id\":\"https:\\\/\\\/www.torq.nl\\\/product\\\/cola-caffeine-energy-drink-15-30-gr\\\/\",\"url\":\"https:\\\/\\\/www.torq.nl\\\/product\\\/cola-caffeine-energy-drink-15-30-gr\\\/\",\"name\":\"Cola Caffeine Energy Drink 15 x 30 gr - E-Power\",\"isPartOf\":{\"@id\":\"https:\\\/\\\/www.torq.nl\\\/#website\"},\"primaryImageOfPage\":{\"@id\":\"https:\\\/\\\/www.torq.nl\\\/product\\\/cola-caffeine-energy-drink-15-30-gr\\\/#primaryimage\"},\"image\":{\"@id\":\"https:\\\/\\\/www.torq.nl\\\/product\\\/cola-caffeine-energy-drink-15-30-gr\\\/#primaryimage\"},\"thumbnailUrl\":\"https:\\\/\\\/www.torq.nl\\\/wp-content\\\/uploads\\\/2023\\\/07\\\/cola-caffeine_v2-min.png\",\"datePublished\":\"2023-07-10T10:49:35+00:00\",\"dateModified\":\"2024-05-01T12:48:55+00:00\",\"description\":\"Dit product is zorgvuldig samengesteld om TORQ's unieke mix van meervoudig transporteerbare koolhydraten, vocht en elektrolyten extreem snel\",\"breadcrumb\":{\"@id\":\"https:\\\/\\\/www.torq.nl\\\/product\\\/cola-caffeine-energy-drink-15-30-gr\\\/#breadcrumb\"},\"inLanguage\":\"de\",\"potentialAction\":[{\"@type\":\"ReadAction\",\"target\":[\"https:\\\/\\\/www.torq.nl\\\/product\\\/cola-caffeine-energy-drink-15-30-gr\\\/\"]}]},{\"@type\":\"ImageObject\",\"inLanguage\":\"de\",\"@id\":\"https:\\\/\\\/www.torq.nl\\\/product\\\/cola-caffeine-energy-drink-15-30-gr\\\/#primaryimage\",\"url\":\"https:\\\/\\\/www.torq.nl\\\/wp-content\\\/uploads\\\/2023\\\/07\\\/cola-caffeine_v2-min.png\",\"contentUrl\":\"https:\\\/\\\/www.torq.nl\\\/wp-content\\\/uploads\\\/2023\\\/07\\\/cola-caffeine_v2-min.png\",\"width\":2560,\"height\":2560,\"caption\":\"Cola Caffeine Drink Sachets Box\"},{\"@type\":\"BreadcrumbList\",\"@id\":\"https:\\\/\\\/www.torq.nl\\\/product\\\/cola-caffeine-energy-drink-15-30-gr\\\/#breadcrumb\",\"itemListElement\":[{\"@type\":\"ListItem\",\"position\":1,\"name\":\"Home\",\"item\":\"https:\\\/\\\/www.torq.nl\\\/home\\\/\"},{\"@type\":\"ListItem\",\"position\":2,\"name\":\"Winkel\",\"item\":\"https:\\\/\\\/www.torq.nl\\\/it\\\/winkel\\\/\"},{\"@type\":\"ListItem\",\"position\":3,\"name\":\"Cola Caffeine Energy Drink 15 x 30 gr\"}]},{\"@type\":\"WebSite\",\"@id\":\"https:\\\/\\\/www.torq.nl\\\/#website\",\"url\":\"https:\\\/\\\/www.torq.nl\\\/\",\"name\":\"E-Power\",\"description\":\"Officieel Torq dealer Benelux\",\"publisher\":{\"@id\":\"https:\\\/\\\/www.torq.nl\\\/#organization\"},\"potentialAction\":[{\"@type\":\"SearchAction\",\"target\":{\"@type\":\"EntryPoint\",\"urlTemplate\":\"https:\\\/\\\/www.torq.nl\\\/?s={search_term_string}\"},\"query-input\":{\"@type\":\"PropertyValueSpecification\",\"valueRequired\":true,\"valueName\":\"search_term_string\"}}],\"inLanguage\":\"de\"},{\"@type\":\"Organization\",\"@id\":\"https:\\\/\\\/www.torq.nl\\\/#organization\",\"name\":\"E-Power\",\"url\":\"https:\\\/\\\/www.torq.nl\\\/\",\"logo\":{\"@type\":\"ImageObject\",\"inLanguage\":\"de\",\"@id\":\"https:\\\/\\\/www.torq.nl\\\/#\\\/schema\\\/logo\\\/image\\\/\",\"url\":\"https:\\\/\\\/www.torq.nl\\\/wp-content\\\/uploads\\\/2021\\\/04\\\/Logo-epower.png\",\"contentUrl\":\"https:\\\/\\\/www.torq.nl\\\/wp-content\\\/uploads\\\/2021\\\/04\\\/Logo-epower.png\",\"width\":506,\"height\":200,\"caption\":\"E-Power\"},\"image\":{\"@id\":\"https:\\\/\\\/www.torq.nl\\\/#\\\/schema\\\/logo\\\/image\\\/\"},\"sameAs\":[\"https:\\\/\\\/www.facebook.com\\\/epowersport\\\/\",\"https:\\\/\\\/x.com\\\/foodgroupbv\"]}]}<\/script>\n<!-- \/ Yoast SEO plugin. -->","yoast_head_json":{"title":"Cola Caffeine Energy Drink 15 x 30 gr - E-Power","description":"Dieses Produkt wurde sorgf\u00e4ltig entwickelt, um die einzigartige Mischung aus leicht transportierbaren Kohlenhydraten, Fl\u00fcssigkeiten und Elektrolyten von TORQ extrem schnell bereitzustellen.","robots":{"index":"index","follow":"follow","max-snippet":"max-snippet:-1","max-image-preview":"max-image-preview:large","max-video-preview":"max-video-preview:-1"},"canonical":"https:\/\/www.torq.nl\/de\/produkt\/cola-caffeine-energy-drink-15-30-gr\/","og_locale":"de_DE","og_type":"article","og_title":"Cola Caffeine Energy Drink 15 x 30 gr - E-Power","og_description":"Dit product is zorgvuldig samengesteld om TORQ's unieke mix van meervoudig transporteerbare koolhydraten, vocht en elektrolyten extreem snel","og_url":"https:\/\/www.torq.nl\/de\/produkt\/cola-caffeine-energy-drink-15-30-gr\/","og_site_name":"E-Power","article_publisher":"https:\/\/www.facebook.com\/epowersport\/","article_modified_time":"2024-05-01T12:48:55+00:00","og_image":[{"width":3840,"height":3840,"url":"https:\/\/www.torq.nl\/wp-content\/uploads\/2023\/07\/cola-caffeine_v2-min.png","type":"image\/png"}],"twitter_card":"summary_large_image","twitter_site":"@foodgroupbv","twitter_misc":{"Gesch\u00e4tzte Lesezeit":"1\u00a0Minute"},"schema":{"@context":"https:\/\/schema.org","@graph":[{"@type":"WebPage","@id":"https:\/\/www.torq.nl\/product\/cola-caffeine-energy-drink-15-30-gr\/","url":"https:\/\/www.torq.nl\/product\/cola-caffeine-energy-drink-15-30-gr\/","name":"Cola Caffeine Energy Drink 15 x 30 gr - E-Power","isPartOf":{"@id":"https:\/\/www.torq.nl\/#website"},"primaryImageOfPage":{"@id":"https:\/\/www.torq.nl\/product\/cola-caffeine-energy-drink-15-30-gr\/#primaryimage"},"image":{"@id":"https:\/\/www.torq.nl\/product\/cola-caffeine-energy-drink-15-30-gr\/#primaryimage"},"thumbnailUrl":"https:\/\/www.torq.nl\/wp-content\/uploads\/2023\/07\/cola-caffeine_v2-min.png","datePublished":"2023-07-10T10:49:35+00:00","dateModified":"2024-05-01T12:48:55+00:00","description":"Dieses Produkt wurde sorgf\u00e4ltig entwickelt, um die einzigartige Mischung aus leicht transportierbaren Kohlenhydraten, Fl\u00fcssigkeiten und Elektrolyten von TORQ extrem schnell bereitzustellen.","breadcrumb":{"@id":"https:\/\/www.torq.nl\/product\/cola-caffeine-energy-drink-15-30-gr\/#breadcrumb"},"inLanguage":"de","potentialAction":[{"@type":"ReadAction","target":["https:\/\/www.torq.nl\/product\/cola-caffeine-energy-drink-15-30-gr\/"]}]},{"@type":"ImageObject","inLanguage":"de","@id":"https:\/\/www.torq.nl\/product\/cola-caffeine-energy-drink-15-30-gr\/#primaryimage","url":"https:\/\/www.torq.nl\/wp-content\/uploads\/2023\/07\/cola-caffeine_v2-min.png","contentUrl":"https:\/\/www.torq.nl\/wp-content\/uploads\/2023\/07\/cola-caffeine_v2-min.png","width":2560,"height":2560,"caption":"Cola Caffeine Drink Sachets Box"},{"@type":"BreadcrumbList","@id":"https:\/\/www.torq.nl\/product\/cola-caffeine-energy-drink-15-30-gr\/#breadcrumb","itemListElement":[{"@type":"ListItem","position":1,"name":"Home","item":"https:\/\/www.torq.nl\/home\/"},{"@type":"ListItem","position":2,"name":"Winkel","item":"https:\/\/www.torq.nl\/it\/winkel\/"},{"@type":"ListItem","position":3,"name":"Cola Caffeine Energy Drink 15 x 30 gr"}]},{"@type":"WebSite","@id":"https:\/\/www.torq.nl\/#website","url":"https:\/\/www.torq.nl\/","name":"E-Power","description":"Offizieller Torq-H\u00e4ndler Benelux","publisher":{"@id":"https:\/\/www.torq.nl\/#organization"},"potentialAction":[{"@type":"SearchAction","target":{"@type":"EntryPoint","urlTemplate":"https:\/\/www.torq.nl\/?s={search_term_string}"},"query-input":{"@type":"PropertyValueSpecification","valueRequired":true,"valueName":"search_term_string"}}],"inLanguage":"de"},{"@type":"Organization","@id":"https:\/\/www.torq.nl\/#organization","name":"E-Power","url":"https:\/\/www.torq.nl\/","logo":{"@type":"ImageObject","inLanguage":"de","@id":"https:\/\/www.torq.nl\/#\/schema\/logo\/image\/","url":"https:\/\/www.torq.nl\/wp-content\/uploads\/2021\/04\/Logo-epower.png","contentUrl":"https:\/\/www.torq.nl\/wp-content\/uploads\/2021\/04\/Logo-epower.png","width":506,"height":200,"caption":"E-Power"},"image":{"@id":"https:\/\/www.torq.nl\/#\/schema\/logo\/image\/"},"sameAs":["https:\/\/www.facebook.com\/epowersport\/","https:\/\/x.com\/foodgroupbv"]}]}},"_links":{"self":[{"href":"https:\/\/www.torq.nl\/de\/wp-json\/wp\/v2\/product\/19096","targetHints":{"allow":["GET"]}}],"collection":[{"href":"https:\/\/www.torq.nl\/de\/wp-json\/wp\/v2\/product"}],"about":[{"href":"https:\/\/www.torq.nl\/de\/wp-json\/wp\/v2\/types\/product"}],"wp:featuredmedia":[{"embeddable":true,"href":"https:\/\/www.torq.nl\/de\/wp-json\/wp\/v2\/media\/34943"}],"wp:attachment":[{"href":"https:\/\/www.torq.nl\/de\/wp-json\/wp\/v2\/media?parent=19096"}],"wp:term":[{"taxonomy":"product_brand","embeddable":true,"href":"https:\/\/www.torq.nl\/de\/wp-json\/wp\/v2\/product_brand?post=19096"},{"taxonomy":"product_cat","embeddable":true,"href":"https:\/\/www.torq.nl\/de\/wp-json\/wp\/v2\/product_cat?post=19096"},{"taxonomy":"product_tag","embeddable":true,"href":"https:\/\/www.torq.nl\/de\/wp-json\/wp\/v2\/product_tag?post=19096"}],"curies":[{"name":"wp","href":"https:\/\/api.w.org\/{rel}","templated":true}]}}