{"id":30970,"date":"2023-11-30T20:15:07","date_gmt":"2023-11-30T19:15:07","guid":{"rendered":"https:\/\/www.torq.nl\/?post_type=product&#038;p=30970"},"modified":"2025-11-07T12:45:07","modified_gmt":"2025-11-07T11:45:07","slug":"explore-rhubarb-custard-dessert","status":"publish","type":"product","link":"https:\/\/www.torq.nl\/de\/produkt\/explore-rhubarb-custard-dessert\/","title":{"rendered":"Entdecken Sie Rhabarber-Pudding-Dessert"},"content":{"rendered":"<p>*Unsere Instant-Explore-Supercharged-Desserts sind so konzipiert, dass sie leicht zug\u00e4ngliche, n\u00fctzliche und wirksame N\u00e4hrstoffe in einer praktischen, leichten Verpackung mit geringem Volumen liefern. Einfach hei\u00dfes Wasser in den Beh\u00e4lter geben, cremig r\u00fchren, So\u00dfe dazugeben und schon ist das Dessert verzehrfertig.<\/p>\n<p>Es ist das Performance Nutrition-Erbe von TORQ, das unsere Explore Desserts so einzigartig macht und sie von anderen Outdoor-Ern\u00e4hrungsprodukten auf dem Markt unterscheidet. Jede Packung enth\u00e4lt \u00fcber 500 Kalorien hochwertiger funktioneller Lebensmittel, die Ihnen die n\u00f6tige Energie liefern, um das Beste aus Ihren Abenteueraktivit\u00e4ten herauszuholen. Durch den Fokus auf Funktionalit\u00e4t \u00fcbertreffen die Explore Desserts von TORQ kalorienreichere Alternativen deutlich.<\/p>\n<p>Unsere Explore Supercharged-Desserts k\u00f6nnen besonders an anspruchsvollen Ausflugstagen als Erg\u00e4nzung zu einer Explore Supercharged-Mahlzeit n\u00fctzlich sein. Sie k\u00f6nnen auch zur Erg\u00e4nzung und Auff\u00fcllung einer Hauptmahlzeit verwendet werden, deren N\u00e4hrwert m\u00f6glicherweise geringer ist.<\/p>\n<h3>Verwendung des Produkts<\/h3>\n<ol>\n<li>\u00d6ffnen Sie die Packung, geben Sie 250\u2013300 ml hei\u00dfes Wasser hinzu und r\u00fchren Sie unter st\u00e4ndigem R\u00fchren, bis eine dickfl\u00fcssige, cremige Masse entsteht.<\/li>\n<li>F\u00fcgen Sie nach Bedarf So\u00dfe und mehr hei\u00dfes Wasser hinzu.<\/li>\n<li>Achten Sie darauf, dass das Wasser m\u00f6glichst hei\u00df ist, sonst wird das Dessert nicht richtig eindicken.<\/li>\n<\/ol>\n<p><img loading=\"lazy\" decoding=\"async\" class=\"alignnone size-full wp-image-30964\" src=\"https:\/\/www.torq.nl\/wp-content\/uploads\/2023\/11\/Foto-30-11-2023-om-19.25.jpeg\" alt=\"Gebruiksaanwijzing Explore Dessert\" width=\"1324\" height=\"285\" srcset=\"https:\/\/www.torq.nl\/wp-content\/uploads\/2023\/11\/Foto-30-11-2023-om-19.25.jpeg 1324w, https:\/\/www.torq.nl\/wp-content\/uploads\/2023\/11\/Foto-30-11-2023-om-19.25-300x65.jpeg 300w, https:\/\/www.torq.nl\/wp-content\/uploads\/2023\/11\/Foto-30-11-2023-om-19.25-1030x222.jpeg 1030w, https:\/\/www.torq.nl\/wp-content\/uploads\/2023\/11\/Foto-30-11-2023-om-19.25-768x165.jpeg 768w, https:\/\/www.torq.nl\/wp-content\/uploads\/2023\/11\/Foto-30-11-2023-om-19.25-18x4.jpeg 18w, https:\/\/www.torq.nl\/wp-content\/uploads\/2023\/11\/Foto-30-11-2023-om-19.25-705x152.jpeg 705w, https:\/\/www.torq.nl\/wp-content\/uploads\/2023\/11\/Foto-30-11-2023-om-19.25-450x97.jpeg 450w, https:\/\/www.torq.nl\/wp-content\/uploads\/2023\/11\/Foto-30-11-2023-om-19.25-600x129.jpeg 600w\" sizes=\"auto, (max-width: 1324px) 100vw, 1324px\" \/><\/p>\n<p><strong>Die Beutel sind hitzedicht und enthalten etwas Luft. Wenn Sie die Luft aussto\u00dfen m\u00f6chten, um das Volumen des Pakets f\u00fcr Ihre Reise zu verringern, rei\u00dfen Sie die Oberseite des Pakets teilweise auf, lassen Sie die gesamte Luft heraus und verwenden Sie den Rei\u00dfverschluss, um das Paket wieder zu verschlie\u00dfen. Wenn Sie ein kleines St\u00fcck Klebeband auf den Riss in der Verpackung kleben, ist der Inhalt von 100% sicher.<\/strong><\/p>","protected":false},"excerpt":{"rendered":"<h5>*Rabattcodes gelten nicht f\u00fcr Preisknacker<\/h5>\n<p>Energiereiches, proteinreiches, scharfes Grie\u00dfdessert mit reichhaltiger Apfelstreuselsauce. Liefert 25 Gramm hochwertiges vegetarisches Protein zum jederzeitigen Verzehr.<\/p>\n<p>Produkt H\u00f6hepunkte:<\/p>\n<div class=\"col-md-12 product-highlights-wrapper no-padding\">\n<div class=\"col-md-8 col-sm-12 product-highlights no-padding\">\n<ul>\n<li>Sofort \u2013 F\u00fcgen Sie einfach hei\u00dfes Wasser hinzu<\/li>\n<li>Teil des Supercharged SystemTM<\/li>\n<li>Mehr als 500 funktionelle Kalorien<\/li>\n<li>100g Kohlenhydrate<\/li>\n<li>25 Gramm Protein<\/li>\n<li>1 Gramm Fett<\/li>\n<li>Gemeinsame N\u00e4hrwertprofile<\/li>\n<\/ul>\n<\/div>\n<\/div>\n<p><strong>*Unsere Explore-Desserts, Mahlzeiten und Fr\u00fchst\u00fccke haben nahezu identische N\u00e4hrwertprofile. Das bedeutet, dass alle unsere Supercharged SystemTM-Sortimente die gleiche Leistungsfunktion bieten, unabh\u00e4ngig vom Geschmack, ob die Rezepte herzhaft oder s\u00fc\u00df sind.<\/strong><\/p>","protected":false},"featured_media":40224,"template":"","meta":{"_monsterinsights_skip_tracking":false,"_monsterinsights_sitenote_active":false,"_monsterinsights_sitenote_note":"","_monsterinsights_sitenote_category":0},"product_brand":[],"product_cat":[34,42,91],"product_tag":[],"class_list":{"0":"post-30970","1":"product","2":"type-product","3":"status-publish","4":"has-post-thumbnail","6":"product_cat-aanbiedingen","7":"product_cat-explore","8":"product_cat-explore-desserts","10":"first","11":"instock","12":"taxable","13":"shipping-taxable","14":"purchasable","15":"product-type-simple"},"yoast_head":"<!-- This site is optimized with the Yoast SEO plugin v27.5 - https:\/\/yoast.com\/product\/yoast-seo-wordpress\/ -->\n<title>Explore Rhubarb &amp; Custard Dessert - E-Power<\/title>\n<meta name=\"description\" content=\"Energierijk, eiwitrijk heet griesmeeldessert met een rijke apple crumble saus. Levert 25 gram vegetarisch eiwit van hoge kwaliteit om op elk moment te consumeren.\" \/>\n<meta name=\"robots\" content=\"index, follow, max-snippet:-1, max-image-preview:large, max-video-preview:-1\" \/>\n<link rel=\"canonical\" href=\"https:\/\/www.torq.nl\/de\/produkt\/explore-rhubarb-custard-dessert\/\" \/>\n<meta property=\"og:locale\" content=\"de_DE\" \/>\n<meta property=\"og:type\" content=\"article\" \/>\n<meta property=\"og:title\" content=\"Explore Rhubarb &amp; Custard Dessert - E-Power\" \/>\n<meta property=\"og:description\" content=\"Energierijk, eiwitrijk heet griesmeeldessert met een rijke apple crumble saus. Levert 25 gram vegetarisch eiwit van hoge kwaliteit om op elk moment te consumeren.\" \/>\n<meta property=\"og:url\" content=\"https:\/\/www.torq.nl\/de\/produkt\/explore-rhubarb-custard-dessert\/\" \/>\n<meta property=\"og:site_name\" content=\"E-Power\" \/>\n<meta property=\"article:publisher\" content=\"https:\/\/www.facebook.com\/epowersport\/\" \/>\n<meta property=\"article:modified_time\" content=\"2025-11-07T11:45:07+00:00\" \/>\n<meta property=\"og:image\" content=\"https:\/\/www.torq.nl\/wp-content\/uploads\/2023\/11\/Explore_Dessert_RhubarbCustard.png\" \/>\n\t<meta property=\"og:image:width\" content=\"2160\" \/>\n\t<meta property=\"og:image:height\" content=\"2160\" \/>\n\t<meta property=\"og:image:type\" content=\"image\/png\" \/>\n<meta name=\"twitter:card\" content=\"summary_large_image\" \/>\n<meta name=\"twitter:site\" content=\"@foodgroupbv\" \/>\n<meta name=\"twitter:label1\" content=\"Gesch\u00e4tzte Lesezeit\" \/>\n\t<meta name=\"twitter:data1\" content=\"2\u00a0Minuten\" \/>\n<script type=\"application\/ld+json\" class=\"yoast-schema-graph\">{\"@context\":\"https:\\\/\\\/schema.org\",\"@graph\":[{\"@type\":\"WebPage\",\"@id\":\"https:\\\/\\\/www.torq.nl\\\/product\\\/explore-rhubarb-custard-dessert\\\/\",\"url\":\"https:\\\/\\\/www.torq.nl\\\/product\\\/explore-rhubarb-custard-dessert\\\/\",\"name\":\"Explore Rhubarb & Custard Dessert - E-Power\",\"isPartOf\":{\"@id\":\"https:\\\/\\\/www.torq.nl\\\/#website\"},\"primaryImageOfPage\":{\"@id\":\"https:\\\/\\\/www.torq.nl\\\/product\\\/explore-rhubarb-custard-dessert\\\/#primaryimage\"},\"image\":{\"@id\":\"https:\\\/\\\/www.torq.nl\\\/product\\\/explore-rhubarb-custard-dessert\\\/#primaryimage\"},\"thumbnailUrl\":\"https:\\\/\\\/www.torq.nl\\\/wp-content\\\/uploads\\\/2023\\\/11\\\/Explore_Dessert_RhubarbCustard.png\",\"datePublished\":\"2023-11-30T19:15:07+00:00\",\"dateModified\":\"2025-11-07T11:45:07+00:00\",\"description\":\"Energierijk, eiwitrijk heet griesmeeldessert met een rijke apple crumble saus. Levert 25 gram vegetarisch eiwit van hoge kwaliteit om op elk moment te consumeren.\",\"breadcrumb\":{\"@id\":\"https:\\\/\\\/www.torq.nl\\\/product\\\/explore-rhubarb-custard-dessert\\\/#breadcrumb\"},\"inLanguage\":\"de\",\"potentialAction\":[{\"@type\":\"ReadAction\",\"target\":[\"https:\\\/\\\/www.torq.nl\\\/product\\\/explore-rhubarb-custard-dessert\\\/\"]}]},{\"@type\":\"ImageObject\",\"inLanguage\":\"de\",\"@id\":\"https:\\\/\\\/www.torq.nl\\\/product\\\/explore-rhubarb-custard-dessert\\\/#primaryimage\",\"url\":\"https:\\\/\\\/www.torq.nl\\\/wp-content\\\/uploads\\\/2023\\\/11\\\/Explore_Dessert_RhubarbCustard.png\",\"contentUrl\":\"https:\\\/\\\/www.torq.nl\\\/wp-content\\\/uploads\\\/2023\\\/11\\\/Explore_Dessert_RhubarbCustard.png\",\"width\":2160,\"height\":2160,\"caption\":\"Explore_Dessert_RhubarbCustard\"},{\"@type\":\"BreadcrumbList\",\"@id\":\"https:\\\/\\\/www.torq.nl\\\/product\\\/explore-rhubarb-custard-dessert\\\/#breadcrumb\",\"itemListElement\":[{\"@type\":\"ListItem\",\"position\":1,\"name\":\"Home\",\"item\":\"https:\\\/\\\/www.torq.nl\\\/home\\\/\"},{\"@type\":\"ListItem\",\"position\":2,\"name\":\"Winkel\",\"item\":\"https:\\\/\\\/www.torq.nl\\\/it\\\/winkel\\\/\"},{\"@type\":\"ListItem\",\"position\":3,\"name\":\"Explore Rhubarb &#038; Custard Dessert\"}]},{\"@type\":\"WebSite\",\"@id\":\"https:\\\/\\\/www.torq.nl\\\/#website\",\"url\":\"https:\\\/\\\/www.torq.nl\\\/\",\"name\":\"E-Power\",\"description\":\"Officieel Torq dealer Benelux\",\"publisher\":{\"@id\":\"https:\\\/\\\/www.torq.nl\\\/#organization\"},\"potentialAction\":[{\"@type\":\"SearchAction\",\"target\":{\"@type\":\"EntryPoint\",\"urlTemplate\":\"https:\\\/\\\/www.torq.nl\\\/?s={search_term_string}\"},\"query-input\":{\"@type\":\"PropertyValueSpecification\",\"valueRequired\":true,\"valueName\":\"search_term_string\"}}],\"inLanguage\":\"de\"},{\"@type\":\"Organization\",\"@id\":\"https:\\\/\\\/www.torq.nl\\\/#organization\",\"name\":\"E-Power\",\"url\":\"https:\\\/\\\/www.torq.nl\\\/\",\"logo\":{\"@type\":\"ImageObject\",\"inLanguage\":\"de\",\"@id\":\"https:\\\/\\\/www.torq.nl\\\/#\\\/schema\\\/logo\\\/image\\\/\",\"url\":\"https:\\\/\\\/www.torq.nl\\\/wp-content\\\/uploads\\\/2021\\\/04\\\/Logo-epower.png\",\"contentUrl\":\"https:\\\/\\\/www.torq.nl\\\/wp-content\\\/uploads\\\/2021\\\/04\\\/Logo-epower.png\",\"width\":506,\"height\":200,\"caption\":\"E-Power\"},\"image\":{\"@id\":\"https:\\\/\\\/www.torq.nl\\\/#\\\/schema\\\/logo\\\/image\\\/\"},\"sameAs\":[\"https:\\\/\\\/www.facebook.com\\\/epowersport\\\/\",\"https:\\\/\\\/x.com\\\/foodgroupbv\"]}]}<\/script>\n<!-- \/ Yoast SEO plugin. -->","yoast_head_json":{"title":"Entdecken Sie Rhabarber-Pudding-Dessert - E-Power","description":"Energiereiches, proteinreiches, scharfes Grie\u00dfdessert mit reichhaltiger Apfelstreuselsauce. Liefert 25 Gramm hochwertiges vegetarisches Protein zum jederzeitigen Verzehr.","robots":{"index":"index","follow":"follow","max-snippet":"max-snippet:-1","max-image-preview":"max-image-preview:large","max-video-preview":"max-video-preview:-1"},"canonical":"https:\/\/www.torq.nl\/de\/produkt\/explore-rhubarb-custard-dessert\/","og_locale":"de_DE","og_type":"article","og_title":"Explore Rhubarb & Custard Dessert - E-Power","og_description":"Energierijk, eiwitrijk heet griesmeeldessert met een rijke apple crumble saus. Levert 25 gram vegetarisch eiwit van hoge kwaliteit om op elk moment te consumeren.","og_url":"https:\/\/www.torq.nl\/de\/produkt\/explore-rhubarb-custard-dessert\/","og_site_name":"E-Power","article_publisher":"https:\/\/www.facebook.com\/epowersport\/","article_modified_time":"2025-11-07T11:45:07+00:00","og_image":[{"width":2160,"height":2160,"url":"https:\/\/www.torq.nl\/wp-content\/uploads\/2023\/11\/Explore_Dessert_RhubarbCustard.png","type":"image\/png"}],"twitter_card":"summary_large_image","twitter_site":"@foodgroupbv","twitter_misc":{"Gesch\u00e4tzte Lesezeit":"2\u00a0Minuten"},"schema":{"@context":"https:\/\/schema.org","@graph":[{"@type":"WebPage","@id":"https:\/\/www.torq.nl\/product\/explore-rhubarb-custard-dessert\/","url":"https:\/\/www.torq.nl\/product\/explore-rhubarb-custard-dessert\/","name":"Entdecken Sie Rhabarber-Pudding-Dessert - E-Power","isPartOf":{"@id":"https:\/\/www.torq.nl\/#website"},"primaryImageOfPage":{"@id":"https:\/\/www.torq.nl\/product\/explore-rhubarb-custard-dessert\/#primaryimage"},"image":{"@id":"https:\/\/www.torq.nl\/product\/explore-rhubarb-custard-dessert\/#primaryimage"},"thumbnailUrl":"https:\/\/www.torq.nl\/wp-content\/uploads\/2023\/11\/Explore_Dessert_RhubarbCustard.png","datePublished":"2023-11-30T19:15:07+00:00","dateModified":"2025-11-07T11:45:07+00:00","description":"Energiereiches, proteinreiches, scharfes Grie\u00dfdessert mit reichhaltiger Apfelstreuselsauce. Liefert 25 Gramm hochwertiges vegetarisches Protein zum jederzeitigen Verzehr.","breadcrumb":{"@id":"https:\/\/www.torq.nl\/product\/explore-rhubarb-custard-dessert\/#breadcrumb"},"inLanguage":"de","potentialAction":[{"@type":"ReadAction","target":["https:\/\/www.torq.nl\/product\/explore-rhubarb-custard-dessert\/"]}]},{"@type":"ImageObject","inLanguage":"de","@id":"https:\/\/www.torq.nl\/product\/explore-rhubarb-custard-dessert\/#primaryimage","url":"https:\/\/www.torq.nl\/wp-content\/uploads\/2023\/11\/Explore_Dessert_RhubarbCustard.png","contentUrl":"https:\/\/www.torq.nl\/wp-content\/uploads\/2023\/11\/Explore_Dessert_RhubarbCustard.png","width":2160,"height":2160,"caption":"Explore_Dessert_RhubarbCustard"},{"@type":"BreadcrumbList","@id":"https:\/\/www.torq.nl\/product\/explore-rhubarb-custard-dessert\/#breadcrumb","itemListElement":[{"@type":"ListItem","position":1,"name":"Home","item":"https:\/\/www.torq.nl\/home\/"},{"@type":"ListItem","position":2,"name":"Winkel","item":"https:\/\/www.torq.nl\/it\/winkel\/"},{"@type":"ListItem","position":3,"name":"Explore Rhubarb &#038; Custard Dessert"}]},{"@type":"WebSite","@id":"https:\/\/www.torq.nl\/#website","url":"https:\/\/www.torq.nl\/","name":"E-Power","description":"Offizieller Torq-H\u00e4ndler Benelux","publisher":{"@id":"https:\/\/www.torq.nl\/#organization"},"potentialAction":[{"@type":"SearchAction","target":{"@type":"EntryPoint","urlTemplate":"https:\/\/www.torq.nl\/?s={search_term_string}"},"query-input":{"@type":"PropertyValueSpecification","valueRequired":true,"valueName":"search_term_string"}}],"inLanguage":"de"},{"@type":"Organization","@id":"https:\/\/www.torq.nl\/#organization","name":"E-Power","url":"https:\/\/www.torq.nl\/","logo":{"@type":"ImageObject","inLanguage":"de","@id":"https:\/\/www.torq.nl\/#\/schema\/logo\/image\/","url":"https:\/\/www.torq.nl\/wp-content\/uploads\/2021\/04\/Logo-epower.png","contentUrl":"https:\/\/www.torq.nl\/wp-content\/uploads\/2021\/04\/Logo-epower.png","width":506,"height":200,"caption":"E-Power"},"image":{"@id":"https:\/\/www.torq.nl\/#\/schema\/logo\/image\/"},"sameAs":["https:\/\/www.facebook.com\/epowersport\/","https:\/\/x.com\/foodgroupbv"]}]}},"_links":{"self":[{"href":"https:\/\/www.torq.nl\/de\/wp-json\/wp\/v2\/product\/30970","targetHints":{"allow":["GET"]}}],"collection":[{"href":"https:\/\/www.torq.nl\/de\/wp-json\/wp\/v2\/product"}],"about":[{"href":"https:\/\/www.torq.nl\/de\/wp-json\/wp\/v2\/types\/product"}],"wp:featuredmedia":[{"embeddable":true,"href":"https:\/\/www.torq.nl\/de\/wp-json\/wp\/v2\/media\/40224"}],"wp:attachment":[{"href":"https:\/\/www.torq.nl\/de\/wp-json\/wp\/v2\/media?parent=30970"}],"wp:term":[{"taxonomy":"product_brand","embeddable":true,"href":"https:\/\/www.torq.nl\/de\/wp-json\/wp\/v2\/product_brand?post=30970"},{"taxonomy":"product_cat","embeddable":true,"href":"https:\/\/www.torq.nl\/de\/wp-json\/wp\/v2\/product_cat?post=30970"},{"taxonomy":"product_tag","embeddable":true,"href":"https:\/\/www.torq.nl\/de\/wp-json\/wp\/v2\/product_tag?post=30970"}],"curies":[{"name":"wp","href":"https:\/\/api.w.org\/{rel}","templated":true}]}}