{"id":34843,"date":"2024-04-16T14:22:29","date_gmt":"2024-04-16T12:22:29","guid":{"rendered":"https:\/\/www.torq.nl\/?post_type=product&#038;p=34843"},"modified":"2026-04-15T09:10:32","modified_gmt":"2026-04-15T07:10:32","slug":"bulq-pea-protein-powder-isolate-1-kg","status":"publish","type":"product","link":"https:\/\/www.torq.nl\/de\/produkt\/bulq-pea-protein-powder-isolate-1-kg\/","title":{"rendered":"BULQ Erbsenproteinpulver-Isolat 1 kg"},"content":{"rendered":"<p>Erbsenproteinisolat ist ein Protein aus Erbsensamen, das reich an den essentiellen Aminos\u00e4uren Leucin, Isoleucin und Valin ist. Diese essentiellen Aminos\u00e4uren spielen eine wesentliche Rolle bei der Regulierung der Muskelproteinsynthese (Aufbau) und sorgen somit f\u00fcr eine positive NET-Proteinbilanz. Erbsenproteinisolat hat eine \u00e4hnliche Verdauungskinetik (Verdauungsrate) wie Proteinquellen auf Molkebasis und ist daher nach der Verdauung schnell im Blut verf\u00fcgbar, wodurch ein robusteres anaboles Milieu entsteht. Dies f\u00fchrt zu einer besseren Regeneration von Muskelfasern, Energie erzeugenden Ger\u00e4ten und Enzymen. Aufgrund dieses reichhaltigen Proteins aus Pflanzenextrakt ist es perfekt f\u00fcr Vegetarier und Veganer geeignet.<\/p>\n<h3>Verwendung des Produkts<\/h3>\n<p>1 gestrichener Messl\u00f6ffel ergibt 15 g TORQ Erbsenprotein-Isolat-Pulver mit 12 g hochwertigem Erbsenprotein.<\/p>\n<p>Als Sportler\/k\u00f6rperlich aktive Person sollten Sie darauf abzielen, alle 3\u20134 Stunden (5\u20136 Mal am Tag) 20\u201325 g Protein zu sich zu nehmen. Dies kann auf verschiedene Weise erreicht werden, unter anderem durch die Sicherstellung, dass die Mahlzeiten ausreichend Protein enthalten.<\/p>\n<p>30 g (2 gestrichene Messl\u00f6ffel) TORQ Erbsenproteinisolat liefern 24 g Protein und k\u00f6nnen zu jedem Essen oder Getr\u00e4nk hinzugef\u00fcgt werden, um Ihnen beim Erreichen dieses Ziels zu helfen. Durch diese regelm\u00e4\u00dfigen F\u00fctterungsintervalle k\u00f6nnen Sie Ihren Proteinbedarf von 1,4 \u2013 2 g pro kg K\u00f6rpergewicht und Tag decken und so die physiologische Anpassung optimieren und die Muskelmasse erhalten.<\/p>\n<p>Unmittelbar nach einem harten Training empfehlen wir, TORQ Recovery Drink zu trinken, aber wenn das Training eher auf Kraft basiert, wie z. B. Kraft-\/Widerstandstraining oder kurze 15-Sekunden-Intervalle, ist TORQ Pea Protein Isolate aufgrund seines minimalen Kohlenhydratgehalts perfekt.<\/p>\n<p>*Rabattcodes gelten nicht f\u00fcr dieses Produkt<\/p>","protected":false},"excerpt":{"rendered":"<p>Produkt H\u00f6hepunkte:<\/p>\n<ul>\n<li>80%-Proteingehalt<\/li>\n<li>Reduziert Muskelschmerzen<\/li>\n<li>Hilft bei der Erholung nach dem Training<\/li>\n<li>F\u00f6rdert die Muskelanpassung<\/li>\n<li>F\u00f6rdert die Wiederauff\u00fcllung von Glykogen<\/li>\n<li>F\u00f6rdert eine positive NET-Proteinbilanz<\/li>\n<li>F\u00fcr Veganer geeignet<\/li>\n<\/ul>","protected":false},"featured_media":34844,"template":"","meta":{"_monsterinsights_skip_tracking":false,"_monsterinsights_sitenote_active":false,"_monsterinsights_sitenote_note":"","_monsterinsights_sitenote_category":0},"product_brand":[],"product_cat":[66,64,92],"product_tag":[],"class_list":{"0":"post-34843","1":"product","2":"type-product","3":"status-publish","4":"has-post-thumbnail","6":"product_cat-bulq-torq-sportvoeding","7":"product_cat-bulq","8":"product_cat-bulq-pea-protein-powder-isolate","10":"first","11":"instock","12":"taxable","13":"shipping-taxable","14":"purchasable","15":"product-type-simple"},"yoast_head":"<!-- This site is optimized with the Yoast SEO plugin v27.5 - https:\/\/yoast.com\/product\/yoast-seo-wordpress\/ -->\n<title>BULQ Pea Protein Powder Isolate 1 Kg - E-Power<\/title>\n<meta name=\"robots\" content=\"index, follow, max-snippet:-1, max-image-preview:large, max-video-preview:-1\" \/>\n<link rel=\"canonical\" href=\"https:\/\/www.torq.nl\/de\/produkt\/bulq-pea-protein-powder-isolate-1-kg\/\" \/>\n<meta property=\"og:locale\" content=\"de_DE\" \/>\n<meta property=\"og:type\" content=\"article\" \/>\n<meta property=\"og:title\" content=\"BULQ Pea Protein Powder Isolate 1 Kg - E-Power\" \/>\n<meta property=\"og:description\" content=\"Hoogtepunten van het product:   80% eiwitgehalte  Vermindert spierpijn  Helpt bij herstel na de training  Bevordert spieraanpassing  Bevordert de aanvulling van glycogeen  Bevordert positieve NET-eiwitbalans  Geschikt voor veganisten\" \/>\n<meta property=\"og:url\" content=\"https:\/\/www.torq.nl\/de\/produkt\/bulq-pea-protein-powder-isolate-1-kg\/\" \/>\n<meta property=\"og:site_name\" content=\"E-Power\" \/>\n<meta property=\"article:publisher\" content=\"https:\/\/www.facebook.com\/epowersport\/\" \/>\n<meta property=\"article:modified_time\" content=\"2026-04-15T07:10:32+00:00\" \/>\n<meta property=\"og:image\" content=\"https:\/\/www.torq.nl\/wp-content\/uploads\/2024\/04\/BULQ-clumped-brown.jpg\" \/>\n\t<meta property=\"og:image:width\" content=\"650\" \/>\n\t<meta property=\"og:image:height\" content=\"650\" \/>\n\t<meta property=\"og:image:type\" content=\"image\/jpeg\" \/>\n<meta name=\"twitter:card\" content=\"summary_large_image\" \/>\n<meta name=\"twitter:site\" content=\"@foodgroupbv\" \/>\n<meta name=\"twitter:label1\" content=\"Gesch\u00e4tzte Lesezeit\" \/>\n\t<meta name=\"twitter:data1\" content=\"2\u00a0Minuten\" \/>\n<script type=\"application\/ld+json\" class=\"yoast-schema-graph\">{\"@context\":\"https:\\\/\\\/schema.org\",\"@graph\":[{\"@type\":\"WebPage\",\"@id\":\"https:\\\/\\\/www.torq.nl\\\/product\\\/bulq-pea-protein-powder-isolate-1-kg\\\/\",\"url\":\"https:\\\/\\\/www.torq.nl\\\/product\\\/bulq-pea-protein-powder-isolate-1-kg\\\/\",\"name\":\"BULQ Pea Protein Powder Isolate 1 Kg - E-Power\",\"isPartOf\":{\"@id\":\"https:\\\/\\\/www.torq.nl\\\/#website\"},\"primaryImageOfPage\":{\"@id\":\"https:\\\/\\\/www.torq.nl\\\/product\\\/bulq-pea-protein-powder-isolate-1-kg\\\/#primaryimage\"},\"image\":{\"@id\":\"https:\\\/\\\/www.torq.nl\\\/product\\\/bulq-pea-protein-powder-isolate-1-kg\\\/#primaryimage\"},\"thumbnailUrl\":\"https:\\\/\\\/www.torq.nl\\\/wp-content\\\/uploads\\\/2024\\\/04\\\/BULQ-clumped-brown.jpg\",\"datePublished\":\"2024-04-16T12:22:29+00:00\",\"dateModified\":\"2026-04-15T07:10:32+00:00\",\"breadcrumb\":{\"@id\":\"https:\\\/\\\/www.torq.nl\\\/product\\\/bulq-pea-protein-powder-isolate-1-kg\\\/#breadcrumb\"},\"inLanguage\":\"de\",\"potentialAction\":[{\"@type\":\"ReadAction\",\"target\":[\"https:\\\/\\\/www.torq.nl\\\/product\\\/bulq-pea-protein-powder-isolate-1-kg\\\/\"]}]},{\"@type\":\"ImageObject\",\"inLanguage\":\"de\",\"@id\":\"https:\\\/\\\/www.torq.nl\\\/product\\\/bulq-pea-protein-powder-isolate-1-kg\\\/#primaryimage\",\"url\":\"https:\\\/\\\/www.torq.nl\\\/wp-content\\\/uploads\\\/2024\\\/04\\\/BULQ-clumped-brown.jpg\",\"contentUrl\":\"https:\\\/\\\/www.torq.nl\\\/wp-content\\\/uploads\\\/2024\\\/04\\\/BULQ-clumped-brown.jpg\",\"width\":650,\"height\":650,\"caption\":\"BULQ Pea Protein Powder Isolate\"},{\"@type\":\"BreadcrumbList\",\"@id\":\"https:\\\/\\\/www.torq.nl\\\/product\\\/bulq-pea-protein-powder-isolate-1-kg\\\/#breadcrumb\",\"itemListElement\":[{\"@type\":\"ListItem\",\"position\":1,\"name\":\"Home\",\"item\":\"https:\\\/\\\/www.torq.nl\\\/home\\\/\"},{\"@type\":\"ListItem\",\"position\":2,\"name\":\"Winkel\",\"item\":\"https:\\\/\\\/www.torq.nl\\\/it\\\/winkel\\\/\"},{\"@type\":\"ListItem\",\"position\":3,\"name\":\"BULQ Pea Protein Powder Isolate 1 Kg\"}]},{\"@type\":\"WebSite\",\"@id\":\"https:\\\/\\\/www.torq.nl\\\/#website\",\"url\":\"https:\\\/\\\/www.torq.nl\\\/\",\"name\":\"E-Power\",\"description\":\"Officieel Torq dealer Benelux\",\"publisher\":{\"@id\":\"https:\\\/\\\/www.torq.nl\\\/#organization\"},\"potentialAction\":[{\"@type\":\"SearchAction\",\"target\":{\"@type\":\"EntryPoint\",\"urlTemplate\":\"https:\\\/\\\/www.torq.nl\\\/?s={search_term_string}\"},\"query-input\":{\"@type\":\"PropertyValueSpecification\",\"valueRequired\":true,\"valueName\":\"search_term_string\"}}],\"inLanguage\":\"de\"},{\"@type\":\"Organization\",\"@id\":\"https:\\\/\\\/www.torq.nl\\\/#organization\",\"name\":\"E-Power\",\"url\":\"https:\\\/\\\/www.torq.nl\\\/\",\"logo\":{\"@type\":\"ImageObject\",\"inLanguage\":\"de\",\"@id\":\"https:\\\/\\\/www.torq.nl\\\/#\\\/schema\\\/logo\\\/image\\\/\",\"url\":\"https:\\\/\\\/www.torq.nl\\\/wp-content\\\/uploads\\\/2021\\\/04\\\/Logo-epower.png\",\"contentUrl\":\"https:\\\/\\\/www.torq.nl\\\/wp-content\\\/uploads\\\/2021\\\/04\\\/Logo-epower.png\",\"width\":506,\"height\":200,\"caption\":\"E-Power\"},\"image\":{\"@id\":\"https:\\\/\\\/www.torq.nl\\\/#\\\/schema\\\/logo\\\/image\\\/\"},\"sameAs\":[\"https:\\\/\\\/www.facebook.com\\\/epowersport\\\/\",\"https:\\\/\\\/x.com\\\/foodgroupbv\"]}]}<\/script>\n<!-- \/ Yoast SEO plugin. -->","yoast_head_json":{"title":"BULQ Pea Protein Powder Isolate 1 Kg - E-Power","robots":{"index":"index","follow":"follow","max-snippet":"max-snippet:-1","max-image-preview":"max-image-preview:large","max-video-preview":"max-video-preview:-1"},"canonical":"https:\/\/www.torq.nl\/de\/produkt\/bulq-pea-protein-powder-isolate-1-kg\/","og_locale":"de_DE","og_type":"article","og_title":"BULQ Pea Protein Powder Isolate 1 Kg - E-Power","og_description":"Hoogtepunten van het product:   80% eiwitgehalte  Vermindert spierpijn  Helpt bij herstel na de training  Bevordert spieraanpassing  Bevordert de aanvulling van glycogeen  Bevordert positieve NET-eiwitbalans  Geschikt voor veganisten","og_url":"https:\/\/www.torq.nl\/de\/produkt\/bulq-pea-protein-powder-isolate-1-kg\/","og_site_name":"E-Power","article_publisher":"https:\/\/www.facebook.com\/epowersport\/","article_modified_time":"2026-04-15T07:10:32+00:00","og_image":[{"width":650,"height":650,"url":"https:\/\/www.torq.nl\/wp-content\/uploads\/2024\/04\/BULQ-clumped-brown.jpg","type":"image\/jpeg"}],"twitter_card":"summary_large_image","twitter_site":"@foodgroupbv","twitter_misc":{"Gesch\u00e4tzte Lesezeit":"2\u00a0Minuten"},"schema":{"@context":"https:\/\/schema.org","@graph":[{"@type":"WebPage","@id":"https:\/\/www.torq.nl\/product\/bulq-pea-protein-powder-isolate-1-kg\/","url":"https:\/\/www.torq.nl\/product\/bulq-pea-protein-powder-isolate-1-kg\/","name":"BULQ Pea Protein Powder Isolate 1 Kg - E-Power","isPartOf":{"@id":"https:\/\/www.torq.nl\/#website"},"primaryImageOfPage":{"@id":"https:\/\/www.torq.nl\/product\/bulq-pea-protein-powder-isolate-1-kg\/#primaryimage"},"image":{"@id":"https:\/\/www.torq.nl\/product\/bulq-pea-protein-powder-isolate-1-kg\/#primaryimage"},"thumbnailUrl":"https:\/\/www.torq.nl\/wp-content\/uploads\/2024\/04\/BULQ-clumped-brown.jpg","datePublished":"2024-04-16T12:22:29+00:00","dateModified":"2026-04-15T07:10:32+00:00","breadcrumb":{"@id":"https:\/\/www.torq.nl\/product\/bulq-pea-protein-powder-isolate-1-kg\/#breadcrumb"},"inLanguage":"de","potentialAction":[{"@type":"ReadAction","target":["https:\/\/www.torq.nl\/product\/bulq-pea-protein-powder-isolate-1-kg\/"]}]},{"@type":"ImageObject","inLanguage":"de","@id":"https:\/\/www.torq.nl\/product\/bulq-pea-protein-powder-isolate-1-kg\/#primaryimage","url":"https:\/\/www.torq.nl\/wp-content\/uploads\/2024\/04\/BULQ-clumped-brown.jpg","contentUrl":"https:\/\/www.torq.nl\/wp-content\/uploads\/2024\/04\/BULQ-clumped-brown.jpg","width":650,"height":650,"caption":"BULQ Pea Protein Powder Isolate"},{"@type":"BreadcrumbList","@id":"https:\/\/www.torq.nl\/product\/bulq-pea-protein-powder-isolate-1-kg\/#breadcrumb","itemListElement":[{"@type":"ListItem","position":1,"name":"Home","item":"https:\/\/www.torq.nl\/home\/"},{"@type":"ListItem","position":2,"name":"Winkel","item":"https:\/\/www.torq.nl\/it\/winkel\/"},{"@type":"ListItem","position":3,"name":"BULQ Pea Protein Powder Isolate 1 Kg"}]},{"@type":"WebSite","@id":"https:\/\/www.torq.nl\/#website","url":"https:\/\/www.torq.nl\/","name":"E-Power","description":"Offizieller Torq-H\u00e4ndler Benelux","publisher":{"@id":"https:\/\/www.torq.nl\/#organization"},"potentialAction":[{"@type":"SearchAction","target":{"@type":"EntryPoint","urlTemplate":"https:\/\/www.torq.nl\/?s={search_term_string}"},"query-input":{"@type":"PropertyValueSpecification","valueRequired":true,"valueName":"search_term_string"}}],"inLanguage":"de"},{"@type":"Organization","@id":"https:\/\/www.torq.nl\/#organization","name":"E-Power","url":"https:\/\/www.torq.nl\/","logo":{"@type":"ImageObject","inLanguage":"de","@id":"https:\/\/www.torq.nl\/#\/schema\/logo\/image\/","url":"https:\/\/www.torq.nl\/wp-content\/uploads\/2021\/04\/Logo-epower.png","contentUrl":"https:\/\/www.torq.nl\/wp-content\/uploads\/2021\/04\/Logo-epower.png","width":506,"height":200,"caption":"E-Power"},"image":{"@id":"https:\/\/www.torq.nl\/#\/schema\/logo\/image\/"},"sameAs":["https:\/\/www.facebook.com\/epowersport\/","https:\/\/x.com\/foodgroupbv"]}]}},"_links":{"self":[{"href":"https:\/\/www.torq.nl\/de\/wp-json\/wp\/v2\/product\/34843","targetHints":{"allow":["GET"]}}],"collection":[{"href":"https:\/\/www.torq.nl\/de\/wp-json\/wp\/v2\/product"}],"about":[{"href":"https:\/\/www.torq.nl\/de\/wp-json\/wp\/v2\/types\/product"}],"wp:featuredmedia":[{"embeddable":true,"href":"https:\/\/www.torq.nl\/de\/wp-json\/wp\/v2\/media\/34844"}],"wp:attachment":[{"href":"https:\/\/www.torq.nl\/de\/wp-json\/wp\/v2\/media?parent=34843"}],"wp:term":[{"taxonomy":"product_brand","embeddable":true,"href":"https:\/\/www.torq.nl\/de\/wp-json\/wp\/v2\/product_brand?post=34843"},{"taxonomy":"product_cat","embeddable":true,"href":"https:\/\/www.torq.nl\/de\/wp-json\/wp\/v2\/product_cat?post=34843"},{"taxonomy":"product_tag","embeddable":true,"href":"https:\/\/www.torq.nl\/de\/wp-json\/wp\/v2\/product_tag?post=34843"}],"curies":[{"name":"wp","href":"https:\/\/api.w.org\/{rel}","templated":true}]}}