{"id":35289,"date":"2024-07-23T09:25:09","date_gmt":"2024-07-23T07:25:09","guid":{"rendered":"https:\/\/www.torq.nl\/?post_type=product&#038;p=35289"},"modified":"2025-07-30T14:30:09","modified_gmt":"2025-07-30T12:30:09","slug":"sustain-gum-50-mg-cafeine-per-kauwgom","status":"publish","type":"product","link":"https:\/\/www.torq.nl\/de\/produkt\/sustain-gum-50-mg-cafeine-per-kauwgom\/","title":{"rendered":"Sustain Gum \u2013 50 mg Koffein pro Kaugummi"},"content":{"rendered":"<p>Sustain Gum wurde mit Blick auf Ihre Leistung entwickelt, aber der Preis f\u00fcr den Erfolg sollte nicht die Erde sein. Deshalb verwenden wir eine nat\u00fcrliche Kaugummibasis aus Pflanzen, wodurch unser Koffeinkaugummi sowohl biologisch abbaubar als auch umweltfreundlich ist.<\/p>\n<p>Da Sie Sustain Kaugummi kauen, wird das Koffein durch die Schleimh\u00e4ute im Mund direkt in Ihren Blutkreislauf aufgenommen und umgeht dabei Ihren Magen. <strong>also musst du es einfach tun <\/strong><strong>5-10 Minuten <\/strong><strong>kauen <\/strong>(Werfen Sie den Kaugummi nach 10 Minuten weg!) um den Koffein-Kick zu bekommen, den Sie brauchen, um Ihre Leistung zu maximieren. Wenn Sie bei einem Rennen m\u00fcde sind oder sich im Fitnessstudio abm\u00fchen, kann das den Unterschied zwischen Sieg und Niederlage oder dem Aufstellen einer neuen pers\u00f6nlichen Bestleistung ausmachen.<\/p>\n<h4>Warum Sustain Gum w\u00e4hlen?<\/h4>\n<p>Die meisten Kaugummis enthalten Kunststoffe, die in ihren Inhaltsstoffen unter dem Begriff \u201eKaugummibasis\u201c versteckt sind, was bedeutet, dass der Abbau Jahrhunderte dauern w\u00fcrde. Wir verwenden eine nat\u00fcrliche Kaugummibasis, die ausschlie\u00dflich aus pflanzlichen Zutaten hergestellt wird, und 100% ist kompostierbar, genau wie ein St\u00fcck Obst! So k\u00f6nnen Sie Sustain Gum wie Ihre Opposition begraben und sowohl Sie als auch die Erde unterst\u00fctzen. Unsere Verpackung ist au\u00dferdem 100% biologisch abbaubar, sodass Sie Ihre pers\u00f6nlichen Bestleistungen mit gutem Gewissen brechen k\u00f6nnen.<\/p>\n<p>Viele koffeinhaltige Produkte verursachen Nervosit\u00e4t voller ungesunder \u00dcbel, und die meisten anderen Kaugummis bestehen aus Kunststoff. Unser biologisch abbaubarer Koffeinkaugummi ist zuckerfrei \u2013 kein F\u00fcllstoff, kein Bull. Wir verwenden Xylitol, einen pflanzlichen S\u00fc\u00dfstoff, und nat\u00fcrliche Aromen von Pfefferminze und Menthol f\u00fcr einen leckeren, erfrischenden Kausnack.<\/p>\n<p>Mit jeweils weniger als 5 Kalorien versorgt es Sie mit sauberer Energie, die sich nat\u00fcrlich anf\u00fchlt und l\u00e4nger anh\u00e4lt, um eine bessere Leistung zu erzielen.<\/p>\n<h4>Wie benutzt man\u2026<\/h4>\n<p>Unser plastikfreier Energy Gum ist ein erfrischend leckerer Kaugummi.<strong> Nehmen Sie einfach eines in den Mund und kauen Sie es etwa 5 bis 10 Minuten lang <\/strong>um einen sauberen Energiesto\u00df auszul\u00f6sen, den Sie sp\u00fcren werden.<\/p>\n<p>F\u00fcr wen ist Sustain Gum geeignet? Ganz gleich, ob Sie Marathons erobern, Ihre t\u00e4glichen L\u00e4ufe in Angriff nehmen, f\u00fcr ein intensives Training ins Fitnessstudio gehen oder sich auf ein gro\u00dfes Rennen vorbereiten, unsere Energie-Kaubonbons sind Ihr ultimativer Begleiter, um stundenlang H\u00f6chstleistungen zu erbringen.<\/p>\n<h4>Zutaten<\/h4>\n<p>Xylitol, nat\u00fcrliche Gummibasis, nat\u00fcrliches Pfefferminzaroma, nat\u00fcrliches Mentholaroma, Koffein, Glycerin, Gummi arabicum, Sucralose, Acesulfam K, Carnaubawachs.<\/p>\n<h4>Hauptvorteile<\/h4>\n<p>Von Sustain Gum haben viele profitiert, von Ultral\u00e4ufern und Spitzensportlern bis hin zu Fitnessstudio-Enthusiasten und Schichtarbeitern. Wir sind zufrieden mit dem Einfluss, den wir auf das Leben der Menschen haben (und ohne dem Planeten zu schaden!).<\/p>\n<ul>\n<li>100% biologisch abbaubarer Kaugummi<\/li>\n<li>100% Kompostierbare Verpackung<\/li>\n<li>50 mg Koffein pro Kautablette<\/li>\n<li>Plastikfreie und nat\u00fcrliche Kaugummibasis<\/li>\n<li>Wirkt dreimal schneller als andere Koffeinquellen<\/li>\n<li>Erh\u00f6ht das Energieniveau und verbessert die Konzentration<\/li>\n<li>Reduzieren Sie M\u00fcdigkeit und bek\u00e4mpfen Sie M\u00fcdigkeit<\/li>\n<li>Erh\u00f6ht wissenschaftlich die Ausdauer um bis zu 6%<\/li>\n<li>Steven Bartlett und Peter Jones Gesteen<\/li>\n<li>Von Sportlern f\u00fcr Sportler entwickelt<\/li>\n<li>Nat\u00fcrliche Aromen und keine k\u00fcnstlichen S\u00fc\u00dfstoffe<\/li>\n<li>Zuckerfrei und k\u00f6stlich minzig<\/li>\n<\/ul>","protected":false},"excerpt":{"rendered":"<h4><b>Leistungssteigernder, langlebiger, plastikfreier Koffein-Kaugummi<\/b><\/h4>\n<p>Sustain Gum \u2013 der allererste biologisch abbaubare, plastikfreie koffeinhaltige 100%-Kaugummi.<\/p>\n<p>*Gr\u00f6\u00dfe: Pro Beutel \u2013 12 St\u00fcck Kaugummi<\/p>\n<p>*Marke: Caffeine Bullet<\/p>","protected":false},"featured_media":35290,"template":"","meta":{"_monsterinsights_skip_tracking":false,"_monsterinsights_sitenote_active":false,"_monsterinsights_sitenote_note":"","_monsterinsights_sitenote_category":0},"product_brand":[],"product_cat":[69],"product_tag":[],"class_list":{"0":"post-35289","1":"product","2":"type-product","3":"status-publish","4":"has-post-thumbnail","6":"product_cat-performance-bullet","8":"first","9":"instock","10":"taxable","11":"shipping-taxable","12":"purchasable","13":"product-type-simple"},"yoast_head":"<!-- This site is optimized with the Yoast SEO plugin v27.5 - https:\/\/yoast.com\/product\/yoast-seo-wordpress\/ -->\n<title>Sustain Gum - 50 mg cafe\u00efne per kauwgom - E-Power<\/title>\n<meta name=\"robots\" content=\"index, follow, max-snippet:-1, max-image-preview:large, max-video-preview:-1\" \/>\n<link rel=\"canonical\" href=\"https:\/\/www.torq.nl\/de\/produkt\/sustain-gum-50-mg-cafeine-per-kauwgom\/\" \/>\n<meta property=\"og:locale\" content=\"de_DE\" \/>\n<meta property=\"og:type\" content=\"article\" \/>\n<meta property=\"og:title\" content=\"Sustain Gum - 50 mg cafe\u00efne per kauwgom - E-Power\" \/>\n<meta property=\"og:description\" content=\"Prestatieverbeterende, duurzame, plasticvrije cafe\u00efne kauwgom Sustain Gum - de allereerste 100% biologisch afbreekbare, plasticvrije cafe\u00efne kauwgom.  *Grootte: Per zakje - 12 stuks kauwgom  *Merk: Caffeine Bullet\" \/>\n<meta property=\"og:url\" content=\"https:\/\/www.torq.nl\/de\/produkt\/sustain-gum-50-mg-cafeine-per-kauwgom\/\" \/>\n<meta property=\"og:site_name\" content=\"E-Power\" \/>\n<meta property=\"article:publisher\" content=\"https:\/\/www.facebook.com\/epowersport\/\" \/>\n<meta property=\"article:modified_time\" content=\"2025-07-30T12:30:09+00:00\" \/>\n<meta property=\"og:image\" content=\"https:\/\/www.torq.nl\/wp-content\/uploads\/2024\/07\/Sustain_Gum_26_1600x_crop_center.jpg.webp\" \/>\n\t<meta property=\"og:image:width\" content=\"1600\" \/>\n\t<meta property=\"og:image:height\" content=\"1600\" \/>\n\t<meta property=\"og:image:type\" content=\"image\/webp\" \/>\n<meta name=\"twitter:card\" content=\"summary_large_image\" \/>\n<meta name=\"twitter:site\" content=\"@foodgroupbv\" \/>\n<meta name=\"twitter:label1\" content=\"Gesch\u00e4tzte Lesezeit\" \/>\n\t<meta name=\"twitter:data1\" content=\"3\u00a0Minuten\" \/>\n<script type=\"application\/ld+json\" class=\"yoast-schema-graph\">{\"@context\":\"https:\\\/\\\/schema.org\",\"@graph\":[{\"@type\":\"WebPage\",\"@id\":\"https:\\\/\\\/www.torq.nl\\\/product\\\/sustain-gum-50-mg-cafeine-per-kauwgom\\\/\",\"url\":\"https:\\\/\\\/www.torq.nl\\\/product\\\/sustain-gum-50-mg-cafeine-per-kauwgom\\\/\",\"name\":\"Sustain Gum - 50 mg cafe\u00efne per kauwgom - E-Power\",\"isPartOf\":{\"@id\":\"https:\\\/\\\/www.torq.nl\\\/#website\"},\"primaryImageOfPage\":{\"@id\":\"https:\\\/\\\/www.torq.nl\\\/product\\\/sustain-gum-50-mg-cafeine-per-kauwgom\\\/#primaryimage\"},\"image\":{\"@id\":\"https:\\\/\\\/www.torq.nl\\\/product\\\/sustain-gum-50-mg-cafeine-per-kauwgom\\\/#primaryimage\"},\"thumbnailUrl\":\"https:\\\/\\\/www.torq.nl\\\/wp-content\\\/uploads\\\/2024\\\/07\\\/Sustain_Gum_26_1600x_crop_center.jpg.webp\",\"datePublished\":\"2024-07-23T07:25:09+00:00\",\"dateModified\":\"2025-07-30T12:30:09+00:00\",\"breadcrumb\":{\"@id\":\"https:\\\/\\\/www.torq.nl\\\/product\\\/sustain-gum-50-mg-cafeine-per-kauwgom\\\/#breadcrumb\"},\"inLanguage\":\"de\",\"potentialAction\":[{\"@type\":\"ReadAction\",\"target\":[\"https:\\\/\\\/www.torq.nl\\\/product\\\/sustain-gum-50-mg-cafeine-per-kauwgom\\\/\"]}]},{\"@type\":\"ImageObject\",\"inLanguage\":\"de\",\"@id\":\"https:\\\/\\\/www.torq.nl\\\/product\\\/sustain-gum-50-mg-cafeine-per-kauwgom\\\/#primaryimage\",\"url\":\"https:\\\/\\\/www.torq.nl\\\/wp-content\\\/uploads\\\/2024\\\/07\\\/Sustain_Gum_26_1600x_crop_center.jpg.webp\",\"contentUrl\":\"https:\\\/\\\/www.torq.nl\\\/wp-content\\\/uploads\\\/2024\\\/07\\\/Sustain_Gum_26_1600x_crop_center.jpg.webp\",\"width\":1600,\"height\":1600,\"caption\":\"Sustain Gum - 50 mg cafe\u00efne per kauwgom\"},{\"@type\":\"BreadcrumbList\",\"@id\":\"https:\\\/\\\/www.torq.nl\\\/product\\\/sustain-gum-50-mg-cafeine-per-kauwgom\\\/#breadcrumb\",\"itemListElement\":[{\"@type\":\"ListItem\",\"position\":1,\"name\":\"Home\",\"item\":\"https:\\\/\\\/www.torq.nl\\\/home\\\/\"},{\"@type\":\"ListItem\",\"position\":2,\"name\":\"Winkel\",\"item\":\"https:\\\/\\\/www.torq.nl\\\/it\\\/winkel\\\/\"},{\"@type\":\"ListItem\",\"position\":3,\"name\":\"Sustain Gum &#8211; 50 mg cafe\u00efne per kauwgom\"}]},{\"@type\":\"WebSite\",\"@id\":\"https:\\\/\\\/www.torq.nl\\\/#website\",\"url\":\"https:\\\/\\\/www.torq.nl\\\/\",\"name\":\"E-Power\",\"description\":\"Officieel Torq dealer Benelux\",\"publisher\":{\"@id\":\"https:\\\/\\\/www.torq.nl\\\/#organization\"},\"potentialAction\":[{\"@type\":\"SearchAction\",\"target\":{\"@type\":\"EntryPoint\",\"urlTemplate\":\"https:\\\/\\\/www.torq.nl\\\/?s={search_term_string}\"},\"query-input\":{\"@type\":\"PropertyValueSpecification\",\"valueRequired\":true,\"valueName\":\"search_term_string\"}}],\"inLanguage\":\"de\"},{\"@type\":\"Organization\",\"@id\":\"https:\\\/\\\/www.torq.nl\\\/#organization\",\"name\":\"E-Power\",\"url\":\"https:\\\/\\\/www.torq.nl\\\/\",\"logo\":{\"@type\":\"ImageObject\",\"inLanguage\":\"de\",\"@id\":\"https:\\\/\\\/www.torq.nl\\\/#\\\/schema\\\/logo\\\/image\\\/\",\"url\":\"https:\\\/\\\/www.torq.nl\\\/wp-content\\\/uploads\\\/2021\\\/04\\\/Logo-epower.png\",\"contentUrl\":\"https:\\\/\\\/www.torq.nl\\\/wp-content\\\/uploads\\\/2021\\\/04\\\/Logo-epower.png\",\"width\":506,\"height\":200,\"caption\":\"E-Power\"},\"image\":{\"@id\":\"https:\\\/\\\/www.torq.nl\\\/#\\\/schema\\\/logo\\\/image\\\/\"},\"sameAs\":[\"https:\\\/\\\/www.facebook.com\\\/epowersport\\\/\",\"https:\\\/\\\/x.com\\\/foodgroupbv\"]}]}<\/script>\n<!-- \/ Yoast SEO plugin. -->","yoast_head_json":{"title":"Sustain Gum - 50 mg cafe\u00efne per kauwgom - E-Power","robots":{"index":"index","follow":"follow","max-snippet":"max-snippet:-1","max-image-preview":"max-image-preview:large","max-video-preview":"max-video-preview:-1"},"canonical":"https:\/\/www.torq.nl\/de\/produkt\/sustain-gum-50-mg-cafeine-per-kauwgom\/","og_locale":"de_DE","og_type":"article","og_title":"Sustain Gum - 50 mg cafe\u00efne per kauwgom - E-Power","og_description":"Prestatieverbeterende, duurzame, plasticvrije cafe\u00efne kauwgom Sustain Gum - de allereerste 100% biologisch afbreekbare, plasticvrije cafe\u00efne kauwgom.  *Grootte: Per zakje - 12 stuks kauwgom  *Merk: Caffeine Bullet","og_url":"https:\/\/www.torq.nl\/de\/produkt\/sustain-gum-50-mg-cafeine-per-kauwgom\/","og_site_name":"E-Power","article_publisher":"https:\/\/www.facebook.com\/epowersport\/","article_modified_time":"2025-07-30T12:30:09+00:00","og_image":[{"width":1600,"height":1600,"url":"https:\/\/www.torq.nl\/wp-content\/uploads\/2024\/07\/Sustain_Gum_26_1600x_crop_center.jpg.webp","type":"image\/webp"}],"twitter_card":"summary_large_image","twitter_site":"@foodgroupbv","twitter_misc":{"Gesch\u00e4tzte Lesezeit":"3\u00a0Minuten"},"schema":{"@context":"https:\/\/schema.org","@graph":[{"@type":"WebPage","@id":"https:\/\/www.torq.nl\/product\/sustain-gum-50-mg-cafeine-per-kauwgom\/","url":"https:\/\/www.torq.nl\/product\/sustain-gum-50-mg-cafeine-per-kauwgom\/","name":"Sustain Gum - 50 mg cafe\u00efne per kauwgom - E-Power","isPartOf":{"@id":"https:\/\/www.torq.nl\/#website"},"primaryImageOfPage":{"@id":"https:\/\/www.torq.nl\/product\/sustain-gum-50-mg-cafeine-per-kauwgom\/#primaryimage"},"image":{"@id":"https:\/\/www.torq.nl\/product\/sustain-gum-50-mg-cafeine-per-kauwgom\/#primaryimage"},"thumbnailUrl":"https:\/\/www.torq.nl\/wp-content\/uploads\/2024\/07\/Sustain_Gum_26_1600x_crop_center.jpg.webp","datePublished":"2024-07-23T07:25:09+00:00","dateModified":"2025-07-30T12:30:09+00:00","breadcrumb":{"@id":"https:\/\/www.torq.nl\/product\/sustain-gum-50-mg-cafeine-per-kauwgom\/#breadcrumb"},"inLanguage":"de","potentialAction":[{"@type":"ReadAction","target":["https:\/\/www.torq.nl\/product\/sustain-gum-50-mg-cafeine-per-kauwgom\/"]}]},{"@type":"ImageObject","inLanguage":"de","@id":"https:\/\/www.torq.nl\/product\/sustain-gum-50-mg-cafeine-per-kauwgom\/#primaryimage","url":"https:\/\/www.torq.nl\/wp-content\/uploads\/2024\/07\/Sustain_Gum_26_1600x_crop_center.jpg.webp","contentUrl":"https:\/\/www.torq.nl\/wp-content\/uploads\/2024\/07\/Sustain_Gum_26_1600x_crop_center.jpg.webp","width":1600,"height":1600,"caption":"Sustain Gum - 50 mg cafe\u00efne per kauwgom"},{"@type":"BreadcrumbList","@id":"https:\/\/www.torq.nl\/product\/sustain-gum-50-mg-cafeine-per-kauwgom\/#breadcrumb","itemListElement":[{"@type":"ListItem","position":1,"name":"Home","item":"https:\/\/www.torq.nl\/home\/"},{"@type":"ListItem","position":2,"name":"Winkel","item":"https:\/\/www.torq.nl\/it\/winkel\/"},{"@type":"ListItem","position":3,"name":"Sustain Gum &#8211; 50 mg cafe\u00efne per kauwgom"}]},{"@type":"WebSite","@id":"https:\/\/www.torq.nl\/#website","url":"https:\/\/www.torq.nl\/","name":"E-Power","description":"Offizieller Torq-H\u00e4ndler Benelux","publisher":{"@id":"https:\/\/www.torq.nl\/#organization"},"potentialAction":[{"@type":"SearchAction","target":{"@type":"EntryPoint","urlTemplate":"https:\/\/www.torq.nl\/?s={search_term_string}"},"query-input":{"@type":"PropertyValueSpecification","valueRequired":true,"valueName":"search_term_string"}}],"inLanguage":"de"},{"@type":"Organization","@id":"https:\/\/www.torq.nl\/#organization","name":"E-Power","url":"https:\/\/www.torq.nl\/","logo":{"@type":"ImageObject","inLanguage":"de","@id":"https:\/\/www.torq.nl\/#\/schema\/logo\/image\/","url":"https:\/\/www.torq.nl\/wp-content\/uploads\/2021\/04\/Logo-epower.png","contentUrl":"https:\/\/www.torq.nl\/wp-content\/uploads\/2021\/04\/Logo-epower.png","width":506,"height":200,"caption":"E-Power"},"image":{"@id":"https:\/\/www.torq.nl\/#\/schema\/logo\/image\/"},"sameAs":["https:\/\/www.facebook.com\/epowersport\/","https:\/\/x.com\/foodgroupbv"]}]}},"_links":{"self":[{"href":"https:\/\/www.torq.nl\/de\/wp-json\/wp\/v2\/product\/35289","targetHints":{"allow":["GET"]}}],"collection":[{"href":"https:\/\/www.torq.nl\/de\/wp-json\/wp\/v2\/product"}],"about":[{"href":"https:\/\/www.torq.nl\/de\/wp-json\/wp\/v2\/types\/product"}],"wp:featuredmedia":[{"embeddable":true,"href":"https:\/\/www.torq.nl\/de\/wp-json\/wp\/v2\/media\/35290"}],"wp:attachment":[{"href":"https:\/\/www.torq.nl\/de\/wp-json\/wp\/v2\/media?parent=35289"}],"wp:term":[{"taxonomy":"product_brand","embeddable":true,"href":"https:\/\/www.torq.nl\/de\/wp-json\/wp\/v2\/product_brand?post=35289"},{"taxonomy":"product_cat","embeddable":true,"href":"https:\/\/www.torq.nl\/de\/wp-json\/wp\/v2\/product_cat?post=35289"},{"taxonomy":"product_tag","embeddable":true,"href":"https:\/\/www.torq.nl\/de\/wp-json\/wp\/v2\/product_tag?post=35289"}],"curies":[{"name":"wp","href":"https:\/\/api.w.org\/{rel}","templated":true}]}}