{"id":35364,"date":"2024-07-24T11:20:57","date_gmt":"2024-07-24T09:20:57","guid":{"rendered":"https:\/\/www.torq.nl\/?post_type=product&#038;p=35364"},"modified":"2026-05-03T17:20:42","modified_gmt":"2026-05-03T15:20:42","slug":"orange-energy-jelly-chews-box-15-stuks","status":"publish","type":"product","link":"https:\/\/www.torq.nl\/de\/produkt\/orange-energy-jelly-chews-box-15-stuks\/","title":{"rendered":"Orange Energy Jelly Kaubonbons (15 St\u00fcck)"},"content":{"rendered":"<p>Unser energiereiches Kauprodukt TORQ Jellies wurde sorgf\u00e4ltig formuliert, um die einzigartige Mischung aus mehrfach transportierbaren Kohlenhydraten von TORQ mithilfe der bew\u00e4hrten 2:1-Glukose:Fruktose-Technologie extrem schnell und effizient an die arbeitenden Muskeln zu liefern.<\/p>\n<p>TORQ Jellies sind Teil des TORQ Fueling Systems und k\u00f6nnen daher zusammen mit den Energy Drinks, Gels und Riegeln von TORQ verwendet werden, um eine optimale Leistung zu erzielen.<\/p>\n<p>Jede Packung TORQ Jellies enth\u00e4lt 30 Gramm mehrfach transportierbare Kohlenhydrate (1 TORQ-Einheit). F\u00fcr eine optimale Leistung empfiehlt unser TORQ-Kraftstoffsystem den Verbrauch von 2\u20133 TORQ-Einheiten pro Stunde, was durch den Verbrauch verschiedener Kraftstoffprodukte erreicht werden kann. Der Verzehr einer Packung mit 6 TORQ-Gelees ist einfach eine Methode zur Einnahme einer Einheit TORQ.<\/p>\n<h4>Wie benutzt man\u2026<\/h4>\n<p>Jede Packung (1 Beutel) TORQ Jellies enth\u00e4lt 6 Energy Jellies (30 g mehrfach transportierbare Kohlenhydrate) und entspricht 1 TORQ-Einheit. Jedes einzelne TORQ Jelly enth\u00e4lt 5 g mehrfach transportierbare Kohlenhydrate. TORQ Jellies sind pro Beutel (6 Energy Jellies) und in einer Schachtel mit 15 Packungen (15 x 36 g Packungen) erh\u00e4ltlich.<\/p>\n<p>TORQ-Gelees stellen die bequemste Methode dar, um \u00fcber einen l\u00e4ngeren Zeitraum 30 Gramm Kohlenhydrate (1 TORQ-Einheit) zu sich zu nehmen. Die weiche, z\u00e4he Konsistenz und der k\u00f6stliche Geschmack machen sie zu einer sehr angenehmen M\u00f6glichkeit, Ihnen beim Training den n\u00f6tigen Energiestoff zu liefern. Da alle Fueling System-Produkte von TORQ die gleiche Kohlenhydratdosis von 30 g enthalten, ist es eine sch\u00f6ne Erg\u00e4nzung zum TORQ Fueling System.<\/p>","protected":false},"excerpt":{"rendered":"<p>TORQ Jelly besteht aus einer 2:1-Mischung aus Glukosederivaten und Fruktose, ist nat\u00fcrlich aromatisiert und frei von Farbstoffen und k\u00fcnstlichen S\u00fc\u00dfstoffen. Unsere weichen und z\u00e4hen Energy Jelly Chews in Iglu-Form sind ebenfalls Teil des TORQ Fueling Systems.<\/p>\n<h4>Produkt H\u00f6hepunkte:<\/h4>\n<ul>\n<li>2:1 Glukose:Fruktose<\/li>\n<li>Mehrere transportierbare Kohlenhydrate<\/li>\n<li>Weiche, energiereiche Kausnacks<\/li>\n<li>Iglu-f\u00f6rmig\/leicht teilbar<\/li>\n<li>Temperaturstabil<\/li>\n<li>Teil des TORQ-Kraftstoffsystems<\/li>\n<\/ul>","protected":false},"featured_media":35365,"template":"","meta":{"_monsterinsights_skip_tracking":false,"_monsterinsights_sitenote_active":false,"_monsterinsights_sitenote_note":"","_monsterinsights_sitenote_category":0},"product_brand":[],"product_cat":[30,95],"product_tag":[],"class_list":{"0":"post-35364","1":"product","2":"type-product","3":"status-publish","4":"has-post-thumbnail","6":"product_cat-fuelling-system","7":"product_cat-torq-energy-jellies","9":"first","10":"instock","11":"taxable","12":"shipping-taxable","13":"purchasable","14":"product-type-simple"},"yoast_head":"<!-- This site is optimized with the Yoast SEO plugin v27.5 - https:\/\/yoast.com\/product\/yoast-seo-wordpress\/ -->\n<title>Orange Energy Jelly Chews Box (15 stuks) - E-Power<\/title>\n<meta name=\"robots\" content=\"index, follow, max-snippet:-1, max-image-preview:large, max-video-preview:-1\" \/>\n<link rel=\"canonical\" href=\"https:\/\/www.torq.nl\/de\/produkt\/orange-energy-jelly-chews-box-15-stuks\/\" \/>\n<meta property=\"og:locale\" content=\"de_DE\" \/>\n<meta property=\"og:type\" content=\"article\" \/>\n<meta property=\"og:title\" content=\"Orange Energy Jelly Chews Box (15 stuks) - E-Power\" \/>\n<meta property=\"og:description\" content=\"TORQ Jelly is geformuleerd met een 2:1-mengsel van glucosederivaten tot fructose, zijn natuurlijk gearomatiseerd en kleur- en kunstmatige zoetstofvrij. Onze zachte en taaie iglo-vormige Energy Jelly Chews maken ook deel uit van het TORQ Fuelling System. Hoogtepunten van het product:   2:1 Glucose:Fructose  Meerdere transporteerbare koolhydraten  Zachte Energie Chews  Iglo-vormig\/gemakkelijk te verdelen  Temperatuur Stabiel  Onderdeel van het TORQ Fuelling System\" \/>\n<meta property=\"og:url\" content=\"https:\/\/www.torq.nl\/de\/produkt\/orange-energy-jelly-chews-box-15-stuks\/\" \/>\n<meta property=\"og:site_name\" content=\"E-Power\" \/>\n<meta property=\"article:publisher\" content=\"https:\/\/www.facebook.com\/epowersport\/\" \/>\n<meta property=\"article:modified_time\" content=\"2026-05-03T15:20:42+00:00\" \/>\n<meta property=\"og:image\" content=\"https:\/\/www.torq.nl\/wp-content\/uploads\/2024\/07\/orange-min.png\" \/>\n\t<meta property=\"og:image:width\" content=\"2560\" \/>\n\t<meta property=\"og:image:height\" content=\"2560\" \/>\n\t<meta property=\"og:image:type\" content=\"image\/png\" \/>\n<meta name=\"twitter:card\" content=\"summary_large_image\" \/>\n<meta name=\"twitter:site\" content=\"@foodgroupbv\" \/>\n<meta name=\"twitter:label1\" content=\"Gesch\u00e4tzte Lesezeit\" \/>\n\t<meta name=\"twitter:data1\" content=\"2\u00a0Minuten\" \/>\n<script type=\"application\/ld+json\" class=\"yoast-schema-graph\">{\"@context\":\"https:\\\/\\\/schema.org\",\"@graph\":[{\"@type\":\"WebPage\",\"@id\":\"https:\\\/\\\/www.torq.nl\\\/product\\\/orange-energy-jelly-chews-box-15-stuks\\\/\",\"url\":\"https:\\\/\\\/www.torq.nl\\\/product\\\/orange-energy-jelly-chews-box-15-stuks\\\/\",\"name\":\"Orange Energy Jelly Chews Box (15 stuks) - E-Power\",\"isPartOf\":{\"@id\":\"https:\\\/\\\/www.torq.nl\\\/#website\"},\"primaryImageOfPage\":{\"@id\":\"https:\\\/\\\/www.torq.nl\\\/product\\\/orange-energy-jelly-chews-box-15-stuks\\\/#primaryimage\"},\"image\":{\"@id\":\"https:\\\/\\\/www.torq.nl\\\/product\\\/orange-energy-jelly-chews-box-15-stuks\\\/#primaryimage\"},\"thumbnailUrl\":\"https:\\\/\\\/www.torq.nl\\\/wp-content\\\/uploads\\\/2024\\\/07\\\/orange-min.png\",\"datePublished\":\"2024-07-24T09:20:57+00:00\",\"dateModified\":\"2026-05-03T15:20:42+00:00\",\"breadcrumb\":{\"@id\":\"https:\\\/\\\/www.torq.nl\\\/product\\\/orange-energy-jelly-chews-box-15-stuks\\\/#breadcrumb\"},\"inLanguage\":\"de\",\"potentialAction\":[{\"@type\":\"ReadAction\",\"target\":[\"https:\\\/\\\/www.torq.nl\\\/product\\\/orange-energy-jelly-chews-box-15-stuks\\\/\"]}]},{\"@type\":\"ImageObject\",\"inLanguage\":\"de\",\"@id\":\"https:\\\/\\\/www.torq.nl\\\/product\\\/orange-energy-jelly-chews-box-15-stuks\\\/#primaryimage\",\"url\":\"https:\\\/\\\/www.torq.nl\\\/wp-content\\\/uploads\\\/2024\\\/07\\\/orange-min.png\",\"contentUrl\":\"https:\\\/\\\/www.torq.nl\\\/wp-content\\\/uploads\\\/2024\\\/07\\\/orange-min.png\",\"width\":2560,\"height\":2560,\"caption\":\"Orange Energy Gellies Chews\"},{\"@type\":\"BreadcrumbList\",\"@id\":\"https:\\\/\\\/www.torq.nl\\\/product\\\/orange-energy-jelly-chews-box-15-stuks\\\/#breadcrumb\",\"itemListElement\":[{\"@type\":\"ListItem\",\"position\":1,\"name\":\"Home\",\"item\":\"https:\\\/\\\/www.torq.nl\\\/home\\\/\"},{\"@type\":\"ListItem\",\"position\":2,\"name\":\"Winkel\",\"item\":\"https:\\\/\\\/www.torq.nl\\\/it\\\/winkel\\\/\"},{\"@type\":\"ListItem\",\"position\":3,\"name\":\"Orange Energy Jelly Chews Box (15 stuks)\"}]},{\"@type\":\"WebSite\",\"@id\":\"https:\\\/\\\/www.torq.nl\\\/#website\",\"url\":\"https:\\\/\\\/www.torq.nl\\\/\",\"name\":\"E-Power\",\"description\":\"Officieel Torq dealer Benelux\",\"publisher\":{\"@id\":\"https:\\\/\\\/www.torq.nl\\\/#organization\"},\"potentialAction\":[{\"@type\":\"SearchAction\",\"target\":{\"@type\":\"EntryPoint\",\"urlTemplate\":\"https:\\\/\\\/www.torq.nl\\\/?s={search_term_string}\"},\"query-input\":{\"@type\":\"PropertyValueSpecification\",\"valueRequired\":true,\"valueName\":\"search_term_string\"}}],\"inLanguage\":\"de\"},{\"@type\":\"Organization\",\"@id\":\"https:\\\/\\\/www.torq.nl\\\/#organization\",\"name\":\"E-Power\",\"url\":\"https:\\\/\\\/www.torq.nl\\\/\",\"logo\":{\"@type\":\"ImageObject\",\"inLanguage\":\"de\",\"@id\":\"https:\\\/\\\/www.torq.nl\\\/#\\\/schema\\\/logo\\\/image\\\/\",\"url\":\"https:\\\/\\\/www.torq.nl\\\/wp-content\\\/uploads\\\/2021\\\/04\\\/Logo-epower.png\",\"contentUrl\":\"https:\\\/\\\/www.torq.nl\\\/wp-content\\\/uploads\\\/2021\\\/04\\\/Logo-epower.png\",\"width\":506,\"height\":200,\"caption\":\"E-Power\"},\"image\":{\"@id\":\"https:\\\/\\\/www.torq.nl\\\/#\\\/schema\\\/logo\\\/image\\\/\"},\"sameAs\":[\"https:\\\/\\\/www.facebook.com\\\/epowersport\\\/\",\"https:\\\/\\\/x.com\\\/foodgroupbv\"]}]}<\/script>\n<!-- \/ Yoast SEO plugin. -->","yoast_head_json":{"title":"Orange Energy Jelly Chews Box (15 stuks) - E-Power","robots":{"index":"index","follow":"follow","max-snippet":"max-snippet:-1","max-image-preview":"max-image-preview:large","max-video-preview":"max-video-preview:-1"},"canonical":"https:\/\/www.torq.nl\/de\/produkt\/orange-energy-jelly-chews-box-15-stuks\/","og_locale":"de_DE","og_type":"article","og_title":"Orange Energy Jelly Chews Box (15 stuks) - E-Power","og_description":"TORQ Jelly is geformuleerd met een 2:1-mengsel van glucosederivaten tot fructose, zijn natuurlijk gearomatiseerd en kleur- en kunstmatige zoetstofvrij. Onze zachte en taaie iglo-vormige Energy Jelly Chews maken ook deel uit van het TORQ Fuelling System. Hoogtepunten van het product:   2:1 Glucose:Fructose  Meerdere transporteerbare koolhydraten  Zachte Energie Chews  Iglo-vormig\/gemakkelijk te verdelen  Temperatuur Stabiel  Onderdeel van het TORQ Fuelling System","og_url":"https:\/\/www.torq.nl\/de\/produkt\/orange-energy-jelly-chews-box-15-stuks\/","og_site_name":"E-Power","article_publisher":"https:\/\/www.facebook.com\/epowersport\/","article_modified_time":"2026-05-03T15:20:42+00:00","og_image":[{"width":2560,"height":2560,"url":"https:\/\/www.torq.nl\/wp-content\/uploads\/2024\/07\/orange-min.png","type":"image\/png"}],"twitter_card":"summary_large_image","twitter_site":"@foodgroupbv","twitter_misc":{"Gesch\u00e4tzte Lesezeit":"2\u00a0Minuten"},"schema":{"@context":"https:\/\/schema.org","@graph":[{"@type":"WebPage","@id":"https:\/\/www.torq.nl\/product\/orange-energy-jelly-chews-box-15-stuks\/","url":"https:\/\/www.torq.nl\/product\/orange-energy-jelly-chews-box-15-stuks\/","name":"Orange Energy Jelly Chews Box (15 stuks) - E-Power","isPartOf":{"@id":"https:\/\/www.torq.nl\/#website"},"primaryImageOfPage":{"@id":"https:\/\/www.torq.nl\/product\/orange-energy-jelly-chews-box-15-stuks\/#primaryimage"},"image":{"@id":"https:\/\/www.torq.nl\/product\/orange-energy-jelly-chews-box-15-stuks\/#primaryimage"},"thumbnailUrl":"https:\/\/www.torq.nl\/wp-content\/uploads\/2024\/07\/orange-min.png","datePublished":"2024-07-24T09:20:57+00:00","dateModified":"2026-05-03T15:20:42+00:00","breadcrumb":{"@id":"https:\/\/www.torq.nl\/product\/orange-energy-jelly-chews-box-15-stuks\/#breadcrumb"},"inLanguage":"de","potentialAction":[{"@type":"ReadAction","target":["https:\/\/www.torq.nl\/product\/orange-energy-jelly-chews-box-15-stuks\/"]}]},{"@type":"ImageObject","inLanguage":"de","@id":"https:\/\/www.torq.nl\/product\/orange-energy-jelly-chews-box-15-stuks\/#primaryimage","url":"https:\/\/www.torq.nl\/wp-content\/uploads\/2024\/07\/orange-min.png","contentUrl":"https:\/\/www.torq.nl\/wp-content\/uploads\/2024\/07\/orange-min.png","width":2560,"height":2560,"caption":"Orange Energy Gellies Chews"},{"@type":"BreadcrumbList","@id":"https:\/\/www.torq.nl\/product\/orange-energy-jelly-chews-box-15-stuks\/#breadcrumb","itemListElement":[{"@type":"ListItem","position":1,"name":"Home","item":"https:\/\/www.torq.nl\/home\/"},{"@type":"ListItem","position":2,"name":"Winkel","item":"https:\/\/www.torq.nl\/it\/winkel\/"},{"@type":"ListItem","position":3,"name":"Orange Energy Jelly Chews Box (15 stuks)"}]},{"@type":"WebSite","@id":"https:\/\/www.torq.nl\/#website","url":"https:\/\/www.torq.nl\/","name":"E-Power","description":"Offizieller Torq-H\u00e4ndler Benelux","publisher":{"@id":"https:\/\/www.torq.nl\/#organization"},"potentialAction":[{"@type":"SearchAction","target":{"@type":"EntryPoint","urlTemplate":"https:\/\/www.torq.nl\/?s={search_term_string}"},"query-input":{"@type":"PropertyValueSpecification","valueRequired":true,"valueName":"search_term_string"}}],"inLanguage":"de"},{"@type":"Organization","@id":"https:\/\/www.torq.nl\/#organization","name":"E-Power","url":"https:\/\/www.torq.nl\/","logo":{"@type":"ImageObject","inLanguage":"de","@id":"https:\/\/www.torq.nl\/#\/schema\/logo\/image\/","url":"https:\/\/www.torq.nl\/wp-content\/uploads\/2021\/04\/Logo-epower.png","contentUrl":"https:\/\/www.torq.nl\/wp-content\/uploads\/2021\/04\/Logo-epower.png","width":506,"height":200,"caption":"E-Power"},"image":{"@id":"https:\/\/www.torq.nl\/#\/schema\/logo\/image\/"},"sameAs":["https:\/\/www.facebook.com\/epowersport\/","https:\/\/x.com\/foodgroupbv"]}]}},"_links":{"self":[{"href":"https:\/\/www.torq.nl\/de\/wp-json\/wp\/v2\/product\/35364","targetHints":{"allow":["GET"]}}],"collection":[{"href":"https:\/\/www.torq.nl\/de\/wp-json\/wp\/v2\/product"}],"about":[{"href":"https:\/\/www.torq.nl\/de\/wp-json\/wp\/v2\/types\/product"}],"wp:featuredmedia":[{"embeddable":true,"href":"https:\/\/www.torq.nl\/de\/wp-json\/wp\/v2\/media\/35365"}],"wp:attachment":[{"href":"https:\/\/www.torq.nl\/de\/wp-json\/wp\/v2\/media?parent=35364"}],"wp:term":[{"taxonomy":"product_brand","embeddable":true,"href":"https:\/\/www.torq.nl\/de\/wp-json\/wp\/v2\/product_brand?post=35364"},{"taxonomy":"product_cat","embeddable":true,"href":"https:\/\/www.torq.nl\/de\/wp-json\/wp\/v2\/product_cat?post=35364"},{"taxonomy":"product_tag","embeddable":true,"href":"https:\/\/www.torq.nl\/de\/wp-json\/wp\/v2\/product_tag?post=35364"}],"curies":[{"name":"wp","href":"https:\/\/api.w.org\/{rel}","templated":true}]}}