{"id":38876,"date":"2025-06-30T10:03:10","date_gmt":"2025-06-30T08:03:10","guid":{"rendered":"https:\/\/www.torq.nl\/?post_type=product&#038;p=38876"},"modified":"2025-07-08T16:10:10","modified_gmt":"2025-07-08T14:10:10","slug":"mental-mint-matcha-brain-bullet-sample-pack-4st","status":"publish","type":"product","link":"https:\/\/www.torq.nl\/de\/produkt\/mental-mint-matcha-brain-bullet-sample-pack-4st\/","title":{"rendered":"Mental Mint Matcha Brain Bullet \u2013 Probierpackung (4 St\u00fcck)"},"content":{"rendered":"<h4>Produkt\u00fcbersicht<\/h4>\n<p>Mental Mint Matcha kombiniert den erfrischenden Geschmack von Minze mit dem erdigen Aroma von Matcha. Jeder Kaubonbon liefert die nat\u00fcrlichen Vorteile von Matcha, kombiniert mit 80 mg Koffein f\u00fcr sofortige Energie und erh\u00f6hte Wachsamkeit und 160 mg L-Theanin f\u00fcr gleichm\u00e4\u00dfige, ruhige Konzentration \u2013 kein Zusammenbruch. Arbeiten oder studieren Sie mit anhaltender kognitiver Unterst\u00fctzung und Motivation.<\/p>\n<p>Mental Mint Matcha ist nicht nur funktional \u2013 es ist ein erfrischender, kalorienarmer Muntermacher f\u00fcr Ihren Geist und Ihre Geschmacksknospen. Egal, ob Sie eine anspruchsvolle Aufgabe bew\u00e4ltigen oder sich auf ein gro\u00dfes Projekt vorbereiten, dieser zuckerarme Kausnack mit Matcha-Geschmack h\u00e4lt Sie scharf und konzentriert. Es ist ein perfektes Werkzeug zur Verbesserung Ihrer geistigen Sch\u00e4rfe, Klarheit und Ihres Ged\u00e4chtnisses.<\/p>\n<h4>Hauptvorteile<\/h4>\n<p>Steigern Sie Ihre Produktivit\u00e4t mit Mental Mint Matcha Brain Bullet! Dieses schnell wirkende, lang anhaltende Kauprodukt liefert saubere, konzentrierte Energie, um den Nebel im Kopf zu beseitigen und die Konzentration innerhalb von Minuten zu verbessern. Die kraftvolle Mischung aus Koffein und L-Theanin sorgt f\u00fcr eine langanhaltende Steigerung der Wachsamkeit und geistigen Leistungsf\u00e4higkeit f\u00fcr bis zu 8 Stunden \u2013 ohne Leistungseinbruch. Ideal f\u00fcr B\u00fcroangestellte, Studenten, medizinisches Fachpersonal, Schichtarbeiter oder jeden, der kognitive Unterst\u00fctzung braucht, um bessere Leistungen zu erbringen \u2013 alles in einem praktischen und erfrischenden Minz-Matcha-Kaugummi.<\/p>\n<ul>\n<li>Erh\u00f6ht die Konzentration auf 27%<\/li>\n<li>Verbessert den Speicher auf 12%<\/li>\n<li>80 mg Koffein pro Kaubonbon<\/li>\n<li>160 mg L-Theanin pro Kaubonbon<\/li>\n<li>Direkter Fokus und Motivation<\/li>\n<li>Bis zu 8 Stunden geistige Klarheit<\/li>\n<li>Steigert die Produktivit\u00e4t und bek\u00e4mpft Gehirnnebel<\/li>\n<li>Kein Absturz<\/li>\n<li>Reduziert Stress und Angst<\/li>\n<li>Nur 26 Kalorien und wenig Zucker<\/li>\n<\/ul>\n<h4>Warum Brain Bullet Mint Matcha Chews w\u00e4hlen?<\/h4>\n<p>Mental Mint Matcha Chews wurden entwickelt, um Ihr Gehirn mit sauberer, anhaltender Energie zu versorgen und Ihnen dabei zu helfen, den ganzen Tag \u00fcber konzentriert und motiviert zu bleiben. Egal, ob Sie tief in ein Projekt vertieft sind, f\u00fcr Pr\u00fcfungen lernen oder eine lange Schicht arbeiten, Mental Mint Matcha h\u00e4lt Sie scharf und konzentriert.<\/p>\n<p>Diese Kautabletten l\u00f6sen sich schnell in Ihrem Mund auf und enthalten 80 mg Koffein und 160 mg L-Theanin, die schnell in den Blutkreislauf aufgenommen werden und so f\u00fcr optimale geistige Leistungsf\u00e4higkeit sorgen \u2013 besser als Getr\u00e4nke, Gele und Pillen.<\/p>\n<p>Mit nur 26 kcal steigert Mental Mint Matcha die Konzentration und verbessert sie mit bis zu 271 TP3T und sorgt so f\u00fcr h\u00f6chste geistige Leistungsf\u00e4higkeit.<\/p>\n<h4>Wie benutzt man?<\/h4>\n<p>Mint Matcha Brain Bullet-Kaubonbons sollen die geistige Leistungsf\u00e4higkeit und Produktivit\u00e4t steigern. Diese k\u00f6stlichen Matcha-Kaubonbons wirken schnell. Sie m\u00fcssen nur 30 Sekunden lang kauen, um die konzentrationssteigernde Formel freizusetzen. <strong>F\u00fcr wen sind Brain Bullets geeignet?<\/strong> Egal, ob Sie sich durch einen langen Arbeitstag qu\u00e4len, f\u00fcr Pr\u00fcfungen lernen oder geistige Sch\u00e4rfe f\u00fcr ein gro\u00dfes Projekt ben\u00f6tigen, diese Kauartikel sind die Antwort. Mit purer, langanhaltender Matcha-Energie und einer beruhigenden Konzentration sorgen sie daf\u00fcr, dass Sie stundenlang H\u00f6chstleistungen erbringen k\u00f6nnen, ohne zusammenzubrechen. Perfekt f\u00fcr alle, die ihre Konzentration und Klarheit verbessern m\u00f6chten.<\/p>","protected":false},"excerpt":{"rendered":"<h3>Mental Mint Matcha, Koffein &amp; L-Theanin Produktivit\u00e4tskaugummi<\/h3>\n<p>Mit jedem Kauen von Mental Mint Matcha erleben Sie den erdigen, weichen Geschmack von Matcha-Gr\u00fcntee kombiniert mit der energetisierenden Formel. Diese einzigartige Kombination schmeckt nicht nur erfrischend, sondern steigert auch die kognitive Leistungsf\u00e4higkeit.<\/p>\n<p>Brain Bullet Chew verbessert Ihre geistige Konzentration, steigert Ihre Wachsamkeit und unterst\u00fctzt Ihre kognitive Leistung, sodass Sie l\u00e4nger scharfsinnig und produktiv bleiben. Anstatt die k\u00f6rperliche Leistungsf\u00e4higkeit zu steigern wie Caffeine Bullets, optimiert Brain Bullet Ihre geistige Leistungsf\u00e4higkeit, sodass Sie sich besser konzentrieren und \u00fcber l\u00e4ngere Zeitr\u00e4ume effizienter arbeiten k\u00f6nnen. Die Kombination aus Matcha, Koffein und L-Theanin sorgt f\u00fcr eine gleichm\u00e4\u00dfige Energiefreisetzung.<\/p>\n<h5><span style=\"font-weight: 600;\">1 Probierpackung enth\u00e4lt 4 Kaubonbons<\/span><\/h5>","protected":false},"featured_media":38877,"template":"","meta":{"_monsterinsights_skip_tracking":false,"_monsterinsights_sitenote_active":false,"_monsterinsights_sitenote_note":"","_monsterinsights_sitenote_category":0},"product_brand":[],"product_cat":[69],"product_tag":[],"class_list":{"0":"post-38876","1":"product","2":"type-product","3":"status-publish","4":"has-post-thumbnail","6":"product_cat-performance-bullet","8":"first","9":"instock","10":"taxable","11":"shipping-taxable","12":"purchasable","13":"product-type-simple"},"yoast_head":"<!-- This site is optimized with the Yoast SEO plugin v27.3 - https:\/\/yoast.com\/product\/yoast-seo-wordpress\/ -->\n<title>Mental Mint Matcha Brain Bullet - Sample pack (4 st) - E-Power<\/title>\n<meta name=\"description\" content=\"Mental mint matcha Brain bullets verbeteren je mentale focus, alertheid en ondersteunen cognitieve prestaties, zodat je langer scherp en productief blijft.\" \/>\n<meta name=\"robots\" content=\"index, follow, max-snippet:-1, max-image-preview:large, max-video-preview:-1\" \/>\n<link rel=\"canonical\" href=\"https:\/\/www.torq.nl\/de\/produkt\/mental-mint-matcha-brain-bullet-sample-pack-4st\/\" \/>\n<meta property=\"og:locale\" content=\"de_DE\" \/>\n<meta property=\"og:type\" content=\"article\" \/>\n<meta property=\"og:title\" content=\"Mental Mint Matcha Brain Bullet - Sample pack (4 st) - E-Power\" \/>\n<meta property=\"og:description\" content=\"Mental mint matcha Brain bullets verbeteren je mentale focus, alertheid en ondersteunen cognitieve prestaties, zodat je langer scherp en productief blijft.\" \/>\n<meta property=\"og:url\" content=\"https:\/\/www.torq.nl\/de\/produkt\/mental-mint-matcha-brain-bullet-sample-pack-4st\/\" \/>\n<meta property=\"og:site_name\" content=\"E-Power\" \/>\n<meta property=\"article:publisher\" content=\"https:\/\/www.facebook.com\/epowersport\/\" \/>\n<meta property=\"article:modified_time\" content=\"2025-07-08T14:10:10+00:00\" \/>\n<meta property=\"og:image\" content=\"https:\/\/www.torq.nl\/wp-content\/uploads\/2025\/06\/Mental_Mint_Matcha_Brain_Bullet_-_1_Bag_1_1600x_crop_center.jpg.webp\" \/>\n\t<meta property=\"og:image:width\" content=\"1600\" \/>\n\t<meta property=\"og:image:height\" content=\"1600\" \/>\n\t<meta property=\"og:image:type\" content=\"image\/webp\" \/>\n<meta name=\"twitter:card\" content=\"summary_large_image\" \/>\n<meta name=\"twitter:site\" content=\"@foodgroupbv\" \/>\n<meta name=\"twitter:label1\" content=\"Gesch\u00e4tzte Lesezeit\" \/>\n\t<meta name=\"twitter:data1\" content=\"3\u00a0Minuten\" \/>\n<script type=\"application\/ld+json\" class=\"yoast-schema-graph\">{\"@context\":\"https:\\\/\\\/schema.org\",\"@graph\":[{\"@type\":\"WebPage\",\"@id\":\"https:\\\/\\\/www.torq.nl\\\/product\\\/mental-mint-matcha-brain-bullet-sample-pack-4st\\\/\",\"url\":\"https:\\\/\\\/www.torq.nl\\\/product\\\/mental-mint-matcha-brain-bullet-sample-pack-4st\\\/\",\"name\":\"Mental Mint Matcha Brain Bullet - Sample pack (4 st) - E-Power\",\"isPartOf\":{\"@id\":\"https:\\\/\\\/www.torq.nl\\\/#website\"},\"primaryImageOfPage\":{\"@id\":\"https:\\\/\\\/www.torq.nl\\\/product\\\/mental-mint-matcha-brain-bullet-sample-pack-4st\\\/#primaryimage\"},\"image\":{\"@id\":\"https:\\\/\\\/www.torq.nl\\\/product\\\/mental-mint-matcha-brain-bullet-sample-pack-4st\\\/#primaryimage\"},\"thumbnailUrl\":\"https:\\\/\\\/www.torq.nl\\\/wp-content\\\/uploads\\\/2025\\\/06\\\/Mental_Mint_Matcha_Brain_Bullet_-_1_Bag_1_1600x_crop_center.jpg.webp\",\"datePublished\":\"2025-06-30T08:03:10+00:00\",\"dateModified\":\"2025-07-08T14:10:10+00:00\",\"description\":\"Mental mint matcha Brain bullets verbeteren je mentale focus, alertheid en ondersteunen cognitieve prestaties, zodat je langer scherp en productief blijft.\",\"breadcrumb\":{\"@id\":\"https:\\\/\\\/www.torq.nl\\\/product\\\/mental-mint-matcha-brain-bullet-sample-pack-4st\\\/#breadcrumb\"},\"inLanguage\":\"de\",\"potentialAction\":[{\"@type\":\"ReadAction\",\"target\":[\"https:\\\/\\\/www.torq.nl\\\/product\\\/mental-mint-matcha-brain-bullet-sample-pack-4st\\\/\"]}]},{\"@type\":\"ImageObject\",\"inLanguage\":\"de\",\"@id\":\"https:\\\/\\\/www.torq.nl\\\/product\\\/mental-mint-matcha-brain-bullet-sample-pack-4st\\\/#primaryimage\",\"url\":\"https:\\\/\\\/www.torq.nl\\\/wp-content\\\/uploads\\\/2025\\\/06\\\/Mental_Mint_Matcha_Brain_Bullet_-_1_Bag_1_1600x_crop_center.jpg.webp\",\"contentUrl\":\"https:\\\/\\\/www.torq.nl\\\/wp-content\\\/uploads\\\/2025\\\/06\\\/Mental_Mint_Matcha_Brain_Bullet_-_1_Bag_1_1600x_crop_center.jpg.webp\",\"width\":1600,\"height\":1600,\"caption\":\"Mental_Mint_Matcha_Brain_Bullet_Sample_Pack\"},{\"@type\":\"BreadcrumbList\",\"@id\":\"https:\\\/\\\/www.torq.nl\\\/product\\\/mental-mint-matcha-brain-bullet-sample-pack-4st\\\/#breadcrumb\",\"itemListElement\":[{\"@type\":\"ListItem\",\"position\":1,\"name\":\"Home\",\"item\":\"https:\\\/\\\/www.torq.nl\\\/home\\\/\"},{\"@type\":\"ListItem\",\"position\":2,\"name\":\"Winkel\",\"item\":\"https:\\\/\\\/www.torq.nl\\\/it\\\/winkel\\\/\"},{\"@type\":\"ListItem\",\"position\":3,\"name\":\"Mental Mint Matcha Brain Bullet &#8211; Sample pack (4 st)\"}]},{\"@type\":\"WebSite\",\"@id\":\"https:\\\/\\\/www.torq.nl\\\/#website\",\"url\":\"https:\\\/\\\/www.torq.nl\\\/\",\"name\":\"E-Power\",\"description\":\"Officieel Torq dealer Benelux\",\"publisher\":{\"@id\":\"https:\\\/\\\/www.torq.nl\\\/#organization\"},\"potentialAction\":[{\"@type\":\"SearchAction\",\"target\":{\"@type\":\"EntryPoint\",\"urlTemplate\":\"https:\\\/\\\/www.torq.nl\\\/?s={search_term_string}\"},\"query-input\":{\"@type\":\"PropertyValueSpecification\",\"valueRequired\":true,\"valueName\":\"search_term_string\"}}],\"inLanguage\":\"de\"},{\"@type\":\"Organization\",\"@id\":\"https:\\\/\\\/www.torq.nl\\\/#organization\",\"name\":\"E-Power\",\"url\":\"https:\\\/\\\/www.torq.nl\\\/\",\"logo\":{\"@type\":\"ImageObject\",\"inLanguage\":\"de\",\"@id\":\"https:\\\/\\\/www.torq.nl\\\/#\\\/schema\\\/logo\\\/image\\\/\",\"url\":\"https:\\\/\\\/www.torq.nl\\\/wp-content\\\/uploads\\\/2021\\\/04\\\/Logo-epower.png\",\"contentUrl\":\"https:\\\/\\\/www.torq.nl\\\/wp-content\\\/uploads\\\/2021\\\/04\\\/Logo-epower.png\",\"width\":506,\"height\":200,\"caption\":\"E-Power\"},\"image\":{\"@id\":\"https:\\\/\\\/www.torq.nl\\\/#\\\/schema\\\/logo\\\/image\\\/\"},\"sameAs\":[\"https:\\\/\\\/www.facebook.com\\\/epowersport\\\/\",\"https:\\\/\\\/x.com\\\/foodgroupbv\"]}]}<\/script>\n<!-- \/ Yoast SEO plugin. -->","yoast_head_json":{"title":"Mental Mint Matcha Brain Bullet - Probierpackung (4 St\u00fcck) - E-Power","description":"Mental Mint Matcha Brain Bullets verbessern Ihre geistige Konzentration, Wachsamkeit und unterst\u00fctzen die kognitive Leistungsf\u00e4higkeit, sodass Sie l\u00e4nger scharfsinnig und produktiv bleiben.","robots":{"index":"index","follow":"follow","max-snippet":"max-snippet:-1","max-image-preview":"max-image-preview:large","max-video-preview":"max-video-preview:-1"},"canonical":"https:\/\/www.torq.nl\/de\/produkt\/mental-mint-matcha-brain-bullet-sample-pack-4st\/","og_locale":"de_DE","og_type":"article","og_title":"Mental Mint Matcha Brain Bullet - Sample pack (4 st) - E-Power","og_description":"Mental mint matcha Brain bullets verbeteren je mentale focus, alertheid en ondersteunen cognitieve prestaties, zodat je langer scherp en productief blijft.","og_url":"https:\/\/www.torq.nl\/de\/produkt\/mental-mint-matcha-brain-bullet-sample-pack-4st\/","og_site_name":"E-Power","article_publisher":"https:\/\/www.facebook.com\/epowersport\/","article_modified_time":"2025-07-08T14:10:10+00:00","og_image":[{"width":1600,"height":1600,"url":"https:\/\/www.torq.nl\/wp-content\/uploads\/2025\/06\/Mental_Mint_Matcha_Brain_Bullet_-_1_Bag_1_1600x_crop_center.jpg.webp","type":"image\/webp"}],"twitter_card":"summary_large_image","twitter_site":"@foodgroupbv","twitter_misc":{"Gesch\u00e4tzte Lesezeit":"3\u00a0Minuten"},"schema":{"@context":"https:\/\/schema.org","@graph":[{"@type":"WebPage","@id":"https:\/\/www.torq.nl\/product\/mental-mint-matcha-brain-bullet-sample-pack-4st\/","url":"https:\/\/www.torq.nl\/product\/mental-mint-matcha-brain-bullet-sample-pack-4st\/","name":"Mental Mint Matcha Brain Bullet - Probierpackung (4 St\u00fcck) - E-Power","isPartOf":{"@id":"https:\/\/www.torq.nl\/#website"},"primaryImageOfPage":{"@id":"https:\/\/www.torq.nl\/product\/mental-mint-matcha-brain-bullet-sample-pack-4st\/#primaryimage"},"image":{"@id":"https:\/\/www.torq.nl\/product\/mental-mint-matcha-brain-bullet-sample-pack-4st\/#primaryimage"},"thumbnailUrl":"https:\/\/www.torq.nl\/wp-content\/uploads\/2025\/06\/Mental_Mint_Matcha_Brain_Bullet_-_1_Bag_1_1600x_crop_center.jpg.webp","datePublished":"2025-06-30T08:03:10+00:00","dateModified":"2025-07-08T14:10:10+00:00","description":"Mental Mint Matcha Brain Bullets verbessern Ihre geistige Konzentration, Wachsamkeit und unterst\u00fctzen die kognitive Leistungsf\u00e4higkeit, sodass Sie l\u00e4nger scharfsinnig und produktiv bleiben.","breadcrumb":{"@id":"https:\/\/www.torq.nl\/product\/mental-mint-matcha-brain-bullet-sample-pack-4st\/#breadcrumb"},"inLanguage":"de","potentialAction":[{"@type":"ReadAction","target":["https:\/\/www.torq.nl\/product\/mental-mint-matcha-brain-bullet-sample-pack-4st\/"]}]},{"@type":"ImageObject","inLanguage":"de","@id":"https:\/\/www.torq.nl\/product\/mental-mint-matcha-brain-bullet-sample-pack-4st\/#primaryimage","url":"https:\/\/www.torq.nl\/wp-content\/uploads\/2025\/06\/Mental_Mint_Matcha_Brain_Bullet_-_1_Bag_1_1600x_crop_center.jpg.webp","contentUrl":"https:\/\/www.torq.nl\/wp-content\/uploads\/2025\/06\/Mental_Mint_Matcha_Brain_Bullet_-_1_Bag_1_1600x_crop_center.jpg.webp","width":1600,"height":1600,"caption":"Mental_Mint_Matcha_Brain_Bullet_Sample_Pack"},{"@type":"BreadcrumbList","@id":"https:\/\/www.torq.nl\/product\/mental-mint-matcha-brain-bullet-sample-pack-4st\/#breadcrumb","itemListElement":[{"@type":"ListItem","position":1,"name":"Home","item":"https:\/\/www.torq.nl\/home\/"},{"@type":"ListItem","position":2,"name":"Winkel","item":"https:\/\/www.torq.nl\/it\/winkel\/"},{"@type":"ListItem","position":3,"name":"Mental Mint Matcha Brain Bullet &#8211; Sample pack (4 st)"}]},{"@type":"WebSite","@id":"https:\/\/www.torq.nl\/#website","url":"https:\/\/www.torq.nl\/","name":"E-Power","description":"Offizieller Torq-H\u00e4ndler Benelux","publisher":{"@id":"https:\/\/www.torq.nl\/#organization"},"potentialAction":[{"@type":"SearchAction","target":{"@type":"EntryPoint","urlTemplate":"https:\/\/www.torq.nl\/?s={search_term_string}"},"query-input":{"@type":"PropertyValueSpecification","valueRequired":true,"valueName":"search_term_string"}}],"inLanguage":"de"},{"@type":"Organization","@id":"https:\/\/www.torq.nl\/#organization","name":"E-Power","url":"https:\/\/www.torq.nl\/","logo":{"@type":"ImageObject","inLanguage":"de","@id":"https:\/\/www.torq.nl\/#\/schema\/logo\/image\/","url":"https:\/\/www.torq.nl\/wp-content\/uploads\/2021\/04\/Logo-epower.png","contentUrl":"https:\/\/www.torq.nl\/wp-content\/uploads\/2021\/04\/Logo-epower.png","width":506,"height":200,"caption":"E-Power"},"image":{"@id":"https:\/\/www.torq.nl\/#\/schema\/logo\/image\/"},"sameAs":["https:\/\/www.facebook.com\/epowersport\/","https:\/\/x.com\/foodgroupbv"]}]}},"_links":{"self":[{"href":"https:\/\/www.torq.nl\/de\/wp-json\/wp\/v2\/product\/38876","targetHints":{"allow":["GET"]}}],"collection":[{"href":"https:\/\/www.torq.nl\/de\/wp-json\/wp\/v2\/product"}],"about":[{"href":"https:\/\/www.torq.nl\/de\/wp-json\/wp\/v2\/types\/product"}],"wp:featuredmedia":[{"embeddable":true,"href":"https:\/\/www.torq.nl\/de\/wp-json\/wp\/v2\/media\/38877"}],"wp:attachment":[{"href":"https:\/\/www.torq.nl\/de\/wp-json\/wp\/v2\/media?parent=38876"}],"wp:term":[{"taxonomy":"product_brand","embeddable":true,"href":"https:\/\/www.torq.nl\/de\/wp-json\/wp\/v2\/product_brand?post=38876"},{"taxonomy":"product_cat","embeddable":true,"href":"https:\/\/www.torq.nl\/de\/wp-json\/wp\/v2\/product_cat?post=38876"},{"taxonomy":"product_tag","embeddable":true,"href":"https:\/\/www.torq.nl\/de\/wp-json\/wp\/v2\/product_tag?post=38876"}],"curies":[{"name":"wp","href":"https:\/\/api.w.org\/{rel}","templated":true}]}}