{"id":38881,"date":"2025-06-30T10:31:12","date_gmt":"2025-06-30T08:31:12","guid":{"rendered":"https:\/\/www.torq.nl\/?post_type=product&#038;p=38881"},"modified":"2026-03-31T11:43:34","modified_gmt":"2026-03-31T09:43:34","slug":"mintense-energy-chews-sample-pack-4st","status":"publish","type":"product","link":"https:\/\/www.torq.nl\/de\/produkt\/mintense-energy-chews-sample-pack-4st\/","title":{"rendered":"Mintense Energy Chews \u2013 Probierpackung (4 St\u00fcck)"},"content":{"rendered":"<p>Sofortige Motivation mit Caffeine Bullet! Verbessern Sie Ihre Leistung in allen Sportarten mit unseren leckeren Kautabletten, die Ihre Ausdauer, Kraft und Konzentration verbessern, sodass Sie l\u00e4nger h\u00e4rter trainieren k\u00f6nnen. Kauen Sie es und erleben Sie innerhalb von 5 Minuten einen schnellen Energieschub.<\/p>\n<p>Unsere Koffein-Minz-Energie-Kautabletten wurden \u00fcber mehr als 2 Jahre durch umfangreiche Geschmackstests entwickelt und verfeinert. Sie vereinen Leistung und k\u00f6stlichen Geschmack perfekt, sodass Ihre pers\u00f6nliche Bestleistung noch nie so befriedigend war.<\/p>\n<p>Die Mint-Koffein-Kugel liefert einen erfrischenden Schuss gr\u00fcner Minze, der Ihre Sinne wecken wird. Mit jedem Kauen erleben Sie einen Hauch von minzig-frischem Geschmack, der Ihre Geschmacksknospen belebt und Ihr Energieniveau ankurbelt.<\/p>\n<h3>Anweisungen<\/h3>\n<p>Unsere Energie-Kaubonbons mit Minz-Koffein sind wie k\u00f6stliche koffeinhaltige Bonbons. Nehmen Sie einfach eins in den Mund und kauen Sie es etwa 30 Sekunden lang, um die k\u00f6stlichen Aromen zu entdecken, die Ihnen Energie geben.<\/p>\n<p>F\u00fcr wen sind Caffeine Bullets geeignet? Egal, ob Sie Marathons erobern, Ihre t\u00e4glichen L\u00e4ufe in Angriff nehmen, f\u00fcr ein intensives Training ins Fitnessstudio gehen oder sich auf ein wichtiges Rennen vorbereiten, unsere Energie-Kaubonbons sind Ihr ultimativer Begleiter f\u00fcr stundenlange H\u00f6chstleistungen.<\/p>\n<h3>Hauptvorteile<\/h3>\n<p>Caffeine Bullet hat vielen geholfen, von Ultral\u00e4ufern und Spitzensportlern bis hin zu Fitnessstudio-Enthusiasten und Schichtarbeitern.<\/p>\n<ul>\n<li>85 mg Koffein pro Kautablette<\/li>\n<li>Wirkt dreimal schneller als andere Koffeinquellen<\/li>\n<li>Erh\u00f6ht das Energieniveau und verbessert die Konzentration<\/li>\n<li>Reduzieren Sie M\u00fcdigkeit und bek\u00e4mpfen Sie M\u00fcdigkeit<\/li>\n<li>Erh\u00f6ht wissenschaftlich die Ausdauer um bis zu 4%<\/li>\n<li>Erh\u00f6ht die Muskelkraft um bis zu 7%<\/li>\n<li>Steven Bartlett und Peter Jones Gesteen<\/li>\n<li>Von Sportlern f\u00fcr Sportler entwickelt<\/li>\n<li>Keine k\u00fcnstlichen S\u00fc\u00dfstoffe<\/li>\n<li>Weniger als 27 Kalorien<\/li>\n<\/ul>\n<h3><\/h3>\n<h3>N\u00e4hrwert<\/h3>\n<p>Pro Kautablette (Kautablette):<\/p>\n<ul>\n<li>Energie: 27,5 Kcal<\/li>\n<li>Fett: 0,3 Gr<\/li>\n<li>Kohlenhydrate: 6,1 Gr<\/li>\n<li>Protein: 0,01 Gr<\/li>\n<li>Koffein: 0,10 Gr<\/li>\n<\/ul>","protected":false},"excerpt":{"rendered":"<p>Koffein-Kugeln steigern die Ausdauer, verbessern die Aufmerksamkeit und mobilisieren Ihre Fettzellen, die sie als Treibstoff nutzen, sodass Sie unabh\u00e4ngig von Ihrer Sportart l\u00e4nger trainieren und h\u00e4rter an Wettk\u00e4mpfen teilnehmen k\u00f6nnen.<\/p>\n<h5>1 Probierpackung enth\u00e4lt 4 Kaubonbons<\/h5>","protected":false},"featured_media":38882,"template":"","meta":{"_monsterinsights_skip_tracking":false,"_monsterinsights_sitenote_active":false,"_monsterinsights_sitenote_note":"","_monsterinsights_sitenote_category":0},"product_brand":[],"product_cat":[69],"product_tag":[],"class_list":{"0":"post-38881","1":"product","2":"type-product","3":"status-publish","4":"has-post-thumbnail","6":"product_cat-performance-bullet","8":"first","9":"instock","10":"taxable","11":"shipping-taxable","12":"purchasable","13":"product-type-simple"},"yoast_head":"<!-- This site is optimized with the Yoast SEO plugin v27.3 - https:\/\/yoast.com\/product\/yoast-seo-wordpress\/ -->\n<title>Mintense Energy Chews - Sample pack (4 st) - E-Power<\/title>\n<meta name=\"robots\" content=\"index, follow, max-snippet:-1, max-image-preview:large, max-video-preview:-1\" \/>\n<link rel=\"canonical\" href=\"https:\/\/www.torq.nl\/de\/produkt\/mintense-energy-chews-sample-pack-4st\/\" \/>\n<meta property=\"og:locale\" content=\"de_DE\" \/>\n<meta property=\"og:type\" content=\"article\" \/>\n<meta property=\"og:title\" content=\"Mintense Energy Chews - Sample pack (4 st) - E-Power\" \/>\n<meta property=\"og:description\" content=\"Caffeine Bullets verhogen het uithoudingsvermogen, verbeteren de alertheid en mobiliseren uw vetcellen om als brandstof te worden gebruikt, zodat u langer kunt trainen en harder kunt concurreren, ongeacht uw sport. 1 sample pack bevat 4 chews\" \/>\n<meta property=\"og:url\" content=\"https:\/\/www.torq.nl\/de\/produkt\/mintense-energy-chews-sample-pack-4st\/\" \/>\n<meta property=\"og:site_name\" content=\"E-Power\" \/>\n<meta property=\"article:publisher\" content=\"https:\/\/www.facebook.com\/epowersport\/\" \/>\n<meta property=\"article:modified_time\" content=\"2026-03-31T09:43:34+00:00\" \/>\n<meta property=\"og:image\" content=\"https:\/\/www.torq.nl\/wp-content\/uploads\/2025\/06\/Mintense_Caffeine_Bullet_-_Main_Image_1600x_crop_center.jpg.webp\" \/>\n\t<meta property=\"og:image:width\" content=\"1600\" \/>\n\t<meta property=\"og:image:height\" content=\"1600\" \/>\n\t<meta property=\"og:image:type\" content=\"image\/webp\" \/>\n<meta name=\"twitter:card\" content=\"summary_large_image\" \/>\n<meta name=\"twitter:site\" content=\"@foodgroupbv\" \/>\n<meta name=\"twitter:label1\" content=\"Gesch\u00e4tzte Lesezeit\" \/>\n\t<meta name=\"twitter:data1\" content=\"2\u00a0Minuten\" \/>\n<script type=\"application\/ld+json\" class=\"yoast-schema-graph\">{\"@context\":\"https:\\\/\\\/schema.org\",\"@graph\":[{\"@type\":\"WebPage\",\"@id\":\"https:\\\/\\\/www.torq.nl\\\/product\\\/mintense-energy-chews-sample-pack-4st\\\/\",\"url\":\"https:\\\/\\\/www.torq.nl\\\/product\\\/mintense-energy-chews-sample-pack-4st\\\/\",\"name\":\"Mintense Energy Chews - Sample pack (4 st) - E-Power\",\"isPartOf\":{\"@id\":\"https:\\\/\\\/www.torq.nl\\\/#website\"},\"primaryImageOfPage\":{\"@id\":\"https:\\\/\\\/www.torq.nl\\\/product\\\/mintense-energy-chews-sample-pack-4st\\\/#primaryimage\"},\"image\":{\"@id\":\"https:\\\/\\\/www.torq.nl\\\/product\\\/mintense-energy-chews-sample-pack-4st\\\/#primaryimage\"},\"thumbnailUrl\":\"https:\\\/\\\/www.torq.nl\\\/wp-content\\\/uploads\\\/2025\\\/06\\\/Mintense_Caffeine_Bullet_-_Main_Image_1600x_crop_center.jpg.webp\",\"datePublished\":\"2025-06-30T08:31:12+00:00\",\"dateModified\":\"2026-03-31T09:43:34+00:00\",\"breadcrumb\":{\"@id\":\"https:\\\/\\\/www.torq.nl\\\/product\\\/mintense-energy-chews-sample-pack-4st\\\/#breadcrumb\"},\"inLanguage\":\"de\",\"potentialAction\":[{\"@type\":\"ReadAction\",\"target\":[\"https:\\\/\\\/www.torq.nl\\\/product\\\/mintense-energy-chews-sample-pack-4st\\\/\"]}]},{\"@type\":\"ImageObject\",\"inLanguage\":\"de\",\"@id\":\"https:\\\/\\\/www.torq.nl\\\/product\\\/mintense-energy-chews-sample-pack-4st\\\/#primaryimage\",\"url\":\"https:\\\/\\\/www.torq.nl\\\/wp-content\\\/uploads\\\/2025\\\/06\\\/Mintense_Caffeine_Bullet_-_Main_Image_1600x_crop_center.jpg.webp\",\"contentUrl\":\"https:\\\/\\\/www.torq.nl\\\/wp-content\\\/uploads\\\/2025\\\/06\\\/Mintense_Caffeine_Bullet_-_Main_Image_1600x_crop_center.jpg.webp\",\"width\":1600,\"height\":1600,\"caption\":\"Mintense_Caffeine_Bullet_Sample_Pack\"},{\"@type\":\"BreadcrumbList\",\"@id\":\"https:\\\/\\\/www.torq.nl\\\/product\\\/mintense-energy-chews-sample-pack-4st\\\/#breadcrumb\",\"itemListElement\":[{\"@type\":\"ListItem\",\"position\":1,\"name\":\"Home\",\"item\":\"https:\\\/\\\/www.torq.nl\\\/home\\\/\"},{\"@type\":\"ListItem\",\"position\":2,\"name\":\"Winkel\",\"item\":\"https:\\\/\\\/www.torq.nl\\\/it\\\/winkel\\\/\"},{\"@type\":\"ListItem\",\"position\":3,\"name\":\"Mintense Energy Chews &#8211; Sample pack (4 st)\"}]},{\"@type\":\"WebSite\",\"@id\":\"https:\\\/\\\/www.torq.nl\\\/#website\",\"url\":\"https:\\\/\\\/www.torq.nl\\\/\",\"name\":\"E-Power\",\"description\":\"Officieel Torq dealer Benelux\",\"publisher\":{\"@id\":\"https:\\\/\\\/www.torq.nl\\\/#organization\"},\"potentialAction\":[{\"@type\":\"SearchAction\",\"target\":{\"@type\":\"EntryPoint\",\"urlTemplate\":\"https:\\\/\\\/www.torq.nl\\\/?s={search_term_string}\"},\"query-input\":{\"@type\":\"PropertyValueSpecification\",\"valueRequired\":true,\"valueName\":\"search_term_string\"}}],\"inLanguage\":\"de\"},{\"@type\":\"Organization\",\"@id\":\"https:\\\/\\\/www.torq.nl\\\/#organization\",\"name\":\"E-Power\",\"url\":\"https:\\\/\\\/www.torq.nl\\\/\",\"logo\":{\"@type\":\"ImageObject\",\"inLanguage\":\"de\",\"@id\":\"https:\\\/\\\/www.torq.nl\\\/#\\\/schema\\\/logo\\\/image\\\/\",\"url\":\"https:\\\/\\\/www.torq.nl\\\/wp-content\\\/uploads\\\/2021\\\/04\\\/Logo-epower.png\",\"contentUrl\":\"https:\\\/\\\/www.torq.nl\\\/wp-content\\\/uploads\\\/2021\\\/04\\\/Logo-epower.png\",\"width\":506,\"height\":200,\"caption\":\"E-Power\"},\"image\":{\"@id\":\"https:\\\/\\\/www.torq.nl\\\/#\\\/schema\\\/logo\\\/image\\\/\"},\"sameAs\":[\"https:\\\/\\\/www.facebook.com\\\/epowersport\\\/\",\"https:\\\/\\\/x.com\\\/foodgroupbv\"]}]}<\/script>\n<!-- \/ Yoast SEO plugin. -->","yoast_head_json":{"title":"Mintense Energy Chews - Sample pack (4 st) - E-Power","robots":{"index":"index","follow":"follow","max-snippet":"max-snippet:-1","max-image-preview":"max-image-preview:large","max-video-preview":"max-video-preview:-1"},"canonical":"https:\/\/www.torq.nl\/de\/produkt\/mintense-energy-chews-sample-pack-4st\/","og_locale":"de_DE","og_type":"article","og_title":"Mintense Energy Chews - Sample pack (4 st) - E-Power","og_description":"Caffeine Bullets verhogen het uithoudingsvermogen, verbeteren de alertheid en mobiliseren uw vetcellen om als brandstof te worden gebruikt, zodat u langer kunt trainen en harder kunt concurreren, ongeacht uw sport. 1 sample pack bevat 4 chews","og_url":"https:\/\/www.torq.nl\/de\/produkt\/mintense-energy-chews-sample-pack-4st\/","og_site_name":"E-Power","article_publisher":"https:\/\/www.facebook.com\/epowersport\/","article_modified_time":"2026-03-31T09:43:34+00:00","og_image":[{"width":1600,"height":1600,"url":"https:\/\/www.torq.nl\/wp-content\/uploads\/2025\/06\/Mintense_Caffeine_Bullet_-_Main_Image_1600x_crop_center.jpg.webp","type":"image\/webp"}],"twitter_card":"summary_large_image","twitter_site":"@foodgroupbv","twitter_misc":{"Gesch\u00e4tzte Lesezeit":"2\u00a0Minuten"},"schema":{"@context":"https:\/\/schema.org","@graph":[{"@type":"WebPage","@id":"https:\/\/www.torq.nl\/product\/mintense-energy-chews-sample-pack-4st\/","url":"https:\/\/www.torq.nl\/product\/mintense-energy-chews-sample-pack-4st\/","name":"Mintense Energy Chews - Sample pack (4 st) - E-Power","isPartOf":{"@id":"https:\/\/www.torq.nl\/#website"},"primaryImageOfPage":{"@id":"https:\/\/www.torq.nl\/product\/mintense-energy-chews-sample-pack-4st\/#primaryimage"},"image":{"@id":"https:\/\/www.torq.nl\/product\/mintense-energy-chews-sample-pack-4st\/#primaryimage"},"thumbnailUrl":"https:\/\/www.torq.nl\/wp-content\/uploads\/2025\/06\/Mintense_Caffeine_Bullet_-_Main_Image_1600x_crop_center.jpg.webp","datePublished":"2025-06-30T08:31:12+00:00","dateModified":"2026-03-31T09:43:34+00:00","breadcrumb":{"@id":"https:\/\/www.torq.nl\/product\/mintense-energy-chews-sample-pack-4st\/#breadcrumb"},"inLanguage":"de","potentialAction":[{"@type":"ReadAction","target":["https:\/\/www.torq.nl\/product\/mintense-energy-chews-sample-pack-4st\/"]}]},{"@type":"ImageObject","inLanguage":"de","@id":"https:\/\/www.torq.nl\/product\/mintense-energy-chews-sample-pack-4st\/#primaryimage","url":"https:\/\/www.torq.nl\/wp-content\/uploads\/2025\/06\/Mintense_Caffeine_Bullet_-_Main_Image_1600x_crop_center.jpg.webp","contentUrl":"https:\/\/www.torq.nl\/wp-content\/uploads\/2025\/06\/Mintense_Caffeine_Bullet_-_Main_Image_1600x_crop_center.jpg.webp","width":1600,"height":1600,"caption":"Mintense_Caffeine_Bullet_Sample_Pack"},{"@type":"BreadcrumbList","@id":"https:\/\/www.torq.nl\/product\/mintense-energy-chews-sample-pack-4st\/#breadcrumb","itemListElement":[{"@type":"ListItem","position":1,"name":"Home","item":"https:\/\/www.torq.nl\/home\/"},{"@type":"ListItem","position":2,"name":"Winkel","item":"https:\/\/www.torq.nl\/it\/winkel\/"},{"@type":"ListItem","position":3,"name":"Mintense Energy Chews &#8211; Sample pack (4 st)"}]},{"@type":"WebSite","@id":"https:\/\/www.torq.nl\/#website","url":"https:\/\/www.torq.nl\/","name":"E-Power","description":"Offizieller Torq-H\u00e4ndler Benelux","publisher":{"@id":"https:\/\/www.torq.nl\/#organization"},"potentialAction":[{"@type":"SearchAction","target":{"@type":"EntryPoint","urlTemplate":"https:\/\/www.torq.nl\/?s={search_term_string}"},"query-input":{"@type":"PropertyValueSpecification","valueRequired":true,"valueName":"search_term_string"}}],"inLanguage":"de"},{"@type":"Organization","@id":"https:\/\/www.torq.nl\/#organization","name":"E-Power","url":"https:\/\/www.torq.nl\/","logo":{"@type":"ImageObject","inLanguage":"de","@id":"https:\/\/www.torq.nl\/#\/schema\/logo\/image\/","url":"https:\/\/www.torq.nl\/wp-content\/uploads\/2021\/04\/Logo-epower.png","contentUrl":"https:\/\/www.torq.nl\/wp-content\/uploads\/2021\/04\/Logo-epower.png","width":506,"height":200,"caption":"E-Power"},"image":{"@id":"https:\/\/www.torq.nl\/#\/schema\/logo\/image\/"},"sameAs":["https:\/\/www.facebook.com\/epowersport\/","https:\/\/x.com\/foodgroupbv"]}]}},"_links":{"self":[{"href":"https:\/\/www.torq.nl\/de\/wp-json\/wp\/v2\/product\/38881","targetHints":{"allow":["GET"]}}],"collection":[{"href":"https:\/\/www.torq.nl\/de\/wp-json\/wp\/v2\/product"}],"about":[{"href":"https:\/\/www.torq.nl\/de\/wp-json\/wp\/v2\/types\/product"}],"wp:featuredmedia":[{"embeddable":true,"href":"https:\/\/www.torq.nl\/de\/wp-json\/wp\/v2\/media\/38882"}],"wp:attachment":[{"href":"https:\/\/www.torq.nl\/de\/wp-json\/wp\/v2\/media?parent=38881"}],"wp:term":[{"taxonomy":"product_brand","embeddable":true,"href":"https:\/\/www.torq.nl\/de\/wp-json\/wp\/v2\/product_brand?post=38881"},{"taxonomy":"product_cat","embeddable":true,"href":"https:\/\/www.torq.nl\/de\/wp-json\/wp\/v2\/product_cat?post=38881"},{"taxonomy":"product_tag","embeddable":true,"href":"https:\/\/www.torq.nl\/de\/wp-json\/wp\/v2\/product_tag?post=38881"}],"curies":[{"name":"wp","href":"https:\/\/api.w.org\/{rel}","templated":true}]}}