{"id":38937,"date":"2025-07-08T15:30:06","date_gmt":"2025-07-08T13:30:06","guid":{"rendered":"https:\/\/www.torq.nl\/?post_type=product&#038;p=38937"},"modified":"2025-08-17T12:59:22","modified_gmt":"2025-08-17T10:59:22","slug":"salty-caramel-electrolyte-chews","status":"publish","type":"product","link":"https:\/\/www.torq.nl\/de\/produkt\/salty-caramel-electrolyte-chews\/","title":{"rendered":"Salzige Karamell-Elektrolyt-Kaubonbons"},"content":{"rendered":"<h4>Produkt\u00fcbersicht<\/h4>\n<p>Jeder Kaubonbon enth\u00e4lt 4 wichtige Elektrolyte, die Ihr K\u00f6rper wirklich braucht!<\/p>\n<ol>\n<li>Natrium (290 mg): reguliert den Fl\u00fcssigkeitshaushalt und beugt Kr\u00e4mpfen vor;<\/li>\n<li>Kalium (82 mg): unterst\u00fctzt Muskelkontraktionen und Nervensignale;<\/li>\n<li>Magnesium (20 mg): reduziert M\u00fcdigkeit und unterst\u00fctzt die Energieproduktion;<\/li>\n<li>Kalzium (8 mg): tr\u00e4gt zur ordnungsgem\u00e4\u00dfen Muskelfunktion und schnelleren Erholung bei.<\/li>\n<\/ol>\n<h4>Warum Electro Bullets w\u00e4hlen?<\/h4>\n<p>Pro 30 Minuten intensiven Trainings verlieren Sie etwa 0,5 Liter Schwei\u00df. Wir empfehlen einen Electro Bullet pro 30 Minuten intensiven Trainings, um den Elektrolytverlust auszugleichen (Montain et al., 2007). Ob Sie hart trainieren, an Wettk\u00e4mpfen teilnehmen, in der Hitze arbeiten oder einfach nur stark schwitzen \u2013 passen Sie die Dosierung nach Bedarf an und h\u00f6ren Sie auf Ihren K\u00f6rper. Electro Bullets liefern eine wissenschaftlich nachgewiesene, optimale Dosis an essentiellen Elektrolyten.<\/p>","protected":false},"excerpt":{"rendered":"<p>Electro Bullet ist ein schnell wirkendes, koffeinfreies Elektrolyt-Kaugetr\u00e4nk, das Sie dreimal schneller mit Fl\u00fcssigkeit versorgt als Getr\u00e4nke oder Pulver. Es enth\u00e4lt die essentiellen Elektrolyte, die Sie f\u00fcr H\u00f6chstleistungen ben\u00f6tigen:<\/p>\n<ul>\n<li>Natrium (290 mg) \u2013 Hilft, den Fl\u00fcssigkeitshaushalt aufrechtzuerhalten;<\/li>\n<li>Kalium (82 mg) \u2013 reduziert Kr\u00e4mpfe;<\/li>\n<li>Magnesium (20 mg) \u2013 Unterst\u00fctzt die Genesung;<\/li>\n<li>Calcium (8 mg) \u2013 st\u00e4rkt die Muskelfunktion.<\/li>\n<\/ul>\n<p><b> <span style=\"color: #000000;\"><em><span style=\"font-weight: 600;\">1 Beutel enth\u00e4lt 40 Kautabletten<\/span><\/em><\/span><\/b><\/p>","protected":false},"featured_media":38939,"template":"","meta":{"_monsterinsights_skip_tracking":false,"_monsterinsights_sitenote_active":false,"_monsterinsights_sitenote_note":"","_monsterinsights_sitenote_category":0},"product_brand":[],"product_cat":[69],"product_tag":[],"class_list":{"0":"post-38937","1":"product","2":"type-product","3":"status-publish","4":"has-post-thumbnail","6":"product_cat-performance-bullet","8":"first","9":"instock","10":"taxable","11":"shipping-taxable","12":"purchasable","13":"product-type-simple"},"yoast_head":"<!-- This site is optimized with the Yoast SEO plugin v27.3 - https:\/\/yoast.com\/product\/yoast-seo-wordpress\/ -->\n<title>Salty Caramel Electrolyte Chews - E-Power<\/title>\n<meta name=\"description\" content=\"De salty caramel electrolyte chews zijn snelwerkende cafe\u00efnevrije electrolyte bullets, die je 3x sneller hydrateren dan drankjes of poeders!\" \/>\n<meta name=\"robots\" content=\"index, follow, max-snippet:-1, max-image-preview:large, max-video-preview:-1\" \/>\n<link rel=\"canonical\" href=\"https:\/\/www.torq.nl\/de\/produkt\/salty-caramel-electrolyte-chews\/\" \/>\n<meta property=\"og:locale\" content=\"de_DE\" \/>\n<meta property=\"og:type\" content=\"article\" \/>\n<meta property=\"og:title\" content=\"Salty Caramel Electrolyte Chews - E-Power\" \/>\n<meta property=\"og:description\" content=\"De salty caramel electrolyte chews zijn snelwerkende cafe\u00efnevrije electrolyte bullets, die je 3x sneller hydrateren dan drankjes of poeders!\" \/>\n<meta property=\"og:url\" content=\"https:\/\/www.torq.nl\/de\/produkt\/salty-caramel-electrolyte-chews\/\" \/>\n<meta property=\"og:site_name\" content=\"E-Power\" \/>\n<meta property=\"article:publisher\" content=\"https:\/\/www.facebook.com\/epowersport\/\" \/>\n<meta property=\"article:modified_time\" content=\"2025-08-17T10:59:22+00:00\" \/>\n<meta property=\"og:image\" content=\"https:\/\/www.torq.nl\/wp-content\/uploads\/2025\/07\/Electro-bullets-salty-caramel.png\" \/>\n\t<meta property=\"og:image:width\" content=\"764\" \/>\n\t<meta property=\"og:image:height\" content=\"764\" \/>\n\t<meta property=\"og:image:type\" content=\"image\/png\" \/>\n<meta name=\"twitter:card\" content=\"summary_large_image\" \/>\n<meta name=\"twitter:site\" content=\"@foodgroupbv\" \/>\n<meta name=\"twitter:label1\" content=\"Gesch\u00e4tzte Lesezeit\" \/>\n\t<meta name=\"twitter:data1\" content=\"1\u00a0Minute\" \/>\n<script type=\"application\/ld+json\" class=\"yoast-schema-graph\">{\"@context\":\"https:\\\/\\\/schema.org\",\"@graph\":[{\"@type\":\"WebPage\",\"@id\":\"https:\\\/\\\/www.torq.nl\\\/product\\\/salty-caramel-electrolyte-chews\\\/\",\"url\":\"https:\\\/\\\/www.torq.nl\\\/product\\\/salty-caramel-electrolyte-chews\\\/\",\"name\":\"Salty Caramel Electrolyte Chews - E-Power\",\"isPartOf\":{\"@id\":\"https:\\\/\\\/www.torq.nl\\\/#website\"},\"primaryImageOfPage\":{\"@id\":\"https:\\\/\\\/www.torq.nl\\\/product\\\/salty-caramel-electrolyte-chews\\\/#primaryimage\"},\"image\":{\"@id\":\"https:\\\/\\\/www.torq.nl\\\/product\\\/salty-caramel-electrolyte-chews\\\/#primaryimage\"},\"thumbnailUrl\":\"https:\\\/\\\/www.torq.nl\\\/wp-content\\\/uploads\\\/2025\\\/07\\\/Electro-bullets-salty-caramel.png\",\"datePublished\":\"2025-07-08T13:30:06+00:00\",\"dateModified\":\"2025-08-17T10:59:22+00:00\",\"description\":\"De salty caramel electrolyte chews zijn snelwerkende cafe\u00efnevrije electrolyte bullets, die je 3x sneller hydrateren dan drankjes of poeders!\",\"breadcrumb\":{\"@id\":\"https:\\\/\\\/www.torq.nl\\\/product\\\/salty-caramel-electrolyte-chews\\\/#breadcrumb\"},\"inLanguage\":\"de\",\"potentialAction\":[{\"@type\":\"ReadAction\",\"target\":[\"https:\\\/\\\/www.torq.nl\\\/product\\\/salty-caramel-electrolyte-chews\\\/\"]}]},{\"@type\":\"ImageObject\",\"inLanguage\":\"de\",\"@id\":\"https:\\\/\\\/www.torq.nl\\\/product\\\/salty-caramel-electrolyte-chews\\\/#primaryimage\",\"url\":\"https:\\\/\\\/www.torq.nl\\\/wp-content\\\/uploads\\\/2025\\\/07\\\/Electro-bullets-salty-caramel.png\",\"contentUrl\":\"https:\\\/\\\/www.torq.nl\\\/wp-content\\\/uploads\\\/2025\\\/07\\\/Electro-bullets-salty-caramel.png\",\"width\":764,\"height\":764,\"caption\":\"salty caramel electrolyte chews\"},{\"@type\":\"BreadcrumbList\",\"@id\":\"https:\\\/\\\/www.torq.nl\\\/product\\\/salty-caramel-electrolyte-chews\\\/#breadcrumb\",\"itemListElement\":[{\"@type\":\"ListItem\",\"position\":1,\"name\":\"Home\",\"item\":\"https:\\\/\\\/www.torq.nl\\\/home\\\/\"},{\"@type\":\"ListItem\",\"position\":2,\"name\":\"Winkel\",\"item\":\"https:\\\/\\\/www.torq.nl\\\/it\\\/winkel\\\/\"},{\"@type\":\"ListItem\",\"position\":3,\"name\":\"Salty Caramel Electrolyte Chews\"}]},{\"@type\":\"WebSite\",\"@id\":\"https:\\\/\\\/www.torq.nl\\\/#website\",\"url\":\"https:\\\/\\\/www.torq.nl\\\/\",\"name\":\"E-Power\",\"description\":\"Officieel Torq dealer Benelux\",\"publisher\":{\"@id\":\"https:\\\/\\\/www.torq.nl\\\/#organization\"},\"potentialAction\":[{\"@type\":\"SearchAction\",\"target\":{\"@type\":\"EntryPoint\",\"urlTemplate\":\"https:\\\/\\\/www.torq.nl\\\/?s={search_term_string}\"},\"query-input\":{\"@type\":\"PropertyValueSpecification\",\"valueRequired\":true,\"valueName\":\"search_term_string\"}}],\"inLanguage\":\"de\"},{\"@type\":\"Organization\",\"@id\":\"https:\\\/\\\/www.torq.nl\\\/#organization\",\"name\":\"E-Power\",\"url\":\"https:\\\/\\\/www.torq.nl\\\/\",\"logo\":{\"@type\":\"ImageObject\",\"inLanguage\":\"de\",\"@id\":\"https:\\\/\\\/www.torq.nl\\\/#\\\/schema\\\/logo\\\/image\\\/\",\"url\":\"https:\\\/\\\/www.torq.nl\\\/wp-content\\\/uploads\\\/2021\\\/04\\\/Logo-epower.png\",\"contentUrl\":\"https:\\\/\\\/www.torq.nl\\\/wp-content\\\/uploads\\\/2021\\\/04\\\/Logo-epower.png\",\"width\":506,\"height\":200,\"caption\":\"E-Power\"},\"image\":{\"@id\":\"https:\\\/\\\/www.torq.nl\\\/#\\\/schema\\\/logo\\\/image\\\/\"},\"sameAs\":[\"https:\\\/\\\/www.facebook.com\\\/epowersport\\\/\",\"https:\\\/\\\/x.com\\\/foodgroupbv\"]}]}<\/script>\n<!-- \/ Yoast SEO plugin. -->","yoast_head_json":{"title":"Salty Caramel Electrolyte Chews - E-Power","description":"Die Elektrolyt-Kautabletten mit gesalzenem Karamellgeschmack sind schnell wirkende, koffeinfreie Elektrolyt-Bullets, die Sie 3x schneller mit Fl\u00fcssigkeit versorgen als Getr\u00e4nke oder Pulver!","robots":{"index":"index","follow":"follow","max-snippet":"max-snippet:-1","max-image-preview":"max-image-preview:large","max-video-preview":"max-video-preview:-1"},"canonical":"https:\/\/www.torq.nl\/de\/produkt\/salty-caramel-electrolyte-chews\/","og_locale":"de_DE","og_type":"article","og_title":"Salty Caramel Electrolyte Chews - E-Power","og_description":"De salty caramel electrolyte chews zijn snelwerkende cafe\u00efnevrije electrolyte bullets, die je 3x sneller hydrateren dan drankjes of poeders!","og_url":"https:\/\/www.torq.nl\/de\/produkt\/salty-caramel-electrolyte-chews\/","og_site_name":"E-Power","article_publisher":"https:\/\/www.facebook.com\/epowersport\/","article_modified_time":"2025-08-17T10:59:22+00:00","og_image":[{"width":764,"height":764,"url":"https:\/\/www.torq.nl\/wp-content\/uploads\/2025\/07\/Electro-bullets-salty-caramel.png","type":"image\/png"}],"twitter_card":"summary_large_image","twitter_site":"@foodgroupbv","twitter_misc":{"Gesch\u00e4tzte Lesezeit":"1\u00a0Minute"},"schema":{"@context":"https:\/\/schema.org","@graph":[{"@type":"WebPage","@id":"https:\/\/www.torq.nl\/product\/salty-caramel-electrolyte-chews\/","url":"https:\/\/www.torq.nl\/product\/salty-caramel-electrolyte-chews\/","name":"Salty Caramel Electrolyte Chews - E-Power","isPartOf":{"@id":"https:\/\/www.torq.nl\/#website"},"primaryImageOfPage":{"@id":"https:\/\/www.torq.nl\/product\/salty-caramel-electrolyte-chews\/#primaryimage"},"image":{"@id":"https:\/\/www.torq.nl\/product\/salty-caramel-electrolyte-chews\/#primaryimage"},"thumbnailUrl":"https:\/\/www.torq.nl\/wp-content\/uploads\/2025\/07\/Electro-bullets-salty-caramel.png","datePublished":"2025-07-08T13:30:06+00:00","dateModified":"2025-08-17T10:59:22+00:00","description":"Die Elektrolyt-Kautabletten mit gesalzenem Karamellgeschmack sind schnell wirkende, koffeinfreie Elektrolyt-Bullets, die Sie 3x schneller mit Fl\u00fcssigkeit versorgen als Getr\u00e4nke oder Pulver!","breadcrumb":{"@id":"https:\/\/www.torq.nl\/product\/salty-caramel-electrolyte-chews\/#breadcrumb"},"inLanguage":"de","potentialAction":[{"@type":"ReadAction","target":["https:\/\/www.torq.nl\/product\/salty-caramel-electrolyte-chews\/"]}]},{"@type":"ImageObject","inLanguage":"de","@id":"https:\/\/www.torq.nl\/product\/salty-caramel-electrolyte-chews\/#primaryimage","url":"https:\/\/www.torq.nl\/wp-content\/uploads\/2025\/07\/Electro-bullets-salty-caramel.png","contentUrl":"https:\/\/www.torq.nl\/wp-content\/uploads\/2025\/07\/Electro-bullets-salty-caramel.png","width":764,"height":764,"caption":"salty caramel electrolyte chews"},{"@type":"BreadcrumbList","@id":"https:\/\/www.torq.nl\/product\/salty-caramel-electrolyte-chews\/#breadcrumb","itemListElement":[{"@type":"ListItem","position":1,"name":"Home","item":"https:\/\/www.torq.nl\/home\/"},{"@type":"ListItem","position":2,"name":"Winkel","item":"https:\/\/www.torq.nl\/it\/winkel\/"},{"@type":"ListItem","position":3,"name":"Salty Caramel Electrolyte Chews"}]},{"@type":"WebSite","@id":"https:\/\/www.torq.nl\/#website","url":"https:\/\/www.torq.nl\/","name":"E-Power","description":"Offizieller Torq-H\u00e4ndler Benelux","publisher":{"@id":"https:\/\/www.torq.nl\/#organization"},"potentialAction":[{"@type":"SearchAction","target":{"@type":"EntryPoint","urlTemplate":"https:\/\/www.torq.nl\/?s={search_term_string}"},"query-input":{"@type":"PropertyValueSpecification","valueRequired":true,"valueName":"search_term_string"}}],"inLanguage":"de"},{"@type":"Organization","@id":"https:\/\/www.torq.nl\/#organization","name":"E-Power","url":"https:\/\/www.torq.nl\/","logo":{"@type":"ImageObject","inLanguage":"de","@id":"https:\/\/www.torq.nl\/#\/schema\/logo\/image\/","url":"https:\/\/www.torq.nl\/wp-content\/uploads\/2021\/04\/Logo-epower.png","contentUrl":"https:\/\/www.torq.nl\/wp-content\/uploads\/2021\/04\/Logo-epower.png","width":506,"height":200,"caption":"E-Power"},"image":{"@id":"https:\/\/www.torq.nl\/#\/schema\/logo\/image\/"},"sameAs":["https:\/\/www.facebook.com\/epowersport\/","https:\/\/x.com\/foodgroupbv"]}]}},"_links":{"self":[{"href":"https:\/\/www.torq.nl\/de\/wp-json\/wp\/v2\/product\/38937","targetHints":{"allow":["GET"]}}],"collection":[{"href":"https:\/\/www.torq.nl\/de\/wp-json\/wp\/v2\/product"}],"about":[{"href":"https:\/\/www.torq.nl\/de\/wp-json\/wp\/v2\/types\/product"}],"wp:featuredmedia":[{"embeddable":true,"href":"https:\/\/www.torq.nl\/de\/wp-json\/wp\/v2\/media\/38939"}],"wp:attachment":[{"href":"https:\/\/www.torq.nl\/de\/wp-json\/wp\/v2\/media?parent=38937"}],"wp:term":[{"taxonomy":"product_brand","embeddable":true,"href":"https:\/\/www.torq.nl\/de\/wp-json\/wp\/v2\/product_brand?post=38937"},{"taxonomy":"product_cat","embeddable":true,"href":"https:\/\/www.torq.nl\/de\/wp-json\/wp\/v2\/product_cat?post=38937"},{"taxonomy":"product_tag","embeddable":true,"href":"https:\/\/www.torq.nl\/de\/wp-json\/wp\/v2\/product_tag?post=38937"}],"curies":[{"name":"wp","href":"https:\/\/api.w.org\/{rel}","templated":true}]}}