{"id":38946,"date":"2025-07-09T08:35:14","date_gmt":"2025-07-09T06:35:14","guid":{"rendered":"https:\/\/www.torq.nl\/?post_type=product&#038;p=38946"},"modified":"2025-07-09T11:05:37","modified_gmt":"2025-07-09T09:05:37","slug":"brain-bullet-testpakket","status":"publish","type":"product","link":"https:\/\/www.torq.nl\/de\/produkt\/brain-bullet-testpakket\/","title":{"rendered":"Brain Bullet Probierpaket \u2013 Probieren Sie Mental Mint Matcha &amp; Caramental Frappe"},"content":{"rendered":"<h4>F\u00fcr wen ist das Testpaket geeignet?<\/h4>\n<p>Egal, ob Sie Student sind und einen stressigen Tag haben, kreativ arbeiten und im Flow bleiben m\u00f6chten oder einfach nur einen Energieschub an langen Arbeitstagen brauchen \u2013 Brain Bullet unterst\u00fctzt Ihre Konzentration auf nat\u00fcrliche und effektive Weise. Die Kautabletten sind einzeln verpackt und passen daher bequem in Ihre Jacken-, Rucksack- oder Laptoptasche.<\/p>\n<h4>Hauptvorteile<\/h4>\n<p>Anstelle von bitterem Kaffee oder einem zuckerhaltigen Energydrink bietet Brain Bullet eine leicht s\u00fc\u00dfe, kaubare Alternative, die schnell wirkt und keine Nervosit\u00e4t verursacht. Jedes Kaubonbon enth\u00e4lt nur 26 Kalorien und 3,2 Gramm Zucker und eignet sich daher auch f\u00fcr eine gesunde Ern\u00e4hrung.<\/p>\n<p>Die Wirkung wird nach etwa f\u00fcnf Minuten sp\u00fcrbar. Genau dann, wenn du sie brauchst. Die Mischung aus Koffein und L-Theanin sorgt f\u00fcr eine langanhaltende Steigerung der Wachsamkeit und der geistigen Leistungsf\u00e4higkeit, ohne dass es zu einem Leistungseinbruch kommt.<\/p>\n<ul>\n<li>Erh\u00f6ht die Konzentration auf 27%<\/li>\n<li>Verbessert den Speicher auf 12%<\/li>\n<li>Direkter Fokus und Motivation<\/li>\n<li>Bis zu 8 Stunden geistige Klarheit<\/li>\n<li>Steigert die Produktivit\u00e4t und bek\u00e4mpft Gehirnnebel<\/li>\n<li>Kein Absturz<\/li>\n<li>Reduziert Stress und Angst<\/li>\n<li>Nur 26 Kalorien und wenig Zucker<\/li>\n<\/ul>\n<h4>Warum Brain Bullet w\u00e4hlen?<\/h4>\n<p>Die Kombination aus Koffein und L-Theanin ist wissenschaftlich erwiesen und bekannt f\u00fcr ihre F\u00e4higkeit, die Vorteile von Koffein zu erhalten und gleichzeitig unangenehme Nebenwirkungen (wie Angstzust\u00e4nde oder Nervosit\u00e4t) zu lindern. Dies erm\u00f6glicht Ihnen bis zu 8 Stunden lang klare, ruhige Konzentration.<\/p>\n<p>Dieses Probierpaket ist eine ideale M\u00f6glichkeit, das Produkt und seine Aromen kennenzulernen, ohne gleich eine Gro\u00dfpackung kaufen zu m\u00fcssen.<\/p>\n<h4>Anwendungstipps:<\/h4>\n<p>Kauen Sie den Brain Bullet etwa 30 Sekunden lang, bis er weich wird. Nehmen Sie ihn, wann immer Sie mehr Konzentration ben\u00f6tigen, zum Beispiel kurz vor einem Meeting, beim Lernen oder zu Beginn eines langen Arbeitstages. Sie k\u00f6nnen bis zu vier Kautabletten pro Tag einnehmen (maximal 320 mg Koffein).<\/p>","protected":false},"excerpt":{"rendered":"<h3>Sofortige Konzentration und Energie, ohne Absturz. Zwei Geschmacksrichtungen, ein Ziel: Ihr Gehirn in Topform halten.<\/h3>\n<p>Sind Sie im Zweifel zwischen der erfrischenden <strong>Mental Mint Matcha<\/strong> oder die weiche, cremige <strong>Karamell-Frappe<\/strong>Mit dieser 8er-Packung Brain Bullets\u2122 (4 von jeder Geschmacksrichtung) m\u00fcssen Sie sich nicht entscheiden. Entdecken Sie, welches Produkt am besten zu Ihrem Arbeitsablauf, Ihrer Lernsitzung oder Ihrem kreativen Flow passt.<\/p>\n<p>Brain Bullet\u2122 ist eine Kautablette mit <strong>80 mg Koffein<\/strong> und <strong>160 mg L-Theanin<\/strong>, eine wissenschaftlich erprobte Kombination f\u00fcr <strong>geistige Sch\u00e4rfe, Energie und Konzentration<\/strong> Ohne unvorhersehbare H\u00f6hen und Tiefen. Ideal f\u00fcr alle, die einen klaren Kopf behalten und konzentriert bleiben wollen, ohne literweise Kaffee oder zuckerhaltige Energydrinks zu konsumieren.<\/p>\n<h5><span style=\"font-weight: 600;\">Was Sie bekommen:<\/span><\/h5>\n<ul>\n<li>1x 4 Kaubonbons Mental Mint Matcha<\/li>\n<li>1x 4 Kaubonbons Caramental Frappe<\/li>\n<\/ul>\n<p>In praktischer Einzelverpackung (passt in jede Tasche)!<\/p>","protected":false},"featured_media":38949,"template":"","meta":{"_monsterinsights_skip_tracking":false,"_monsterinsights_sitenote_active":false,"_monsterinsights_sitenote_note":"","_monsterinsights_sitenote_category":0},"product_brand":[],"product_cat":[69],"product_tag":[],"class_list":{"0":"post-38946","1":"product","2":"type-product","3":"status-publish","4":"has-post-thumbnail","6":"product_cat-performance-bullet","8":"first","9":"instock","10":"taxable","11":"shipping-taxable","12":"purchasable","13":"product-type-simple"},"yoast_head":"<!-- This site is optimized with the Yoast SEO plugin v27.3 - https:\/\/yoast.com\/product\/yoast-seo-wordpress\/ -->\n<title>Brain Bullet Testpakket - Directe focus &amp; energie, zonder crash!<\/title>\n<meta name=\"description\" content=\"Twijfel je tussen de verfrissende Mental Mint Matcha of de zachte, romige Caramental Frappe? Met dit Brain Bullet testpakket hoef je niet te kiezen!\" \/>\n<meta name=\"robots\" content=\"index, follow, max-snippet:-1, max-image-preview:large, max-video-preview:-1\" \/>\n<link rel=\"canonical\" href=\"https:\/\/www.torq.nl\/de\/produkt\/brain-bullet-testpakket\/\" \/>\n<meta property=\"og:locale\" content=\"de_DE\" \/>\n<meta property=\"og:type\" content=\"article\" \/>\n<meta property=\"og:title\" content=\"Brain Bullet Testpakket - Directe focus &amp; energie, zonder crash!\" \/>\n<meta property=\"og:description\" content=\"Twijfel je tussen de verfrissende Mental Mint Matcha of de zachte, romige Caramental Frappe? Met dit Brain Bullet testpakket hoef je niet te kiezen!\" \/>\n<meta property=\"og:url\" content=\"https:\/\/www.torq.nl\/de\/produkt\/brain-bullet-testpakket\/\" \/>\n<meta property=\"og:site_name\" content=\"E-Power\" \/>\n<meta property=\"article:publisher\" content=\"https:\/\/www.facebook.com\/epowersport\/\" \/>\n<meta property=\"article:modified_time\" content=\"2025-07-09T09:05:37+00:00\" \/>\n<meta property=\"og:image\" content=\"https:\/\/www.torq.nl\/wp-content\/uploads\/2025\/07\/Brain-Bullet-testpakket-2-scaled.png\" \/>\n\t<meta property=\"og:image:width\" content=\"2560\" \/>\n\t<meta property=\"og:image:height\" content=\"2560\" \/>\n\t<meta property=\"og:image:type\" content=\"image\/png\" \/>\n<meta name=\"twitter:card\" content=\"summary_large_image\" \/>\n<meta name=\"twitter:site\" content=\"@foodgroupbv\" \/>\n<meta name=\"twitter:label1\" content=\"Gesch\u00e4tzte Lesezeit\" \/>\n\t<meta name=\"twitter:data1\" content=\"2\u00a0Minuten\" \/>\n<script type=\"application\/ld+json\" class=\"yoast-schema-graph\">{\"@context\":\"https:\\\/\\\/schema.org\",\"@graph\":[{\"@type\":\"WebPage\",\"@id\":\"https:\\\/\\\/www.torq.nl\\\/product\\\/brain-bullet-testpakket\\\/\",\"url\":\"https:\\\/\\\/www.torq.nl\\\/product\\\/brain-bullet-testpakket\\\/\",\"name\":\"Brain Bullet Testpakket - Directe focus & energie, zonder crash!\",\"isPartOf\":{\"@id\":\"https:\\\/\\\/www.torq.nl\\\/#website\"},\"primaryImageOfPage\":{\"@id\":\"https:\\\/\\\/www.torq.nl\\\/product\\\/brain-bullet-testpakket\\\/#primaryimage\"},\"image\":{\"@id\":\"https:\\\/\\\/www.torq.nl\\\/product\\\/brain-bullet-testpakket\\\/#primaryimage\"},\"thumbnailUrl\":\"https:\\\/\\\/www.torq.nl\\\/wp-content\\\/uploads\\\/2025\\\/07\\\/Brain-Bullet-testpakket-2-scaled.png\",\"datePublished\":\"2025-07-09T06:35:14+00:00\",\"dateModified\":\"2025-07-09T09:05:37+00:00\",\"description\":\"Twijfel je tussen de verfrissende Mental Mint Matcha of de zachte, romige Caramental Frappe? Met dit Brain Bullet testpakket hoef je niet te kiezen!\",\"breadcrumb\":{\"@id\":\"https:\\\/\\\/www.torq.nl\\\/product\\\/brain-bullet-testpakket\\\/#breadcrumb\"},\"inLanguage\":\"de\",\"potentialAction\":[{\"@type\":\"ReadAction\",\"target\":[\"https:\\\/\\\/www.torq.nl\\\/product\\\/brain-bullet-testpakket\\\/\"]}]},{\"@type\":\"ImageObject\",\"inLanguage\":\"de\",\"@id\":\"https:\\\/\\\/www.torq.nl\\\/product\\\/brain-bullet-testpakket\\\/#primaryimage\",\"url\":\"https:\\\/\\\/www.torq.nl\\\/wp-content\\\/uploads\\\/2025\\\/07\\\/Brain-Bullet-testpakket-2-scaled.png\",\"contentUrl\":\"https:\\\/\\\/www.torq.nl\\\/wp-content\\\/uploads\\\/2025\\\/07\\\/Brain-Bullet-testpakket-2-scaled.png\",\"width\":2560,\"height\":2560,\"caption\":\"Brain-Bullet-testpakket\"},{\"@type\":\"BreadcrumbList\",\"@id\":\"https:\\\/\\\/www.torq.nl\\\/product\\\/brain-bullet-testpakket\\\/#breadcrumb\",\"itemListElement\":[{\"@type\":\"ListItem\",\"position\":1,\"name\":\"Home\",\"item\":\"https:\\\/\\\/www.torq.nl\\\/home\\\/\"},{\"@type\":\"ListItem\",\"position\":2,\"name\":\"Winkel\",\"item\":\"https:\\\/\\\/www.torq.nl\\\/it\\\/winkel\\\/\"},{\"@type\":\"ListItem\",\"position\":3,\"name\":\"Brain Bullet Testpakket &#8211; Probeer Mental Mint Matcha &#038; Caramental Frappe\"}]},{\"@type\":\"WebSite\",\"@id\":\"https:\\\/\\\/www.torq.nl\\\/#website\",\"url\":\"https:\\\/\\\/www.torq.nl\\\/\",\"name\":\"E-Power\",\"description\":\"Officieel Torq dealer Benelux\",\"publisher\":{\"@id\":\"https:\\\/\\\/www.torq.nl\\\/#organization\"},\"potentialAction\":[{\"@type\":\"SearchAction\",\"target\":{\"@type\":\"EntryPoint\",\"urlTemplate\":\"https:\\\/\\\/www.torq.nl\\\/?s={search_term_string}\"},\"query-input\":{\"@type\":\"PropertyValueSpecification\",\"valueRequired\":true,\"valueName\":\"search_term_string\"}}],\"inLanguage\":\"de\"},{\"@type\":\"Organization\",\"@id\":\"https:\\\/\\\/www.torq.nl\\\/#organization\",\"name\":\"E-Power\",\"url\":\"https:\\\/\\\/www.torq.nl\\\/\",\"logo\":{\"@type\":\"ImageObject\",\"inLanguage\":\"de\",\"@id\":\"https:\\\/\\\/www.torq.nl\\\/#\\\/schema\\\/logo\\\/image\\\/\",\"url\":\"https:\\\/\\\/www.torq.nl\\\/wp-content\\\/uploads\\\/2021\\\/04\\\/Logo-epower.png\",\"contentUrl\":\"https:\\\/\\\/www.torq.nl\\\/wp-content\\\/uploads\\\/2021\\\/04\\\/Logo-epower.png\",\"width\":506,\"height\":200,\"caption\":\"E-Power\"},\"image\":{\"@id\":\"https:\\\/\\\/www.torq.nl\\\/#\\\/schema\\\/logo\\\/image\\\/\"},\"sameAs\":[\"https:\\\/\\\/www.facebook.com\\\/epowersport\\\/\",\"https:\\\/\\\/x.com\\\/foodgroupbv\"]}]}<\/script>\n<!-- \/ Yoast SEO plugin. -->","yoast_head_json":{"title":"Brain Bullet Testpakket - Directe focus & energie, zonder crash!","description":"Twijfel je tussen de verfrissende Mental Mint Matcha of de zachte, romige Caramental Frappe? Met dit Brain Bullet testpakket hoef je niet te kiezen!","robots":{"index":"index","follow":"follow","max-snippet":"max-snippet:-1","max-image-preview":"max-image-preview:large","max-video-preview":"max-video-preview:-1"},"canonical":"https:\/\/www.torq.nl\/de\/produkt\/brain-bullet-testpakket\/","og_locale":"de_DE","og_type":"article","og_title":"Brain Bullet Testpakket - Directe focus & energie, zonder crash!","og_description":"Twijfel je tussen de verfrissende Mental Mint Matcha of de zachte, romige Caramental Frappe? Met dit Brain Bullet testpakket hoef je niet te kiezen!","og_url":"https:\/\/www.torq.nl\/de\/produkt\/brain-bullet-testpakket\/","og_site_name":"E-Power","article_publisher":"https:\/\/www.facebook.com\/epowersport\/","article_modified_time":"2025-07-09T09:05:37+00:00","og_image":[{"width":2560,"height":2560,"url":"https:\/\/www.torq.nl\/wp-content\/uploads\/2025\/07\/Brain-Bullet-testpakket-2-scaled.png","type":"image\/png"}],"twitter_card":"summary_large_image","twitter_site":"@foodgroupbv","twitter_misc":{"Gesch\u00e4tzte Lesezeit":"2\u00a0Minuten"},"schema":{"@context":"https:\/\/schema.org","@graph":[{"@type":"WebPage","@id":"https:\/\/www.torq.nl\/product\/brain-bullet-testpakket\/","url":"https:\/\/www.torq.nl\/product\/brain-bullet-testpakket\/","name":"Brain Bullet Testpakket - Directe focus & energie, zonder crash!","isPartOf":{"@id":"https:\/\/www.torq.nl\/#website"},"primaryImageOfPage":{"@id":"https:\/\/www.torq.nl\/product\/brain-bullet-testpakket\/#primaryimage"},"image":{"@id":"https:\/\/www.torq.nl\/product\/brain-bullet-testpakket\/#primaryimage"},"thumbnailUrl":"https:\/\/www.torq.nl\/wp-content\/uploads\/2025\/07\/Brain-Bullet-testpakket-2-scaled.png","datePublished":"2025-07-09T06:35:14+00:00","dateModified":"2025-07-09T09:05:37+00:00","description":"Twijfel je tussen de verfrissende Mental Mint Matcha of de zachte, romige Caramental Frappe? Met dit Brain Bullet testpakket hoef je niet te kiezen!","breadcrumb":{"@id":"https:\/\/www.torq.nl\/product\/brain-bullet-testpakket\/#breadcrumb"},"inLanguage":"de","potentialAction":[{"@type":"ReadAction","target":["https:\/\/www.torq.nl\/product\/brain-bullet-testpakket\/"]}]},{"@type":"ImageObject","inLanguage":"de","@id":"https:\/\/www.torq.nl\/product\/brain-bullet-testpakket\/#primaryimage","url":"https:\/\/www.torq.nl\/wp-content\/uploads\/2025\/07\/Brain-Bullet-testpakket-2-scaled.png","contentUrl":"https:\/\/www.torq.nl\/wp-content\/uploads\/2025\/07\/Brain-Bullet-testpakket-2-scaled.png","width":2560,"height":2560,"caption":"Brain-Bullet-testpakket"},{"@type":"BreadcrumbList","@id":"https:\/\/www.torq.nl\/product\/brain-bullet-testpakket\/#breadcrumb","itemListElement":[{"@type":"ListItem","position":1,"name":"Home","item":"https:\/\/www.torq.nl\/home\/"},{"@type":"ListItem","position":2,"name":"Winkel","item":"https:\/\/www.torq.nl\/it\/winkel\/"},{"@type":"ListItem","position":3,"name":"Brain Bullet Testpakket &#8211; Probeer Mental Mint Matcha &#038; Caramental Frappe"}]},{"@type":"WebSite","@id":"https:\/\/www.torq.nl\/#website","url":"https:\/\/www.torq.nl\/","name":"E-Power","description":"Offizieller Torq-H\u00e4ndler Benelux","publisher":{"@id":"https:\/\/www.torq.nl\/#organization"},"potentialAction":[{"@type":"SearchAction","target":{"@type":"EntryPoint","urlTemplate":"https:\/\/www.torq.nl\/?s={search_term_string}"},"query-input":{"@type":"PropertyValueSpecification","valueRequired":true,"valueName":"search_term_string"}}],"inLanguage":"de"},{"@type":"Organization","@id":"https:\/\/www.torq.nl\/#organization","name":"E-Power","url":"https:\/\/www.torq.nl\/","logo":{"@type":"ImageObject","inLanguage":"de","@id":"https:\/\/www.torq.nl\/#\/schema\/logo\/image\/","url":"https:\/\/www.torq.nl\/wp-content\/uploads\/2021\/04\/Logo-epower.png","contentUrl":"https:\/\/www.torq.nl\/wp-content\/uploads\/2021\/04\/Logo-epower.png","width":506,"height":200,"caption":"E-Power"},"image":{"@id":"https:\/\/www.torq.nl\/#\/schema\/logo\/image\/"},"sameAs":["https:\/\/www.facebook.com\/epowersport\/","https:\/\/x.com\/foodgroupbv"]}]}},"_links":{"self":[{"href":"https:\/\/www.torq.nl\/de\/wp-json\/wp\/v2\/product\/38946","targetHints":{"allow":["GET"]}}],"collection":[{"href":"https:\/\/www.torq.nl\/de\/wp-json\/wp\/v2\/product"}],"about":[{"href":"https:\/\/www.torq.nl\/de\/wp-json\/wp\/v2\/types\/product"}],"wp:featuredmedia":[{"embeddable":true,"href":"https:\/\/www.torq.nl\/de\/wp-json\/wp\/v2\/media\/38949"}],"wp:attachment":[{"href":"https:\/\/www.torq.nl\/de\/wp-json\/wp\/v2\/media?parent=38946"}],"wp:term":[{"taxonomy":"product_brand","embeddable":true,"href":"https:\/\/www.torq.nl\/de\/wp-json\/wp\/v2\/product_brand?post=38946"},{"taxonomy":"product_cat","embeddable":true,"href":"https:\/\/www.torq.nl\/de\/wp-json\/wp\/v2\/product_cat?post=38946"},{"taxonomy":"product_tag","embeddable":true,"href":"https:\/\/www.torq.nl\/de\/wp-json\/wp\/v2\/product_tag?post=38946"}],"curies":[{"name":"wp","href":"https:\/\/api.w.org\/{rel}","templated":true}]}}