{"id":38950,"date":"2025-07-09T09:54:43","date_gmt":"2025-07-09T07:54:43","guid":{"rendered":"https:\/\/www.torq.nl\/?post_type=product&#038;p=38950"},"modified":"2026-04-07T11:27:53","modified_gmt":"2026-04-07T09:27:53","slug":"caffeine-bullet-testpakket","status":"publish","type":"product","link":"https:\/\/www.torq.nl\/de\/produkt\/caffeine-bullet-testpakket\/","title":{"rendered":"Caffeine Bullet Probierpaket \u2013 Energy Chews mit Koffein"},"content":{"rendered":"<h3>Was macht Caffeine Bullet anders?<\/h3>\n<p>Caffeine Bullet\u2122 wurde speziell f\u00fcr schnelle und effektive Wirkung entwickelt. Die Kautabletten werden sublingual (\u00fcber die Mundschleimh\u00e4ute) aufgenommen, wodurch das Koffein unglaublich schnell in den Blutkreislauf gelangt. Bis zu dreimal schneller als Kaffee. Sie sp\u00fcren den Unterschied innerhalb von Minuten. Kein Stress, kein Absturz. Einfach Energie, wenn Sie sie brauchen.<\/p>\n<p>Egal, ob Sie f\u00fcr eine pers\u00f6nliche Bestleistung trainieren, w\u00e4hrend einer Nachtschicht wach bleiben wollen oder ein mentales Tief \u00fcberwinden m\u00fcssen, Caffeine Bullet liefert Ihnen konstante, lang anhaltende Energie, genau dann, wenn Sie sie brauchen.<\/p>\n<h3>Wie verwenden Sie es?<\/h3>\n<p>Nehmen Sie 15\u201330 Minuten vor dem Training oder direkt bei einem Leistungstief eine Portion Koffein ein. Lassen Sie die Wirkung durch langsames Kauen (30\u201360 Sekunden) einwirken. Nicht mehr als 4 St\u00fcck pro Tag (400 mg Koffein).<\/p>\n<h3>F\u00fcr wen ist es?<\/h3>\n<ul>\n<li>Ausdauersportler (L\u00e4ufer, Radfahrer, Triathleten), die beim Training oder bei Wettk\u00e4mpfen einen schnellen Energieschub ben\u00f6tigen;<\/li>\n<li>Fitnessstudiobesucher, die ihre Konzentration und Kraft maximieren m\u00f6chten;<\/li>\n<li>Studenten und Berufst\u00e4tige, die \u00fcber lange Zeitr\u00e4ume hinweg fokussiert bleiben m\u00fcssen;<\/li>\n<li>Nachtarbeiter oder Reisende, die wachsam sein m\u00fcssen.<\/li>\n<\/ul>\n<p>Wo und wann immer Sie k\u00f6rperlich oder geistig H\u00f6chstleistungen erbringen m\u00fcssen, hilft Ihnen Caffeine Bullet, schneller, l\u00e4nger und konzentrierter zu bleiben.<\/p>\n<h3>Hauptvorteile<\/h3>\n<ul>\n<li>Wirkt dreimal schneller als andere Koffeinquellen<\/li>\n<li>Erh\u00f6ht das Energieniveau und verbessert die Konzentration<\/li>\n<li>Reduzieren Sie M\u00fcdigkeit und bek\u00e4mpfen Sie M\u00fcdigkeit<\/li>\n<li>Erh\u00f6ht wissenschaftlich die Ausdauer um bis zu 4%<\/li>\n<li>Erh\u00f6ht die Muskelkraft um bis zu 7%<\/li>\n<li>Von Sportlern f\u00fcr Sportler entwickelt<\/li>\n<li>Keine k\u00fcnstlichen S\u00fc\u00dfstoffe<\/li>\n<li>Weniger als 27 Kalorien<\/li>\n<\/ul>","protected":false},"excerpt":{"rendered":"<h3>Energie f\u00fcr H\u00f6chstleistungen. Zwei Geschmacksrichtungen. Ein Ziel: Mehr Leistung, ohne Kompromisse.<\/h3>\n<p>Du m\u00f6chtest die Power von Caffeine Bullet\u2122 erleben, bist dir aber noch unsicher, ob es schmeckt? Kein Problem. Dieses Probierpaket ist genau das Richtige f\u00fcr dich! Perfekt f\u00fcr Sportler, Studenten oder alle, die einen schnellen Energieschub ohne Zuckerschocks oder Kaffeeshakes brauchen.<\/p>\n<p>Jeder Kaubonbon enth\u00e4lt (Mintense 100 mg Koffein \/ Chocolit Orange 85 mg Koffein) reines Koffein, so viel wie eine starke Tasse Kaffee, aber in einer schnell absorbierbaren, kaubaren Form. Die einzigartige Kombination aus Energie, Geschmack und Schnelligkeit macht Caffeine Bullet zum idealen Treibstoff f\u00fcr intensives Training, lange Tage oder mentale Herausforderungen.<\/p>\n<h5>Was ist im Testkit enthalten?<\/h5>\n<ul>\n<li>1x 4 Kaubonbons Chocolit Orange<\/li>\n<li>1x 4 Kautabletten Mintense<\/li>\n<\/ul>\n<p>Jeder Kausnack ist einzeln verpackt, sodass Sie ihn \u00fcberallhin mitnehmen k\u00f6nnen: in Ihrer Sporttasche, Jackentasche oder Ihrem Radtrikot!<\/p>","protected":false},"featured_media":38951,"template":"","meta":{"_monsterinsights_skip_tracking":false,"_monsterinsights_sitenote_active":false,"_monsterinsights_sitenote_note":"","_monsterinsights_sitenote_category":0},"product_brand":[],"product_cat":[69],"product_tag":[],"class_list":{"0":"post-38950","1":"product","2":"type-product","3":"status-publish","4":"has-post-thumbnail","6":"product_cat-performance-bullet","8":"first","9":"instock","10":"taxable","11":"shipping-taxable","12":"purchasable","13":"product-type-simple"},"yoast_head":"<!-- This site is optimized with the Yoast SEO plugin v27.3 - https:\/\/yoast.com\/product\/yoast-seo-wordpress\/ -->\n<title>Caffeine Bullet Testpakket - Energy Chews met Cafe\u00efne<\/title>\n<meta name=\"description\" content=\"Wil je de kracht van Caffeine Bullet\u2122 ervaren, maar twijfel je nog over de smaak? Geen zorgen. Dit Caffeine Bullet testpakket is wat jij zoekt!\" \/>\n<meta name=\"robots\" content=\"index, follow, max-snippet:-1, max-image-preview:large, max-video-preview:-1\" \/>\n<link rel=\"canonical\" href=\"https:\/\/www.torq.nl\/de\/produkt\/caffeine-bullet-testpakket\/\" \/>\n<meta property=\"og:locale\" content=\"de_DE\" \/>\n<meta property=\"og:type\" content=\"article\" \/>\n<meta property=\"og:title\" content=\"Caffeine Bullet Testpakket - Energy Chews met Cafe\u00efne\" \/>\n<meta property=\"og:description\" content=\"Wil je de kracht van Caffeine Bullet\u2122 ervaren, maar twijfel je nog over de smaak? Geen zorgen. Dit Caffeine Bullet testpakket is wat jij zoekt!\" \/>\n<meta property=\"og:url\" content=\"https:\/\/www.torq.nl\/de\/produkt\/caffeine-bullet-testpakket\/\" \/>\n<meta property=\"og:site_name\" content=\"E-Power\" \/>\n<meta property=\"article:publisher\" content=\"https:\/\/www.facebook.com\/epowersport\/\" \/>\n<meta property=\"article:modified_time\" content=\"2026-04-07T09:27:53+00:00\" \/>\n<meta property=\"og:image\" content=\"https:\/\/www.torq.nl\/wp-content\/uploads\/2025\/07\/Caffeine-Bullet-testpakket-scaled.png\" \/>\n\t<meta property=\"og:image:width\" content=\"2560\" \/>\n\t<meta property=\"og:image:height\" content=\"2560\" \/>\n\t<meta property=\"og:image:type\" content=\"image\/png\" \/>\n<meta name=\"twitter:card\" content=\"summary_large_image\" \/>\n<meta name=\"twitter:site\" content=\"@foodgroupbv\" \/>\n<meta name=\"twitter:label1\" content=\"Gesch\u00e4tzte Lesezeit\" \/>\n\t<meta name=\"twitter:data1\" content=\"2\u00a0Minuten\" \/>\n<script type=\"application\/ld+json\" class=\"yoast-schema-graph\">{\"@context\":\"https:\\\/\\\/schema.org\",\"@graph\":[{\"@type\":\"WebPage\",\"@id\":\"https:\\\/\\\/www.torq.nl\\\/product\\\/caffeine-bullet-testpakket\\\/\",\"url\":\"https:\\\/\\\/www.torq.nl\\\/product\\\/caffeine-bullet-testpakket\\\/\",\"name\":\"Caffeine Bullet Testpakket - Energy Chews met Cafe\u00efne\",\"isPartOf\":{\"@id\":\"https:\\\/\\\/www.torq.nl\\\/#website\"},\"primaryImageOfPage\":{\"@id\":\"https:\\\/\\\/www.torq.nl\\\/product\\\/caffeine-bullet-testpakket\\\/#primaryimage\"},\"image\":{\"@id\":\"https:\\\/\\\/www.torq.nl\\\/product\\\/caffeine-bullet-testpakket\\\/#primaryimage\"},\"thumbnailUrl\":\"https:\\\/\\\/www.torq.nl\\\/wp-content\\\/uploads\\\/2025\\\/07\\\/Caffeine-Bullet-testpakket-scaled.png\",\"datePublished\":\"2025-07-09T07:54:43+00:00\",\"dateModified\":\"2026-04-07T09:27:53+00:00\",\"description\":\"Wil je de kracht van Caffeine Bullet\u2122 ervaren, maar twijfel je nog over de smaak? Geen zorgen. Dit Caffeine Bullet testpakket is wat jij zoekt!\",\"breadcrumb\":{\"@id\":\"https:\\\/\\\/www.torq.nl\\\/product\\\/caffeine-bullet-testpakket\\\/#breadcrumb\"},\"inLanguage\":\"de\",\"potentialAction\":[{\"@type\":\"ReadAction\",\"target\":[\"https:\\\/\\\/www.torq.nl\\\/product\\\/caffeine-bullet-testpakket\\\/\"]}]},{\"@type\":\"ImageObject\",\"inLanguage\":\"de\",\"@id\":\"https:\\\/\\\/www.torq.nl\\\/product\\\/caffeine-bullet-testpakket\\\/#primaryimage\",\"url\":\"https:\\\/\\\/www.torq.nl\\\/wp-content\\\/uploads\\\/2025\\\/07\\\/Caffeine-Bullet-testpakket-scaled.png\",\"contentUrl\":\"https:\\\/\\\/www.torq.nl\\\/wp-content\\\/uploads\\\/2025\\\/07\\\/Caffeine-Bullet-testpakket-scaled.png\",\"width\":2560,\"height\":2560,\"caption\":\"Caffeine-Bullet-testpakket\"},{\"@type\":\"BreadcrumbList\",\"@id\":\"https:\\\/\\\/www.torq.nl\\\/product\\\/caffeine-bullet-testpakket\\\/#breadcrumb\",\"itemListElement\":[{\"@type\":\"ListItem\",\"position\":1,\"name\":\"Home\",\"item\":\"https:\\\/\\\/www.torq.nl\\\/home\\\/\"},{\"@type\":\"ListItem\",\"position\":2,\"name\":\"Winkel\",\"item\":\"https:\\\/\\\/www.torq.nl\\\/it\\\/winkel\\\/\"},{\"@type\":\"ListItem\",\"position\":3,\"name\":\"Caffeine Bullet Testpakket &#8211; Energy Chews met Cafe\u00efne\"}]},{\"@type\":\"WebSite\",\"@id\":\"https:\\\/\\\/www.torq.nl\\\/#website\",\"url\":\"https:\\\/\\\/www.torq.nl\\\/\",\"name\":\"E-Power\",\"description\":\"Officieel Torq dealer Benelux\",\"publisher\":{\"@id\":\"https:\\\/\\\/www.torq.nl\\\/#organization\"},\"potentialAction\":[{\"@type\":\"SearchAction\",\"target\":{\"@type\":\"EntryPoint\",\"urlTemplate\":\"https:\\\/\\\/www.torq.nl\\\/?s={search_term_string}\"},\"query-input\":{\"@type\":\"PropertyValueSpecification\",\"valueRequired\":true,\"valueName\":\"search_term_string\"}}],\"inLanguage\":\"de\"},{\"@type\":\"Organization\",\"@id\":\"https:\\\/\\\/www.torq.nl\\\/#organization\",\"name\":\"E-Power\",\"url\":\"https:\\\/\\\/www.torq.nl\\\/\",\"logo\":{\"@type\":\"ImageObject\",\"inLanguage\":\"de\",\"@id\":\"https:\\\/\\\/www.torq.nl\\\/#\\\/schema\\\/logo\\\/image\\\/\",\"url\":\"https:\\\/\\\/www.torq.nl\\\/wp-content\\\/uploads\\\/2021\\\/04\\\/Logo-epower.png\",\"contentUrl\":\"https:\\\/\\\/www.torq.nl\\\/wp-content\\\/uploads\\\/2021\\\/04\\\/Logo-epower.png\",\"width\":506,\"height\":200,\"caption\":\"E-Power\"},\"image\":{\"@id\":\"https:\\\/\\\/www.torq.nl\\\/#\\\/schema\\\/logo\\\/image\\\/\"},\"sameAs\":[\"https:\\\/\\\/www.facebook.com\\\/epowersport\\\/\",\"https:\\\/\\\/x.com\\\/foodgroupbv\"]}]}<\/script>\n<!-- \/ Yoast SEO plugin. -->","yoast_head_json":{"title":"Caffeine Bullet Probierpaket - Energiekaugummis mit Koffein","description":"Wil je de kracht van Caffeine Bullet\u2122 ervaren, maar twijfel je nog over de smaak? Geen zorgen. Dit Caffeine Bullet testpakket is wat jij zoekt!","robots":{"index":"index","follow":"follow","max-snippet":"max-snippet:-1","max-image-preview":"max-image-preview:large","max-video-preview":"max-video-preview:-1"},"canonical":"https:\/\/www.torq.nl\/de\/produkt\/caffeine-bullet-testpakket\/","og_locale":"de_DE","og_type":"article","og_title":"Caffeine Bullet Testpakket - Energy Chews met Cafe\u00efne","og_description":"Wil je de kracht van Caffeine Bullet\u2122 ervaren, maar twijfel je nog over de smaak? Geen zorgen. Dit Caffeine Bullet testpakket is wat jij zoekt!","og_url":"https:\/\/www.torq.nl\/de\/produkt\/caffeine-bullet-testpakket\/","og_site_name":"E-Power","article_publisher":"https:\/\/www.facebook.com\/epowersport\/","article_modified_time":"2026-04-07T09:27:53+00:00","og_image":[{"width":2560,"height":2560,"url":"https:\/\/www.torq.nl\/wp-content\/uploads\/2025\/07\/Caffeine-Bullet-testpakket-scaled.png","type":"image\/png"}],"twitter_card":"summary_large_image","twitter_site":"@foodgroupbv","twitter_misc":{"Gesch\u00e4tzte Lesezeit":"2\u00a0Minuten"},"schema":{"@context":"https:\/\/schema.org","@graph":[{"@type":"WebPage","@id":"https:\/\/www.torq.nl\/product\/caffeine-bullet-testpakket\/","url":"https:\/\/www.torq.nl\/product\/caffeine-bullet-testpakket\/","name":"Caffeine Bullet Probierpaket - Energiekaugummis mit Koffein","isPartOf":{"@id":"https:\/\/www.torq.nl\/#website"},"primaryImageOfPage":{"@id":"https:\/\/www.torq.nl\/product\/caffeine-bullet-testpakket\/#primaryimage"},"image":{"@id":"https:\/\/www.torq.nl\/product\/caffeine-bullet-testpakket\/#primaryimage"},"thumbnailUrl":"https:\/\/www.torq.nl\/wp-content\/uploads\/2025\/07\/Caffeine-Bullet-testpakket-scaled.png","datePublished":"2025-07-09T07:54:43+00:00","dateModified":"2026-04-07T09:27:53+00:00","description":"Wil je de kracht van Caffeine Bullet\u2122 ervaren, maar twijfel je nog over de smaak? Geen zorgen. Dit Caffeine Bullet testpakket is wat jij zoekt!","breadcrumb":{"@id":"https:\/\/www.torq.nl\/product\/caffeine-bullet-testpakket\/#breadcrumb"},"inLanguage":"de","potentialAction":[{"@type":"ReadAction","target":["https:\/\/www.torq.nl\/product\/caffeine-bullet-testpakket\/"]}]},{"@type":"ImageObject","inLanguage":"de","@id":"https:\/\/www.torq.nl\/product\/caffeine-bullet-testpakket\/#primaryimage","url":"https:\/\/www.torq.nl\/wp-content\/uploads\/2025\/07\/Caffeine-Bullet-testpakket-scaled.png","contentUrl":"https:\/\/www.torq.nl\/wp-content\/uploads\/2025\/07\/Caffeine-Bullet-testpakket-scaled.png","width":2560,"height":2560,"caption":"Caffeine-Bullet-testpakket"},{"@type":"BreadcrumbList","@id":"https:\/\/www.torq.nl\/product\/caffeine-bullet-testpakket\/#breadcrumb","itemListElement":[{"@type":"ListItem","position":1,"name":"Home","item":"https:\/\/www.torq.nl\/home\/"},{"@type":"ListItem","position":2,"name":"Winkel","item":"https:\/\/www.torq.nl\/it\/winkel\/"},{"@type":"ListItem","position":3,"name":"Caffeine Bullet Testpakket &#8211; Energy Chews met Cafe\u00efne"}]},{"@type":"WebSite","@id":"https:\/\/www.torq.nl\/#website","url":"https:\/\/www.torq.nl\/","name":"E-Power","description":"Offizieller Torq-H\u00e4ndler Benelux","publisher":{"@id":"https:\/\/www.torq.nl\/#organization"},"potentialAction":[{"@type":"SearchAction","target":{"@type":"EntryPoint","urlTemplate":"https:\/\/www.torq.nl\/?s={search_term_string}"},"query-input":{"@type":"PropertyValueSpecification","valueRequired":true,"valueName":"search_term_string"}}],"inLanguage":"de"},{"@type":"Organization","@id":"https:\/\/www.torq.nl\/#organization","name":"E-Power","url":"https:\/\/www.torq.nl\/","logo":{"@type":"ImageObject","inLanguage":"de","@id":"https:\/\/www.torq.nl\/#\/schema\/logo\/image\/","url":"https:\/\/www.torq.nl\/wp-content\/uploads\/2021\/04\/Logo-epower.png","contentUrl":"https:\/\/www.torq.nl\/wp-content\/uploads\/2021\/04\/Logo-epower.png","width":506,"height":200,"caption":"E-Power"},"image":{"@id":"https:\/\/www.torq.nl\/#\/schema\/logo\/image\/"},"sameAs":["https:\/\/www.facebook.com\/epowersport\/","https:\/\/x.com\/foodgroupbv"]}]}},"_links":{"self":[{"href":"https:\/\/www.torq.nl\/de\/wp-json\/wp\/v2\/product\/38950","targetHints":{"allow":["GET"]}}],"collection":[{"href":"https:\/\/www.torq.nl\/de\/wp-json\/wp\/v2\/product"}],"about":[{"href":"https:\/\/www.torq.nl\/de\/wp-json\/wp\/v2\/types\/product"}],"wp:featuredmedia":[{"embeddable":true,"href":"https:\/\/www.torq.nl\/de\/wp-json\/wp\/v2\/media\/38951"}],"wp:attachment":[{"href":"https:\/\/www.torq.nl\/de\/wp-json\/wp\/v2\/media?parent=38950"}],"wp:term":[{"taxonomy":"product_brand","embeddable":true,"href":"https:\/\/www.torq.nl\/de\/wp-json\/wp\/v2\/product_brand?post=38950"},{"taxonomy":"product_cat","embeddable":true,"href":"https:\/\/www.torq.nl\/de\/wp-json\/wp\/v2\/product_cat?post=38950"},{"taxonomy":"product_tag","embeddable":true,"href":"https:\/\/www.torq.nl\/de\/wp-json\/wp\/v2\/product_tag?post=38950"}],"curies":[{"name":"wp","href":"https:\/\/api.w.org\/{rel}","templated":true}]}}