{"id":420,"date":"2021-07-08T22:50:40","date_gmt":"2021-07-08T20:50:40","guid":{"rendered":"https:\/\/www.e-powersport.eu\/?post_type=product&#038;p=420"},"modified":"2025-10-24T09:58:11","modified_gmt":"2025-10-24T07:58:11","slug":"organic-flapjack-ginger-cake-box","status":"publish","type":"product","link":"https:\/\/www.torq.nl\/de\/produkt\/organic-flapjack-ginger-cake-box\/","title":{"rendered":"Bio-Flapjack-Ingwer-Kuchen-Box"},"content":{"rendered":"<p>Unsere TORQ Explore Flapjacks sind weich, sirupartig und wunderbar lecker, aber auch biologisch und f\u00fcr Veganer oder Menschen, die eine pflanzliche Ern\u00e4hrung bevorzugen, geeignet. Unsere Soil Association Organic-Zertifizierung bedeutet, dass die in diesen Flapjacks verwendeten Zutaten aus reinsten Quellen stammen und frei von Pestiziden und Chemikalien sind, die in der modernen Intensivlandwirtschaft verwendet werden. Bio-Zutaten sorgen au\u00dferdem f\u00fcr einen reichhaltigeren, ges\u00fcnderen Geschmack, was bei der Verkostung unserer Flapjacks sofort deutlich wird.<\/p>\n<h3>Technische Information<\/h3>\n<p>Unser Explore-Sortiment wurde speziell f\u00fcr k\u00f6rperlich aktive Menschen entwickelt. Unsere mit Energie angereicherten Flapjacks haben alle Eigenschaften eines \u00e4u\u00dferst kompetenten Energieriegels und sind luxuri\u00f6s und lecker genug, um zu jeder Tageszeit als Leckerbissen mit einer Tasse Tee oder Kaffee verzehrt zu werden.<\/p>\n<p>TORQ ist bekannt f\u00fcr seine hochmodernen Leistungsnahrungsprodukte und kennt sich mit dem Konzept der Leistungssteigerung auf h\u00f6chstem Niveau aus. Wenn Sie einen Energieriegel suchen, der Ihnen bei hochintensivem Ausdauertraining einwandfreie Leistung und optimale Energiezufuhr bietet, z\u00f6gern Sie nicht, sich unseren konkurrenzlosen, branchenf\u00fchrenden TORQ-Energieriegel zu g\u00f6nnen. Wenn Sie hingegen Ihre k\u00f6rperliche Leistungsf\u00e4higkeit etwas entspannter angehen und einfach auf der Suche nach geschmackvollen, heimeligen und mit Energie angereicherten K\u00f6stlichkeiten sind, w\u00e4hrend Sie Ihrem aktiven Lebensstil nachgehen, sind unsere TORQ Explore Flapjacks genau das Richtige f\u00fcr Sie. Vielleicht nutzen Sie unsere leistungsorientierten TORQ Energy Bars beim Training und Wettkampf, m\u00f6chten aber beim Chillen einen leckeren Bio-Snack genie\u00dfen, um Ihre wertvollen Glykogenspeicher wieder aufzuf\u00fcllen? Der TORQ Explore Flapjack kennt keine Grenzen \u2013 nehmen Sie ihn \u00fcberall und jederzeit mit!<\/p>\n<p>Das Herzst\u00fcck des TORQ-Ethos ist unser Engagement f\u00fcr Reinheit und die Verwendung von Bio-Zutaten, wo immer m\u00f6glich, und dies war bei der Entwicklung unserer Flapjacks von gr\u00f6\u00dfter Bedeutung. Wir sind auch daf\u00fcr bekannt, hochfunktionale Energieprodukte herzustellen, und diese Flapjacks tragen zweifellos die Signatur von TORQ. Sie sind vollgepackt mit n\u00fctzlichen Kohlenhydraten (43 g pro 65-g-Riegel), die die Leistung steigern und die Regeneration unterst\u00fctzen. Sie stammen nicht nur aus Bio-Hafer, Obst, Melasse und Sirup, sondern auch aus Bio-Maltodextrin, einem komplexen Glukosepolymer mit niedriger Kohlenhydrat-Osmolalit\u00e4t und \u00fcberlegenen Kohlenhydraten Release-Eigenschaften. Die TORQ Explore Flapjacks sind biologisch rein, sehr funktionell und nat\u00fcrlich lecker.<\/p>\n<p>*TORQ Explore Flapjacks sind VEGAN<\/p>","protected":false},"excerpt":{"rendered":"<p>Genie\u00dfen Sie unseren energiereichen, geschmeidigen, sirupartigen und k\u00f6stlich leckeren biologischen, veganen TORQ Explore Flapjack als praktischen nat\u00fcrlichen Snack zu jeder Tageszeit oder nehmen Sie diese k\u00f6stliche K\u00f6stlichkeit f\u00fcr zu Hause mit, wenn Sie Ihr n\u00e4chstes Abenteuer verfolgen. wo auch immer das sein mag?<\/p>\n<p>*Explore Flapjack Box enth\u00e4lt 20 Flapjacks! <span style=\"color: #ff6600;\"><em>oder 20 x n\u00fctzliche Kohlenhydrate (43 g pro 65 g Riegel)<\/em><\/span><\/p>","protected":false},"featured_media":4612,"template":"","meta":{"_monsterinsights_skip_tracking":false,"_monsterinsights_sitenote_active":false,"_monsterinsights_sitenote_note":"","_monsterinsights_sitenote_category":0},"product_brand":[],"product_cat":[42,44,15],"product_tag":[],"class_list":{"0":"post-420","1":"product","2":"type-product","3":"status-publish","4":"has-post-thumbnail","6":"product_cat-explore","7":"product_cat-flapjacks","8":"product_cat-torq-sportvoeding","10":"first","11":"instock","12":"taxable","13":"shipping-taxable","14":"purchasable","15":"product-type-simple"},"yoast_head":"<!-- This site is optimized with the Yoast SEO plugin v27.2 - https:\/\/yoast.com\/product\/yoast-seo-wordpress\/ -->\n<title>Organic Flapjack Ginger Cake Box - E-Power<\/title>\n<meta name=\"description\" content=\"Onze TORQ Explore Flapjacks zijn zacht, stroperig en heerlijk smakelijk, maar ook biologisch en geschikt voor veganisten of mensen die de voorkeur\" \/>\n<meta name=\"robots\" content=\"index, follow, max-snippet:-1, max-image-preview:large, max-video-preview:-1\" \/>\n<link rel=\"canonical\" href=\"https:\/\/www.torq.nl\/de\/produkt\/organic-flapjack-ginger-cake-box\/\" \/>\n<meta property=\"og:locale\" content=\"de_DE\" \/>\n<meta property=\"og:type\" content=\"article\" \/>\n<meta property=\"og:title\" content=\"Organic Flapjack Ginger Cake Box - E-Power\" \/>\n<meta property=\"og:description\" content=\"Onze TORQ Explore Flapjacks zijn zacht, stroperig en heerlijk smakelijk, maar ook biologisch en geschikt voor veganisten of mensen die de voorkeur\" \/>\n<meta property=\"og:url\" content=\"https:\/\/www.torq.nl\/de\/produkt\/organic-flapjack-ginger-cake-box\/\" \/>\n<meta property=\"og:site_name\" content=\"E-Power\" \/>\n<meta property=\"article:publisher\" content=\"https:\/\/www.facebook.com\/epowersport\/\" \/>\n<meta property=\"article:modified_time\" content=\"2025-10-24T07:58:11+00:00\" \/>\n<meta property=\"og:image\" content=\"https:\/\/www.torq.nl\/wp-content\/uploads\/2021\/07\/ginger-cake-1030x1030.png\" \/>\n\t<meta property=\"og:image:width\" content=\"1030\" \/>\n\t<meta property=\"og:image:height\" content=\"1030\" \/>\n\t<meta property=\"og:image:type\" content=\"image\/png\" \/>\n<meta name=\"twitter:card\" content=\"summary_large_image\" \/>\n<meta name=\"twitter:site\" content=\"@foodgroupbv\" \/>\n<meta name=\"twitter:label1\" content=\"Gesch\u00e4tzte Lesezeit\" \/>\n\t<meta name=\"twitter:data1\" content=\"2\u00a0Minuten\" \/>\n<script type=\"application\/ld+json\" class=\"yoast-schema-graph\">{\"@context\":\"https:\/\/schema.org\",\"@graph\":[{\"@type\":\"WebPage\",\"@id\":\"https:\/\/www.torq.nl\/product\/organic-flapjack-ginger-cake-box\/\",\"url\":\"https:\/\/www.torq.nl\/product\/organic-flapjack-ginger-cake-box\/\",\"name\":\"Organic Flapjack Ginger Cake Box - E-Power\",\"isPartOf\":{\"@id\":\"https:\/\/www.torq.nl\/#website\"},\"primaryImageOfPage\":{\"@id\":\"https:\/\/www.torq.nl\/product\/organic-flapjack-ginger-cake-box\/#primaryimage\"},\"image\":{\"@id\":\"https:\/\/www.torq.nl\/product\/organic-flapjack-ginger-cake-box\/#primaryimage\"},\"thumbnailUrl\":\"https:\/\/www.torq.nl\/wp-content\/uploads\/2021\/07\/ginger-cake.png\",\"datePublished\":\"2021-07-08T20:50:40+00:00\",\"dateModified\":\"2025-10-24T07:58:11+00:00\",\"description\":\"Onze TORQ Explore Flapjacks zijn zacht, stroperig en heerlijk smakelijk, maar ook biologisch en geschikt voor veganisten of mensen die de voorkeur\",\"breadcrumb\":{\"@id\":\"https:\/\/www.torq.nl\/product\/organic-flapjack-ginger-cake-box\/#breadcrumb\"},\"inLanguage\":\"de\",\"potentialAction\":[{\"@type\":\"ReadAction\",\"target\":[\"https:\/\/www.torq.nl\/product\/organic-flapjack-ginger-cake-box\/\"]}]},{\"@type\":\"ImageObject\",\"inLanguage\":\"de\",\"@id\":\"https:\/\/www.torq.nl\/product\/organic-flapjack-ginger-cake-box\/#primaryimage\",\"url\":\"https:\/\/www.torq.nl\/wp-content\/uploads\/2021\/07\/ginger-cake.png\",\"contentUrl\":\"https:\/\/www.torq.nl\/wp-content\/uploads\/2021\/07\/ginger-cake.png\",\"width\":2560,\"height\":2560,\"caption\":\"Organic Flapjack Ginger Cake Box\"},{\"@type\":\"BreadcrumbList\",\"@id\":\"https:\/\/www.torq.nl\/product\/organic-flapjack-ginger-cake-box\/#breadcrumb\",\"itemListElement\":[{\"@type\":\"ListItem\",\"position\":1,\"name\":\"Home\",\"item\":\"https:\/\/www.torq.nl\/home\/\"},{\"@type\":\"ListItem\",\"position\":2,\"name\":\"Winkel\",\"item\":\"https:\/\/www.torq.nl\/it\/winkel\/\"},{\"@type\":\"ListItem\",\"position\":3,\"name\":\"Organic Flapjack Ginger Cake Box\"}]},{\"@type\":\"WebSite\",\"@id\":\"https:\/\/www.torq.nl\/#website\",\"url\":\"https:\/\/www.torq.nl\/\",\"name\":\"E-Power\",\"description\":\"Officieel Torq dealer Benelux\",\"publisher\":{\"@id\":\"https:\/\/www.torq.nl\/#organization\"},\"potentialAction\":[{\"@type\":\"SearchAction\",\"target\":{\"@type\":\"EntryPoint\",\"urlTemplate\":\"https:\/\/www.torq.nl\/?s={search_term_string}\"},\"query-input\":{\"@type\":\"PropertyValueSpecification\",\"valueRequired\":true,\"valueName\":\"search_term_string\"}}],\"inLanguage\":\"de\"},{\"@type\":\"Organization\",\"@id\":\"https:\/\/www.torq.nl\/#organization\",\"name\":\"E-Power\",\"url\":\"https:\/\/www.torq.nl\/\",\"logo\":{\"@type\":\"ImageObject\",\"inLanguage\":\"de\",\"@id\":\"https:\/\/www.torq.nl\/#\/schema\/logo\/image\/\",\"url\":\"https:\/\/www.torq.nl\/wp-content\/uploads\/2021\/04\/Logo-epower.png\",\"contentUrl\":\"https:\/\/www.torq.nl\/wp-content\/uploads\/2021\/04\/Logo-epower.png\",\"width\":506,\"height\":200,\"caption\":\"E-Power\"},\"image\":{\"@id\":\"https:\/\/www.torq.nl\/#\/schema\/logo\/image\/\"},\"sameAs\":[\"https:\/\/www.facebook.com\/epowersport\/\",\"https:\/\/x.com\/foodgroupbv\"]}]}<\/script>\n<!-- \/ Yoast SEO plugin. -->","yoast_head_json":{"title":"Bio-Flapjack-Ingwer-Kuchenbox - E-Power","description":"Unsere TORQ Explore Flapjacks sind weich, sirupartig und k\u00f6stlich lecker, au\u00dferdem sind sie biologisch und f\u00fcr Veganer oder diejenigen geeignet, die es vorziehen","robots":{"index":"index","follow":"follow","max-snippet":"max-snippet:-1","max-image-preview":"max-image-preview:large","max-video-preview":"max-video-preview:-1"},"canonical":"https:\/\/www.torq.nl\/de\/produkt\/organic-flapjack-ginger-cake-box\/","og_locale":"de_DE","og_type":"article","og_title":"Organic Flapjack Ginger Cake Box - E-Power","og_description":"Onze TORQ Explore Flapjacks zijn zacht, stroperig en heerlijk smakelijk, maar ook biologisch en geschikt voor veganisten of mensen die de voorkeur","og_url":"https:\/\/www.torq.nl\/de\/produkt\/organic-flapjack-ginger-cake-box\/","og_site_name":"E-Power","article_publisher":"https:\/\/www.facebook.com\/epowersport\/","article_modified_time":"2025-10-24T07:58:11+00:00","og_image":[{"width":1030,"height":1030,"url":"https:\/\/www.torq.nl\/wp-content\/uploads\/2021\/07\/ginger-cake-1030x1030.png","type":"image\/png"}],"twitter_card":"summary_large_image","twitter_site":"@foodgroupbv","twitter_misc":{"Gesch\u00e4tzte Lesezeit":"2\u00a0Minuten"},"schema":{"@context":"https:\/\/schema.org","@graph":[{"@type":"WebPage","@id":"https:\/\/www.torq.nl\/product\/organic-flapjack-ginger-cake-box\/","url":"https:\/\/www.torq.nl\/product\/organic-flapjack-ginger-cake-box\/","name":"Bio-Flapjack-Ingwer-Kuchenbox - E-Power","isPartOf":{"@id":"https:\/\/www.torq.nl\/#website"},"primaryImageOfPage":{"@id":"https:\/\/www.torq.nl\/product\/organic-flapjack-ginger-cake-box\/#primaryimage"},"image":{"@id":"https:\/\/www.torq.nl\/product\/organic-flapjack-ginger-cake-box\/#primaryimage"},"thumbnailUrl":"https:\/\/www.torq.nl\/wp-content\/uploads\/2021\/07\/ginger-cake.png","datePublished":"2021-07-08T20:50:40+00:00","dateModified":"2025-10-24T07:58:11+00:00","description":"Unsere TORQ Explore Flapjacks sind weich, sirupartig und k\u00f6stlich lecker, au\u00dferdem sind sie biologisch und f\u00fcr Veganer oder diejenigen geeignet, die es vorziehen","breadcrumb":{"@id":"https:\/\/www.torq.nl\/product\/organic-flapjack-ginger-cake-box\/#breadcrumb"},"inLanguage":"de","potentialAction":[{"@type":"ReadAction","target":["https:\/\/www.torq.nl\/product\/organic-flapjack-ginger-cake-box\/"]}]},{"@type":"ImageObject","inLanguage":"de","@id":"https:\/\/www.torq.nl\/product\/organic-flapjack-ginger-cake-box\/#primaryimage","url":"https:\/\/www.torq.nl\/wp-content\/uploads\/2021\/07\/ginger-cake.png","contentUrl":"https:\/\/www.torq.nl\/wp-content\/uploads\/2021\/07\/ginger-cake.png","width":2560,"height":2560,"caption":"Organic Flapjack Ginger Cake Box"},{"@type":"BreadcrumbList","@id":"https:\/\/www.torq.nl\/product\/organic-flapjack-ginger-cake-box\/#breadcrumb","itemListElement":[{"@type":"ListItem","position":1,"name":"Home","item":"https:\/\/www.torq.nl\/home\/"},{"@type":"ListItem","position":2,"name":"Winkel","item":"https:\/\/www.torq.nl\/it\/winkel\/"},{"@type":"ListItem","position":3,"name":"Organic Flapjack Ginger Cake Box"}]},{"@type":"WebSite","@id":"https:\/\/www.torq.nl\/#website","url":"https:\/\/www.torq.nl\/","name":"E-Power","description":"Offizieller Torq-H\u00e4ndler Benelux","publisher":{"@id":"https:\/\/www.torq.nl\/#organization"},"potentialAction":[{"@type":"SearchAction","target":{"@type":"EntryPoint","urlTemplate":"https:\/\/www.torq.nl\/?s={search_term_string}"},"query-input":{"@type":"PropertyValueSpecification","valueRequired":true,"valueName":"search_term_string"}}],"inLanguage":"de"},{"@type":"Organization","@id":"https:\/\/www.torq.nl\/#organization","name":"E-Power","url":"https:\/\/www.torq.nl\/","logo":{"@type":"ImageObject","inLanguage":"de","@id":"https:\/\/www.torq.nl\/#\/schema\/logo\/image\/","url":"https:\/\/www.torq.nl\/wp-content\/uploads\/2021\/04\/Logo-epower.png","contentUrl":"https:\/\/www.torq.nl\/wp-content\/uploads\/2021\/04\/Logo-epower.png","width":506,"height":200,"caption":"E-Power"},"image":{"@id":"https:\/\/www.torq.nl\/#\/schema\/logo\/image\/"},"sameAs":["https:\/\/www.facebook.com\/epowersport\/","https:\/\/x.com\/foodgroupbv"]}]}},"_links":{"self":[{"href":"https:\/\/www.torq.nl\/de\/wp-json\/wp\/v2\/product\/420","targetHints":{"allow":["GET"]}}],"collection":[{"href":"https:\/\/www.torq.nl\/de\/wp-json\/wp\/v2\/product"}],"about":[{"href":"https:\/\/www.torq.nl\/de\/wp-json\/wp\/v2\/types\/product"}],"wp:featuredmedia":[{"embeddable":true,"href":"https:\/\/www.torq.nl\/de\/wp-json\/wp\/v2\/media\/4612"}],"wp:attachment":[{"href":"https:\/\/www.torq.nl\/de\/wp-json\/wp\/v2\/media?parent=420"}],"wp:term":[{"taxonomy":"product_brand","embeddable":true,"href":"https:\/\/www.torq.nl\/de\/wp-json\/wp\/v2\/product_brand?post=420"},{"taxonomy":"product_cat","embeddable":true,"href":"https:\/\/www.torq.nl\/de\/wp-json\/wp\/v2\/product_cat?post=420"},{"taxonomy":"product_tag","embeddable":true,"href":"https:\/\/www.torq.nl\/de\/wp-json\/wp\/v2\/product_tag?post=420"}],"curies":[{"name":"wp","href":"https:\/\/api.w.org\/{rel}","templated":true}]}}