{"id":520,"date":"2021-07-09T09:17:32","date_gmt":"2021-07-09T07:17:32","guid":{"rendered":"https:\/\/www.e-powersport.eu\/?post_type=product&#038;p=520"},"modified":"2026-03-22T21:40:02","modified_gmt":"2026-03-22T20:40:02","slug":"natural-organic-energy-drink-15-kg","status":"publish","type":"product","link":"https:\/\/www.torq.nl\/de\/produkt\/natural-organic-energy-drink-15-kg\/","title":{"rendered":"Nat\u00fcrlicher Bio-Energiedrink 1,5 kg"},"content":{"rendered":"<p>TORQ Energy Organic wird aus einem Inhaltsstoff namens Maltodextrin hergestellt, der oft als Glukosepolymer bezeichnet wird. Das molekulare Profil eines Glukosepolymers optimiert die langfristigen energieliefernden Eigenschaften komplexer Kohlenhydrate bei geringer intestinaler Osmolalit\u00e4t und ohne die Notwendigkeit, sperrige st\u00e4rkehaltige Lebensmittel zu sich zu nehmen.<\/p>\n<p>TORQ Energy Organic l\u00e4sst sich leicht mit Wasser mischen (1 Messl\u00f6ffel pro 250 ml), um ein organisches, geschmacksneutrales Energy-Drink herzustellen. Dieses ist \u00e4u\u00dferst beliebt bei Menschen, die keine starken Aromen m\u00f6gen, sich aber dar\u00fcber im Klaren sind, dass sie sich w\u00e4hrend des Trainings mit Fl\u00fcssigkeit versorgen und Energie liefern m\u00fcssen.<\/p>\n<p>Abgesehen davon, dass es als geschmacksneutrales Energiegetr\u00e4nk dient, hat dieses Produkt noch viele weitere Verwendungsm\u00f6glichkeiten. Torq Energy Organic, von unseren Kunden und Leistungstrainern oft als \u201edie unsichtbare Kalorie\u201c bezeichnet, ist das ideale Produkt zur Erh\u00f6hung der Kohlenhydrataufnahme in Zeiten, in denen der K\u00f6rper unter hohem Trainingsstress steht oder Sie eine Kohlenhydratladung ben\u00f6tigen, um f\u00fcr eine Veranstaltung ihren H\u00f6hepunkt zu erreichen. Manchmal (zum Beispiel bei Trainingslagern oder Etappenrennen) ist es einfach unm\u00f6glich, die erforderliche Menge an Kohlenhydratkalorien zu sich zu nehmen, und TORQ Energy Organic macht diese Herausforderung so viel einfacher. Dies kann auf verschiedene Arten erreicht werden:<\/p>\n<p><strong><em>* Machen Sie einen reichhaltigen Energy-Drink<\/em><\/strong>: Da TORQ Energy Organic praktisch geschmacksneutral ist, besteht die M\u00f6glichkeit, einen hochkonzentrierten Energydrink zu mixen und auf Wunsch mit etwas Saftkonzentrat (K\u00fcrbis) zu aromatisieren. TORQ Energy hat die Dichte von Zucker, aber bei weitem nicht die S\u00fc\u00dfe oder Darmosmolalit\u00e4t, sodass hohe Konzentrationen an Kohlenhydraten leicht zu handhaben sind.<\/p>\n<p><strong><em>*Zu Tee, Kaffee oder Suppe hinzuf\u00fcgen<\/em><\/strong>: Auch hier bietet die geschmacksneutrale Natur von TORQ Energy Organic ein sehr hohes Ma\u00df an Vielseitigkeit. Tee, Kaffee und Suppen k\u00f6nnen erhebliche Mengen Pulver zugesetzt werden, ohne dass eine erkennbare Auswirkung auf den Geschmack besteht. Bei Suppen kann TORQ Energy Organic tats\u00e4chlich den Geschmack verst\u00e4rken und ihnen zus\u00e4tzliche Dicke\/K\u00f6rper verleihen.<\/p>\n<p><em><strong>*<\/strong><strong>Zu So\u00dfen, Brei oder Vanillepudding hinzuf\u00fcgen<\/strong><\/em>: Bei TORQ nennen wir es \u201eBionic Custard\u201c, weil normales Vanillepudding ohnehin recht reich an Kohlenhydraten ist, aber f\u00fcgen Sie Ihrer Portion ein paar Messl\u00f6ffel TORQ Energy Organic hinzu, dann wird es noch besser schmecken und die Konsistenz verbessern. Ebenso kann dieses Pulver herzhaften Saucen zugesetzt werden, die man normalerweise zu Reis oder Nudeln isst, wo das Produkt seinem Ruf als \u201eunsichtbare Kalorien\u201c alle Ehre macht.<\/p>\n<p><em><strong>*<\/strong><strong>F\u00fcgen Sie es zu jedem s\u00fc\u00dfen oder herzhaften Rezept hinzu<\/strong><\/em>: Egal, ob Sie Kuchen, Flapjacks oder Pfannkuchen backen, es gibt immer Platz f\u00fcr zus\u00e4tzliche Energie. F\u00fcgen Sie einfach etwas TORQ Energy Organic zum Rezept hinzu \u2013 Sie m\u00fcssen es nicht \u00e4ndern und mit ein wenig \u00dcbung k\u00f6nnen Sie die richtige Menge feinabstimmen.<\/p>\n<p><em><strong>*<\/strong><strong>Alles dar\u00fcberstreuen<\/strong><\/em>: Ob es Ihr Fr\u00fchst\u00fccksflocken oder ein Curry ist, Ihrer Fantasie sind keine Grenzen gesetzt!<\/p>\n<h3>Verwendung des Produkts<\/h3>\n<p>*Alle Beutel werden mit einem L\u00f6ffel geliefert.<\/p>\n<p>1 gestrichener Messl\u00f6ffel TORQ Energy Organic enth\u00e4lt 15 Gramm Pulver, was 60 kCal Kohlenhydraten entspricht.<\/p>\n<p>Wenn Sie ein geschmacksneutrales Energy-Drink zubereiten m\u00f6chten, geben Sie 1 gestrichenen Messl\u00f6ffel TORQ Energy Organic pro 250 ml Wasser hinzu. Bei einer 500-ml-Flasche w\u00e4ren das 2 Messl\u00f6ffel, bei einer 750-ml-Flasche w\u00e4ren es 3 und so weiter. Dadurch entsteht eine isotonische Mischung, aber Sie k\u00f6nnen bei k\u00fchlerem Wetter, wenn die Fl\u00fcssigkeitszufuhr nicht so wichtig ist, mit st\u00e4rkeren Mischungen experimentieren. F\u00fcgen Sie nach Wunsch etwas Fruchtsaftkonzentrat (K\u00fcrbis) hinzu, um Ihrem Getr\u00e4nk Geschmack zu verleihen. Geben Sie immer Pulver zu Wasser und nicht Wasser zu Pulver. F\u00fcllen Sie die Flasche zur H\u00e4lfte mit Wasser, f\u00fcgen Sie das Pulver hinzu, sch\u00fctteln Sie es gut und lassen Sie dabei Luft, f\u00fcllen Sie es dann mit Wasser auf und sch\u00fctteln Sie es erneut. TORQ Energy Organic ist jetzt trinkfertig.<\/p>\n<p>Wenn Sie TORQ Energy Organic als unsichtbare Kalorie verwenden, um den Kohlenhydratgehalt von Getr\u00e4nken\/Lebensmitteln zu erh\u00f6hen, lassen wir Sie experimentieren. Um optimale Ergebnisse zu erzielen, denken Sie jedoch daran, das Pulver dem Wasser hinzuzuf\u00fcgen, wenn Sie ein starkes Energiegetr\u00e4nk zubereiten. Bei Hei\u00dfgetr\u00e4nken und anderen erhitzten Rezepten l\u00e4sst es sich durch R\u00fchren leicht vermischen.<\/p>\n<p>*TORQ Energy Drinks sind VEGAN<\/p>","protected":false},"excerpt":{"rendered":"<p>Produkt H\u00f6hepunkte:<\/p>\n<ul>\n<li>Komplexes Kohlenhydratpulver<\/li>\n<li>Sehr vielseitig<\/li>\n<li>Praktisch geschmacklos<\/li>\n<li>Die \u201eunsichtbare Kalorie\u201c<\/li>\n<li>Verwendung als geschmacksneutrales Energy-Drink<\/li>\n<li>Erh\u00f6hen Sie den Kohlenhydratgehalt der Nahrung<\/li>\n<li>Teil des TORQ Recovery Systems<\/li>\n<\/ul>","protected":false},"featured_media":38557,"template":"","meta":{"_monsterinsights_skip_tracking":false,"_monsterinsights_sitenote_active":false,"_monsterinsights_sitenote_note":"","_monsterinsights_sitenote_category":0},"product_brand":[],"product_cat":[30,32,31,36,41,49,15],"product_tag":[],"class_list":{"0":"post-520","1":"product","2":"type-product","3":"status-publish","4":"has-post-thumbnail","6":"product_cat-fuelling-system","7":"product_cat-hydration","8":"product_cat-recovery-system","9":"product_cat-torq-energy-drink","10":"product_cat-torq-energy-drink-hydration","11":"product_cat-torq-organic-energy-powder","12":"product_cat-torq-sportvoeding","14":"first","15":"instock","16":"taxable","17":"shipping-taxable","18":"purchasable","19":"product-type-simple"},"yoast_head":"<!-- This site is optimized with the Yoast SEO plugin v27.2 - https:\/\/yoast.com\/product\/yoast-seo-wordpress\/ -->\n<title>Natural Organic Energy Drink 1,5 kg - E-Power<\/title>\n<meta name=\"description\" content=\"Complex Koolhydraat Poeder - Zeer veelzijdig - Vrijwel smaakloos - Gebruik als smaakloze Energy Drink - Verhoog het koolhydraatgehalte van voedsel\" \/>\n<meta name=\"robots\" content=\"index, follow, max-snippet:-1, max-image-preview:large, max-video-preview:-1\" \/>\n<link rel=\"canonical\" href=\"https:\/\/www.torq.nl\/de\/produkt\/natural-organic-energy-drink-15-kg\/\" \/>\n<meta property=\"og:locale\" content=\"de_DE\" \/>\n<meta property=\"og:type\" content=\"article\" \/>\n<meta property=\"og:title\" content=\"Natural Organic Energy Drink 1,5 kg - E-Power\" \/>\n<meta property=\"og:description\" content=\"Complex Koolhydraat Poeder - Zeer veelzijdig - Vrijwel smaakloos - Gebruik als smaakloze Energy Drink - Verhoog het koolhydraatgehalte van voedsel\" \/>\n<meta property=\"og:url\" content=\"https:\/\/www.torq.nl\/de\/produkt\/natural-organic-energy-drink-15-kg\/\" \/>\n<meta property=\"og:site_name\" content=\"E-Power\" \/>\n<meta property=\"article:publisher\" content=\"https:\/\/www.facebook.com\/epowersport\/\" \/>\n<meta property=\"article:modified_time\" content=\"2026-03-22T20:40:02+00:00\" \/>\n<meta property=\"og:image\" content=\"https:\/\/www.torq.nl\/wp-content\/uploads\/2021\/07\/TORQ-Energydrink-Natural-Oragnic-1.5kg.png\" \/>\n\t<meta property=\"og:image:width\" content=\"1080\" \/>\n\t<meta property=\"og:image:height\" content=\"1080\" \/>\n\t<meta property=\"og:image:type\" content=\"image\/png\" \/>\n<meta name=\"twitter:card\" content=\"summary_large_image\" \/>\n<meta name=\"twitter:site\" content=\"@foodgroupbv\" \/>\n<meta name=\"twitter:label1\" content=\"Gesch\u00e4tzte Lesezeit\" \/>\n\t<meta name=\"twitter:data1\" content=\"4\u00a0Minuten\" \/>\n<script type=\"application\/ld+json\" class=\"yoast-schema-graph\">{\"@context\":\"https:\/\/schema.org\",\"@graph\":[{\"@type\":\"WebPage\",\"@id\":\"https:\/\/www.torq.nl\/product\/natural-organic-energy-drink-15-kg\/\",\"url\":\"https:\/\/www.torq.nl\/product\/natural-organic-energy-drink-15-kg\/\",\"name\":\"Natural Organic Energy Drink 1,5 kg - E-Power\",\"isPartOf\":{\"@id\":\"https:\/\/www.torq.nl\/#website\"},\"primaryImageOfPage\":{\"@id\":\"https:\/\/www.torq.nl\/product\/natural-organic-energy-drink-15-kg\/#primaryimage\"},\"image\":{\"@id\":\"https:\/\/www.torq.nl\/product\/natural-organic-energy-drink-15-kg\/#primaryimage\"},\"thumbnailUrl\":\"https:\/\/www.torq.nl\/wp-content\/uploads\/2021\/07\/TORQ-Energydrink-Natural-Oragnic-1.5kg.png\",\"datePublished\":\"2021-07-09T07:17:32+00:00\",\"dateModified\":\"2026-03-22T20:40:02+00:00\",\"description\":\"Complex Koolhydraat Poeder - Zeer veelzijdig - Vrijwel smaakloos - Gebruik als smaakloze Energy Drink - Verhoog het koolhydraatgehalte van voedsel\",\"breadcrumb\":{\"@id\":\"https:\/\/www.torq.nl\/product\/natural-organic-energy-drink-15-kg\/#breadcrumb\"},\"inLanguage\":\"de\",\"potentialAction\":[{\"@type\":\"ReadAction\",\"target\":[\"https:\/\/www.torq.nl\/product\/natural-organic-energy-drink-15-kg\/\"]}]},{\"@type\":\"ImageObject\",\"inLanguage\":\"de\",\"@id\":\"https:\/\/www.torq.nl\/product\/natural-organic-energy-drink-15-kg\/#primaryimage\",\"url\":\"https:\/\/www.torq.nl\/wp-content\/uploads\/2021\/07\/TORQ-Energydrink-Natural-Oragnic-1.5kg.png\",\"contentUrl\":\"https:\/\/www.torq.nl\/wp-content\/uploads\/2021\/07\/TORQ-Energydrink-Natural-Oragnic-1.5kg.png\",\"width\":1080,\"height\":1080,\"caption\":\"TORQ-Energydrink-Natural-Oragnic-1.5kg\"},{\"@type\":\"BreadcrumbList\",\"@id\":\"https:\/\/www.torq.nl\/product\/natural-organic-energy-drink-15-kg\/#breadcrumb\",\"itemListElement\":[{\"@type\":\"ListItem\",\"position\":1,\"name\":\"Home\",\"item\":\"https:\/\/www.torq.nl\/home\/\"},{\"@type\":\"ListItem\",\"position\":2,\"name\":\"Winkel\",\"item\":\"https:\/\/www.torq.nl\/it\/winkel\/\"},{\"@type\":\"ListItem\",\"position\":3,\"name\":\"Natural Organic Energy Drink 1,5 kg\"}]},{\"@type\":\"WebSite\",\"@id\":\"https:\/\/www.torq.nl\/#website\",\"url\":\"https:\/\/www.torq.nl\/\",\"name\":\"E-Power\",\"description\":\"Officieel Torq dealer Benelux\",\"publisher\":{\"@id\":\"https:\/\/www.torq.nl\/#organization\"},\"potentialAction\":[{\"@type\":\"SearchAction\",\"target\":{\"@type\":\"EntryPoint\",\"urlTemplate\":\"https:\/\/www.torq.nl\/?s={search_term_string}\"},\"query-input\":{\"@type\":\"PropertyValueSpecification\",\"valueRequired\":true,\"valueName\":\"search_term_string\"}}],\"inLanguage\":\"de\"},{\"@type\":\"Organization\",\"@id\":\"https:\/\/www.torq.nl\/#organization\",\"name\":\"E-Power\",\"url\":\"https:\/\/www.torq.nl\/\",\"logo\":{\"@type\":\"ImageObject\",\"inLanguage\":\"de\",\"@id\":\"https:\/\/www.torq.nl\/#\/schema\/logo\/image\/\",\"url\":\"https:\/\/www.torq.nl\/wp-content\/uploads\/2021\/04\/Logo-epower.png\",\"contentUrl\":\"https:\/\/www.torq.nl\/wp-content\/uploads\/2021\/04\/Logo-epower.png\",\"width\":506,\"height\":200,\"caption\":\"E-Power\"},\"image\":{\"@id\":\"https:\/\/www.torq.nl\/#\/schema\/logo\/image\/\"},\"sameAs\":[\"https:\/\/www.facebook.com\/epowersport\/\",\"https:\/\/x.com\/foodgroupbv\"]}]}<\/script>\n<!-- \/ Yoast SEO plugin. -->","yoast_head_json":{"title":"Natural Organic Energy Drink 1,5 kg - E-Power","description":"Complex Koolhydraat Poeder - Zeer veelzijdig - Vrijwel smaakloos - Gebruik als smaakloze Energy Drink - Verhoog het koolhydraatgehalte van voedsel","robots":{"index":"index","follow":"follow","max-snippet":"max-snippet:-1","max-image-preview":"max-image-preview:large","max-video-preview":"max-video-preview:-1"},"canonical":"https:\/\/www.torq.nl\/de\/produkt\/natural-organic-energy-drink-15-kg\/","og_locale":"de_DE","og_type":"article","og_title":"Natural Organic Energy Drink 1,5 kg - E-Power","og_description":"Complex Koolhydraat Poeder - Zeer veelzijdig - Vrijwel smaakloos - Gebruik als smaakloze Energy Drink - Verhoog het koolhydraatgehalte van voedsel","og_url":"https:\/\/www.torq.nl\/de\/produkt\/natural-organic-energy-drink-15-kg\/","og_site_name":"E-Power","article_publisher":"https:\/\/www.facebook.com\/epowersport\/","article_modified_time":"2026-03-22T20:40:02+00:00","og_image":[{"width":1080,"height":1080,"url":"https:\/\/www.torq.nl\/wp-content\/uploads\/2021\/07\/TORQ-Energydrink-Natural-Oragnic-1.5kg.png","type":"image\/png"}],"twitter_card":"summary_large_image","twitter_site":"@foodgroupbv","twitter_misc":{"Gesch\u00e4tzte Lesezeit":"4\u00a0Minuten"},"schema":{"@context":"https:\/\/schema.org","@graph":[{"@type":"WebPage","@id":"https:\/\/www.torq.nl\/product\/natural-organic-energy-drink-15-kg\/","url":"https:\/\/www.torq.nl\/product\/natural-organic-energy-drink-15-kg\/","name":"Natural Organic Energy Drink 1,5 kg - E-Power","isPartOf":{"@id":"https:\/\/www.torq.nl\/#website"},"primaryImageOfPage":{"@id":"https:\/\/www.torq.nl\/product\/natural-organic-energy-drink-15-kg\/#primaryimage"},"image":{"@id":"https:\/\/www.torq.nl\/product\/natural-organic-energy-drink-15-kg\/#primaryimage"},"thumbnailUrl":"https:\/\/www.torq.nl\/wp-content\/uploads\/2021\/07\/TORQ-Energydrink-Natural-Oragnic-1.5kg.png","datePublished":"2021-07-09T07:17:32+00:00","dateModified":"2026-03-22T20:40:02+00:00","description":"Complex Koolhydraat Poeder - Zeer veelzijdig - Vrijwel smaakloos - Gebruik als smaakloze Energy Drink - Verhoog het koolhydraatgehalte van voedsel","breadcrumb":{"@id":"https:\/\/www.torq.nl\/product\/natural-organic-energy-drink-15-kg\/#breadcrumb"},"inLanguage":"de","potentialAction":[{"@type":"ReadAction","target":["https:\/\/www.torq.nl\/product\/natural-organic-energy-drink-15-kg\/"]}]},{"@type":"ImageObject","inLanguage":"de","@id":"https:\/\/www.torq.nl\/product\/natural-organic-energy-drink-15-kg\/#primaryimage","url":"https:\/\/www.torq.nl\/wp-content\/uploads\/2021\/07\/TORQ-Energydrink-Natural-Oragnic-1.5kg.png","contentUrl":"https:\/\/www.torq.nl\/wp-content\/uploads\/2021\/07\/TORQ-Energydrink-Natural-Oragnic-1.5kg.png","width":1080,"height":1080,"caption":"TORQ-Energydrink-Natural-Oragnic-1.5kg"},{"@type":"BreadcrumbList","@id":"https:\/\/www.torq.nl\/product\/natural-organic-energy-drink-15-kg\/#breadcrumb","itemListElement":[{"@type":"ListItem","position":1,"name":"Home","item":"https:\/\/www.torq.nl\/home\/"},{"@type":"ListItem","position":2,"name":"Winkel","item":"https:\/\/www.torq.nl\/it\/winkel\/"},{"@type":"ListItem","position":3,"name":"Natural Organic Energy Drink 1,5 kg"}]},{"@type":"WebSite","@id":"https:\/\/www.torq.nl\/#website","url":"https:\/\/www.torq.nl\/","name":"E-Power","description":"Offizieller Torq-H\u00e4ndler Benelux","publisher":{"@id":"https:\/\/www.torq.nl\/#organization"},"potentialAction":[{"@type":"SearchAction","target":{"@type":"EntryPoint","urlTemplate":"https:\/\/www.torq.nl\/?s={search_term_string}"},"query-input":{"@type":"PropertyValueSpecification","valueRequired":true,"valueName":"search_term_string"}}],"inLanguage":"de"},{"@type":"Organization","@id":"https:\/\/www.torq.nl\/#organization","name":"E-Power","url":"https:\/\/www.torq.nl\/","logo":{"@type":"ImageObject","inLanguage":"de","@id":"https:\/\/www.torq.nl\/#\/schema\/logo\/image\/","url":"https:\/\/www.torq.nl\/wp-content\/uploads\/2021\/04\/Logo-epower.png","contentUrl":"https:\/\/www.torq.nl\/wp-content\/uploads\/2021\/04\/Logo-epower.png","width":506,"height":200,"caption":"E-Power"},"image":{"@id":"https:\/\/www.torq.nl\/#\/schema\/logo\/image\/"},"sameAs":["https:\/\/www.facebook.com\/epowersport\/","https:\/\/x.com\/foodgroupbv"]}]}},"_links":{"self":[{"href":"https:\/\/www.torq.nl\/de\/wp-json\/wp\/v2\/product\/520","targetHints":{"allow":["GET"]}}],"collection":[{"href":"https:\/\/www.torq.nl\/de\/wp-json\/wp\/v2\/product"}],"about":[{"href":"https:\/\/www.torq.nl\/de\/wp-json\/wp\/v2\/types\/product"}],"wp:featuredmedia":[{"embeddable":true,"href":"https:\/\/www.torq.nl\/de\/wp-json\/wp\/v2\/media\/38557"}],"wp:attachment":[{"href":"https:\/\/www.torq.nl\/de\/wp-json\/wp\/v2\/media?parent=520"}],"wp:term":[{"taxonomy":"product_brand","embeddable":true,"href":"https:\/\/www.torq.nl\/de\/wp-json\/wp\/v2\/product_brand?post=520"},{"taxonomy":"product_cat","embeddable":true,"href":"https:\/\/www.torq.nl\/de\/wp-json\/wp\/v2\/product_cat?post=520"},{"taxonomy":"product_tag","embeddable":true,"href":"https:\/\/www.torq.nl\/de\/wp-json\/wp\/v2\/product_tag?post=520"}],"curies":[{"name":"wp","href":"https:\/\/api.w.org\/{rel}","templated":true}]}}