{"id":560,"date":"2021-07-10T21:58:51","date_gmt":"2021-07-10T19:58:51","guid":{"rendered":"https:\/\/www.e-powersport.eu\/?post_type=product&#038;p=560"},"modified":"2026-03-24T09:05:20","modified_gmt":"2026-03-24T08:05:20","slug":"hydration-lemon-540-gr","status":"publish","type":"product","link":"https:\/\/www.torq.nl\/de\/produkt\/hydration-lemon-540-gr\/","title":{"rendered":"Hydration Zitrone 540 gr"},"content":{"rendered":"<p>TORQ Hydration Drink nutzt passive und erleichterte Transportmechanismen, um die Zufuhr von Fl\u00fcssigkeit und Elektrolyten zu optimieren. Die hypotonische Formulierung reagiert auf den passiven Transportprozess, w\u00e4hrend der hohe Natrium- und milde Glukosegehalt die erleichterte Transportaktivit\u00e4t f\u00f6rdert. Dies macht TORQ Hydration Drink zum gr\u00fcndlichsten und effektivsten Hydratationsprodukt auf dem heutigen Markt, mit erheblichen Vorteilen gegen\u00fcber Elektrolyttabletten.<\/p>\n<p>Die fortschrittliche hypotonische Formulierung von TORQ Hydration Drink zielt speziell auf die Optimierung der Fl\u00fcssigkeitszufuhr bei Ereignissen\/Sitzungen ab, die nicht l\u00e4nger als eine Stunde dauern und mit starkem Schwei\u00dfverlust zu rechnen ist. Gute Beispiele sind Indoor-Trainingsaktivit\u00e4ten wie Zwift, Sufferfest und Studio-Cycling f\u00fcr Radfahrer sowie andere Indoor-Trainingskurse wie Body Pump und Zirkeltraining. TORQ Hydration Drink kann auch als Teil des TORQ Fuel Systems bei l\u00e4ngeren Veranstaltungen als Alternative zu TORQ Energy Drink verwendet werden und ist eine beliebte Wahl bei L\u00e4ufern, die es mit TORQ Gels kombinieren k\u00f6nnen, um ihren Kraftstoff- und Fl\u00fcssigkeitsbedarf zu decken.<\/p>\n<h3>Verwendung des Produkts<\/h3>\n<p>Der Inhalt eines Beutels oder eines gestrichenen Messl\u00f6ffels TORQ Hydration Drink-Pulver ergibt ein 500-ml-Getr\u00e4nk. TORQ Hydration Drink l\u00e4sst sich sehr leicht mischen. Wenn Sie jedoch eine 500-ml-Flasche verwenden, achten Sie darauf, etwas Luftraum zu lassen, um das Mischen zu erleichtern. Kr\u00e4ftig sch\u00fctteln und Wasser hinzuf\u00fcgen, um 500 ml aufzuf\u00fcllen. F\u00fcgen Sie dem Pulver kein Wasser hinzu, sondern f\u00fcgen Sie Pulver dem Wasser hinzu. TORQ Hydration ist jetzt trinkfertig.<\/p>\n<h3>TORQ-Kraftstoffsystem<\/h3>\n<p>Da TORQ Hydration Drink einen sehr geringen Kohlenhydratgehalt hat, ist eine \u00dcberdosierung praktisch unm\u00f6glich. Um allein \u00fcber den TORQ Hydration Drink eine Aufnahme von 90g Kohlenhydraten pro Stunde zu erreichen, m\u00fcsste man satte 3 Liter trinken! In den meisten Ausdauerumgebungen ist es selten erforderlich, mehr als einen Liter Fl\u00fcssigkeit pro Stunde zu sich zu nehmen, und da wir wissen, dass ein Liter TORQ Hydration Drink 30 g Kohlenhydrate liefert, w\u00e4re ein sinnvoller Ansatz zur Energieversorgung bei der Verwendung von TORQ Hydration Drink Verbrauchen Sie 2 zus\u00e4tzliche konzentrierte TORQ-Einheiten pro Stunde (entweder TORQ-Energiegele, -Riegel oder -Kaubonbons). Mit anderen Worten: Sie k\u00f6nnen auf Ihrer Uhr oder Ihrem Telefon eine Erinnerung einstellen, die alle 30 Minuten ert\u00f6nt, wenn Sie ein Gel, einen Riegel oder einen Kauartikel konsumieren w\u00fcrden. Ihre Fl\u00fcssigkeitszufuhr w\u00e4re dann eine separate Einheit und Sie w\u00fcrden einfach TORQ Hydration trinken, wann immer Sie Durst versp\u00fcren.<\/p>\n<p>Wenn Sie alle 30 Minuten 1 Liter TORQ Hydration zusammen mit einer konzentrierten Tankeinheit zu sich nehmen, erhalten Sie optimale 90 g Kohlenhydrate pro Stunde (3 TORQ-Einheiten).<\/p>\n<p>Wenn Sie in einer Stunde nur 500 ml TORQ Hydration trinken w\u00fcrden, w\u00fcrden Sie mit diesem Ansatz 75 g Kohlenhydrate pro Stunde zu sich nehmen, aber das ist immer noch ein sehr gutes Ma\u00df an Energie. Es w\u00fcrde immer noch im Bereich von 2-3 TORQ-Einheiten pro Stunde liegen und Sie auf der Skala \u201eEinfach wie 1 2 3\u201c, TORQ-Kraftstoffsystem, irgendwo zwischen Mittelstufe und Fortgeschritten einordnen.<\/p>\n<p>Wenn Sie unter besonders hei\u00dfen Bedingungen bis zu 1,5 Liter Fl\u00fcssigkeit pro Stunde zu sich nehmen, k\u00f6nnen Sie Ihre konzentrierte Kraftstoffaufnahme problemlos auf 1 TORQ-Einheit alle 45 Minuten reduzieren. Dies w\u00fcrde Ihnen etwa 70 g Kohlenhydrate pro Stunde liefern, was Sie wieder in den Bereich von 2-3 TORQ-Einheiten pro Stunde bringen w\u00fcrde.<\/p>\n<p>F\u00fcr L\u00e4ufer empfehlen wir, das TORQ Fueling System auf diese Weise anzupassen und klares Wasser oder TORQ Hydration in Kombination mit einer regelm\u00e4\u00dfigen Einnahme von TORQ Energy Gels zu verwenden, da Sie so bei Veranstaltungen an Verpflegungsstationen Wasser zu sich nehmen k\u00f6nnen, um Ihren Fl\u00fcssigkeitsbedarf zu decken und gleichzeitig sicherzustellen, dass Sie ausreichend Fl\u00fcssigkeit zu sich nehmen Nehmen Sie die richtige Menge Treibstoff mit an Bord. TORQ Hydration ist in Beutelform erh\u00e4ltlich und kann an einer Futterstation zu einer 500-ml-Flasche Wasser hinzugef\u00fcgt werden, wenn die Schwei\u00dfrate besonders hoch ist und der Bedarf an Elektrolytzufuhr gro\u00df ist.<\/p>\n<p>F\u00fcr Radfahrer oder diejenigen, die an anderen Ausdauersportarten teilnehmen, gibt es keinen Grund, warum Sie dieses System nicht auch nutzen k\u00f6nnten \u2013 das Tolle am TORQ-Tanksystem ist, dass es \u00e4u\u00dferst anpassungsf\u00e4hig ist und die Produkte, die Sie mit an Bord nehmen, um sich selbst mit Energie zu versorgen und zu versorgen Hydratisieren, je nach Vorliebe. Halten Sie sich einfach an die Grundprinzipien und w\u00e4hlen Sie die Produkte aus, die Sie am liebsten verwenden.<\/p>\n<p>*TORQ Hydration Drink ist VEGAN<\/p>","protected":false},"excerpt":{"rendered":"<p>TORQ Hydration ist eine milde, leicht aromatisierte, feuchtigkeitsspendende Getr\u00e4nkemischung. Unser Performance Hydration-Produkt ist so formuliert, dass es die Fl\u00fcssigkeits- und Elektrolytzufuhr vor allen anderen Faktoren optimiert.<\/p>\n<p>Produkt H\u00f6hepunkte:<\/p>\n<ul>\n<li>\u00dcberlegen gegen\u00fcber Elektrolyttabletten<\/li>\n<li>Schnellstm\u00f6gliche Fl\u00fcssigkeitszufuhr<\/li>\n<li>Hypotonisches Profil mit 5 Elektrolyten<\/li>\n<li>Spezialisiertes Indoor-Trainingsprodukt<\/li>\n<li>Perfekt f\u00fcr Zwift- oder Spinning-Kurse<\/li>\n<\/ul>","protected":false},"featured_media":39920,"template":"","meta":{"_monsterinsights_skip_tracking":false,"_monsterinsights_sitenote_active":false,"_monsterinsights_sitenote_note":"","_monsterinsights_sitenote_category":0},"product_brand":[],"product_cat":[32,43,15],"product_tag":[],"class_list":{"0":"post-560","1":"product","2":"type-product","3":"status-publish","4":"has-post-thumbnail","6":"product_cat-hydration","7":"product_cat-torq-hydration-drink","8":"product_cat-torq-sportvoeding","10":"first","11":"instock","12":"taxable","13":"shipping-taxable","14":"purchasable","15":"product-type-simple"},"yoast_head":"<!-- This site is optimized with the Yoast SEO plugin v27.2 - https:\/\/yoast.com\/product\/yoast-seo-wordpress\/ -->\n<title>Hydration Lemon 540 gr - E-Power<\/title>\n<meta name=\"description\" content=\"TORQ Hydration Lemon Drink maakt gebruik van passieve en gefaciliteerde transportmechanismen om de vloeistof- en elektrolytafgifte te optimaliseren.\" \/>\n<meta name=\"robots\" content=\"index, follow, max-snippet:-1, max-image-preview:large, max-video-preview:-1\" \/>\n<link rel=\"canonical\" href=\"https:\/\/www.torq.nl\/de\/produkt\/hydration-lemon-540-gr\/\" \/>\n<meta property=\"og:locale\" content=\"de_DE\" \/>\n<meta property=\"og:type\" content=\"article\" \/>\n<meta property=\"og:title\" content=\"Hydration Lemon 540 gr - E-Power\" \/>\n<meta property=\"og:description\" content=\"TORQ Hydration Lemon Drink maakt gebruik van passieve en gefaciliteerde transportmechanismen om de vloeistof- en elektrolytafgifte te optimaliseren.\" \/>\n<meta property=\"og:url\" content=\"https:\/\/www.torq.nl\/de\/produkt\/hydration-lemon-540-gr\/\" \/>\n<meta property=\"og:site_name\" content=\"E-Power\" \/>\n<meta property=\"article:publisher\" content=\"https:\/\/www.facebook.com\/epowersport\/\" \/>\n<meta property=\"article:modified_time\" content=\"2026-03-24T08:05:20+00:00\" \/>\n<meta property=\"og:image\" content=\"https:\/\/www.torq.nl\/wp-content\/uploads\/2021\/07\/TORQ-Hydration-Drink-540g-Lemon.png\" \/>\n\t<meta property=\"og:image:width\" content=\"1200\" \/>\n\t<meta property=\"og:image:height\" content=\"1200\" \/>\n\t<meta property=\"og:image:type\" content=\"image\/png\" \/>\n<meta name=\"twitter:card\" content=\"summary_large_image\" \/>\n<meta name=\"twitter:site\" content=\"@foodgroupbv\" \/>\n<meta name=\"twitter:label1\" content=\"Gesch\u00e4tzte Lesezeit\" \/>\n\t<meta name=\"twitter:data1\" content=\"4\u00a0Minuten\" \/>\n<script type=\"application\/ld+json\" class=\"yoast-schema-graph\">{\"@context\":\"https:\/\/schema.org\",\"@graph\":[{\"@type\":\"WebPage\",\"@id\":\"https:\/\/www.torq.nl\/product\/hydration-lemon-540-gr\/\",\"url\":\"https:\/\/www.torq.nl\/product\/hydration-lemon-540-gr\/\",\"name\":\"Hydration Lemon 540 gr - E-Power\",\"isPartOf\":{\"@id\":\"https:\/\/www.torq.nl\/#website\"},\"primaryImageOfPage\":{\"@id\":\"https:\/\/www.torq.nl\/product\/hydration-lemon-540-gr\/#primaryimage\"},\"image\":{\"@id\":\"https:\/\/www.torq.nl\/product\/hydration-lemon-540-gr\/#primaryimage\"},\"thumbnailUrl\":\"https:\/\/www.torq.nl\/wp-content\/uploads\/2021\/07\/TORQ-Hydration-Drink-540g-Lemon.png\",\"datePublished\":\"2021-07-10T19:58:51+00:00\",\"dateModified\":\"2026-03-24T08:05:20+00:00\",\"description\":\"TORQ Hydration Lemon Drink maakt gebruik van passieve en gefaciliteerde transportmechanismen om de vloeistof- en elektrolytafgifte te optimaliseren.\",\"breadcrumb\":{\"@id\":\"https:\/\/www.torq.nl\/product\/hydration-lemon-540-gr\/#breadcrumb\"},\"inLanguage\":\"de\",\"potentialAction\":[{\"@type\":\"ReadAction\",\"target\":[\"https:\/\/www.torq.nl\/product\/hydration-lemon-540-gr\/\"]}]},{\"@type\":\"ImageObject\",\"inLanguage\":\"de\",\"@id\":\"https:\/\/www.torq.nl\/product\/hydration-lemon-540-gr\/#primaryimage\",\"url\":\"https:\/\/www.torq.nl\/wp-content\/uploads\/2021\/07\/TORQ-Hydration-Drink-540g-Lemon.png\",\"contentUrl\":\"https:\/\/www.torq.nl\/wp-content\/uploads\/2021\/07\/TORQ-Hydration-Drink-540g-Lemon.png\",\"width\":1200,\"height\":1200},{\"@type\":\"BreadcrumbList\",\"@id\":\"https:\/\/www.torq.nl\/product\/hydration-lemon-540-gr\/#breadcrumb\",\"itemListElement\":[{\"@type\":\"ListItem\",\"position\":1,\"name\":\"Home\",\"item\":\"https:\/\/www.torq.nl\/home\/\"},{\"@type\":\"ListItem\",\"position\":2,\"name\":\"Winkel\",\"item\":\"https:\/\/www.torq.nl\/it\/winkel\/\"},{\"@type\":\"ListItem\",\"position\":3,\"name\":\"Hydration Lemon 540 gr\"}]},{\"@type\":\"WebSite\",\"@id\":\"https:\/\/www.torq.nl\/#website\",\"url\":\"https:\/\/www.torq.nl\/\",\"name\":\"E-Power\",\"description\":\"Officieel Torq dealer Benelux\",\"publisher\":{\"@id\":\"https:\/\/www.torq.nl\/#organization\"},\"potentialAction\":[{\"@type\":\"SearchAction\",\"target\":{\"@type\":\"EntryPoint\",\"urlTemplate\":\"https:\/\/www.torq.nl\/?s={search_term_string}\"},\"query-input\":{\"@type\":\"PropertyValueSpecification\",\"valueRequired\":true,\"valueName\":\"search_term_string\"}}],\"inLanguage\":\"de\"},{\"@type\":\"Organization\",\"@id\":\"https:\/\/www.torq.nl\/#organization\",\"name\":\"E-Power\",\"url\":\"https:\/\/www.torq.nl\/\",\"logo\":{\"@type\":\"ImageObject\",\"inLanguage\":\"de\",\"@id\":\"https:\/\/www.torq.nl\/#\/schema\/logo\/image\/\",\"url\":\"https:\/\/www.torq.nl\/wp-content\/uploads\/2021\/04\/Logo-epower.png\",\"contentUrl\":\"https:\/\/www.torq.nl\/wp-content\/uploads\/2021\/04\/Logo-epower.png\",\"width\":506,\"height\":200,\"caption\":\"E-Power\"},\"image\":{\"@id\":\"https:\/\/www.torq.nl\/#\/schema\/logo\/image\/\"},\"sameAs\":[\"https:\/\/www.facebook.com\/epowersport\/\",\"https:\/\/x.com\/foodgroupbv\"]}]}<\/script>\n<!-- \/ Yoast SEO plugin. -->","yoast_head_json":{"title":"Hydration Lemon 540 gr - E-Power","description":"TORQ Hydration Lemon Drink maakt gebruik van passieve en gefaciliteerde transportmechanismen om de vloeistof- en elektrolytafgifte te optimaliseren.","robots":{"index":"index","follow":"follow","max-snippet":"max-snippet:-1","max-image-preview":"max-image-preview:large","max-video-preview":"max-video-preview:-1"},"canonical":"https:\/\/www.torq.nl\/de\/produkt\/hydration-lemon-540-gr\/","og_locale":"de_DE","og_type":"article","og_title":"Hydration Lemon 540 gr - E-Power","og_description":"TORQ Hydration Lemon Drink maakt gebruik van passieve en gefaciliteerde transportmechanismen om de vloeistof- en elektrolytafgifte te optimaliseren.","og_url":"https:\/\/www.torq.nl\/de\/produkt\/hydration-lemon-540-gr\/","og_site_name":"E-Power","article_publisher":"https:\/\/www.facebook.com\/epowersport\/","article_modified_time":"2026-03-24T08:05:20+00:00","og_image":[{"width":1200,"height":1200,"url":"https:\/\/www.torq.nl\/wp-content\/uploads\/2021\/07\/TORQ-Hydration-Drink-540g-Lemon.png","type":"image\/png"}],"twitter_card":"summary_large_image","twitter_site":"@foodgroupbv","twitter_misc":{"Gesch\u00e4tzte Lesezeit":"4\u00a0Minuten"},"schema":{"@context":"https:\/\/schema.org","@graph":[{"@type":"WebPage","@id":"https:\/\/www.torq.nl\/product\/hydration-lemon-540-gr\/","url":"https:\/\/www.torq.nl\/product\/hydration-lemon-540-gr\/","name":"Hydration Lemon 540 gr - E-Power","isPartOf":{"@id":"https:\/\/www.torq.nl\/#website"},"primaryImageOfPage":{"@id":"https:\/\/www.torq.nl\/product\/hydration-lemon-540-gr\/#primaryimage"},"image":{"@id":"https:\/\/www.torq.nl\/product\/hydration-lemon-540-gr\/#primaryimage"},"thumbnailUrl":"https:\/\/www.torq.nl\/wp-content\/uploads\/2021\/07\/TORQ-Hydration-Drink-540g-Lemon.png","datePublished":"2021-07-10T19:58:51+00:00","dateModified":"2026-03-24T08:05:20+00:00","description":"TORQ Hydration Lemon Drink maakt gebruik van passieve en gefaciliteerde transportmechanismen om de vloeistof- en elektrolytafgifte te optimaliseren.","breadcrumb":{"@id":"https:\/\/www.torq.nl\/product\/hydration-lemon-540-gr\/#breadcrumb"},"inLanguage":"de","potentialAction":[{"@type":"ReadAction","target":["https:\/\/www.torq.nl\/product\/hydration-lemon-540-gr\/"]}]},{"@type":"ImageObject","inLanguage":"de","@id":"https:\/\/www.torq.nl\/product\/hydration-lemon-540-gr\/#primaryimage","url":"https:\/\/www.torq.nl\/wp-content\/uploads\/2021\/07\/TORQ-Hydration-Drink-540g-Lemon.png","contentUrl":"https:\/\/www.torq.nl\/wp-content\/uploads\/2021\/07\/TORQ-Hydration-Drink-540g-Lemon.png","width":1200,"height":1200},{"@type":"BreadcrumbList","@id":"https:\/\/www.torq.nl\/product\/hydration-lemon-540-gr\/#breadcrumb","itemListElement":[{"@type":"ListItem","position":1,"name":"Home","item":"https:\/\/www.torq.nl\/home\/"},{"@type":"ListItem","position":2,"name":"Winkel","item":"https:\/\/www.torq.nl\/it\/winkel\/"},{"@type":"ListItem","position":3,"name":"Hydration Lemon 540 gr"}]},{"@type":"WebSite","@id":"https:\/\/www.torq.nl\/#website","url":"https:\/\/www.torq.nl\/","name":"E-Power","description":"Offizieller Torq-H\u00e4ndler Benelux","publisher":{"@id":"https:\/\/www.torq.nl\/#organization"},"potentialAction":[{"@type":"SearchAction","target":{"@type":"EntryPoint","urlTemplate":"https:\/\/www.torq.nl\/?s={search_term_string}"},"query-input":{"@type":"PropertyValueSpecification","valueRequired":true,"valueName":"search_term_string"}}],"inLanguage":"de"},{"@type":"Organization","@id":"https:\/\/www.torq.nl\/#organization","name":"E-Power","url":"https:\/\/www.torq.nl\/","logo":{"@type":"ImageObject","inLanguage":"de","@id":"https:\/\/www.torq.nl\/#\/schema\/logo\/image\/","url":"https:\/\/www.torq.nl\/wp-content\/uploads\/2021\/04\/Logo-epower.png","contentUrl":"https:\/\/www.torq.nl\/wp-content\/uploads\/2021\/04\/Logo-epower.png","width":506,"height":200,"caption":"E-Power"},"image":{"@id":"https:\/\/www.torq.nl\/#\/schema\/logo\/image\/"},"sameAs":["https:\/\/www.facebook.com\/epowersport\/","https:\/\/x.com\/foodgroupbv"]}]}},"_links":{"self":[{"href":"https:\/\/www.torq.nl\/de\/wp-json\/wp\/v2\/product\/560","targetHints":{"allow":["GET"]}}],"collection":[{"href":"https:\/\/www.torq.nl\/de\/wp-json\/wp\/v2\/product"}],"about":[{"href":"https:\/\/www.torq.nl\/de\/wp-json\/wp\/v2\/types\/product"}],"wp:featuredmedia":[{"embeddable":true,"href":"https:\/\/www.torq.nl\/de\/wp-json\/wp\/v2\/media\/39920"}],"wp:attachment":[{"href":"https:\/\/www.torq.nl\/de\/wp-json\/wp\/v2\/media?parent=560"}],"wp:term":[{"taxonomy":"product_brand","embeddable":true,"href":"https:\/\/www.torq.nl\/de\/wp-json\/wp\/v2\/product_brand?post=560"},{"taxonomy":"product_cat","embeddable":true,"href":"https:\/\/www.torq.nl\/de\/wp-json\/wp\/v2\/product_cat?post=560"},{"taxonomy":"product_tag","embeddable":true,"href":"https:\/\/www.torq.nl\/de\/wp-json\/wp\/v2\/product_tag?post=560"}],"curies":[{"name":"wp","href":"https:\/\/api.w.org\/{rel}","templated":true}]}}