{"id":614,"date":"2021-07-10T23:48:09","date_gmt":"2021-07-10T21:48:09","guid":{"rendered":"https:\/\/www.e-powersport.eu\/?post_type=product&#038;p=614"},"modified":"2026-04-07T11:29:18","modified_gmt":"2026-04-07T09:29:18","slug":"recovery-banana-mango-15-kg","status":"publish","type":"product","link":"https:\/\/www.torq.nl\/de\/produkt\/recovery-banana-mango-15-kg\/","title":{"rendered":"Erholung Banane &amp; Mango 1,5 kg"},"content":{"rendered":"<p>TORQ Recovery Drink wurde entwickelt, um als Teil des sehr umfassenden und gr\u00fcndlichen TORQ Recovery Systems zu wirken. Dieses System ber\u00fccksichtigt Ihr Aktivit\u00e4tsniveau und empfiehlt kumulativ Konzepte und Produkte aus dem TORQ-Sortiment, die zu Ihrer k\u00f6rperlichen Belastung passen.<\/p>\n<p>TORQ Recovery repr\u00e4sentiert diese 3:1-Mischung aus mehreren transportablen Kohlenhydraten und hochwertigem Molkenprotein. Forschungsergebnisse deuten darauf hin, dass der gemeinsame Verzehr von polytransportierbaren Kohlenhydraten und Molkenprotein in einem Verh\u00e4ltnis von 3:1 unmittelbar nach dem Training die Glykogensynthese beschleunigt. Mit anderen Worten, der mehrfache Konsum von Molkenprotein, Glukosederivaten und Fruktosederivaten hilft Ihnen dabei, Kohlenhydrate effektiver zu speichern als jede andere Methode. Die Forschung hat auch gezeigt, dass Whey Protein schneller wirkt, l\u00f6slicher ist und leichter absorbiert\/synthetisiert wird als jede andere Art von Protein, wodurch die f\u00fcr die Muskelregeneration ben\u00f6tigten Aminos\u00e4uren mit geringer Verz\u00f6gerung bereitgestellt werden.<\/p>\n<h3>Banane &amp; Mango<\/h3>\n<p>Zutaten: Magermilchpulver (Milch), Maltodextrin (Glucose Polymers 28%), Fructose (19%), L-Glutamin (6%), Molkenproteinisolat (Milch) (4%), D-Ribose (3%), Verdickungsmittel (Tara Gum) , Nat\u00fcrliche Aromen (1%), Vitamin- und Mineralstoffmischung (0,1%)<\/p>","protected":false},"excerpt":{"rendered":"<p>TORQ Recovery Drink ist ein hochentwickeltes Ern\u00e4hrungsgetr\u00e4nk nach dem Training, das entwickelt wurde, um Ihre m\u00fcde Physiologie nach anstrengendem Training zu rehydrieren, aufzutanken, wiederherzustellen und wieder aufzuladen.<\/p>","protected":false},"featured_media":4439,"template":"","meta":{"_monsterinsights_skip_tracking":false,"_monsterinsights_sitenote_active":false,"_monsterinsights_sitenote_note":"","_monsterinsights_sitenote_category":0},"product_brand":[],"product_cat":[31,45,15],"product_tag":[],"class_list":{"0":"post-614","1":"product","2":"type-product","3":"status-publish","4":"has-post-thumbnail","6":"product_cat-recovery-system","7":"product_cat-torq-recovery-drink","8":"product_cat-torq-sportvoeding","10":"first","11":"instock","12":"taxable","13":"shipping-taxable","14":"purchasable","15":"product-type-simple"},"yoast_head":"<!-- This site is optimized with the Yoast SEO plugin v27.3 - https:\/\/yoast.com\/product\/yoast-seo-wordpress\/ -->\n<title>Recovery Banana &amp; Mango 1,5 kg - E-Power<\/title>\n<meta name=\"description\" content=\"TORQ Recovery Drink is ontworpen om te werken als onderdeel van het zeer uitgebreide en grondige TORQ Recovery System. Dit systeem houdt rekening\" \/>\n<meta name=\"robots\" content=\"index, follow, max-snippet:-1, max-image-preview:large, max-video-preview:-1\" \/>\n<link rel=\"canonical\" href=\"https:\/\/www.torq.nl\/de\/produkt\/recovery-banana-mango-15-kg\/\" \/>\n<meta property=\"og:locale\" content=\"de_DE\" \/>\n<meta property=\"og:type\" content=\"article\" \/>\n<meta property=\"og:title\" content=\"Recovery Banana &amp; Mango 1,5 kg - E-Power\" \/>\n<meta property=\"og:description\" content=\"TORQ Recovery Drink is ontworpen om te werken als onderdeel van het zeer uitgebreide en grondige TORQ Recovery System. Dit systeem houdt rekening\" \/>\n<meta property=\"og:url\" content=\"https:\/\/www.torq.nl\/de\/produkt\/recovery-banana-mango-15-kg\/\" \/>\n<meta property=\"og:site_name\" content=\"E-Power\" \/>\n<meta property=\"article:publisher\" content=\"https:\/\/www.facebook.com\/epowersport\/\" \/>\n<meta property=\"article:modified_time\" content=\"2026-04-07T09:29:18+00:00\" \/>\n<meta property=\"og:image\" content=\"https:\/\/www.torq.nl\/wp-content\/uploads\/2021\/07\/torq-recovery-1500g-banana-mango-1030x1030.png\" \/>\n\t<meta property=\"og:image:width\" content=\"1030\" \/>\n\t<meta property=\"og:image:height\" content=\"1030\" \/>\n\t<meta property=\"og:image:type\" content=\"image\/png\" \/>\n<meta name=\"twitter:card\" content=\"summary_large_image\" \/>\n<meta name=\"twitter:site\" content=\"@foodgroupbv\" \/>\n<meta name=\"twitter:label1\" content=\"Gesch\u00e4tzte Lesezeit\" \/>\n\t<meta name=\"twitter:data1\" content=\"1\u00a0Minute\" \/>\n<script type=\"application\/ld+json\" class=\"yoast-schema-graph\">{\"@context\":\"https:\\\/\\\/schema.org\",\"@graph\":[{\"@type\":\"WebPage\",\"@id\":\"https:\\\/\\\/www.torq.nl\\\/product\\\/recovery-banana-mango-15-kg\\\/\",\"url\":\"https:\\\/\\\/www.torq.nl\\\/product\\\/recovery-banana-mango-15-kg\\\/\",\"name\":\"Recovery Banana & Mango 1,5 kg - E-Power\",\"isPartOf\":{\"@id\":\"https:\\\/\\\/www.torq.nl\\\/#website\"},\"primaryImageOfPage\":{\"@id\":\"https:\\\/\\\/www.torq.nl\\\/product\\\/recovery-banana-mango-15-kg\\\/#primaryimage\"},\"image\":{\"@id\":\"https:\\\/\\\/www.torq.nl\\\/product\\\/recovery-banana-mango-15-kg\\\/#primaryimage\"},\"thumbnailUrl\":\"https:\\\/\\\/www.torq.nl\\\/wp-content\\\/uploads\\\/2021\\\/07\\\/torq-recovery-1500g-banana-mango.png\",\"datePublished\":\"2021-07-10T21:48:09+00:00\",\"dateModified\":\"2026-04-07T09:29:18+00:00\",\"description\":\"TORQ Recovery Drink is ontworpen om te werken als onderdeel van het zeer uitgebreide en grondige TORQ Recovery System. Dit systeem houdt rekening\",\"breadcrumb\":{\"@id\":\"https:\\\/\\\/www.torq.nl\\\/product\\\/recovery-banana-mango-15-kg\\\/#breadcrumb\"},\"inLanguage\":\"de\",\"potentialAction\":[{\"@type\":\"ReadAction\",\"target\":[\"https:\\\/\\\/www.torq.nl\\\/product\\\/recovery-banana-mango-15-kg\\\/\"]}]},{\"@type\":\"ImageObject\",\"inLanguage\":\"de\",\"@id\":\"https:\\\/\\\/www.torq.nl\\\/product\\\/recovery-banana-mango-15-kg\\\/#primaryimage\",\"url\":\"https:\\\/\\\/www.torq.nl\\\/wp-content\\\/uploads\\\/2021\\\/07\\\/torq-recovery-1500g-banana-mango.png\",\"contentUrl\":\"https:\\\/\\\/www.torq.nl\\\/wp-content\\\/uploads\\\/2021\\\/07\\\/torq-recovery-1500g-banana-mango.png\",\"width\":2560,\"height\":2560,\"caption\":\"recovery-banana-mango-1.5kg-torq\"},{\"@type\":\"BreadcrumbList\",\"@id\":\"https:\\\/\\\/www.torq.nl\\\/product\\\/recovery-banana-mango-15-kg\\\/#breadcrumb\",\"itemListElement\":[{\"@type\":\"ListItem\",\"position\":1,\"name\":\"Home\",\"item\":\"https:\\\/\\\/www.torq.nl\\\/home\\\/\"},{\"@type\":\"ListItem\",\"position\":2,\"name\":\"Winkel\",\"item\":\"https:\\\/\\\/www.torq.nl\\\/it\\\/winkel\\\/\"},{\"@type\":\"ListItem\",\"position\":3,\"name\":\"Recovery Banana &#038; Mango 1,5 kg\"}]},{\"@type\":\"WebSite\",\"@id\":\"https:\\\/\\\/www.torq.nl\\\/#website\",\"url\":\"https:\\\/\\\/www.torq.nl\\\/\",\"name\":\"E-Power\",\"description\":\"Officieel Torq dealer Benelux\",\"publisher\":{\"@id\":\"https:\\\/\\\/www.torq.nl\\\/#organization\"},\"potentialAction\":[{\"@type\":\"SearchAction\",\"target\":{\"@type\":\"EntryPoint\",\"urlTemplate\":\"https:\\\/\\\/www.torq.nl\\\/?s={search_term_string}\"},\"query-input\":{\"@type\":\"PropertyValueSpecification\",\"valueRequired\":true,\"valueName\":\"search_term_string\"}}],\"inLanguage\":\"de\"},{\"@type\":\"Organization\",\"@id\":\"https:\\\/\\\/www.torq.nl\\\/#organization\",\"name\":\"E-Power\",\"url\":\"https:\\\/\\\/www.torq.nl\\\/\",\"logo\":{\"@type\":\"ImageObject\",\"inLanguage\":\"de\",\"@id\":\"https:\\\/\\\/www.torq.nl\\\/#\\\/schema\\\/logo\\\/image\\\/\",\"url\":\"https:\\\/\\\/www.torq.nl\\\/wp-content\\\/uploads\\\/2021\\\/04\\\/Logo-epower.png\",\"contentUrl\":\"https:\\\/\\\/www.torq.nl\\\/wp-content\\\/uploads\\\/2021\\\/04\\\/Logo-epower.png\",\"width\":506,\"height\":200,\"caption\":\"E-Power\"},\"image\":{\"@id\":\"https:\\\/\\\/www.torq.nl\\\/#\\\/schema\\\/logo\\\/image\\\/\"},\"sameAs\":[\"https:\\\/\\\/www.facebook.com\\\/epowersport\\\/\",\"https:\\\/\\\/x.com\\\/foodgroupbv\"]}]}<\/script>\n<!-- \/ Yoast SEO plugin. -->","yoast_head_json":{"title":"Recovery Banana & Mango 1,5 kg - E-Power","description":"TORQ Recovery Drink is ontworpen om te werken als onderdeel van het zeer uitgebreide en grondige TORQ Recovery System. Dit systeem houdt rekening","robots":{"index":"index","follow":"follow","max-snippet":"max-snippet:-1","max-image-preview":"max-image-preview:large","max-video-preview":"max-video-preview:-1"},"canonical":"https:\/\/www.torq.nl\/de\/produkt\/recovery-banana-mango-15-kg\/","og_locale":"de_DE","og_type":"article","og_title":"Recovery Banana & Mango 1,5 kg - E-Power","og_description":"TORQ Recovery Drink is ontworpen om te werken als onderdeel van het zeer uitgebreide en grondige TORQ Recovery System. Dit systeem houdt rekening","og_url":"https:\/\/www.torq.nl\/de\/produkt\/recovery-banana-mango-15-kg\/","og_site_name":"E-Power","article_publisher":"https:\/\/www.facebook.com\/epowersport\/","article_modified_time":"2026-04-07T09:29:18+00:00","og_image":[{"width":1030,"height":1030,"url":"https:\/\/www.torq.nl\/wp-content\/uploads\/2021\/07\/torq-recovery-1500g-banana-mango-1030x1030.png","type":"image\/png"}],"twitter_card":"summary_large_image","twitter_site":"@foodgroupbv","twitter_misc":{"Gesch\u00e4tzte Lesezeit":"1\u00a0Minute"},"schema":{"@context":"https:\/\/schema.org","@graph":[{"@type":"WebPage","@id":"https:\/\/www.torq.nl\/product\/recovery-banana-mango-15-kg\/","url":"https:\/\/www.torq.nl\/product\/recovery-banana-mango-15-kg\/","name":"Recovery Banana & Mango 1,5 kg - E-Power","isPartOf":{"@id":"https:\/\/www.torq.nl\/#website"},"primaryImageOfPage":{"@id":"https:\/\/www.torq.nl\/product\/recovery-banana-mango-15-kg\/#primaryimage"},"image":{"@id":"https:\/\/www.torq.nl\/product\/recovery-banana-mango-15-kg\/#primaryimage"},"thumbnailUrl":"https:\/\/www.torq.nl\/wp-content\/uploads\/2021\/07\/torq-recovery-1500g-banana-mango.png","datePublished":"2021-07-10T21:48:09+00:00","dateModified":"2026-04-07T09:29:18+00:00","description":"TORQ Recovery Drink is ontworpen om te werken als onderdeel van het zeer uitgebreide en grondige TORQ Recovery System. Dit systeem houdt rekening","breadcrumb":{"@id":"https:\/\/www.torq.nl\/product\/recovery-banana-mango-15-kg\/#breadcrumb"},"inLanguage":"de","potentialAction":[{"@type":"ReadAction","target":["https:\/\/www.torq.nl\/product\/recovery-banana-mango-15-kg\/"]}]},{"@type":"ImageObject","inLanguage":"de","@id":"https:\/\/www.torq.nl\/product\/recovery-banana-mango-15-kg\/#primaryimage","url":"https:\/\/www.torq.nl\/wp-content\/uploads\/2021\/07\/torq-recovery-1500g-banana-mango.png","contentUrl":"https:\/\/www.torq.nl\/wp-content\/uploads\/2021\/07\/torq-recovery-1500g-banana-mango.png","width":2560,"height":2560,"caption":"recovery-banana-mango-1.5kg-torq"},{"@type":"BreadcrumbList","@id":"https:\/\/www.torq.nl\/product\/recovery-banana-mango-15-kg\/#breadcrumb","itemListElement":[{"@type":"ListItem","position":1,"name":"Home","item":"https:\/\/www.torq.nl\/home\/"},{"@type":"ListItem","position":2,"name":"Winkel","item":"https:\/\/www.torq.nl\/it\/winkel\/"},{"@type":"ListItem","position":3,"name":"Recovery Banana &#038; Mango 1,5 kg"}]},{"@type":"WebSite","@id":"https:\/\/www.torq.nl\/#website","url":"https:\/\/www.torq.nl\/","name":"E-Power","description":"Offizieller Torq-H\u00e4ndler Benelux","publisher":{"@id":"https:\/\/www.torq.nl\/#organization"},"potentialAction":[{"@type":"SearchAction","target":{"@type":"EntryPoint","urlTemplate":"https:\/\/www.torq.nl\/?s={search_term_string}"},"query-input":{"@type":"PropertyValueSpecification","valueRequired":true,"valueName":"search_term_string"}}],"inLanguage":"de"},{"@type":"Organization","@id":"https:\/\/www.torq.nl\/#organization","name":"E-Power","url":"https:\/\/www.torq.nl\/","logo":{"@type":"ImageObject","inLanguage":"de","@id":"https:\/\/www.torq.nl\/#\/schema\/logo\/image\/","url":"https:\/\/www.torq.nl\/wp-content\/uploads\/2021\/04\/Logo-epower.png","contentUrl":"https:\/\/www.torq.nl\/wp-content\/uploads\/2021\/04\/Logo-epower.png","width":506,"height":200,"caption":"E-Power"},"image":{"@id":"https:\/\/www.torq.nl\/#\/schema\/logo\/image\/"},"sameAs":["https:\/\/www.facebook.com\/epowersport\/","https:\/\/x.com\/foodgroupbv"]}]}},"_links":{"self":[{"href":"https:\/\/www.torq.nl\/de\/wp-json\/wp\/v2\/product\/614","targetHints":{"allow":["GET"]}}],"collection":[{"href":"https:\/\/www.torq.nl\/de\/wp-json\/wp\/v2\/product"}],"about":[{"href":"https:\/\/www.torq.nl\/de\/wp-json\/wp\/v2\/types\/product"}],"wp:featuredmedia":[{"embeddable":true,"href":"https:\/\/www.torq.nl\/de\/wp-json\/wp\/v2\/media\/4439"}],"wp:attachment":[{"href":"https:\/\/www.torq.nl\/de\/wp-json\/wp\/v2\/media?parent=614"}],"wp:term":[{"taxonomy":"product_brand","embeddable":true,"href":"https:\/\/www.torq.nl\/de\/wp-json\/wp\/v2\/product_brand?post=614"},{"taxonomy":"product_cat","embeddable":true,"href":"https:\/\/www.torq.nl\/de\/wp-json\/wp\/v2\/product_cat?post=614"},{"taxonomy":"product_tag","embeddable":true,"href":"https:\/\/www.torq.nl\/de\/wp-json\/wp\/v2\/product_tag?post=614"}],"curies":[{"name":"wp","href":"https:\/\/api.w.org\/{rel}","templated":true}]}}