{"id":628,"date":"2021-07-10T23:56:48","date_gmt":"2021-07-10T21:56:48","guid":{"rendered":"https:\/\/www.e-powersport.eu\/?post_type=product&#038;p=628"},"modified":"2026-05-07T10:30:30","modified_gmt":"2026-05-07T08:30:30","slug":"recovery-plus-hot-cocoa-500-gr","status":"publish","type":"product","link":"https:\/\/www.torq.nl\/de\/produkt\/recovery-plus-hot-cocoa-500-gr\/","title":{"rendered":"Recovery Plus Hei\u00dfer Kakao 500 gr"},"content":{"rendered":"<p>TORQ Recovery Plus+ ist ein hei\u00dfes Kakaogetr\u00e4nk mit HMB, Beta-Alanin und Natriumphosphat, das zweimal t\u00e4glich eingenommen wird. Es muss nicht hei\u00df gemischt werden, aber es ergibt wirklich eine wohlschmeckende Tasse Kakao, daher empfehlen wir Ihnen, sich Zeit zu nehmen und dieses Produkt zu genie\u00dfen. Wenn Sie es eilig haben, geben Sie 2 gestrichene Messl\u00f6ffel des Pulvers in 250 ml frisches kaltes Wasser in Ihre Mischflasche und sch\u00fctteln Sie gut. Bei Bedarf kann Zucker hinzugef\u00fcgt werden, um es noch s\u00fc\u00dfer zu machen.<\/p>\n<p>TORQ Recovery Plus+ ist f\u00fcr die kontinuierliche Einnahme w\u00e4hrend jeder Trainings-\/Rennperiode mit hoher Belastung konzipiert und eignet sich daher ideal f\u00fcr die Verwendung w\u00e4hrend der gesamten Wettkampfsaison oder vor und w\u00e4hrend eines Trainingslagers oder Radurlaubs. TORQ Recovery Plus+ kann auch als Peaking-Tool im Vorfeld eines wichtigen einmaligen Ereignisses als Peaking-Tool verwendet werden. TORQ Recovery Plus+ kann auch erhebliche Vorteile bei intermittierenden Intervallaktivit\u00e4ten\/-sportarten wie Bahnradfahren, Downhill-Mountainbiking und Mannschaftssportarten bieten<\/p>\n<h3>Hei\u00dfer Kakao<\/h3>\n<p>Zutaten: Fructose, Magermilchpulver, Kakao (14%), Beta-Alanin (7%), HMB (5.6%), Natriumphosphat (tribasisches Natriumphosphat, Tetranatriumpyraphosphat \u2013 4.4%), Verdickungsmittel (Tara-Gummi), nat\u00fcrliches Aroma .<\/p>","protected":false},"excerpt":{"rendered":"<p>TORQ Recovery Plus+ ist ein hei\u00dfes Kakaogetr\u00e4nk mit HMB, Beta-Alanin und Natriumphosphat, das zweimal t\u00e4glich eingenommen wird.<\/p>","protected":false},"featured_media":34718,"template":"","meta":{"_monsterinsights_skip_tracking":false,"_monsterinsights_sitenote_active":false,"_monsterinsights_sitenote_note":"","_monsterinsights_sitenote_category":0},"product_brand":[],"product_cat":[31,45,47,15],"product_tag":[],"class_list":{"0":"post-628","1":"product","2":"type-product","3":"status-publish","4":"has-post-thumbnail","6":"product_cat-recovery-system","7":"product_cat-torq-recovery-drink","8":"product_cat-torq-recovery-plus","9":"product_cat-torq-sportvoeding","11":"first","12":"outofstock","13":"taxable","14":"shipping-taxable","15":"purchasable","16":"product-type-simple"},"yoast_head":"<!-- This site is optimized with the Yoast SEO plugin v27.5 - https:\/\/yoast.com\/product\/yoast-seo-wordpress\/ -->\n<title>Recovery Plus Hot Cocoa 500 gr - E-Power<\/title>\n<meta name=\"description\" content=\"TORQ Recovery Plus+ is een warme cacaodrank met HMB, Beta-Alanine en Natriumfosfaat die tweemaal daags moet worden ingenomen.\" \/>\n<meta name=\"robots\" content=\"index, follow, max-snippet:-1, max-image-preview:large, max-video-preview:-1\" \/>\n<link rel=\"canonical\" href=\"https:\/\/www.torq.nl\/de\/produkt\/recovery-plus-hot-cocoa-500-gr\/\" \/>\n<meta property=\"og:locale\" content=\"de_DE\" \/>\n<meta property=\"og:type\" content=\"article\" \/>\n<meta property=\"og:title\" content=\"Recovery Plus Hot Cocoa 500 gr - E-Power\" \/>\n<meta property=\"og:description\" content=\"TORQ Recovery Plus+ is een warme cacaodrank met HMB, Beta-Alanine en Natriumfosfaat die tweemaal daags moet worden ingenomen.\" \/>\n<meta property=\"og:url\" content=\"https:\/\/www.torq.nl\/de\/produkt\/recovery-plus-hot-cocoa-500-gr\/\" \/>\n<meta property=\"og:site_name\" content=\"E-Power\" \/>\n<meta property=\"article:publisher\" content=\"https:\/\/www.facebook.com\/epowersport\/\" \/>\n<meta property=\"article:modified_time\" content=\"2026-05-07T08:30:30+00:00\" \/>\n<meta property=\"og:image\" content=\"https:\/\/www.torq.nl\/wp-content\/uploads\/2021\/07\/TORQ-Recovery-500g-pouch-hi-res.png\" \/>\n\t<meta property=\"og:image:width\" content=\"1200\" \/>\n\t<meta property=\"og:image:height\" content=\"1200\" \/>\n\t<meta property=\"og:image:type\" content=\"image\/png\" \/>\n<meta name=\"twitter:card\" content=\"summary_large_image\" \/>\n<meta name=\"twitter:site\" content=\"@foodgroupbv\" \/>\n<meta name=\"twitter:label1\" content=\"Gesch\u00e4tzte Lesezeit\" \/>\n\t<meta name=\"twitter:data1\" content=\"1\u00a0Minute\" \/>\n<script type=\"application\/ld+json\" class=\"yoast-schema-graph\">{\"@context\":\"https:\\\/\\\/schema.org\",\"@graph\":[{\"@type\":\"WebPage\",\"@id\":\"https:\\\/\\\/www.torq.nl\\\/product\\\/recovery-plus-hot-cocoa-500-gr\\\/\",\"url\":\"https:\\\/\\\/www.torq.nl\\\/product\\\/recovery-plus-hot-cocoa-500-gr\\\/\",\"name\":\"Recovery Plus Hot Cocoa 500 gr - E-Power\",\"isPartOf\":{\"@id\":\"https:\\\/\\\/www.torq.nl\\\/#website\"},\"primaryImageOfPage\":{\"@id\":\"https:\\\/\\\/www.torq.nl\\\/product\\\/recovery-plus-hot-cocoa-500-gr\\\/#primaryimage\"},\"image\":{\"@id\":\"https:\\\/\\\/www.torq.nl\\\/product\\\/recovery-plus-hot-cocoa-500-gr\\\/#primaryimage\"},\"thumbnailUrl\":\"https:\\\/\\\/www.torq.nl\\\/wp-content\\\/uploads\\\/2021\\\/07\\\/TORQ-Recovery-500g-pouch-hi-res.png\",\"datePublished\":\"2021-07-10T21:56:48+00:00\",\"dateModified\":\"2026-05-07T08:30:30+00:00\",\"description\":\"TORQ Recovery Plus+ is een warme cacaodrank met HMB, Beta-Alanine en Natriumfosfaat die tweemaal daags moet worden ingenomen.\",\"breadcrumb\":{\"@id\":\"https:\\\/\\\/www.torq.nl\\\/product\\\/recovery-plus-hot-cocoa-500-gr\\\/#breadcrumb\"},\"inLanguage\":\"de\",\"potentialAction\":[{\"@type\":\"ReadAction\",\"target\":[\"https:\\\/\\\/www.torq.nl\\\/product\\\/recovery-plus-hot-cocoa-500-gr\\\/\"]}]},{\"@type\":\"ImageObject\",\"inLanguage\":\"de\",\"@id\":\"https:\\\/\\\/www.torq.nl\\\/product\\\/recovery-plus-hot-cocoa-500-gr\\\/#primaryimage\",\"url\":\"https:\\\/\\\/www.torq.nl\\\/wp-content\\\/uploads\\\/2021\\\/07\\\/TORQ-Recovery-500g-pouch-hi-res.png\",\"contentUrl\":\"https:\\\/\\\/www.torq.nl\\\/wp-content\\\/uploads\\\/2021\\\/07\\\/TORQ-Recovery-500g-pouch-hi-res.png\",\"width\":1200,\"height\":1200,\"caption\":\"TORQ Recovery Plus\"},{\"@type\":\"BreadcrumbList\",\"@id\":\"https:\\\/\\\/www.torq.nl\\\/product\\\/recovery-plus-hot-cocoa-500-gr\\\/#breadcrumb\",\"itemListElement\":[{\"@type\":\"ListItem\",\"position\":1,\"name\":\"Home\",\"item\":\"https:\\\/\\\/www.torq.nl\\\/home\\\/\"},{\"@type\":\"ListItem\",\"position\":2,\"name\":\"Winkel\",\"item\":\"https:\\\/\\\/www.torq.nl\\\/it\\\/winkel\\\/\"},{\"@type\":\"ListItem\",\"position\":3,\"name\":\"Recovery Plus Hot Cocoa 500 gr\"}]},{\"@type\":\"WebSite\",\"@id\":\"https:\\\/\\\/www.torq.nl\\\/#website\",\"url\":\"https:\\\/\\\/www.torq.nl\\\/\",\"name\":\"E-Power\",\"description\":\"Officieel Torq dealer Benelux\",\"publisher\":{\"@id\":\"https:\\\/\\\/www.torq.nl\\\/#organization\"},\"potentialAction\":[{\"@type\":\"SearchAction\",\"target\":{\"@type\":\"EntryPoint\",\"urlTemplate\":\"https:\\\/\\\/www.torq.nl\\\/?s={search_term_string}\"},\"query-input\":{\"@type\":\"PropertyValueSpecification\",\"valueRequired\":true,\"valueName\":\"search_term_string\"}}],\"inLanguage\":\"de\"},{\"@type\":\"Organization\",\"@id\":\"https:\\\/\\\/www.torq.nl\\\/#organization\",\"name\":\"E-Power\",\"url\":\"https:\\\/\\\/www.torq.nl\\\/\",\"logo\":{\"@type\":\"ImageObject\",\"inLanguage\":\"de\",\"@id\":\"https:\\\/\\\/www.torq.nl\\\/#\\\/schema\\\/logo\\\/image\\\/\",\"url\":\"https:\\\/\\\/www.torq.nl\\\/wp-content\\\/uploads\\\/2021\\\/04\\\/Logo-epower.png\",\"contentUrl\":\"https:\\\/\\\/www.torq.nl\\\/wp-content\\\/uploads\\\/2021\\\/04\\\/Logo-epower.png\",\"width\":506,\"height\":200,\"caption\":\"E-Power\"},\"image\":{\"@id\":\"https:\\\/\\\/www.torq.nl\\\/#\\\/schema\\\/logo\\\/image\\\/\"},\"sameAs\":[\"https:\\\/\\\/www.facebook.com\\\/epowersport\\\/\",\"https:\\\/\\\/x.com\\\/foodgroupbv\"]}]}<\/script>\n<!-- \/ Yoast SEO plugin. -->","yoast_head_json":{"title":"Recovery Plus Hot Cocoa 500 gr - E-Power","description":"TORQ Recovery Plus+ ist ein hei\u00dfes Kakaogetr\u00e4nk mit HMB, Beta-Alanin und Natriumphosphat, das zweimal t\u00e4glich eingenommen wird.","robots":{"index":"index","follow":"follow","max-snippet":"max-snippet:-1","max-image-preview":"max-image-preview:large","max-video-preview":"max-video-preview:-1"},"canonical":"https:\/\/www.torq.nl\/de\/produkt\/recovery-plus-hot-cocoa-500-gr\/","og_locale":"de_DE","og_type":"article","og_title":"Recovery Plus Hot Cocoa 500 gr - E-Power","og_description":"TORQ Recovery Plus+ is een warme cacaodrank met HMB, Beta-Alanine en Natriumfosfaat die tweemaal daags moet worden ingenomen.","og_url":"https:\/\/www.torq.nl\/de\/produkt\/recovery-plus-hot-cocoa-500-gr\/","og_site_name":"E-Power","article_publisher":"https:\/\/www.facebook.com\/epowersport\/","article_modified_time":"2026-05-07T08:30:30+00:00","og_image":[{"width":1200,"height":1200,"url":"https:\/\/www.torq.nl\/wp-content\/uploads\/2021\/07\/TORQ-Recovery-500g-pouch-hi-res.png","type":"image\/png"}],"twitter_card":"summary_large_image","twitter_site":"@foodgroupbv","twitter_misc":{"Gesch\u00e4tzte Lesezeit":"1\u00a0Minute"},"schema":{"@context":"https:\/\/schema.org","@graph":[{"@type":"WebPage","@id":"https:\/\/www.torq.nl\/product\/recovery-plus-hot-cocoa-500-gr\/","url":"https:\/\/www.torq.nl\/product\/recovery-plus-hot-cocoa-500-gr\/","name":"Recovery Plus Hot Cocoa 500 gr - E-Power","isPartOf":{"@id":"https:\/\/www.torq.nl\/#website"},"primaryImageOfPage":{"@id":"https:\/\/www.torq.nl\/product\/recovery-plus-hot-cocoa-500-gr\/#primaryimage"},"image":{"@id":"https:\/\/www.torq.nl\/product\/recovery-plus-hot-cocoa-500-gr\/#primaryimage"},"thumbnailUrl":"https:\/\/www.torq.nl\/wp-content\/uploads\/2021\/07\/TORQ-Recovery-500g-pouch-hi-res.png","datePublished":"2021-07-10T21:56:48+00:00","dateModified":"2026-05-07T08:30:30+00:00","description":"TORQ Recovery Plus+ ist ein hei\u00dfes Kakaogetr\u00e4nk mit HMB, Beta-Alanin und Natriumphosphat, das zweimal t\u00e4glich eingenommen wird.","breadcrumb":{"@id":"https:\/\/www.torq.nl\/product\/recovery-plus-hot-cocoa-500-gr\/#breadcrumb"},"inLanguage":"de","potentialAction":[{"@type":"ReadAction","target":["https:\/\/www.torq.nl\/product\/recovery-plus-hot-cocoa-500-gr\/"]}]},{"@type":"ImageObject","inLanguage":"de","@id":"https:\/\/www.torq.nl\/product\/recovery-plus-hot-cocoa-500-gr\/#primaryimage","url":"https:\/\/www.torq.nl\/wp-content\/uploads\/2021\/07\/TORQ-Recovery-500g-pouch-hi-res.png","contentUrl":"https:\/\/www.torq.nl\/wp-content\/uploads\/2021\/07\/TORQ-Recovery-500g-pouch-hi-res.png","width":1200,"height":1200,"caption":"TORQ Recovery Plus"},{"@type":"BreadcrumbList","@id":"https:\/\/www.torq.nl\/product\/recovery-plus-hot-cocoa-500-gr\/#breadcrumb","itemListElement":[{"@type":"ListItem","position":1,"name":"Home","item":"https:\/\/www.torq.nl\/home\/"},{"@type":"ListItem","position":2,"name":"Winkel","item":"https:\/\/www.torq.nl\/it\/winkel\/"},{"@type":"ListItem","position":3,"name":"Recovery Plus Hot Cocoa 500 gr"}]},{"@type":"WebSite","@id":"https:\/\/www.torq.nl\/#website","url":"https:\/\/www.torq.nl\/","name":"E-Power","description":"Offizieller Torq-H\u00e4ndler Benelux","publisher":{"@id":"https:\/\/www.torq.nl\/#organization"},"potentialAction":[{"@type":"SearchAction","target":{"@type":"EntryPoint","urlTemplate":"https:\/\/www.torq.nl\/?s={search_term_string}"},"query-input":{"@type":"PropertyValueSpecification","valueRequired":true,"valueName":"search_term_string"}}],"inLanguage":"de"},{"@type":"Organization","@id":"https:\/\/www.torq.nl\/#organization","name":"E-Power","url":"https:\/\/www.torq.nl\/","logo":{"@type":"ImageObject","inLanguage":"de","@id":"https:\/\/www.torq.nl\/#\/schema\/logo\/image\/","url":"https:\/\/www.torq.nl\/wp-content\/uploads\/2021\/04\/Logo-epower.png","contentUrl":"https:\/\/www.torq.nl\/wp-content\/uploads\/2021\/04\/Logo-epower.png","width":506,"height":200,"caption":"E-Power"},"image":{"@id":"https:\/\/www.torq.nl\/#\/schema\/logo\/image\/"},"sameAs":["https:\/\/www.facebook.com\/epowersport\/","https:\/\/x.com\/foodgroupbv"]}]}},"_links":{"self":[{"href":"https:\/\/www.torq.nl\/de\/wp-json\/wp\/v2\/product\/628","targetHints":{"allow":["GET"]}}],"collection":[{"href":"https:\/\/www.torq.nl\/de\/wp-json\/wp\/v2\/product"}],"about":[{"href":"https:\/\/www.torq.nl\/de\/wp-json\/wp\/v2\/types\/product"}],"wp:featuredmedia":[{"embeddable":true,"href":"https:\/\/www.torq.nl\/de\/wp-json\/wp\/v2\/media\/34718"}],"wp:attachment":[{"href":"https:\/\/www.torq.nl\/de\/wp-json\/wp\/v2\/media?parent=628"}],"wp:term":[{"taxonomy":"product_brand","embeddable":true,"href":"https:\/\/www.torq.nl\/de\/wp-json\/wp\/v2\/product_brand?post=628"},{"taxonomy":"product_cat","embeddable":true,"href":"https:\/\/www.torq.nl\/de\/wp-json\/wp\/v2\/product_cat?post=628"},{"taxonomy":"product_tag","embeddable":true,"href":"https:\/\/www.torq.nl\/de\/wp-json\/wp\/v2\/product_tag?post=628"}],"curies":[{"name":"wp","href":"https:\/\/api.w.org\/{rel}","templated":true}]}}