{"id":644,"date":"2021-07-11T00:10:53","date_gmt":"2021-07-10T22:10:53","guid":{"rendered":"https:\/\/www.e-powersport.eu\/?post_type=product&#038;p=644"},"modified":"2026-03-30T15:19:12","modified_gmt":"2026-03-30T13:19:12","slug":"atac-lime-364-gr","status":"publish","type":"product","link":"https:\/\/www.torq.nl\/de\/produkt\/atac-lime-364-gr\/","title":{"rendered":"ATAC Limette 364 gr"},"content":{"rendered":"<p>TORQ ATAC ist eine Getr\u00e4nkemischung in Pulverform, erh\u00e4ltlich in 2 Geschmacksrichtungen (Orange und Limette), die zu 100-200 ml Wasser hinzugef\u00fcgt und bei den ersten Anzeichen von Fieber, Erk\u00e4ltung oder Grippe eingenommen werden sollte. Dieses Produkt kann auch in kleineren Dosen w\u00e4hrend Zeiten anstrengender k\u00f6rperlicher Bet\u00e4tigung oder auf Reisen zu Zeiten verwendet werden, in denen der K\u00f6rper besonders anf\u00e4llig f\u00fcr Infektionen sein kann.<\/p>\n<p>Diese Formel mit einer wirksamen Mischung aus Vitamin C, Glutamin und Echinacea reduziert nachweislich gemeinsam die Schwere und Dauer von Erk\u00e4ltungs- und Grippesymptomen. Die Einnahme sollte bei den ersten Anzeichen einer Infektion erfolgen, die weitere Einnahme erfolgt gem\u00e4\u00df dem empfohlenen Protokoll.<\/p>\n<p>Zus\u00e4tzlich zu diesen wichtigen Mikron\u00e4hrstoffen enth\u00e4lt jede Dosis TORQ aTAC 10 Gramm Kohlenhydrate und Fl\u00fcssigkeit, um Energie und Fl\u00fcssigkeitszufuhr zu gew\u00e4hrleisten, wenn der normale Appetit und das Durstgef\u00fchl unterdr\u00fcckt sein k\u00f6nnen.<\/p>\n<p>Ein milderes Protokoll kann befolgt werden, wenn TORQ aTAC als vorbeugende Strategie zur Abwehr von Infektionen w\u00e4hrend eines Trainings mit hoher Belastung oder w\u00e4hrend internationaler Reisen verwendet wird.<\/p>\n<p>Dieses Produkt ist vegan.<\/p>\n<h3>ATAC Kalk<\/h3>\n<p>Zutaten: Saccharose, Ascorbins\u00e4ure (Vitamin C) (8%), L-Glutamin (8%), Echinacea Purpurea Karotte (4%), nat\u00fcrliche Aromen (4%).<\/p>","protected":false},"excerpt":{"rendered":"<p>TORQ ATAC ist eine Getr\u00e4nkemischung in Pulverform, erh\u00e4ltlich in 2 Geschmacksrichtungen (Orange und Limette), die zu 100-200 ml Wasser hinzugef\u00fcgt und bei den ersten Anzeichen von Fieber, Erk\u00e4ltung oder Grippe eingenommen werden sollte.<\/p>","protected":false},"featured_media":4409,"template":"","meta":{"_monsterinsights_skip_tracking":false,"_monsterinsights_sitenote_active":false,"_monsterinsights_sitenote_note":"","_monsterinsights_sitenote_category":0},"product_brand":[],"product_cat":[33,48,15],"product_tag":[],"class_list":{"0":"post-644","1":"product","2":"type-product","3":"status-publish","4":"has-post-thumbnail","6":"product_cat-immune-system-support","7":"product_cat-torq-atac","8":"product_cat-torq-sportvoeding","10":"first","11":"instock","12":"taxable","13":"shipping-taxable","14":"purchasable","15":"product-type-simple"},"yoast_head":"<!-- This site is optimized with the Yoast SEO plugin v27.5 - https:\/\/yoast.com\/product\/yoast-seo-wordpress\/ -->\n<title>aTAC Lime 364 gr - E-Power<\/title>\n<meta name=\"description\" content=\"TORQ aTAC is een drankmix in poedervorm, verkrijgbaar in 2 smaken (sinaasappel en limoen) die moet worden toegevoegd aan 100-200 ml water\" \/>\n<meta name=\"robots\" content=\"index, follow, max-snippet:-1, max-image-preview:large, max-video-preview:-1\" \/>\n<link rel=\"canonical\" href=\"https:\/\/www.torq.nl\/de\/produkt\/atac-lime-364-gr\/\" \/>\n<meta property=\"og:locale\" content=\"de_DE\" \/>\n<meta property=\"og:type\" content=\"article\" \/>\n<meta property=\"og:title\" content=\"aTAC Lime 364 gr - E-Power\" \/>\n<meta property=\"og:description\" content=\"TORQ aTAC is een drankmix in poedervorm, verkrijgbaar in 2 smaken (sinaasappel en limoen) die moet worden toegevoegd aan 100-200 ml water\" \/>\n<meta property=\"og:url\" content=\"https:\/\/www.torq.nl\/de\/produkt\/atac-lime-364-gr\/\" \/>\n<meta property=\"og:site_name\" content=\"E-Power\" \/>\n<meta property=\"article:publisher\" content=\"https:\/\/www.facebook.com\/epowersport\/\" \/>\n<meta property=\"article:modified_time\" content=\"2026-03-30T13:19:12+00:00\" \/>\n<meta property=\"og:image\" content=\"https:\/\/www.torq.nl\/wp-content\/uploads\/2021\/07\/atac-lime-final.png\" \/>\n\t<meta property=\"og:image:width\" content=\"1920\" \/>\n\t<meta property=\"og:image:height\" content=\"1920\" \/>\n\t<meta property=\"og:image:type\" content=\"image\/png\" \/>\n<meta name=\"twitter:card\" content=\"summary_large_image\" \/>\n<meta name=\"twitter:site\" content=\"@foodgroupbv\" \/>\n<meta name=\"twitter:label1\" content=\"Gesch\u00e4tzte Lesezeit\" \/>\n\t<meta name=\"twitter:data1\" content=\"1\u00a0Minute\" \/>\n<script type=\"application\/ld+json\" class=\"yoast-schema-graph\">{\"@context\":\"https:\\\/\\\/schema.org\",\"@graph\":[{\"@type\":\"WebPage\",\"@id\":\"https:\\\/\\\/www.torq.nl\\\/product\\\/atac-lime-364-gr\\\/\",\"url\":\"https:\\\/\\\/www.torq.nl\\\/product\\\/atac-lime-364-gr\\\/\",\"name\":\"aTAC Lime 364 gr - E-Power\",\"isPartOf\":{\"@id\":\"https:\\\/\\\/www.torq.nl\\\/#website\"},\"primaryImageOfPage\":{\"@id\":\"https:\\\/\\\/www.torq.nl\\\/product\\\/atac-lime-364-gr\\\/#primaryimage\"},\"image\":{\"@id\":\"https:\\\/\\\/www.torq.nl\\\/product\\\/atac-lime-364-gr\\\/#primaryimage\"},\"thumbnailUrl\":\"https:\\\/\\\/www.torq.nl\\\/wp-content\\\/uploads\\\/2021\\\/07\\\/atac-lime-final.png\",\"datePublished\":\"2021-07-10T22:10:53+00:00\",\"dateModified\":\"2026-03-30T13:19:12+00:00\",\"description\":\"TORQ aTAC is een drankmix in poedervorm, verkrijgbaar in 2 smaken (sinaasappel en limoen) die moet worden toegevoegd aan 100-200 ml water\",\"breadcrumb\":{\"@id\":\"https:\\\/\\\/www.torq.nl\\\/product\\\/atac-lime-364-gr\\\/#breadcrumb\"},\"inLanguage\":\"de\",\"potentialAction\":[{\"@type\":\"ReadAction\",\"target\":[\"https:\\\/\\\/www.torq.nl\\\/product\\\/atac-lime-364-gr\\\/\"]}]},{\"@type\":\"ImageObject\",\"inLanguage\":\"de\",\"@id\":\"https:\\\/\\\/www.torq.nl\\\/product\\\/atac-lime-364-gr\\\/#primaryimage\",\"url\":\"https:\\\/\\\/www.torq.nl\\\/wp-content\\\/uploads\\\/2021\\\/07\\\/atac-lime-final.png\",\"contentUrl\":\"https:\\\/\\\/www.torq.nl\\\/wp-content\\\/uploads\\\/2021\\\/07\\\/atac-lime-final.png\",\"width\":1920,\"height\":1920,\"caption\":\"aTAC Lime 364 gram\"},{\"@type\":\"BreadcrumbList\",\"@id\":\"https:\\\/\\\/www.torq.nl\\\/product\\\/atac-lime-364-gr\\\/#breadcrumb\",\"itemListElement\":[{\"@type\":\"ListItem\",\"position\":1,\"name\":\"Home\",\"item\":\"https:\\\/\\\/www.torq.nl\\\/home\\\/\"},{\"@type\":\"ListItem\",\"position\":2,\"name\":\"Winkel\",\"item\":\"https:\\\/\\\/www.torq.nl\\\/it\\\/winkel\\\/\"},{\"@type\":\"ListItem\",\"position\":3,\"name\":\"aTAC Lime 364 gr\"}]},{\"@type\":\"WebSite\",\"@id\":\"https:\\\/\\\/www.torq.nl\\\/#website\",\"url\":\"https:\\\/\\\/www.torq.nl\\\/\",\"name\":\"E-Power\",\"description\":\"Officieel Torq dealer Benelux\",\"publisher\":{\"@id\":\"https:\\\/\\\/www.torq.nl\\\/#organization\"},\"potentialAction\":[{\"@type\":\"SearchAction\",\"target\":{\"@type\":\"EntryPoint\",\"urlTemplate\":\"https:\\\/\\\/www.torq.nl\\\/?s={search_term_string}\"},\"query-input\":{\"@type\":\"PropertyValueSpecification\",\"valueRequired\":true,\"valueName\":\"search_term_string\"}}],\"inLanguage\":\"de\"},{\"@type\":\"Organization\",\"@id\":\"https:\\\/\\\/www.torq.nl\\\/#organization\",\"name\":\"E-Power\",\"url\":\"https:\\\/\\\/www.torq.nl\\\/\",\"logo\":{\"@type\":\"ImageObject\",\"inLanguage\":\"de\",\"@id\":\"https:\\\/\\\/www.torq.nl\\\/#\\\/schema\\\/logo\\\/image\\\/\",\"url\":\"https:\\\/\\\/www.torq.nl\\\/wp-content\\\/uploads\\\/2021\\\/04\\\/Logo-epower.png\",\"contentUrl\":\"https:\\\/\\\/www.torq.nl\\\/wp-content\\\/uploads\\\/2021\\\/04\\\/Logo-epower.png\",\"width\":506,\"height\":200,\"caption\":\"E-Power\"},\"image\":{\"@id\":\"https:\\\/\\\/www.torq.nl\\\/#\\\/schema\\\/logo\\\/image\\\/\"},\"sameAs\":[\"https:\\\/\\\/www.facebook.com\\\/epowersport\\\/\",\"https:\\\/\\\/x.com\\\/foodgroupbv\"]}]}<\/script>\n<!-- \/ Yoast SEO plugin. -->","yoast_head_json":{"title":"aTAC Lime 364 gr - E-Power","description":"TORQ aTAC ist ein Getr\u00e4nkepulver, erh\u00e4ltlich in 2 Geschmacksrichtungen (Orange und Limette), das in 100-200 ml Wasser einger\u00fchrt werden sollte.","robots":{"index":"index","follow":"follow","max-snippet":"max-snippet:-1","max-image-preview":"max-image-preview:large","max-video-preview":"max-video-preview:-1"},"canonical":"https:\/\/www.torq.nl\/de\/produkt\/atac-lime-364-gr\/","og_locale":"de_DE","og_type":"article","og_title":"aTAC Lime 364 gr - E-Power","og_description":"TORQ aTAC is een drankmix in poedervorm, verkrijgbaar in 2 smaken (sinaasappel en limoen) die moet worden toegevoegd aan 100-200 ml water","og_url":"https:\/\/www.torq.nl\/de\/produkt\/atac-lime-364-gr\/","og_site_name":"E-Power","article_publisher":"https:\/\/www.facebook.com\/epowersport\/","article_modified_time":"2026-03-30T13:19:12+00:00","og_image":[{"width":1920,"height":1920,"url":"https:\/\/www.torq.nl\/wp-content\/uploads\/2021\/07\/atac-lime-final.png","type":"image\/png"}],"twitter_card":"summary_large_image","twitter_site":"@foodgroupbv","twitter_misc":{"Gesch\u00e4tzte Lesezeit":"1\u00a0Minute"},"schema":{"@context":"https:\/\/schema.org","@graph":[{"@type":"WebPage","@id":"https:\/\/www.torq.nl\/product\/atac-lime-364-gr\/","url":"https:\/\/www.torq.nl\/product\/atac-lime-364-gr\/","name":"aTAC Lime 364 gr - E-Power","isPartOf":{"@id":"https:\/\/www.torq.nl\/#website"},"primaryImageOfPage":{"@id":"https:\/\/www.torq.nl\/product\/atac-lime-364-gr\/#primaryimage"},"image":{"@id":"https:\/\/www.torq.nl\/product\/atac-lime-364-gr\/#primaryimage"},"thumbnailUrl":"https:\/\/www.torq.nl\/wp-content\/uploads\/2021\/07\/atac-lime-final.png","datePublished":"2021-07-10T22:10:53+00:00","dateModified":"2026-03-30T13:19:12+00:00","description":"TORQ aTAC ist ein Getr\u00e4nkepulver, erh\u00e4ltlich in 2 Geschmacksrichtungen (Orange und Limette), das in 100-200 ml Wasser einger\u00fchrt werden sollte.","breadcrumb":{"@id":"https:\/\/www.torq.nl\/product\/atac-lime-364-gr\/#breadcrumb"},"inLanguage":"de","potentialAction":[{"@type":"ReadAction","target":["https:\/\/www.torq.nl\/product\/atac-lime-364-gr\/"]}]},{"@type":"ImageObject","inLanguage":"de","@id":"https:\/\/www.torq.nl\/product\/atac-lime-364-gr\/#primaryimage","url":"https:\/\/www.torq.nl\/wp-content\/uploads\/2021\/07\/atac-lime-final.png","contentUrl":"https:\/\/www.torq.nl\/wp-content\/uploads\/2021\/07\/atac-lime-final.png","width":1920,"height":1920,"caption":"aTAC Lime 364 gram"},{"@type":"BreadcrumbList","@id":"https:\/\/www.torq.nl\/product\/atac-lime-364-gr\/#breadcrumb","itemListElement":[{"@type":"ListItem","position":1,"name":"Home","item":"https:\/\/www.torq.nl\/home\/"},{"@type":"ListItem","position":2,"name":"Winkel","item":"https:\/\/www.torq.nl\/it\/winkel\/"},{"@type":"ListItem","position":3,"name":"aTAC Lime 364 gr"}]},{"@type":"WebSite","@id":"https:\/\/www.torq.nl\/#website","url":"https:\/\/www.torq.nl\/","name":"E-Power","description":"Offizieller Torq-H\u00e4ndler Benelux","publisher":{"@id":"https:\/\/www.torq.nl\/#organization"},"potentialAction":[{"@type":"SearchAction","target":{"@type":"EntryPoint","urlTemplate":"https:\/\/www.torq.nl\/?s={search_term_string}"},"query-input":{"@type":"PropertyValueSpecification","valueRequired":true,"valueName":"search_term_string"}}],"inLanguage":"de"},{"@type":"Organization","@id":"https:\/\/www.torq.nl\/#organization","name":"E-Power","url":"https:\/\/www.torq.nl\/","logo":{"@type":"ImageObject","inLanguage":"de","@id":"https:\/\/www.torq.nl\/#\/schema\/logo\/image\/","url":"https:\/\/www.torq.nl\/wp-content\/uploads\/2021\/04\/Logo-epower.png","contentUrl":"https:\/\/www.torq.nl\/wp-content\/uploads\/2021\/04\/Logo-epower.png","width":506,"height":200,"caption":"E-Power"},"image":{"@id":"https:\/\/www.torq.nl\/#\/schema\/logo\/image\/"},"sameAs":["https:\/\/www.facebook.com\/epowersport\/","https:\/\/x.com\/foodgroupbv"]}]}},"_links":{"self":[{"href":"https:\/\/www.torq.nl\/de\/wp-json\/wp\/v2\/product\/644","targetHints":{"allow":["GET"]}}],"collection":[{"href":"https:\/\/www.torq.nl\/de\/wp-json\/wp\/v2\/product"}],"about":[{"href":"https:\/\/www.torq.nl\/de\/wp-json\/wp\/v2\/types\/product"}],"wp:featuredmedia":[{"embeddable":true,"href":"https:\/\/www.torq.nl\/de\/wp-json\/wp\/v2\/media\/4409"}],"wp:attachment":[{"href":"https:\/\/www.torq.nl\/de\/wp-json\/wp\/v2\/media?parent=644"}],"wp:term":[{"taxonomy":"product_brand","embeddable":true,"href":"https:\/\/www.torq.nl\/de\/wp-json\/wp\/v2\/product_brand?post=644"},{"taxonomy":"product_cat","embeddable":true,"href":"https:\/\/www.torq.nl\/de\/wp-json\/wp\/v2\/product_cat?post=644"},{"taxonomy":"product_tag","embeddable":true,"href":"https:\/\/www.torq.nl\/de\/wp-json\/wp\/v2\/product_tag?post=644"}],"curies":[{"name":"wp","href":"https:\/\/api.w.org\/{rel}","templated":true}]}}