{"id":757,"date":"2021-08-19T20:10:21","date_gmt":"2021-08-19T18:10:21","guid":{"rendered":"https:\/\/www.e-powersport.eu\/?post_type=product&#038;p=757"},"modified":"2026-01-27T21:04:48","modified_gmt":"2026-01-27T20:04:48","slug":"vegan-recovery-robust-fruity-15-kg","status":"publish","type":"product","link":"https:\/\/www.torq.nl\/de\/produkt\/vegan-recovery-robust-fruity-15-kg\/","title":{"rendered":"Vegan Recovery Robust &amp; Fruchtig 1,5 kg"},"content":{"rendered":"<p>Wir betrachten den nicht-veganen Erholungsdrink auf Molkebasis von TORQ als die gr\u00fcndlichste und effektivste Formulierung ihrer Art auf dem heutigen Markt, und unsere vegane Version nutzt dieselbe Technologie. Wir gehen keine Kompromisse ein, weshalb wir pflanzliches Erbsenprotein von h\u00f6chster Qualit\u00e4t verwendet haben, anstatt weniger wirksame, minderwertige pflanzliche Proteinquellen. D-Ribose und L-Glutamin sind extrem starke Mikron\u00e4hrstoffe, die diesen Erholungsmischungen eine beispiellose Anreicherung verleihen.<\/p>\n<p>Diesen Formulierungen werden keine Aromen oder Farbstoffe zugesetzt. Die Creamy Cocoa-Mischung verwendet Kakaopulver, um sie zu aromatisieren, und die Robust &amp; Fruity-Mischung basiert auf den nat\u00fcrlichen Aromen des Orangensafts, den Sie damit mischen.<\/p>\n<p>Wie unser Recovery-Drink auf Molkenbasis stellt TORQ Vegan Recovery eine 3:1-Mischung aus Kohlenhydraten und hochwertigem Protein dar. Es ist allgemein anerkannt, dass die Aufnahme von Kohlenhydraten und Proteinen in einem Verh\u00e4ltnis von 3:1 unmittelbar nach dem Training die Glykogensynthese beschleunigt. Mit anderen Worten, die Zugabe von hochwertigem Protein hilft Ihnen, Kohlenhydrate effektiver zu speichern, als wenn Sie nur Kohlenhydrate zu sich nehmen. Es ist auch allgemein anerkannt, dass Erbsenprotein (in Bezug auf Qualit\u00e4t und Funktionalit\u00e4t) dem Whey Protein am n\u00e4chsten kommt. Es ist das am schnellsten wirkende, l\u00f6slichste und am leichtesten absorbierte\/synthetisierte der pflanzlichen Proteine, sodass es die f\u00fcr die Muskelregeneration ben\u00f6tigten Aminos\u00e4uren mit geringer Verz\u00f6gerung liefert.<\/p>\n<p>Der Verzehr von TORQ Vegan Recovery innerhalb von 15 Minuten nach Abschluss des Trainings ist ebenfalls unerl\u00e4sslich, um das Gelegenheitsfenster f\u00fcr die Glykogenspeicherung zu nutzen. Dies wird als \u201einsulinfreie Phase\u201c der Kohlenhydratabsorption bezeichnet.<\/p>\n<p><strong>Robust &amp; Fruchtig <\/strong><\/p>\n<p>Zutaten: Maltodextrin (Glukosepolymere), Erbsenproteinisolat, Ribose (4.0%), Glutamin (7.9%).<\/p>","protected":false},"excerpt":{"rendered":"<p>TORQ Vegan Recovery Drink ist ein hochentwickeltes Ern\u00e4hrungsgetr\u00e4nk nach dem Training, das entwickelt wurde, um Ihre m\u00fcde Physiologie nach anstrengendem Training zu rehydrieren, aufzutanken, zu reparieren und wieder aufzuladen.<\/p>","protected":false},"featured_media":34719,"template":"","meta":{"_monsterinsights_skip_tracking":false,"_monsterinsights_sitenote_active":false,"_monsterinsights_sitenote_note":"","_monsterinsights_sitenote_category":0},"product_brand":[],"product_cat":[31,45,15,46],"product_tag":[],"class_list":{"0":"post-757","1":"product","2":"type-product","3":"status-publish","4":"has-post-thumbnail","6":"product_cat-recovery-system","7":"product_cat-torq-recovery-drink","8":"product_cat-torq-sportvoeding","9":"product_cat-torq-vegan-recovery-drink","11":"first","12":"instock","13":"taxable","14":"shipping-taxable","15":"purchasable","16":"product-type-simple"},"yoast_head":"<!-- This site is optimized with the Yoast SEO plugin v27.2 - https:\/\/yoast.com\/product\/yoast-seo-wordpress\/ -->\n<title>Vegan Recovery Robust &amp; Fruity 1,5 kg - E-Power<\/title>\n<meta name=\"description\" content=\"We beschouwen TORQ&#039;s niet-veganistische op Whey gebaseerde Recovery Drink als de meest grondige en effectieve formulering in zijn soort\" \/>\n<meta name=\"robots\" content=\"index, follow, max-snippet:-1, max-image-preview:large, max-video-preview:-1\" \/>\n<link rel=\"canonical\" href=\"https:\/\/www.torq.nl\/de\/produkt\/vegan-recovery-robust-fruity-15-kg\/\" \/>\n<meta property=\"og:locale\" content=\"de_DE\" \/>\n<meta property=\"og:type\" content=\"article\" \/>\n<meta property=\"og:title\" content=\"Vegan Recovery Robust &amp; Fruity 1,5 kg - E-Power\" \/>\n<meta property=\"og:description\" content=\"We beschouwen TORQ&#039;s niet-veganistische op Whey gebaseerde Recovery Drink als de meest grondige en effectieve formulering in zijn soort\" \/>\n<meta property=\"og:url\" content=\"https:\/\/www.torq.nl\/de\/produkt\/vegan-recovery-robust-fruity-15-kg\/\" \/>\n<meta property=\"og:site_name\" content=\"E-Power\" \/>\n<meta property=\"article:publisher\" content=\"https:\/\/www.facebook.com\/epowersport\/\" \/>\n<meta property=\"article:modified_time\" content=\"2026-01-27T20:04:48+00:00\" \/>\n<meta property=\"og:image\" content=\"https:\/\/www.torq.nl\/wp-content\/uploads\/2021\/08\/robust-fruity-1.5kg-min.png\" \/>\n\t<meta property=\"og:image:width\" content=\"2560\" \/>\n\t<meta property=\"og:image:height\" content=\"2560\" \/>\n\t<meta property=\"og:image:type\" content=\"image\/png\" \/>\n<meta name=\"twitter:card\" content=\"summary_large_image\" \/>\n<meta name=\"twitter:site\" content=\"@foodgroupbv\" \/>\n<meta name=\"twitter:label1\" content=\"Gesch\u00e4tzte Lesezeit\" \/>\n\t<meta name=\"twitter:data1\" content=\"2\u00a0Minuten\" \/>\n<script type=\"application\/ld+json\" class=\"yoast-schema-graph\">{\"@context\":\"https:\/\/schema.org\",\"@graph\":[{\"@type\":\"WebPage\",\"@id\":\"https:\/\/www.torq.nl\/product\/vegan-recovery-robust-fruity-15-kg\/\",\"url\":\"https:\/\/www.torq.nl\/product\/vegan-recovery-robust-fruity-15-kg\/\",\"name\":\"Vegan Recovery Robust & Fruity 1,5 kg - E-Power\",\"isPartOf\":{\"@id\":\"https:\/\/www.torq.nl\/#website\"},\"primaryImageOfPage\":{\"@id\":\"https:\/\/www.torq.nl\/product\/vegan-recovery-robust-fruity-15-kg\/#primaryimage\"},\"image\":{\"@id\":\"https:\/\/www.torq.nl\/product\/vegan-recovery-robust-fruity-15-kg\/#primaryimage\"},\"thumbnailUrl\":\"https:\/\/www.torq.nl\/wp-content\/uploads\/2021\/08\/robust-fruity-1.5kg-min.png\",\"datePublished\":\"2021-08-19T18:10:21+00:00\",\"dateModified\":\"2026-01-27T20:04:48+00:00\",\"description\":\"We beschouwen TORQ's niet-veganistische op Whey gebaseerde Recovery Drink als de meest grondige en effectieve formulering in zijn soort\",\"breadcrumb\":{\"@id\":\"https:\/\/www.torq.nl\/product\/vegan-recovery-robust-fruity-15-kg\/#breadcrumb\"},\"inLanguage\":\"de\",\"potentialAction\":[{\"@type\":\"ReadAction\",\"target\":[\"https:\/\/www.torq.nl\/product\/vegan-recovery-robust-fruity-15-kg\/\"]}]},{\"@type\":\"ImageObject\",\"inLanguage\":\"de\",\"@id\":\"https:\/\/www.torq.nl\/product\/vegan-recovery-robust-fruity-15-kg\/#primaryimage\",\"url\":\"https:\/\/www.torq.nl\/wp-content\/uploads\/2021\/08\/robust-fruity-1.5kg-min.png\",\"contentUrl\":\"https:\/\/www.torq.nl\/wp-content\/uploads\/2021\/08\/robust-fruity-1.5kg-min.png\",\"width\":2560,\"height\":2560,\"caption\":\"vegan-recovery-robust-fruity-1.5kg-torq\"},{\"@type\":\"BreadcrumbList\",\"@id\":\"https:\/\/www.torq.nl\/product\/vegan-recovery-robust-fruity-15-kg\/#breadcrumb\",\"itemListElement\":[{\"@type\":\"ListItem\",\"position\":1,\"name\":\"Home\",\"item\":\"https:\/\/www.torq.nl\/home\/\"},{\"@type\":\"ListItem\",\"position\":2,\"name\":\"Winkel\",\"item\":\"https:\/\/www.torq.nl\/it\/winkel\/\"},{\"@type\":\"ListItem\",\"position\":3,\"name\":\"Vegan Recovery Robust &#038; Fruity 1,5 kg\"}]},{\"@type\":\"WebSite\",\"@id\":\"https:\/\/www.torq.nl\/#website\",\"url\":\"https:\/\/www.torq.nl\/\",\"name\":\"E-Power\",\"description\":\"Officieel Torq dealer Benelux\",\"publisher\":{\"@id\":\"https:\/\/www.torq.nl\/#organization\"},\"potentialAction\":[{\"@type\":\"SearchAction\",\"target\":{\"@type\":\"EntryPoint\",\"urlTemplate\":\"https:\/\/www.torq.nl\/?s={search_term_string}\"},\"query-input\":{\"@type\":\"PropertyValueSpecification\",\"valueRequired\":true,\"valueName\":\"search_term_string\"}}],\"inLanguage\":\"de\"},{\"@type\":\"Organization\",\"@id\":\"https:\/\/www.torq.nl\/#organization\",\"name\":\"E-Power\",\"url\":\"https:\/\/www.torq.nl\/\",\"logo\":{\"@type\":\"ImageObject\",\"inLanguage\":\"de\",\"@id\":\"https:\/\/www.torq.nl\/#\/schema\/logo\/image\/\",\"url\":\"https:\/\/www.torq.nl\/wp-content\/uploads\/2021\/04\/Logo-epower.png\",\"contentUrl\":\"https:\/\/www.torq.nl\/wp-content\/uploads\/2021\/04\/Logo-epower.png\",\"width\":506,\"height\":200,\"caption\":\"E-Power\"},\"image\":{\"@id\":\"https:\/\/www.torq.nl\/#\/schema\/logo\/image\/\"},\"sameAs\":[\"https:\/\/www.facebook.com\/epowersport\/\",\"https:\/\/x.com\/foodgroupbv\"]}]}<\/script>\n<!-- \/ Yoast SEO plugin. -->","yoast_head_json":{"title":"Vegan Recovery Robust & Fruity 1,5 kg - E-Power","description":"Wir halten TORQs nicht-veganes, auf Molke basierendes Recovery-Getr\u00e4nk f\u00fcr die gr\u00fcndlichste und wirksamste Rezeptur ihrer Art.","robots":{"index":"index","follow":"follow","max-snippet":"max-snippet:-1","max-image-preview":"max-image-preview:large","max-video-preview":"max-video-preview:-1"},"canonical":"https:\/\/www.torq.nl\/de\/produkt\/vegan-recovery-robust-fruity-15-kg\/","og_locale":"de_DE","og_type":"article","og_title":"Vegan Recovery Robust & Fruity 1,5 kg - E-Power","og_description":"We beschouwen TORQ's niet-veganistische op Whey gebaseerde Recovery Drink als de meest grondige en effectieve formulering in zijn soort","og_url":"https:\/\/www.torq.nl\/de\/produkt\/vegan-recovery-robust-fruity-15-kg\/","og_site_name":"E-Power","article_publisher":"https:\/\/www.facebook.com\/epowersport\/","article_modified_time":"2026-01-27T20:04:48+00:00","og_image":[{"width":2560,"height":2560,"url":"https:\/\/www.torq.nl\/wp-content\/uploads\/2021\/08\/robust-fruity-1.5kg-min.png","type":"image\/png"}],"twitter_card":"summary_large_image","twitter_site":"@foodgroupbv","twitter_misc":{"Gesch\u00e4tzte Lesezeit":"2\u00a0Minuten"},"schema":{"@context":"https:\/\/schema.org","@graph":[{"@type":"WebPage","@id":"https:\/\/www.torq.nl\/product\/vegan-recovery-robust-fruity-15-kg\/","url":"https:\/\/www.torq.nl\/product\/vegan-recovery-robust-fruity-15-kg\/","name":"Vegan Recovery Robust & Fruity 1,5 kg - E-Power","isPartOf":{"@id":"https:\/\/www.torq.nl\/#website"},"primaryImageOfPage":{"@id":"https:\/\/www.torq.nl\/product\/vegan-recovery-robust-fruity-15-kg\/#primaryimage"},"image":{"@id":"https:\/\/www.torq.nl\/product\/vegan-recovery-robust-fruity-15-kg\/#primaryimage"},"thumbnailUrl":"https:\/\/www.torq.nl\/wp-content\/uploads\/2021\/08\/robust-fruity-1.5kg-min.png","datePublished":"2021-08-19T18:10:21+00:00","dateModified":"2026-01-27T20:04:48+00:00","description":"Wir halten TORQs nicht-veganes, auf Molke basierendes Recovery-Getr\u00e4nk f\u00fcr die gr\u00fcndlichste und wirksamste Rezeptur ihrer Art.","breadcrumb":{"@id":"https:\/\/www.torq.nl\/product\/vegan-recovery-robust-fruity-15-kg\/#breadcrumb"},"inLanguage":"de","potentialAction":[{"@type":"ReadAction","target":["https:\/\/www.torq.nl\/product\/vegan-recovery-robust-fruity-15-kg\/"]}]},{"@type":"ImageObject","inLanguage":"de","@id":"https:\/\/www.torq.nl\/product\/vegan-recovery-robust-fruity-15-kg\/#primaryimage","url":"https:\/\/www.torq.nl\/wp-content\/uploads\/2021\/08\/robust-fruity-1.5kg-min.png","contentUrl":"https:\/\/www.torq.nl\/wp-content\/uploads\/2021\/08\/robust-fruity-1.5kg-min.png","width":2560,"height":2560,"caption":"vegan-recovery-robust-fruity-1.5kg-torq"},{"@type":"BreadcrumbList","@id":"https:\/\/www.torq.nl\/product\/vegan-recovery-robust-fruity-15-kg\/#breadcrumb","itemListElement":[{"@type":"ListItem","position":1,"name":"Home","item":"https:\/\/www.torq.nl\/home\/"},{"@type":"ListItem","position":2,"name":"Winkel","item":"https:\/\/www.torq.nl\/it\/winkel\/"},{"@type":"ListItem","position":3,"name":"Vegan Recovery Robust &#038; Fruity 1,5 kg"}]},{"@type":"WebSite","@id":"https:\/\/www.torq.nl\/#website","url":"https:\/\/www.torq.nl\/","name":"E-Power","description":"Offizieller Torq-H\u00e4ndler Benelux","publisher":{"@id":"https:\/\/www.torq.nl\/#organization"},"potentialAction":[{"@type":"SearchAction","target":{"@type":"EntryPoint","urlTemplate":"https:\/\/www.torq.nl\/?s={search_term_string}"},"query-input":{"@type":"PropertyValueSpecification","valueRequired":true,"valueName":"search_term_string"}}],"inLanguage":"de"},{"@type":"Organization","@id":"https:\/\/www.torq.nl\/#organization","name":"E-Power","url":"https:\/\/www.torq.nl\/","logo":{"@type":"ImageObject","inLanguage":"de","@id":"https:\/\/www.torq.nl\/#\/schema\/logo\/image\/","url":"https:\/\/www.torq.nl\/wp-content\/uploads\/2021\/04\/Logo-epower.png","contentUrl":"https:\/\/www.torq.nl\/wp-content\/uploads\/2021\/04\/Logo-epower.png","width":506,"height":200,"caption":"E-Power"},"image":{"@id":"https:\/\/www.torq.nl\/#\/schema\/logo\/image\/"},"sameAs":["https:\/\/www.facebook.com\/epowersport\/","https:\/\/x.com\/foodgroupbv"]}]}},"_links":{"self":[{"href":"https:\/\/www.torq.nl\/de\/wp-json\/wp\/v2\/product\/757","targetHints":{"allow":["GET"]}}],"collection":[{"href":"https:\/\/www.torq.nl\/de\/wp-json\/wp\/v2\/product"}],"about":[{"href":"https:\/\/www.torq.nl\/de\/wp-json\/wp\/v2\/types\/product"}],"wp:featuredmedia":[{"embeddable":true,"href":"https:\/\/www.torq.nl\/de\/wp-json\/wp\/v2\/media\/34719"}],"wp:attachment":[{"href":"https:\/\/www.torq.nl\/de\/wp-json\/wp\/v2\/media?parent=757"}],"wp:term":[{"taxonomy":"product_brand","embeddable":true,"href":"https:\/\/www.torq.nl\/de\/wp-json\/wp\/v2\/product_brand?post=757"},{"taxonomy":"product_cat","embeddable":true,"href":"https:\/\/www.torq.nl\/de\/wp-json\/wp\/v2\/product_cat?post=757"},{"taxonomy":"product_tag","embeddable":true,"href":"https:\/\/www.torq.nl\/de\/wp-json\/wp\/v2\/product_tag?post=757"}],"curies":[{"name":"wp","href":"https:\/\/api.w.org\/{rel}","templated":true}]}}