{"id":978,"date":"2021-08-27T18:25:59","date_gmt":"2021-08-27T16:25:59","guid":{"rendered":"https:\/\/www.e-powersport.eu\/?post_type=product&#038;p=978"},"modified":"2026-05-02T18:38:47","modified_gmt":"2026-05-02T16:38:47","slug":"organic-energy-bar-mixbox","status":"publish","type":"product","link":"https:\/\/www.torq.nl\/de\/produkt\/organic-energy-bar-mixbox\/","title":{"rendered":"Bio Energieriegel Mixbox (15 St\u00fcck)"},"content":{"rendered":"<p>Jeder TORQ-Riegel enth\u00e4lt 30 Gramm mehrfach transportierbare Kohlenhydrate (1 TORQ-Einheit). F\u00fcr eine optimale Leistung empfiehlt unser TORQ-Kraftstoffsystem den Verbrauch von 2\u20133 TORQ-Einheiten pro Stunde, was durch den Verbrauch verschiedener Kraftstoffprodukte erreicht werden kann.<\/p>\n<h3>Inhalt Energieriegel-Mixbox<\/h3>\n<p>Bio-Energieriegel Zesty Orange (4x), Bio-Energieriegel Zingy Apple (4x), Bio-Energieriegel sonnengetrocknete Banane (4x), Bio-Energieriegel Juicy Mango (3x).<\/p>\n<h3>Verwendung des Produkts<\/h3>\n<p>Wir glauben, dass der TORQ Bar der weichste und am einfachsten zu verzehrende Energieriegel auf dem Markt ist, sodass er w\u00e4hrend des Trainings ganz einfach verzehrt werden kann. Wir raten von der Verwendung von TORQ Bar oder TORQ Chew bei hochintensiven Rennen oder Trainingseinheiten ab, wenn schweres Atmen den Verzehr erschwert.<\/p>\n<p>Aus diesen Gr\u00fcnden empfehlen wir, bei intensiverem Training TORQ Energy Drink mit TORQ Energy Gels zu kombinieren und bei l\u00e4ngeren Distanzen, bei denen die Trainingsintensit\u00e4t aus Gr\u00fcnden der Abwechslung geringer ist, TORQ Bars und TORQ Chews in Betracht zu ziehen. Das Sch\u00f6ne am TORQ-Kraftstoffsystem ist nat\u00fcrlich, dass Sie die Wahl haben und wir akzeptieren, dass jeder andere Vorlieben hat.<\/p>\n<p>*TORQ Energieriegel sind VEGAN<\/p>","protected":false},"excerpt":{"rendered":"<p>TORQ Bar ist eine davon <em><span style=\"color: #ff6600;\">Bio-Energieriegel mit extrem niedrigem Fettgehalt, feucht und z\u00e4h<\/span><\/em>, formuliert nach TORQs einzigartiger Mischung aus <em><span style=\"color: #ff6600;\">mehrfach transportierbare Kohlenhydrate<\/span><\/em> schnell und effizient zu den arbeitenden Muskeln. TORQ-St\u00e4be sind <em><span style=\"color: #ff6600;\">Bio-zertifiziert<\/span><\/em> von der Soil Association. Alle TORQ-Riegel, au\u00dfer dem Riegel mit Orangengeschmack, verwenden ebenfalls <em><span style=\"color: #ff6600;\">Obst aus fairem Handel<\/span><\/em>.<\/p>\n<p>*TORQ Bar ist Teil des TORQ Fueling Systems und kann daher zusammen mit den Energy Drinks, Gels und Chews von TORQ verwendet werden, um optimale Leistung zu erzielen.<\/p>","protected":false},"featured_media":4297,"template":"","meta":{"_monsterinsights_skip_tracking":false,"_monsterinsights_sitenote_active":false,"_monsterinsights_sitenote_note":"","_monsterinsights_sitenote_category":0},"product_brand":[],"product_cat":[30,38,15],"product_tag":[],"class_list":{"0":"post-978","1":"product","2":"type-product","3":"status-publish","4":"has-post-thumbnail","6":"product_cat-fuelling-system","7":"product_cat-torq-energy-bar","8":"product_cat-torq-sportvoeding","10":"first","11":"outofstock","12":"taxable","13":"shipping-taxable","14":"purchasable","15":"product-type-simple"},"yoast_head":"<!-- This site is optimized with the Yoast SEO plugin v27.5 - https:\/\/yoast.com\/product\/yoast-seo-wordpress\/ -->\n<title>Organic Energy Bar Mixbox (15 st) - E-Power<\/title>\n<meta name=\"description\" content=\"Vier van de TORQ-repen zijn Fairtrade-gecertificeerd en \u00e9\u00e9n is biologisch gecertificeerd door de Soil Association en gebruikt eerlijk verhandeld fruit.\" \/>\n<meta name=\"robots\" content=\"index, follow, max-snippet:-1, max-image-preview:large, max-video-preview:-1\" \/>\n<link rel=\"canonical\" href=\"https:\/\/www.torq.nl\/de\/produkt\/organic-energy-bar-mixbox\/\" \/>\n<meta property=\"og:locale\" content=\"de_DE\" \/>\n<meta property=\"og:type\" content=\"article\" \/>\n<meta property=\"og:title\" content=\"Organic Energy Bar Mixbox (15 st) - E-Power\" \/>\n<meta property=\"og:description\" content=\"Vier van de TORQ-repen zijn Fairtrade-gecertificeerd en \u00e9\u00e9n is biologisch gecertificeerd door de Soil Association en gebruikt eerlijk verhandeld fruit.\" \/>\n<meta property=\"og:url\" content=\"https:\/\/www.torq.nl\/de\/produkt\/organic-energy-bar-mixbox\/\" \/>\n<meta property=\"og:site_name\" content=\"E-Power\" \/>\n<meta property=\"article:publisher\" content=\"https:\/\/www.facebook.com\/epowersport\/\" \/>\n<meta property=\"article:modified_time\" content=\"2026-05-02T16:38:47+00:00\" \/>\n<meta property=\"og:image\" content=\"https:\/\/www.torq.nl\/wp-content\/uploads\/2021\/08\/mixed-box-bars-1-1030x1030.png\" \/>\n\t<meta property=\"og:image:width\" content=\"1030\" \/>\n\t<meta property=\"og:image:height\" content=\"1030\" \/>\n\t<meta property=\"og:image:type\" content=\"image\/png\" \/>\n<meta name=\"twitter:card\" content=\"summary_large_image\" \/>\n<meta name=\"twitter:site\" content=\"@foodgroupbv\" \/>\n<meta name=\"twitter:label1\" content=\"Gesch\u00e4tzte Lesezeit\" \/>\n\t<meta name=\"twitter:data1\" content=\"1\u00a0Minute\" \/>\n<script type=\"application\/ld+json\" class=\"yoast-schema-graph\">{\"@context\":\"https:\\\/\\\/schema.org\",\"@graph\":[{\"@type\":\"WebPage\",\"@id\":\"https:\\\/\\\/www.torq.nl\\\/product\\\/organic-energy-bar-mixbox\\\/\",\"url\":\"https:\\\/\\\/www.torq.nl\\\/product\\\/organic-energy-bar-mixbox\\\/\",\"name\":\"Organic Energy Bar Mixbox (15 st) - E-Power\",\"isPartOf\":{\"@id\":\"https:\\\/\\\/www.torq.nl\\\/#website\"},\"primaryImageOfPage\":{\"@id\":\"https:\\\/\\\/www.torq.nl\\\/product\\\/organic-energy-bar-mixbox\\\/#primaryimage\"},\"image\":{\"@id\":\"https:\\\/\\\/www.torq.nl\\\/product\\\/organic-energy-bar-mixbox\\\/#primaryimage\"},\"thumbnailUrl\":\"https:\\\/\\\/www.torq.nl\\\/wp-content\\\/uploads\\\/2021\\\/08\\\/mixed-box-bars-1.png\",\"datePublished\":\"2021-08-27T16:25:59+00:00\",\"dateModified\":\"2026-05-02T16:38:47+00:00\",\"description\":\"Vier van de TORQ-repen zijn Fairtrade-gecertificeerd en \u00e9\u00e9n is biologisch gecertificeerd door de Soil Association en gebruikt eerlijk verhandeld fruit.\",\"breadcrumb\":{\"@id\":\"https:\\\/\\\/www.torq.nl\\\/product\\\/organic-energy-bar-mixbox\\\/#breadcrumb\"},\"inLanguage\":\"de\",\"potentialAction\":[{\"@type\":\"ReadAction\",\"target\":[\"https:\\\/\\\/www.torq.nl\\\/product\\\/organic-energy-bar-mixbox\\\/\"]}]},{\"@type\":\"ImageObject\",\"inLanguage\":\"de\",\"@id\":\"https:\\\/\\\/www.torq.nl\\\/product\\\/organic-energy-bar-mixbox\\\/#primaryimage\",\"url\":\"https:\\\/\\\/www.torq.nl\\\/wp-content\\\/uploads\\\/2021\\\/08\\\/mixed-box-bars-1.png\",\"contentUrl\":\"https:\\\/\\\/www.torq.nl\\\/wp-content\\\/uploads\\\/2021\\\/08\\\/mixed-box-bars-1.png\",\"width\":2560,\"height\":2560,\"caption\":\"Energy Bar Mixbox\"},{\"@type\":\"BreadcrumbList\",\"@id\":\"https:\\\/\\\/www.torq.nl\\\/product\\\/organic-energy-bar-mixbox\\\/#breadcrumb\",\"itemListElement\":[{\"@type\":\"ListItem\",\"position\":1,\"name\":\"Home\",\"item\":\"https:\\\/\\\/www.torq.nl\\\/home\\\/\"},{\"@type\":\"ListItem\",\"position\":2,\"name\":\"Winkel\",\"item\":\"https:\\\/\\\/www.torq.nl\\\/it\\\/winkel\\\/\"},{\"@type\":\"ListItem\",\"position\":3,\"name\":\"Organic Energy Bar Mixbox (15 st)\"}]},{\"@type\":\"WebSite\",\"@id\":\"https:\\\/\\\/www.torq.nl\\\/#website\",\"url\":\"https:\\\/\\\/www.torq.nl\\\/\",\"name\":\"E-Power\",\"description\":\"Officieel Torq dealer Benelux\",\"publisher\":{\"@id\":\"https:\\\/\\\/www.torq.nl\\\/#organization\"},\"potentialAction\":[{\"@type\":\"SearchAction\",\"target\":{\"@type\":\"EntryPoint\",\"urlTemplate\":\"https:\\\/\\\/www.torq.nl\\\/?s={search_term_string}\"},\"query-input\":{\"@type\":\"PropertyValueSpecification\",\"valueRequired\":true,\"valueName\":\"search_term_string\"}}],\"inLanguage\":\"de\"},{\"@type\":\"Organization\",\"@id\":\"https:\\\/\\\/www.torq.nl\\\/#organization\",\"name\":\"E-Power\",\"url\":\"https:\\\/\\\/www.torq.nl\\\/\",\"logo\":{\"@type\":\"ImageObject\",\"inLanguage\":\"de\",\"@id\":\"https:\\\/\\\/www.torq.nl\\\/#\\\/schema\\\/logo\\\/image\\\/\",\"url\":\"https:\\\/\\\/www.torq.nl\\\/wp-content\\\/uploads\\\/2021\\\/04\\\/Logo-epower.png\",\"contentUrl\":\"https:\\\/\\\/www.torq.nl\\\/wp-content\\\/uploads\\\/2021\\\/04\\\/Logo-epower.png\",\"width\":506,\"height\":200,\"caption\":\"E-Power\"},\"image\":{\"@id\":\"https:\\\/\\\/www.torq.nl\\\/#\\\/schema\\\/logo\\\/image\\\/\"},\"sameAs\":[\"https:\\\/\\\/www.facebook.com\\\/epowersport\\\/\",\"https:\\\/\\\/x.com\\\/foodgroupbv\"]}]}<\/script>\n<!-- \/ Yoast SEO plugin. -->","yoast_head_json":{"title":"Organic Energy Bar Mixbox (15 st) - E-Power","description":"Vier van de TORQ-repen zijn Fairtrade-gecertificeerd en \u00e9\u00e9n is biologisch gecertificeerd door de Soil Association en gebruikt eerlijk verhandeld fruit.","robots":{"index":"index","follow":"follow","max-snippet":"max-snippet:-1","max-image-preview":"max-image-preview:large","max-video-preview":"max-video-preview:-1"},"canonical":"https:\/\/www.torq.nl\/de\/produkt\/organic-energy-bar-mixbox\/","og_locale":"de_DE","og_type":"article","og_title":"Organic Energy Bar Mixbox (15 st) - E-Power","og_description":"Vier van de TORQ-repen zijn Fairtrade-gecertificeerd en \u00e9\u00e9n is biologisch gecertificeerd door de Soil Association en gebruikt eerlijk verhandeld fruit.","og_url":"https:\/\/www.torq.nl\/de\/produkt\/organic-energy-bar-mixbox\/","og_site_name":"E-Power","article_publisher":"https:\/\/www.facebook.com\/epowersport\/","article_modified_time":"2026-05-02T16:38:47+00:00","og_image":[{"width":1030,"height":1030,"url":"https:\/\/www.torq.nl\/wp-content\/uploads\/2021\/08\/mixed-box-bars-1-1030x1030.png","type":"image\/png"}],"twitter_card":"summary_large_image","twitter_site":"@foodgroupbv","twitter_misc":{"Gesch\u00e4tzte Lesezeit":"1\u00a0Minute"},"schema":{"@context":"https:\/\/schema.org","@graph":[{"@type":"WebPage","@id":"https:\/\/www.torq.nl\/product\/organic-energy-bar-mixbox\/","url":"https:\/\/www.torq.nl\/product\/organic-energy-bar-mixbox\/","name":"Organic Energy Bar Mixbox (15 st) - E-Power","isPartOf":{"@id":"https:\/\/www.torq.nl\/#website"},"primaryImageOfPage":{"@id":"https:\/\/www.torq.nl\/product\/organic-energy-bar-mixbox\/#primaryimage"},"image":{"@id":"https:\/\/www.torq.nl\/product\/organic-energy-bar-mixbox\/#primaryimage"},"thumbnailUrl":"https:\/\/www.torq.nl\/wp-content\/uploads\/2021\/08\/mixed-box-bars-1.png","datePublished":"2021-08-27T16:25:59+00:00","dateModified":"2026-05-02T16:38:47+00:00","description":"Vier van de TORQ-repen zijn Fairtrade-gecertificeerd en \u00e9\u00e9n is biologisch gecertificeerd door de Soil Association en gebruikt eerlijk verhandeld fruit.","breadcrumb":{"@id":"https:\/\/www.torq.nl\/product\/organic-energy-bar-mixbox\/#breadcrumb"},"inLanguage":"de","potentialAction":[{"@type":"ReadAction","target":["https:\/\/www.torq.nl\/product\/organic-energy-bar-mixbox\/"]}]},{"@type":"ImageObject","inLanguage":"de","@id":"https:\/\/www.torq.nl\/product\/organic-energy-bar-mixbox\/#primaryimage","url":"https:\/\/www.torq.nl\/wp-content\/uploads\/2021\/08\/mixed-box-bars-1.png","contentUrl":"https:\/\/www.torq.nl\/wp-content\/uploads\/2021\/08\/mixed-box-bars-1.png","width":2560,"height":2560,"caption":"Energy Bar Mixbox"},{"@type":"BreadcrumbList","@id":"https:\/\/www.torq.nl\/product\/organic-energy-bar-mixbox\/#breadcrumb","itemListElement":[{"@type":"ListItem","position":1,"name":"Home","item":"https:\/\/www.torq.nl\/home\/"},{"@type":"ListItem","position":2,"name":"Winkel","item":"https:\/\/www.torq.nl\/it\/winkel\/"},{"@type":"ListItem","position":3,"name":"Organic Energy Bar Mixbox (15 st)"}]},{"@type":"WebSite","@id":"https:\/\/www.torq.nl\/#website","url":"https:\/\/www.torq.nl\/","name":"E-Power","description":"Offizieller Torq-H\u00e4ndler Benelux","publisher":{"@id":"https:\/\/www.torq.nl\/#organization"},"potentialAction":[{"@type":"SearchAction","target":{"@type":"EntryPoint","urlTemplate":"https:\/\/www.torq.nl\/?s={search_term_string}"},"query-input":{"@type":"PropertyValueSpecification","valueRequired":true,"valueName":"search_term_string"}}],"inLanguage":"de"},{"@type":"Organization","@id":"https:\/\/www.torq.nl\/#organization","name":"E-Power","url":"https:\/\/www.torq.nl\/","logo":{"@type":"ImageObject","inLanguage":"de","@id":"https:\/\/www.torq.nl\/#\/schema\/logo\/image\/","url":"https:\/\/www.torq.nl\/wp-content\/uploads\/2021\/04\/Logo-epower.png","contentUrl":"https:\/\/www.torq.nl\/wp-content\/uploads\/2021\/04\/Logo-epower.png","width":506,"height":200,"caption":"E-Power"},"image":{"@id":"https:\/\/www.torq.nl\/#\/schema\/logo\/image\/"},"sameAs":["https:\/\/www.facebook.com\/epowersport\/","https:\/\/x.com\/foodgroupbv"]}]}},"_links":{"self":[{"href":"https:\/\/www.torq.nl\/de\/wp-json\/wp\/v2\/product\/978","targetHints":{"allow":["GET"]}}],"collection":[{"href":"https:\/\/www.torq.nl\/de\/wp-json\/wp\/v2\/product"}],"about":[{"href":"https:\/\/www.torq.nl\/de\/wp-json\/wp\/v2\/types\/product"}],"wp:featuredmedia":[{"embeddable":true,"href":"https:\/\/www.torq.nl\/de\/wp-json\/wp\/v2\/media\/4297"}],"wp:attachment":[{"href":"https:\/\/www.torq.nl\/de\/wp-json\/wp\/v2\/media?parent=978"}],"wp:term":[{"taxonomy":"product_brand","embeddable":true,"href":"https:\/\/www.torq.nl\/de\/wp-json\/wp\/v2\/product_brand?post=978"},{"taxonomy":"product_cat","embeddable":true,"href":"https:\/\/www.torq.nl\/de\/wp-json\/wp\/v2\/product_cat?post=978"},{"taxonomy":"product_tag","embeddable":true,"href":"https:\/\/www.torq.nl\/de\/wp-json\/wp\/v2\/product_tag?post=978"}],"curies":[{"name":"wp","href":"https:\/\/api.w.org\/{rel}","templated":true}]}}