{"id":35289,"date":"2024-07-23T09:25:09","date_gmt":"2024-07-23T07:25:09","guid":{"rendered":"https:\/\/www.torq.nl\/?post_type=product&#038;p=35289"},"modified":"2025-07-30T14:30:09","modified_gmt":"2025-07-30T12:30:09","slug":"sustain-gum-50-mg-cafeine-per-kauwgom","status":"publish","type":"product","link":"https:\/\/www.torq.nl\/en\/product\/sustain-gum-50-mg-cafeine-per-kauwgom\/","title":{"rendered":"Sustain Gum \u2013 50 mg caffeine per chewing gum"},"content":{"rendered":"<p>Sustain Gum is designed with your performance in mind, but the price of success shouldn&#039;t be the earth. That&#039;s why we use a natural chewing gum base made from plants, making our caffeine gum both biodegradable and environmentally friendly.<\/p>\n<p>Because you chew Sustain Chewing Gum, the caffeine is absorbed through the membranes in the mouth directly into your bloodstream, bypassing your stomach, <strong>so you just have to <\/strong><strong>5-10 minutes <\/strong><strong>to chew <\/strong>(throw the gum away after 10 minutes!) to get the caffeine kick you need to maximize your performance. When you&#039;re tired in a race or struggling in the gym, it can be the difference between winning and losing or setting a new Personal Best.<\/p>\n<h4>Why choose Sustain Gum?<\/h4>\n<p>Most chewing gums contain plastic hidden in their ingredients under the term &#039;gum base&#039;, meaning it would take centuries to degrade. We use a natural chewing gum base, made with only plant-based ingredients, and 100% is compostable, just like a piece of fruit! So you can bury Sustain Gum like your opposition, supporting both you and the Earth. Our packaging is also 100% biodegradable, meaning you can break your Personal Bests with a clear conscience.<\/p>\n<p>Many caffeine products give you the jitters packed with unhealthy nasties and most other chewing gum is made of plastic. Our biodegradable caffeine gum is sugar-free \u2013 No filler, no bull. We use xylitol, a plant-based sweetener, and natural flavors of peppermint and menthol for a tasty, refreshing chew.<\/p>\n<p>At less than 5 calories each, it fuels you with clean energy that feels natural and lasts longer for better performance.<\/p>\n<h4>How to use\u2026<\/h4>\n<p>Our plastic-free energy gum is a refreshing delicious chewing gum.<strong> Just put one in your mouth and chew for about 5 to 10 minutes <\/strong>to unleash a clean burst of energy that you will feel.<\/p>\n<p>Who is Sustain Gum suitable for? Whether you&#039;re conquering marathons, crushing your daily runs, hitting the gym for an intense workout or gearing up for a big race, our energy chews are your ultimate companion to help you stay at your peak performance for hours.<\/p>\n<h4>Ingredients<\/h4>\n<p>Xylitol, natural gum base, natural peppermint flavor, natural menthol flavor, caffeine, glycerol, gum arabic, sucralose, acesulfame K, carnauba wax.<\/p>\n<h4>Main benefits<\/h4>\n<p>Sustain Gum has benefited many, from ultrarunners and elite athletes to gym enthusiasts and shift workers. We are happy with the impact we have on people&#039;s lives (and without harming the planet!).<\/p>\n<ul>\n<li>100% biodegradable gum<\/li>\n<li>100% Compostable Packaging<\/li>\n<li>50 mg caffeine per chew<\/li>\n<li>Plastic-free and natural chewing gum base<\/li>\n<li>Kicks 3x faster than other caffeine sources<\/li>\n<li>Increases energy levels and improves focus<\/li>\n<li>Reduce fatigue and combat fatigue<\/li>\n<li>Scientifically increases endurance by up to 6%<\/li>\n<li>Steven Bartlett &amp; Peter Jones Gesteen<\/li>\n<li>Designed for athletes by athletes<\/li>\n<li>Natural flavors &amp; no artificial sweeteners<\/li>\n<li>Sugar-free &amp; Deliciously Minty<\/li>\n<\/ul>","protected":false},"excerpt":{"rendered":"<h4><b>Performance-enhancing, long-lasting, plastic-free caffeine chewing gum<\/b><\/h4>\n<p>Sustain Gum \u2013 the very first 100% biodegradable, plastic-free caffeine chewing gum.<\/p>\n<p>*Size: Per bag \u2013 12 pieces of chewing gum<\/p>\n<p>*Brand: Caffeine Bullet<\/p>","protected":false},"featured_media":35290,"template":"","meta":{"_monsterinsights_skip_tracking":false,"_monsterinsights_sitenote_active":false,"_monsterinsights_sitenote_note":"","_monsterinsights_sitenote_category":0},"product_brand":[],"product_cat":[69],"product_tag":[],"class_list":{"0":"post-35289","1":"product","2":"type-product","3":"status-publish","4":"has-post-thumbnail","6":"product_cat-performance-bullet","8":"first","9":"instock","10":"taxable","11":"shipping-taxable","12":"purchasable","13":"product-type-simple"},"yoast_head":"<!-- This site is optimized with the Yoast SEO plugin v27.5 - https:\/\/yoast.com\/product\/yoast-seo-wordpress\/ -->\n<title>Sustain Gum - 50 mg cafe\u00efne per kauwgom - E-Power<\/title>\n<meta name=\"robots\" content=\"index, follow, max-snippet:-1, max-image-preview:large, max-video-preview:-1\" \/>\n<link rel=\"canonical\" href=\"https:\/\/www.torq.nl\/en\/product\/sustain-gum-50-mg-cafeine-per-kauwgom\/\" \/>\n<meta property=\"og:locale\" content=\"en_GB\" \/>\n<meta property=\"og:type\" content=\"article\" \/>\n<meta property=\"og:title\" content=\"Sustain Gum - 50 mg cafe\u00efne per kauwgom - E-Power\" \/>\n<meta property=\"og:description\" content=\"Prestatieverbeterende, duurzame, plasticvrije cafe\u00efne kauwgom Sustain Gum - de allereerste 100% biologisch afbreekbare, plasticvrije cafe\u00efne kauwgom.  *Grootte: Per zakje - 12 stuks kauwgom  *Merk: Caffeine Bullet\" \/>\n<meta property=\"og:url\" content=\"https:\/\/www.torq.nl\/en\/product\/sustain-gum-50-mg-cafeine-per-kauwgom\/\" \/>\n<meta property=\"og:site_name\" content=\"E-Power\" \/>\n<meta property=\"article:publisher\" content=\"https:\/\/www.facebook.com\/epowersport\/\" \/>\n<meta property=\"article:modified_time\" content=\"2025-07-30T12:30:09+00:00\" \/>\n<meta property=\"og:image\" content=\"https:\/\/www.torq.nl\/wp-content\/uploads\/2024\/07\/Sustain_Gum_26_1600x_crop_center.jpg.webp\" \/>\n\t<meta property=\"og:image:width\" content=\"1600\" \/>\n\t<meta property=\"og:image:height\" content=\"1600\" \/>\n\t<meta property=\"og:image:type\" content=\"image\/webp\" \/>\n<meta name=\"twitter:card\" content=\"summary_large_image\" \/>\n<meta name=\"twitter:site\" content=\"@foodgroupbv\" \/>\n<meta name=\"twitter:label1\" content=\"Estimated reading time\" \/>\n\t<meta name=\"twitter:data1\" content=\"3 minutes\" \/>\n<script type=\"application\/ld+json\" class=\"yoast-schema-graph\">{\"@context\":\"https:\\\/\\\/schema.org\",\"@graph\":[{\"@type\":\"WebPage\",\"@id\":\"https:\\\/\\\/www.torq.nl\\\/product\\\/sustain-gum-50-mg-cafeine-per-kauwgom\\\/\",\"url\":\"https:\\\/\\\/www.torq.nl\\\/product\\\/sustain-gum-50-mg-cafeine-per-kauwgom\\\/\",\"name\":\"Sustain Gum - 50 mg cafe\u00efne per kauwgom - E-Power\",\"isPartOf\":{\"@id\":\"https:\\\/\\\/www.torq.nl\\\/#website\"},\"primaryImageOfPage\":{\"@id\":\"https:\\\/\\\/www.torq.nl\\\/product\\\/sustain-gum-50-mg-cafeine-per-kauwgom\\\/#primaryimage\"},\"image\":{\"@id\":\"https:\\\/\\\/www.torq.nl\\\/product\\\/sustain-gum-50-mg-cafeine-per-kauwgom\\\/#primaryimage\"},\"thumbnailUrl\":\"https:\\\/\\\/www.torq.nl\\\/wp-content\\\/uploads\\\/2024\\\/07\\\/Sustain_Gum_26_1600x_crop_center.jpg.webp\",\"datePublished\":\"2024-07-23T07:25:09+00:00\",\"dateModified\":\"2025-07-30T12:30:09+00:00\",\"breadcrumb\":{\"@id\":\"https:\\\/\\\/www.torq.nl\\\/product\\\/sustain-gum-50-mg-cafeine-per-kauwgom\\\/#breadcrumb\"},\"inLanguage\":\"en-GB\",\"potentialAction\":[{\"@type\":\"ReadAction\",\"target\":[\"https:\\\/\\\/www.torq.nl\\\/product\\\/sustain-gum-50-mg-cafeine-per-kauwgom\\\/\"]}]},{\"@type\":\"ImageObject\",\"inLanguage\":\"en-GB\",\"@id\":\"https:\\\/\\\/www.torq.nl\\\/product\\\/sustain-gum-50-mg-cafeine-per-kauwgom\\\/#primaryimage\",\"url\":\"https:\\\/\\\/www.torq.nl\\\/wp-content\\\/uploads\\\/2024\\\/07\\\/Sustain_Gum_26_1600x_crop_center.jpg.webp\",\"contentUrl\":\"https:\\\/\\\/www.torq.nl\\\/wp-content\\\/uploads\\\/2024\\\/07\\\/Sustain_Gum_26_1600x_crop_center.jpg.webp\",\"width\":1600,\"height\":1600,\"caption\":\"Sustain Gum - 50 mg cafe\u00efne per kauwgom\"},{\"@type\":\"BreadcrumbList\",\"@id\":\"https:\\\/\\\/www.torq.nl\\\/product\\\/sustain-gum-50-mg-cafeine-per-kauwgom\\\/#breadcrumb\",\"itemListElement\":[{\"@type\":\"ListItem\",\"position\":1,\"name\":\"Home\",\"item\":\"https:\\\/\\\/www.torq.nl\\\/home\\\/\"},{\"@type\":\"ListItem\",\"position\":2,\"name\":\"Winkel\",\"item\":\"https:\\\/\\\/www.torq.nl\\\/it\\\/winkel\\\/\"},{\"@type\":\"ListItem\",\"position\":3,\"name\":\"Sustain Gum &#8211; 50 mg cafe\u00efne per kauwgom\"}]},{\"@type\":\"WebSite\",\"@id\":\"https:\\\/\\\/www.torq.nl\\\/#website\",\"url\":\"https:\\\/\\\/www.torq.nl\\\/\",\"name\":\"E-Power\",\"description\":\"Officieel Torq dealer Benelux\",\"publisher\":{\"@id\":\"https:\\\/\\\/www.torq.nl\\\/#organization\"},\"potentialAction\":[{\"@type\":\"SearchAction\",\"target\":{\"@type\":\"EntryPoint\",\"urlTemplate\":\"https:\\\/\\\/www.torq.nl\\\/?s={search_term_string}\"},\"query-input\":{\"@type\":\"PropertyValueSpecification\",\"valueRequired\":true,\"valueName\":\"search_term_string\"}}],\"inLanguage\":\"en-GB\"},{\"@type\":\"Organization\",\"@id\":\"https:\\\/\\\/www.torq.nl\\\/#organization\",\"name\":\"E-Power\",\"url\":\"https:\\\/\\\/www.torq.nl\\\/\",\"logo\":{\"@type\":\"ImageObject\",\"inLanguage\":\"en-GB\",\"@id\":\"https:\\\/\\\/www.torq.nl\\\/#\\\/schema\\\/logo\\\/image\\\/\",\"url\":\"https:\\\/\\\/www.torq.nl\\\/wp-content\\\/uploads\\\/2021\\\/04\\\/Logo-epower.png\",\"contentUrl\":\"https:\\\/\\\/www.torq.nl\\\/wp-content\\\/uploads\\\/2021\\\/04\\\/Logo-epower.png\",\"width\":506,\"height\":200,\"caption\":\"E-Power\"},\"image\":{\"@id\":\"https:\\\/\\\/www.torq.nl\\\/#\\\/schema\\\/logo\\\/image\\\/\"},\"sameAs\":[\"https:\\\/\\\/www.facebook.com\\\/epowersport\\\/\",\"https:\\\/\\\/x.com\\\/foodgroupbv\"]}]}<\/script>\n<!-- \/ Yoast SEO plugin. -->","yoast_head_json":{"title":"Sustain Gum - 50 mg cafe\u00efne per kauwgom - E-Power","robots":{"index":"index","follow":"follow","max-snippet":"max-snippet:-1","max-image-preview":"max-image-preview:large","max-video-preview":"max-video-preview:-1"},"canonical":"https:\/\/www.torq.nl\/en\/product\/sustain-gum-50-mg-cafeine-per-kauwgom\/","og_locale":"en_GB","og_type":"article","og_title":"Sustain Gum - 50 mg cafe\u00efne per kauwgom - E-Power","og_description":"Prestatieverbeterende, duurzame, plasticvrije cafe\u00efne kauwgom Sustain Gum - de allereerste 100% biologisch afbreekbare, plasticvrije cafe\u00efne kauwgom.  *Grootte: Per zakje - 12 stuks kauwgom  *Merk: Caffeine Bullet","og_url":"https:\/\/www.torq.nl\/en\/product\/sustain-gum-50-mg-cafeine-per-kauwgom\/","og_site_name":"E-Power","article_publisher":"https:\/\/www.facebook.com\/epowersport\/","article_modified_time":"2025-07-30T12:30:09+00:00","og_image":[{"width":1600,"height":1600,"url":"https:\/\/www.torq.nl\/wp-content\/uploads\/2024\/07\/Sustain_Gum_26_1600x_crop_center.jpg.webp","type":"image\/webp"}],"twitter_card":"summary_large_image","twitter_site":"@foodgroupbv","twitter_misc":{"Estimated reading time":"3 minutes"},"schema":{"@context":"https:\/\/schema.org","@graph":[{"@type":"WebPage","@id":"https:\/\/www.torq.nl\/product\/sustain-gum-50-mg-cafeine-per-kauwgom\/","url":"https:\/\/www.torq.nl\/product\/sustain-gum-50-mg-cafeine-per-kauwgom\/","name":"Sustain Gum - 50 mg cafe\u00efne per kauwgom - E-Power","isPartOf":{"@id":"https:\/\/www.torq.nl\/#website"},"primaryImageOfPage":{"@id":"https:\/\/www.torq.nl\/product\/sustain-gum-50-mg-cafeine-per-kauwgom\/#primaryimage"},"image":{"@id":"https:\/\/www.torq.nl\/product\/sustain-gum-50-mg-cafeine-per-kauwgom\/#primaryimage"},"thumbnailUrl":"https:\/\/www.torq.nl\/wp-content\/uploads\/2024\/07\/Sustain_Gum_26_1600x_crop_center.jpg.webp","datePublished":"2024-07-23T07:25:09+00:00","dateModified":"2025-07-30T12:30:09+00:00","breadcrumb":{"@id":"https:\/\/www.torq.nl\/product\/sustain-gum-50-mg-cafeine-per-kauwgom\/#breadcrumb"},"inLanguage":"en-GB","potentialAction":[{"@type":"ReadAction","target":["https:\/\/www.torq.nl\/product\/sustain-gum-50-mg-cafeine-per-kauwgom\/"]}]},{"@type":"ImageObject","inLanguage":"en-GB","@id":"https:\/\/www.torq.nl\/product\/sustain-gum-50-mg-cafeine-per-kauwgom\/#primaryimage","url":"https:\/\/www.torq.nl\/wp-content\/uploads\/2024\/07\/Sustain_Gum_26_1600x_crop_center.jpg.webp","contentUrl":"https:\/\/www.torq.nl\/wp-content\/uploads\/2024\/07\/Sustain_Gum_26_1600x_crop_center.jpg.webp","width":1600,"height":1600,"caption":"Sustain Gum - 50 mg cafe\u00efne per kauwgom"},{"@type":"BreadcrumbList","@id":"https:\/\/www.torq.nl\/product\/sustain-gum-50-mg-cafeine-per-kauwgom\/#breadcrumb","itemListElement":[{"@type":"ListItem","position":1,"name":"Home","item":"https:\/\/www.torq.nl\/home\/"},{"@type":"ListItem","position":2,"name":"Winkel","item":"https:\/\/www.torq.nl\/it\/winkel\/"},{"@type":"ListItem","position":3,"name":"Sustain Gum &#8211; 50 mg cafe\u00efne per kauwgom"}]},{"@type":"WebSite","@id":"https:\/\/www.torq.nl\/#website","url":"https:\/\/www.torq.nl\/","name":"E-Power","description":"Official Torq dealer Benelux","publisher":{"@id":"https:\/\/www.torq.nl\/#organization"},"potentialAction":[{"@type":"SearchAction","target":{"@type":"EntryPoint","urlTemplate":"https:\/\/www.torq.nl\/?s={search_term_string}"},"query-input":{"@type":"PropertyValueSpecification","valueRequired":true,"valueName":"search_term_string"}}],"inLanguage":"en-GB"},{"@type":"Organization","@id":"https:\/\/www.torq.nl\/#organization","name":"E-Power","url":"https:\/\/www.torq.nl\/","logo":{"@type":"ImageObject","inLanguage":"en-GB","@id":"https:\/\/www.torq.nl\/#\/schema\/logo\/image\/","url":"https:\/\/www.torq.nl\/wp-content\/uploads\/2021\/04\/Logo-epower.png","contentUrl":"https:\/\/www.torq.nl\/wp-content\/uploads\/2021\/04\/Logo-epower.png","width":506,"height":200,"caption":"E-Power"},"image":{"@id":"https:\/\/www.torq.nl\/#\/schema\/logo\/image\/"},"sameAs":["https:\/\/www.facebook.com\/epowersport\/","https:\/\/x.com\/foodgroupbv"]}]}},"_links":{"self":[{"href":"https:\/\/www.torq.nl\/en\/wp-json\/wp\/v2\/product\/35289","targetHints":{"allow":["GET"]}}],"collection":[{"href":"https:\/\/www.torq.nl\/en\/wp-json\/wp\/v2\/product"}],"about":[{"href":"https:\/\/www.torq.nl\/en\/wp-json\/wp\/v2\/types\/product"}],"wp:featuredmedia":[{"embeddable":true,"href":"https:\/\/www.torq.nl\/en\/wp-json\/wp\/v2\/media\/35290"}],"wp:attachment":[{"href":"https:\/\/www.torq.nl\/en\/wp-json\/wp\/v2\/media?parent=35289"}],"wp:term":[{"taxonomy":"product_brand","embeddable":true,"href":"https:\/\/www.torq.nl\/en\/wp-json\/wp\/v2\/product_brand?post=35289"},{"taxonomy":"product_cat","embeddable":true,"href":"https:\/\/www.torq.nl\/en\/wp-json\/wp\/v2\/product_cat?post=35289"},{"taxonomy":"product_tag","embeddable":true,"href":"https:\/\/www.torq.nl\/en\/wp-json\/wp\/v2\/product_tag?post=35289"}],"curies":[{"name":"wp","href":"https:\/\/api.w.org\/{rel}","templated":true}]}}