{"id":3,"date":"2021-03-31T09:24:31","date_gmt":"2021-03-31T07:24:31","guid":{"rendered":"https:\/\/www.e-powersport.eu\/?page_id=3"},"modified":"2023-03-13T12:40:43","modified_gmt":"2023-03-13T11:40:43","slug":"privacybeleid","status":"publish","type":"page","link":"https:\/\/www.torq.nl\/it\/home\/privacybeleid\/","title":{"rendered":"politica sulla riservatezza"},"content":{"rendered":"<h1>politica sulla riservatezza<\/h1>\n<p>TORQ Benelux \/ TORQ Europe, con sede in Ketelaarsweg 4, 6035 AC Ospel, \u00e8 responsabile del trattamento dei dati personali come illustrato nella presente informativa sulla privacy.<\/p>\n<p>Dettagli del contatto:<\/p>\n<p>Ketelaarsweg 4, 6035 AC Ospel<\/p>\n<p>+31(0)6 15890250<\/p>\n<p>Eric Jacobs \u00e8 il responsabile della protezione dei dati di TORQ Benelux \/ TORQ Europe. Pu\u00f2 essere contattato tramite eric@e-powersport.eu<\/p>\n<h2><strong>Dati personali che elaboriamo<\/strong><\/h2>\n<p>TORQ Benelux \/ TORQ Europe tratta i tuoi dati personali perch\u00e9 utilizzi i nostri servizi e\/o perch\u00e9 ce li fornisci tu stesso. Di seguito troverai una panoramica dei dati personali che trattiamo:<br \/>\n- Nome e cognome<br \/>\n- Dati dell&#039;indirizzo<br \/>\n- Numero di telefono<br \/>\n- Indirizzo e-mail<\/p>\n<h2><strong>Dati personali speciali e\/o sensibili che trattiamo<\/strong><\/h2>\n<p>Il nostro sito Web e\/o servizio non intende raccogliere dati sui visitatori del sito Web di et\u00e0 inferiore ai 16 anni. A meno che non abbiano il permesso dei genitori o del tutore. Tuttavia, non possiamo verificare se un visitatore ha pi\u00f9 di 16 anni. Consigliamo quindi ai genitori di essere coinvolti nelle attivit\u00e0 online dei propri figli, al fine di evitare che i dati sui bambini vengano raccolti senza il consenso dei genitori. Se sei convinto che abbiamo raccolto dati personali su un minore senza questa autorizzazione, ti preghiamo di contattarci all&#039;indirizzo info@e-powersport.eu e cancelleremo queste informazioni.<\/p>\n<h2><strong>Per quale scopo e su quali basi trattiamo i dati personali<\/strong><\/h2>\n<p>TORQ Benelux \/ TORQ Europe tratta i tuoi dati personali per le seguenti finalit\u00e0:<br \/>\n\u2013 Gestire il tuo pagamento<br \/>\n\u2013 Invio della nostra newsletter e\/o brochure pubblicitaria<br \/>\n\u2013 Per poterti chiamare o inviare un&#039;e-mail se ci\u00f2 \u00e8 necessario per poter svolgere i nostri servizi<br \/>\n\u2013 Per informarti sulle modifiche ai nostri servizi e prodotti<br \/>\n\u2013 Offri la possibilit\u00e0 di creare un account<br \/>\n\u2013 Per fornirti beni e servizi<br \/>\n\u2013 TORQ Benelux \/ TORQ Europe analizza il tuo comportamento sul sito Web al fine di migliorare il sito Web e adattare la gamma di prodotti e servizi alle tue preferenze.<br \/>\n\u2013 TORQ Benelux \/ TORQ Europe tratta anche i dati personali se siamo legalmente obbligati a farlo, come i dati di cui abbiamo bisogno per la nostra dichiarazione dei redditi.<\/p>\n<h2><strong>Per quanto tempo conserviamo i dati personali<\/strong><\/h2>\n<p>TORQ Benelux \/ TORQ Europe non conserva i tuoi dati personali pi\u00f9 a lungo di quanto strettamente necessario per realizzare gli scopi per i quali i tuoi dati vengono raccolti.<\/p>\n<h2><strong>Condivisione di dati personali con terze parti <\/strong><\/h2>\n<p>TORQ Benelux \/ TORQ Europe fornisce solo a terzi e solo se ci\u00f2 \u00e8 necessario per l&#039;esecuzione del nostro accordo con te o per adempiere a un obbligo legale.<\/p>\n<h2><strong>Cookie o tecniche simili che utilizziamo<\/strong><\/h2>\n<p>TORQ Benelux \/ TORQ Europe utilizza cookie funzionali, analitici e di tracciamento. Un cookie \u00e8 un piccolo file di testo che viene memorizzato nel browser del tuo computer, tablet o smartphone quando visiti per la prima volta questo sito web. TORQ Benelux \/ TORQ Europe utilizza cookie con funzionalit\u00e0 puramente tecniche. Questi garantiscono che il sito Web funzioni correttamente e che, ad esempio, vengano ricordate le impostazioni preferite. Questi cookie vengono utilizzati anche per il corretto funzionamento del sito web e per poterlo ottimizzare. Inoltre, inseriamo cookie che tengono traccia del tuo comportamento di navigazione in modo da poter offrire contenuti e pubblicit\u00e0 personalizzati. Alla tua prima visita al nostro sito web, ti abbiamo gi\u00e0 informato di questi cookie e ti abbiamo chiesto il permesso di inserirli. Puoi disattivare i cookie impostando il tuo browser Internet in modo che non memorizzi pi\u00f9 i cookie. Inoltre, puoi anche eliminare tutte le informazioni che sono state precedentemente memorizzate tramite le impostazioni del tuo browser. Per una spiegazione, vedere: https:\/\/veiliginternetten.nl\/themes\/gedrag\/cookies-wat-zijn-het-en-wat-doe-ik-ermee\/<\/p>\n<h2><strong>Visualizza, modifica o elimina i dati<\/strong><\/h2>\n<p>Hai il diritto di visualizzare, correggere o cancellare i tuoi dati personali. Inoltre, hai il diritto di revocare il tuo consenso al trattamento dei dati o di opporti al trattamento dei tuoi dati personali da parte di TORQ Benelux \/ TORQ Europe e hai il diritto<br \/>\nsulla portabilit\u00e0 dei dati. Ci\u00f2 significa che puoi inviarci una richiesta per inviare i dati personali che abbiamo su di te in un file del computer a te o a un&#039;altra organizzazione da te menzionata. Puoi inviare una richiesta di accesso, rettifica, cancellazione, trasferimento dati dei tuoi dati personali o richiesta di revoca del tuo consenso o opposizione al trattamento dei tuoi dati personali a info@e-powersport.eu. Per garantire che la richiesta di accesso sia stata da te presentata, ti chiediamo di inviare una copia della tua prova di identit\u00e0 con la richiesta. Rendi nera la tua foto del passaporto, MRZ (zona leggibile dalla macchina, la striscia con i numeri nella parte inferiore del passaporto), il numero del passaporto e il Citizen Service Number (BSN) in questa copia. Questo per proteggere la tua privacy. Risponderemo alla tua richiesta il prima possibile, ma entro quattro settimane. TORQ Benelux \/ TORQ Europe desidera inoltre sottolineare che hai la possibilit\u00e0 di presentare un reclamo all&#039;autorit\u00e0 di controllo nazionale, l&#039;Autorit\u00e0 olandese per la protezione dei dati. Puoi farlo tramite il seguente link: https:\/\/autoriteitpersoonsgegevens.nl\/nl\/contact-met-de-autoriteit-persoonsgegevens\/tip-ons<\/p>\n<h2><strong>Come proteggiamo i dati personali<\/strong><\/h2>\n<p>TORQ Benelux \/ TORQ Europe prende sul serio la protezione dei tuoi dati e adotta le misure appropriate per prevenire l&#039;uso improprio, la perdita, l&#039;accesso non autorizzato, la divulgazione indesiderata e la modifica non autorizzata. Se hai l&#039;impressione che i tuoi dati non siano adeguatamente protetti o ci siano indicazioni di uso improprio, contatta il nostro servizio clienti o tramite info@e-powersport.eu.<\/p>","protected":false},"excerpt":{"rendered":"<p>Privacy beleid TORQ Benelux \/ TORQ Europe, gevestigd aan Ketelaarsweg 4, 6035 AC Ospel, is verantwoordelijk voor de verwerking van persoonsgegevens zoals weergegeven in deze privacyverklaring. Contactgegevens: Ketelaarsweg 4, 6035 AC Ospel +31(0)6 15890250 Eric Jacobs is de Functionaris Gegevensbescherming van TORQ Benelux \/ TORQ Europe. Hij is te bereiken via eric@e-powersport.eu Persoonsgegevens die wij [&hellip;]<\/p>\n","protected":false},"author":1,"featured_media":0,"parent":25,"menu_order":6,"comment_status":"closed","ping_status":"closed","template":"","meta":{"_monsterinsights_skip_tracking":false,"_monsterinsights_sitenote_active":false,"_monsterinsights_sitenote_note":"","_monsterinsights_sitenote_category":0,"footnotes":""},"class_list":["post-3","page","type-page","status-publish","hentry"],"yoast_head":"<!-- This site is optimized with the Yoast SEO plugin v27.3 - https:\/\/yoast.com\/product\/yoast-seo-wordpress\/ -->\n<title>Privacybeleid - E-Power<\/title>\n<meta name=\"description\" content=\"Privacy beleidTORQ Benelux \/ TORQ Europe, gevestigd aan Ketelaarsweg 4, 6035 AC Ospel, is verantwoordelijk voor de verwerking van persoonsgegevens zoals weergegeven in deze privacyverklaring.\" \/>\n<meta name=\"robots\" content=\"index, follow, max-snippet:-1, max-image-preview:large, max-video-preview:-1\" \/>\n<link rel=\"canonical\" href=\"https:\/\/www.torq.nl\/it\/home\/privacybeleid\/\" \/>\n<meta property=\"og:locale\" content=\"it_IT\" \/>\n<meta property=\"og:type\" content=\"article\" \/>\n<meta property=\"og:title\" content=\"Privacybeleid - E-Power\" \/>\n<meta property=\"og:description\" content=\"Privacy beleidTORQ Benelux \/ TORQ Europe, gevestigd aan Ketelaarsweg 4, 6035 AC Ospel, is verantwoordelijk voor de verwerking van persoonsgegevens zoals weergegeven in deze privacyverklaring.\" \/>\n<meta property=\"og:url\" content=\"https:\/\/www.torq.nl\/it\/home\/privacybeleid\/\" \/>\n<meta property=\"og:site_name\" content=\"E-Power\" \/>\n<meta property=\"article:publisher\" content=\"https:\/\/www.facebook.com\/epowersport\/\" \/>\n<meta property=\"article:modified_time\" content=\"2023-03-13T11:40:43+00:00\" \/>\n<meta name=\"twitter:card\" content=\"summary_large_image\" \/>\n<meta name=\"twitter:site\" content=\"@foodgroupbv\" \/>\n<meta name=\"twitter:label1\" content=\"Tempo di lettura stimato\" \/>\n\t<meta name=\"twitter:data1\" content=\"5 minuti\" \/>\n<script type=\"application\/ld+json\" class=\"yoast-schema-graph\">{\"@context\":\"https:\\\/\\\/schema.org\",\"@graph\":[{\"@type\":\"WebPage\",\"@id\":\"https:\\\/\\\/www.torq.nl\\\/home\\\/privacybeleid\\\/\",\"url\":\"https:\\\/\\\/www.torq.nl\\\/home\\\/privacybeleid\\\/\",\"name\":\"Privacybeleid - E-Power\",\"isPartOf\":{\"@id\":\"https:\\\/\\\/www.torq.nl\\\/#website\"},\"datePublished\":\"2021-03-31T07:24:31+00:00\",\"dateModified\":\"2023-03-13T11:40:43+00:00\",\"description\":\"Privacy beleidTORQ Benelux \\\/ TORQ Europe, gevestigd aan Ketelaarsweg 4, 6035 AC Ospel, is verantwoordelijk voor de verwerking van persoonsgegevens zoals weergegeven in deze privacyverklaring.\",\"breadcrumb\":{\"@id\":\"https:\\\/\\\/www.torq.nl\\\/home\\\/privacybeleid\\\/#breadcrumb\"},\"inLanguage\":\"it-IT\",\"potentialAction\":[{\"@type\":\"ReadAction\",\"target\":[\"https:\\\/\\\/www.torq.nl\\\/home\\\/privacybeleid\\\/\"]}]},{\"@type\":\"BreadcrumbList\",\"@id\":\"https:\\\/\\\/www.torq.nl\\\/home\\\/privacybeleid\\\/#breadcrumb\",\"itemListElement\":[{\"@type\":\"ListItem\",\"position\":1,\"name\":\"Home\",\"item\":\"https:\\\/\\\/www.torq.nl\\\/home\\\/\"},{\"@type\":\"ListItem\",\"position\":2,\"name\":\"Home\",\"item\":\"https:\\\/\\\/www.torq.nl\\\/home\\\/\"},{\"@type\":\"ListItem\",\"position\":3,\"name\":\"Privacybeleid\"}]},{\"@type\":\"WebSite\",\"@id\":\"https:\\\/\\\/www.torq.nl\\\/#website\",\"url\":\"https:\\\/\\\/www.torq.nl\\\/\",\"name\":\"E-Power\",\"description\":\"Officieel Torq dealer Benelux\",\"publisher\":{\"@id\":\"https:\\\/\\\/www.torq.nl\\\/#organization\"},\"potentialAction\":[{\"@type\":\"SearchAction\",\"target\":{\"@type\":\"EntryPoint\",\"urlTemplate\":\"https:\\\/\\\/www.torq.nl\\\/?s={search_term_string}\"},\"query-input\":{\"@type\":\"PropertyValueSpecification\",\"valueRequired\":true,\"valueName\":\"search_term_string\"}}],\"inLanguage\":\"it-IT\"},{\"@type\":\"Organization\",\"@id\":\"https:\\\/\\\/www.torq.nl\\\/#organization\",\"name\":\"E-Power\",\"url\":\"https:\\\/\\\/www.torq.nl\\\/\",\"logo\":{\"@type\":\"ImageObject\",\"inLanguage\":\"it-IT\",\"@id\":\"https:\\\/\\\/www.torq.nl\\\/#\\\/schema\\\/logo\\\/image\\\/\",\"url\":\"https:\\\/\\\/www.torq.nl\\\/wp-content\\\/uploads\\\/2021\\\/04\\\/Logo-epower.png\",\"contentUrl\":\"https:\\\/\\\/www.torq.nl\\\/wp-content\\\/uploads\\\/2021\\\/04\\\/Logo-epower.png\",\"width\":506,\"height\":200,\"caption\":\"E-Power\"},\"image\":{\"@id\":\"https:\\\/\\\/www.torq.nl\\\/#\\\/schema\\\/logo\\\/image\\\/\"},\"sameAs\":[\"https:\\\/\\\/www.facebook.com\\\/epowersport\\\/\",\"https:\\\/\\\/x.com\\\/foodgroupbv\"]}]}<\/script>\n<!-- \/ Yoast SEO plugin. -->","yoast_head_json":{"title":"Informativa sulla privacy - E-Power","description":"Informativa sulla privacyTORQ Benelux \/ TORQ Europe, con sede in Ketelaarsweg 4, 6035 AC Ospel, \u00e8 responsabile del trattamento dei dati personali come indicato nella presente informativa sulla privacy.","robots":{"index":"index","follow":"follow","max-snippet":"max-snippet:-1","max-image-preview":"max-image-preview:large","max-video-preview":"max-video-preview:-1"},"canonical":"https:\/\/www.torq.nl\/it\/home\/privacybeleid\/","og_locale":"it_IT","og_type":"article","og_title":"Privacybeleid - E-Power","og_description":"Privacy beleidTORQ Benelux \/ TORQ Europe, gevestigd aan Ketelaarsweg 4, 6035 AC Ospel, is verantwoordelijk voor de verwerking van persoonsgegevens zoals weergegeven in deze privacyverklaring.","og_url":"https:\/\/www.torq.nl\/it\/home\/privacybeleid\/","og_site_name":"E-Power","article_publisher":"https:\/\/www.facebook.com\/epowersport\/","article_modified_time":"2023-03-13T11:40:43+00:00","twitter_card":"summary_large_image","twitter_site":"@foodgroupbv","twitter_misc":{"Tempo di lettura stimato":"5 minuti"},"schema":{"@context":"https:\/\/schema.org","@graph":[{"@type":"WebPage","@id":"https:\/\/www.torq.nl\/home\/privacybeleid\/","url":"https:\/\/www.torq.nl\/home\/privacybeleid\/","name":"Informativa sulla privacy - E-Power","isPartOf":{"@id":"https:\/\/www.torq.nl\/#website"},"datePublished":"2021-03-31T07:24:31+00:00","dateModified":"2023-03-13T11:40:43+00:00","description":"Informativa sulla privacyTORQ Benelux \/ TORQ Europe, con sede in Ketelaarsweg 4, 6035 AC Ospel, \u00e8 responsabile del trattamento dei dati personali come indicato nella presente informativa sulla privacy.","breadcrumb":{"@id":"https:\/\/www.torq.nl\/home\/privacybeleid\/#breadcrumb"},"inLanguage":"it-IT","potentialAction":[{"@type":"ReadAction","target":["https:\/\/www.torq.nl\/home\/privacybeleid\/"]}]},{"@type":"BreadcrumbList","@id":"https:\/\/www.torq.nl\/home\/privacybeleid\/#breadcrumb","itemListElement":[{"@type":"ListItem","position":1,"name":"Home","item":"https:\/\/www.torq.nl\/home\/"},{"@type":"ListItem","position":2,"name":"Home","item":"https:\/\/www.torq.nl\/home\/"},{"@type":"ListItem","position":3,"name":"Privacybeleid"}]},{"@type":"WebSite","@id":"https:\/\/www.torq.nl\/#website","url":"https:\/\/www.torq.nl\/","name":"E-Power","description":"Rivenditore ufficiale Torq Benelux","publisher":{"@id":"https:\/\/www.torq.nl\/#organization"},"potentialAction":[{"@type":"SearchAction","target":{"@type":"EntryPoint","urlTemplate":"https:\/\/www.torq.nl\/?s={search_term_string}"},"query-input":{"@type":"PropertyValueSpecification","valueRequired":true,"valueName":"search_term_string"}}],"inLanguage":"it-IT"},{"@type":"Organization","@id":"https:\/\/www.torq.nl\/#organization","name":"E-Power","url":"https:\/\/www.torq.nl\/","logo":{"@type":"ImageObject","inLanguage":"it-IT","@id":"https:\/\/www.torq.nl\/#\/schema\/logo\/image\/","url":"https:\/\/www.torq.nl\/wp-content\/uploads\/2021\/04\/Logo-epower.png","contentUrl":"https:\/\/www.torq.nl\/wp-content\/uploads\/2021\/04\/Logo-epower.png","width":506,"height":200,"caption":"E-Power"},"image":{"@id":"https:\/\/www.torq.nl\/#\/schema\/logo\/image\/"},"sameAs":["https:\/\/www.facebook.com\/epowersport\/","https:\/\/x.com\/foodgroupbv"]}]}},"_links":{"self":[{"href":"https:\/\/www.torq.nl\/it\/wp-json\/wp\/v2\/pages\/3","targetHints":{"allow":["GET"]}}],"collection":[{"href":"https:\/\/www.torq.nl\/it\/wp-json\/wp\/v2\/pages"}],"about":[{"href":"https:\/\/www.torq.nl\/it\/wp-json\/wp\/v2\/types\/page"}],"author":[{"embeddable":true,"href":"https:\/\/www.torq.nl\/it\/wp-json\/wp\/v2\/users\/1"}],"replies":[{"embeddable":true,"href":"https:\/\/www.torq.nl\/it\/wp-json\/wp\/v2\/comments?post=3"}],"version-history":[{"count":5,"href":"https:\/\/www.torq.nl\/it\/wp-json\/wp\/v2\/pages\/3\/revisions"}],"predecessor-version":[{"id":9408,"href":"https:\/\/www.torq.nl\/it\/wp-json\/wp\/v2\/pages\/3\/revisions\/9408"}],"up":[{"embeddable":true,"href":"https:\/\/www.torq.nl\/it\/wp-json\/wp\/v2\/pages\/25"}],"wp:attachment":[{"href":"https:\/\/www.torq.nl\/it\/wp-json\/wp\/v2\/media?parent=3"}],"curies":[{"name":"wp","href":"https:\/\/api.w.org\/{rel}","templated":true}]}}