{"id":18348,"date":"2023-07-04T13:06:01","date_gmt":"2023-07-04T11:06:01","guid":{"rendered":"https:\/\/www.torq.nl\/?post_type=product&#038;p=18348"},"modified":"2026-05-06T09:34:28","modified_gmt":"2026-05-06T07:34:28","slug":"naked-flavourless-energy-gel","status":"publish","type":"product","link":"https:\/\/www.torq.nl\/it\/prodotto\/naked-flavourless-energy-gel\/","title":{"rendered":"Gel energetico insapore nudo"},"content":{"rendered":"<ul>\n<li>2:1 Maltodestrine:Fruttosio<\/li>\n<li>Pi\u00f9 carboidrati trasportabili<\/li>\n<li>Texture liscia come la seta<\/li>\n<li>Parte del sistema di rifornimento TORQ<\/li>\n<\/ul>\n<p>Questo prodotto \u00e8 stato accuratamente formulato per fornire la miscela unica di TORQ di carboidrati ed elettroliti multi-trasportabili ai muscoli che lavorano in modo estremamente rapido ed efficiente utilizzando la tecnologia 2:1 Maltodestrina:Fruttosio comprovata dalla ricerca. <em><strong>NB! A differenza di tutti i nostri altri gusti Energy Gel, il Naked Flavorless Energy Gel non contiene elettroliti a causa della neutralit\u00e0 del gusto.<\/strong><\/em><\/p>\n<p>TORQ Gel fa parte del TORQ Fuel System, quindi pu\u00f2 essere utilizzato insieme a bevande energetiche, barrette e masticazioni di TORQ per offrire prestazioni ottimali.<\/p>\n<p>Ogni gel TORQ fornisce 30 grammi di carboidrati politrasportabili (1 unit\u00e0 TORQ), che \u00e8 una concentrazione significativamente maggiore rispetto a molte marche oggi sul mercato in confezioni pi\u00f9 grandi e pesanti. Per prestazioni ottimali, il nostro sistema di alimentazione TORQ consiglia di consumare 2-3 unit\u00e0 TORQ all&#039;ora, che possono essere ottenute consumando una variet\u00e0 di prodotti combustibili, come illustrato nella tabella seguente. Il consumo di un gel TORQ \u00e8 semplicemente un metodo per prendere un&#039;unit\u00e0 TORQ.<\/p>","protected":false},"excerpt":{"rendered":"<p>completa la gamma di aromi esistente consentendoti di strutturare un profilo aromatico neutro nella tua strategia di aromatizzazione, consentendoti di pulire il pallet senza influire negativamente sulla tua fornitura di energia e massimizzando le prestazioni.<\/p>\n<p><em><strong>NB! A differenza di tutti i nostri altri gusti Energy Gel, il Naked Flavorless Energy Gel non contiene elettroliti a causa della neutralit\u00e0 del gusto.<\/strong><\/em><\/p>","protected":false},"featured_media":18330,"template":"","meta":{"_monsterinsights_skip_tracking":false,"_monsterinsights_sitenote_active":false,"_monsterinsights_sitenote_note":"","_monsterinsights_sitenote_category":0},"product_brand":[],"product_cat":[30,37,15],"product_tag":[],"class_list":{"0":"post-18348","1":"product","2":"type-product","3":"status-publish","4":"has-post-thumbnail","6":"product_cat-fuelling-system","7":"product_cat-torq-energy-gel","8":"product_cat-torq-sportvoeding","10":"first","11":"instock","12":"taxable","13":"shipping-taxable","14":"purchasable","15":"product-type-simple"},"yoast_head":"<!-- This site is optimized with the Yoast SEO plugin v27.5 - https:\/\/yoast.com\/product\/yoast-seo-wordpress\/ -->\n<title>Naked Flavourless Energy Gel - E-Power<\/title>\n<meta name=\"robots\" content=\"index, follow, max-snippet:-1, max-image-preview:large, max-video-preview:-1\" \/>\n<link rel=\"canonical\" href=\"https:\/\/www.torq.nl\/it\/prodotto\/naked-flavourless-energy-gel\/\" \/>\n<meta property=\"og:locale\" content=\"it_IT\" \/>\n<meta property=\"og:type\" content=\"article\" \/>\n<meta property=\"og:title\" content=\"Naked Flavourless Energy Gel - E-Power\" \/>\n<meta property=\"og:description\" content=\"complimenteert het bestaande smaakassortiment door u in staat te stellen een neutraal smaakprofiel in uw smaakstofstrategie te structureren, waardoor u de pallet kunt reinigen zonder uw energielevering negatief te be\u00efnvloeden en de prestaties te maximaliseren.  Let op! In tegenstelling tot al onze andere Energy Gels smaken, bevat de Naked Flavourless Energy Gel g\u00e9\u00e9n elektrolyten vanwege smaakneutraliteit.\" \/>\n<meta property=\"og:url\" content=\"https:\/\/www.torq.nl\/it\/prodotto\/naked-flavourless-energy-gel\/\" \/>\n<meta property=\"og:site_name\" content=\"E-Power\" \/>\n<meta property=\"article:publisher\" content=\"https:\/\/www.facebook.com\/epowersport\/\" \/>\n<meta property=\"article:modified_time\" content=\"2026-05-06T07:34:28+00:00\" \/>\n<meta property=\"og:image\" content=\"https:\/\/www.torq.nl\/wp-content\/uploads\/2023\/07\/TORQ-Gel-Naked-angle-6.png\" \/>\n\t<meta property=\"og:image:width\" content=\"1200\" \/>\n\t<meta property=\"og:image:height\" content=\"1200\" \/>\n\t<meta property=\"og:image:type\" content=\"image\/png\" \/>\n<meta name=\"twitter:card\" content=\"summary_large_image\" \/>\n<meta name=\"twitter:site\" content=\"@foodgroupbv\" \/>\n<meta name=\"twitter:label1\" content=\"Tempo di lettura stimato\" \/>\n\t<meta name=\"twitter:data1\" content=\"1 minuto\" \/>\n<script type=\"application\/ld+json\" class=\"yoast-schema-graph\">{\"@context\":\"https:\\\/\\\/schema.org\",\"@graph\":[{\"@type\":\"WebPage\",\"@id\":\"https:\\\/\\\/www.torq.nl\\\/product\\\/naked-flavourless-energy-gel\\\/\",\"url\":\"https:\\\/\\\/www.torq.nl\\\/product\\\/naked-flavourless-energy-gel\\\/\",\"name\":\"Naked Flavourless Energy Gel - E-Power\",\"isPartOf\":{\"@id\":\"https:\\\/\\\/www.torq.nl\\\/#website\"},\"primaryImageOfPage\":{\"@id\":\"https:\\\/\\\/www.torq.nl\\\/product\\\/naked-flavourless-energy-gel\\\/#primaryimage\"},\"image\":{\"@id\":\"https:\\\/\\\/www.torq.nl\\\/product\\\/naked-flavourless-energy-gel\\\/#primaryimage\"},\"thumbnailUrl\":\"https:\\\/\\\/www.torq.nl\\\/wp-content\\\/uploads\\\/2023\\\/07\\\/TORQ-Gel-Naked-angle-6.png\",\"datePublished\":\"2023-07-04T11:06:01+00:00\",\"dateModified\":\"2026-05-06T07:34:28+00:00\",\"breadcrumb\":{\"@id\":\"https:\\\/\\\/www.torq.nl\\\/product\\\/naked-flavourless-energy-gel\\\/#breadcrumb\"},\"inLanguage\":\"it-IT\",\"potentialAction\":[{\"@type\":\"ReadAction\",\"target\":[\"https:\\\/\\\/www.torq.nl\\\/product\\\/naked-flavourless-energy-gel\\\/\"]}]},{\"@type\":\"ImageObject\",\"inLanguage\":\"it-IT\",\"@id\":\"https:\\\/\\\/www.torq.nl\\\/product\\\/naked-flavourless-energy-gel\\\/#primaryimage\",\"url\":\"https:\\\/\\\/www.torq.nl\\\/wp-content\\\/uploads\\\/2023\\\/07\\\/TORQ-Gel-Naked-angle-6.png\",\"contentUrl\":\"https:\\\/\\\/www.torq.nl\\\/wp-content\\\/uploads\\\/2023\\\/07\\\/TORQ-Gel-Naked-angle-6.png\",\"width\":1200,\"height\":1200},{\"@type\":\"BreadcrumbList\",\"@id\":\"https:\\\/\\\/www.torq.nl\\\/product\\\/naked-flavourless-energy-gel\\\/#breadcrumb\",\"itemListElement\":[{\"@type\":\"ListItem\",\"position\":1,\"name\":\"Home\",\"item\":\"https:\\\/\\\/www.torq.nl\\\/home\\\/\"},{\"@type\":\"ListItem\",\"position\":2,\"name\":\"Winkel\",\"item\":\"https:\\\/\\\/www.torq.nl\\\/it\\\/winkel\\\/\"},{\"@type\":\"ListItem\",\"position\":3,\"name\":\"Naked Flavourless Energy Gel\"}]},{\"@type\":\"WebSite\",\"@id\":\"https:\\\/\\\/www.torq.nl\\\/#website\",\"url\":\"https:\\\/\\\/www.torq.nl\\\/\",\"name\":\"E-Power\",\"description\":\"Officieel Torq dealer Benelux\",\"publisher\":{\"@id\":\"https:\\\/\\\/www.torq.nl\\\/#organization\"},\"potentialAction\":[{\"@type\":\"SearchAction\",\"target\":{\"@type\":\"EntryPoint\",\"urlTemplate\":\"https:\\\/\\\/www.torq.nl\\\/?s={search_term_string}\"},\"query-input\":{\"@type\":\"PropertyValueSpecification\",\"valueRequired\":true,\"valueName\":\"search_term_string\"}}],\"inLanguage\":\"it-IT\"},{\"@type\":\"Organization\",\"@id\":\"https:\\\/\\\/www.torq.nl\\\/#organization\",\"name\":\"E-Power\",\"url\":\"https:\\\/\\\/www.torq.nl\\\/\",\"logo\":{\"@type\":\"ImageObject\",\"inLanguage\":\"it-IT\",\"@id\":\"https:\\\/\\\/www.torq.nl\\\/#\\\/schema\\\/logo\\\/image\\\/\",\"url\":\"https:\\\/\\\/www.torq.nl\\\/wp-content\\\/uploads\\\/2021\\\/04\\\/Logo-epower.png\",\"contentUrl\":\"https:\\\/\\\/www.torq.nl\\\/wp-content\\\/uploads\\\/2021\\\/04\\\/Logo-epower.png\",\"width\":506,\"height\":200,\"caption\":\"E-Power\"},\"image\":{\"@id\":\"https:\\\/\\\/www.torq.nl\\\/#\\\/schema\\\/logo\\\/image\\\/\"},\"sameAs\":[\"https:\\\/\\\/www.facebook.com\\\/epowersport\\\/\",\"https:\\\/\\\/x.com\\\/foodgroupbv\"]}]}<\/script>\n<!-- \/ Yoast SEO plugin. -->","yoast_head_json":{"title":"Naked Flavourless Energy Gel - E-Power","robots":{"index":"index","follow":"follow","max-snippet":"max-snippet:-1","max-image-preview":"max-image-preview:large","max-video-preview":"max-video-preview:-1"},"canonical":"https:\/\/www.torq.nl\/it\/prodotto\/naked-flavourless-energy-gel\/","og_locale":"it_IT","og_type":"article","og_title":"Naked Flavourless Energy Gel - E-Power","og_description":"complimenteert het bestaande smaakassortiment door u in staat te stellen een neutraal smaakprofiel in uw smaakstofstrategie te structureren, waardoor u de pallet kunt reinigen zonder uw energielevering negatief te be\u00efnvloeden en de prestaties te maximaliseren.  Let op! In tegenstelling tot al onze andere Energy Gels smaken, bevat de Naked Flavourless Energy Gel g\u00e9\u00e9n elektrolyten vanwege smaakneutraliteit.","og_url":"https:\/\/www.torq.nl\/it\/prodotto\/naked-flavourless-energy-gel\/","og_site_name":"E-Power","article_publisher":"https:\/\/www.facebook.com\/epowersport\/","article_modified_time":"2026-05-06T07:34:28+00:00","og_image":[{"width":1200,"height":1200,"url":"https:\/\/www.torq.nl\/wp-content\/uploads\/2023\/07\/TORQ-Gel-Naked-angle-6.png","type":"image\/png"}],"twitter_card":"summary_large_image","twitter_site":"@foodgroupbv","twitter_misc":{"Tempo di lettura stimato":"1 minuto"},"schema":{"@context":"https:\/\/schema.org","@graph":[{"@type":"WebPage","@id":"https:\/\/www.torq.nl\/product\/naked-flavourless-energy-gel\/","url":"https:\/\/www.torq.nl\/product\/naked-flavourless-energy-gel\/","name":"Naked Flavourless Energy Gel - E-Power","isPartOf":{"@id":"https:\/\/www.torq.nl\/#website"},"primaryImageOfPage":{"@id":"https:\/\/www.torq.nl\/product\/naked-flavourless-energy-gel\/#primaryimage"},"image":{"@id":"https:\/\/www.torq.nl\/product\/naked-flavourless-energy-gel\/#primaryimage"},"thumbnailUrl":"https:\/\/www.torq.nl\/wp-content\/uploads\/2023\/07\/TORQ-Gel-Naked-angle-6.png","datePublished":"2023-07-04T11:06:01+00:00","dateModified":"2026-05-06T07:34:28+00:00","breadcrumb":{"@id":"https:\/\/www.torq.nl\/product\/naked-flavourless-energy-gel\/#breadcrumb"},"inLanguage":"it-IT","potentialAction":[{"@type":"ReadAction","target":["https:\/\/www.torq.nl\/product\/naked-flavourless-energy-gel\/"]}]},{"@type":"ImageObject","inLanguage":"it-IT","@id":"https:\/\/www.torq.nl\/product\/naked-flavourless-energy-gel\/#primaryimage","url":"https:\/\/www.torq.nl\/wp-content\/uploads\/2023\/07\/TORQ-Gel-Naked-angle-6.png","contentUrl":"https:\/\/www.torq.nl\/wp-content\/uploads\/2023\/07\/TORQ-Gel-Naked-angle-6.png","width":1200,"height":1200},{"@type":"BreadcrumbList","@id":"https:\/\/www.torq.nl\/product\/naked-flavourless-energy-gel\/#breadcrumb","itemListElement":[{"@type":"ListItem","position":1,"name":"Home","item":"https:\/\/www.torq.nl\/home\/"},{"@type":"ListItem","position":2,"name":"Winkel","item":"https:\/\/www.torq.nl\/it\/winkel\/"},{"@type":"ListItem","position":3,"name":"Naked Flavourless Energy Gel"}]},{"@type":"WebSite","@id":"https:\/\/www.torq.nl\/#website","url":"https:\/\/www.torq.nl\/","name":"E-Power","description":"Rivenditore ufficiale Torq Benelux","publisher":{"@id":"https:\/\/www.torq.nl\/#organization"},"potentialAction":[{"@type":"SearchAction","target":{"@type":"EntryPoint","urlTemplate":"https:\/\/www.torq.nl\/?s={search_term_string}"},"query-input":{"@type":"PropertyValueSpecification","valueRequired":true,"valueName":"search_term_string"}}],"inLanguage":"it-IT"},{"@type":"Organization","@id":"https:\/\/www.torq.nl\/#organization","name":"E-Power","url":"https:\/\/www.torq.nl\/","logo":{"@type":"ImageObject","inLanguage":"it-IT","@id":"https:\/\/www.torq.nl\/#\/schema\/logo\/image\/","url":"https:\/\/www.torq.nl\/wp-content\/uploads\/2021\/04\/Logo-epower.png","contentUrl":"https:\/\/www.torq.nl\/wp-content\/uploads\/2021\/04\/Logo-epower.png","width":506,"height":200,"caption":"E-Power"},"image":{"@id":"https:\/\/www.torq.nl\/#\/schema\/logo\/image\/"},"sameAs":["https:\/\/www.facebook.com\/epowersport\/","https:\/\/x.com\/foodgroupbv"]}]}},"_links":{"self":[{"href":"https:\/\/www.torq.nl\/it\/wp-json\/wp\/v2\/product\/18348","targetHints":{"allow":["GET"]}}],"collection":[{"href":"https:\/\/www.torq.nl\/it\/wp-json\/wp\/v2\/product"}],"about":[{"href":"https:\/\/www.torq.nl\/it\/wp-json\/wp\/v2\/types\/product"}],"wp:featuredmedia":[{"embeddable":true,"href":"https:\/\/www.torq.nl\/it\/wp-json\/wp\/v2\/media\/18330"}],"wp:attachment":[{"href":"https:\/\/www.torq.nl\/it\/wp-json\/wp\/v2\/media?parent=18348"}],"wp:term":[{"taxonomy":"product_brand","embeddable":true,"href":"https:\/\/www.torq.nl\/it\/wp-json\/wp\/v2\/product_brand?post=18348"},{"taxonomy":"product_cat","embeddable":true,"href":"https:\/\/www.torq.nl\/it\/wp-json\/wp\/v2\/product_cat?post=18348"},{"taxonomy":"product_tag","embeddable":true,"href":"https:\/\/www.torq.nl\/it\/wp-json\/wp\/v2\/product_tag?post=18348"}],"curies":[{"name":"wp","href":"https:\/\/api.w.org\/{rel}","templated":true}]}}