{"id":19096,"date":"2023-07-10T12:49:35","date_gmt":"2023-07-10T10:49:35","guid":{"rendered":"https:\/\/www.torq.nl\/?post_type=product&#038;p=19096"},"modified":"2024-05-01T14:48:55","modified_gmt":"2024-05-01T12:48:55","slug":"cola-caffeine-energy-drink-15-30-gr","status":"publish","type":"product","link":"https:\/\/www.torq.nl\/it\/prodotto\/cola-caffeine-energy-drink-15-30-gr\/","title":{"rendered":"Cola Caffeina Bevanda Energetica 15 x 30 gr"},"content":{"rendered":"<p>TORQ Energy Drink da 500 ml fornisce 30 grammi di carboidrati politrasportabili (1 unit\u00e0 TORQ) e, oltre a fornire una fonte ottimale di carburante, questo prodotto fornisce anche liquidi ed elettroliti per aiutare a mantenere le esigenze di idratazione del corpo e l&#039;equilibrio omeostatico. Per prestazioni ottimali, il nostro sistema di rifornimento TORQ consiglia di consumare 2-3 unit\u00e0 TORQ all&#039;ora, che possono essere ottenute consumando una variet\u00e0 di prodotti combustibili.<\/p>\n<p><em><span style=\"color: #ff6600;\">NOTA BENE: Tieni presente che ogni porzione da 500 ml di TORQ Cola Caffeine Energy Drink contiene 100 mg di caffeina. Le persone hanno diversi livelli di tolleranza alla caffeina e dovresti elaborare una strategia di assunzione di caffeina in base alle circostanze individuali. Ci\u00f2 significa che questo prodotto \u00e8 combinato con altri prodotti Fueling System non contenenti caffeina della gamma TORQ.<\/span><\/em><\/p>\n<h3>Uso del prodotto<\/h3>\n<p>Ogni bustina TORQ Energy si mescola con 500 ml di acqua.<\/p>\n<p>Adatto per l&#039;uso a tutte le intensit\u00e0 di esercizio, TORQ Energy Drink \u00e8 il fondamento del TORQ Fuel System poich\u00e9 \u00e8 l&#039;unico prodotto in grado di fornire quantit\u00e0 significative di liquidi ed elettroliti insieme al carburante a base di carboidrati. Naturalmente una sufficiente idratazione \u00e8 fondamentale dal punto di vista delle prestazioni.<\/p>\n<p>*Le bevande energetiche TORQ sono VEGANE<\/p>","protected":false},"excerpt":{"rendered":"<p>TORQ L&#039;energia \u00e8 una <em><span style=\"color: #ff6600;\">Bevanda energetica isotonica leggera e rinfrescante al gusto naturale<\/span><\/em> formulato utilizzando consegna veloce <em><span style=\"color: #ff6600;\">Maltodestrina:fruttosio 2:1<\/span> <\/em>e <em><span style=\"color: #ff6600;\">5 elettroliti importanti<\/span><\/em>.<\/p>\n<p>Contiene anche TORQ Cola Caffeine Energy Drink <em><span style=\"color: #ff6600;\">100 mg di caffeina naturale per 500 ml tramite estratto di guaran\u00e0<\/span><\/em>. \u00c8 stato scoperto che la caffeina aumenta la vigilanza, l\u2019agilit\u00e0 mentale, la funzione muscolare e supporta il processo di combustione dei grassi, oltre ad altri benefici.<\/p>\n<p>*TORQ Energy Drink fa parte del sistema di alimentazione TORQ, quindi pu\u00f2 essere utilizzato insieme ai gel, alle barrette e alle masticazioni energetiche TORQ per fornire prestazioni ottimali.<\/p>","protected":false},"featured_media":34943,"template":"","meta":{"_monsterinsights_skip_tracking":false,"_monsterinsights_sitenote_active":false,"_monsterinsights_sitenote_note":"","_monsterinsights_sitenote_category":0},"product_brand":[],"product_cat":[30,32,36,41,15],"product_tag":[],"class_list":{"0":"post-19096","1":"product","2":"type-product","3":"status-publish","4":"has-post-thumbnail","6":"product_cat-fuelling-system","7":"product_cat-hydration","8":"product_cat-torq-energy-drink","9":"product_cat-torq-energy-drink-hydration","10":"product_cat-torq-sportvoeding","12":"first","13":"instock","14":"taxable","15":"shipping-taxable","16":"purchasable","17":"product-type-simple"},"yoast_head":"<!-- This site is optimized with the Yoast SEO plugin v27.5 - https:\/\/yoast.com\/product\/yoast-seo-wordpress\/ -->\n<title>Cola Caffeine Energy Drink 15 x 30 gr - E-Power<\/title>\n<meta name=\"description\" content=\"Dit product is zorgvuldig samengesteld om TORQ&#039;s unieke mix van meervoudig transporteerbare koolhydraten, vocht en elektrolyten extreem snel\" \/>\n<meta name=\"robots\" content=\"index, follow, max-snippet:-1, max-image-preview:large, max-video-preview:-1\" \/>\n<link rel=\"canonical\" href=\"https:\/\/www.torq.nl\/it\/prodotto\/cola-caffeine-energy-drink-15-30-gr\/\" \/>\n<meta property=\"og:locale\" content=\"it_IT\" \/>\n<meta property=\"og:type\" content=\"article\" \/>\n<meta property=\"og:title\" content=\"Cola Caffeine Energy Drink 15 x 30 gr - E-Power\" \/>\n<meta property=\"og:description\" content=\"Dit product is zorgvuldig samengesteld om TORQ&#039;s unieke mix van meervoudig transporteerbare koolhydraten, vocht en elektrolyten extreem snel\" \/>\n<meta property=\"og:url\" content=\"https:\/\/www.torq.nl\/it\/prodotto\/cola-caffeine-energy-drink-15-30-gr\/\" \/>\n<meta property=\"og:site_name\" content=\"E-Power\" \/>\n<meta property=\"article:publisher\" content=\"https:\/\/www.facebook.com\/epowersport\/\" \/>\n<meta property=\"article:modified_time\" content=\"2024-05-01T12:48:55+00:00\" \/>\n<meta property=\"og:image\" content=\"https:\/\/www.torq.nl\/wp-content\/uploads\/2023\/07\/cola-caffeine_v2-min.png\" \/>\n\t<meta property=\"og:image:width\" content=\"3840\" \/>\n\t<meta property=\"og:image:height\" content=\"3840\" \/>\n\t<meta property=\"og:image:type\" content=\"image\/png\" \/>\n<meta name=\"twitter:card\" content=\"summary_large_image\" \/>\n<meta name=\"twitter:site\" content=\"@foodgroupbv\" \/>\n<meta name=\"twitter:label1\" content=\"Tempo di lettura stimato\" \/>\n\t<meta name=\"twitter:data1\" content=\"1 minuto\" \/>\n<script type=\"application\/ld+json\" class=\"yoast-schema-graph\">{\"@context\":\"https:\\\/\\\/schema.org\",\"@graph\":[{\"@type\":\"WebPage\",\"@id\":\"https:\\\/\\\/www.torq.nl\\\/product\\\/cola-caffeine-energy-drink-15-30-gr\\\/\",\"url\":\"https:\\\/\\\/www.torq.nl\\\/product\\\/cola-caffeine-energy-drink-15-30-gr\\\/\",\"name\":\"Cola Caffeine Energy Drink 15 x 30 gr - E-Power\",\"isPartOf\":{\"@id\":\"https:\\\/\\\/www.torq.nl\\\/#website\"},\"primaryImageOfPage\":{\"@id\":\"https:\\\/\\\/www.torq.nl\\\/product\\\/cola-caffeine-energy-drink-15-30-gr\\\/#primaryimage\"},\"image\":{\"@id\":\"https:\\\/\\\/www.torq.nl\\\/product\\\/cola-caffeine-energy-drink-15-30-gr\\\/#primaryimage\"},\"thumbnailUrl\":\"https:\\\/\\\/www.torq.nl\\\/wp-content\\\/uploads\\\/2023\\\/07\\\/cola-caffeine_v2-min.png\",\"datePublished\":\"2023-07-10T10:49:35+00:00\",\"dateModified\":\"2024-05-01T12:48:55+00:00\",\"description\":\"Dit product is zorgvuldig samengesteld om TORQ's unieke mix van meervoudig transporteerbare koolhydraten, vocht en elektrolyten extreem snel\",\"breadcrumb\":{\"@id\":\"https:\\\/\\\/www.torq.nl\\\/product\\\/cola-caffeine-energy-drink-15-30-gr\\\/#breadcrumb\"},\"inLanguage\":\"it-IT\",\"potentialAction\":[{\"@type\":\"ReadAction\",\"target\":[\"https:\\\/\\\/www.torq.nl\\\/product\\\/cola-caffeine-energy-drink-15-30-gr\\\/\"]}]},{\"@type\":\"ImageObject\",\"inLanguage\":\"it-IT\",\"@id\":\"https:\\\/\\\/www.torq.nl\\\/product\\\/cola-caffeine-energy-drink-15-30-gr\\\/#primaryimage\",\"url\":\"https:\\\/\\\/www.torq.nl\\\/wp-content\\\/uploads\\\/2023\\\/07\\\/cola-caffeine_v2-min.png\",\"contentUrl\":\"https:\\\/\\\/www.torq.nl\\\/wp-content\\\/uploads\\\/2023\\\/07\\\/cola-caffeine_v2-min.png\",\"width\":2560,\"height\":2560,\"caption\":\"Cola Caffeine Drink Sachets Box\"},{\"@type\":\"BreadcrumbList\",\"@id\":\"https:\\\/\\\/www.torq.nl\\\/product\\\/cola-caffeine-energy-drink-15-30-gr\\\/#breadcrumb\",\"itemListElement\":[{\"@type\":\"ListItem\",\"position\":1,\"name\":\"Home\",\"item\":\"https:\\\/\\\/www.torq.nl\\\/home\\\/\"},{\"@type\":\"ListItem\",\"position\":2,\"name\":\"Winkel\",\"item\":\"https:\\\/\\\/www.torq.nl\\\/it\\\/winkel\\\/\"},{\"@type\":\"ListItem\",\"position\":3,\"name\":\"Cola Caffeine Energy Drink 15 x 30 gr\"}]},{\"@type\":\"WebSite\",\"@id\":\"https:\\\/\\\/www.torq.nl\\\/#website\",\"url\":\"https:\\\/\\\/www.torq.nl\\\/\",\"name\":\"E-Power\",\"description\":\"Officieel Torq dealer Benelux\",\"publisher\":{\"@id\":\"https:\\\/\\\/www.torq.nl\\\/#organization\"},\"potentialAction\":[{\"@type\":\"SearchAction\",\"target\":{\"@type\":\"EntryPoint\",\"urlTemplate\":\"https:\\\/\\\/www.torq.nl\\\/?s={search_term_string}\"},\"query-input\":{\"@type\":\"PropertyValueSpecification\",\"valueRequired\":true,\"valueName\":\"search_term_string\"}}],\"inLanguage\":\"it-IT\"},{\"@type\":\"Organization\",\"@id\":\"https:\\\/\\\/www.torq.nl\\\/#organization\",\"name\":\"E-Power\",\"url\":\"https:\\\/\\\/www.torq.nl\\\/\",\"logo\":{\"@type\":\"ImageObject\",\"inLanguage\":\"it-IT\",\"@id\":\"https:\\\/\\\/www.torq.nl\\\/#\\\/schema\\\/logo\\\/image\\\/\",\"url\":\"https:\\\/\\\/www.torq.nl\\\/wp-content\\\/uploads\\\/2021\\\/04\\\/Logo-epower.png\",\"contentUrl\":\"https:\\\/\\\/www.torq.nl\\\/wp-content\\\/uploads\\\/2021\\\/04\\\/Logo-epower.png\",\"width\":506,\"height\":200,\"caption\":\"E-Power\"},\"image\":{\"@id\":\"https:\\\/\\\/www.torq.nl\\\/#\\\/schema\\\/logo\\\/image\\\/\"},\"sameAs\":[\"https:\\\/\\\/www.facebook.com\\\/epowersport\\\/\",\"https:\\\/\\\/x.com\\\/foodgroupbv\"]}]}<\/script>\n<!-- \/ Yoast SEO plugin. -->","yoast_head_json":{"title":"Cola Caffeine Energy Drink 15 x 30 gr - E-Power","description":"Dit product is zorgvuldig samengesteld om TORQ's unieke mix van meervoudig transporteerbare koolhydraten, vocht en elektrolyten extreem snel","robots":{"index":"index","follow":"follow","max-snippet":"max-snippet:-1","max-image-preview":"max-image-preview:large","max-video-preview":"max-video-preview:-1"},"canonical":"https:\/\/www.torq.nl\/it\/prodotto\/cola-caffeine-energy-drink-15-30-gr\/","og_locale":"it_IT","og_type":"article","og_title":"Cola Caffeine Energy Drink 15 x 30 gr - E-Power","og_description":"Dit product is zorgvuldig samengesteld om TORQ's unieke mix van meervoudig transporteerbare koolhydraten, vocht en elektrolyten extreem snel","og_url":"https:\/\/www.torq.nl\/it\/prodotto\/cola-caffeine-energy-drink-15-30-gr\/","og_site_name":"E-Power","article_publisher":"https:\/\/www.facebook.com\/epowersport\/","article_modified_time":"2024-05-01T12:48:55+00:00","og_image":[{"width":3840,"height":3840,"url":"https:\/\/www.torq.nl\/wp-content\/uploads\/2023\/07\/cola-caffeine_v2-min.png","type":"image\/png"}],"twitter_card":"summary_large_image","twitter_site":"@foodgroupbv","twitter_misc":{"Tempo di lettura stimato":"1 minuto"},"schema":{"@context":"https:\/\/schema.org","@graph":[{"@type":"WebPage","@id":"https:\/\/www.torq.nl\/product\/cola-caffeine-energy-drink-15-30-gr\/","url":"https:\/\/www.torq.nl\/product\/cola-caffeine-energy-drink-15-30-gr\/","name":"Cola Caffeine Energy Drink 15 x 30 gr - E-Power","isPartOf":{"@id":"https:\/\/www.torq.nl\/#website"},"primaryImageOfPage":{"@id":"https:\/\/www.torq.nl\/product\/cola-caffeine-energy-drink-15-30-gr\/#primaryimage"},"image":{"@id":"https:\/\/www.torq.nl\/product\/cola-caffeine-energy-drink-15-30-gr\/#primaryimage"},"thumbnailUrl":"https:\/\/www.torq.nl\/wp-content\/uploads\/2023\/07\/cola-caffeine_v2-min.png","datePublished":"2023-07-10T10:49:35+00:00","dateModified":"2024-05-01T12:48:55+00:00","description":"Dit product is zorgvuldig samengesteld om TORQ's unieke mix van meervoudig transporteerbare koolhydraten, vocht en elektrolyten extreem snel","breadcrumb":{"@id":"https:\/\/www.torq.nl\/product\/cola-caffeine-energy-drink-15-30-gr\/#breadcrumb"},"inLanguage":"it-IT","potentialAction":[{"@type":"ReadAction","target":["https:\/\/www.torq.nl\/product\/cola-caffeine-energy-drink-15-30-gr\/"]}]},{"@type":"ImageObject","inLanguage":"it-IT","@id":"https:\/\/www.torq.nl\/product\/cola-caffeine-energy-drink-15-30-gr\/#primaryimage","url":"https:\/\/www.torq.nl\/wp-content\/uploads\/2023\/07\/cola-caffeine_v2-min.png","contentUrl":"https:\/\/www.torq.nl\/wp-content\/uploads\/2023\/07\/cola-caffeine_v2-min.png","width":2560,"height":2560,"caption":"Cola Caffeine Drink Sachets Box"},{"@type":"BreadcrumbList","@id":"https:\/\/www.torq.nl\/product\/cola-caffeine-energy-drink-15-30-gr\/#breadcrumb","itemListElement":[{"@type":"ListItem","position":1,"name":"Home","item":"https:\/\/www.torq.nl\/home\/"},{"@type":"ListItem","position":2,"name":"Winkel","item":"https:\/\/www.torq.nl\/it\/winkel\/"},{"@type":"ListItem","position":3,"name":"Cola Caffeine Energy Drink 15 x 30 gr"}]},{"@type":"WebSite","@id":"https:\/\/www.torq.nl\/#website","url":"https:\/\/www.torq.nl\/","name":"E-Power","description":"Rivenditore ufficiale Torq Benelux","publisher":{"@id":"https:\/\/www.torq.nl\/#organization"},"potentialAction":[{"@type":"SearchAction","target":{"@type":"EntryPoint","urlTemplate":"https:\/\/www.torq.nl\/?s={search_term_string}"},"query-input":{"@type":"PropertyValueSpecification","valueRequired":true,"valueName":"search_term_string"}}],"inLanguage":"it-IT"},{"@type":"Organization","@id":"https:\/\/www.torq.nl\/#organization","name":"E-Power","url":"https:\/\/www.torq.nl\/","logo":{"@type":"ImageObject","inLanguage":"it-IT","@id":"https:\/\/www.torq.nl\/#\/schema\/logo\/image\/","url":"https:\/\/www.torq.nl\/wp-content\/uploads\/2021\/04\/Logo-epower.png","contentUrl":"https:\/\/www.torq.nl\/wp-content\/uploads\/2021\/04\/Logo-epower.png","width":506,"height":200,"caption":"E-Power"},"image":{"@id":"https:\/\/www.torq.nl\/#\/schema\/logo\/image\/"},"sameAs":["https:\/\/www.facebook.com\/epowersport\/","https:\/\/x.com\/foodgroupbv"]}]}},"_links":{"self":[{"href":"https:\/\/www.torq.nl\/it\/wp-json\/wp\/v2\/product\/19096","targetHints":{"allow":["GET"]}}],"collection":[{"href":"https:\/\/www.torq.nl\/it\/wp-json\/wp\/v2\/product"}],"about":[{"href":"https:\/\/www.torq.nl\/it\/wp-json\/wp\/v2\/types\/product"}],"wp:featuredmedia":[{"embeddable":true,"href":"https:\/\/www.torq.nl\/it\/wp-json\/wp\/v2\/media\/34943"}],"wp:attachment":[{"href":"https:\/\/www.torq.nl\/it\/wp-json\/wp\/v2\/media?parent=19096"}],"wp:term":[{"taxonomy":"product_brand","embeddable":true,"href":"https:\/\/www.torq.nl\/it\/wp-json\/wp\/v2\/product_brand?post=19096"},{"taxonomy":"product_cat","embeddable":true,"href":"https:\/\/www.torq.nl\/it\/wp-json\/wp\/v2\/product_cat?post=19096"},{"taxonomy":"product_tag","embeddable":true,"href":"https:\/\/www.torq.nl\/it\/wp-json\/wp\/v2\/product_tag?post=19096"}],"curies":[{"name":"wp","href":"https:\/\/api.w.org\/{rel}","templated":true}]}}