{"id":303,"date":"2021-06-25T18:25:33","date_gmt":"2021-06-25T16:25:33","guid":{"rendered":"https:\/\/www.e-powersport.eu\/?post_type=product&#038;p=303"},"modified":"2025-11-07T11:16:27","modified_gmt":"2025-11-07T10:16:27","slug":"organic-juicy-mango-energy-bar-box","status":"publish","type":"product","link":"https:\/\/www.torq.nl\/it\/prodotto\/organic-juicy-mango-energy-bar-box\/","title":{"rendered":"Box Barretta Energetica Mango Succosa Biologica (15 pz)"},"content":{"rendered":"<p>Ogni barretta TORQ contiene 30 grammi di carboidrati politrasportabili (1 unit\u00e0 TORQ). Per prestazioni ottimali, il nostro sistema di alimentazione TORQ consiglia di consumare 2-3 unit\u00e0 TORQ all&#039;ora, che possono essere ottenute consumando una variet\u00e0 di prodotti combustibili.<\/p>\n<h3>Uso del prodotto<\/h3>\n<p>Riteniamo che TORQ Bar sia la barretta energetica pi\u00f9 morbida e facile da mangiare sul mercato, il che la rende estremamente facile da consumare durante l&#039;esercizio. Si sconsiglia l&#039;uso di TORQ Bar o TORQ Chew durante gare o allenamenti ad alta intensit\u00e0 quando la respirazione pesante rende difficile consumarli.<\/p>\n<p>Per questi motivi, consigliamo di combinare TORQ Energy Drink con TORQ Energy Gel durante l&#039;esercizio ad alta intensit\u00e0 e considerare TORQ Bars e TORQ Chews su lunghe distanze, dove le intensit\u00e0 di allenamento sono inferiori, per variet\u00e0. Naturalmente, la bellezza del sistema di alimentazione TORQ \u00e8 che la scelta \u00e8 tua e accettiamo che ognuno abbia preferenze diverse.<\/p>\n<p>*Le barrette energetiche TORQ sono VEGANE<\/p>","protected":false},"excerpt":{"rendered":"<p>TORQ Bar \u00e8 uno <em><span style=\"color: #ff6600;\">barretta energetica umida e masticabile a bassissimo contenuto di grassi<\/span><\/em>, formulato con la miscela unica di TORQ <em><span style=\"color: #ff6600;\">carboidrati politrasportabili<\/span><\/em> in modo rapido ed efficiente ai muscoli che lavorano. Le barre TORQ sono <em><span style=\"color: #ff6600;\">biologico certificato<\/span><\/em> dall&#039;Associazione del suolo. Tutte le barrette TORQ, oltre alla barretta al gusto di arancia, usano anche <em><span style=\"color: #ff6600;\">frutta del commercio equo e solidale<\/span><\/em>.<\/p>\n<p>*TORQ Bar fa parte del sistema di alimentazione TORQ, quindi pu\u00f2 essere utilizzato insieme a bevande energetiche, gel e masticabili di TORQ per offrire prestazioni ottimali.<\/p>","protected":false},"featured_media":4772,"template":"","meta":{"_monsterinsights_skip_tracking":false,"_monsterinsights_sitenote_active":false,"_monsterinsights_sitenote_note":"","_monsterinsights_sitenote_category":0},"product_brand":[],"product_cat":[30,38,15],"product_tag":[],"class_list":{"0":"post-303","1":"product","2":"type-product","3":"status-publish","4":"has-post-thumbnail","6":"product_cat-fuelling-system","7":"product_cat-torq-energy-bar","8":"product_cat-torq-sportvoeding","10":"first","11":"instock","12":"taxable","13":"shipping-taxable","14":"purchasable","15":"product-type-simple"},"yoast_head":"<!-- This site is optimized with the Yoast SEO plugin v27.3 - https:\/\/yoast.com\/product\/yoast-seo-wordpress\/ -->\n<title>Organic Juicy Mango Energy Bar Box (15 st) - E-Power<\/title>\n<meta name=\"description\" content=\"De TORQ Fueling System-pagina van deze website legt duidelijk uit hoe TORQ Bar werkt naast de andere tankproducten van TORQ (TORQ Energy Drink, TORQ Gel\" \/>\n<meta name=\"robots\" content=\"index, follow, max-snippet:-1, max-image-preview:large, max-video-preview:-1\" \/>\n<link rel=\"canonical\" href=\"https:\/\/www.torq.nl\/it\/prodotto\/organic-juicy-mango-energy-bar-box\/\" \/>\n<meta property=\"og:locale\" content=\"it_IT\" \/>\n<meta property=\"og:type\" content=\"article\" \/>\n<meta property=\"og:title\" content=\"Organic Juicy Mango Energy Bar Box (15 st) - E-Power\" \/>\n<meta property=\"og:description\" content=\"De TORQ Fueling System-pagina van deze website legt duidelijk uit hoe TORQ Bar werkt naast de andere tankproducten van TORQ (TORQ Energy Drink, TORQ Gel\" \/>\n<meta property=\"og:url\" content=\"https:\/\/www.torq.nl\/it\/prodotto\/organic-juicy-mango-energy-bar-box\/\" \/>\n<meta property=\"og:site_name\" content=\"E-Power\" \/>\n<meta property=\"article:publisher\" content=\"https:\/\/www.facebook.com\/epowersport\/\" \/>\n<meta property=\"article:modified_time\" content=\"2025-11-07T10:16:27+00:00\" \/>\n<meta property=\"og:image\" content=\"https:\/\/www.torq.nl\/wp-content\/uploads\/2021\/06\/juicy-mango-2-1030x1030.png\" \/>\n\t<meta property=\"og:image:width\" content=\"1030\" \/>\n\t<meta property=\"og:image:height\" content=\"1030\" \/>\n\t<meta property=\"og:image:type\" content=\"image\/png\" \/>\n<meta name=\"twitter:card\" content=\"summary_large_image\" \/>\n<meta name=\"twitter:site\" content=\"@foodgroupbv\" \/>\n<meta name=\"twitter:label1\" content=\"Tempo di lettura stimato\" \/>\n\t<meta name=\"twitter:data1\" content=\"1 minuto\" \/>\n<script type=\"application\/ld+json\" class=\"yoast-schema-graph\">{\"@context\":\"https:\\\/\\\/schema.org\",\"@graph\":[{\"@type\":\"WebPage\",\"@id\":\"https:\\\/\\\/www.torq.nl\\\/product\\\/organic-juicy-mango-energy-bar-box\\\/\",\"url\":\"https:\\\/\\\/www.torq.nl\\\/product\\\/organic-juicy-mango-energy-bar-box\\\/\",\"name\":\"Organic Juicy Mango Energy Bar Box (15 st) - E-Power\",\"isPartOf\":{\"@id\":\"https:\\\/\\\/www.torq.nl\\\/#website\"},\"primaryImageOfPage\":{\"@id\":\"https:\\\/\\\/www.torq.nl\\\/product\\\/organic-juicy-mango-energy-bar-box\\\/#primaryimage\"},\"image\":{\"@id\":\"https:\\\/\\\/www.torq.nl\\\/product\\\/organic-juicy-mango-energy-bar-box\\\/#primaryimage\"},\"thumbnailUrl\":\"https:\\\/\\\/www.torq.nl\\\/wp-content\\\/uploads\\\/2021\\\/06\\\/juicy-mango-2.png\",\"datePublished\":\"2021-06-25T16:25:33+00:00\",\"dateModified\":\"2025-11-07T10:16:27+00:00\",\"description\":\"De TORQ Fueling System-pagina van deze website legt duidelijk uit hoe TORQ Bar werkt naast de andere tankproducten van TORQ (TORQ Energy Drink, TORQ Gel\",\"breadcrumb\":{\"@id\":\"https:\\\/\\\/www.torq.nl\\\/product\\\/organic-juicy-mango-energy-bar-box\\\/#breadcrumb\"},\"inLanguage\":\"it-IT\",\"potentialAction\":[{\"@type\":\"ReadAction\",\"target\":[\"https:\\\/\\\/www.torq.nl\\\/product\\\/organic-juicy-mango-energy-bar-box\\\/\"]}]},{\"@type\":\"ImageObject\",\"inLanguage\":\"it-IT\",\"@id\":\"https:\\\/\\\/www.torq.nl\\\/product\\\/organic-juicy-mango-energy-bar-box\\\/#primaryimage\",\"url\":\"https:\\\/\\\/www.torq.nl\\\/wp-content\\\/uploads\\\/2021\\\/06\\\/juicy-mango-2.png\",\"contentUrl\":\"https:\\\/\\\/www.torq.nl\\\/wp-content\\\/uploads\\\/2021\\\/06\\\/juicy-mango-2.png\",\"width\":2560,\"height\":2560,\"caption\":\"Organic Juicy Mango Bar Box\"},{\"@type\":\"BreadcrumbList\",\"@id\":\"https:\\\/\\\/www.torq.nl\\\/product\\\/organic-juicy-mango-energy-bar-box\\\/#breadcrumb\",\"itemListElement\":[{\"@type\":\"ListItem\",\"position\":1,\"name\":\"Home\",\"item\":\"https:\\\/\\\/www.torq.nl\\\/home\\\/\"},{\"@type\":\"ListItem\",\"position\":2,\"name\":\"Winkel\",\"item\":\"https:\\\/\\\/www.torq.nl\\\/it\\\/winkel\\\/\"},{\"@type\":\"ListItem\",\"position\":3,\"name\":\"Organic Juicy Mango Energy Bar Box (15 st)\"}]},{\"@type\":\"WebSite\",\"@id\":\"https:\\\/\\\/www.torq.nl\\\/#website\",\"url\":\"https:\\\/\\\/www.torq.nl\\\/\",\"name\":\"E-Power\",\"description\":\"Officieel Torq dealer Benelux\",\"publisher\":{\"@id\":\"https:\\\/\\\/www.torq.nl\\\/#organization\"},\"potentialAction\":[{\"@type\":\"SearchAction\",\"target\":{\"@type\":\"EntryPoint\",\"urlTemplate\":\"https:\\\/\\\/www.torq.nl\\\/?s={search_term_string}\"},\"query-input\":{\"@type\":\"PropertyValueSpecification\",\"valueRequired\":true,\"valueName\":\"search_term_string\"}}],\"inLanguage\":\"it-IT\"},{\"@type\":\"Organization\",\"@id\":\"https:\\\/\\\/www.torq.nl\\\/#organization\",\"name\":\"E-Power\",\"url\":\"https:\\\/\\\/www.torq.nl\\\/\",\"logo\":{\"@type\":\"ImageObject\",\"inLanguage\":\"it-IT\",\"@id\":\"https:\\\/\\\/www.torq.nl\\\/#\\\/schema\\\/logo\\\/image\\\/\",\"url\":\"https:\\\/\\\/www.torq.nl\\\/wp-content\\\/uploads\\\/2021\\\/04\\\/Logo-epower.png\",\"contentUrl\":\"https:\\\/\\\/www.torq.nl\\\/wp-content\\\/uploads\\\/2021\\\/04\\\/Logo-epower.png\",\"width\":506,\"height\":200,\"caption\":\"E-Power\"},\"image\":{\"@id\":\"https:\\\/\\\/www.torq.nl\\\/#\\\/schema\\\/logo\\\/image\\\/\"},\"sameAs\":[\"https:\\\/\\\/www.facebook.com\\\/epowersport\\\/\",\"https:\\\/\\\/x.com\\\/foodgroupbv\"]}]}<\/script>\n<!-- \/ Yoast SEO plugin. -->","yoast_head_json":{"title":"Organic Juicy Mango Energy Bar Box (15 st) - E-Power","description":"La pagina del sistema di rifornimento TORQ di questo sito Web spiega chiaramente come TORQ Bar funziona insieme agli altri prodotti di rifornimento TORQ (TORQ Energy Drink, TORQ Gel","robots":{"index":"index","follow":"follow","max-snippet":"max-snippet:-1","max-image-preview":"max-image-preview:large","max-video-preview":"max-video-preview:-1"},"canonical":"https:\/\/www.torq.nl\/it\/prodotto\/organic-juicy-mango-energy-bar-box\/","og_locale":"it_IT","og_type":"article","og_title":"Organic Juicy Mango Energy Bar Box (15 st) - E-Power","og_description":"De TORQ Fueling System-pagina van deze website legt duidelijk uit hoe TORQ Bar werkt naast de andere tankproducten van TORQ (TORQ Energy Drink, TORQ Gel","og_url":"https:\/\/www.torq.nl\/it\/prodotto\/organic-juicy-mango-energy-bar-box\/","og_site_name":"E-Power","article_publisher":"https:\/\/www.facebook.com\/epowersport\/","article_modified_time":"2025-11-07T10:16:27+00:00","og_image":[{"width":1030,"height":1030,"url":"https:\/\/www.torq.nl\/wp-content\/uploads\/2021\/06\/juicy-mango-2-1030x1030.png","type":"image\/png"}],"twitter_card":"summary_large_image","twitter_site":"@foodgroupbv","twitter_misc":{"Tempo di lettura stimato":"1 minuto"},"schema":{"@context":"https:\/\/schema.org","@graph":[{"@type":"WebPage","@id":"https:\/\/www.torq.nl\/product\/organic-juicy-mango-energy-bar-box\/","url":"https:\/\/www.torq.nl\/product\/organic-juicy-mango-energy-bar-box\/","name":"Organic Juicy Mango Energy Bar Box (15 st) - E-Power","isPartOf":{"@id":"https:\/\/www.torq.nl\/#website"},"primaryImageOfPage":{"@id":"https:\/\/www.torq.nl\/product\/organic-juicy-mango-energy-bar-box\/#primaryimage"},"image":{"@id":"https:\/\/www.torq.nl\/product\/organic-juicy-mango-energy-bar-box\/#primaryimage"},"thumbnailUrl":"https:\/\/www.torq.nl\/wp-content\/uploads\/2021\/06\/juicy-mango-2.png","datePublished":"2021-06-25T16:25:33+00:00","dateModified":"2025-11-07T10:16:27+00:00","description":"La pagina del sistema di rifornimento TORQ di questo sito Web spiega chiaramente come TORQ Bar funziona insieme agli altri prodotti di rifornimento TORQ (TORQ Energy Drink, TORQ Gel","breadcrumb":{"@id":"https:\/\/www.torq.nl\/product\/organic-juicy-mango-energy-bar-box\/#breadcrumb"},"inLanguage":"it-IT","potentialAction":[{"@type":"ReadAction","target":["https:\/\/www.torq.nl\/product\/organic-juicy-mango-energy-bar-box\/"]}]},{"@type":"ImageObject","inLanguage":"it-IT","@id":"https:\/\/www.torq.nl\/product\/organic-juicy-mango-energy-bar-box\/#primaryimage","url":"https:\/\/www.torq.nl\/wp-content\/uploads\/2021\/06\/juicy-mango-2.png","contentUrl":"https:\/\/www.torq.nl\/wp-content\/uploads\/2021\/06\/juicy-mango-2.png","width":2560,"height":2560,"caption":"Organic Juicy Mango Bar Box"},{"@type":"BreadcrumbList","@id":"https:\/\/www.torq.nl\/product\/organic-juicy-mango-energy-bar-box\/#breadcrumb","itemListElement":[{"@type":"ListItem","position":1,"name":"Home","item":"https:\/\/www.torq.nl\/home\/"},{"@type":"ListItem","position":2,"name":"Winkel","item":"https:\/\/www.torq.nl\/it\/winkel\/"},{"@type":"ListItem","position":3,"name":"Organic Juicy Mango Energy Bar Box (15 st)"}]},{"@type":"WebSite","@id":"https:\/\/www.torq.nl\/#website","url":"https:\/\/www.torq.nl\/","name":"E-Power","description":"Rivenditore ufficiale Torq Benelux","publisher":{"@id":"https:\/\/www.torq.nl\/#organization"},"potentialAction":[{"@type":"SearchAction","target":{"@type":"EntryPoint","urlTemplate":"https:\/\/www.torq.nl\/?s={search_term_string}"},"query-input":{"@type":"PropertyValueSpecification","valueRequired":true,"valueName":"search_term_string"}}],"inLanguage":"it-IT"},{"@type":"Organization","@id":"https:\/\/www.torq.nl\/#organization","name":"E-Power","url":"https:\/\/www.torq.nl\/","logo":{"@type":"ImageObject","inLanguage":"it-IT","@id":"https:\/\/www.torq.nl\/#\/schema\/logo\/image\/","url":"https:\/\/www.torq.nl\/wp-content\/uploads\/2021\/04\/Logo-epower.png","contentUrl":"https:\/\/www.torq.nl\/wp-content\/uploads\/2021\/04\/Logo-epower.png","width":506,"height":200,"caption":"E-Power"},"image":{"@id":"https:\/\/www.torq.nl\/#\/schema\/logo\/image\/"},"sameAs":["https:\/\/www.facebook.com\/epowersport\/","https:\/\/x.com\/foodgroupbv"]}]}},"_links":{"self":[{"href":"https:\/\/www.torq.nl\/it\/wp-json\/wp\/v2\/product\/303","targetHints":{"allow":["GET"]}}],"collection":[{"href":"https:\/\/www.torq.nl\/it\/wp-json\/wp\/v2\/product"}],"about":[{"href":"https:\/\/www.torq.nl\/it\/wp-json\/wp\/v2\/types\/product"}],"wp:featuredmedia":[{"embeddable":true,"href":"https:\/\/www.torq.nl\/it\/wp-json\/wp\/v2\/media\/4772"}],"wp:attachment":[{"href":"https:\/\/www.torq.nl\/it\/wp-json\/wp\/v2\/media?parent=303"}],"wp:term":[{"taxonomy":"product_brand","embeddable":true,"href":"https:\/\/www.torq.nl\/it\/wp-json\/wp\/v2\/product_brand?post=303"},{"taxonomy":"product_cat","embeddable":true,"href":"https:\/\/www.torq.nl\/it\/wp-json\/wp\/v2\/product_cat?post=303"},{"taxonomy":"product_tag","embeddable":true,"href":"https:\/\/www.torq.nl\/it\/wp-json\/wp\/v2\/product_tag?post=303"}],"curies":[{"name":"wp","href":"https:\/\/api.w.org\/{rel}","templated":true}]}}