{"id":30963,"date":"2023-11-30T19:49:22","date_gmt":"2023-11-30T18:49:22","guid":{"rendered":"https:\/\/www.torq.nl\/?post_type=product&#038;p=30963"},"modified":"2025-11-07T12:42:02","modified_gmt":"2025-11-07T11:42:02","slug":"explore-apple-crumble-dessert","status":"publish","type":"product","link":"https:\/\/www.torq.nl\/it\/prodotto\/explore-apple-crumble-dessert\/","title":{"rendered":"Esplora il dessert con crumble di mele"},"content":{"rendered":"<p>*I nostri Dessert Supercharged Explore istantanei sono progettati per fornire carburante nutrizionale facilmente accessibile, utile ed efficace in una confezione comoda, leggera e a basso volume. Basta aggiungere acqua calda nel contenitore, mescolare fino ad ottenere una crema, aggiungere la salsa e il dessert \u00e8 pronto da mangiare.<\/p>\n<p>\u00c8 l&#039;eredit\u00e0 Performance Nutrition di TORQ che rende i nostri Explore Desserts cos\u00ec unici e li distingue dagli altri prodotti per la nutrizione all&#039;aperto sul mercato. Ogni confezione contiene oltre 500 calorie di alimenti funzionali di alta qualit\u00e0 per fornire l&#039;energia necessaria per ottenere il massimo dalle tue attivit\u00e0 avventurose. Concentrandosi sulla funzionalit\u00e0, gli Explore Desserts di TORQ superano significativamente le alternative ad alto contenuto calorico.<\/p>\n<p>I nostri Dessert Explore Supercharged possono essere particolarmente utili da consumare insieme a un pasto Explore Supercharged nelle giornate pi\u00f9 impegnative. Possono anche essere utilizzati per integrare e riempire un pasto principale, che pu\u00f2 avere una qualit\u00e0 nutrizionale inferiore.<\/p>\n<h3>Uso del prodotto<\/h3>\n<ol>\n<li>Aprire la confezione, aggiungere 250-300 ml di acqua calda e mescolare continuamente fino ad ottenere una crema densa e cremosa.<\/li>\n<li>Aggiungere la salsa e altra acqua calda a piacere.<\/li>\n<li>Assicuratevi che l&#039;acqua sia quanto pi\u00f9 calda possibile, altrimenti il dolce non si addenser\u00e0 adeguatamente.<\/li>\n<\/ol>\n<p><img loading=\"lazy\" decoding=\"async\" class=\"alignnone size-full wp-image-30964\" src=\"https:\/\/www.torq.nl\/wp-content\/uploads\/2023\/11\/Foto-30-11-2023-om-19.25.jpeg\" alt=\"Gebruiksaanwijzing Explore Dessert\" width=\"1324\" height=\"285\" srcset=\"https:\/\/www.torq.nl\/wp-content\/uploads\/2023\/11\/Foto-30-11-2023-om-19.25.jpeg 1324w, https:\/\/www.torq.nl\/wp-content\/uploads\/2023\/11\/Foto-30-11-2023-om-19.25-300x65.jpeg 300w, https:\/\/www.torq.nl\/wp-content\/uploads\/2023\/11\/Foto-30-11-2023-om-19.25-1030x222.jpeg 1030w, https:\/\/www.torq.nl\/wp-content\/uploads\/2023\/11\/Foto-30-11-2023-om-19.25-768x165.jpeg 768w, https:\/\/www.torq.nl\/wp-content\/uploads\/2023\/11\/Foto-30-11-2023-om-19.25-18x4.jpeg 18w, https:\/\/www.torq.nl\/wp-content\/uploads\/2023\/11\/Foto-30-11-2023-om-19.25-705x152.jpeg 705w, https:\/\/www.torq.nl\/wp-content\/uploads\/2023\/11\/Foto-30-11-2023-om-19.25-450x97.jpeg 450w, https:\/\/www.torq.nl\/wp-content\/uploads\/2023\/11\/Foto-30-11-2023-om-19.25-600x129.jpeg 600w\" sizes=\"auto, (max-width: 1324px) 100vw, 1324px\" \/><\/p>\n<p><strong>I sacchetti sono ermetici al calore e contengono un po&#039; d&#039;aria. Se vuoi espellere l&#039;aria per ridurre il volume del pacco per il tuo viaggio, strappa parzialmente la parte superiore del pacco, espelle tutta l&#039;aria e usa la cerniera per richiudere il pacco. Posizionando un piccolo pezzo di nastro adesivo sullo strappo della confezione, il contenuto di 100% \u00e8 al sicuro.<\/strong><\/p>","protected":false},"excerpt":{"rendered":"<h5>*I codici sconto non si applicano ai cracker sui prezzi<\/h5>\n<p>Dessert caldo di semolino, ricco di energia e ad alto contenuto proteico, con una ricca salsa di crumble di mele. Fornisce 25 grammi di proteine vegetariane di alta qualit\u00e0 da consumare in qualsiasi momento.<\/p>\n<p>Caratteristiche salienti del prodotto:<\/p>\n<div class=\"col-md-12 product-highlights-wrapper no-padding\">\n<div class=\"col-md-8 col-sm-12 product-highlights no-padding\">\n<ul>\n<li>Istantaneo: basta aggiungere acqua calda<\/li>\n<li>Parte del Supercharged SystemTM<\/li>\n<li>Pi\u00f9 di 500 calorie funzionali<\/li>\n<li>100 g di carboidrati<\/li>\n<li>25 grammi di proteine<\/li>\n<li>1 grammo di grasso<\/li>\n<li>Profili nutrizionali condivisi<\/li>\n<\/ul>\n<\/div>\n<\/div>\n<p><strong>*I nostri dessert, pasti e colazioni Explore condividono profili nutrizionali quasi identici. Ci\u00f2 significa che tutta la nostra gamma Supercharged SystemTM offre le stesse prestazioni, indipendentemente dal gusto, sia che le ricette siano salate o dolci.<\/strong><\/p>","protected":false},"featured_media":40225,"template":"","meta":{"_monsterinsights_skip_tracking":false,"_monsterinsights_sitenote_active":false,"_monsterinsights_sitenote_note":"","_monsterinsights_sitenote_category":0},"product_brand":[],"product_cat":[34,42,91],"product_tag":[],"class_list":{"0":"post-30963","1":"product","2":"type-product","3":"status-publish","4":"has-post-thumbnail","6":"product_cat-aanbiedingen","7":"product_cat-explore","8":"product_cat-explore-desserts","10":"first","11":"instock","12":"taxable","13":"shipping-taxable","14":"purchasable","15":"product-type-simple"},"yoast_head":"<!-- This site is optimized with the Yoast SEO plugin v27.5 - https:\/\/yoast.com\/product\/yoast-seo-wordpress\/ -->\n<title>Explore Apple Crumble Dessert - E-Power<\/title>\n<meta name=\"description\" content=\"Energierijk, eiwitrijk heet griesmeeldessert met een rijke apple crumble saus. Levert 25 gram vegetarisch eiwit van hoge kwaliteit om op elk moment te consumeren.\" \/>\n<meta name=\"robots\" content=\"index, follow, max-snippet:-1, max-image-preview:large, max-video-preview:-1\" \/>\n<link rel=\"canonical\" href=\"https:\/\/www.torq.nl\/it\/prodotto\/explore-apple-crumble-dessert\/\" \/>\n<meta property=\"og:locale\" content=\"it_IT\" \/>\n<meta property=\"og:type\" content=\"article\" \/>\n<meta property=\"og:title\" content=\"Explore Apple Crumble Dessert - E-Power\" \/>\n<meta property=\"og:description\" content=\"Energierijk, eiwitrijk heet griesmeeldessert met een rijke apple crumble saus. Levert 25 gram vegetarisch eiwit van hoge kwaliteit om op elk moment te consumeren.\" \/>\n<meta property=\"og:url\" content=\"https:\/\/www.torq.nl\/it\/prodotto\/explore-apple-crumble-dessert\/\" \/>\n<meta property=\"og:site_name\" content=\"E-Power\" \/>\n<meta property=\"article:publisher\" content=\"https:\/\/www.facebook.com\/epowersport\/\" \/>\n<meta property=\"article:modified_time\" content=\"2025-11-07T11:42:02+00:00\" \/>\n<meta property=\"og:image\" content=\"https:\/\/www.torq.nl\/wp-content\/uploads\/2023\/11\/Explore_Dessert_AppleCrumble.png\" \/>\n\t<meta property=\"og:image:width\" content=\"2160\" \/>\n\t<meta property=\"og:image:height\" content=\"2160\" \/>\n\t<meta property=\"og:image:type\" content=\"image\/png\" \/>\n<meta name=\"twitter:card\" content=\"summary_large_image\" \/>\n<meta name=\"twitter:site\" content=\"@foodgroupbv\" \/>\n<meta name=\"twitter:label1\" content=\"Tempo di lettura stimato\" \/>\n\t<meta name=\"twitter:data1\" content=\"2 minuti\" \/>\n<script type=\"application\/ld+json\" class=\"yoast-schema-graph\">{\"@context\":\"https:\\\/\\\/schema.org\",\"@graph\":[{\"@type\":\"WebPage\",\"@id\":\"https:\\\/\\\/www.torq.nl\\\/product\\\/explore-apple-crumble-dessert\\\/\",\"url\":\"https:\\\/\\\/www.torq.nl\\\/product\\\/explore-apple-crumble-dessert\\\/\",\"name\":\"Explore Apple Crumble Dessert - E-Power\",\"isPartOf\":{\"@id\":\"https:\\\/\\\/www.torq.nl\\\/#website\"},\"primaryImageOfPage\":{\"@id\":\"https:\\\/\\\/www.torq.nl\\\/product\\\/explore-apple-crumble-dessert\\\/#primaryimage\"},\"image\":{\"@id\":\"https:\\\/\\\/www.torq.nl\\\/product\\\/explore-apple-crumble-dessert\\\/#primaryimage\"},\"thumbnailUrl\":\"https:\\\/\\\/www.torq.nl\\\/wp-content\\\/uploads\\\/2023\\\/11\\\/Explore_Dessert_AppleCrumble.png\",\"datePublished\":\"2023-11-30T18:49:22+00:00\",\"dateModified\":\"2025-11-07T11:42:02+00:00\",\"description\":\"Energierijk, eiwitrijk heet griesmeeldessert met een rijke apple crumble saus. Levert 25 gram vegetarisch eiwit van hoge kwaliteit om op elk moment te consumeren.\",\"breadcrumb\":{\"@id\":\"https:\\\/\\\/www.torq.nl\\\/product\\\/explore-apple-crumble-dessert\\\/#breadcrumb\"},\"inLanguage\":\"it-IT\",\"potentialAction\":[{\"@type\":\"ReadAction\",\"target\":[\"https:\\\/\\\/www.torq.nl\\\/product\\\/explore-apple-crumble-dessert\\\/\"]}]},{\"@type\":\"ImageObject\",\"inLanguage\":\"it-IT\",\"@id\":\"https:\\\/\\\/www.torq.nl\\\/product\\\/explore-apple-crumble-dessert\\\/#primaryimage\",\"url\":\"https:\\\/\\\/www.torq.nl\\\/wp-content\\\/uploads\\\/2023\\\/11\\\/Explore_Dessert_AppleCrumble.png\",\"contentUrl\":\"https:\\\/\\\/www.torq.nl\\\/wp-content\\\/uploads\\\/2023\\\/11\\\/Explore_Dessert_AppleCrumble.png\",\"width\":2160,\"height\":2160,\"caption\":\"Explore_Dessert_AppleCrumble\"},{\"@type\":\"BreadcrumbList\",\"@id\":\"https:\\\/\\\/www.torq.nl\\\/product\\\/explore-apple-crumble-dessert\\\/#breadcrumb\",\"itemListElement\":[{\"@type\":\"ListItem\",\"position\":1,\"name\":\"Home\",\"item\":\"https:\\\/\\\/www.torq.nl\\\/home\\\/\"},{\"@type\":\"ListItem\",\"position\":2,\"name\":\"Winkel\",\"item\":\"https:\\\/\\\/www.torq.nl\\\/it\\\/winkel\\\/\"},{\"@type\":\"ListItem\",\"position\":3,\"name\":\"Explore Apple Crumble Dessert\"}]},{\"@type\":\"WebSite\",\"@id\":\"https:\\\/\\\/www.torq.nl\\\/#website\",\"url\":\"https:\\\/\\\/www.torq.nl\\\/\",\"name\":\"E-Power\",\"description\":\"Officieel Torq dealer Benelux\",\"publisher\":{\"@id\":\"https:\\\/\\\/www.torq.nl\\\/#organization\"},\"potentialAction\":[{\"@type\":\"SearchAction\",\"target\":{\"@type\":\"EntryPoint\",\"urlTemplate\":\"https:\\\/\\\/www.torq.nl\\\/?s={search_term_string}\"},\"query-input\":{\"@type\":\"PropertyValueSpecification\",\"valueRequired\":true,\"valueName\":\"search_term_string\"}}],\"inLanguage\":\"it-IT\"},{\"@type\":\"Organization\",\"@id\":\"https:\\\/\\\/www.torq.nl\\\/#organization\",\"name\":\"E-Power\",\"url\":\"https:\\\/\\\/www.torq.nl\\\/\",\"logo\":{\"@type\":\"ImageObject\",\"inLanguage\":\"it-IT\",\"@id\":\"https:\\\/\\\/www.torq.nl\\\/#\\\/schema\\\/logo\\\/image\\\/\",\"url\":\"https:\\\/\\\/www.torq.nl\\\/wp-content\\\/uploads\\\/2021\\\/04\\\/Logo-epower.png\",\"contentUrl\":\"https:\\\/\\\/www.torq.nl\\\/wp-content\\\/uploads\\\/2021\\\/04\\\/Logo-epower.png\",\"width\":506,\"height\":200,\"caption\":\"E-Power\"},\"image\":{\"@id\":\"https:\\\/\\\/www.torq.nl\\\/#\\\/schema\\\/logo\\\/image\\\/\"},\"sameAs\":[\"https:\\\/\\\/www.facebook.com\\\/epowersport\\\/\",\"https:\\\/\\\/x.com\\\/foodgroupbv\"]}]}<\/script>\n<!-- \/ Yoast SEO plugin. -->","yoast_head_json":{"title":"Explore Apple Crumble Dessert - E-Power","description":"Dessert caldo di semolino, ricco di energia e ad alto contenuto proteico, con una ricca salsa di crumble di mele. Fornisce 25 grammi di proteine vegetariane di alta qualit\u00e0 da consumare in qualsiasi momento.","robots":{"index":"index","follow":"follow","max-snippet":"max-snippet:-1","max-image-preview":"max-image-preview:large","max-video-preview":"max-video-preview:-1"},"canonical":"https:\/\/www.torq.nl\/it\/prodotto\/explore-apple-crumble-dessert\/","og_locale":"it_IT","og_type":"article","og_title":"Explore Apple Crumble Dessert - E-Power","og_description":"Energierijk, eiwitrijk heet griesmeeldessert met een rijke apple crumble saus. Levert 25 gram vegetarisch eiwit van hoge kwaliteit om op elk moment te consumeren.","og_url":"https:\/\/www.torq.nl\/it\/prodotto\/explore-apple-crumble-dessert\/","og_site_name":"E-Power","article_publisher":"https:\/\/www.facebook.com\/epowersport\/","article_modified_time":"2025-11-07T11:42:02+00:00","og_image":[{"width":2160,"height":2160,"url":"https:\/\/www.torq.nl\/wp-content\/uploads\/2023\/11\/Explore_Dessert_AppleCrumble.png","type":"image\/png"}],"twitter_card":"summary_large_image","twitter_site":"@foodgroupbv","twitter_misc":{"Tempo di lettura stimato":"2 minuti"},"schema":{"@context":"https:\/\/schema.org","@graph":[{"@type":"WebPage","@id":"https:\/\/www.torq.nl\/product\/explore-apple-crumble-dessert\/","url":"https:\/\/www.torq.nl\/product\/explore-apple-crumble-dessert\/","name":"Explore Apple Crumble Dessert - E-Power","isPartOf":{"@id":"https:\/\/www.torq.nl\/#website"},"primaryImageOfPage":{"@id":"https:\/\/www.torq.nl\/product\/explore-apple-crumble-dessert\/#primaryimage"},"image":{"@id":"https:\/\/www.torq.nl\/product\/explore-apple-crumble-dessert\/#primaryimage"},"thumbnailUrl":"https:\/\/www.torq.nl\/wp-content\/uploads\/2023\/11\/Explore_Dessert_AppleCrumble.png","datePublished":"2023-11-30T18:49:22+00:00","dateModified":"2025-11-07T11:42:02+00:00","description":"Dessert caldo di semolino, ricco di energia e ad alto contenuto proteico, con una ricca salsa di crumble di mele. Fornisce 25 grammi di proteine vegetariane di alta qualit\u00e0 da consumare in qualsiasi momento.","breadcrumb":{"@id":"https:\/\/www.torq.nl\/product\/explore-apple-crumble-dessert\/#breadcrumb"},"inLanguage":"it-IT","potentialAction":[{"@type":"ReadAction","target":["https:\/\/www.torq.nl\/product\/explore-apple-crumble-dessert\/"]}]},{"@type":"ImageObject","inLanguage":"it-IT","@id":"https:\/\/www.torq.nl\/product\/explore-apple-crumble-dessert\/#primaryimage","url":"https:\/\/www.torq.nl\/wp-content\/uploads\/2023\/11\/Explore_Dessert_AppleCrumble.png","contentUrl":"https:\/\/www.torq.nl\/wp-content\/uploads\/2023\/11\/Explore_Dessert_AppleCrumble.png","width":2160,"height":2160,"caption":"Explore_Dessert_AppleCrumble"},{"@type":"BreadcrumbList","@id":"https:\/\/www.torq.nl\/product\/explore-apple-crumble-dessert\/#breadcrumb","itemListElement":[{"@type":"ListItem","position":1,"name":"Home","item":"https:\/\/www.torq.nl\/home\/"},{"@type":"ListItem","position":2,"name":"Winkel","item":"https:\/\/www.torq.nl\/it\/winkel\/"},{"@type":"ListItem","position":3,"name":"Explore Apple Crumble Dessert"}]},{"@type":"WebSite","@id":"https:\/\/www.torq.nl\/#website","url":"https:\/\/www.torq.nl\/","name":"E-Power","description":"Rivenditore ufficiale Torq Benelux","publisher":{"@id":"https:\/\/www.torq.nl\/#organization"},"potentialAction":[{"@type":"SearchAction","target":{"@type":"EntryPoint","urlTemplate":"https:\/\/www.torq.nl\/?s={search_term_string}"},"query-input":{"@type":"PropertyValueSpecification","valueRequired":true,"valueName":"search_term_string"}}],"inLanguage":"it-IT"},{"@type":"Organization","@id":"https:\/\/www.torq.nl\/#organization","name":"E-Power","url":"https:\/\/www.torq.nl\/","logo":{"@type":"ImageObject","inLanguage":"it-IT","@id":"https:\/\/www.torq.nl\/#\/schema\/logo\/image\/","url":"https:\/\/www.torq.nl\/wp-content\/uploads\/2021\/04\/Logo-epower.png","contentUrl":"https:\/\/www.torq.nl\/wp-content\/uploads\/2021\/04\/Logo-epower.png","width":506,"height":200,"caption":"E-Power"},"image":{"@id":"https:\/\/www.torq.nl\/#\/schema\/logo\/image\/"},"sameAs":["https:\/\/www.facebook.com\/epowersport\/","https:\/\/x.com\/foodgroupbv"]}]}},"_links":{"self":[{"href":"https:\/\/www.torq.nl\/it\/wp-json\/wp\/v2\/product\/30963","targetHints":{"allow":["GET"]}}],"collection":[{"href":"https:\/\/www.torq.nl\/it\/wp-json\/wp\/v2\/product"}],"about":[{"href":"https:\/\/www.torq.nl\/it\/wp-json\/wp\/v2\/types\/product"}],"wp:featuredmedia":[{"embeddable":true,"href":"https:\/\/www.torq.nl\/it\/wp-json\/wp\/v2\/media\/40225"}],"wp:attachment":[{"href":"https:\/\/www.torq.nl\/it\/wp-json\/wp\/v2\/media?parent=30963"}],"wp:term":[{"taxonomy":"product_brand","embeddable":true,"href":"https:\/\/www.torq.nl\/it\/wp-json\/wp\/v2\/product_brand?post=30963"},{"taxonomy":"product_cat","embeddable":true,"href":"https:\/\/www.torq.nl\/it\/wp-json\/wp\/v2\/product_cat?post=30963"},{"taxonomy":"product_tag","embeddable":true,"href":"https:\/\/www.torq.nl\/it\/wp-json\/wp\/v2\/product_tag?post=30963"}],"curies":[{"name":"wp","href":"https:\/\/api.w.org\/{rel}","templated":true}]}}