{"id":34843,"date":"2024-04-16T14:22:29","date_gmt":"2024-04-16T12:22:29","guid":{"rendered":"https:\/\/www.torq.nl\/?post_type=product&#038;p=34843"},"modified":"2026-04-15T09:10:32","modified_gmt":"2026-04-15T07:10:32","slug":"bulq-pea-protein-powder-isolate-1-kg","status":"publish","type":"product","link":"https:\/\/www.torq.nl\/it\/prodotto\/bulq-pea-protein-powder-isolate-1-kg\/","title":{"rendered":"BULQ Proteine di piselli isolate in polvere 1 Kg"},"content":{"rendered":"<p>L&#039;isolato proteico del pisello \u00e8 una proteina ricavata dai semi di pisello ricca degli aminoacidi essenziali leucina, isoleucina e valina. Questi aminoacidi essenziali svolgono un ruolo essenziale nella regolazione della sintesi proteica muscolare (costruzione) e garantiscono quindi un bilancio proteico NET positivo. L&#039;isolato proteico del pisello ha una cinetica di digestione (velocit\u00e0 di digestione) simile a quella delle fonti proteiche a base di siero di latte ed \u00e8 quindi disponibile nel sangue rapidamente dopo la digestione, creando un ambiente anabolico pi\u00f9 robusto. Ci\u00f2 porta ad un migliore recupero delle fibre muscolari, dei dispositivi di produzione di energia e degli enzimi. Grazie alla sua ricchezza di proteine derivanti dall&#039;estratto vegetale, \u00e8 perfettamente adatto a vegetariani e vegani.<\/p>\n<h3>Uso del prodotto<\/h3>\n<p>1 misurino raso fornisce 15 g di polvere di isolato proteico di piselli TORQ, con 12 g di proteine di pisello di alta qualit\u00e0.<\/p>\n<p>Come atleta\/persona fisicamente attiva dovresti mirare a consumare 20-25 g di proteine ogni 3-4 ore (5-6 volte al giorno) e questo pu\u00f2 essere raggiunto in diversi modi, incluso assicurando che i pasti contengano proteine in quantit\u00e0 sufficiente.<\/p>\n<p>30 g (2 misurini rasi) TORQ Pea Protein Isolate forniscono 24 g di proteine e possono essere aggiunti a qualsiasi cibo o bevanda per aiutarti a raggiungere questo obiettivo. Questi intervalli regolari di alimentazione ti consentono di soddisfare il tuo fabbisogno proteico di 1,4 \u2013 2 g per kg di peso corporeo al giorno, ottimizzando l&#039;adattamento fisiologico e mantenendo la massa muscolare magra.<\/p>\n<p>Immediatamente dopo un duro allenamento consigliamo di bere TORQ Recovery Drink, ma se l&#039;allenamento \u00e8 pi\u00f9 basato sulla forza, come un allenamento con pesi\/resistenza o brevi intervalli di 15 secondi, TORQ Pea Protein Isolate \u00e8 perfetto grazie al suo contenuto minimo di carboidrati.<\/p>\n<p>*I codici sconto non si applicano a questo prodotto<\/p>","protected":false},"excerpt":{"rendered":"<p>Caratteristiche salienti del prodotto:<\/p>\n<ul>\n<li>Contenuto proteico 80%<\/li>\n<li>Riduce il dolore muscolare<\/li>\n<li>Aiuta il recupero dopo l&#039;allenamento<\/li>\n<li>Promuove l&#039;adattamento muscolare<\/li>\n<li>Promuove la ricostituzione del glicogeno<\/li>\n<li>Promuove un bilancio proteico NET positivo<\/li>\n<li>Adatto ai vegani<\/li>\n<\/ul>","protected":false},"featured_media":34844,"template":"","meta":{"_monsterinsights_skip_tracking":false,"_monsterinsights_sitenote_active":false,"_monsterinsights_sitenote_note":"","_monsterinsights_sitenote_category":0},"product_brand":[],"product_cat":[64,66,92],"product_tag":[],"class_list":{"0":"post-34843","1":"product","2":"type-product","3":"status-publish","4":"has-post-thumbnail","6":"product_cat-bulq","7":"product_cat-bulq-torq-sportvoeding","8":"product_cat-bulq-pea-protein-powder-isolate","10":"first","11":"instock","12":"taxable","13":"shipping-taxable","14":"purchasable","15":"product-type-simple"},"yoast_head":"<!-- This site is optimized with the Yoast SEO plugin v27.5 - https:\/\/yoast.com\/product\/yoast-seo-wordpress\/ -->\n<title>BULQ Pea Protein Powder Isolate 1 Kg - E-Power<\/title>\n<meta name=\"robots\" content=\"index, follow, max-snippet:-1, max-image-preview:large, max-video-preview:-1\" \/>\n<link rel=\"canonical\" href=\"https:\/\/www.torq.nl\/it\/prodotto\/bulq-pea-protein-powder-isolate-1-kg\/\" \/>\n<meta property=\"og:locale\" content=\"it_IT\" \/>\n<meta property=\"og:type\" content=\"article\" \/>\n<meta property=\"og:title\" content=\"BULQ Pea Protein Powder Isolate 1 Kg - E-Power\" \/>\n<meta property=\"og:description\" content=\"Hoogtepunten van het product:   80% eiwitgehalte  Vermindert spierpijn  Helpt bij herstel na de training  Bevordert spieraanpassing  Bevordert de aanvulling van glycogeen  Bevordert positieve NET-eiwitbalans  Geschikt voor veganisten\" \/>\n<meta property=\"og:url\" content=\"https:\/\/www.torq.nl\/it\/prodotto\/bulq-pea-protein-powder-isolate-1-kg\/\" \/>\n<meta property=\"og:site_name\" content=\"E-Power\" \/>\n<meta property=\"article:publisher\" content=\"https:\/\/www.facebook.com\/epowersport\/\" \/>\n<meta property=\"article:modified_time\" content=\"2026-04-15T07:10:32+00:00\" \/>\n<meta property=\"og:image\" content=\"https:\/\/www.torq.nl\/wp-content\/uploads\/2024\/04\/BULQ-clumped-brown.jpg\" \/>\n\t<meta property=\"og:image:width\" content=\"650\" \/>\n\t<meta property=\"og:image:height\" content=\"650\" \/>\n\t<meta property=\"og:image:type\" content=\"image\/jpeg\" \/>\n<meta name=\"twitter:card\" content=\"summary_large_image\" \/>\n<meta name=\"twitter:site\" content=\"@foodgroupbv\" \/>\n<meta name=\"twitter:label1\" content=\"Tempo di lettura stimato\" \/>\n\t<meta name=\"twitter:data1\" content=\"2 minuti\" \/>\n<script type=\"application\/ld+json\" class=\"yoast-schema-graph\">{\"@context\":\"https:\\\/\\\/schema.org\",\"@graph\":[{\"@type\":\"WebPage\",\"@id\":\"https:\\\/\\\/www.torq.nl\\\/product\\\/bulq-pea-protein-powder-isolate-1-kg\\\/\",\"url\":\"https:\\\/\\\/www.torq.nl\\\/product\\\/bulq-pea-protein-powder-isolate-1-kg\\\/\",\"name\":\"BULQ Pea Protein Powder Isolate 1 Kg - E-Power\",\"isPartOf\":{\"@id\":\"https:\\\/\\\/www.torq.nl\\\/#website\"},\"primaryImageOfPage\":{\"@id\":\"https:\\\/\\\/www.torq.nl\\\/product\\\/bulq-pea-protein-powder-isolate-1-kg\\\/#primaryimage\"},\"image\":{\"@id\":\"https:\\\/\\\/www.torq.nl\\\/product\\\/bulq-pea-protein-powder-isolate-1-kg\\\/#primaryimage\"},\"thumbnailUrl\":\"https:\\\/\\\/www.torq.nl\\\/wp-content\\\/uploads\\\/2024\\\/04\\\/BULQ-clumped-brown.jpg\",\"datePublished\":\"2024-04-16T12:22:29+00:00\",\"dateModified\":\"2026-04-15T07:10:32+00:00\",\"breadcrumb\":{\"@id\":\"https:\\\/\\\/www.torq.nl\\\/product\\\/bulq-pea-protein-powder-isolate-1-kg\\\/#breadcrumb\"},\"inLanguage\":\"it-IT\",\"potentialAction\":[{\"@type\":\"ReadAction\",\"target\":[\"https:\\\/\\\/www.torq.nl\\\/product\\\/bulq-pea-protein-powder-isolate-1-kg\\\/\"]}]},{\"@type\":\"ImageObject\",\"inLanguage\":\"it-IT\",\"@id\":\"https:\\\/\\\/www.torq.nl\\\/product\\\/bulq-pea-protein-powder-isolate-1-kg\\\/#primaryimage\",\"url\":\"https:\\\/\\\/www.torq.nl\\\/wp-content\\\/uploads\\\/2024\\\/04\\\/BULQ-clumped-brown.jpg\",\"contentUrl\":\"https:\\\/\\\/www.torq.nl\\\/wp-content\\\/uploads\\\/2024\\\/04\\\/BULQ-clumped-brown.jpg\",\"width\":650,\"height\":650,\"caption\":\"BULQ Pea Protein Powder Isolate\"},{\"@type\":\"BreadcrumbList\",\"@id\":\"https:\\\/\\\/www.torq.nl\\\/product\\\/bulq-pea-protein-powder-isolate-1-kg\\\/#breadcrumb\",\"itemListElement\":[{\"@type\":\"ListItem\",\"position\":1,\"name\":\"Home\",\"item\":\"https:\\\/\\\/www.torq.nl\\\/home\\\/\"},{\"@type\":\"ListItem\",\"position\":2,\"name\":\"Winkel\",\"item\":\"https:\\\/\\\/www.torq.nl\\\/it\\\/winkel\\\/\"},{\"@type\":\"ListItem\",\"position\":3,\"name\":\"BULQ Pea Protein Powder Isolate 1 Kg\"}]},{\"@type\":\"WebSite\",\"@id\":\"https:\\\/\\\/www.torq.nl\\\/#website\",\"url\":\"https:\\\/\\\/www.torq.nl\\\/\",\"name\":\"E-Power\",\"description\":\"Officieel Torq dealer Benelux\",\"publisher\":{\"@id\":\"https:\\\/\\\/www.torq.nl\\\/#organization\"},\"potentialAction\":[{\"@type\":\"SearchAction\",\"target\":{\"@type\":\"EntryPoint\",\"urlTemplate\":\"https:\\\/\\\/www.torq.nl\\\/?s={search_term_string}\"},\"query-input\":{\"@type\":\"PropertyValueSpecification\",\"valueRequired\":true,\"valueName\":\"search_term_string\"}}],\"inLanguage\":\"it-IT\"},{\"@type\":\"Organization\",\"@id\":\"https:\\\/\\\/www.torq.nl\\\/#organization\",\"name\":\"E-Power\",\"url\":\"https:\\\/\\\/www.torq.nl\\\/\",\"logo\":{\"@type\":\"ImageObject\",\"inLanguage\":\"it-IT\",\"@id\":\"https:\\\/\\\/www.torq.nl\\\/#\\\/schema\\\/logo\\\/image\\\/\",\"url\":\"https:\\\/\\\/www.torq.nl\\\/wp-content\\\/uploads\\\/2021\\\/04\\\/Logo-epower.png\",\"contentUrl\":\"https:\\\/\\\/www.torq.nl\\\/wp-content\\\/uploads\\\/2021\\\/04\\\/Logo-epower.png\",\"width\":506,\"height\":200,\"caption\":\"E-Power\"},\"image\":{\"@id\":\"https:\\\/\\\/www.torq.nl\\\/#\\\/schema\\\/logo\\\/image\\\/\"},\"sameAs\":[\"https:\\\/\\\/www.facebook.com\\\/epowersport\\\/\",\"https:\\\/\\\/x.com\\\/foodgroupbv\"]}]}<\/script>\n<!-- \/ Yoast SEO plugin. -->","yoast_head_json":{"title":"BULQ Pea Protein Powder Isolate 1 Kg - E-Power","robots":{"index":"index","follow":"follow","max-snippet":"max-snippet:-1","max-image-preview":"max-image-preview:large","max-video-preview":"max-video-preview:-1"},"canonical":"https:\/\/www.torq.nl\/it\/prodotto\/bulq-pea-protein-powder-isolate-1-kg\/","og_locale":"it_IT","og_type":"article","og_title":"BULQ Pea Protein Powder Isolate 1 Kg - E-Power","og_description":"Hoogtepunten van het product:   80% eiwitgehalte  Vermindert spierpijn  Helpt bij herstel na de training  Bevordert spieraanpassing  Bevordert de aanvulling van glycogeen  Bevordert positieve NET-eiwitbalans  Geschikt voor veganisten","og_url":"https:\/\/www.torq.nl\/it\/prodotto\/bulq-pea-protein-powder-isolate-1-kg\/","og_site_name":"E-Power","article_publisher":"https:\/\/www.facebook.com\/epowersport\/","article_modified_time":"2026-04-15T07:10:32+00:00","og_image":[{"width":650,"height":650,"url":"https:\/\/www.torq.nl\/wp-content\/uploads\/2024\/04\/BULQ-clumped-brown.jpg","type":"image\/jpeg"}],"twitter_card":"summary_large_image","twitter_site":"@foodgroupbv","twitter_misc":{"Tempo di lettura stimato":"2 minuti"},"schema":{"@context":"https:\/\/schema.org","@graph":[{"@type":"WebPage","@id":"https:\/\/www.torq.nl\/product\/bulq-pea-protein-powder-isolate-1-kg\/","url":"https:\/\/www.torq.nl\/product\/bulq-pea-protein-powder-isolate-1-kg\/","name":"BULQ Pea Protein Powder Isolate 1 Kg - E-Power","isPartOf":{"@id":"https:\/\/www.torq.nl\/#website"},"primaryImageOfPage":{"@id":"https:\/\/www.torq.nl\/product\/bulq-pea-protein-powder-isolate-1-kg\/#primaryimage"},"image":{"@id":"https:\/\/www.torq.nl\/product\/bulq-pea-protein-powder-isolate-1-kg\/#primaryimage"},"thumbnailUrl":"https:\/\/www.torq.nl\/wp-content\/uploads\/2024\/04\/BULQ-clumped-brown.jpg","datePublished":"2024-04-16T12:22:29+00:00","dateModified":"2026-04-15T07:10:32+00:00","breadcrumb":{"@id":"https:\/\/www.torq.nl\/product\/bulq-pea-protein-powder-isolate-1-kg\/#breadcrumb"},"inLanguage":"it-IT","potentialAction":[{"@type":"ReadAction","target":["https:\/\/www.torq.nl\/product\/bulq-pea-protein-powder-isolate-1-kg\/"]}]},{"@type":"ImageObject","inLanguage":"it-IT","@id":"https:\/\/www.torq.nl\/product\/bulq-pea-protein-powder-isolate-1-kg\/#primaryimage","url":"https:\/\/www.torq.nl\/wp-content\/uploads\/2024\/04\/BULQ-clumped-brown.jpg","contentUrl":"https:\/\/www.torq.nl\/wp-content\/uploads\/2024\/04\/BULQ-clumped-brown.jpg","width":650,"height":650,"caption":"BULQ Pea Protein Powder Isolate"},{"@type":"BreadcrumbList","@id":"https:\/\/www.torq.nl\/product\/bulq-pea-protein-powder-isolate-1-kg\/#breadcrumb","itemListElement":[{"@type":"ListItem","position":1,"name":"Home","item":"https:\/\/www.torq.nl\/home\/"},{"@type":"ListItem","position":2,"name":"Winkel","item":"https:\/\/www.torq.nl\/it\/winkel\/"},{"@type":"ListItem","position":3,"name":"BULQ Pea Protein Powder Isolate 1 Kg"}]},{"@type":"WebSite","@id":"https:\/\/www.torq.nl\/#website","url":"https:\/\/www.torq.nl\/","name":"E-Power","description":"Rivenditore ufficiale Torq Benelux","publisher":{"@id":"https:\/\/www.torq.nl\/#organization"},"potentialAction":[{"@type":"SearchAction","target":{"@type":"EntryPoint","urlTemplate":"https:\/\/www.torq.nl\/?s={search_term_string}"},"query-input":{"@type":"PropertyValueSpecification","valueRequired":true,"valueName":"search_term_string"}}],"inLanguage":"it-IT"},{"@type":"Organization","@id":"https:\/\/www.torq.nl\/#organization","name":"E-Power","url":"https:\/\/www.torq.nl\/","logo":{"@type":"ImageObject","inLanguage":"it-IT","@id":"https:\/\/www.torq.nl\/#\/schema\/logo\/image\/","url":"https:\/\/www.torq.nl\/wp-content\/uploads\/2021\/04\/Logo-epower.png","contentUrl":"https:\/\/www.torq.nl\/wp-content\/uploads\/2021\/04\/Logo-epower.png","width":506,"height":200,"caption":"E-Power"},"image":{"@id":"https:\/\/www.torq.nl\/#\/schema\/logo\/image\/"},"sameAs":["https:\/\/www.facebook.com\/epowersport\/","https:\/\/x.com\/foodgroupbv"]}]}},"_links":{"self":[{"href":"https:\/\/www.torq.nl\/it\/wp-json\/wp\/v2\/product\/34843","targetHints":{"allow":["GET"]}}],"collection":[{"href":"https:\/\/www.torq.nl\/it\/wp-json\/wp\/v2\/product"}],"about":[{"href":"https:\/\/www.torq.nl\/it\/wp-json\/wp\/v2\/types\/product"}],"wp:featuredmedia":[{"embeddable":true,"href":"https:\/\/www.torq.nl\/it\/wp-json\/wp\/v2\/media\/34844"}],"wp:attachment":[{"href":"https:\/\/www.torq.nl\/it\/wp-json\/wp\/v2\/media?parent=34843"}],"wp:term":[{"taxonomy":"product_brand","embeddable":true,"href":"https:\/\/www.torq.nl\/it\/wp-json\/wp\/v2\/product_brand?post=34843"},{"taxonomy":"product_cat","embeddable":true,"href":"https:\/\/www.torq.nl\/it\/wp-json\/wp\/v2\/product_cat?post=34843"},{"taxonomy":"product_tag","embeddable":true,"href":"https:\/\/www.torq.nl\/it\/wp-json\/wp\/v2\/product_tag?post=34843"}],"curies":[{"name":"wp","href":"https:\/\/api.w.org\/{rel}","templated":true}]}}