{"id":34861,"date":"2024-04-17T17:21:19","date_gmt":"2024-04-17T15:21:19","guid":{"rendered":"https:\/\/www.torq.nl\/?post_type=product&#038;p=34861"},"modified":"2024-07-26T18:18:42","modified_gmt":"2024-07-26T16:18:42","slug":"fast-acting-gel-diabetesgel-lemon","status":"publish","type":"product","link":"https:\/\/www.torq.nl\/it\/prodotto\/fast-acting-gel-diabetesgel-lemon\/","title":{"rendered":"Gel ad azione rapida (gel per il diabete) Limone"},"content":{"rendered":"<h1>L&#039;uso di una formulazione 2:1 di maltodestrina:fruttosio in questo prodotto \u00e8 stato appositamente sviluppato per fornire i carboidrati in modo estremamente rapido.<\/h1>\n<p>Maltodestrina 2:1: il fruttosio agisce pi\u00f9 velocemente delle preparazioni a base di solo glucosio. Sebbene i derivati \u200b\u200bdel glucosio rilascino il glucosio nel sangue pi\u00f9 velocemente del fruttosio (zucchero della frutta), il trasportatore SGLT1 nel rivestimento dell&#039;intestino (responsabile dell&#039;assorbimento del glucosio) si satura rapidamente, mettendo in coda le molecole di glucosio per l&#039;assorbimento. Normalmente, il tasso massimo di assorbimento del glucosio \u00e8 limitato a 60 grammi all&#039;ora (1 grammo al minuto). La combinazione di glucosio:fruttosio in un rapporto 2:1 nel gel ad azione rapida fornisce un assorbimento totale di 90 grammi di carboidrati all&#039;ora (1,5 grammi al minuto).<\/p>\n<h2><strong>Utilizzo<\/strong><\/h2>\n<p>Nel caso del gel per il diabete: strappare la parte superiore della confezione di gel e spremere l&#039;intero contenuto in bocca. Lascia riposare il gel in bocca per 5 secondi prima di deglutire. Controlla la glicemia dopo 15 minuti e ripeti con una dose aggiuntiva se necessario.<\/p>\n<p><img loading=\"lazy\" decoding=\"async\" class=\"alignnone size-full wp-image-4399\" src=\"https:\/\/www.torq.nl\/wp-content\/uploads\/2022\/12\/Diabetes-gel.png\" alt=\"Diabetes gel\" width=\"1500\" height=\"302\" srcset=\"https:\/\/www.torq.nl\/wp-content\/uploads\/2022\/12\/Diabetes-gel.png 1500w, https:\/\/www.torq.nl\/wp-content\/uploads\/2022\/12\/Diabetes-gel-300x60.png 300w, https:\/\/www.torq.nl\/wp-content\/uploads\/2022\/12\/Diabetes-gel-1030x207.png 1030w, https:\/\/www.torq.nl\/wp-content\/uploads\/2022\/12\/Diabetes-gel-768x155.png 768w, https:\/\/www.torq.nl\/wp-content\/uploads\/2022\/12\/Diabetes-gel-18x4.png 18w, https:\/\/www.torq.nl\/wp-content\/uploads\/2022\/12\/Diabetes-gel-705x142.png 705w, https:\/\/www.torq.nl\/wp-content\/uploads\/2022\/12\/Diabetes-gel-450x91.png 450w, https:\/\/www.torq.nl\/wp-content\/uploads\/2022\/12\/Diabetes-gel-600x121.png 600w\" sizes=\"auto, (max-width: 1500px) 100vw, 1500px\" \/><\/p>\n<h2><strong>PERCH\u00c9 UN GEL AD AZIONE RAPIDA?<\/strong><\/h2>\n<ul>\n<li>Rapporto 2:1 Maltodestrina: Fruttosio, che consente un assorbimento ottimale e pi\u00f9 rapido del glucosio<\/li>\n<li>Rapido assorbimento grazie alla sostanza gel<\/li>\n<li>Non \u00e8 necessaria acqua se ingerita<\/li>\n<li>Buona quantit\u00e0 da regolare<\/li>\n<li>Modo semplice di prendere attraverso l&#039;imballaggio<\/li>\n<li>Buon sapore<\/li>\n<\/ul>\n<p><img loading=\"lazy\" decoding=\"async\" class=\"alignnone wp-image-4400\" src=\"https:\/\/www.torq.nl\/wp-content\/uploads\/2022\/12\/Diabetes-gel-grafiek.webp\" alt=\"Diabetes gel grafiek\" width=\"521\" height=\"402\" srcset=\"https:\/\/www.torq.nl\/wp-content\/uploads\/2022\/12\/Diabetes-gel-grafiek.webp 1024w, https:\/\/www.torq.nl\/wp-content\/uploads\/2022\/12\/Diabetes-gel-grafiek-300x231.webp 300w, https:\/\/www.torq.nl\/wp-content\/uploads\/2022\/12\/Diabetes-gel-grafiek-768x593.webp 768w, https:\/\/www.torq.nl\/wp-content\/uploads\/2022\/12\/Diabetes-gel-grafiek-16x12.webp 16w, https:\/\/www.torq.nl\/wp-content\/uploads\/2022\/12\/Diabetes-gel-grafiek-705x544.webp 705w, https:\/\/www.torq.nl\/wp-content\/uploads\/2022\/12\/Diabetes-gel-grafiek-450x347.webp 450w, https:\/\/www.torq.nl\/wp-content\/uploads\/2022\/12\/Diabetes-gel-grafiek-600x463.webp 600w\" sizes=\"auto, (max-width: 521px) 100vw, 521px\" \/><\/p>","protected":false},"excerpt":{"rendered":"<h3><span style=\"color: #ff6600;\"><em><strong>NUOVO SAPORE<\/strong><\/em><\/span><\/h3>\n<p>Fast Acting Gel \u00e8 un prodotto specifico per le persone con diabete di tipo 1, con lo scopo specifico di somministrare i carboidrati nel modo pi\u00f9 rapido e sano possibile in caso di ipoglicemia (ipo) e quindi aumentare il valore della glicemia in modo rapido ed efficace in una situazione di emergenza .<\/p>\n<p>La dose di 15 grammi di carboidrati viene erogata tramite una gustosa formula in gel, opportunamente confezionata con una parte superiore facile da aprire. Ottenere 15 grammi di carboidrati ad azione rapida non \u00e8 mai stato cos\u00ec facile o pi\u00f9 efficace!<\/p>","protected":false},"featured_media":35373,"template":"","meta":{"_monsterinsights_skip_tracking":false,"_monsterinsights_sitenote_active":false,"_monsterinsights_sitenote_note":"","_monsterinsights_sitenote_category":0},"product_brand":[],"product_cat":[75,93],"product_tag":[],"class_list":{"0":"post-34861","1":"product","2":"type-product","3":"status-publish","4":"has-post-thumbnail","6":"product_cat-diabetes-gel","7":"product_cat-fast-acting-gel","9":"first","10":"instock","11":"taxable","12":"shipping-taxable","13":"purchasable","14":"product-type-variable","15":"has-default-attributes"},"yoast_head":"<!-- This site is optimized with the Yoast SEO plugin v27.5 - https:\/\/yoast.com\/product\/yoast-seo-wordpress\/ -->\n<title>Fast Acting Gel (diabetesgel) Lemon - E-Power<\/title>\n<meta name=\"robots\" content=\"index, follow, max-snippet:-1, max-image-preview:large, max-video-preview:-1\" \/>\n<link rel=\"canonical\" href=\"https:\/\/www.torq.nl\/it\/prodotto\/fast-acting-gel-diabetesgel-lemon\/\" \/>\n<meta property=\"og:locale\" content=\"it_IT\" \/>\n<meta property=\"og:type\" content=\"article\" \/>\n<meta property=\"og:title\" content=\"Fast Acting Gel (diabetesgel) Lemon - E-Power\" \/>\n<meta property=\"og:description\" content=\"NEW FLAVOUR Fast Acting Gel is een product speciaal voor mensen met diabetes type 1, met als specifiek doel om op een zo snel mogelijke en gezonde manier koolhydraten toe te dienen bij een hypoglycemie (hypo) en dus zo de bloedglucosewaarde snel en effectief te verhogen in een noodsituatie.  De dosis van 15 gram koolhydraten wordt ingenomen via een smakelijke gel formule, handig verpakt met een makkelijk te openen top. 15 gram snel werkende koolhydraten binnenkrijgen was nog nooit zo makkelijk of effectief!\" \/>\n<meta property=\"og:url\" content=\"https:\/\/www.torq.nl\/it\/prodotto\/fast-acting-gel-diabetesgel-lemon\/\" \/>\n<meta property=\"og:site_name\" content=\"E-Power\" \/>\n<meta property=\"article:publisher\" content=\"https:\/\/www.facebook.com\/epowersport\/\" \/>\n<meta property=\"article:modified_time\" content=\"2024-07-26T16:18:42+00:00\" \/>\n<meta property=\"og:image\" content=\"https:\/\/www.torq.nl\/wp-content\/uploads\/2024\/04\/FG-Gel-Lemon-3-min-1030x1030-1.png\" \/>\n\t<meta property=\"og:image:width\" content=\"1030\" \/>\n\t<meta property=\"og:image:height\" content=\"1030\" \/>\n\t<meta property=\"og:image:type\" content=\"image\/png\" \/>\n<meta name=\"twitter:card\" content=\"summary_large_image\" \/>\n<meta name=\"twitter:site\" content=\"@foodgroupbv\" \/>\n<meta name=\"twitter:label1\" content=\"Tempo di lettura stimato\" \/>\n\t<meta name=\"twitter:data1\" content=\"2 minuti\" \/>\n<script type=\"application\/ld+json\" class=\"yoast-schema-graph\">{\"@context\":\"https:\\\/\\\/schema.org\",\"@graph\":[{\"@type\":\"WebPage\",\"@id\":\"https:\\\/\\\/www.torq.nl\\\/product\\\/fast-acting-gel-diabetesgel-lemon\\\/\",\"url\":\"https:\\\/\\\/www.torq.nl\\\/product\\\/fast-acting-gel-diabetesgel-lemon\\\/\",\"name\":\"Fast Acting Gel (diabetesgel) Lemon - E-Power\",\"isPartOf\":{\"@id\":\"https:\\\/\\\/www.torq.nl\\\/#website\"},\"primaryImageOfPage\":{\"@id\":\"https:\\\/\\\/www.torq.nl\\\/product\\\/fast-acting-gel-diabetesgel-lemon\\\/#primaryimage\"},\"image\":{\"@id\":\"https:\\\/\\\/www.torq.nl\\\/product\\\/fast-acting-gel-diabetesgel-lemon\\\/#primaryimage\"},\"thumbnailUrl\":\"https:\\\/\\\/www.torq.nl\\\/wp-content\\\/uploads\\\/2024\\\/04\\\/FG-Gel-Lemon-3-min-1030x1030-1.png\",\"datePublished\":\"2024-04-17T15:21:19+00:00\",\"dateModified\":\"2024-07-26T16:18:42+00:00\",\"breadcrumb\":{\"@id\":\"https:\\\/\\\/www.torq.nl\\\/product\\\/fast-acting-gel-diabetesgel-lemon\\\/#breadcrumb\"},\"inLanguage\":\"it-IT\",\"potentialAction\":[{\"@type\":\"ReadAction\",\"target\":[\"https:\\\/\\\/www.torq.nl\\\/product\\\/fast-acting-gel-diabetesgel-lemon\\\/\"]}]},{\"@type\":\"ImageObject\",\"inLanguage\":\"it-IT\",\"@id\":\"https:\\\/\\\/www.torq.nl\\\/product\\\/fast-acting-gel-diabetesgel-lemon\\\/#primaryimage\",\"url\":\"https:\\\/\\\/www.torq.nl\\\/wp-content\\\/uploads\\\/2024\\\/04\\\/FG-Gel-Lemon-3-min-1030x1030-1.png\",\"contentUrl\":\"https:\\\/\\\/www.torq.nl\\\/wp-content\\\/uploads\\\/2024\\\/04\\\/FG-Gel-Lemon-3-min-1030x1030-1.png\",\"width\":1030,\"height\":1030,\"caption\":\"Fast Acting Gel Lemon - Diabetesgel\"},{\"@type\":\"BreadcrumbList\",\"@id\":\"https:\\\/\\\/www.torq.nl\\\/product\\\/fast-acting-gel-diabetesgel-lemon\\\/#breadcrumb\",\"itemListElement\":[{\"@type\":\"ListItem\",\"position\":1,\"name\":\"Home\",\"item\":\"https:\\\/\\\/www.torq.nl\\\/home\\\/\"},{\"@type\":\"ListItem\",\"position\":2,\"name\":\"Winkel\",\"item\":\"https:\\\/\\\/www.torq.nl\\\/it\\\/winkel\\\/\"},{\"@type\":\"ListItem\",\"position\":3,\"name\":\"Fast Acting Gel (diabetesgel) Lemon\"}]},{\"@type\":\"WebSite\",\"@id\":\"https:\\\/\\\/www.torq.nl\\\/#website\",\"url\":\"https:\\\/\\\/www.torq.nl\\\/\",\"name\":\"E-Power\",\"description\":\"Officieel Torq dealer Benelux\",\"publisher\":{\"@id\":\"https:\\\/\\\/www.torq.nl\\\/#organization\"},\"potentialAction\":[{\"@type\":\"SearchAction\",\"target\":{\"@type\":\"EntryPoint\",\"urlTemplate\":\"https:\\\/\\\/www.torq.nl\\\/?s={search_term_string}\"},\"query-input\":{\"@type\":\"PropertyValueSpecification\",\"valueRequired\":true,\"valueName\":\"search_term_string\"}}],\"inLanguage\":\"it-IT\"},{\"@type\":\"Organization\",\"@id\":\"https:\\\/\\\/www.torq.nl\\\/#organization\",\"name\":\"E-Power\",\"url\":\"https:\\\/\\\/www.torq.nl\\\/\",\"logo\":{\"@type\":\"ImageObject\",\"inLanguage\":\"it-IT\",\"@id\":\"https:\\\/\\\/www.torq.nl\\\/#\\\/schema\\\/logo\\\/image\\\/\",\"url\":\"https:\\\/\\\/www.torq.nl\\\/wp-content\\\/uploads\\\/2021\\\/04\\\/Logo-epower.png\",\"contentUrl\":\"https:\\\/\\\/www.torq.nl\\\/wp-content\\\/uploads\\\/2021\\\/04\\\/Logo-epower.png\",\"width\":506,\"height\":200,\"caption\":\"E-Power\"},\"image\":{\"@id\":\"https:\\\/\\\/www.torq.nl\\\/#\\\/schema\\\/logo\\\/image\\\/\"},\"sameAs\":[\"https:\\\/\\\/www.facebook.com\\\/epowersport\\\/\",\"https:\\\/\\\/x.com\\\/foodgroupbv\"]}]}<\/script>\n<!-- \/ Yoast SEO plugin. -->","yoast_head_json":{"title":"Fast Acting Gel (diabetesgel) Lemon - E-Power","robots":{"index":"index","follow":"follow","max-snippet":"max-snippet:-1","max-image-preview":"max-image-preview:large","max-video-preview":"max-video-preview:-1"},"canonical":"https:\/\/www.torq.nl\/it\/prodotto\/fast-acting-gel-diabetesgel-lemon\/","og_locale":"it_IT","og_type":"article","og_title":"Fast Acting Gel (diabetesgel) Lemon - E-Power","og_description":"NEW FLAVOUR Fast Acting Gel is een product speciaal voor mensen met diabetes type 1, met als specifiek doel om op een zo snel mogelijke en gezonde manier koolhydraten toe te dienen bij een hypoglycemie (hypo) en dus zo de bloedglucosewaarde snel en effectief te verhogen in een noodsituatie.  De dosis van 15 gram koolhydraten wordt ingenomen via een smakelijke gel formule, handig verpakt met een makkelijk te openen top. 15 gram snel werkende koolhydraten binnenkrijgen was nog nooit zo makkelijk of effectief!","og_url":"https:\/\/www.torq.nl\/it\/prodotto\/fast-acting-gel-diabetesgel-lemon\/","og_site_name":"E-Power","article_publisher":"https:\/\/www.facebook.com\/epowersport\/","article_modified_time":"2024-07-26T16:18:42+00:00","og_image":[{"width":1030,"height":1030,"url":"https:\/\/www.torq.nl\/wp-content\/uploads\/2024\/04\/FG-Gel-Lemon-3-min-1030x1030-1.png","type":"image\/png"}],"twitter_card":"summary_large_image","twitter_site":"@foodgroupbv","twitter_misc":{"Tempo di lettura stimato":"2 minuti"},"schema":{"@context":"https:\/\/schema.org","@graph":[{"@type":"WebPage","@id":"https:\/\/www.torq.nl\/product\/fast-acting-gel-diabetesgel-lemon\/","url":"https:\/\/www.torq.nl\/product\/fast-acting-gel-diabetesgel-lemon\/","name":"Fast Acting Gel (diabetesgel) Lemon - E-Power","isPartOf":{"@id":"https:\/\/www.torq.nl\/#website"},"primaryImageOfPage":{"@id":"https:\/\/www.torq.nl\/product\/fast-acting-gel-diabetesgel-lemon\/#primaryimage"},"image":{"@id":"https:\/\/www.torq.nl\/product\/fast-acting-gel-diabetesgel-lemon\/#primaryimage"},"thumbnailUrl":"https:\/\/www.torq.nl\/wp-content\/uploads\/2024\/04\/FG-Gel-Lemon-3-min-1030x1030-1.png","datePublished":"2024-04-17T15:21:19+00:00","dateModified":"2024-07-26T16:18:42+00:00","breadcrumb":{"@id":"https:\/\/www.torq.nl\/product\/fast-acting-gel-diabetesgel-lemon\/#breadcrumb"},"inLanguage":"it-IT","potentialAction":[{"@type":"ReadAction","target":["https:\/\/www.torq.nl\/product\/fast-acting-gel-diabetesgel-lemon\/"]}]},{"@type":"ImageObject","inLanguage":"it-IT","@id":"https:\/\/www.torq.nl\/product\/fast-acting-gel-diabetesgel-lemon\/#primaryimage","url":"https:\/\/www.torq.nl\/wp-content\/uploads\/2024\/04\/FG-Gel-Lemon-3-min-1030x1030-1.png","contentUrl":"https:\/\/www.torq.nl\/wp-content\/uploads\/2024\/04\/FG-Gel-Lemon-3-min-1030x1030-1.png","width":1030,"height":1030,"caption":"Fast Acting Gel Lemon - Diabetesgel"},{"@type":"BreadcrumbList","@id":"https:\/\/www.torq.nl\/product\/fast-acting-gel-diabetesgel-lemon\/#breadcrumb","itemListElement":[{"@type":"ListItem","position":1,"name":"Home","item":"https:\/\/www.torq.nl\/home\/"},{"@type":"ListItem","position":2,"name":"Winkel","item":"https:\/\/www.torq.nl\/it\/winkel\/"},{"@type":"ListItem","position":3,"name":"Fast Acting Gel (diabetesgel) Lemon"}]},{"@type":"WebSite","@id":"https:\/\/www.torq.nl\/#website","url":"https:\/\/www.torq.nl\/","name":"E-Power","description":"Rivenditore ufficiale Torq Benelux","publisher":{"@id":"https:\/\/www.torq.nl\/#organization"},"potentialAction":[{"@type":"SearchAction","target":{"@type":"EntryPoint","urlTemplate":"https:\/\/www.torq.nl\/?s={search_term_string}"},"query-input":{"@type":"PropertyValueSpecification","valueRequired":true,"valueName":"search_term_string"}}],"inLanguage":"it-IT"},{"@type":"Organization","@id":"https:\/\/www.torq.nl\/#organization","name":"E-Power","url":"https:\/\/www.torq.nl\/","logo":{"@type":"ImageObject","inLanguage":"it-IT","@id":"https:\/\/www.torq.nl\/#\/schema\/logo\/image\/","url":"https:\/\/www.torq.nl\/wp-content\/uploads\/2021\/04\/Logo-epower.png","contentUrl":"https:\/\/www.torq.nl\/wp-content\/uploads\/2021\/04\/Logo-epower.png","width":506,"height":200,"caption":"E-Power"},"image":{"@id":"https:\/\/www.torq.nl\/#\/schema\/logo\/image\/"},"sameAs":["https:\/\/www.facebook.com\/epowersport\/","https:\/\/x.com\/foodgroupbv"]}]}},"_links":{"self":[{"href":"https:\/\/www.torq.nl\/it\/wp-json\/wp\/v2\/product\/34861","targetHints":{"allow":["GET"]}}],"collection":[{"href":"https:\/\/www.torq.nl\/it\/wp-json\/wp\/v2\/product"}],"about":[{"href":"https:\/\/www.torq.nl\/it\/wp-json\/wp\/v2\/types\/product"}],"wp:featuredmedia":[{"embeddable":true,"href":"https:\/\/www.torq.nl\/it\/wp-json\/wp\/v2\/media\/35373"}],"wp:attachment":[{"href":"https:\/\/www.torq.nl\/it\/wp-json\/wp\/v2\/media?parent=34861"}],"wp:term":[{"taxonomy":"product_brand","embeddable":true,"href":"https:\/\/www.torq.nl\/it\/wp-json\/wp\/v2\/product_brand?post=34861"},{"taxonomy":"product_cat","embeddable":true,"href":"https:\/\/www.torq.nl\/it\/wp-json\/wp\/v2\/product_cat?post=34861"},{"taxonomy":"product_tag","embeddable":true,"href":"https:\/\/www.torq.nl\/it\/wp-json\/wp\/v2\/product_tag?post=34861"}],"curies":[{"name":"wp","href":"https:\/\/api.w.org\/{rel}","templated":true}]}}