{"id":349,"date":"2021-07-08T21:07:11","date_gmt":"2021-07-08T19:07:11","guid":{"rendered":"https:\/\/www.e-powersport.eu\/?post_type=product&#038;p=349"},"modified":"2025-07-01T16:32:14","modified_gmt":"2025-07-01T14:32:14","slug":"rhubarb-custard-energy-gel-box","status":"publish","type":"product","link":"https:\/\/www.torq.nl\/it\/prodotto\/rhubarb-custard-energy-gel-box\/","title":{"rendered":"Box gel energetico rabarbaro e crema pasticcera (15 pz)"},"content":{"rendered":"<p>Ogni gel TORQ fornisce 30 grammi di carboidrati politrasportabili (1 unit\u00e0 TORQ), che \u00e8 una concentrazione significativamente maggiore rispetto a molte marche oggi sul mercato offerte in confezioni pi\u00f9 grandi e pesanti. Per prestazioni ottimali, il nostro sistema di alimentazione TORQ consiglia di consumare 2-3 unit\u00e0 TORQ all&#039;ora, che possono essere ottenute consumando una variet\u00e0 di prodotti combustibili.<\/p>\n<h3>Uso del prodotto<\/h3>\n<p>TORQ Gel rappresenta il metodo pi\u00f9 veloce possibile per consumare 30 grammi di carboidrati (1 unit\u00e0 TORQ), quindi \u00e8 adatto per l&#039;uso a tutte le intensit\u00e0 di esercizio ed \u00e8 particolarmente apprezzato durante le gare o gli allenamenti ad alta intensit\u00e0 quando la respirazione pesante richiede il consumo di TORQ Bar o TORQ Chew pi\u00f9 difficile.<\/p>\n<p>Per questi motivi, consigliamo di combinare TORQ Energy Drink con TORQ Energy Gel durante l&#039;esercizio ad alta intensit\u00e0 e considerare TORQ Bars e TORQ Chews su lunghe distanze, dove le intensit\u00e0 di allenamento sono inferiori, per variet\u00e0. Naturalmente, la bellezza del sistema di alimentazione TORQ \u00e8 che la scelta \u00e8 tua e accettiamo che ognuno abbia preferenze diverse.<\/p>\n<p>* I gel energetici TORQ sono VEGANI<\/p>","protected":false},"excerpt":{"rendered":"<p>Questo prodotto \u00e8 stato accuratamente formulato per fornire la miscela unica di TORQ di carboidrati ed elettroliti multi-trasportabili ai muscoli che lavorano in modo estremamente rapido ed efficiente utilizzando risultati comprovati dalla ricerca <span style=\"color: #ff6600;\"><em><strong>Tecnologia 2:1 Maltodestrina:Fruttosio<\/strong><\/em><\/span> e tutto <span style=\"color: #ff6600;\"><em><strong>5 elettroliti importanti<\/strong><\/em><\/span>.<\/p>\n<p>*TORQ Gel fa parte del sistema di alimentazione TORQ, quindi pu\u00f2 essere utilizzato insieme a bevande energetiche, barrette e masticabili di TORQ per offrire prestazioni ottimali.<\/p>","protected":false},"featured_media":4729,"template":"","meta":{"_monsterinsights_skip_tracking":false,"_monsterinsights_sitenote_active":false,"_monsterinsights_sitenote_note":"","_monsterinsights_sitenote_category":0},"product_brand":[],"product_cat":[30,37,15],"product_tag":[],"class_list":{"0":"post-349","1":"product","2":"type-product","3":"status-publish","4":"has-post-thumbnail","6":"product_cat-fuelling-system","7":"product_cat-torq-energy-gel","8":"product_cat-torq-sportvoeding","10":"first","11":"instock","12":"taxable","13":"shipping-taxable","14":"purchasable","15":"product-type-simple"},"yoast_head":"<!-- This site is optimized with the Yoast SEO plugin v27.3 - https:\/\/yoast.com\/product\/yoast-seo-wordpress\/ -->\n<title>Rhubarb &amp; Custard Energy Gel Box (15 st) - E-Power<\/title>\n<meta name=\"description\" content=\"Torq Gels zijn zorgvuldig samengesteld om TORQ&#039;s unieke mix van meervoudig transporteerbare koolhydraten en elektrolyten extreem snel en effici\u00ebnt\" \/>\n<meta name=\"robots\" content=\"index, follow, max-snippet:-1, max-image-preview:large, max-video-preview:-1\" \/>\n<link rel=\"canonical\" href=\"https:\/\/www.torq.nl\/it\/prodotto\/rhubarb-custard-energy-gel-box\/\" \/>\n<meta property=\"og:locale\" content=\"it_IT\" \/>\n<meta property=\"og:type\" content=\"article\" \/>\n<meta property=\"og:title\" content=\"Rhubarb &amp; Custard Energy Gel Box (15 st) - E-Power\" \/>\n<meta property=\"og:description\" content=\"Torq Gels zijn zorgvuldig samengesteld om TORQ&#039;s unieke mix van meervoudig transporteerbare koolhydraten en elektrolyten extreem snel en effici\u00ebnt\" \/>\n<meta property=\"og:url\" content=\"https:\/\/www.torq.nl\/it\/prodotto\/rhubarb-custard-energy-gel-box\/\" \/>\n<meta property=\"og:site_name\" content=\"E-Power\" \/>\n<meta property=\"article:publisher\" content=\"https:\/\/www.facebook.com\/epowersport\/\" \/>\n<meta property=\"article:modified_time\" content=\"2025-07-01T14:32:14+00:00\" \/>\n<meta property=\"og:image\" content=\"https:\/\/www.torq.nl\/wp-content\/uploads\/2021\/07\/rhubarb_custard_v3-1030x1030.png\" \/>\n\t<meta property=\"og:image:width\" content=\"1030\" \/>\n\t<meta property=\"og:image:height\" content=\"1030\" \/>\n\t<meta property=\"og:image:type\" content=\"image\/png\" \/>\n<meta name=\"twitter:card\" content=\"summary_large_image\" \/>\n<meta name=\"twitter:site\" content=\"@foodgroupbv\" \/>\n<meta name=\"twitter:label1\" content=\"Tempo di lettura stimato\" \/>\n\t<meta name=\"twitter:data1\" content=\"1 minuto\" \/>\n<script type=\"application\/ld+json\" class=\"yoast-schema-graph\">{\"@context\":\"https:\\\/\\\/schema.org\",\"@graph\":[{\"@type\":\"WebPage\",\"@id\":\"https:\\\/\\\/www.torq.nl\\\/product\\\/rhubarb-custard-energy-gel-box\\\/\",\"url\":\"https:\\\/\\\/www.torq.nl\\\/product\\\/rhubarb-custard-energy-gel-box\\\/\",\"name\":\"Rhubarb & Custard Energy Gel Box (15 st) - E-Power\",\"isPartOf\":{\"@id\":\"https:\\\/\\\/www.torq.nl\\\/#website\"},\"primaryImageOfPage\":{\"@id\":\"https:\\\/\\\/www.torq.nl\\\/product\\\/rhubarb-custard-energy-gel-box\\\/#primaryimage\"},\"image\":{\"@id\":\"https:\\\/\\\/www.torq.nl\\\/product\\\/rhubarb-custard-energy-gel-box\\\/#primaryimage\"},\"thumbnailUrl\":\"https:\\\/\\\/www.torq.nl\\\/wp-content\\\/uploads\\\/2021\\\/07\\\/rhubarb_custard_v3.png\",\"datePublished\":\"2021-07-08T19:07:11+00:00\",\"dateModified\":\"2025-07-01T14:32:14+00:00\",\"description\":\"Torq Gels zijn zorgvuldig samengesteld om TORQ's unieke mix van meervoudig transporteerbare koolhydraten en elektrolyten extreem snel en effici\u00ebnt\",\"breadcrumb\":{\"@id\":\"https:\\\/\\\/www.torq.nl\\\/product\\\/rhubarb-custard-energy-gel-box\\\/#breadcrumb\"},\"inLanguage\":\"it-IT\",\"potentialAction\":[{\"@type\":\"ReadAction\",\"target\":[\"https:\\\/\\\/www.torq.nl\\\/product\\\/rhubarb-custard-energy-gel-box\\\/\"]}]},{\"@type\":\"ImageObject\",\"inLanguage\":\"it-IT\",\"@id\":\"https:\\\/\\\/www.torq.nl\\\/product\\\/rhubarb-custard-energy-gel-box\\\/#primaryimage\",\"url\":\"https:\\\/\\\/www.torq.nl\\\/wp-content\\\/uploads\\\/2021\\\/07\\\/rhubarb_custard_v3.png\",\"contentUrl\":\"https:\\\/\\\/www.torq.nl\\\/wp-content\\\/uploads\\\/2021\\\/07\\\/rhubarb_custard_v3.png\",\"width\":2560,\"height\":2560,\"caption\":\"Rhubarb & Custard Gel Box\"},{\"@type\":\"BreadcrumbList\",\"@id\":\"https:\\\/\\\/www.torq.nl\\\/product\\\/rhubarb-custard-energy-gel-box\\\/#breadcrumb\",\"itemListElement\":[{\"@type\":\"ListItem\",\"position\":1,\"name\":\"Home\",\"item\":\"https:\\\/\\\/www.torq.nl\\\/home\\\/\"},{\"@type\":\"ListItem\",\"position\":2,\"name\":\"Winkel\",\"item\":\"https:\\\/\\\/www.torq.nl\\\/it\\\/winkel\\\/\"},{\"@type\":\"ListItem\",\"position\":3,\"name\":\"Rhubarb &#038; Custard Energy Gel Box (15 st)\"}]},{\"@type\":\"WebSite\",\"@id\":\"https:\\\/\\\/www.torq.nl\\\/#website\",\"url\":\"https:\\\/\\\/www.torq.nl\\\/\",\"name\":\"E-Power\",\"description\":\"Officieel Torq dealer Benelux\",\"publisher\":{\"@id\":\"https:\\\/\\\/www.torq.nl\\\/#organization\"},\"potentialAction\":[{\"@type\":\"SearchAction\",\"target\":{\"@type\":\"EntryPoint\",\"urlTemplate\":\"https:\\\/\\\/www.torq.nl\\\/?s={search_term_string}\"},\"query-input\":{\"@type\":\"PropertyValueSpecification\",\"valueRequired\":true,\"valueName\":\"search_term_string\"}}],\"inLanguage\":\"it-IT\"},{\"@type\":\"Organization\",\"@id\":\"https:\\\/\\\/www.torq.nl\\\/#organization\",\"name\":\"E-Power\",\"url\":\"https:\\\/\\\/www.torq.nl\\\/\",\"logo\":{\"@type\":\"ImageObject\",\"inLanguage\":\"it-IT\",\"@id\":\"https:\\\/\\\/www.torq.nl\\\/#\\\/schema\\\/logo\\\/image\\\/\",\"url\":\"https:\\\/\\\/www.torq.nl\\\/wp-content\\\/uploads\\\/2021\\\/04\\\/Logo-epower.png\",\"contentUrl\":\"https:\\\/\\\/www.torq.nl\\\/wp-content\\\/uploads\\\/2021\\\/04\\\/Logo-epower.png\",\"width\":506,\"height\":200,\"caption\":\"E-Power\"},\"image\":{\"@id\":\"https:\\\/\\\/www.torq.nl\\\/#\\\/schema\\\/logo\\\/image\\\/\"},\"sameAs\":[\"https:\\\/\\\/www.facebook.com\\\/epowersport\\\/\",\"https:\\\/\\\/x.com\\\/foodgroupbv\"]}]}<\/script>\n<!-- \/ Yoast SEO plugin. -->","yoast_head_json":{"title":"Rhubarb & Custard Energy Gel Box (15 st) - E-Power","description":"I gel Torq sono attentamente formulati per fornire la miscela unica di carboidrati ed elettroliti altamente trasportabili di TORQ in modo estremamente rapido ed efficiente.","robots":{"index":"index","follow":"follow","max-snippet":"max-snippet:-1","max-image-preview":"max-image-preview:large","max-video-preview":"max-video-preview:-1"},"canonical":"https:\/\/www.torq.nl\/it\/prodotto\/rhubarb-custard-energy-gel-box\/","og_locale":"it_IT","og_type":"article","og_title":"Rhubarb & Custard Energy Gel Box (15 st) - E-Power","og_description":"Torq Gels zijn zorgvuldig samengesteld om TORQ's unieke mix van meervoudig transporteerbare koolhydraten en elektrolyten extreem snel en effici\u00ebnt","og_url":"https:\/\/www.torq.nl\/it\/prodotto\/rhubarb-custard-energy-gel-box\/","og_site_name":"E-Power","article_publisher":"https:\/\/www.facebook.com\/epowersport\/","article_modified_time":"2025-07-01T14:32:14+00:00","og_image":[{"width":1030,"height":1030,"url":"https:\/\/www.torq.nl\/wp-content\/uploads\/2021\/07\/rhubarb_custard_v3-1030x1030.png","type":"image\/png"}],"twitter_card":"summary_large_image","twitter_site":"@foodgroupbv","twitter_misc":{"Tempo di lettura stimato":"1 minuto"},"schema":{"@context":"https:\/\/schema.org","@graph":[{"@type":"WebPage","@id":"https:\/\/www.torq.nl\/product\/rhubarb-custard-energy-gel-box\/","url":"https:\/\/www.torq.nl\/product\/rhubarb-custard-energy-gel-box\/","name":"Rhubarb & Custard Energy Gel Box (15 st) - E-Power","isPartOf":{"@id":"https:\/\/www.torq.nl\/#website"},"primaryImageOfPage":{"@id":"https:\/\/www.torq.nl\/product\/rhubarb-custard-energy-gel-box\/#primaryimage"},"image":{"@id":"https:\/\/www.torq.nl\/product\/rhubarb-custard-energy-gel-box\/#primaryimage"},"thumbnailUrl":"https:\/\/www.torq.nl\/wp-content\/uploads\/2021\/07\/rhubarb_custard_v3.png","datePublished":"2021-07-08T19:07:11+00:00","dateModified":"2025-07-01T14:32:14+00:00","description":"I gel Torq sono attentamente formulati per fornire la miscela unica di carboidrati ed elettroliti altamente trasportabili di TORQ in modo estremamente rapido ed efficiente.","breadcrumb":{"@id":"https:\/\/www.torq.nl\/product\/rhubarb-custard-energy-gel-box\/#breadcrumb"},"inLanguage":"it-IT","potentialAction":[{"@type":"ReadAction","target":["https:\/\/www.torq.nl\/product\/rhubarb-custard-energy-gel-box\/"]}]},{"@type":"ImageObject","inLanguage":"it-IT","@id":"https:\/\/www.torq.nl\/product\/rhubarb-custard-energy-gel-box\/#primaryimage","url":"https:\/\/www.torq.nl\/wp-content\/uploads\/2021\/07\/rhubarb_custard_v3.png","contentUrl":"https:\/\/www.torq.nl\/wp-content\/uploads\/2021\/07\/rhubarb_custard_v3.png","width":2560,"height":2560,"caption":"Rhubarb & Custard Gel Box"},{"@type":"BreadcrumbList","@id":"https:\/\/www.torq.nl\/product\/rhubarb-custard-energy-gel-box\/#breadcrumb","itemListElement":[{"@type":"ListItem","position":1,"name":"Home","item":"https:\/\/www.torq.nl\/home\/"},{"@type":"ListItem","position":2,"name":"Winkel","item":"https:\/\/www.torq.nl\/it\/winkel\/"},{"@type":"ListItem","position":3,"name":"Rhubarb &#038; Custard Energy Gel Box (15 st)"}]},{"@type":"WebSite","@id":"https:\/\/www.torq.nl\/#website","url":"https:\/\/www.torq.nl\/","name":"E-Power","description":"Rivenditore ufficiale Torq Benelux","publisher":{"@id":"https:\/\/www.torq.nl\/#organization"},"potentialAction":[{"@type":"SearchAction","target":{"@type":"EntryPoint","urlTemplate":"https:\/\/www.torq.nl\/?s={search_term_string}"},"query-input":{"@type":"PropertyValueSpecification","valueRequired":true,"valueName":"search_term_string"}}],"inLanguage":"it-IT"},{"@type":"Organization","@id":"https:\/\/www.torq.nl\/#organization","name":"E-Power","url":"https:\/\/www.torq.nl\/","logo":{"@type":"ImageObject","inLanguage":"it-IT","@id":"https:\/\/www.torq.nl\/#\/schema\/logo\/image\/","url":"https:\/\/www.torq.nl\/wp-content\/uploads\/2021\/04\/Logo-epower.png","contentUrl":"https:\/\/www.torq.nl\/wp-content\/uploads\/2021\/04\/Logo-epower.png","width":506,"height":200,"caption":"E-Power"},"image":{"@id":"https:\/\/www.torq.nl\/#\/schema\/logo\/image\/"},"sameAs":["https:\/\/www.facebook.com\/epowersport\/","https:\/\/x.com\/foodgroupbv"]}]}},"_links":{"self":[{"href":"https:\/\/www.torq.nl\/it\/wp-json\/wp\/v2\/product\/349","targetHints":{"allow":["GET"]}}],"collection":[{"href":"https:\/\/www.torq.nl\/it\/wp-json\/wp\/v2\/product"}],"about":[{"href":"https:\/\/www.torq.nl\/it\/wp-json\/wp\/v2\/types\/product"}],"wp:featuredmedia":[{"embeddable":true,"href":"https:\/\/www.torq.nl\/it\/wp-json\/wp\/v2\/media\/4729"}],"wp:attachment":[{"href":"https:\/\/www.torq.nl\/it\/wp-json\/wp\/v2\/media?parent=349"}],"wp:term":[{"taxonomy":"product_brand","embeddable":true,"href":"https:\/\/www.torq.nl\/it\/wp-json\/wp\/v2\/product_brand?post=349"},{"taxonomy":"product_cat","embeddable":true,"href":"https:\/\/www.torq.nl\/it\/wp-json\/wp\/v2\/product_cat?post=349"},{"taxonomy":"product_tag","embeddable":true,"href":"https:\/\/www.torq.nl\/it\/wp-json\/wp\/v2\/product_tag?post=349"}],"curies":[{"name":"wp","href":"https:\/\/api.w.org\/{rel}","templated":true}]}}