{"id":35289,"date":"2024-07-23T09:25:09","date_gmt":"2024-07-23T07:25:09","guid":{"rendered":"https:\/\/www.torq.nl\/?post_type=product&#038;p=35289"},"modified":"2025-07-30T14:30:09","modified_gmt":"2025-07-30T12:30:09","slug":"sustain-gum-50-mg-cafeine-per-kauwgom","status":"publish","type":"product","link":"https:\/\/www.torq.nl\/it\/prodotto\/sustain-gum-50-mg-cafeine-per-kauwgom\/","title":{"rendered":"Sustain Gum \u2013 50 mg di caffeina per gomma da masticare"},"content":{"rendered":"<p>Sustain Gum \u00e8 progettato pensando alle tue prestazioni, ma il prezzo del successo non dovrebbe essere la terra. Ecco perch\u00e9 utilizziamo una base di gomma da masticare naturale a base vegetale, rendendo la nostra gomma alla caffeina biodegradabile e rispettosa dell&#039;ambiente.<\/p>\n<p>Poich\u00e9 mastichi Sustain Chewing Gum, la caffeina viene assorbita attraverso le membrane della bocca direttamente nel flusso sanguigno, bypassando lo stomaco, <strong>quindi devi solo farlo <\/strong><strong>5-10 minuti <\/strong><strong>masticare <\/strong>(butta via la gomma dopo 10 minuti!) per ottenere la carica di caffeina necessaria per massimizzare le tue prestazioni. Quando sei stanco durante una gara o hai difficolt\u00e0 in palestra, pu\u00f2 fare la differenza tra vincere e perdere o stabilire un nuovo record personale.<\/p>\n<h4>Perch\u00e9 scegliere Sustain Gum?<\/h4>\n<p>La maggior parte delle gomme da masticare contengono plastica nascosta tra i loro ingredienti sotto il termine &quot;gomma base&quot;, il che significa che ci vorrebbero secoli per degradarsi. Usiamo una base di gomma da masticare naturale, realizzata solo con ingredienti di origine vegetale, e 100% \u00e8 compostabile, proprio come un pezzo di frutta! Quindi puoi seppellire Sustain Gum come la tua opposizione, sostenendo sia te che la Terra. Anche il nostro imballaggio \u00e8 biodegradabile 100%, il che significa che puoi superare i tuoi record personali con la coscienza pulita.<\/p>\n<p>Molti prodotti a base di caffeina ti danno il nervosismo pieno di sostanze nocive malsane e la maggior parte delle altre gomme da masticare sono fatte di plastica. La nostra gomma biodegradabile alla caffeina \u00e8 senza zucchero: senza riempitivi e senza esagerazioni. Usiamo lo xilitolo, un dolcificante a base vegetale e aromi naturali di menta piperita e mentolo per una masticazione gustosa e rinfrescante.<\/p>\n<p>Con meno di 5 calorie ciascuno, ti fornisce energia pulita che sembra naturale e dura pi\u00f9 a lungo per prestazioni migliori.<\/p>\n<h4>Come usare\u2026<\/h4>\n<p>La nostra gomma energetica senza plastica \u00e8 una gomma da masticare deliziosa e rinfrescante.<strong> Basta metterne uno in bocca e masticare per circa 5-10 minuti <\/strong>per liberare una sferzata di energia pulita che sentirai.<\/p>\n<p>Per chi \u00e8 adatto il Sustain Gum? Che tu stia vincendo le maratone, macinando le tue corse quotidiane, andando in palestra per un allenamento intenso o preparandoti per una grande gara, i nostri snack energetici sono il tuo compagno ideale per aiutarti a rimanere al massimo delle tue prestazioni per ore.<\/p>\n<h4>ingredienti<\/h4>\n<p>Xilitolo, base di gomma naturale, aroma naturale di menta piperita, aroma naturale di mentolo, caffeina, glicerolo, gomma arabica, sucralosio, acesulfame K, cera carnauba.<\/p>\n<h4>Principali vantaggi<\/h4>\n<p>Sustain Gum ha portato benefici a molti, dagli ultrarunner e agli atleti d&#039;\u00e9lite agli appassionati di palestra e ai turnisti. Siamo soddisfatti dell&#039;impatto che abbiamo sulla vita delle persone (e senza danneggiare il pianeta!).<\/p>\n<ul>\n<li>Gomma biodegradabile 100%<\/li>\n<li>100% Imballaggio compostabile<\/li>\n<li>50 mg di caffeina per masticazione<\/li>\n<li>Base di gomma da masticare naturale e priva di plastica<\/li>\n<li>Agisce 3 volte pi\u00f9 velocemente rispetto ad altre fonti di caffeina<\/li>\n<li>Aumenta i livelli di energia e migliora la concentrazione<\/li>\n<li>Ridurre l&#039;affaticamento e combattere l&#039;affaticamento<\/li>\n<li>Aumenta scientificamente la resistenza fino a 6%<\/li>\n<li>Steven Bartlett e Peter Jones Gesteen<\/li>\n<li>Progettato per gli atleti dagli atleti<\/li>\n<li>Aromi naturali e senza dolcificanti artificiali<\/li>\n<li>Senza zucchero e deliziosamente menta<\/li>\n<\/ul>","protected":false},"excerpt":{"rendered":"<h4><b>Gomma da masticare alla caffeina, a lunga durata e priva di plastica, che migliora le prestazioni<\/b><\/h4>\n<p>Sustain Gum: la primissima gomma da masticare alla caffeina 100% biodegradabile e priva di plastica.<\/p>\n<p>*Formato: Per confezione \u2013 12 pezzi di gomma da masticare<\/p>\n<p>*Marca: Caffeine Bullet<\/p>","protected":false},"featured_media":35290,"template":"","meta":{"_monsterinsights_skip_tracking":false,"_monsterinsights_sitenote_active":false,"_monsterinsights_sitenote_note":"","_monsterinsights_sitenote_category":0},"product_brand":[],"product_cat":[69],"product_tag":[],"class_list":{"0":"post-35289","1":"product","2":"type-product","3":"status-publish","4":"has-post-thumbnail","6":"product_cat-performance-bullet","8":"first","9":"instock","10":"taxable","11":"shipping-taxable","12":"purchasable","13":"product-type-simple"},"yoast_head":"<!-- This site is optimized with the Yoast SEO plugin v27.5 - https:\/\/yoast.com\/product\/yoast-seo-wordpress\/ -->\n<title>Sustain Gum - 50 mg cafe\u00efne per kauwgom - E-Power<\/title>\n<meta name=\"robots\" content=\"index, follow, max-snippet:-1, max-image-preview:large, max-video-preview:-1\" \/>\n<link rel=\"canonical\" href=\"https:\/\/www.torq.nl\/it\/prodotto\/sustain-gum-50-mg-cafeine-per-kauwgom\/\" \/>\n<meta property=\"og:locale\" content=\"it_IT\" \/>\n<meta property=\"og:type\" content=\"article\" \/>\n<meta property=\"og:title\" content=\"Sustain Gum - 50 mg cafe\u00efne per kauwgom - E-Power\" \/>\n<meta property=\"og:description\" content=\"Prestatieverbeterende, duurzame, plasticvrije cafe\u00efne kauwgom Sustain Gum - de allereerste 100% biologisch afbreekbare, plasticvrije cafe\u00efne kauwgom.  *Grootte: Per zakje - 12 stuks kauwgom  *Merk: Caffeine Bullet\" \/>\n<meta property=\"og:url\" content=\"https:\/\/www.torq.nl\/it\/prodotto\/sustain-gum-50-mg-cafeine-per-kauwgom\/\" \/>\n<meta property=\"og:site_name\" content=\"E-Power\" \/>\n<meta property=\"article:publisher\" content=\"https:\/\/www.facebook.com\/epowersport\/\" \/>\n<meta property=\"article:modified_time\" content=\"2025-07-30T12:30:09+00:00\" \/>\n<meta property=\"og:image\" content=\"https:\/\/www.torq.nl\/wp-content\/uploads\/2024\/07\/Sustain_Gum_26_1600x_crop_center.jpg.webp\" \/>\n\t<meta property=\"og:image:width\" content=\"1600\" \/>\n\t<meta property=\"og:image:height\" content=\"1600\" \/>\n\t<meta property=\"og:image:type\" content=\"image\/webp\" \/>\n<meta name=\"twitter:card\" content=\"summary_large_image\" \/>\n<meta name=\"twitter:site\" content=\"@foodgroupbv\" \/>\n<meta name=\"twitter:label1\" content=\"Tempo di lettura stimato\" \/>\n\t<meta name=\"twitter:data1\" content=\"3 minuti\" \/>\n<script type=\"application\/ld+json\" class=\"yoast-schema-graph\">{\"@context\":\"https:\\\/\\\/schema.org\",\"@graph\":[{\"@type\":\"WebPage\",\"@id\":\"https:\\\/\\\/www.torq.nl\\\/product\\\/sustain-gum-50-mg-cafeine-per-kauwgom\\\/\",\"url\":\"https:\\\/\\\/www.torq.nl\\\/product\\\/sustain-gum-50-mg-cafeine-per-kauwgom\\\/\",\"name\":\"Sustain Gum - 50 mg cafe\u00efne per kauwgom - E-Power\",\"isPartOf\":{\"@id\":\"https:\\\/\\\/www.torq.nl\\\/#website\"},\"primaryImageOfPage\":{\"@id\":\"https:\\\/\\\/www.torq.nl\\\/product\\\/sustain-gum-50-mg-cafeine-per-kauwgom\\\/#primaryimage\"},\"image\":{\"@id\":\"https:\\\/\\\/www.torq.nl\\\/product\\\/sustain-gum-50-mg-cafeine-per-kauwgom\\\/#primaryimage\"},\"thumbnailUrl\":\"https:\\\/\\\/www.torq.nl\\\/wp-content\\\/uploads\\\/2024\\\/07\\\/Sustain_Gum_26_1600x_crop_center.jpg.webp\",\"datePublished\":\"2024-07-23T07:25:09+00:00\",\"dateModified\":\"2025-07-30T12:30:09+00:00\",\"breadcrumb\":{\"@id\":\"https:\\\/\\\/www.torq.nl\\\/product\\\/sustain-gum-50-mg-cafeine-per-kauwgom\\\/#breadcrumb\"},\"inLanguage\":\"it-IT\",\"potentialAction\":[{\"@type\":\"ReadAction\",\"target\":[\"https:\\\/\\\/www.torq.nl\\\/product\\\/sustain-gum-50-mg-cafeine-per-kauwgom\\\/\"]}]},{\"@type\":\"ImageObject\",\"inLanguage\":\"it-IT\",\"@id\":\"https:\\\/\\\/www.torq.nl\\\/product\\\/sustain-gum-50-mg-cafeine-per-kauwgom\\\/#primaryimage\",\"url\":\"https:\\\/\\\/www.torq.nl\\\/wp-content\\\/uploads\\\/2024\\\/07\\\/Sustain_Gum_26_1600x_crop_center.jpg.webp\",\"contentUrl\":\"https:\\\/\\\/www.torq.nl\\\/wp-content\\\/uploads\\\/2024\\\/07\\\/Sustain_Gum_26_1600x_crop_center.jpg.webp\",\"width\":1600,\"height\":1600,\"caption\":\"Sustain Gum - 50 mg cafe\u00efne per kauwgom\"},{\"@type\":\"BreadcrumbList\",\"@id\":\"https:\\\/\\\/www.torq.nl\\\/product\\\/sustain-gum-50-mg-cafeine-per-kauwgom\\\/#breadcrumb\",\"itemListElement\":[{\"@type\":\"ListItem\",\"position\":1,\"name\":\"Home\",\"item\":\"https:\\\/\\\/www.torq.nl\\\/home\\\/\"},{\"@type\":\"ListItem\",\"position\":2,\"name\":\"Winkel\",\"item\":\"https:\\\/\\\/www.torq.nl\\\/it\\\/winkel\\\/\"},{\"@type\":\"ListItem\",\"position\":3,\"name\":\"Sustain Gum &#8211; 50 mg cafe\u00efne per kauwgom\"}]},{\"@type\":\"WebSite\",\"@id\":\"https:\\\/\\\/www.torq.nl\\\/#website\",\"url\":\"https:\\\/\\\/www.torq.nl\\\/\",\"name\":\"E-Power\",\"description\":\"Officieel Torq dealer Benelux\",\"publisher\":{\"@id\":\"https:\\\/\\\/www.torq.nl\\\/#organization\"},\"potentialAction\":[{\"@type\":\"SearchAction\",\"target\":{\"@type\":\"EntryPoint\",\"urlTemplate\":\"https:\\\/\\\/www.torq.nl\\\/?s={search_term_string}\"},\"query-input\":{\"@type\":\"PropertyValueSpecification\",\"valueRequired\":true,\"valueName\":\"search_term_string\"}}],\"inLanguage\":\"it-IT\"},{\"@type\":\"Organization\",\"@id\":\"https:\\\/\\\/www.torq.nl\\\/#organization\",\"name\":\"E-Power\",\"url\":\"https:\\\/\\\/www.torq.nl\\\/\",\"logo\":{\"@type\":\"ImageObject\",\"inLanguage\":\"it-IT\",\"@id\":\"https:\\\/\\\/www.torq.nl\\\/#\\\/schema\\\/logo\\\/image\\\/\",\"url\":\"https:\\\/\\\/www.torq.nl\\\/wp-content\\\/uploads\\\/2021\\\/04\\\/Logo-epower.png\",\"contentUrl\":\"https:\\\/\\\/www.torq.nl\\\/wp-content\\\/uploads\\\/2021\\\/04\\\/Logo-epower.png\",\"width\":506,\"height\":200,\"caption\":\"E-Power\"},\"image\":{\"@id\":\"https:\\\/\\\/www.torq.nl\\\/#\\\/schema\\\/logo\\\/image\\\/\"},\"sameAs\":[\"https:\\\/\\\/www.facebook.com\\\/epowersport\\\/\",\"https:\\\/\\\/x.com\\\/foodgroupbv\"]}]}<\/script>\n<!-- \/ Yoast SEO plugin. -->","yoast_head_json":{"title":"Sustain Gum - 50 mg cafe\u00efne per kauwgom - E-Power","robots":{"index":"index","follow":"follow","max-snippet":"max-snippet:-1","max-image-preview":"max-image-preview:large","max-video-preview":"max-video-preview:-1"},"canonical":"https:\/\/www.torq.nl\/it\/prodotto\/sustain-gum-50-mg-cafeine-per-kauwgom\/","og_locale":"it_IT","og_type":"article","og_title":"Sustain Gum - 50 mg cafe\u00efne per kauwgom - E-Power","og_description":"Prestatieverbeterende, duurzame, plasticvrije cafe\u00efne kauwgom Sustain Gum - de allereerste 100% biologisch afbreekbare, plasticvrije cafe\u00efne kauwgom.  *Grootte: Per zakje - 12 stuks kauwgom  *Merk: Caffeine Bullet","og_url":"https:\/\/www.torq.nl\/it\/prodotto\/sustain-gum-50-mg-cafeine-per-kauwgom\/","og_site_name":"E-Power","article_publisher":"https:\/\/www.facebook.com\/epowersport\/","article_modified_time":"2025-07-30T12:30:09+00:00","og_image":[{"width":1600,"height":1600,"url":"https:\/\/www.torq.nl\/wp-content\/uploads\/2024\/07\/Sustain_Gum_26_1600x_crop_center.jpg.webp","type":"image\/webp"}],"twitter_card":"summary_large_image","twitter_site":"@foodgroupbv","twitter_misc":{"Tempo di lettura stimato":"3 minuti"},"schema":{"@context":"https:\/\/schema.org","@graph":[{"@type":"WebPage","@id":"https:\/\/www.torq.nl\/product\/sustain-gum-50-mg-cafeine-per-kauwgom\/","url":"https:\/\/www.torq.nl\/product\/sustain-gum-50-mg-cafeine-per-kauwgom\/","name":"Sustain Gum - 50 mg cafe\u00efne per kauwgom - E-Power","isPartOf":{"@id":"https:\/\/www.torq.nl\/#website"},"primaryImageOfPage":{"@id":"https:\/\/www.torq.nl\/product\/sustain-gum-50-mg-cafeine-per-kauwgom\/#primaryimage"},"image":{"@id":"https:\/\/www.torq.nl\/product\/sustain-gum-50-mg-cafeine-per-kauwgom\/#primaryimage"},"thumbnailUrl":"https:\/\/www.torq.nl\/wp-content\/uploads\/2024\/07\/Sustain_Gum_26_1600x_crop_center.jpg.webp","datePublished":"2024-07-23T07:25:09+00:00","dateModified":"2025-07-30T12:30:09+00:00","breadcrumb":{"@id":"https:\/\/www.torq.nl\/product\/sustain-gum-50-mg-cafeine-per-kauwgom\/#breadcrumb"},"inLanguage":"it-IT","potentialAction":[{"@type":"ReadAction","target":["https:\/\/www.torq.nl\/product\/sustain-gum-50-mg-cafeine-per-kauwgom\/"]}]},{"@type":"ImageObject","inLanguage":"it-IT","@id":"https:\/\/www.torq.nl\/product\/sustain-gum-50-mg-cafeine-per-kauwgom\/#primaryimage","url":"https:\/\/www.torq.nl\/wp-content\/uploads\/2024\/07\/Sustain_Gum_26_1600x_crop_center.jpg.webp","contentUrl":"https:\/\/www.torq.nl\/wp-content\/uploads\/2024\/07\/Sustain_Gum_26_1600x_crop_center.jpg.webp","width":1600,"height":1600,"caption":"Sustain Gum - 50 mg cafe\u00efne per kauwgom"},{"@type":"BreadcrumbList","@id":"https:\/\/www.torq.nl\/product\/sustain-gum-50-mg-cafeine-per-kauwgom\/#breadcrumb","itemListElement":[{"@type":"ListItem","position":1,"name":"Home","item":"https:\/\/www.torq.nl\/home\/"},{"@type":"ListItem","position":2,"name":"Winkel","item":"https:\/\/www.torq.nl\/it\/winkel\/"},{"@type":"ListItem","position":3,"name":"Sustain Gum &#8211; 50 mg cafe\u00efne per kauwgom"}]},{"@type":"WebSite","@id":"https:\/\/www.torq.nl\/#website","url":"https:\/\/www.torq.nl\/","name":"E-Power","description":"Rivenditore ufficiale Torq Benelux","publisher":{"@id":"https:\/\/www.torq.nl\/#organization"},"potentialAction":[{"@type":"SearchAction","target":{"@type":"EntryPoint","urlTemplate":"https:\/\/www.torq.nl\/?s={search_term_string}"},"query-input":{"@type":"PropertyValueSpecification","valueRequired":true,"valueName":"search_term_string"}}],"inLanguage":"it-IT"},{"@type":"Organization","@id":"https:\/\/www.torq.nl\/#organization","name":"E-Power","url":"https:\/\/www.torq.nl\/","logo":{"@type":"ImageObject","inLanguage":"it-IT","@id":"https:\/\/www.torq.nl\/#\/schema\/logo\/image\/","url":"https:\/\/www.torq.nl\/wp-content\/uploads\/2021\/04\/Logo-epower.png","contentUrl":"https:\/\/www.torq.nl\/wp-content\/uploads\/2021\/04\/Logo-epower.png","width":506,"height":200,"caption":"E-Power"},"image":{"@id":"https:\/\/www.torq.nl\/#\/schema\/logo\/image\/"},"sameAs":["https:\/\/www.facebook.com\/epowersport\/","https:\/\/x.com\/foodgroupbv"]}]}},"_links":{"self":[{"href":"https:\/\/www.torq.nl\/it\/wp-json\/wp\/v2\/product\/35289","targetHints":{"allow":["GET"]}}],"collection":[{"href":"https:\/\/www.torq.nl\/it\/wp-json\/wp\/v2\/product"}],"about":[{"href":"https:\/\/www.torq.nl\/it\/wp-json\/wp\/v2\/types\/product"}],"wp:featuredmedia":[{"embeddable":true,"href":"https:\/\/www.torq.nl\/it\/wp-json\/wp\/v2\/media\/35290"}],"wp:attachment":[{"href":"https:\/\/www.torq.nl\/it\/wp-json\/wp\/v2\/media?parent=35289"}],"wp:term":[{"taxonomy":"product_brand","embeddable":true,"href":"https:\/\/www.torq.nl\/it\/wp-json\/wp\/v2\/product_brand?post=35289"},{"taxonomy":"product_cat","embeddable":true,"href":"https:\/\/www.torq.nl\/it\/wp-json\/wp\/v2\/product_cat?post=35289"},{"taxonomy":"product_tag","embeddable":true,"href":"https:\/\/www.torq.nl\/it\/wp-json\/wp\/v2\/product_tag?post=35289"}],"curies":[{"name":"wp","href":"https:\/\/api.w.org\/{rel}","templated":true}]}}