{"id":35370,"date":"2024-07-24T11:32:39","date_gmt":"2024-07-24T09:32:39","guid":{"rendered":"https:\/\/www.torq.nl\/?post_type=product&#038;p=35370"},"modified":"2026-04-19T19:09:50","modified_gmt":"2026-04-19T17:09:50","slug":"mixbox-energy-jelly-chews-box-15-stuks","status":"publish","type":"product","link":"https:\/\/www.torq.nl\/it\/prodotto\/mixbox-energy-jelly-chews-box-15-stuks\/","title":{"rendered":"Mixbox Energy Jelly Masticabili Box (15 pezzi)"},"content":{"rendered":"<p>Il nostro prodotto da masticare energetico TORQ Jellies \u00e8 stato accuratamente formulato per fornire la miscela unica di carboidrati multi-trasportabili TORQ ai muscoli che lavorano in modo estremamente rapido ed efficiente utilizzando la comprovata tecnologia 2:1 glucosio:fruttosio.<\/p>\n<p>Le gelatine TORQ fanno parte del sistema di alimentazione TORQ, quindi possono essere utilizzate insieme alle bevande energetiche, ai gel e alle barrette TORQ per fornire prestazioni ottimali.<\/p>\n<p>Ogni confezione di TORQ Jellies fornisce 30 grammi di carboidrati trasportabili moltiplicati (1 unit\u00e0 TORQ). Per prestazioni ottimali, il nostro sistema di rifornimento TORQ consiglia di consumare 2-3 unit\u00e0 TORQ all&#039;ora, che possono essere ottenute consumando una variet\u00e0 di prodotti combustibili. Consumare un pacchetto di 6 gelatine TORQ \u00e8 semplicemente un metodo per ingerire un&#039;unit\u00e0 di TORQ.<\/p>\n<h4>Come usare\u2026<\/h4>\n<p>Ogni confezione (1 busta) di TORQ Jellies contiene 6 Energy Jellies (30 g di carboidrati politrasportabili) e rappresenta 1 unit\u00e0 TORQ. Ogni singola TORQ Jelly contiene 5 g di carboidrati politrasportabili. Le gelatine TORQ sono disponibili in busta (6 Energy Jellies) e in una scatola da 15 confezioni (15 confezioni da 36 g).<\/p>\n<p>Le gelatine TORQ rappresentano il metodo pi\u00f9 conveniente per consumare 30 grammi di carboidrati (1 unit\u00e0 TORQ) nel tempo. La consistenza morbida e gommosa e i sapori deliziosi li rendono un modo molto divertente per fornire il carburante necessario durante l&#039;esercizio. Con tutti i prodotti del sistema di alimentazione TORQ contenenti la stessa dose di carboidrati da 30 g, \u00e8 una bella aggiunta al sistema di alimentazione TORQ.<\/p>","protected":false},"excerpt":{"rendered":"<p>TORQ Jelly \u00e8 formulato con una miscela 2:1 di derivati del glucosio e fruttosio, \u00e8 aromatizzato naturalmente e privo di coloranti e dolcificanti artificiali. Anche le nostre morbide e gommose Energy Jelly Chews a forma di igloo fanno parte del sistema di rifornimento TORQ.<\/p>\n<h4>Caratteristiche salienti del prodotto:<\/h4>\n<ul>\n<li>Glucosio:fruttosio 2:1<\/li>\n<li>Carboidrati multipli trasportabili<\/li>\n<li>Morbide masticazioni energetiche<\/li>\n<li>A forma di igloo\/facile da dividere<\/li>\n<li>Stabile alla temperatura<\/li>\n<li>Parte del sistema di rifornimento TORQ<\/li>\n<\/ul>","protected":false},"featured_media":35371,"template":"","meta":{"_monsterinsights_skip_tracking":false,"_monsterinsights_sitenote_active":false,"_monsterinsights_sitenote_note":"","_monsterinsights_sitenote_category":0},"product_brand":[],"product_cat":[30,95],"product_tag":[],"class_list":{"0":"post-35370","1":"product","2":"type-product","3":"status-publish","4":"has-post-thumbnail","6":"product_cat-fuelling-system","7":"product_cat-torq-energy-jellies","9":"first","10":"outofstock","11":"taxable","12":"shipping-taxable","13":"purchasable","14":"product-type-simple"},"yoast_head":"<!-- This site is optimized with the Yoast SEO plugin v27.3 - https:\/\/yoast.com\/product\/yoast-seo-wordpress\/ -->\n<title>Mixbox Energy Jelly Chews Box (15 stuks) - E-Power<\/title>\n<meta name=\"robots\" content=\"index, follow, max-snippet:-1, max-image-preview:large, max-video-preview:-1\" \/>\n<link rel=\"canonical\" href=\"https:\/\/www.torq.nl\/it\/prodotto\/mixbox-energy-jelly-chews-box-15-stuks\/\" \/>\n<meta property=\"og:locale\" content=\"it_IT\" \/>\n<meta property=\"og:type\" content=\"article\" \/>\n<meta property=\"og:title\" content=\"Mixbox Energy Jelly Chews Box (15 stuks) - E-Power\" \/>\n<meta property=\"og:description\" content=\"TORQ Jelly is geformuleerd met een 2:1-mengsel van glucosederivaten tot fructose, zijn natuurlijk gearomatiseerd en kleur- en kunstmatige zoetstofvrij. Onze zachte en taaie iglo-vormige Energy Jelly Chews maken ook deel uit van het TORQ Fuelling System. Hoogtepunten van het product:   2:1 Glucose:Fructose  Meerdere transporteerbare koolhydraten  Zachte Energie Chews  Iglo-vormig\/gemakkelijk te verdelen  Temperatuur Stabiel  Onderdeel van het TORQ Fuelling System\" \/>\n<meta property=\"og:url\" content=\"https:\/\/www.torq.nl\/it\/prodotto\/mixbox-energy-jelly-chews-box-15-stuks\/\" \/>\n<meta property=\"og:site_name\" content=\"E-Power\" \/>\n<meta property=\"article:publisher\" content=\"https:\/\/www.facebook.com\/epowersport\/\" \/>\n<meta property=\"article:modified_time\" content=\"2026-04-19T17:09:50+00:00\" \/>\n<meta property=\"og:image\" content=\"https:\/\/www.torq.nl\/wp-content\/uploads\/2024\/07\/TORQ-Jellies-Mixed-Box-of-15-min.png\" \/>\n\t<meta property=\"og:image:width\" content=\"1200\" \/>\n\t<meta property=\"og:image:height\" content=\"1200\" \/>\n\t<meta property=\"og:image:type\" content=\"image\/png\" \/>\n<meta name=\"twitter:card\" content=\"summary_large_image\" \/>\n<meta name=\"twitter:site\" content=\"@foodgroupbv\" \/>\n<meta name=\"twitter:label1\" content=\"Tempo di lettura stimato\" \/>\n\t<meta name=\"twitter:data1\" content=\"2 minuti\" \/>\n<script type=\"application\/ld+json\" class=\"yoast-schema-graph\">{\"@context\":\"https:\\\/\\\/schema.org\",\"@graph\":[{\"@type\":\"WebPage\",\"@id\":\"https:\\\/\\\/www.torq.nl\\\/product\\\/mixbox-energy-jelly-chews-box-15-stuks\\\/\",\"url\":\"https:\\\/\\\/www.torq.nl\\\/product\\\/mixbox-energy-jelly-chews-box-15-stuks\\\/\",\"name\":\"Mixbox Energy Jelly Chews Box (15 stuks) - E-Power\",\"isPartOf\":{\"@id\":\"https:\\\/\\\/www.torq.nl\\\/#website\"},\"primaryImageOfPage\":{\"@id\":\"https:\\\/\\\/www.torq.nl\\\/product\\\/mixbox-energy-jelly-chews-box-15-stuks\\\/#primaryimage\"},\"image\":{\"@id\":\"https:\\\/\\\/www.torq.nl\\\/product\\\/mixbox-energy-jelly-chews-box-15-stuks\\\/#primaryimage\"},\"thumbnailUrl\":\"https:\\\/\\\/www.torq.nl\\\/wp-content\\\/uploads\\\/2024\\\/07\\\/TORQ-Jellies-Mixed-Box-of-15-min.png\",\"datePublished\":\"2024-07-24T09:32:39+00:00\",\"dateModified\":\"2026-04-19T17:09:50+00:00\",\"breadcrumb\":{\"@id\":\"https:\\\/\\\/www.torq.nl\\\/product\\\/mixbox-energy-jelly-chews-box-15-stuks\\\/#breadcrumb\"},\"inLanguage\":\"it-IT\",\"potentialAction\":[{\"@type\":\"ReadAction\",\"target\":[\"https:\\\/\\\/www.torq.nl\\\/product\\\/mixbox-energy-jelly-chews-box-15-stuks\\\/\"]}]},{\"@type\":\"ImageObject\",\"inLanguage\":\"it-IT\",\"@id\":\"https:\\\/\\\/www.torq.nl\\\/product\\\/mixbox-energy-jelly-chews-box-15-stuks\\\/#primaryimage\",\"url\":\"https:\\\/\\\/www.torq.nl\\\/wp-content\\\/uploads\\\/2024\\\/07\\\/TORQ-Jellies-Mixed-Box-of-15-min.png\",\"contentUrl\":\"https:\\\/\\\/www.torq.nl\\\/wp-content\\\/uploads\\\/2024\\\/07\\\/TORQ-Jellies-Mixed-Box-of-15-min.png\",\"width\":1200,\"height\":1200,\"caption\":\"ORQ-Jellies-Mixed-Box-of-15\"},{\"@type\":\"BreadcrumbList\",\"@id\":\"https:\\\/\\\/www.torq.nl\\\/product\\\/mixbox-energy-jelly-chews-box-15-stuks\\\/#breadcrumb\",\"itemListElement\":[{\"@type\":\"ListItem\",\"position\":1,\"name\":\"Home\",\"item\":\"https:\\\/\\\/www.torq.nl\\\/home\\\/\"},{\"@type\":\"ListItem\",\"position\":2,\"name\":\"Winkel\",\"item\":\"https:\\\/\\\/www.torq.nl\\\/it\\\/winkel\\\/\"},{\"@type\":\"ListItem\",\"position\":3,\"name\":\"Mixbox Energy Jelly Chews Box (15 stuks)\"}]},{\"@type\":\"WebSite\",\"@id\":\"https:\\\/\\\/www.torq.nl\\\/#website\",\"url\":\"https:\\\/\\\/www.torq.nl\\\/\",\"name\":\"E-Power\",\"description\":\"Officieel Torq dealer Benelux\",\"publisher\":{\"@id\":\"https:\\\/\\\/www.torq.nl\\\/#organization\"},\"potentialAction\":[{\"@type\":\"SearchAction\",\"target\":{\"@type\":\"EntryPoint\",\"urlTemplate\":\"https:\\\/\\\/www.torq.nl\\\/?s={search_term_string}\"},\"query-input\":{\"@type\":\"PropertyValueSpecification\",\"valueRequired\":true,\"valueName\":\"search_term_string\"}}],\"inLanguage\":\"it-IT\"},{\"@type\":\"Organization\",\"@id\":\"https:\\\/\\\/www.torq.nl\\\/#organization\",\"name\":\"E-Power\",\"url\":\"https:\\\/\\\/www.torq.nl\\\/\",\"logo\":{\"@type\":\"ImageObject\",\"inLanguage\":\"it-IT\",\"@id\":\"https:\\\/\\\/www.torq.nl\\\/#\\\/schema\\\/logo\\\/image\\\/\",\"url\":\"https:\\\/\\\/www.torq.nl\\\/wp-content\\\/uploads\\\/2021\\\/04\\\/Logo-epower.png\",\"contentUrl\":\"https:\\\/\\\/www.torq.nl\\\/wp-content\\\/uploads\\\/2021\\\/04\\\/Logo-epower.png\",\"width\":506,\"height\":200,\"caption\":\"E-Power\"},\"image\":{\"@id\":\"https:\\\/\\\/www.torq.nl\\\/#\\\/schema\\\/logo\\\/image\\\/\"},\"sameAs\":[\"https:\\\/\\\/www.facebook.com\\\/epowersport\\\/\",\"https:\\\/\\\/x.com\\\/foodgroupbv\"]}]}<\/script>\n<!-- \/ Yoast SEO plugin. -->","yoast_head_json":{"title":"Mixbox Energy Jelly Chews Box (15 pezzi) - E-Power","robots":{"index":"index","follow":"follow","max-snippet":"max-snippet:-1","max-image-preview":"max-image-preview:large","max-video-preview":"max-video-preview:-1"},"canonical":"https:\/\/www.torq.nl\/it\/prodotto\/mixbox-energy-jelly-chews-box-15-stuks\/","og_locale":"it_IT","og_type":"article","og_title":"Mixbox Energy Jelly Chews Box (15 stuks) - E-Power","og_description":"TORQ Jelly is geformuleerd met een 2:1-mengsel van glucosederivaten tot fructose, zijn natuurlijk gearomatiseerd en kleur- en kunstmatige zoetstofvrij. Onze zachte en taaie iglo-vormige Energy Jelly Chews maken ook deel uit van het TORQ Fuelling System. Hoogtepunten van het product:   2:1 Glucose:Fructose  Meerdere transporteerbare koolhydraten  Zachte Energie Chews  Iglo-vormig\/gemakkelijk te verdelen  Temperatuur Stabiel  Onderdeel van het TORQ Fuelling System","og_url":"https:\/\/www.torq.nl\/it\/prodotto\/mixbox-energy-jelly-chews-box-15-stuks\/","og_site_name":"E-Power","article_publisher":"https:\/\/www.facebook.com\/epowersport\/","article_modified_time":"2026-04-19T17:09:50+00:00","og_image":[{"width":1200,"height":1200,"url":"https:\/\/www.torq.nl\/wp-content\/uploads\/2024\/07\/TORQ-Jellies-Mixed-Box-of-15-min.png","type":"image\/png"}],"twitter_card":"summary_large_image","twitter_site":"@foodgroupbv","twitter_misc":{"Tempo di lettura stimato":"2 minuti"},"schema":{"@context":"https:\/\/schema.org","@graph":[{"@type":"WebPage","@id":"https:\/\/www.torq.nl\/product\/mixbox-energy-jelly-chews-box-15-stuks\/","url":"https:\/\/www.torq.nl\/product\/mixbox-energy-jelly-chews-box-15-stuks\/","name":"Mixbox Energy Jelly Chews Box (15 pezzi) - E-Power","isPartOf":{"@id":"https:\/\/www.torq.nl\/#website"},"primaryImageOfPage":{"@id":"https:\/\/www.torq.nl\/product\/mixbox-energy-jelly-chews-box-15-stuks\/#primaryimage"},"image":{"@id":"https:\/\/www.torq.nl\/product\/mixbox-energy-jelly-chews-box-15-stuks\/#primaryimage"},"thumbnailUrl":"https:\/\/www.torq.nl\/wp-content\/uploads\/2024\/07\/TORQ-Jellies-Mixed-Box-of-15-min.png","datePublished":"2024-07-24T09:32:39+00:00","dateModified":"2026-04-19T17:09:50+00:00","breadcrumb":{"@id":"https:\/\/www.torq.nl\/product\/mixbox-energy-jelly-chews-box-15-stuks\/#breadcrumb"},"inLanguage":"it-IT","potentialAction":[{"@type":"ReadAction","target":["https:\/\/www.torq.nl\/product\/mixbox-energy-jelly-chews-box-15-stuks\/"]}]},{"@type":"ImageObject","inLanguage":"it-IT","@id":"https:\/\/www.torq.nl\/product\/mixbox-energy-jelly-chews-box-15-stuks\/#primaryimage","url":"https:\/\/www.torq.nl\/wp-content\/uploads\/2024\/07\/TORQ-Jellies-Mixed-Box-of-15-min.png","contentUrl":"https:\/\/www.torq.nl\/wp-content\/uploads\/2024\/07\/TORQ-Jellies-Mixed-Box-of-15-min.png","width":1200,"height":1200,"caption":"ORQ-Jellies-Mixed-Box-of-15"},{"@type":"BreadcrumbList","@id":"https:\/\/www.torq.nl\/product\/mixbox-energy-jelly-chews-box-15-stuks\/#breadcrumb","itemListElement":[{"@type":"ListItem","position":1,"name":"Home","item":"https:\/\/www.torq.nl\/home\/"},{"@type":"ListItem","position":2,"name":"Winkel","item":"https:\/\/www.torq.nl\/it\/winkel\/"},{"@type":"ListItem","position":3,"name":"Mixbox Energy Jelly Chews Box (15 stuks)"}]},{"@type":"WebSite","@id":"https:\/\/www.torq.nl\/#website","url":"https:\/\/www.torq.nl\/","name":"E-Power","description":"Rivenditore ufficiale Torq Benelux","publisher":{"@id":"https:\/\/www.torq.nl\/#organization"},"potentialAction":[{"@type":"SearchAction","target":{"@type":"EntryPoint","urlTemplate":"https:\/\/www.torq.nl\/?s={search_term_string}"},"query-input":{"@type":"PropertyValueSpecification","valueRequired":true,"valueName":"search_term_string"}}],"inLanguage":"it-IT"},{"@type":"Organization","@id":"https:\/\/www.torq.nl\/#organization","name":"E-Power","url":"https:\/\/www.torq.nl\/","logo":{"@type":"ImageObject","inLanguage":"it-IT","@id":"https:\/\/www.torq.nl\/#\/schema\/logo\/image\/","url":"https:\/\/www.torq.nl\/wp-content\/uploads\/2021\/04\/Logo-epower.png","contentUrl":"https:\/\/www.torq.nl\/wp-content\/uploads\/2021\/04\/Logo-epower.png","width":506,"height":200,"caption":"E-Power"},"image":{"@id":"https:\/\/www.torq.nl\/#\/schema\/logo\/image\/"},"sameAs":["https:\/\/www.facebook.com\/epowersport\/","https:\/\/x.com\/foodgroupbv"]}]}},"_links":{"self":[{"href":"https:\/\/www.torq.nl\/it\/wp-json\/wp\/v2\/product\/35370","targetHints":{"allow":["GET"]}}],"collection":[{"href":"https:\/\/www.torq.nl\/it\/wp-json\/wp\/v2\/product"}],"about":[{"href":"https:\/\/www.torq.nl\/it\/wp-json\/wp\/v2\/types\/product"}],"wp:featuredmedia":[{"embeddable":true,"href":"https:\/\/www.torq.nl\/it\/wp-json\/wp\/v2\/media\/35371"}],"wp:attachment":[{"href":"https:\/\/www.torq.nl\/it\/wp-json\/wp\/v2\/media?parent=35370"}],"wp:term":[{"taxonomy":"product_brand","embeddable":true,"href":"https:\/\/www.torq.nl\/it\/wp-json\/wp\/v2\/product_brand?post=35370"},{"taxonomy":"product_cat","embeddable":true,"href":"https:\/\/www.torq.nl\/it\/wp-json\/wp\/v2\/product_cat?post=35370"},{"taxonomy":"product_tag","embeddable":true,"href":"https:\/\/www.torq.nl\/it\/wp-json\/wp\/v2\/product_tag?post=35370"}],"curies":[{"name":"wp","href":"https:\/\/api.w.org\/{rel}","templated":true}]}}