{"id":38881,"date":"2025-06-30T10:31:12","date_gmt":"2025-06-30T08:31:12","guid":{"rendered":"https:\/\/www.torq.nl\/?post_type=product&#038;p=38881"},"modified":"2026-03-31T11:43:34","modified_gmt":"2026-03-31T09:43:34","slug":"mintense-energy-chews-sample-pack-4st","status":"publish","type":"product","link":"https:\/\/www.torq.nl\/it\/prodotto\/mintense-energy-chews-sample-pack-4st\/","title":{"rendered":"Mintense Energy Chews \u2013 Confezione campione (4 pezzi)"},"content":{"rendered":"<p>Motivazione istantanea con Caffeine Bullet! Migliora le tue prestazioni in tutti gli sport con le nostre gustose compresse masticabili che migliorano la tua resistenza, forza e concentrazione cos\u00ec puoi allenarti pi\u00f9 duramente e pi\u00f9 a lungo. Mastica e sperimenta un rapido aumento di energia in 5 minuti.<\/p>\n<p>Le nostre compresse masticabili energetiche alla menta e caffeina sono state sviluppate e perfezionate nel corso di oltre 2 anni attraverso approfonditi test di gusto. Combinano perfettamente prestazioni e gusto delizioso, quindi le tue migliori prestazioni personali non sono mai state cos\u00ec soddisfacenti.<\/p>\n<p>Il Mint Caffeine Bullet offre una rinfrescante esplosione di menta verde che risveglier\u00e0 i tuoi sensi. Ad ogni masticazione sperimenterai un&#039;esplosione di sapore fresco di menta che rivitalizza le tue papille gustative e alimenta i tuoi livelli di energia.<\/p>\n<h3>Istruzioni<\/h3>\n<p>I nostri snack energetici alla menta e caffeina sono come deliziosi pezzi di caramelle contenenti caffeina. Mettine semplicemente uno in bocca e masticalo per circa 30 secondi per rivelare i deliziosi sapori che ti daranno energia.<\/p>\n<p>A chi sono adatti i Caffeine Bullets? Che tu stia vincendo le maratone, macinando le tue corse quotidiane, andando in palestra per un allenamento intenso o preparandoti per una gara importante, i nostri snack energetici sono il tuo compagno ideale per ore di massime prestazioni.<\/p>\n<h3>Principali vantaggi<\/h3>\n<p>Caffeine Bullet ha apportato benefici a molti, dagli ultrarunner e agli atleti d&#039;\u00e9lite agli appassionati di palestra e ai lavoratori a turni.<\/p>\n<ul>\n<li>85 mg di caffeina per masticazione<\/li>\n<li>Agisce 3 volte pi\u00f9 velocemente rispetto ad altre fonti di caffeina<\/li>\n<li>Aumenta i livelli di energia e migliora la concentrazione<\/li>\n<li>Ridurre l&#039;affaticamento e combattere l&#039;affaticamento<\/li>\n<li>Aumenta scientificamente la resistenza fino a 4%<\/li>\n<li>Aumenta la forza muscolare fino a 7%<\/li>\n<li>Steven Bartlett e Peter Jones Gesteen<\/li>\n<li>Progettato per gli atleti dagli atleti<\/li>\n<li>Nessun dolcificante artificiale<\/li>\n<li>Meno di 27 calorie<\/li>\n<\/ul>\n<h3><\/h3>\n<h3>Valore nutrizionale<\/h3>\n<p>Per compressa masticabile (masticare):<\/p>\n<ul>\n<li>Energia: 27,5 Kcal<\/li>\n<li>Grassi: 0,3 gr<\/li>\n<li>Carboidrati: 6,1 Gr<\/li>\n<li>Proteine: 0,01 gr<\/li>\n<li>Caffeina: 0,10 Gr<\/li>\n<\/ul>","protected":false},"excerpt":{"rendered":"<p>Caffeine Bullets aumenta la resistenza, migliora l&#039;attenzione e mobilita le cellule di grasso per utilizzarle come carburante in modo da poterti allenare pi\u00f9 a lungo e competere pi\u00f9 duramente, indipendentemente dal tuo sport.<\/p>\n<h5>1 confezione campione contiene 4 masticativi<\/h5>","protected":false},"featured_media":38882,"template":"","meta":{"_monsterinsights_skip_tracking":false,"_monsterinsights_sitenote_active":false,"_monsterinsights_sitenote_note":"","_monsterinsights_sitenote_category":0},"product_brand":[],"product_cat":[69],"product_tag":[],"class_list":{"0":"post-38881","1":"product","2":"type-product","3":"status-publish","4":"has-post-thumbnail","6":"product_cat-performance-bullet","8":"first","9":"instock","10":"taxable","11":"shipping-taxable","12":"purchasable","13":"product-type-simple"},"yoast_head":"<!-- This site is optimized with the Yoast SEO plugin v27.3 - https:\/\/yoast.com\/product\/yoast-seo-wordpress\/ -->\n<title>Mintense Energy Chews - Sample pack (4 st) - E-Power<\/title>\n<meta name=\"robots\" content=\"index, follow, max-snippet:-1, max-image-preview:large, max-video-preview:-1\" \/>\n<link rel=\"canonical\" href=\"https:\/\/www.torq.nl\/it\/prodotto\/mintense-energy-chews-sample-pack-4st\/\" \/>\n<meta property=\"og:locale\" content=\"it_IT\" \/>\n<meta property=\"og:type\" content=\"article\" \/>\n<meta property=\"og:title\" content=\"Mintense Energy Chews - Sample pack (4 st) - E-Power\" \/>\n<meta property=\"og:description\" content=\"Caffeine Bullets verhogen het uithoudingsvermogen, verbeteren de alertheid en mobiliseren uw vetcellen om als brandstof te worden gebruikt, zodat u langer kunt trainen en harder kunt concurreren, ongeacht uw sport. 1 sample pack bevat 4 chews\" \/>\n<meta property=\"og:url\" content=\"https:\/\/www.torq.nl\/it\/prodotto\/mintense-energy-chews-sample-pack-4st\/\" \/>\n<meta property=\"og:site_name\" content=\"E-Power\" \/>\n<meta property=\"article:publisher\" content=\"https:\/\/www.facebook.com\/epowersport\/\" \/>\n<meta property=\"article:modified_time\" content=\"2026-03-31T09:43:34+00:00\" \/>\n<meta property=\"og:image\" content=\"https:\/\/www.torq.nl\/wp-content\/uploads\/2025\/06\/Mintense_Caffeine_Bullet_-_Main_Image_1600x_crop_center.jpg.webp\" \/>\n\t<meta property=\"og:image:width\" content=\"1600\" \/>\n\t<meta property=\"og:image:height\" content=\"1600\" \/>\n\t<meta property=\"og:image:type\" content=\"image\/webp\" \/>\n<meta name=\"twitter:card\" content=\"summary_large_image\" \/>\n<meta name=\"twitter:site\" content=\"@foodgroupbv\" \/>\n<meta name=\"twitter:label1\" content=\"Tempo di lettura stimato\" \/>\n\t<meta name=\"twitter:data1\" content=\"2 minuti\" \/>\n<script type=\"application\/ld+json\" class=\"yoast-schema-graph\">{\"@context\":\"https:\\\/\\\/schema.org\",\"@graph\":[{\"@type\":\"WebPage\",\"@id\":\"https:\\\/\\\/www.torq.nl\\\/product\\\/mintense-energy-chews-sample-pack-4st\\\/\",\"url\":\"https:\\\/\\\/www.torq.nl\\\/product\\\/mintense-energy-chews-sample-pack-4st\\\/\",\"name\":\"Mintense Energy Chews - Sample pack (4 st) - E-Power\",\"isPartOf\":{\"@id\":\"https:\\\/\\\/www.torq.nl\\\/#website\"},\"primaryImageOfPage\":{\"@id\":\"https:\\\/\\\/www.torq.nl\\\/product\\\/mintense-energy-chews-sample-pack-4st\\\/#primaryimage\"},\"image\":{\"@id\":\"https:\\\/\\\/www.torq.nl\\\/product\\\/mintense-energy-chews-sample-pack-4st\\\/#primaryimage\"},\"thumbnailUrl\":\"https:\\\/\\\/www.torq.nl\\\/wp-content\\\/uploads\\\/2025\\\/06\\\/Mintense_Caffeine_Bullet_-_Main_Image_1600x_crop_center.jpg.webp\",\"datePublished\":\"2025-06-30T08:31:12+00:00\",\"dateModified\":\"2026-03-31T09:43:34+00:00\",\"breadcrumb\":{\"@id\":\"https:\\\/\\\/www.torq.nl\\\/product\\\/mintense-energy-chews-sample-pack-4st\\\/#breadcrumb\"},\"inLanguage\":\"it-IT\",\"potentialAction\":[{\"@type\":\"ReadAction\",\"target\":[\"https:\\\/\\\/www.torq.nl\\\/product\\\/mintense-energy-chews-sample-pack-4st\\\/\"]}]},{\"@type\":\"ImageObject\",\"inLanguage\":\"it-IT\",\"@id\":\"https:\\\/\\\/www.torq.nl\\\/product\\\/mintense-energy-chews-sample-pack-4st\\\/#primaryimage\",\"url\":\"https:\\\/\\\/www.torq.nl\\\/wp-content\\\/uploads\\\/2025\\\/06\\\/Mintense_Caffeine_Bullet_-_Main_Image_1600x_crop_center.jpg.webp\",\"contentUrl\":\"https:\\\/\\\/www.torq.nl\\\/wp-content\\\/uploads\\\/2025\\\/06\\\/Mintense_Caffeine_Bullet_-_Main_Image_1600x_crop_center.jpg.webp\",\"width\":1600,\"height\":1600,\"caption\":\"Mintense_Caffeine_Bullet_Sample_Pack\"},{\"@type\":\"BreadcrumbList\",\"@id\":\"https:\\\/\\\/www.torq.nl\\\/product\\\/mintense-energy-chews-sample-pack-4st\\\/#breadcrumb\",\"itemListElement\":[{\"@type\":\"ListItem\",\"position\":1,\"name\":\"Home\",\"item\":\"https:\\\/\\\/www.torq.nl\\\/home\\\/\"},{\"@type\":\"ListItem\",\"position\":2,\"name\":\"Winkel\",\"item\":\"https:\\\/\\\/www.torq.nl\\\/it\\\/winkel\\\/\"},{\"@type\":\"ListItem\",\"position\":3,\"name\":\"Mintense Energy Chews &#8211; Sample pack (4 st)\"}]},{\"@type\":\"WebSite\",\"@id\":\"https:\\\/\\\/www.torq.nl\\\/#website\",\"url\":\"https:\\\/\\\/www.torq.nl\\\/\",\"name\":\"E-Power\",\"description\":\"Officieel Torq dealer Benelux\",\"publisher\":{\"@id\":\"https:\\\/\\\/www.torq.nl\\\/#organization\"},\"potentialAction\":[{\"@type\":\"SearchAction\",\"target\":{\"@type\":\"EntryPoint\",\"urlTemplate\":\"https:\\\/\\\/www.torq.nl\\\/?s={search_term_string}\"},\"query-input\":{\"@type\":\"PropertyValueSpecification\",\"valueRequired\":true,\"valueName\":\"search_term_string\"}}],\"inLanguage\":\"it-IT\"},{\"@type\":\"Organization\",\"@id\":\"https:\\\/\\\/www.torq.nl\\\/#organization\",\"name\":\"E-Power\",\"url\":\"https:\\\/\\\/www.torq.nl\\\/\",\"logo\":{\"@type\":\"ImageObject\",\"inLanguage\":\"it-IT\",\"@id\":\"https:\\\/\\\/www.torq.nl\\\/#\\\/schema\\\/logo\\\/image\\\/\",\"url\":\"https:\\\/\\\/www.torq.nl\\\/wp-content\\\/uploads\\\/2021\\\/04\\\/Logo-epower.png\",\"contentUrl\":\"https:\\\/\\\/www.torq.nl\\\/wp-content\\\/uploads\\\/2021\\\/04\\\/Logo-epower.png\",\"width\":506,\"height\":200,\"caption\":\"E-Power\"},\"image\":{\"@id\":\"https:\\\/\\\/www.torq.nl\\\/#\\\/schema\\\/logo\\\/image\\\/\"},\"sameAs\":[\"https:\\\/\\\/www.facebook.com\\\/epowersport\\\/\",\"https:\\\/\\\/x.com\\\/foodgroupbv\"]}]}<\/script>\n<!-- \/ Yoast SEO plugin. -->","yoast_head_json":{"title":"Mintense Energy Chews - Sample pack (4 st) - E-Power","robots":{"index":"index","follow":"follow","max-snippet":"max-snippet:-1","max-image-preview":"max-image-preview:large","max-video-preview":"max-video-preview:-1"},"canonical":"https:\/\/www.torq.nl\/it\/prodotto\/mintense-energy-chews-sample-pack-4st\/","og_locale":"it_IT","og_type":"article","og_title":"Mintense Energy Chews - Sample pack (4 st) - E-Power","og_description":"Caffeine Bullets verhogen het uithoudingsvermogen, verbeteren de alertheid en mobiliseren uw vetcellen om als brandstof te worden gebruikt, zodat u langer kunt trainen en harder kunt concurreren, ongeacht uw sport. 1 sample pack bevat 4 chews","og_url":"https:\/\/www.torq.nl\/it\/prodotto\/mintense-energy-chews-sample-pack-4st\/","og_site_name":"E-Power","article_publisher":"https:\/\/www.facebook.com\/epowersport\/","article_modified_time":"2026-03-31T09:43:34+00:00","og_image":[{"width":1600,"height":1600,"url":"https:\/\/www.torq.nl\/wp-content\/uploads\/2025\/06\/Mintense_Caffeine_Bullet_-_Main_Image_1600x_crop_center.jpg.webp","type":"image\/webp"}],"twitter_card":"summary_large_image","twitter_site":"@foodgroupbv","twitter_misc":{"Tempo di lettura stimato":"2 minuti"},"schema":{"@context":"https:\/\/schema.org","@graph":[{"@type":"WebPage","@id":"https:\/\/www.torq.nl\/product\/mintense-energy-chews-sample-pack-4st\/","url":"https:\/\/www.torq.nl\/product\/mintense-energy-chews-sample-pack-4st\/","name":"Mintense Energy Chews - Sample pack (4 st) - E-Power","isPartOf":{"@id":"https:\/\/www.torq.nl\/#website"},"primaryImageOfPage":{"@id":"https:\/\/www.torq.nl\/product\/mintense-energy-chews-sample-pack-4st\/#primaryimage"},"image":{"@id":"https:\/\/www.torq.nl\/product\/mintense-energy-chews-sample-pack-4st\/#primaryimage"},"thumbnailUrl":"https:\/\/www.torq.nl\/wp-content\/uploads\/2025\/06\/Mintense_Caffeine_Bullet_-_Main_Image_1600x_crop_center.jpg.webp","datePublished":"2025-06-30T08:31:12+00:00","dateModified":"2026-03-31T09:43:34+00:00","breadcrumb":{"@id":"https:\/\/www.torq.nl\/product\/mintense-energy-chews-sample-pack-4st\/#breadcrumb"},"inLanguage":"it-IT","potentialAction":[{"@type":"ReadAction","target":["https:\/\/www.torq.nl\/product\/mintense-energy-chews-sample-pack-4st\/"]}]},{"@type":"ImageObject","inLanguage":"it-IT","@id":"https:\/\/www.torq.nl\/product\/mintense-energy-chews-sample-pack-4st\/#primaryimage","url":"https:\/\/www.torq.nl\/wp-content\/uploads\/2025\/06\/Mintense_Caffeine_Bullet_-_Main_Image_1600x_crop_center.jpg.webp","contentUrl":"https:\/\/www.torq.nl\/wp-content\/uploads\/2025\/06\/Mintense_Caffeine_Bullet_-_Main_Image_1600x_crop_center.jpg.webp","width":1600,"height":1600,"caption":"Mintense_Caffeine_Bullet_Sample_Pack"},{"@type":"BreadcrumbList","@id":"https:\/\/www.torq.nl\/product\/mintense-energy-chews-sample-pack-4st\/#breadcrumb","itemListElement":[{"@type":"ListItem","position":1,"name":"Home","item":"https:\/\/www.torq.nl\/home\/"},{"@type":"ListItem","position":2,"name":"Winkel","item":"https:\/\/www.torq.nl\/it\/winkel\/"},{"@type":"ListItem","position":3,"name":"Mintense Energy Chews &#8211; Sample pack (4 st)"}]},{"@type":"WebSite","@id":"https:\/\/www.torq.nl\/#website","url":"https:\/\/www.torq.nl\/","name":"E-Power","description":"Rivenditore ufficiale Torq Benelux","publisher":{"@id":"https:\/\/www.torq.nl\/#organization"},"potentialAction":[{"@type":"SearchAction","target":{"@type":"EntryPoint","urlTemplate":"https:\/\/www.torq.nl\/?s={search_term_string}"},"query-input":{"@type":"PropertyValueSpecification","valueRequired":true,"valueName":"search_term_string"}}],"inLanguage":"it-IT"},{"@type":"Organization","@id":"https:\/\/www.torq.nl\/#organization","name":"E-Power","url":"https:\/\/www.torq.nl\/","logo":{"@type":"ImageObject","inLanguage":"it-IT","@id":"https:\/\/www.torq.nl\/#\/schema\/logo\/image\/","url":"https:\/\/www.torq.nl\/wp-content\/uploads\/2021\/04\/Logo-epower.png","contentUrl":"https:\/\/www.torq.nl\/wp-content\/uploads\/2021\/04\/Logo-epower.png","width":506,"height":200,"caption":"E-Power"},"image":{"@id":"https:\/\/www.torq.nl\/#\/schema\/logo\/image\/"},"sameAs":["https:\/\/www.facebook.com\/epowersport\/","https:\/\/x.com\/foodgroupbv"]}]}},"_links":{"self":[{"href":"https:\/\/www.torq.nl\/it\/wp-json\/wp\/v2\/product\/38881","targetHints":{"allow":["GET"]}}],"collection":[{"href":"https:\/\/www.torq.nl\/it\/wp-json\/wp\/v2\/product"}],"about":[{"href":"https:\/\/www.torq.nl\/it\/wp-json\/wp\/v2\/types\/product"}],"wp:featuredmedia":[{"embeddable":true,"href":"https:\/\/www.torq.nl\/it\/wp-json\/wp\/v2\/media\/38882"}],"wp:attachment":[{"href":"https:\/\/www.torq.nl\/it\/wp-json\/wp\/v2\/media?parent=38881"}],"wp:term":[{"taxonomy":"product_brand","embeddable":true,"href":"https:\/\/www.torq.nl\/it\/wp-json\/wp\/v2\/product_brand?post=38881"},{"taxonomy":"product_cat","embeddable":true,"href":"https:\/\/www.torq.nl\/it\/wp-json\/wp\/v2\/product_cat?post=38881"},{"taxonomy":"product_tag","embeddable":true,"href":"https:\/\/www.torq.nl\/it\/wp-json\/wp\/v2\/product_tag?post=38881"}],"curies":[{"name":"wp","href":"https:\/\/api.w.org\/{rel}","templated":true}]}}