{"id":38946,"date":"2025-07-09T08:35:14","date_gmt":"2025-07-09T06:35:14","guid":{"rendered":"https:\/\/www.torq.nl\/?post_type=product&#038;p=38946"},"modified":"2025-07-09T11:05:37","modified_gmt":"2025-07-09T09:05:37","slug":"brain-bullet-testpakket","status":"publish","type":"product","link":"https:\/\/www.torq.nl\/it\/prodotto\/brain-bullet-testpakket\/","title":{"rendered":"Pacchetto di prova Brain Bullet: prova il Matcha alla menta e il Caramell Frapp\u00e9"},"content":{"rendered":"<h4>Per chi \u00e8 adatto il pacchetto di prova?<\/h4>\n<p>Che tu sia uno studente con una giornata impegnativa, una persona creativa che cerca di rimanere in carreggiata o semplicemente in cerca di una carica di energia durante le lunghe giornate di lavoro, Brain Bullet supporta la tua concentrazione in modo naturale ed efficace. Le caramelle sono confezionate singolarmente, quindi puoi trasportarle facilmente nella tasca della giacca, nello zaino o nella borsa del laptop.<\/p>\n<h4>Principali vantaggi<\/h4>\n<p>Invece di un caff\u00e8 amaro o di una bevanda energetica zuccherata, Brain Bullet offre un&#039;opzione masticabile leggermente dolce che agisce rapidamente e non provoca nervosismo. Ogni masticazione contiene solo 26 calorie e 3,2 grammi di zucchero, quindi \u00e8 adatta anche a una dieta sana.<\/p>\n<p>Noterai gli effetti dopo circa cinque minuti. Proprio quando ne hai bisogno. La miscela di caffeina e L-teanina fornisce un aumento duraturo di attenzione e prestazioni mentali, senza crolli.<\/p>\n<ul>\n<li>Aumenta la concentrazione a 27%<\/li>\n<li>Migliora la memoria a 12%<\/li>\n<li>Focus diretto e motivazione<\/li>\n<li>Fino a 8 ore di lucidit\u00e0 mentale<\/li>\n<li>Aumenta la produttivit\u00e0 e combatte la nebbia cerebrale<\/li>\n<li>Nessun incidente<\/li>\n<li>Riduce lo stress e l&#039;ansia<\/li>\n<li>Solo 26 calorie e basso contenuto di zuccheri<\/li>\n<\/ul>\n<h4>Perch\u00e9 scegliere Brain Bullet?<\/h4>\n<p>La combinazione di caffeina e L-teanina \u00e8 scientificamente provata ed \u00e8 nota per la sua capacit\u00e0 di mantenere i benefici della caffeina, attenuandone gli effetti (come ansia o nervosismo). Questo permette di sperimentare una concentrazione lucida e serena fino a 8 ore.<\/p>\n<p>Questa confezione campione \u00e8 il modo ideale per conoscere il prodotto e i suoi sapori, senza dover acquistare subito una confezione grande.<\/p>\n<h4>Suggerimenti per l&#039;uso:<\/h4>\n<p>Mastica il Brain Bullet per circa 30 secondi finch\u00e9 non si ammorbidisce. Assumine uno ogni volta che hai bisogno di maggiore concentrazione, ad esempio subito prima di una riunione, mentre studi o all&#039;inizio di una lunga giornata lavorativa. Puoi assumere fino a quattro masticazioni al giorno (massimo 320 mg di caffeina).<\/p>","protected":false},"excerpt":{"rendered":"<h3>Concentrazione ed energia immediate, senza crolli. Due gusti, un solo obiettivo: mantenere il cervello in perfetta forma.<\/h3>\n<p>Hai dubbi tra il rinfrescante <strong>Mental Mint Matcha<\/strong> o il morbido e cremoso <strong>Frapp\u00e9 caramentale<\/strong>Con questa confezione da 8 Brain Bullets\u2122 (4 per ogni gusto), non devi scegliere. Scopri quale si adatta meglio al tuo flusso di lavoro, alla tua sessione di studio o al tuo flusso creativo.<\/p>\n<p>Brain Bullet\u2122 \u00e8 una compressa masticabile con <strong>80 mg di caffeina<\/strong> e <strong>160 mg di L-teanina<\/strong>, una combinazione scientificamente provata per <strong>acutezza mentale, energia e concentrazione<\/strong> Senza picchi o crolli imprevedibili. Ideale per chi vuole rimanere lucido e concentrato senza litri di caff\u00e8 o bevande energetiche zuccherate.<\/p>\n<h5><span style=\"font-weight: 600;\">Cosa ottieni:<\/span><\/h5>\n<ul>\n<li>1x 4 caramelle gommose Mental Mint Matcha<\/li>\n<li>1x 4 caramelle gommose Caramental Frappe<\/li>\n<\/ul>\n<p>In pratiche confezioni individuali (adatte a qualsiasi borsa o tasca)!<\/p>","protected":false},"featured_media":38949,"template":"","meta":{"_monsterinsights_skip_tracking":false,"_monsterinsights_sitenote_active":false,"_monsterinsights_sitenote_note":"","_monsterinsights_sitenote_category":0},"product_brand":[],"product_cat":[69],"product_tag":[],"class_list":{"0":"post-38946","1":"product","2":"type-product","3":"status-publish","4":"has-post-thumbnail","6":"product_cat-performance-bullet","8":"first","9":"instock","10":"taxable","11":"shipping-taxable","12":"purchasable","13":"product-type-simple"},"yoast_head":"<!-- This site is optimized with the Yoast SEO plugin v27.3 - https:\/\/yoast.com\/product\/yoast-seo-wordpress\/ -->\n<title>Brain Bullet Testpakket - Directe focus &amp; energie, zonder crash!<\/title>\n<meta name=\"description\" content=\"Twijfel je tussen de verfrissende Mental Mint Matcha of de zachte, romige Caramental Frappe? Met dit Brain Bullet testpakket hoef je niet te kiezen!\" \/>\n<meta name=\"robots\" content=\"index, follow, max-snippet:-1, max-image-preview:large, max-video-preview:-1\" \/>\n<link rel=\"canonical\" href=\"https:\/\/www.torq.nl\/it\/prodotto\/brain-bullet-testpakket\/\" \/>\n<meta property=\"og:locale\" content=\"it_IT\" \/>\n<meta property=\"og:type\" content=\"article\" \/>\n<meta property=\"og:title\" content=\"Brain Bullet Testpakket - Directe focus &amp; energie, zonder crash!\" \/>\n<meta property=\"og:description\" content=\"Twijfel je tussen de verfrissende Mental Mint Matcha of de zachte, romige Caramental Frappe? Met dit Brain Bullet testpakket hoef je niet te kiezen!\" \/>\n<meta property=\"og:url\" content=\"https:\/\/www.torq.nl\/it\/prodotto\/brain-bullet-testpakket\/\" \/>\n<meta property=\"og:site_name\" content=\"E-Power\" \/>\n<meta property=\"article:publisher\" content=\"https:\/\/www.facebook.com\/epowersport\/\" \/>\n<meta property=\"article:modified_time\" content=\"2025-07-09T09:05:37+00:00\" \/>\n<meta property=\"og:image\" content=\"https:\/\/www.torq.nl\/wp-content\/uploads\/2025\/07\/Brain-Bullet-testpakket-2-scaled.png\" \/>\n\t<meta property=\"og:image:width\" content=\"2560\" \/>\n\t<meta property=\"og:image:height\" content=\"2560\" \/>\n\t<meta property=\"og:image:type\" content=\"image\/png\" \/>\n<meta name=\"twitter:card\" content=\"summary_large_image\" \/>\n<meta name=\"twitter:site\" content=\"@foodgroupbv\" \/>\n<meta name=\"twitter:label1\" content=\"Tempo di lettura stimato\" \/>\n\t<meta name=\"twitter:data1\" content=\"2 minuti\" \/>\n<script type=\"application\/ld+json\" class=\"yoast-schema-graph\">{\"@context\":\"https:\\\/\\\/schema.org\",\"@graph\":[{\"@type\":\"WebPage\",\"@id\":\"https:\\\/\\\/www.torq.nl\\\/product\\\/brain-bullet-testpakket\\\/\",\"url\":\"https:\\\/\\\/www.torq.nl\\\/product\\\/brain-bullet-testpakket\\\/\",\"name\":\"Brain Bullet Testpakket - Directe focus & energie, zonder crash!\",\"isPartOf\":{\"@id\":\"https:\\\/\\\/www.torq.nl\\\/#website\"},\"primaryImageOfPage\":{\"@id\":\"https:\\\/\\\/www.torq.nl\\\/product\\\/brain-bullet-testpakket\\\/#primaryimage\"},\"image\":{\"@id\":\"https:\\\/\\\/www.torq.nl\\\/product\\\/brain-bullet-testpakket\\\/#primaryimage\"},\"thumbnailUrl\":\"https:\\\/\\\/www.torq.nl\\\/wp-content\\\/uploads\\\/2025\\\/07\\\/Brain-Bullet-testpakket-2-scaled.png\",\"datePublished\":\"2025-07-09T06:35:14+00:00\",\"dateModified\":\"2025-07-09T09:05:37+00:00\",\"description\":\"Twijfel je tussen de verfrissende Mental Mint Matcha of de zachte, romige Caramental Frappe? Met dit Brain Bullet testpakket hoef je niet te kiezen!\",\"breadcrumb\":{\"@id\":\"https:\\\/\\\/www.torq.nl\\\/product\\\/brain-bullet-testpakket\\\/#breadcrumb\"},\"inLanguage\":\"it-IT\",\"potentialAction\":[{\"@type\":\"ReadAction\",\"target\":[\"https:\\\/\\\/www.torq.nl\\\/product\\\/brain-bullet-testpakket\\\/\"]}]},{\"@type\":\"ImageObject\",\"inLanguage\":\"it-IT\",\"@id\":\"https:\\\/\\\/www.torq.nl\\\/product\\\/brain-bullet-testpakket\\\/#primaryimage\",\"url\":\"https:\\\/\\\/www.torq.nl\\\/wp-content\\\/uploads\\\/2025\\\/07\\\/Brain-Bullet-testpakket-2-scaled.png\",\"contentUrl\":\"https:\\\/\\\/www.torq.nl\\\/wp-content\\\/uploads\\\/2025\\\/07\\\/Brain-Bullet-testpakket-2-scaled.png\",\"width\":2560,\"height\":2560,\"caption\":\"Brain-Bullet-testpakket\"},{\"@type\":\"BreadcrumbList\",\"@id\":\"https:\\\/\\\/www.torq.nl\\\/product\\\/brain-bullet-testpakket\\\/#breadcrumb\",\"itemListElement\":[{\"@type\":\"ListItem\",\"position\":1,\"name\":\"Home\",\"item\":\"https:\\\/\\\/www.torq.nl\\\/home\\\/\"},{\"@type\":\"ListItem\",\"position\":2,\"name\":\"Winkel\",\"item\":\"https:\\\/\\\/www.torq.nl\\\/it\\\/winkel\\\/\"},{\"@type\":\"ListItem\",\"position\":3,\"name\":\"Brain Bullet Testpakket &#8211; Probeer Mental Mint Matcha &#038; Caramental Frappe\"}]},{\"@type\":\"WebSite\",\"@id\":\"https:\\\/\\\/www.torq.nl\\\/#website\",\"url\":\"https:\\\/\\\/www.torq.nl\\\/\",\"name\":\"E-Power\",\"description\":\"Officieel Torq dealer Benelux\",\"publisher\":{\"@id\":\"https:\\\/\\\/www.torq.nl\\\/#organization\"},\"potentialAction\":[{\"@type\":\"SearchAction\",\"target\":{\"@type\":\"EntryPoint\",\"urlTemplate\":\"https:\\\/\\\/www.torq.nl\\\/?s={search_term_string}\"},\"query-input\":{\"@type\":\"PropertyValueSpecification\",\"valueRequired\":true,\"valueName\":\"search_term_string\"}}],\"inLanguage\":\"it-IT\"},{\"@type\":\"Organization\",\"@id\":\"https:\\\/\\\/www.torq.nl\\\/#organization\",\"name\":\"E-Power\",\"url\":\"https:\\\/\\\/www.torq.nl\\\/\",\"logo\":{\"@type\":\"ImageObject\",\"inLanguage\":\"it-IT\",\"@id\":\"https:\\\/\\\/www.torq.nl\\\/#\\\/schema\\\/logo\\\/image\\\/\",\"url\":\"https:\\\/\\\/www.torq.nl\\\/wp-content\\\/uploads\\\/2021\\\/04\\\/Logo-epower.png\",\"contentUrl\":\"https:\\\/\\\/www.torq.nl\\\/wp-content\\\/uploads\\\/2021\\\/04\\\/Logo-epower.png\",\"width\":506,\"height\":200,\"caption\":\"E-Power\"},\"image\":{\"@id\":\"https:\\\/\\\/www.torq.nl\\\/#\\\/schema\\\/logo\\\/image\\\/\"},\"sameAs\":[\"https:\\\/\\\/www.facebook.com\\\/epowersport\\\/\",\"https:\\\/\\\/x.com\\\/foodgroupbv\"]}]}<\/script>\n<!-- \/ Yoast SEO plugin. -->","yoast_head_json":{"title":"Brain Bullet Testpakket - Directe focus & energie, zonder crash!","description":"Twijfel je tussen de verfrissende Mental Mint Matcha of de zachte, romige Caramental Frappe? Met dit Brain Bullet testpakket hoef je niet te kiezen!","robots":{"index":"index","follow":"follow","max-snippet":"max-snippet:-1","max-image-preview":"max-image-preview:large","max-video-preview":"max-video-preview:-1"},"canonical":"https:\/\/www.torq.nl\/it\/prodotto\/brain-bullet-testpakket\/","og_locale":"it_IT","og_type":"article","og_title":"Brain Bullet Testpakket - Directe focus & energie, zonder crash!","og_description":"Twijfel je tussen de verfrissende Mental Mint Matcha of de zachte, romige Caramental Frappe? Met dit Brain Bullet testpakket hoef je niet te kiezen!","og_url":"https:\/\/www.torq.nl\/it\/prodotto\/brain-bullet-testpakket\/","og_site_name":"E-Power","article_publisher":"https:\/\/www.facebook.com\/epowersport\/","article_modified_time":"2025-07-09T09:05:37+00:00","og_image":[{"width":2560,"height":2560,"url":"https:\/\/www.torq.nl\/wp-content\/uploads\/2025\/07\/Brain-Bullet-testpakket-2-scaled.png","type":"image\/png"}],"twitter_card":"summary_large_image","twitter_site":"@foodgroupbv","twitter_misc":{"Tempo di lettura stimato":"2 minuti"},"schema":{"@context":"https:\/\/schema.org","@graph":[{"@type":"WebPage","@id":"https:\/\/www.torq.nl\/product\/brain-bullet-testpakket\/","url":"https:\/\/www.torq.nl\/product\/brain-bullet-testpakket\/","name":"Brain Bullet Testpakket - Directe focus & energie, zonder crash!","isPartOf":{"@id":"https:\/\/www.torq.nl\/#website"},"primaryImageOfPage":{"@id":"https:\/\/www.torq.nl\/product\/brain-bullet-testpakket\/#primaryimage"},"image":{"@id":"https:\/\/www.torq.nl\/product\/brain-bullet-testpakket\/#primaryimage"},"thumbnailUrl":"https:\/\/www.torq.nl\/wp-content\/uploads\/2025\/07\/Brain-Bullet-testpakket-2-scaled.png","datePublished":"2025-07-09T06:35:14+00:00","dateModified":"2025-07-09T09:05:37+00:00","description":"Twijfel je tussen de verfrissende Mental Mint Matcha of de zachte, romige Caramental Frappe? Met dit Brain Bullet testpakket hoef je niet te kiezen!","breadcrumb":{"@id":"https:\/\/www.torq.nl\/product\/brain-bullet-testpakket\/#breadcrumb"},"inLanguage":"it-IT","potentialAction":[{"@type":"ReadAction","target":["https:\/\/www.torq.nl\/product\/brain-bullet-testpakket\/"]}]},{"@type":"ImageObject","inLanguage":"it-IT","@id":"https:\/\/www.torq.nl\/product\/brain-bullet-testpakket\/#primaryimage","url":"https:\/\/www.torq.nl\/wp-content\/uploads\/2025\/07\/Brain-Bullet-testpakket-2-scaled.png","contentUrl":"https:\/\/www.torq.nl\/wp-content\/uploads\/2025\/07\/Brain-Bullet-testpakket-2-scaled.png","width":2560,"height":2560,"caption":"Brain-Bullet-testpakket"},{"@type":"BreadcrumbList","@id":"https:\/\/www.torq.nl\/product\/brain-bullet-testpakket\/#breadcrumb","itemListElement":[{"@type":"ListItem","position":1,"name":"Home","item":"https:\/\/www.torq.nl\/home\/"},{"@type":"ListItem","position":2,"name":"Winkel","item":"https:\/\/www.torq.nl\/it\/winkel\/"},{"@type":"ListItem","position":3,"name":"Brain Bullet Testpakket &#8211; Probeer Mental Mint Matcha &#038; Caramental Frappe"}]},{"@type":"WebSite","@id":"https:\/\/www.torq.nl\/#website","url":"https:\/\/www.torq.nl\/","name":"E-Power","description":"Rivenditore ufficiale Torq Benelux","publisher":{"@id":"https:\/\/www.torq.nl\/#organization"},"potentialAction":[{"@type":"SearchAction","target":{"@type":"EntryPoint","urlTemplate":"https:\/\/www.torq.nl\/?s={search_term_string}"},"query-input":{"@type":"PropertyValueSpecification","valueRequired":true,"valueName":"search_term_string"}}],"inLanguage":"it-IT"},{"@type":"Organization","@id":"https:\/\/www.torq.nl\/#organization","name":"E-Power","url":"https:\/\/www.torq.nl\/","logo":{"@type":"ImageObject","inLanguage":"it-IT","@id":"https:\/\/www.torq.nl\/#\/schema\/logo\/image\/","url":"https:\/\/www.torq.nl\/wp-content\/uploads\/2021\/04\/Logo-epower.png","contentUrl":"https:\/\/www.torq.nl\/wp-content\/uploads\/2021\/04\/Logo-epower.png","width":506,"height":200,"caption":"E-Power"},"image":{"@id":"https:\/\/www.torq.nl\/#\/schema\/logo\/image\/"},"sameAs":["https:\/\/www.facebook.com\/epowersport\/","https:\/\/x.com\/foodgroupbv"]}]}},"_links":{"self":[{"href":"https:\/\/www.torq.nl\/it\/wp-json\/wp\/v2\/product\/38946","targetHints":{"allow":["GET"]}}],"collection":[{"href":"https:\/\/www.torq.nl\/it\/wp-json\/wp\/v2\/product"}],"about":[{"href":"https:\/\/www.torq.nl\/it\/wp-json\/wp\/v2\/types\/product"}],"wp:featuredmedia":[{"embeddable":true,"href":"https:\/\/www.torq.nl\/it\/wp-json\/wp\/v2\/media\/38949"}],"wp:attachment":[{"href":"https:\/\/www.torq.nl\/it\/wp-json\/wp\/v2\/media?parent=38946"}],"wp:term":[{"taxonomy":"product_brand","embeddable":true,"href":"https:\/\/www.torq.nl\/it\/wp-json\/wp\/v2\/product_brand?post=38946"},{"taxonomy":"product_cat","embeddable":true,"href":"https:\/\/www.torq.nl\/it\/wp-json\/wp\/v2\/product_cat?post=38946"},{"taxonomy":"product_tag","embeddable":true,"href":"https:\/\/www.torq.nl\/it\/wp-json\/wp\/v2\/product_tag?post=38946"}],"curies":[{"name":"wp","href":"https:\/\/api.w.org\/{rel}","templated":true}]}}