{"id":446,"date":"2021-07-09T08:40:54","date_gmt":"2021-07-09T06:40:54","guid":{"rendered":"https:\/\/www.e-powersport.eu\/?post_type=product&#038;p=446"},"modified":"2026-01-05T00:30:42","modified_gmt":"2026-01-04T23:30:42","slug":"natural-vanilla-pod-energy-drink-15-x-30-gr","status":"publish","type":"product","link":"https:\/\/www.torq.nl\/it\/prodotto\/natural-vanilla-pod-energy-drink-15-x-30-gr\/","title":{"rendered":"Energy Drink Vaniglia Naturale in Baccello 15 x 30 gr"},"content":{"rendered":"<p>TORQ Energy Drink da 500 ml fornisce 30 grammi di carboidrati politrasportabili (1 unit\u00e0 TORQ) e, oltre a fornire una fonte ottimale di carburante, questo prodotto fornisce anche liquidi ed elettroliti per aiutare a mantenere le esigenze di idratazione del corpo e l&#039;equilibrio omeostatico. Per prestazioni ottimali, il nostro sistema di rifornimento TORQ consiglia di consumare 2-3 unit\u00e0 TORQ all&#039;ora, che possono essere ottenute consumando una variet\u00e0 di prodotti combustibili.<\/p>\n<h3>Uso del prodotto<\/h3>\n<p>Ogni bustina TORQ Energy si mescola con 500 ml di acqua.<\/p>\n<p>Adatto per l&#039;uso a tutte le intensit\u00e0 di esercizio, TORQ Energy Drink \u00e8 il fondamento del TORQ Fuel System poich\u00e9 \u00e8 l&#039;unico prodotto in grado di fornire quantit\u00e0 significative di liquidi ed elettroliti insieme al carburante a base di carboidrati. Naturalmente una sufficiente idratazione \u00e8 fondamentale dal punto di vista delle prestazioni.<\/p>\n<p>*Le bevande energetiche TORQ sono VEGANE<\/p>","protected":false},"excerpt":{"rendered":"<p>TORQ L&#039;energia \u00e8 una <em><span style=\"color: #ff6600;\">Bevanda energetica isotonica leggera e rinfrescante al gusto naturale<\/span><\/em> formulato utilizzando consegna veloce <em><span style=\"color: #ff6600;\">Maltodestrina:fruttosio 2:1<\/span> <\/em>e <em><span style=\"color: #ff6600;\">5 elettroliti importanti<\/span><\/em>.<\/p>\n<p>*TORQ Energy Drink fa parte del sistema di alimentazione TORQ, quindi pu\u00f2 essere utilizzato insieme ai gel, alle barrette e alle masticazioni energetiche TORQ per fornire prestazioni ottimali.<\/p>","protected":false},"featured_media":4568,"template":"","meta":{"_monsterinsights_skip_tracking":false,"_monsterinsights_sitenote_active":false,"_monsterinsights_sitenote_note":"","_monsterinsights_sitenote_category":0},"product_brand":[],"product_cat":[30,32,36,41,15],"product_tag":[],"class_list":{"0":"post-446","1":"product","2":"type-product","3":"status-publish","4":"has-post-thumbnail","6":"product_cat-fuelling-system","7":"product_cat-hydration","8":"product_cat-torq-energy-drink","9":"product_cat-torq-energy-drink-hydration","10":"product_cat-torq-sportvoeding","12":"first","13":"instock","14":"taxable","15":"shipping-taxable","16":"purchasable","17":"product-type-simple"},"yoast_head":"<!-- This site is optimized with the Yoast SEO plugin v27.2 - https:\/\/yoast.com\/product\/yoast-seo-wordpress\/ -->\n<title>Energy Drink Natural Vanilla Pod 15 x 30 gr - E-Power<\/title>\n<meta name=\"description\" content=\"Dit product is zorgvuldig samengesteld om TORQ&#039;s unieke mix van meervoudig transporteerbare koolhydraten, vocht en elektrolyten extreem snel en effici\u00ebnt\" \/>\n<meta name=\"robots\" content=\"index, follow, max-snippet:-1, max-image-preview:large, max-video-preview:-1\" \/>\n<link rel=\"canonical\" href=\"https:\/\/www.torq.nl\/it\/prodotto\/natural-vanilla-pod-energy-drink-15-x-30-gr\/\" \/>\n<meta property=\"og:locale\" content=\"it_IT\" \/>\n<meta property=\"og:type\" content=\"article\" \/>\n<meta property=\"og:title\" content=\"Energy Drink Natural Vanilla Pod 15 x 30 gr - E-Power\" \/>\n<meta property=\"og:description\" content=\"Dit product is zorgvuldig samengesteld om TORQ&#039;s unieke mix van meervoudig transporteerbare koolhydraten, vocht en elektrolyten extreem snel en effici\u00ebnt\" \/>\n<meta property=\"og:url\" content=\"https:\/\/www.torq.nl\/it\/prodotto\/natural-vanilla-pod-energy-drink-15-x-30-gr\/\" \/>\n<meta property=\"og:site_name\" content=\"E-Power\" \/>\n<meta property=\"article:publisher\" content=\"https:\/\/www.facebook.com\/epowersport\/\" \/>\n<meta property=\"article:modified_time\" content=\"2026-01-04T23:30:42+00:00\" \/>\n<meta property=\"og:image\" content=\"https:\/\/www.torq.nl\/wp-content\/uploads\/2021\/07\/vanilla-1030x1030.png\" \/>\n\t<meta property=\"og:image:width\" content=\"1030\" \/>\n\t<meta property=\"og:image:height\" content=\"1030\" \/>\n\t<meta property=\"og:image:type\" content=\"image\/png\" \/>\n<meta name=\"twitter:card\" content=\"summary_large_image\" \/>\n<meta name=\"twitter:site\" content=\"@foodgroupbv\" \/>\n<meta name=\"twitter:label1\" content=\"Tempo di lettura stimato\" \/>\n\t<meta name=\"twitter:data1\" content=\"1 minuto\" \/>\n<script type=\"application\/ld+json\" class=\"yoast-schema-graph\">{\"@context\":\"https:\/\/schema.org\",\"@graph\":[{\"@type\":\"WebPage\",\"@id\":\"https:\/\/www.torq.nl\/it\/prodotto\/natural-vanilla-pod-energy-drink-15-x-30-gr\/\",\"url\":\"https:\/\/www.torq.nl\/it\/prodotto\/natural-vanilla-pod-energy-drink-15-x-30-gr\/\",\"name\":\"Energy Drink Natural Vanilla Pod 15 x 30 gr - E-Power\",\"isPartOf\":{\"@id\":\"https:\/\/www.torq.nl\/#website\"},\"primaryImageOfPage\":{\"@id\":\"https:\/\/www.torq.nl\/it\/prodotto\/natural-vanilla-pod-energy-drink-15-x-30-gr\/#primaryimage\"},\"image\":{\"@id\":\"https:\/\/www.torq.nl\/it\/prodotto\/natural-vanilla-pod-energy-drink-15-x-30-gr\/#primaryimage\"},\"thumbnailUrl\":\"https:\/\/www.torq.nl\/wp-content\/uploads\/2021\/07\/vanilla.png\",\"datePublished\":\"2021-07-09T06:40:54+00:00\",\"dateModified\":\"2026-01-04T23:30:42+00:00\",\"description\":\"Dit product is zorgvuldig samengesteld om TORQ's unieke mix van meervoudig transporteerbare koolhydraten, vocht en elektrolyten extreem snel en effici\u00ebnt\",\"breadcrumb\":{\"@id\":\"https:\/\/www.torq.nl\/it\/prodotto\/natural-vanilla-pod-energy-drink-15-x-30-gr\/#breadcrumb\"},\"inLanguage\":\"it-IT\",\"potentialAction\":[{\"@type\":\"ReadAction\",\"target\":[\"https:\/\/www.torq.nl\/it\/prodotto\/natural-vanilla-pod-energy-drink-15-x-30-gr\/\"]}]},{\"@type\":\"ImageObject\",\"inLanguage\":\"it-IT\",\"@id\":\"https:\/\/www.torq.nl\/it\/prodotto\/natural-vanilla-pod-energy-drink-15-x-30-gr\/#primaryimage\",\"url\":\"https:\/\/www.torq.nl\/wp-content\/uploads\/2021\/07\/vanilla.png\",\"contentUrl\":\"https:\/\/www.torq.nl\/wp-content\/uploads\/2021\/07\/vanilla.png\",\"width\":2560,\"height\":2560,\"caption\":\"Energy Drink Natural Vanilla Pod 15 x 30 gram\"},{\"@type\":\"BreadcrumbList\",\"@id\":\"https:\/\/www.torq.nl\/it\/prodotto\/natural-vanilla-pod-energy-drink-15-x-30-gr\/#breadcrumb\",\"itemListElement\":[{\"@type\":\"ListItem\",\"position\":1,\"name\":\"Home\",\"item\":\"https:\/\/www.torq.nl\/home\/\"},{\"@type\":\"ListItem\",\"position\":2,\"name\":\"Winkel\",\"item\":\"https:\/\/www.torq.nl\/it\/winkel\/\"},{\"@type\":\"ListItem\",\"position\":3,\"name\":\"Energy Drink Natural Vanilla Pod 15 x 30 gr\"}]},{\"@type\":\"WebSite\",\"@id\":\"https:\/\/www.torq.nl\/#website\",\"url\":\"https:\/\/www.torq.nl\/\",\"name\":\"E-Power\",\"description\":\"Officieel Torq dealer Benelux\",\"publisher\":{\"@id\":\"https:\/\/www.torq.nl\/#organization\"},\"potentialAction\":[{\"@type\":\"SearchAction\",\"target\":{\"@type\":\"EntryPoint\",\"urlTemplate\":\"https:\/\/www.torq.nl\/?s={search_term_string}\"},\"query-input\":{\"@type\":\"PropertyValueSpecification\",\"valueRequired\":true,\"valueName\":\"search_term_string\"}}],\"inLanguage\":\"it-IT\"},{\"@type\":\"Organization\",\"@id\":\"https:\/\/www.torq.nl\/#organization\",\"name\":\"E-Power\",\"url\":\"https:\/\/www.torq.nl\/\",\"logo\":{\"@type\":\"ImageObject\",\"inLanguage\":\"it-IT\",\"@id\":\"https:\/\/www.torq.nl\/#\/schema\/logo\/image\/\",\"url\":\"https:\/\/www.torq.nl\/wp-content\/uploads\/2021\/04\/Logo-epower.png\",\"contentUrl\":\"https:\/\/www.torq.nl\/wp-content\/uploads\/2021\/04\/Logo-epower.png\",\"width\":506,\"height\":200,\"caption\":\"E-Power\"},\"image\":{\"@id\":\"https:\/\/www.torq.nl\/#\/schema\/logo\/image\/\"},\"sameAs\":[\"https:\/\/www.facebook.com\/epowersport\/\",\"https:\/\/x.com\/foodgroupbv\"]}]}<\/script>\n<!-- \/ Yoast SEO plugin. -->","yoast_head_json":{"title":"Energy Drink Natural Vanilla Pod 15 x 30 gr - E-Power","description":"Questo prodotto \u00e8 stato formulato con cura per fornire la miscela unica di carboidrati, liquidi ed elettroliti altamente trasportabili di TORQ in modo estremamente rapido ed efficiente.","robots":{"index":"index","follow":"follow","max-snippet":"max-snippet:-1","max-image-preview":"max-image-preview:large","max-video-preview":"max-video-preview:-1"},"canonical":"https:\/\/www.torq.nl\/it\/prodotto\/natural-vanilla-pod-energy-drink-15-x-30-gr\/","og_locale":"it_IT","og_type":"article","og_title":"Energy Drink Natural Vanilla Pod 15 x 30 gr - E-Power","og_description":"Dit product is zorgvuldig samengesteld om TORQ's unieke mix van meervoudig transporteerbare koolhydraten, vocht en elektrolyten extreem snel en effici\u00ebnt","og_url":"https:\/\/www.torq.nl\/it\/prodotto\/natural-vanilla-pod-energy-drink-15-x-30-gr\/","og_site_name":"E-Power","article_publisher":"https:\/\/www.facebook.com\/epowersport\/","article_modified_time":"2026-01-04T23:30:42+00:00","og_image":[{"width":1030,"height":1030,"url":"https:\/\/www.torq.nl\/wp-content\/uploads\/2021\/07\/vanilla-1030x1030.png","type":"image\/png"}],"twitter_card":"summary_large_image","twitter_site":"@foodgroupbv","twitter_misc":{"Tempo di lettura stimato":"1 minuto"},"schema":{"@context":"https:\/\/schema.org","@graph":[{"@type":"WebPage","@id":"https:\/\/www.torq.nl\/it\/prodotto\/natural-vanilla-pod-energy-drink-15-x-30-gr\/","url":"https:\/\/www.torq.nl\/it\/prodotto\/natural-vanilla-pod-energy-drink-15-x-30-gr\/","name":"Energy Drink Natural Vanilla Pod 15 x 30 gr - E-Power","isPartOf":{"@id":"https:\/\/www.torq.nl\/#website"},"primaryImageOfPage":{"@id":"https:\/\/www.torq.nl\/it\/prodotto\/natural-vanilla-pod-energy-drink-15-x-30-gr\/#primaryimage"},"image":{"@id":"https:\/\/www.torq.nl\/it\/prodotto\/natural-vanilla-pod-energy-drink-15-x-30-gr\/#primaryimage"},"thumbnailUrl":"https:\/\/www.torq.nl\/wp-content\/uploads\/2021\/07\/vanilla.png","datePublished":"2021-07-09T06:40:54+00:00","dateModified":"2026-01-04T23:30:42+00:00","description":"Questo prodotto \u00e8 stato formulato con cura per fornire la miscela unica di carboidrati, liquidi ed elettroliti altamente trasportabili di TORQ in modo estremamente rapido ed efficiente.","breadcrumb":{"@id":"https:\/\/www.torq.nl\/it\/prodotto\/natural-vanilla-pod-energy-drink-15-x-30-gr\/#breadcrumb"},"inLanguage":"it-IT","potentialAction":[{"@type":"ReadAction","target":["https:\/\/www.torq.nl\/it\/prodotto\/natural-vanilla-pod-energy-drink-15-x-30-gr\/"]}]},{"@type":"ImageObject","inLanguage":"it-IT","@id":"https:\/\/www.torq.nl\/it\/prodotto\/natural-vanilla-pod-energy-drink-15-x-30-gr\/#primaryimage","url":"https:\/\/www.torq.nl\/wp-content\/uploads\/2021\/07\/vanilla.png","contentUrl":"https:\/\/www.torq.nl\/wp-content\/uploads\/2021\/07\/vanilla.png","width":2560,"height":2560,"caption":"Energy Drink Natural Vanilla Pod 15 x 30 gram"},{"@type":"BreadcrumbList","@id":"https:\/\/www.torq.nl\/it\/prodotto\/natural-vanilla-pod-energy-drink-15-x-30-gr\/#breadcrumb","itemListElement":[{"@type":"ListItem","position":1,"name":"Home","item":"https:\/\/www.torq.nl\/home\/"},{"@type":"ListItem","position":2,"name":"Winkel","item":"https:\/\/www.torq.nl\/it\/winkel\/"},{"@type":"ListItem","position":3,"name":"Energy Drink Natural Vanilla Pod 15 x 30 gr"}]},{"@type":"WebSite","@id":"https:\/\/www.torq.nl\/#website","url":"https:\/\/www.torq.nl\/","name":"E-Power","description":"Rivenditore ufficiale Torq Benelux","publisher":{"@id":"https:\/\/www.torq.nl\/#organization"},"potentialAction":[{"@type":"SearchAction","target":{"@type":"EntryPoint","urlTemplate":"https:\/\/www.torq.nl\/?s={search_term_string}"},"query-input":{"@type":"PropertyValueSpecification","valueRequired":true,"valueName":"search_term_string"}}],"inLanguage":"it-IT"},{"@type":"Organization","@id":"https:\/\/www.torq.nl\/#organization","name":"E-Power","url":"https:\/\/www.torq.nl\/","logo":{"@type":"ImageObject","inLanguage":"it-IT","@id":"https:\/\/www.torq.nl\/#\/schema\/logo\/image\/","url":"https:\/\/www.torq.nl\/wp-content\/uploads\/2021\/04\/Logo-epower.png","contentUrl":"https:\/\/www.torq.nl\/wp-content\/uploads\/2021\/04\/Logo-epower.png","width":506,"height":200,"caption":"E-Power"},"image":{"@id":"https:\/\/www.torq.nl\/#\/schema\/logo\/image\/"},"sameAs":["https:\/\/www.facebook.com\/epowersport\/","https:\/\/x.com\/foodgroupbv"]}]}},"_links":{"self":[{"href":"https:\/\/www.torq.nl\/it\/wp-json\/wp\/v2\/product\/446","targetHints":{"allow":["GET"]}}],"collection":[{"href":"https:\/\/www.torq.nl\/it\/wp-json\/wp\/v2\/product"}],"about":[{"href":"https:\/\/www.torq.nl\/it\/wp-json\/wp\/v2\/types\/product"}],"wp:featuredmedia":[{"embeddable":true,"href":"https:\/\/www.torq.nl\/it\/wp-json\/wp\/v2\/media\/4568"}],"wp:attachment":[{"href":"https:\/\/www.torq.nl\/it\/wp-json\/wp\/v2\/media?parent=446"}],"wp:term":[{"taxonomy":"product_brand","embeddable":true,"href":"https:\/\/www.torq.nl\/it\/wp-json\/wp\/v2\/product_brand?post=446"},{"taxonomy":"product_cat","embeddable":true,"href":"https:\/\/www.torq.nl\/it\/wp-json\/wp\/v2\/product_cat?post=446"},{"taxonomy":"product_tag","embeddable":true,"href":"https:\/\/www.torq.nl\/it\/wp-json\/wp\/v2\/product_tag?post=446"}],"curies":[{"name":"wp","href":"https:\/\/api.w.org\/{rel}","templated":true}]}}