{"id":487,"date":"2021-07-09T08:58:43","date_gmt":"2021-07-09T06:58:43","guid":{"rendered":"https:\/\/www.e-powersport.eu\/?post_type=product&#038;p=487"},"modified":"2025-11-22T16:29:40","modified_gmt":"2025-11-22T15:29:40","slug":"energy-drink-natural-organic-500-gr","status":"publish","type":"product","link":"https:\/\/www.torq.nl\/it\/prodotto\/energy-drink-natural-organic-500-gr\/","title":{"rendered":"Bevanda Energetica Naturale Biologica 500 gr"},"content":{"rendered":"<p>TORQ Energy Organic \u00e8 costituito da un ingrediente chiamato maltodestrina, spesso indicato come polimero del glucosio. Il profilo molecolare di un polimero del glucosio ottimizza le propriet\u00e0 energetiche a lungo termine dei carboidrati complessi, con bassa osmolalit\u00e0 intestinale e senza la necessit\u00e0 di consumare ingombranti alimenti amidacei.<\/p>\n<p>TORQ Energy Organic pu\u00f2 essere facilmente miscelato con acqua (1 misurino per 250 ml) per creare una bevanda energetica biologica non aromatizzata e questo \u00e8 incredibilmente popolare tra le persone che non amano i sapori forti ma si rendono conto di aver bisogno di idratarsi durante l&#039;esercizio e fornire carburante.<\/p>\n<p>Oltre a funzionare come bevanda energetica senza sapore, questo prodotto ha molti altri usi. Torq Energy Organic, spesso definito dai nostri clienti e allenatori come &quot;la caloria invisibile&quot;, \u00e8 il prodotto ideale per aumentare l&#039;assunzione di carboidrati nei momenti in cui il corpo \u00e8 sottoposto ad un elevato stress da allenamento o \u00e8 necessario un carico di carboidrati per raggiungere il picco per un evento. A volte (ad esempio nei campi di allenamento o nelle gare a tappe) \u00e8 semplicemente impossibile consumare la quantit\u00e0 di calorie di carboidrati necessarie e TORQ Energy Organic rende questa sfida molto pi\u00f9 semplice. Ci\u00f2 pu\u00f2 essere ottenuto in diversi modi:<\/p>\n<p><strong><em>*Prepara una ricca bevanda energetica<\/em><\/strong>: Poich\u00e9 TORQ Energy Organic \u00e8 praticamente insapore, \u00e8 possibile mescolare una bevanda energetica altamente concentrata e, se lo si desidera, aggiungere un po&#039; di succo concentrato (zucca) per aromatizzarla. TORQ Energy ha la densit\u00e0 dello zucchero, ma non si avvicina affatto alla dolcezza o all&#039;osmolalit\u00e0 intestinale, rendendo le alte concentrazioni di carboidrati facili da gestire.<\/p>\n<p><strong><em>*Aggiungi a t\u00e8, caff\u00e8 o zuppa<\/em><\/strong>: Ancora una volta, la natura insapore di TORQ Energy Organic offre un altissimo grado di versatilit\u00e0. Quantit\u00e0 significative di polvere possono essere aggiunte a t\u00e8, caff\u00e8 e zuppe con un effetto appena riconoscibile sul gusto. Con le zuppe, TORQ Energy Organic pu\u00f2 effettivamente aumentare il sapore e aggiungere ulteriore spessore\/corpo.<\/p>\n<p><em><strong>*<\/strong><strong>Aggiungere a salse, porridge o crema pasticcera<\/strong><\/em>: In TORQ la chiamiamo &quot;crema pasticcera bionica&quot; perch\u00e9 la crema pasticcera normale \u00e8 comunque piuttosto ricca di carboidrati, ma aggiungi qualche misurino di TORQ Energy Organic alla tua porzione e avr\u00e0 un sapore ancora migliore e migliorer\u00e0 la consistenza. Allo stesso modo, questa polvere pu\u00f2 essere aggiunta a salse saporite che normalmente mangeresti con riso o pasta, dove il prodotto \u00e8 davvero all&#039;altezza della sua reputazione di &quot;calorie invisibili&quot;.<\/p>\n<p><em><strong>*<\/strong><strong>Aggiungi a qualsiasi ricetta dolce o salata<\/strong><\/em>: Che tu stia preparando torte, frittelle o pancake, c&#039;\u00e8 sempre spazio per spremere un po&#039; di energia extra. Aggiungi semplicemente un po&#039; di TORQ Energy Organic alla ricetta: non \u00e8 necessario modificarla e con un po&#039; di pratica puoi mettere a punto la giusta quantit\u00e0.<\/p>\n<p><em><strong>*<\/strong><strong>Cospargere su tutto<\/strong><\/em>: Che si tratti di cereali per la colazione o di curry, il limite \u00e8 la tua immaginazione!<\/p>\n<h3>Uso del prodotto<\/h3>\n<p>*Tutte le bustine sono dotate di misurino.<\/p>\n<p>1 misurino raso di TORQ Energy Organic contiene 15 grammi di polvere, che corrisponde a 60 kCal di carboidrati.<\/p>\n<p>Se stai preparando una bevanda energetica senza sapore, aggiungi 1 misurino raso di TORQ Energy Organic per 250 ml di acqua. Per una bottiglia da 500 ml sarebbero 2 misurini e per una bottiglia da 750 ml sarebbero 3 e cos\u00ec via. Questo crea una miscela isotonica, ma puoi sperimentare miscele pi\u00f9 forti nei climi pi\u00f9 freddi quando l&#039;idratazione non \u00e8 cos\u00ec importante. Se lo si desidera, aggiungere del succo concentrato di frutta (zucca) per aromatizzare la bevanda. Aggiungere sempre la polvere all&#039;acqua e non l&#039;acqua alla polvere. Riempire la bottiglia per met\u00e0 con acqua, aggiungere la polvere, agitare bene lasciando spazio all&#039;aria, quindi rabboccare con acqua e agitare nuovamente. TORQ Energy Organic \u00e8 ora pronto da bere.<\/p>\n<p>Se stai utilizzando TORQ Energy Organic come caloria invisibile per aumentare il contenuto di carboidrati di bevande\/alimenti, ti lasciamo sperimentare, ma per ottenere i migliori risultati, ricordati di aggiungere la polvere all&#039;acqua se stai preparando una bevanda energetica forte. Con bevande calde e altre ricette riscaldate si fonder\u00e0 facilmente se mescolato.<\/p>\n<p>*Le bevande energetiche TORQ sono VEGANE<\/p>","protected":false},"excerpt":{"rendered":"<p>Caratteristiche salienti del prodotto:<\/p>\n<ul>\n<li>Polvere di carboidrati complessi<\/li>\n<li>Molto versatile<\/li>\n<li>Praticamente insapore<\/li>\n<li>La &quot;caloria invisibile&quot;<\/li>\n<li>Utilizzare come bevanda energetica insapore<\/li>\n<li>Aumentare il contenuto di carboidrati del cibo<\/li>\n<li>Parte del sistema di recupero TORQ<\/li>\n<\/ul>","protected":false},"featured_media":38901,"template":"","meta":{"_monsterinsights_skip_tracking":false,"_monsterinsights_sitenote_active":false,"_monsterinsights_sitenote_note":"","_monsterinsights_sitenote_category":0},"product_brand":[],"product_cat":[30,32,36,41,15],"product_tag":[],"class_list":{"0":"post-487","1":"product","2":"type-product","3":"status-publish","4":"has-post-thumbnail","6":"product_cat-fuelling-system","7":"product_cat-hydration","8":"product_cat-torq-energy-drink","9":"product_cat-torq-energy-drink-hydration","10":"product_cat-torq-sportvoeding","12":"first","13":"instock","14":"taxable","15":"shipping-taxable","16":"purchasable","17":"product-type-simple"},"yoast_head":"<!-- This site is optimized with the Yoast SEO plugin v27.5 - https:\/\/yoast.com\/product\/yoast-seo-wordpress\/ -->\n<title>Energy Drink Natural Organic 500 gr - E-Power<\/title>\n<meta name=\"description\" content=\"TORQ Energy Drink maakt deel uit van het TORQ Fueling System en kan dus naast TORQ&#039;s energiegels, repen en kauwsnacks worden gebruikt\" \/>\n<meta name=\"robots\" content=\"index, follow, max-snippet:-1, max-image-preview:large, max-video-preview:-1\" \/>\n<link rel=\"canonical\" href=\"https:\/\/www.torq.nl\/it\/prodotto\/energy-drink-natural-organic-500-gr\/\" \/>\n<meta property=\"og:locale\" content=\"it_IT\" \/>\n<meta property=\"og:type\" content=\"article\" \/>\n<meta property=\"og:title\" content=\"Energy Drink Natural Organic 500 gr - E-Power\" \/>\n<meta property=\"og:description\" content=\"TORQ Energy Drink maakt deel uit van het TORQ Fueling System en kan dus naast TORQ&#039;s energiegels, repen en kauwsnacks worden gebruikt\" \/>\n<meta property=\"og:url\" content=\"https:\/\/www.torq.nl\/it\/prodotto\/energy-drink-natural-organic-500-gr\/\" \/>\n<meta property=\"og:site_name\" content=\"E-Power\" \/>\n<meta property=\"article:publisher\" content=\"https:\/\/www.facebook.com\/epowersport\/\" \/>\n<meta property=\"article:modified_time\" content=\"2025-11-22T15:29:40+00:00\" \/>\n<meta property=\"og:image\" content=\"https:\/\/www.torq.nl\/wp-content\/uploads\/2021\/07\/NatOrganic-min-scaled.png\" \/>\n\t<meta property=\"og:image:width\" content=\"2560\" \/>\n\t<meta property=\"og:image:height\" content=\"2560\" \/>\n\t<meta property=\"og:image:type\" content=\"image\/png\" \/>\n<meta name=\"twitter:card\" content=\"summary_large_image\" \/>\n<meta name=\"twitter:site\" content=\"@foodgroupbv\" \/>\n<meta name=\"twitter:label1\" content=\"Tempo di lettura stimato\" \/>\n\t<meta name=\"twitter:data1\" content=\"4 minuti\" \/>\n<script type=\"application\/ld+json\" class=\"yoast-schema-graph\">{\"@context\":\"https:\\\/\\\/schema.org\",\"@graph\":[{\"@type\":\"WebPage\",\"@id\":\"https:\\\/\\\/www.torq.nl\\\/product\\\/energy-drink-natural-organic-500-gr\\\/\",\"url\":\"https:\\\/\\\/www.torq.nl\\\/product\\\/energy-drink-natural-organic-500-gr\\\/\",\"name\":\"Energy Drink Natural Organic 500 gr - E-Power\",\"isPartOf\":{\"@id\":\"https:\\\/\\\/www.torq.nl\\\/#website\"},\"primaryImageOfPage\":{\"@id\":\"https:\\\/\\\/www.torq.nl\\\/product\\\/energy-drink-natural-organic-500-gr\\\/#primaryimage\"},\"image\":{\"@id\":\"https:\\\/\\\/www.torq.nl\\\/product\\\/energy-drink-natural-organic-500-gr\\\/#primaryimage\"},\"thumbnailUrl\":\"https:\\\/\\\/www.torq.nl\\\/wp-content\\\/uploads\\\/2021\\\/07\\\/NatOrganic-min-scaled.png\",\"datePublished\":\"2021-07-09T06:58:43+00:00\",\"dateModified\":\"2025-11-22T15:29:40+00:00\",\"description\":\"TORQ Energy Drink maakt deel uit van het TORQ Fueling System en kan dus naast TORQ's energiegels, repen en kauwsnacks worden gebruikt\",\"breadcrumb\":{\"@id\":\"https:\\\/\\\/www.torq.nl\\\/product\\\/energy-drink-natural-organic-500-gr\\\/#breadcrumb\"},\"inLanguage\":\"it-IT\",\"potentialAction\":[{\"@type\":\"ReadAction\",\"target\":[\"https:\\\/\\\/www.torq.nl\\\/product\\\/energy-drink-natural-organic-500-gr\\\/\"]}]},{\"@type\":\"ImageObject\",\"inLanguage\":\"it-IT\",\"@id\":\"https:\\\/\\\/www.torq.nl\\\/product\\\/energy-drink-natural-organic-500-gr\\\/#primaryimage\",\"url\":\"https:\\\/\\\/www.torq.nl\\\/wp-content\\\/uploads\\\/2021\\\/07\\\/NatOrganic-min-scaled.png\",\"contentUrl\":\"https:\\\/\\\/www.torq.nl\\\/wp-content\\\/uploads\\\/2021\\\/07\\\/NatOrganic-min-scaled.png\",\"width\":2560,\"height\":2560,\"caption\":\"NatOrganic Energy Drink 500 gram\"},{\"@type\":\"BreadcrumbList\",\"@id\":\"https:\\\/\\\/www.torq.nl\\\/product\\\/energy-drink-natural-organic-500-gr\\\/#breadcrumb\",\"itemListElement\":[{\"@type\":\"ListItem\",\"position\":1,\"name\":\"Home\",\"item\":\"https:\\\/\\\/www.torq.nl\\\/home\\\/\"},{\"@type\":\"ListItem\",\"position\":2,\"name\":\"Winkel\",\"item\":\"https:\\\/\\\/www.torq.nl\\\/it\\\/winkel\\\/\"},{\"@type\":\"ListItem\",\"position\":3,\"name\":\"Energy Drink Natural Organic 500 gr\"}]},{\"@type\":\"WebSite\",\"@id\":\"https:\\\/\\\/www.torq.nl\\\/#website\",\"url\":\"https:\\\/\\\/www.torq.nl\\\/\",\"name\":\"E-Power\",\"description\":\"Officieel Torq dealer Benelux\",\"publisher\":{\"@id\":\"https:\\\/\\\/www.torq.nl\\\/#organization\"},\"potentialAction\":[{\"@type\":\"SearchAction\",\"target\":{\"@type\":\"EntryPoint\",\"urlTemplate\":\"https:\\\/\\\/www.torq.nl\\\/?s={search_term_string}\"},\"query-input\":{\"@type\":\"PropertyValueSpecification\",\"valueRequired\":true,\"valueName\":\"search_term_string\"}}],\"inLanguage\":\"it-IT\"},{\"@type\":\"Organization\",\"@id\":\"https:\\\/\\\/www.torq.nl\\\/#organization\",\"name\":\"E-Power\",\"url\":\"https:\\\/\\\/www.torq.nl\\\/\",\"logo\":{\"@type\":\"ImageObject\",\"inLanguage\":\"it-IT\",\"@id\":\"https:\\\/\\\/www.torq.nl\\\/#\\\/schema\\\/logo\\\/image\\\/\",\"url\":\"https:\\\/\\\/www.torq.nl\\\/wp-content\\\/uploads\\\/2021\\\/04\\\/Logo-epower.png\",\"contentUrl\":\"https:\\\/\\\/www.torq.nl\\\/wp-content\\\/uploads\\\/2021\\\/04\\\/Logo-epower.png\",\"width\":506,\"height\":200,\"caption\":\"E-Power\"},\"image\":{\"@id\":\"https:\\\/\\\/www.torq.nl\\\/#\\\/schema\\\/logo\\\/image\\\/\"},\"sameAs\":[\"https:\\\/\\\/www.facebook.com\\\/epowersport\\\/\",\"https:\\\/\\\/x.com\\\/foodgroupbv\"]}]}<\/script>\n<!-- \/ Yoast SEO plugin. -->","yoast_head_json":{"title":"Energy Drink Natural Organic 500 gr - E-Power","description":"TORQ Energy Drink maakt deel uit van het TORQ Fueling System en kan dus naast TORQ's energiegels, repen en kauwsnacks worden gebruikt","robots":{"index":"index","follow":"follow","max-snippet":"max-snippet:-1","max-image-preview":"max-image-preview:large","max-video-preview":"max-video-preview:-1"},"canonical":"https:\/\/www.torq.nl\/it\/prodotto\/energy-drink-natural-organic-500-gr\/","og_locale":"it_IT","og_type":"article","og_title":"Energy Drink Natural Organic 500 gr - E-Power","og_description":"TORQ Energy Drink maakt deel uit van het TORQ Fueling System en kan dus naast TORQ's energiegels, repen en kauwsnacks worden gebruikt","og_url":"https:\/\/www.torq.nl\/it\/prodotto\/energy-drink-natural-organic-500-gr\/","og_site_name":"E-Power","article_publisher":"https:\/\/www.facebook.com\/epowersport\/","article_modified_time":"2025-11-22T15:29:40+00:00","og_image":[{"width":2560,"height":2560,"url":"https:\/\/www.torq.nl\/wp-content\/uploads\/2021\/07\/NatOrganic-min-scaled.png","type":"image\/png"}],"twitter_card":"summary_large_image","twitter_site":"@foodgroupbv","twitter_misc":{"Tempo di lettura stimato":"4 minuti"},"schema":{"@context":"https:\/\/schema.org","@graph":[{"@type":"WebPage","@id":"https:\/\/www.torq.nl\/product\/energy-drink-natural-organic-500-gr\/","url":"https:\/\/www.torq.nl\/product\/energy-drink-natural-organic-500-gr\/","name":"Energy Drink Natural Organic 500 gr - E-Power","isPartOf":{"@id":"https:\/\/www.torq.nl\/#website"},"primaryImageOfPage":{"@id":"https:\/\/www.torq.nl\/product\/energy-drink-natural-organic-500-gr\/#primaryimage"},"image":{"@id":"https:\/\/www.torq.nl\/product\/energy-drink-natural-organic-500-gr\/#primaryimage"},"thumbnailUrl":"https:\/\/www.torq.nl\/wp-content\/uploads\/2021\/07\/NatOrganic-min-scaled.png","datePublished":"2021-07-09T06:58:43+00:00","dateModified":"2025-11-22T15:29:40+00:00","description":"TORQ Energy Drink maakt deel uit van het TORQ Fueling System en kan dus naast TORQ's energiegels, repen en kauwsnacks worden gebruikt","breadcrumb":{"@id":"https:\/\/www.torq.nl\/product\/energy-drink-natural-organic-500-gr\/#breadcrumb"},"inLanguage":"it-IT","potentialAction":[{"@type":"ReadAction","target":["https:\/\/www.torq.nl\/product\/energy-drink-natural-organic-500-gr\/"]}]},{"@type":"ImageObject","inLanguage":"it-IT","@id":"https:\/\/www.torq.nl\/product\/energy-drink-natural-organic-500-gr\/#primaryimage","url":"https:\/\/www.torq.nl\/wp-content\/uploads\/2021\/07\/NatOrganic-min-scaled.png","contentUrl":"https:\/\/www.torq.nl\/wp-content\/uploads\/2021\/07\/NatOrganic-min-scaled.png","width":2560,"height":2560,"caption":"NatOrganic Energy Drink 500 gram"},{"@type":"BreadcrumbList","@id":"https:\/\/www.torq.nl\/product\/energy-drink-natural-organic-500-gr\/#breadcrumb","itemListElement":[{"@type":"ListItem","position":1,"name":"Home","item":"https:\/\/www.torq.nl\/home\/"},{"@type":"ListItem","position":2,"name":"Winkel","item":"https:\/\/www.torq.nl\/it\/winkel\/"},{"@type":"ListItem","position":3,"name":"Energy Drink Natural Organic 500 gr"}]},{"@type":"WebSite","@id":"https:\/\/www.torq.nl\/#website","url":"https:\/\/www.torq.nl\/","name":"E-Power","description":"Rivenditore ufficiale Torq Benelux","publisher":{"@id":"https:\/\/www.torq.nl\/#organization"},"potentialAction":[{"@type":"SearchAction","target":{"@type":"EntryPoint","urlTemplate":"https:\/\/www.torq.nl\/?s={search_term_string}"},"query-input":{"@type":"PropertyValueSpecification","valueRequired":true,"valueName":"search_term_string"}}],"inLanguage":"it-IT"},{"@type":"Organization","@id":"https:\/\/www.torq.nl\/#organization","name":"E-Power","url":"https:\/\/www.torq.nl\/","logo":{"@type":"ImageObject","inLanguage":"it-IT","@id":"https:\/\/www.torq.nl\/#\/schema\/logo\/image\/","url":"https:\/\/www.torq.nl\/wp-content\/uploads\/2021\/04\/Logo-epower.png","contentUrl":"https:\/\/www.torq.nl\/wp-content\/uploads\/2021\/04\/Logo-epower.png","width":506,"height":200,"caption":"E-Power"},"image":{"@id":"https:\/\/www.torq.nl\/#\/schema\/logo\/image\/"},"sameAs":["https:\/\/www.facebook.com\/epowersport\/","https:\/\/x.com\/foodgroupbv"]}]}},"_links":{"self":[{"href":"https:\/\/www.torq.nl\/it\/wp-json\/wp\/v2\/product\/487","targetHints":{"allow":["GET"]}}],"collection":[{"href":"https:\/\/www.torq.nl\/it\/wp-json\/wp\/v2\/product"}],"about":[{"href":"https:\/\/www.torq.nl\/it\/wp-json\/wp\/v2\/types\/product"}],"wp:featuredmedia":[{"embeddable":true,"href":"https:\/\/www.torq.nl\/it\/wp-json\/wp\/v2\/media\/38901"}],"wp:attachment":[{"href":"https:\/\/www.torq.nl\/it\/wp-json\/wp\/v2\/media?parent=487"}],"wp:term":[{"taxonomy":"product_brand","embeddable":true,"href":"https:\/\/www.torq.nl\/it\/wp-json\/wp\/v2\/product_brand?post=487"},{"taxonomy":"product_cat","embeddable":true,"href":"https:\/\/www.torq.nl\/it\/wp-json\/wp\/v2\/product_cat?post=487"},{"taxonomy":"product_tag","embeddable":true,"href":"https:\/\/www.torq.nl\/it\/wp-json\/wp\/v2\/product_tag?post=487"}],"curies":[{"name":"wp","href":"https:\/\/api.w.org\/{rel}","templated":true}]}}