{"id":5028,"date":"2023-01-21T11:31:43","date_gmt":"2023-01-21T10:31:43","guid":{"rendered":"https:\/\/www.e-powersport.eu\/?post_type=product&#038;p=5028"},"modified":"2026-04-04T11:02:42","modified_gmt":"2026-04-04T09:02:42","slug":"hydration-red-berries-540-gr","status":"publish","type":"product","link":"https:\/\/www.torq.nl\/it\/prodotto\/hydration-red-berries-540-gr\/","title":{"rendered":"Idratazione Bacche Rosse 540 gr"},"content":{"rendered":"<p>TORQ Hydration Drink utilizza meccanismi di trasporto passivi e facilitati per ottimizzare l&#039;erogazione di liquidi ed elettroliti. La formulazione ipotonica risponde al processo di trasporto passivo, mentre l&#039;alto contenuto di sodio e il lieve contenuto di glucosio guidano l&#039;attivit\u00e0 di trasporto facilitata. Ci\u00f2 rende TORQ Hydration Drink il prodotto di idratazione pi\u00f9 completo ed efficace oggi sul mercato, con vantaggi significativi rispetto alle compresse elettrolitiche.<\/p>\n<p>La formulazione ipotonica avanzata di TORQ Hydration Drink \u00e8 specificamente mirata a ottimizzare l&#039;idratazione laddove eventi\/sessioni durano non pi\u00f9 di un&#039;ora e \u00e8 prevista una forte perdita di sudore. Le attivit\u00e0 di allenamento indoor come Zwift, Sufferfest e lo studio cycling per ciclisti e altri corsi di allenamento indoor come body pump e circuit training sono buoni esempi. TORQ Hydration Drink pu\u00f2 essere utilizzato anche come parte del TORQ Fuel System durante eventi pi\u00f9 lunghi come alternativa a TORQ Energy Drink ed \u00e8 una scelta popolare tra i corridori che possono combinarlo con TORQ Gel per soddisfare le loro esigenze di carburante e idratazione.<\/p>\n<h3>Uso del prodotto<\/h3>\n<p>Il contenuto di una bustina o di un misurino monolivello di polvere TORQ Hydration Drink costituisce una bevanda da 500 ml. TORQ Hydration Drink si mescola molto facilmente, ma se utilizzi una bottiglia da 500 ml, assicurati di lasciare una piccola quantit\u00e0 di spazio d&#039;aria per facilitare la miscelazione. Agitare vigorosamente e aggiungere acqua per ottenere 500 ml. Non aggiungere acqua alla polvere, aggiungere la polvere all&#039;acqua. TORQ Hydration \u00e8 ora pronto da bere.<\/p>\n<h3>Sistema di alimentazione TORQ<\/h3>\n<p>Poich\u00e9 TORQ Hydration Drink ha un contenuto di carboidrati molto basso, \u00e8 letteralmente impossibile riempirlo eccessivamente. Per raggiungere un apporto di 90 g di carboidrati all&#039;ora tramite il solo TORQ Hydration Drink, dovresti bere ben 3 litri! Sarebbe raro dover consumare pi\u00f9 di un litro di liquidi all&#039;ora nella maggior parte degli ambienti di resistenza e poich\u00e9 sappiamo che un litro di TORQ Hydration Drink fornir\u00e0 30 g di carboidrati, un approccio valido al rifornimento quando si utilizza TORQ Hydration Drink sarebbe quello di Consumare 2 unit\u00e0 TORQ concentrate aggiuntive all&#039;ora (gel, barrette o masticazioni TORQ Energy). In altre parole, puoi impostare un promemoria sul tuo orologio o telefono che emetta un segnale acustico ogni 30 minuti, a quel punto consumerai un gel, una barretta o una masticazione. La tua idratazione sarebbe quindi un&#039;entit\u00e0 separata e berresti semplicemente TORQ Hydration ogni volta che hai sete.<\/p>\n<p>Il consumo di 1 litro di idratazione TORQ insieme a un&#039;unit\u00e0 di serbatoio concentrata ogni 30 minuti ti fornirebbe i 90 g ottimali di carboidrati all&#039;ora (3 unit\u00e0 TORQ).<\/p>\n<p>Se bevessi solo 500 ml di TORQ Hydration in un&#039;ora, utilizzando questo approccio assumeresti 75 g di carboidrati all&#039;ora, ma questo \u00e8 comunque un ottimo livello di rifornimento. Sarebbe ancora nell&#039;intervallo di 2-3 unit\u00e0 TORQ all&#039;ora e ti collocherebbe da qualche parte tra Intermedio e Avanzato sulla scala &quot;Facile come 1 2 3&quot;, sistema di alimentazione TORQ.<\/p>\n<p>In condizioni particolarmente calde, se consumi fino a 1,5 litri di fluido all&#039;ora, puoi facilmente ridurre l&#039;assunzione concentrata di carburante a 1 unit\u00e0 TORQ ogni 45 minuti. Ci\u00f2 ti fornirebbe circa 70 g di carboidrati all&#039;ora, riportandoti nell&#039;intervallo di 2-3 unit\u00e0 TORQ all&#039;ora.<\/p>\n<p>Per i corridori consigliamo di adattare il sistema di alimentazione TORQ in questo modo e di utilizzare acqua naturale o idratazione TORQ in combinazione con un&#039;assunzione regolare di gel energetici TORQ poich\u00e9 ci\u00f2 consente di assumere acqua nelle stazioni di alimentazione durante gli eventi per soddisfare le proprie esigenze di idratazione garantendo al tempo stesso portare a bordo la giusta quantit\u00e0 di carburante. TORQ Hydration \u00e8 disponibile sotto forma di bustine e pu\u00f2 essere aggiunto a una bottiglia d&#039;acqua da 500 ml presso una stazione di alimentazione quando i tassi di sudorazione sono particolarmente elevati e la necessit\u00e0 di assunzione di elettroliti diventa significativa.<\/p>\n<p>Per i ciclisti o coloro che partecipano ad altri sport di resistenza, non c&#039;\u00e8 motivo per cui non si possa utilizzare anche questo sistema: il bello del sistema di rifornimento TORQ \u00e8 che \u00e8 estremamente adattivo e i prodotti che porti a bordo per alimentarti per fornire e idratare, a seconda delle preferenze. Basta attenersi ai principi fondamentali e scegliere i prodotti che si preferisce utilizzare.<\/p>\n<p>*TORQ Hydration Drink \u00e8 VEGANO<\/p>","protected":false},"excerpt":{"rendered":"<p>TORQ Hydration \u00e8 una miscela di bevande idratanti delicate e leggermente aromatizzate. Il nostro prodotto Performance Hydration \u00e8 formulato per ottimizzare l&#039;erogazione di liquidi ed elettroliti sopra qualsiasi altro fattore.<\/p>\n<p>Caratteristiche salienti del prodotto:<\/p>\n<ul>\n<li>Superiore alle compresse elettrolitiche<\/li>\n<li>Idratazione pi\u00f9 rapida possibile<\/li>\n<li>Profilo ipotonico con 5 elettroliti<\/li>\n<li>Prodotto specializzato per l&#039;allenamento indoor<\/li>\n<li>Perfetto per Zwift o lezioni di spinning<\/li>\n<\/ul>","protected":false},"featured_media":39919,"template":"","meta":{"_monsterinsights_skip_tracking":false,"_monsterinsights_sitenote_active":false,"_monsterinsights_sitenote_note":"","_monsterinsights_sitenote_category":0},"product_brand":[],"product_cat":[32,43,15],"product_tag":[],"class_list":{"0":"post-5028","1":"product","2":"type-product","3":"status-publish","4":"has-post-thumbnail","6":"product_cat-hydration","7":"product_cat-torq-hydration-drink","8":"product_cat-torq-sportvoeding","10":"first","11":"instock","12":"taxable","13":"shipping-taxable","14":"purchasable","15":"product-type-simple"},"yoast_head":"<!-- This site is optimized with the Yoast SEO plugin v27.2 - https:\/\/yoast.com\/product\/yoast-seo-wordpress\/ -->\n<title>Hydration Red Berries 540 gr - E-Power<\/title>\n<meta name=\"description\" content=\"TORQ Hydration Drink maakt gebruik van passieve en gefaciliteerde transportmechanismen om de vloeistof- en elektrolytafgifte te optimaliseren. De hypotone formulering speelt in op het passieve transportproces, terwijl het hoge natrium- en milde glucosegehalte de gefaciliteerde transportactiviteit stimuleert. Dit maakt TORQ Hydration Drink het meest grondige en effectieve hydratatieproduct dat momenteel op de markt is, met aanzienlijke voordelen ten opzichte van elektrolyttabletten.\" \/>\n<meta name=\"robots\" content=\"index, follow, max-snippet:-1, max-image-preview:large, max-video-preview:-1\" \/>\n<link rel=\"canonical\" href=\"https:\/\/www.torq.nl\/it\/prodotto\/hydration-red-berries-540-gr\/\" \/>\n<meta property=\"og:locale\" content=\"it_IT\" \/>\n<meta property=\"og:type\" content=\"article\" \/>\n<meta property=\"og:title\" content=\"Hydration Red Berries 540 gr - E-Power\" \/>\n<meta property=\"og:description\" content=\"TORQ Hydration Drink maakt gebruik van passieve en gefaciliteerde transportmechanismen om de vloeistof- en elektrolytafgifte te optimaliseren. De hypotone formulering speelt in op het passieve transportproces, terwijl het hoge natrium- en milde glucosegehalte de gefaciliteerde transportactiviteit stimuleert. Dit maakt TORQ Hydration Drink het meest grondige en effectieve hydratatieproduct dat momenteel op de markt is, met aanzienlijke voordelen ten opzichte van elektrolyttabletten.\" \/>\n<meta property=\"og:url\" content=\"https:\/\/www.torq.nl\/it\/prodotto\/hydration-red-berries-540-gr\/\" \/>\n<meta property=\"og:site_name\" content=\"E-Power\" \/>\n<meta property=\"article:publisher\" content=\"https:\/\/www.facebook.com\/epowersport\/\" \/>\n<meta property=\"article:modified_time\" content=\"2026-04-04T09:02:42+00:00\" \/>\n<meta property=\"og:image\" content=\"https:\/\/www.torq.nl\/wp-content\/uploads\/2023\/01\/TORQ-Hydration-Drink-540g-Red-Berries.png\" \/>\n\t<meta property=\"og:image:width\" content=\"1200\" \/>\n\t<meta property=\"og:image:height\" content=\"1200\" \/>\n\t<meta property=\"og:image:type\" content=\"image\/png\" \/>\n<meta name=\"twitter:card\" content=\"summary_large_image\" \/>\n<meta name=\"twitter:site\" content=\"@foodgroupbv\" \/>\n<meta name=\"twitter:label1\" content=\"Tempo di lettura stimato\" \/>\n\t<meta name=\"twitter:data1\" content=\"4 minuti\" \/>\n<script type=\"application\/ld+json\" class=\"yoast-schema-graph\">{\"@context\":\"https:\/\/schema.org\",\"@graph\":[{\"@type\":\"WebPage\",\"@id\":\"https:\/\/www.torq.nl\/product\/hydration-red-berries-540-gr\/\",\"url\":\"https:\/\/www.torq.nl\/product\/hydration-red-berries-540-gr\/\",\"name\":\"Hydration Red Berries 540 gr - E-Power\",\"isPartOf\":{\"@id\":\"https:\/\/www.torq.nl\/#website\"},\"primaryImageOfPage\":{\"@id\":\"https:\/\/www.torq.nl\/product\/hydration-red-berries-540-gr\/#primaryimage\"},\"image\":{\"@id\":\"https:\/\/www.torq.nl\/product\/hydration-red-berries-540-gr\/#primaryimage\"},\"thumbnailUrl\":\"https:\/\/www.torq.nl\/wp-content\/uploads\/2023\/01\/TORQ-Hydration-Drink-540g-Red-Berries.png\",\"datePublished\":\"2023-01-21T10:31:43+00:00\",\"dateModified\":\"2026-04-04T09:02:42+00:00\",\"description\":\"TORQ Hydration Drink maakt gebruik van passieve en gefaciliteerde transportmechanismen om de vloeistof- en elektrolytafgifte te optimaliseren. De hypotone formulering speelt in op het passieve transportproces, terwijl het hoge natrium- en milde glucosegehalte de gefaciliteerde transportactiviteit stimuleert. Dit maakt TORQ Hydration Drink het meest grondige en effectieve hydratatieproduct dat momenteel op de markt is, met aanzienlijke voordelen ten opzichte van elektrolyttabletten.\",\"breadcrumb\":{\"@id\":\"https:\/\/www.torq.nl\/product\/hydration-red-berries-540-gr\/#breadcrumb\"},\"inLanguage\":\"it-IT\",\"potentialAction\":[{\"@type\":\"ReadAction\",\"target\":[\"https:\/\/www.torq.nl\/product\/hydration-red-berries-540-gr\/\"]}]},{\"@type\":\"ImageObject\",\"inLanguage\":\"it-IT\",\"@id\":\"https:\/\/www.torq.nl\/product\/hydration-red-berries-540-gr\/#primaryimage\",\"url\":\"https:\/\/www.torq.nl\/wp-content\/uploads\/2023\/01\/TORQ-Hydration-Drink-540g-Red-Berries.png\",\"contentUrl\":\"https:\/\/www.torq.nl\/wp-content\/uploads\/2023\/01\/TORQ-Hydration-Drink-540g-Red-Berries.png\",\"width\":1200,\"height\":1200},{\"@type\":\"BreadcrumbList\",\"@id\":\"https:\/\/www.torq.nl\/product\/hydration-red-berries-540-gr\/#breadcrumb\",\"itemListElement\":[{\"@type\":\"ListItem\",\"position\":1,\"name\":\"Home\",\"item\":\"https:\/\/www.torq.nl\/home\/\"},{\"@type\":\"ListItem\",\"position\":2,\"name\":\"Winkel\",\"item\":\"https:\/\/www.torq.nl\/it\/winkel\/\"},{\"@type\":\"ListItem\",\"position\":3,\"name\":\"Hydration Red Berries 540 gr\"}]},{\"@type\":\"WebSite\",\"@id\":\"https:\/\/www.torq.nl\/#website\",\"url\":\"https:\/\/www.torq.nl\/\",\"name\":\"E-Power\",\"description\":\"Officieel Torq dealer Benelux\",\"publisher\":{\"@id\":\"https:\/\/www.torq.nl\/#organization\"},\"potentialAction\":[{\"@type\":\"SearchAction\",\"target\":{\"@type\":\"EntryPoint\",\"urlTemplate\":\"https:\/\/www.torq.nl\/?s={search_term_string}\"},\"query-input\":{\"@type\":\"PropertyValueSpecification\",\"valueRequired\":true,\"valueName\":\"search_term_string\"}}],\"inLanguage\":\"it-IT\"},{\"@type\":\"Organization\",\"@id\":\"https:\/\/www.torq.nl\/#organization\",\"name\":\"E-Power\",\"url\":\"https:\/\/www.torq.nl\/\",\"logo\":{\"@type\":\"ImageObject\",\"inLanguage\":\"it-IT\",\"@id\":\"https:\/\/www.torq.nl\/#\/schema\/logo\/image\/\",\"url\":\"https:\/\/www.torq.nl\/wp-content\/uploads\/2021\/04\/Logo-epower.png\",\"contentUrl\":\"https:\/\/www.torq.nl\/wp-content\/uploads\/2021\/04\/Logo-epower.png\",\"width\":506,\"height\":200,\"caption\":\"E-Power\"},\"image\":{\"@id\":\"https:\/\/www.torq.nl\/#\/schema\/logo\/image\/\"},\"sameAs\":[\"https:\/\/www.facebook.com\/epowersport\/\",\"https:\/\/x.com\/foodgroupbv\"]}]}<\/script>\n<!-- \/ Yoast SEO plugin. -->","yoast_head_json":{"title":"Hydration Red Berries 540 gr - E-Power","description":"TORQ Hydration Drink utilizza meccanismi di trasporto passivi e facilitati per ottimizzare l&#039;erogazione di liquidi ed elettroliti. La formulazione ipotonica interviene nel processo di trasporto passivo, mentre l&#039;alto contenuto di sodio e un lieve contenuto di glucosio stimola l&#039;attivit\u00e0 di trasporto facilitato. Ci\u00f2 rende TORQ Hydration Drink il prodotto idratante pi\u00f9 completo ed efficace oggi sul mercato, con vantaggi significativi rispetto alle compresse di elettroliti.","robots":{"index":"index","follow":"follow","max-snippet":"max-snippet:-1","max-image-preview":"max-image-preview:large","max-video-preview":"max-video-preview:-1"},"canonical":"https:\/\/www.torq.nl\/it\/prodotto\/hydration-red-berries-540-gr\/","og_locale":"it_IT","og_type":"article","og_title":"Hydration Red Berries 540 gr - E-Power","og_description":"TORQ Hydration Drink maakt gebruik van passieve en gefaciliteerde transportmechanismen om de vloeistof- en elektrolytafgifte te optimaliseren. De hypotone formulering speelt in op het passieve transportproces, terwijl het hoge natrium- en milde glucosegehalte de gefaciliteerde transportactiviteit stimuleert. Dit maakt TORQ Hydration Drink het meest grondige en effectieve hydratatieproduct dat momenteel op de markt is, met aanzienlijke voordelen ten opzichte van elektrolyttabletten.","og_url":"https:\/\/www.torq.nl\/it\/prodotto\/hydration-red-berries-540-gr\/","og_site_name":"E-Power","article_publisher":"https:\/\/www.facebook.com\/epowersport\/","article_modified_time":"2026-04-04T09:02:42+00:00","og_image":[{"width":1200,"height":1200,"url":"https:\/\/www.torq.nl\/wp-content\/uploads\/2023\/01\/TORQ-Hydration-Drink-540g-Red-Berries.png","type":"image\/png"}],"twitter_card":"summary_large_image","twitter_site":"@foodgroupbv","twitter_misc":{"Tempo di lettura stimato":"4 minuti"},"schema":{"@context":"https:\/\/schema.org","@graph":[{"@type":"WebPage","@id":"https:\/\/www.torq.nl\/product\/hydration-red-berries-540-gr\/","url":"https:\/\/www.torq.nl\/product\/hydration-red-berries-540-gr\/","name":"Hydration Red Berries 540 gr - E-Power","isPartOf":{"@id":"https:\/\/www.torq.nl\/#website"},"primaryImageOfPage":{"@id":"https:\/\/www.torq.nl\/product\/hydration-red-berries-540-gr\/#primaryimage"},"image":{"@id":"https:\/\/www.torq.nl\/product\/hydration-red-berries-540-gr\/#primaryimage"},"thumbnailUrl":"https:\/\/www.torq.nl\/wp-content\/uploads\/2023\/01\/TORQ-Hydration-Drink-540g-Red-Berries.png","datePublished":"2023-01-21T10:31:43+00:00","dateModified":"2026-04-04T09:02:42+00:00","description":"TORQ Hydration Drink utilizza meccanismi di trasporto passivi e facilitati per ottimizzare l&#039;erogazione di liquidi ed elettroliti. La formulazione ipotonica interviene nel processo di trasporto passivo, mentre l&#039;alto contenuto di sodio e un lieve contenuto di glucosio stimola l&#039;attivit\u00e0 di trasporto facilitato. Ci\u00f2 rende TORQ Hydration Drink il prodotto idratante pi\u00f9 completo ed efficace oggi sul mercato, con vantaggi significativi rispetto alle compresse di elettroliti.","breadcrumb":{"@id":"https:\/\/www.torq.nl\/product\/hydration-red-berries-540-gr\/#breadcrumb"},"inLanguage":"it-IT","potentialAction":[{"@type":"ReadAction","target":["https:\/\/www.torq.nl\/product\/hydration-red-berries-540-gr\/"]}]},{"@type":"ImageObject","inLanguage":"it-IT","@id":"https:\/\/www.torq.nl\/product\/hydration-red-berries-540-gr\/#primaryimage","url":"https:\/\/www.torq.nl\/wp-content\/uploads\/2023\/01\/TORQ-Hydration-Drink-540g-Red-Berries.png","contentUrl":"https:\/\/www.torq.nl\/wp-content\/uploads\/2023\/01\/TORQ-Hydration-Drink-540g-Red-Berries.png","width":1200,"height":1200},{"@type":"BreadcrumbList","@id":"https:\/\/www.torq.nl\/product\/hydration-red-berries-540-gr\/#breadcrumb","itemListElement":[{"@type":"ListItem","position":1,"name":"Home","item":"https:\/\/www.torq.nl\/home\/"},{"@type":"ListItem","position":2,"name":"Winkel","item":"https:\/\/www.torq.nl\/it\/winkel\/"},{"@type":"ListItem","position":3,"name":"Hydration Red Berries 540 gr"}]},{"@type":"WebSite","@id":"https:\/\/www.torq.nl\/#website","url":"https:\/\/www.torq.nl\/","name":"E-Power","description":"Rivenditore ufficiale Torq Benelux","publisher":{"@id":"https:\/\/www.torq.nl\/#organization"},"potentialAction":[{"@type":"SearchAction","target":{"@type":"EntryPoint","urlTemplate":"https:\/\/www.torq.nl\/?s={search_term_string}"},"query-input":{"@type":"PropertyValueSpecification","valueRequired":true,"valueName":"search_term_string"}}],"inLanguage":"it-IT"},{"@type":"Organization","@id":"https:\/\/www.torq.nl\/#organization","name":"E-Power","url":"https:\/\/www.torq.nl\/","logo":{"@type":"ImageObject","inLanguage":"it-IT","@id":"https:\/\/www.torq.nl\/#\/schema\/logo\/image\/","url":"https:\/\/www.torq.nl\/wp-content\/uploads\/2021\/04\/Logo-epower.png","contentUrl":"https:\/\/www.torq.nl\/wp-content\/uploads\/2021\/04\/Logo-epower.png","width":506,"height":200,"caption":"E-Power"},"image":{"@id":"https:\/\/www.torq.nl\/#\/schema\/logo\/image\/"},"sameAs":["https:\/\/www.facebook.com\/epowersport\/","https:\/\/x.com\/foodgroupbv"]}]}},"_links":{"self":[{"href":"https:\/\/www.torq.nl\/it\/wp-json\/wp\/v2\/product\/5028","targetHints":{"allow":["GET"]}}],"collection":[{"href":"https:\/\/www.torq.nl\/it\/wp-json\/wp\/v2\/product"}],"about":[{"href":"https:\/\/www.torq.nl\/it\/wp-json\/wp\/v2\/types\/product"}],"wp:featuredmedia":[{"embeddable":true,"href":"https:\/\/www.torq.nl\/it\/wp-json\/wp\/v2\/media\/39919"}],"wp:attachment":[{"href":"https:\/\/www.torq.nl\/it\/wp-json\/wp\/v2\/media?parent=5028"}],"wp:term":[{"taxonomy":"product_brand","embeddable":true,"href":"https:\/\/www.torq.nl\/it\/wp-json\/wp\/v2\/product_brand?post=5028"},{"taxonomy":"product_cat","embeddable":true,"href":"https:\/\/www.torq.nl\/it\/wp-json\/wp\/v2\/product_cat?post=5028"},{"taxonomy":"product_tag","embeddable":true,"href":"https:\/\/www.torq.nl\/it\/wp-json\/wp\/v2\/product_tag?post=5028"}],"curies":[{"name":"wp","href":"https:\/\/api.w.org\/{rel}","templated":true}]}}