{"id":595,"date":"2021-07-10T23:34:36","date_gmt":"2021-07-10T21:34:36","guid":{"rendered":"https:\/\/www.e-powersport.eu\/?post_type=product&#038;p=595"},"modified":"2026-04-29T12:12:09","modified_gmt":"2026-04-29T10:12:09","slug":"recovery-banana-mango-500-gr","status":"publish","type":"product","link":"https:\/\/www.torq.nl\/it\/prodotto\/recovery-banana-mango-500-gr\/","title":{"rendered":"Recupero Banana &amp; Mango 500 gr"},"content":{"rendered":"<p>TORQ Recovery Drink \u00e8 progettato per funzionare come parte del sistema di recupero TORQ molto completo e completo. Questo sistema tiene conto del livello di attivit\u00e0 che svolgi e consiglia cumulativamente concetti e prodotti della gamma TORQ che corrispondono al tuo carico fisico.<\/p>\n<p>TORQ Recovery rappresenta questa miscela 3:1 di pi\u00f9 carboidrati trasportabili e proteine del siero di latte di alta qualit\u00e0. La ricerca suggerisce che il consumo di carboidrati politrasportabili e proteine del siero di latte in un rapporto 3:1 insieme subito dopo l&#039;esercizio accelerer\u00e0 la sintesi del glicogeno. In altre parole, il consumo multiplo di proteine del siero di latte, derivati del glucosio e derivati del fruttosio ti aiuter\u00e0 a immagazzinare i carboidrati in modo pi\u00f9 efficace rispetto a qualsiasi altro metodo. La ricerca ha anche dimostrato che le proteine del siero di latte funzionano pi\u00f9 velocemente, sono pi\u00f9 solubili e sono pi\u00f9 facilmente assorbite\/sintetizzate rispetto a qualsiasi altro tipo di proteina, fornendo gli aminoacidi necessari per il recupero muscolare con poco ritardo.<\/p>\n<h3>Banana &amp; Mango<\/h3>\n<p>Ingredienti: latte scremato in polvere (latte), maltodestrina (polimeri di glucosio 28%), fruttosio (19%), L-glutammina (6%), proteine del siero di latte isolate (latte) (4%), D-ribosio (3%), addensante (gomma di tara) , Aromi Naturali (1%), Mix di vitamine e minerali (0.1%)<\/p>","protected":false},"excerpt":{"rendered":"<p>TORQ Recovery Drink \u00e8 una formula di bevanda nutritiva post-esercizio altamente avanzata progettata per reidratare, fare rifornimento, ripristinare e ricaricare la fisiologia stanca dopo un intenso esercizio fisico.<\/p>","protected":false},"featured_media":4459,"template":"","meta":{"_monsterinsights_skip_tracking":false,"_monsterinsights_sitenote_active":false,"_monsterinsights_sitenote_note":"","_monsterinsights_sitenote_category":0},"product_brand":[],"product_cat":[31,45,15],"product_tag":[],"class_list":{"0":"post-595","1":"product","2":"type-product","3":"status-publish","4":"has-post-thumbnail","6":"product_cat-recovery-system","7":"product_cat-torq-recovery-drink","8":"product_cat-torq-sportvoeding","10":"first","11":"outofstock","12":"taxable","13":"shipping-taxable","14":"purchasable","15":"product-type-simple"},"yoast_head":"<!-- This site is optimized with the Yoast SEO plugin v27.5 - https:\/\/yoast.com\/product\/yoast-seo-wordpress\/ -->\n<title>Recovery Banana &amp; Mango 500 gr - E-Power<\/title>\n<meta name=\"description\" content=\"TORQ Recovery Drink is ontworpen om te werken als onderdeel van het zeer uitgebreide en grondige TORQ Recovery System. Dit systeem houdt rekening met...\" \/>\n<meta name=\"robots\" content=\"index, follow, max-snippet:-1, max-image-preview:large, max-video-preview:-1\" \/>\n<link rel=\"canonical\" href=\"https:\/\/www.torq.nl\/it\/prodotto\/recovery-banana-mango-500-gr\/\" \/>\n<meta property=\"og:locale\" content=\"it_IT\" \/>\n<meta property=\"og:type\" content=\"article\" \/>\n<meta property=\"og:title\" content=\"Recovery Banana &amp; Mango 500 gr - E-Power\" \/>\n<meta property=\"og:description\" content=\"TORQ Recovery Drink is ontworpen om te werken als onderdeel van het zeer uitgebreide en grondige TORQ Recovery System. Dit systeem houdt rekening met...\" \/>\n<meta property=\"og:url\" content=\"https:\/\/www.torq.nl\/it\/prodotto\/recovery-banana-mango-500-gr\/\" \/>\n<meta property=\"og:site_name\" content=\"E-Power\" \/>\n<meta property=\"article:publisher\" content=\"https:\/\/www.facebook.com\/epowersport\/\" \/>\n<meta property=\"article:modified_time\" content=\"2026-04-29T10:12:09+00:00\" \/>\n<meta property=\"og:image\" content=\"https:\/\/www.torq.nl\/wp-content\/uploads\/2021\/07\/BananaMango-2-1030x1030.png\" \/>\n\t<meta property=\"og:image:width\" content=\"1030\" \/>\n\t<meta property=\"og:image:height\" content=\"1030\" \/>\n\t<meta property=\"og:image:type\" content=\"image\/png\" \/>\n<meta name=\"twitter:card\" content=\"summary_large_image\" \/>\n<meta name=\"twitter:site\" content=\"@foodgroupbv\" \/>\n<meta name=\"twitter:label1\" content=\"Tempo di lettura stimato\" \/>\n\t<meta name=\"twitter:data1\" content=\"1 minuto\" \/>\n<script type=\"application\/ld+json\" class=\"yoast-schema-graph\">{\"@context\":\"https:\\\/\\\/schema.org\",\"@graph\":[{\"@type\":\"WebPage\",\"@id\":\"https:\\\/\\\/www.torq.nl\\\/product\\\/recovery-banana-mango-500-gr\\\/\",\"url\":\"https:\\\/\\\/www.torq.nl\\\/product\\\/recovery-banana-mango-500-gr\\\/\",\"name\":\"Recovery Banana & Mango 500 gr - E-Power\",\"isPartOf\":{\"@id\":\"https:\\\/\\\/www.torq.nl\\\/#website\"},\"primaryImageOfPage\":{\"@id\":\"https:\\\/\\\/www.torq.nl\\\/product\\\/recovery-banana-mango-500-gr\\\/#primaryimage\"},\"image\":{\"@id\":\"https:\\\/\\\/www.torq.nl\\\/product\\\/recovery-banana-mango-500-gr\\\/#primaryimage\"},\"thumbnailUrl\":\"https:\\\/\\\/www.torq.nl\\\/wp-content\\\/uploads\\\/2021\\\/07\\\/BananaMango-2.png\",\"datePublished\":\"2021-07-10T21:34:36+00:00\",\"dateModified\":\"2026-04-29T10:12:09+00:00\",\"description\":\"TORQ Recovery Drink is ontworpen om te werken als onderdeel van het zeer uitgebreide en grondige TORQ Recovery System. Dit systeem houdt rekening met...\",\"breadcrumb\":{\"@id\":\"https:\\\/\\\/www.torq.nl\\\/product\\\/recovery-banana-mango-500-gr\\\/#breadcrumb\"},\"inLanguage\":\"it-IT\",\"potentialAction\":[{\"@type\":\"ReadAction\",\"target\":[\"https:\\\/\\\/www.torq.nl\\\/product\\\/recovery-banana-mango-500-gr\\\/\"]}]},{\"@type\":\"ImageObject\",\"inLanguage\":\"it-IT\",\"@id\":\"https:\\\/\\\/www.torq.nl\\\/product\\\/recovery-banana-mango-500-gr\\\/#primaryimage\",\"url\":\"https:\\\/\\\/www.torq.nl\\\/wp-content\\\/uploads\\\/2021\\\/07\\\/BananaMango-2.png\",\"contentUrl\":\"https:\\\/\\\/www.torq.nl\\\/wp-content\\\/uploads\\\/2021\\\/07\\\/BananaMango-2.png\",\"width\":2560,\"height\":2560,\"caption\":\"Recovery Banana & Mango 500 gram\"},{\"@type\":\"BreadcrumbList\",\"@id\":\"https:\\\/\\\/www.torq.nl\\\/product\\\/recovery-banana-mango-500-gr\\\/#breadcrumb\",\"itemListElement\":[{\"@type\":\"ListItem\",\"position\":1,\"name\":\"Home\",\"item\":\"https:\\\/\\\/www.torq.nl\\\/home\\\/\"},{\"@type\":\"ListItem\",\"position\":2,\"name\":\"Winkel\",\"item\":\"https:\\\/\\\/www.torq.nl\\\/it\\\/winkel\\\/\"},{\"@type\":\"ListItem\",\"position\":3,\"name\":\"Recovery Banana &#038; Mango 500 gr\"}]},{\"@type\":\"WebSite\",\"@id\":\"https:\\\/\\\/www.torq.nl\\\/#website\",\"url\":\"https:\\\/\\\/www.torq.nl\\\/\",\"name\":\"E-Power\",\"description\":\"Officieel Torq dealer Benelux\",\"publisher\":{\"@id\":\"https:\\\/\\\/www.torq.nl\\\/#organization\"},\"potentialAction\":[{\"@type\":\"SearchAction\",\"target\":{\"@type\":\"EntryPoint\",\"urlTemplate\":\"https:\\\/\\\/www.torq.nl\\\/?s={search_term_string}\"},\"query-input\":{\"@type\":\"PropertyValueSpecification\",\"valueRequired\":true,\"valueName\":\"search_term_string\"}}],\"inLanguage\":\"it-IT\"},{\"@type\":\"Organization\",\"@id\":\"https:\\\/\\\/www.torq.nl\\\/#organization\",\"name\":\"E-Power\",\"url\":\"https:\\\/\\\/www.torq.nl\\\/\",\"logo\":{\"@type\":\"ImageObject\",\"inLanguage\":\"it-IT\",\"@id\":\"https:\\\/\\\/www.torq.nl\\\/#\\\/schema\\\/logo\\\/image\\\/\",\"url\":\"https:\\\/\\\/www.torq.nl\\\/wp-content\\\/uploads\\\/2021\\\/04\\\/Logo-epower.png\",\"contentUrl\":\"https:\\\/\\\/www.torq.nl\\\/wp-content\\\/uploads\\\/2021\\\/04\\\/Logo-epower.png\",\"width\":506,\"height\":200,\"caption\":\"E-Power\"},\"image\":{\"@id\":\"https:\\\/\\\/www.torq.nl\\\/#\\\/schema\\\/logo\\\/image\\\/\"},\"sameAs\":[\"https:\\\/\\\/www.facebook.com\\\/epowersport\\\/\",\"https:\\\/\\\/x.com\\\/foodgroupbv\"]}]}<\/script>\n<!-- \/ Yoast SEO plugin. -->","yoast_head_json":{"title":"Recovery Banana & Mango 500 gr - E-Power","description":"TORQ Recovery Drink is ontworpen om te werken als onderdeel van het zeer uitgebreide en grondige TORQ Recovery System. Dit systeem houdt rekening met...","robots":{"index":"index","follow":"follow","max-snippet":"max-snippet:-1","max-image-preview":"max-image-preview:large","max-video-preview":"max-video-preview:-1"},"canonical":"https:\/\/www.torq.nl\/it\/prodotto\/recovery-banana-mango-500-gr\/","og_locale":"it_IT","og_type":"article","og_title":"Recovery Banana & Mango 500 gr - E-Power","og_description":"TORQ Recovery Drink is ontworpen om te werken als onderdeel van het zeer uitgebreide en grondige TORQ Recovery System. Dit systeem houdt rekening met...","og_url":"https:\/\/www.torq.nl\/it\/prodotto\/recovery-banana-mango-500-gr\/","og_site_name":"E-Power","article_publisher":"https:\/\/www.facebook.com\/epowersport\/","article_modified_time":"2026-04-29T10:12:09+00:00","og_image":[{"width":1030,"height":1030,"url":"https:\/\/www.torq.nl\/wp-content\/uploads\/2021\/07\/BananaMango-2-1030x1030.png","type":"image\/png"}],"twitter_card":"summary_large_image","twitter_site":"@foodgroupbv","twitter_misc":{"Tempo di lettura stimato":"1 minuto"},"schema":{"@context":"https:\/\/schema.org","@graph":[{"@type":"WebPage","@id":"https:\/\/www.torq.nl\/product\/recovery-banana-mango-500-gr\/","url":"https:\/\/www.torq.nl\/product\/recovery-banana-mango-500-gr\/","name":"Recovery Banana & Mango 500 gr - E-Power","isPartOf":{"@id":"https:\/\/www.torq.nl\/#website"},"primaryImageOfPage":{"@id":"https:\/\/www.torq.nl\/product\/recovery-banana-mango-500-gr\/#primaryimage"},"image":{"@id":"https:\/\/www.torq.nl\/product\/recovery-banana-mango-500-gr\/#primaryimage"},"thumbnailUrl":"https:\/\/www.torq.nl\/wp-content\/uploads\/2021\/07\/BananaMango-2.png","datePublished":"2021-07-10T21:34:36+00:00","dateModified":"2026-04-29T10:12:09+00:00","description":"TORQ Recovery Drink is ontworpen om te werken als onderdeel van het zeer uitgebreide en grondige TORQ Recovery System. Dit systeem houdt rekening met...","breadcrumb":{"@id":"https:\/\/www.torq.nl\/product\/recovery-banana-mango-500-gr\/#breadcrumb"},"inLanguage":"it-IT","potentialAction":[{"@type":"ReadAction","target":["https:\/\/www.torq.nl\/product\/recovery-banana-mango-500-gr\/"]}]},{"@type":"ImageObject","inLanguage":"it-IT","@id":"https:\/\/www.torq.nl\/product\/recovery-banana-mango-500-gr\/#primaryimage","url":"https:\/\/www.torq.nl\/wp-content\/uploads\/2021\/07\/BananaMango-2.png","contentUrl":"https:\/\/www.torq.nl\/wp-content\/uploads\/2021\/07\/BananaMango-2.png","width":2560,"height":2560,"caption":"Recovery Banana & Mango 500 gram"},{"@type":"BreadcrumbList","@id":"https:\/\/www.torq.nl\/product\/recovery-banana-mango-500-gr\/#breadcrumb","itemListElement":[{"@type":"ListItem","position":1,"name":"Home","item":"https:\/\/www.torq.nl\/home\/"},{"@type":"ListItem","position":2,"name":"Winkel","item":"https:\/\/www.torq.nl\/it\/winkel\/"},{"@type":"ListItem","position":3,"name":"Recovery Banana &#038; Mango 500 gr"}]},{"@type":"WebSite","@id":"https:\/\/www.torq.nl\/#website","url":"https:\/\/www.torq.nl\/","name":"E-Power","description":"Rivenditore ufficiale Torq Benelux","publisher":{"@id":"https:\/\/www.torq.nl\/#organization"},"potentialAction":[{"@type":"SearchAction","target":{"@type":"EntryPoint","urlTemplate":"https:\/\/www.torq.nl\/?s={search_term_string}"},"query-input":{"@type":"PropertyValueSpecification","valueRequired":true,"valueName":"search_term_string"}}],"inLanguage":"it-IT"},{"@type":"Organization","@id":"https:\/\/www.torq.nl\/#organization","name":"E-Power","url":"https:\/\/www.torq.nl\/","logo":{"@type":"ImageObject","inLanguage":"it-IT","@id":"https:\/\/www.torq.nl\/#\/schema\/logo\/image\/","url":"https:\/\/www.torq.nl\/wp-content\/uploads\/2021\/04\/Logo-epower.png","contentUrl":"https:\/\/www.torq.nl\/wp-content\/uploads\/2021\/04\/Logo-epower.png","width":506,"height":200,"caption":"E-Power"},"image":{"@id":"https:\/\/www.torq.nl\/#\/schema\/logo\/image\/"},"sameAs":["https:\/\/www.facebook.com\/epowersport\/","https:\/\/x.com\/foodgroupbv"]}]}},"_links":{"self":[{"href":"https:\/\/www.torq.nl\/it\/wp-json\/wp\/v2\/product\/595","targetHints":{"allow":["GET"]}}],"collection":[{"href":"https:\/\/www.torq.nl\/it\/wp-json\/wp\/v2\/product"}],"about":[{"href":"https:\/\/www.torq.nl\/it\/wp-json\/wp\/v2\/types\/product"}],"wp:featuredmedia":[{"embeddable":true,"href":"https:\/\/www.torq.nl\/it\/wp-json\/wp\/v2\/media\/4459"}],"wp:attachment":[{"href":"https:\/\/www.torq.nl\/it\/wp-json\/wp\/v2\/media?parent=595"}],"wp:term":[{"taxonomy":"product_brand","embeddable":true,"href":"https:\/\/www.torq.nl\/it\/wp-json\/wp\/v2\/product_brand?post=595"},{"taxonomy":"product_cat","embeddable":true,"href":"https:\/\/www.torq.nl\/it\/wp-json\/wp\/v2\/product_cat?post=595"},{"taxonomy":"product_tag","embeddable":true,"href":"https:\/\/www.torq.nl\/it\/wp-json\/wp\/v2\/product_tag?post=595"}],"curies":[{"name":"wp","href":"https:\/\/api.w.org\/{rel}","templated":true}]}}