{"id":746,"date":"2021-08-19T19:47:37","date_gmt":"2021-08-19T17:47:37","guid":{"rendered":"https:\/\/www.e-powersport.eu\/?post_type=product&#038;p=746"},"modified":"2026-02-12T11:26:36","modified_gmt":"2026-02-12T10:26:36","slug":"vegan-creamy-cocoa-500-gr","status":"publish","type":"product","link":"https:\/\/www.torq.nl\/it\/prodotto\/vegan-creamy-cocoa-500-gr\/","title":{"rendered":"Vegan Recovery Cremoso Cacao 500 gr"},"content":{"rendered":"<div class=\"FFpbKc\">\n<p>Consideriamo la bevanda di recupero a base di siero di latte non vegana di TORQ la formulazione pi\u00f9 completa ed efficace del suo genere oggi sul mercato e la nostra versione vegana condivide la stessa tecnologia. Non scendiamo a compromessi, motivo per cui abbiamo utilizzato proteine di piselli vegetali di altissima qualit\u00e0 invece di fonti proteiche vegetali di qualit\u00e0 inferiore e meno efficaci. Il D-Ribosio e l&#039;L-Glutammina sono micronutrienti estremamente potenti che aggiungono un arricchimento senza precedenti a queste miscele di recupero.<\/p>\n<p>A queste formulazioni non vengono aggiunti aromi o colori. La miscela Creamy Cocoa utilizza cacao in polvere per aromatizzarla e la miscela Robust &amp; Fruity si basa sugli aromi naturali del succo d&#039;arancia che mescoli con essa.<\/p>\n<p>Come la nostra bevanda rigenerante a base di siero di latte, TORQ Vegan Recovery rappresenta una miscela 3:1 di carboidrati e proteine di alta qualit\u00e0. \u00c8 generalmente accettato che il consumo di carboidrati e proteine in un rapporto di 3:1 subito dopo l&#039;esercizio accelerer\u00e0 la sintesi del glicogeno. In altre parole, l&#039;aggiunta di proteine di alta qualit\u00e0 ti aiuter\u00e0 a immagazzinare i carboidrati in modo pi\u00f9 efficace rispetto al consumo di carboidrati da soli. \u00c8 anche generalmente accettato che la proteina dei piselli (in termini di qualit\u00e0 e funzionalit\u00e0) sia la proteina vegetale pi\u00f9 vicina alle proteine del siero di latte. \u00c8 la proteina vegetale ad azione pi\u00f9 rapida, pi\u00f9 solubile e pi\u00f9 facilmente assorbibile\/sintetizzata, quindi fornisce gli aminoacidi necessari per il recupero muscolare con poco ritardo.<\/p>\n<p>\u00c8 anche essenziale consumare TORQ Vegan Recovery entro 15 minuti dal completamento della formazione per sfruttare la finestra di opportunit\u00e0 di stoccaggio del glicogeno. Questa \u00e8 chiamata la &quot;fase non insulinica&quot; dell&#039;assorbimento dei carboidrati.<\/p>\n<h3>Cremoso al cacao<\/h3>\n<p>Ingredienti: isolato proteico di piselli, maltodestrina (polimeri di glucosio), destrosio, ribosio (3.1%), glutammina (6.3%), cacao in polvere.<\/p>\n<\/div>","protected":false},"excerpt":{"rendered":"<div class=\"FFpbKc\"><span style=\"font-size: 16px;\">TORQ Vegan Recovery Drink \u00e8 una formulazione di bevanda nutritiva post-allenamento altamente avanzata progettata per reidratare, rifornire di carburante, riparare e ricaricare la fisiologia stanca dopo un intenso esercizio fisico.<\/span><\/div>\n<p>&nbsp;<\/p>","protected":false},"featured_media":34721,"template":"","meta":{"_monsterinsights_skip_tracking":false,"_monsterinsights_sitenote_active":false,"_monsterinsights_sitenote_note":"","_monsterinsights_sitenote_category":0},"product_brand":[],"product_cat":[31,45,15,46],"product_tag":[],"class_list":{"0":"post-746","1":"product","2":"type-product","3":"status-publish","4":"has-post-thumbnail","6":"product_cat-recovery-system","7":"product_cat-torq-recovery-drink","8":"product_cat-torq-sportvoeding","9":"product_cat-torq-vegan-recovery-drink","11":"first","12":"instock","13":"taxable","14":"shipping-taxable","15":"purchasable","16":"product-type-simple"},"yoast_head":"<!-- This site is optimized with the Yoast SEO plugin v27.3 - https:\/\/yoast.com\/product\/yoast-seo-wordpress\/ -->\n<title>Vegan Recovery Creamy Cocoa 500 gr - E-Power<\/title>\n<meta name=\"description\" content=\"We beschouwen TORQ&#039;s niet-veganistische op Whey gebaseerde Recovery Drink als de meest grondige en effectieve formulering in zijn soort\" \/>\n<meta name=\"robots\" content=\"index, follow, max-snippet:-1, max-image-preview:large, max-video-preview:-1\" \/>\n<link rel=\"canonical\" href=\"https:\/\/www.torq.nl\/it\/prodotto\/vegan-creamy-cocoa-500-gr\/\" \/>\n<meta property=\"og:locale\" content=\"it_IT\" \/>\n<meta property=\"og:type\" content=\"article\" \/>\n<meta property=\"og:title\" content=\"Vegan Recovery Creamy Cocoa 500 gr - E-Power\" \/>\n<meta property=\"og:description\" content=\"We beschouwen TORQ&#039;s niet-veganistische op Whey gebaseerde Recovery Drink als de meest grondige en effectieve formulering in zijn soort\" \/>\n<meta property=\"og:url\" content=\"https:\/\/www.torq.nl\/it\/prodotto\/vegan-creamy-cocoa-500-gr\/\" \/>\n<meta property=\"og:site_name\" content=\"E-Power\" \/>\n<meta property=\"article:publisher\" content=\"https:\/\/www.facebook.com\/epowersport\/\" \/>\n<meta property=\"article:modified_time\" content=\"2026-02-12T10:26:36+00:00\" \/>\n<meta property=\"og:image\" content=\"https:\/\/www.torq.nl\/wp-content\/uploads\/2021\/08\/creamy-cocoa-500g-min.png\" \/>\n\t<meta property=\"og:image:width\" content=\"2560\" \/>\n\t<meta property=\"og:image:height\" content=\"2560\" \/>\n\t<meta property=\"og:image:type\" content=\"image\/png\" \/>\n<meta name=\"twitter:card\" content=\"summary_large_image\" \/>\n<meta name=\"twitter:site\" content=\"@foodgroupbv\" \/>\n<meta name=\"twitter:label1\" content=\"Tempo di lettura stimato\" \/>\n\t<meta name=\"twitter:data1\" content=\"2 minuti\" \/>\n<script type=\"application\/ld+json\" class=\"yoast-schema-graph\">{\"@context\":\"https:\\\/\\\/schema.org\",\"@graph\":[{\"@type\":\"WebPage\",\"@id\":\"https:\\\/\\\/www.torq.nl\\\/product\\\/vegan-creamy-cocoa-500-gr\\\/\",\"url\":\"https:\\\/\\\/www.torq.nl\\\/product\\\/vegan-creamy-cocoa-500-gr\\\/\",\"name\":\"Vegan Recovery Creamy Cocoa 500 gr - E-Power\",\"isPartOf\":{\"@id\":\"https:\\\/\\\/www.torq.nl\\\/#website\"},\"primaryImageOfPage\":{\"@id\":\"https:\\\/\\\/www.torq.nl\\\/product\\\/vegan-creamy-cocoa-500-gr\\\/#primaryimage\"},\"image\":{\"@id\":\"https:\\\/\\\/www.torq.nl\\\/product\\\/vegan-creamy-cocoa-500-gr\\\/#primaryimage\"},\"thumbnailUrl\":\"https:\\\/\\\/www.torq.nl\\\/wp-content\\\/uploads\\\/2021\\\/08\\\/creamy-cocoa-500g-min.png\",\"datePublished\":\"2021-08-19T17:47:37+00:00\",\"dateModified\":\"2026-02-12T10:26:36+00:00\",\"description\":\"We beschouwen TORQ's niet-veganistische op Whey gebaseerde Recovery Drink als de meest grondige en effectieve formulering in zijn soort\",\"breadcrumb\":{\"@id\":\"https:\\\/\\\/www.torq.nl\\\/product\\\/vegan-creamy-cocoa-500-gr\\\/#breadcrumb\"},\"inLanguage\":\"it-IT\",\"potentialAction\":[{\"@type\":\"ReadAction\",\"target\":[\"https:\\\/\\\/www.torq.nl\\\/product\\\/vegan-creamy-cocoa-500-gr\\\/\"]}]},{\"@type\":\"ImageObject\",\"inLanguage\":\"it-IT\",\"@id\":\"https:\\\/\\\/www.torq.nl\\\/product\\\/vegan-creamy-cocoa-500-gr\\\/#primaryimage\",\"url\":\"https:\\\/\\\/www.torq.nl\\\/wp-content\\\/uploads\\\/2021\\\/08\\\/creamy-cocoa-500g-min.png\",\"contentUrl\":\"https:\\\/\\\/www.torq.nl\\\/wp-content\\\/uploads\\\/2021\\\/08\\\/creamy-cocoa-500g-min.png\",\"width\":2560,\"height\":2560,\"caption\":\"torq-vegan-recovery-drink-creamy-cocoa-500g\"},{\"@type\":\"BreadcrumbList\",\"@id\":\"https:\\\/\\\/www.torq.nl\\\/product\\\/vegan-creamy-cocoa-500-gr\\\/#breadcrumb\",\"itemListElement\":[{\"@type\":\"ListItem\",\"position\":1,\"name\":\"Home\",\"item\":\"https:\\\/\\\/www.torq.nl\\\/home\\\/\"},{\"@type\":\"ListItem\",\"position\":2,\"name\":\"Winkel\",\"item\":\"https:\\\/\\\/www.torq.nl\\\/it\\\/winkel\\\/\"},{\"@type\":\"ListItem\",\"position\":3,\"name\":\"Vegan Recovery Creamy Cocoa 500 gr\"}]},{\"@type\":\"WebSite\",\"@id\":\"https:\\\/\\\/www.torq.nl\\\/#website\",\"url\":\"https:\\\/\\\/www.torq.nl\\\/\",\"name\":\"E-Power\",\"description\":\"Officieel Torq dealer Benelux\",\"publisher\":{\"@id\":\"https:\\\/\\\/www.torq.nl\\\/#organization\"},\"potentialAction\":[{\"@type\":\"SearchAction\",\"target\":{\"@type\":\"EntryPoint\",\"urlTemplate\":\"https:\\\/\\\/www.torq.nl\\\/?s={search_term_string}\"},\"query-input\":{\"@type\":\"PropertyValueSpecification\",\"valueRequired\":true,\"valueName\":\"search_term_string\"}}],\"inLanguage\":\"it-IT\"},{\"@type\":\"Organization\",\"@id\":\"https:\\\/\\\/www.torq.nl\\\/#organization\",\"name\":\"E-Power\",\"url\":\"https:\\\/\\\/www.torq.nl\\\/\",\"logo\":{\"@type\":\"ImageObject\",\"inLanguage\":\"it-IT\",\"@id\":\"https:\\\/\\\/www.torq.nl\\\/#\\\/schema\\\/logo\\\/image\\\/\",\"url\":\"https:\\\/\\\/www.torq.nl\\\/wp-content\\\/uploads\\\/2021\\\/04\\\/Logo-epower.png\",\"contentUrl\":\"https:\\\/\\\/www.torq.nl\\\/wp-content\\\/uploads\\\/2021\\\/04\\\/Logo-epower.png\",\"width\":506,\"height\":200,\"caption\":\"E-Power\"},\"image\":{\"@id\":\"https:\\\/\\\/www.torq.nl\\\/#\\\/schema\\\/logo\\\/image\\\/\"},\"sameAs\":[\"https:\\\/\\\/www.facebook.com\\\/epowersport\\\/\",\"https:\\\/\\\/x.com\\\/foodgroupbv\"]}]}<\/script>\n<!-- \/ Yoast SEO plugin. -->","yoast_head_json":{"title":"Vegan Recovery Creamy Cocoa 500 gr - E-Power","description":"Consideriamo la bevanda di recupero a base di siero di latte non vegana di TORQ la formulazione pi\u00f9 completa ed efficace del suo genere","robots":{"index":"index","follow":"follow","max-snippet":"max-snippet:-1","max-image-preview":"max-image-preview:large","max-video-preview":"max-video-preview:-1"},"canonical":"https:\/\/www.torq.nl\/it\/prodotto\/vegan-creamy-cocoa-500-gr\/","og_locale":"it_IT","og_type":"article","og_title":"Vegan Recovery Creamy Cocoa 500 gr - E-Power","og_description":"We beschouwen TORQ's niet-veganistische op Whey gebaseerde Recovery Drink als de meest grondige en effectieve formulering in zijn soort","og_url":"https:\/\/www.torq.nl\/it\/prodotto\/vegan-creamy-cocoa-500-gr\/","og_site_name":"E-Power","article_publisher":"https:\/\/www.facebook.com\/epowersport\/","article_modified_time":"2026-02-12T10:26:36+00:00","og_image":[{"width":2560,"height":2560,"url":"https:\/\/www.torq.nl\/wp-content\/uploads\/2021\/08\/creamy-cocoa-500g-min.png","type":"image\/png"}],"twitter_card":"summary_large_image","twitter_site":"@foodgroupbv","twitter_misc":{"Tempo di lettura stimato":"2 minuti"},"schema":{"@context":"https:\/\/schema.org","@graph":[{"@type":"WebPage","@id":"https:\/\/www.torq.nl\/product\/vegan-creamy-cocoa-500-gr\/","url":"https:\/\/www.torq.nl\/product\/vegan-creamy-cocoa-500-gr\/","name":"Vegan Recovery Creamy Cocoa 500 gr - E-Power","isPartOf":{"@id":"https:\/\/www.torq.nl\/#website"},"primaryImageOfPage":{"@id":"https:\/\/www.torq.nl\/product\/vegan-creamy-cocoa-500-gr\/#primaryimage"},"image":{"@id":"https:\/\/www.torq.nl\/product\/vegan-creamy-cocoa-500-gr\/#primaryimage"},"thumbnailUrl":"https:\/\/www.torq.nl\/wp-content\/uploads\/2021\/08\/creamy-cocoa-500g-min.png","datePublished":"2021-08-19T17:47:37+00:00","dateModified":"2026-02-12T10:26:36+00:00","description":"Consideriamo la bevanda di recupero a base di siero di latte non vegana di TORQ la formulazione pi\u00f9 completa ed efficace del suo genere","breadcrumb":{"@id":"https:\/\/www.torq.nl\/product\/vegan-creamy-cocoa-500-gr\/#breadcrumb"},"inLanguage":"it-IT","potentialAction":[{"@type":"ReadAction","target":["https:\/\/www.torq.nl\/product\/vegan-creamy-cocoa-500-gr\/"]}]},{"@type":"ImageObject","inLanguage":"it-IT","@id":"https:\/\/www.torq.nl\/product\/vegan-creamy-cocoa-500-gr\/#primaryimage","url":"https:\/\/www.torq.nl\/wp-content\/uploads\/2021\/08\/creamy-cocoa-500g-min.png","contentUrl":"https:\/\/www.torq.nl\/wp-content\/uploads\/2021\/08\/creamy-cocoa-500g-min.png","width":2560,"height":2560,"caption":"torq-vegan-recovery-drink-creamy-cocoa-500g"},{"@type":"BreadcrumbList","@id":"https:\/\/www.torq.nl\/product\/vegan-creamy-cocoa-500-gr\/#breadcrumb","itemListElement":[{"@type":"ListItem","position":1,"name":"Home","item":"https:\/\/www.torq.nl\/home\/"},{"@type":"ListItem","position":2,"name":"Winkel","item":"https:\/\/www.torq.nl\/it\/winkel\/"},{"@type":"ListItem","position":3,"name":"Vegan Recovery Creamy Cocoa 500 gr"}]},{"@type":"WebSite","@id":"https:\/\/www.torq.nl\/#website","url":"https:\/\/www.torq.nl\/","name":"E-Power","description":"Rivenditore ufficiale Torq Benelux","publisher":{"@id":"https:\/\/www.torq.nl\/#organization"},"potentialAction":[{"@type":"SearchAction","target":{"@type":"EntryPoint","urlTemplate":"https:\/\/www.torq.nl\/?s={search_term_string}"},"query-input":{"@type":"PropertyValueSpecification","valueRequired":true,"valueName":"search_term_string"}}],"inLanguage":"it-IT"},{"@type":"Organization","@id":"https:\/\/www.torq.nl\/#organization","name":"E-Power","url":"https:\/\/www.torq.nl\/","logo":{"@type":"ImageObject","inLanguage":"it-IT","@id":"https:\/\/www.torq.nl\/#\/schema\/logo\/image\/","url":"https:\/\/www.torq.nl\/wp-content\/uploads\/2021\/04\/Logo-epower.png","contentUrl":"https:\/\/www.torq.nl\/wp-content\/uploads\/2021\/04\/Logo-epower.png","width":506,"height":200,"caption":"E-Power"},"image":{"@id":"https:\/\/www.torq.nl\/#\/schema\/logo\/image\/"},"sameAs":["https:\/\/www.facebook.com\/epowersport\/","https:\/\/x.com\/foodgroupbv"]}]}},"_links":{"self":[{"href":"https:\/\/www.torq.nl\/it\/wp-json\/wp\/v2\/product\/746","targetHints":{"allow":["GET"]}}],"collection":[{"href":"https:\/\/www.torq.nl\/it\/wp-json\/wp\/v2\/product"}],"about":[{"href":"https:\/\/www.torq.nl\/it\/wp-json\/wp\/v2\/types\/product"}],"wp:featuredmedia":[{"embeddable":true,"href":"https:\/\/www.torq.nl\/it\/wp-json\/wp\/v2\/media\/34721"}],"wp:attachment":[{"href":"https:\/\/www.torq.nl\/it\/wp-json\/wp\/v2\/media?parent=746"}],"wp:term":[{"taxonomy":"product_brand","embeddable":true,"href":"https:\/\/www.torq.nl\/it\/wp-json\/wp\/v2\/product_brand?post=746"},{"taxonomy":"product_cat","embeddable":true,"href":"https:\/\/www.torq.nl\/it\/wp-json\/wp\/v2\/product_cat?post=746"},{"taxonomy":"product_tag","embeddable":true,"href":"https:\/\/www.torq.nl\/it\/wp-json\/wp\/v2\/product_tag?post=746"}],"curies":[{"name":"wp","href":"https:\/\/api.w.org\/{rel}","templated":true}]}}